{"id":1684,"date":"2023-11-11T13:06:23","date_gmt":"2023-11-11T13:06:23","guid":{"rendered":"https:\/\/exceladvisor.org\/tr\/en-dusuk-deger\/"},"modified":"2023-12-10T06:04:42","modified_gmt":"2023-12-10T06:04:42","slug":"en-dusuk-deger","status":"publish","type":"page","link":"https:\/\/exceladvisor.org\/tr\/en-dusuk-deger\/","title":{"rendered":"N listesindeki en d\u00fc\u015f\u00fck de\u011fer nas\u0131l bulunur?"},"content":{"rendered":"<div class=\"excel-icerikten-once\" id=\"excel-479998992\"><script type=\"text\/javascript\">\r\n\tatOptions = {\r\n\t\t'key' : 'c1158f160081d6540a8409e6925dab94',\r\n\t\t'format' : 'iframe',\r\n\t\t'height' : 250,\r\n\t\t'width' : 300,\r\n\t\t'params' : {}\r\n\t};\r\n<\/script>\r\n<script type=\"text\/javascript\" src=\"\/\/www.highperformanceformat.com\/c1158f160081d6540a8409e6925dab94\/invoke.js\"><\/script><\/div> <p>Excel&#8217;de bir say\u0131 listesindeki en d\u00fc\u015f\u00fck de\u011ferleri bulmak i\u00e7in K\u00dc\u00c7\u00dcK i\u015flevini kullanman\u0131z gerekir. Bu fonksiyonla sadece listedeki en k\u00fc\u00e7\u00fck de\u011feri de\u011fil ayn\u0131 zamanda 2., 3., 4. ve hatta K&#8217;\u0131nc\u0131 en k\u00fc\u00e7\u00fck de\u011feri de elde edebilirsiniz. <\/p><div class=\"wp-block-image\"><figure class=\"aligncenter size-full is-resized\"><img loading=\"lazy\" decoding=\"async\" class=\"wp-image-79856\" src=\"https:\/\/exceladvisor.org\/wp-content\/uploads\/2023\/08\/1-valeur-la-plus-basse-de-la-liste.png\" sizes=\"auto, \" srcset=\"\" alt=\"listedeki en d\u00fc\u015f\u00fck de\u011fer\" width=\"397\" height=\"511\"><\/figure><\/div><p> Bu dersimizde bu fonksiyonu kullanarak nas\u0131l form\u00fcl yazaca\u011f\u0131m\u0131z\u0131 \u00f6\u011frenece\u011fiz.<\/p><h2 class=\"wp-block-heading\"> En d\u00fc\u015f\u00fck say\u0131y\u0131 elde etmek i\u00e7in Excel form\u00fcl\u00fc<\/h2><p> A\u015fa\u011f\u0131daki ad\u0131mlar\u0131 kullanabilirsiniz:<\/p><ol type=\"1\"><li> \u00d6ncelikle bir h\u00fccreye K\u00dc\u00c7\u00dcK fonksiyonunu girin.<\/li><li> Bundan sonra, ilk arg\u00fcmanda (dizi), say\u0131lar\u0131n listesinin bulundu\u011fu aral\u0131\u011fa bak\u0131n.<\/li><li> Daha sonra ikinci arg\u00fcmana (k) 1 girin \u00e7\u00fcnk\u00fc listedeki <sup>ilk<\/sup> en d\u00fc\u015f\u00fck say\u0131y\u0131 alman\u0131z gerekir.<\/li><li> Sonunda sonucu almak i\u00e7in Enter tu\u015funa bas\u0131n. <\/li><\/ol><div class=\"wp-block-image\"><figure class=\"aligncenter size-full is-resized\"><img loading=\"lazy\" decoding=\"async\" class=\"wp-image-79857\" src=\"https:\/\/exceladvisor.org\/wp-content\/uploads\/2023\/08\/2-petites-fonctions-pour-obtenir-une-valeur-inferieure.png\" sizes=\"auto, \" srcset=\"\" alt=\"daha d\u00fc\u015f\u00fck de\u011fer elde etmek i\u00e7in k\u00fc\u00e7\u00fck i\u015flev\" width=\"456\" height=\"427\"><\/figure><\/div><p> Enter tu\u015funa bast\u0131\u011f\u0131n\u0131zda sonu\u00e7 olarak aral\u0131ktaki en d\u00fc\u015f\u00fck say\u0131 olan 11 de\u011ferini d\u00f6nd\u00fcr\u00fcr. <\/p><div class=\"wp-block-image\"><figure class=\"aligncenter size-full is-resized\"><img loading=\"lazy\" decoding=\"async\" class=\"wp-image-79858\" src=\"https:\/\/exceladvisor.org\/wp-content\/uploads\/2023\/08\/3-petit-resultat-de-fonction.png\" sizes=\"auto, \" srcset=\"\" alt=\"k\u00fc\u00e7\u00fck fonksiyon sonucu\" width=\"470\" height=\"411\"><\/figure><\/div><h2 class=\"wp-block-heading\"> Say\u0131 listesinden n&#8217;inci en d\u00fc\u015f\u00fck de\u011ferleri bulun<\/h2><p> Ve ayn\u0131 listeden n&#8217;inci en k\u00fc\u00e7\u00fck de\u011feri almak istiyorsan\u0131z, fonksiyonun ikinci arg\u00fcman\u0131n\u0131n (k) de\u011ferini de\u011fi\u015ftirmeniz yeterlidir. Diyelim ki 3. en k\u00fc\u00e7\u00fck de\u011feri elde etmek istiyorsunuz, form\u00fcl \u015f\u00f6yle olacakt\u0131r: <\/p><div class=\"wp-block-image\"><figure class=\"aligncenter size-full is-resized\"><img loading=\"lazy\" decoding=\"async\" class=\"wp-image-79859\" src=\"https:\/\/exceladvisor.org\/wp-content\/uploads\/2023\/08\/4-nieme-valeur-la-plus-basse.png\" sizes=\"auto, \" srcset=\"\" alt=\"n'inci en d\u00fc\u015f\u00fck de\u011fer\" width=\"479\" height=\"516\"><\/figure><\/div><pre class=\"wp-block-code\"> <code class=\"language-excel-formula\" lang=\"excel-formula\">=SMALL(A1:A8,3)<\/code><\/pre><p> Listedeki en d\u00fc\u015f\u00fck 3. say\u0131 olan 23 de\u011ferini d\u00f6nd\u00fcr\u00fcr.<\/p><h2 class=\"wp-block-heading\"> En d\u00fc\u015f\u00fck 3 de\u011feri bulun<\/h2><p> \u015eimdi tek h\u00fccrede en d\u00fc\u015f\u00fck \u00fc\u00e7 de\u011feri alman\u0131z gerekti\u011fini varsayal\u0131m. Bunu yapmak i\u00e7in TEXTJOIN i\u015flevini K\u00dc\u00c7\u00dcK ile birle\u015ftirmelisiniz. T\u0131pk\u0131 a\u015fa\u011f\u0131daki \u00f6rnekte oldu\u011fu gibi: <\/p><div class=\"wp-block-image\"><figure class=\"aligncenter size-full is-resized\"><img loading=\"lazy\" decoding=\"async\" class=\"wp-image-79860\" src=\"https:\/\/exceladvisor.org\/wp-content\/uploads\/2023\/08\/5-les-trois-valeurs-les-plus-basses.png\" sizes=\"auto, \" srcset=\"\" alt=\"en d\u00fc\u015f\u00fck \u00fc\u00e7 de\u011fer\" width=\"493\" height=\"424\"><\/figure><\/div><pre class=\"wp-block-code\"><code class=\"language-excel-formula\" lang=\"excel-formula\"> =TEXTJOIN(\",\",TRUE,SMALL(A1:A8,{1,2,3}))<\/code><\/pre><p> SMALL fonksiyonunda listedeki en d\u00fc\u015f\u00fck 3 de\u011feri elde etmek i\u00e7in SMALL&#8217;un k arg\u00fcman\u0131nda {1,2,3} kulland\u0131k. <\/p><div class=\"wp-block-image\"><figure class=\"aligncenter size-full is-resized\"><img loading=\"lazy\" decoding=\"async\" class=\"wp-image-79861\" src=\"https:\/\/exceladvisor.org\/wp-content\/uploads\/2023\/08\/6-petite-fonction-pour-obtenir-les-trois-valeurs-les-plus-basses.png\" sizes=\"auto, \" srcset=\"\" alt=\"\u00fc\u00e7 minimum de\u011fer elde etmek i\u00e7in k\u00fc\u00e7\u00fck i\u015flev\" width=\"487\" height=\"251\"><\/figure><\/div><p> Listedeki en d\u00fc\u015f\u00fck 3 say\u0131 olduklar\u0131 i\u00e7in 11, 12 ve 23 say\u0131s\u0131n\u0131 d\u00f6nd\u00fcr\u00fcr. Art\u0131k bu \u00fc\u00e7 say\u0131y\u0131 tek bir h\u00fccrede tutmal\u0131s\u0131n\u0131z. Bu y\u00fczden TEXTJOIN kullanmal\u0131s\u0131n\u0131z. <\/p><div class=\"wp-block-image\"><figure class=\"aligncenter size-full is-resized\"><img loading=\"lazy\" decoding=\"async\" class=\"wp-image-79862\" src=\"https:\/\/exceladvisor.org\/wp-content\/uploads\/2023\/08\/7-trois-valeurs-les-plus-basses-comme-resultat.png\" sizes=\"auto, \" srcset=\"\" alt=\"sonu\u00e7 olarak en d\u00fc\u015f\u00fck \u00fc\u00e7 de\u011fer\" width=\"440\" height=\"173\"><\/figure><\/div><p> Ve e\u011fer \u00fc\u00e7 de\u011feri de \u00fc\u00e7 farkl\u0131 h\u00fccrede elde etmek istiyorsan\u0131z TEXTJOIN&#8217;i kullanmay\u0131 atlayabilirsiniz. <\/p><div class=\"wp-block-image\"><figure class=\"aligncenter size-full is-resized\"><img loading=\"lazy\" decoding=\"async\" class=\"wp-image-79863\" src=\"https:\/\/exceladvisor.org\/wp-content\/uploads\/2023\/08\/8-trois-valeurs-les-plus-basses-dans-differentes-cellules.png\" sizes=\"auto, \" srcset=\"\" alt=\"farkl\u0131 h\u00fccrelerdeki en d\u00fc\u015f\u00fck \u00fc\u00e7 de\u011fer\" width=\"624\" height=\"259\"><\/figure><\/div><div class=\"gb-container gb-container-52dfcee1 gb-container-sample-file\"><h2 class=\"gb-headline gb-headline-e289c143 gb-headline-text gb-headline-4f7959c2\"> Excel dosyas\u0131n\u0131 al\u0131n<\/h2><p> <a class=\"gb-button gb-button-e88d6bee gb-button-text gb-button-button1\" href=\"https:\/\/exceladvisor.org\/wp-content\/uploads\/2023\/08\/nombre-le-plus-bas.xlsx\" rel=\"nofollow\">\u0130ndirmek<\/a> <\/p><\/div><div class=\"wp-block-group more-tutorials is-layout-flow\"><div class=\"wp-block-group__inner-container\"><h2 class=\"wp-block-heading\"> Daha fazla form\u00fcl<\/h2><ul><li> <a href=\"https:\/\/exceladvisor.org\/tr\/ortalama-maksimum-degerler\/\">Excel&#8217;deki en y\u00fcksek 5 de\u011ferin ortalamas\u0131<\/a><\/li><li> <a href=\"https:\/\/exceladvisor.org\/tr\/varyasyon-katsayisi\/\">Excel&#8217;de varyasyon katsay\u0131s\u0131n\u0131 (CV) hesaplay\u0131n<\/a><\/li><li> <a href=\"https:\/\/exceladvisor.org\/tr\/maksimum-ise\/\">Excel&#8217;de MAX IF<\/a><\/li><li> <a href=\"https:\/\/exceladvisor.org\/tr\/rapor\/\">Excel&#8217;de oran\u0131 h\u0131zla hesaplay\u0131n<\/a><\/li><li> <a href=\"https:\/\/exceladvisor.org\/tr\/en-kucuk-deger-2\/\">Bir h\u00fccre aral\u0131\u011f\u0131ndaki en k\u00fc\u00e7\u00fck de\u011feri bulun (en k\u00fc\u00e7\u00fck say\u0131)<\/a><\/li><\/ul><\/div><\/div>","protected":false},"excerpt":{"rendered":"","protected":false},"author":1,"featured_media":0,"parent":0,"menu_order":0,"comment_status":"open","ping_status":"closed","template":"","meta":{"ub_ctt_via":"","footnotes":""},"class_list":["post-1684","page","type-page","status-publish","hentry"],"featured_image_src":null,"yoast_head":"<!-- This site is optimized with the Yoast SEO plugin v25.4 - https:\/\/yoast.com\/wordpress\/plugins\/seo\/ -->\n<title>N listesindeki en d\u00fc\u015f\u00fck de\u011fer nas\u0131l bulunur?<\/title>\n<meta name=\"description\" content=\"Bu e\u011fitim size bir say\u0131 yata\u011f\u0131ndan en d\u00fc\u015f\u00fck de\u011feri elde etmek i\u00e7in bir Excel form\u00fcl\u00fcn\u00fcn nas\u0131l yaz\u0131laca\u011f\u0131n\u0131 \u00f6\u011fretecektir. Bunu kontrol edelim\u2026\" \/>\n<meta name=\"robots\" content=\"index, follow, max-snippet:-1, max-image-preview:large, max-video-preview:-1\" \/>\n<link rel=\"canonical\" href=\"https:\/\/exceladvisor.org\/tr\/en-dusuk-deger\/\" \/>\n<meta property=\"og:locale\" content=\"tr_TR\" \/>\n<meta property=\"og:type\" content=\"article\" \/>\n<meta property=\"og:title\" content=\"N listesindeki en d\u00fc\u015f\u00fck de\u011fer nas\u0131l bulunur?\" \/>\n<meta property=\"og:description\" content=\"Bu e\u011fitim size bir say\u0131 yata\u011f\u0131ndan en d\u00fc\u015f\u00fck de\u011feri elde etmek i\u00e7in bir Excel form\u00fcl\u00fcn\u00fcn nas\u0131l yaz\u0131laca\u011f\u0131n\u0131 \u00f6\u011fretecektir. Bunu kontrol edelim\u2026\" \/>\n<meta property=\"og:url\" content=\"https:\/\/exceladvisor.org\/tr\/en-dusuk-deger\/\" \/>\n<meta property=\"og:site_name\" content=\"Excel Advisor\" \/>\n<meta property=\"article:modified_time\" content=\"2023-12-10T06:04:42+00:00\" \/>\n<meta property=\"og:image\" content=\"https:\/\/exceladvisor.org\/wp-content\/uploads\/2023\/08\/1-valeur-la-plus-basse-de-la-liste.png\" \/>\n<meta name=\"twitter:card\" content=\"summary_large_image\" \/>\n<meta name=\"twitter:label1\" content=\"Tahmini okuma s\u00fcresi\" \/>\n\t<meta name=\"twitter:data1\" content=\"2 dakika\" \/>\n<script type=\"application\/ld+json\" class=\"yoast-schema-graph\">{\"@context\":\"https:\/\/schema.org\",\"@graph\":[{\"@type\":\"WebPage\",\"@id\":\"https:\/\/exceladvisor.org\/tr\/en-dusuk-deger\/\",\"url\":\"https:\/\/exceladvisor.org\/tr\/en-dusuk-deger\/\",\"name\":\"N listesindeki en d\u00fc\u015f\u00fck de\u011fer nas\u0131l bulunur?\",\"isPartOf\":{\"@id\":\"https:\/\/exceladvisor.org\/tr\/#website\"},\"primaryImageOfPage\":{\"@id\":\"https:\/\/exceladvisor.org\/tr\/en-dusuk-deger\/#primaryimage\"},\"image\":{\"@id\":\"https:\/\/exceladvisor.org\/tr\/en-dusuk-deger\/#primaryimage\"},\"thumbnailUrl\":\"https:\/\/exceladvisor.org\/wp-content\/uploads\/2023\/08\/1-valeur-la-plus-basse-de-la-liste.png\",\"datePublished\":\"2023-11-11T13:06:23+00:00\",\"dateModified\":\"2023-12-10T06:04:42+00:00\",\"description\":\"Bu e\u011fitim size bir say\u0131 yata\u011f\u0131ndan en d\u00fc\u015f\u00fck de\u011feri elde etmek i\u00e7in bir Excel form\u00fcl\u00fcn\u00fcn nas\u0131l yaz\u0131laca\u011f\u0131n\u0131 \u00f6\u011fretecektir. Bunu kontrol edelim\u2026\",\"breadcrumb\":{\"@id\":\"https:\/\/exceladvisor.org\/tr\/en-dusuk-deger\/#breadcrumb\"},\"inLanguage\":\"tr\",\"potentialAction\":[{\"@type\":\"ReadAction\",\"target\":[\"https:\/\/exceladvisor.org\/tr\/en-dusuk-deger\/\"]}]},{\"@type\":\"ImageObject\",\"inLanguage\":\"tr\",\"@id\":\"https:\/\/exceladvisor.org\/tr\/en-dusuk-deger\/#primaryimage\",\"url\":\"https:\/\/exceladvisor.org\/wp-content\/uploads\/2023\/08\/1-valeur-la-plus-basse-de-la-liste.png\",\"contentUrl\":\"https:\/\/exceladvisor.org\/wp-content\/uploads\/2023\/08\/1-valeur-la-plus-basse-de-la-liste.png\"},{\"@type\":\"BreadcrumbList\",\"@id\":\"https:\/\/exceladvisor.org\/tr\/en-dusuk-deger\/#breadcrumb\",\"itemListElement\":[{\"@type\":\"ListItem\",\"position\":1,\"name\":\"Ev\",\"item\":\"https:\/\/exceladvisor.org\/tr\/\"},{\"@type\":\"ListItem\",\"position\":2,\"name\":\"N listesindeki en d\u00fc\u015f\u00fck de\u011fer nas\u0131l bulunur?\"}]},{\"@type\":\"WebSite\",\"@id\":\"https:\/\/exceladvisor.org\/tr\/#website\",\"url\":\"https:\/\/exceladvisor.org\/tr\/\",\"name\":\"Excel Advisor\",\"description\":\"Veri hakimiyetine y\u00f6nelik nihai rehberiniz!\",\"publisher\":{\"@id\":\"https:\/\/exceladvisor.org\/tr\/#organization\"},\"potentialAction\":[{\"@type\":\"SearchAction\",\"target\":{\"@type\":\"EntryPoint\",\"urlTemplate\":\"https:\/\/exceladvisor.org\/tr\/?s={search_term_string}\"},\"query-input\":{\"@type\":\"PropertyValueSpecification\",\"valueRequired\":true,\"valueName\":\"search_term_string\"}}],\"inLanguage\":\"tr\"},{\"@type\":\"Organization\",\"@id\":\"https:\/\/exceladvisor.org\/tr\/#organization\",\"name\":\"Excel Advisor\",\"url\":\"https:\/\/exceladvisor.org\/tr\/\",\"logo\":{\"@type\":\"ImageObject\",\"inLanguage\":\"tr\",\"@id\":\"https:\/\/exceladvisor.org\/tr\/#\/schema\/logo\/image\/\",\"url\":\"https:\/\/exceladvisor.org\/tr\/wp-content\/uploads\/2023\/12\/exceladvisor.org_.png\",\"contentUrl\":\"https:\/\/exceladvisor.org\/tr\/wp-content\/uploads\/2023\/12\/exceladvisor.org_.png\",\"width\":105,\"height\":36,\"caption\":\"Excel Advisor\"},\"image\":{\"@id\":\"https:\/\/exceladvisor.org\/tr\/#\/schema\/logo\/image\/\"}}]}<\/script>\n<!-- \/ Yoast SEO plugin. -->","yoast_head_json":{"title":"N listesindeki en d\u00fc\u015f\u00fck de\u011fer nas\u0131l bulunur?","description":"Bu e\u011fitim size bir say\u0131 yata\u011f\u0131ndan en d\u00fc\u015f\u00fck de\u011feri elde etmek i\u00e7in bir Excel form\u00fcl\u00fcn\u00fcn nas\u0131l yaz\u0131laca\u011f\u0131n\u0131 \u00f6\u011fretecektir. Bunu kontrol edelim\u2026","robots":{"index":"index","follow":"follow","max-snippet":"max-snippet:-1","max-image-preview":"max-image-preview:large","max-video-preview":"max-video-preview:-1"},"canonical":"https:\/\/exceladvisor.org\/tr\/en-dusuk-deger\/","og_locale":"tr_TR","og_type":"article","og_title":"N listesindeki en d\u00fc\u015f\u00fck de\u011fer nas\u0131l bulunur?","og_description":"Bu e\u011fitim size bir say\u0131 yata\u011f\u0131ndan en d\u00fc\u015f\u00fck de\u011feri elde etmek i\u00e7in bir Excel form\u00fcl\u00fcn\u00fcn nas\u0131l yaz\u0131laca\u011f\u0131n\u0131 \u00f6\u011fretecektir. Bunu kontrol edelim\u2026","og_url":"https:\/\/exceladvisor.org\/tr\/en-dusuk-deger\/","og_site_name":"Excel Advisor","article_modified_time":"2023-12-10T06:04:42+00:00","og_image":[{"url":"https:\/\/exceladvisor.org\/wp-content\/uploads\/2023\/08\/1-valeur-la-plus-basse-de-la-liste.png","type":"","width":"","height":""}],"twitter_card":"summary_large_image","twitter_misc":{"Tahmini okuma s\u00fcresi":"2 dakika"},"schema":{"@context":"https:\/\/schema.org","@graph":[{"@type":"WebPage","@id":"https:\/\/exceladvisor.org\/tr\/en-dusuk-deger\/","url":"https:\/\/exceladvisor.org\/tr\/en-dusuk-deger\/","name":"N listesindeki en d\u00fc\u015f\u00fck de\u011fer nas\u0131l bulunur?","isPartOf":{"@id":"https:\/\/exceladvisor.org\/tr\/#website"},"primaryImageOfPage":{"@id":"https:\/\/exceladvisor.org\/tr\/en-dusuk-deger\/#primaryimage"},"image":{"@id":"https:\/\/exceladvisor.org\/tr\/en-dusuk-deger\/#primaryimage"},"thumbnailUrl":"https:\/\/exceladvisor.org\/wp-content\/uploads\/2023\/08\/1-valeur-la-plus-basse-de-la-liste.png","datePublished":"2023-11-11T13:06:23+00:00","dateModified":"2023-12-10T06:04:42+00:00","description":"Bu e\u011fitim size bir say\u0131 yata\u011f\u0131ndan en d\u00fc\u015f\u00fck de\u011feri elde etmek i\u00e7in bir Excel form\u00fcl\u00fcn\u00fcn nas\u0131l yaz\u0131laca\u011f\u0131n\u0131 \u00f6\u011fretecektir. Bunu kontrol edelim\u2026","breadcrumb":{"@id":"https:\/\/exceladvisor.org\/tr\/en-dusuk-deger\/#breadcrumb"},"inLanguage":"tr","potentialAction":[{"@type":"ReadAction","target":["https:\/\/exceladvisor.org\/tr\/en-dusuk-deger\/"]}]},{"@type":"ImageObject","inLanguage":"tr","@id":"https:\/\/exceladvisor.org\/tr\/en-dusuk-deger\/#primaryimage","url":"https:\/\/exceladvisor.org\/wp-content\/uploads\/2023\/08\/1-valeur-la-plus-basse-de-la-liste.png","contentUrl":"https:\/\/exceladvisor.org\/wp-content\/uploads\/2023\/08\/1-valeur-la-plus-basse-de-la-liste.png"},{"@type":"BreadcrumbList","@id":"https:\/\/exceladvisor.org\/tr\/en-dusuk-deger\/#breadcrumb","itemListElement":[{"@type":"ListItem","position":1,"name":"Ev","item":"https:\/\/exceladvisor.org\/tr\/"},{"@type":"ListItem","position":2,"name":"N listesindeki en d\u00fc\u015f\u00fck de\u011fer nas\u0131l bulunur?"}]},{"@type":"WebSite","@id":"https:\/\/exceladvisor.org\/tr\/#website","url":"https:\/\/exceladvisor.org\/tr\/","name":"Excel Advisor","description":"Veri hakimiyetine y\u00f6nelik nihai rehberiniz!","publisher":{"@id":"https:\/\/exceladvisor.org\/tr\/#organization"},"potentialAction":[{"@type":"SearchAction","target":{"@type":"EntryPoint","urlTemplate":"https:\/\/exceladvisor.org\/tr\/?s={search_term_string}"},"query-input":{"@type":"PropertyValueSpecification","valueRequired":true,"valueName":"search_term_string"}}],"inLanguage":"tr"},{"@type":"Organization","@id":"https:\/\/exceladvisor.org\/tr\/#organization","name":"Excel Advisor","url":"https:\/\/exceladvisor.org\/tr\/","logo":{"@type":"ImageObject","inLanguage":"tr","@id":"https:\/\/exceladvisor.org\/tr\/#\/schema\/logo\/image\/","url":"https:\/\/exceladvisor.org\/tr\/wp-content\/uploads\/2023\/12\/exceladvisor.org_.png","contentUrl":"https:\/\/exceladvisor.org\/tr\/wp-content\/uploads\/2023\/12\/exceladvisor.org_.png","width":105,"height":36,"caption":"Excel Advisor"},"image":{"@id":"https:\/\/exceladvisor.org\/tr\/#\/schema\/logo\/image\/"}}]}},"yoast_meta":{"yoast_wpseo_title":"","yoast_wpseo_metadesc":"","yoast_wpseo_canonical":""},"_links":{"self":[{"href":"https:\/\/exceladvisor.org\/tr\/wp-json\/wp\/v2\/pages\/1684","targetHints":{"allow":["GET"]}}],"collection":[{"href":"https:\/\/exceladvisor.org\/tr\/wp-json\/wp\/v2\/pages"}],"about":[{"href":"https:\/\/exceladvisor.org\/tr\/wp-json\/wp\/v2\/types\/page"}],"author":[{"embeddable":true,"href":"https:\/\/exceladvisor.org\/tr\/wp-json\/wp\/v2\/users\/1"}],"replies":[{"embeddable":true,"href":"https:\/\/exceladvisor.org\/tr\/wp-json\/wp\/v2\/comments?post=1684"}],"version-history":[{"count":1,"href":"https:\/\/exceladvisor.org\/tr\/wp-json\/wp\/v2\/pages\/1684\/revisions"}],"predecessor-version":[{"id":2756,"href":"https:\/\/exceladvisor.org\/tr\/wp-json\/wp\/v2\/pages\/1684\/revisions\/2756"}],"wp:attachment":[{"href":"https:\/\/exceladvisor.org\/tr\/wp-json\/wp\/v2\/media?parent=1684"}],"curies":[{"name":"wp","href":"https:\/\/api.w.org\/{rel}","templated":true}]}}