{"id":1685,"date":"2023-11-11T12:56:33","date_gmt":"2023-11-11T12:56:33","guid":{"rendered":"https:\/\/exceladvisor.org\/tr\/1-hucrenin-degeri\/"},"modified":"2023-12-10T06:00:33","modified_gmt":"2023-12-10T06:00:33","slug":"1-hucrenin-degeri","status":"publish","type":"page","link":"https:\/\/exceladvisor.org\/tr\/1-hucrenin-degeri\/","title":{"rendered":"Excel&#39;de bir h\u00fccrenin de\u011ferini al\u0131n"},"content":{"rendered":"<div class=\"excel-icerikten-once\" id=\"excel-3830368018\"><script type=\"text\/javascript\">\r\n\tatOptions = {\r\n\t\t'key' : 'c1158f160081d6540a8409e6925dab94',\r\n\t\t'format' : 'iframe',\r\n\t\t'height' : 250,\r\n\t\t'width' : 300,\r\n\t\t'params' : {}\r\n\t};\r\n<\/script>\r\n<script type=\"text\/javascript\" src=\"\/\/www.highperformanceformat.com\/c1158f160081d6540a8409e6925dab94\/invoke.js\"><\/script><\/div> <p>Excel&#8217;de bir h\u00fccrenin de\u011ferlerini almak i\u00e7in iki farkl\u0131 y\u00f6ntem kullanabilirsiniz. Bu y\u00f6ntemlerde de\u011feri elde etmek i\u00e7in h\u0131zl\u0131 bir form\u00fcl yazman\u0131z gerekir. Bu derste \u015fu form\u00fcllerin nas\u0131l yaz\u0131laca\u011f\u0131n\u0131 \u00f6\u011frenece\u011fiz: <\/p><div class=\"wp-block-image\"><figure class=\"aligncenter size-full is-resized\"><img loading=\"lazy\" decoding=\"async\" class=\"wp-image-79843\" src=\"https:\/\/exceladvisor.org\/wp-content\/uploads\/2023\/08\/1-obtenir-la-valeur-dune-cellule.png\" sizes=\"auto, \" srcset=\"\" alt=\"bir h\u00fccrenin de\u011ferini almak\" width=\"626\" height=\"391\"><\/figure><\/div><h2 id=\"h-use-index-to-get-the-value-from-a-cell-by-referring-to-a-range\" class=\"wp-block-heading\"> Bir aral\u0131\u011fa ba\u015fvurarak bir h\u00fccrenin de\u011ferini elde etmek i\u00e7in INDEX&#8217;i kullan\u0131n<\/h2><p> Bir h\u00fccre aral\u0131\u011f\u0131n\u0131z varsa ve bu aral\u0131ktaki belirli bir h\u00fccreden h\u00fccre de\u011ferini almak istiyorsan\u0131z. INDEX i\u015fleviyle bir aral\u0131k belirleyebilir ve dizin numaras\u0131n\u0131 kullanabilirsiniz; i\u015flev de\u011feri d\u00f6nd\u00fcrecektir.<\/p><p> A\u015fa\u011f\u0131daki \u00f6rnekte A1:A4 aral\u0131\u011f\u0131nda d\u00f6rt de\u011fere sahibiz. Ve de\u011ferleri aral\u0131ktaki ikinci h\u00fccreden alman\u0131z gerekiyor. Bunu yapmak i\u00e7in INDEX i\u015flevini a\u015fa\u011f\u0131daki gibi kullanabilirsiniz: <\/p><pre class=\"wp-block-code\"> <code class=\"language-excel-formula\" lang=\"excel-formula\">=INDEX(A1:A4,2)<\/code><\/pre><div class=\"wp-block-image\"><figure class=\"aligncenter size-full is-resized\"><img loading=\"lazy\" decoding=\"async\" class=\"wp-image-79844\" src=\"https:\/\/exceladvisor.org\/wp-content\/uploads\/2023\/08\/2-fonction-dindex-pour-obtenir-la-valeur.png\" sizes=\"auto, \" srcset=\"\" alt=\"de\u011fer elde edilecek indeks fonksiyonu\" width=\"552\" height=\"296\"><\/figure><\/div><p> Enter tu\u015funa bast\u0131\u011f\u0131n\u0131zda aral\u0131ktaki ikinci h\u00fccre olan A2&#8217;den \u201c\u0130K\u0130\u201d de\u011ferini d\u00f6nd\u00fcr\u00fcr.<\/p><h2 id=\"h-use-a-combination-of-indirect-and-address\" class=\"wp-block-heading\"> DOLAYLI ve ADRES kombinasyonunu kullan\u0131n<\/h2><p> DOLAYLI ve ADRES i\u015flevlerinin birle\u015fimini de kullanabilirsiniz:<\/p><ul><li> DOLAYLI: H\u00fccre adresini belirterek h\u00fccre de\u011ferini alman\u0131z\u0131 sa\u011flar. A1 ve R1C1 referans stillerini kullanabilirsiniz.<\/li><li> ADRES: Sat\u0131r ve s\u00fctun numaras\u0131n\u0131 kullanarak h\u00fccre adresi olu\u015fturman\u0131z\u0131 sa\u011flar. <\/li><\/ul><div class=\"wp-block-image\"><figure class=\"aligncenter size-full is-resized\"><img loading=\"lazy\" decoding=\"async\" class=\"wp-image-79845\" src=\"https:\/\/exceladvisor.org\/wp-content\/uploads\/2023\/08\/3-combinaison-dindirect-et-dadresse.png\" sizes=\"auto, \" srcset=\"\" alt=\"kombinasyon-dolayl\u0131-ve-adres\" width=\"597\" height=\"309\"><\/figure><\/div><p> \u015eimdi bu iki fonksiyonu birle\u015ftirelim:<\/p><ol type=\"1\"><li> \u0130lk \u00f6nce h\u00fccreye dolayl\u0131 fonksiyonu girin.<\/li><li> Daha sonra adres fonksiyonunu girin.<\/li><li> \u015eimdi adres fonksiyonuna sat\u0131r numaras\u0131n\u0131 ve s\u00fctun numaras\u0131n\u0131 girin.<\/li><li> Sonunda form\u00fcl\u00fc kapat\u0131n ve sonucu almak i\u00e7in Enter tu\u015funa bas\u0131n.<\/li><\/ol><p> Ve enter tu\u015funa bast\u0131\u011f\u0131n\u0131zda 2.sat\u0131r ve 1.s\u00fctundaki (A1) h\u00fccrenin de\u011ferini d\u00f6nd\u00fcrecektir. <\/p><div class=\"wp-block-image\"><figure class=\"aligncenter size-full is-resized\"><img loading=\"lazy\" decoding=\"async\" class=\"wp-image-79846\" src=\"https:\/\/exceladvisor.org\/wp-content\/uploads\/2023\/08\/4-resultat-de-la-fonction-dadresse-indirecte.png\" sizes=\"auto, \" srcset=\"\" alt=\"dolayl\u0131 adres fonksiyonunun sonucu\" width=\"669\" height=\"307\"><\/figure><\/div><p> Bu form\u00fcl\u00fc anlamak i\u00e7in onu iki b\u00f6l\u00fcme ay\u0131rman\u0131z gerekir:<\/p><p> <strong>Birinci B\u00f6l\u00fcm:<\/strong> Daha \u00f6nce de g\u00f6rd\u00fc\u011f\u00fcm\u00fcz gibi ADDRESS, belirtti\u011finiz sat\u0131r ve s\u00fctun say\u0131s\u0131na g\u00f6re bir h\u00fccre adresi olu\u015fturur. <\/p><div class=\"wp-block-image\"><figure class=\"aligncenter size-full is-resized\"><img loading=\"lazy\" decoding=\"async\" class=\"wp-image-79847\" src=\"https:\/\/exceladvisor.org\/wp-content\/uploads\/2023\/08\/5-premiere-partie-dindirect-et-dadresse.png\" sizes=\"auto, \" srcset=\"\" alt=\"dolayl\u0131-ve-adresin ilk k\u0131sm\u0131\" width=\"508\" height=\"248\"><\/figure><\/div><p> <strong>\u0130kinci k\u0131s\u0131m:<\/strong> INDIRECT i\u015flevi, ADDRESS i\u015flevi taraf\u0131ndan d\u00f6nd\u00fcr\u00fclen h\u00fccre adresini kullanarak h\u00fccre de\u011ferini d\u00f6nd\u00fcr\u00fcr. <\/p><div class=\"wp-block-image\"><figure class=\"aligncenter size-full is-resized\"><img loading=\"lazy\" decoding=\"async\" class=\"wp-image-79848\" src=\"https:\/\/exceladvisor.org\/wp-content\/uploads\/2023\/08\/6-deuxieme-partie-dindirect-et-dadresse.png\" sizes=\"auto, \" srcset=\"\" alt=\"dolayl\u0131-ve-adresin ikinci k\u0131sm\u0131\" width=\"416\" height=\"256\"><\/figure><\/div><p class=\"qt-tip\"> <strong>Not:<\/strong> INDIRECT, \u00e7al\u0131\u015fma sayfan\u0131zdaki herhangi bir \u015feyi her g\u00fcncelledi\u011finizde de\u011ferini g\u00fcncelleyen ge\u00e7ici bir i\u015flevdir. H\u00fccrenin her zaman g\u00fcncellenmi\u015f de\u011ferine sahip olmak g\u00fczeldir ancak bu ayn\u0131 zamanda Excel&#8217;in biraz daha yava\u015f olmas\u0131na da neden olur. <\/p><div class=\"gb-container gb-container-52dfcee1 gb-container-sample-file\"><h2 class=\"gb-headline gb-headline-e289c143 gb-headline-text gb-headline-4f7959c2\"> Excel dosyas\u0131n\u0131 al\u0131n<\/h2><p> <a class=\"gb-button gb-button-e88d6bee gb-button-text gb-button-button1\" href=\"https:\/\/exceladvisor.org\/wp-content\/uploads\/2023\/08\/obtenir-la-valeur-de-la-cellule.xlsx\" rel=\"nofollow\">\u0130ndirmek<\/a><\/p><\/div><div class=\"gb-container gb-container-0df56012 gb-container-mt\"> <a class=\"gb-button gb-button-f9f432f4 gb-button-text gb-button-mt-button\" href=\"https:\/\/exceladvisor.org\/tr\/formuller\/\">Excel form\u00fcllerinin listesi<\/a><h2 class=\"gb-headline gb-headline-233444e8 gb-headline-text gb-headline-mt-heading\"> \u0130lgili form\u00fcller <\/h2><div class=\"gb-grid-wrapper gb-grid-wrapper-a16fa65c gb-grid-wrapper-mt-grid\"><div class=\"gb-grid-column gb-grid-column-5b4a0cf9\"><div class=\"gb-container gb-container-5b4a0cf9\"><ul><li> <a href=\"https:\/\/exceladvisor.org\/tr\/rastgele-gruplar-olustur\/\">Rastgele gruplar olu\u015ftur<\/a><\/li><li> <a href=\"https:\/\/exceladvisor.org\/tr\/kanallari-karsilastir-2\/\">\u0130ki dizeyi kar\u015f\u0131la\u015ft\u0131r\u0131n (metin)<\/a><\/li><li> <a href=\"https:\/\/exceladvisor.org\/tr\/etki-alani-al\/\">E-posta kimli\u011finden alan ad\u0131n\u0131 al\u0131n<\/a><\/li><li> <a href=\"https:\/\/exceladvisor.org\/tr\/yalnizca-sayilari-cikar\/\">Metinden (dize) yaln\u0131zca say\u0131lar\u0131 \u00e7\u0131kar\u0131n<\/a><\/li><li> <a href=\"https:\/\/exceladvisor.org\/tr\/once-sonra-metin\/\">Excel&#8217;de bir karakterin ard\u0131ndan ve \u00f6ncesindeki metni ay\u0131klama<\/a><\/li><\/ul><\/div><\/div><\/div><\/div>","protected":false},"excerpt":{"rendered":"","protected":false},"author":1,"featured_media":0,"parent":0,"menu_order":0,"comment_status":"open","ping_status":"closed","template":"","meta":{"ub_ctt_via":"","footnotes":""},"class_list":["post-1685","page","type-page","status-publish","hentry"],"featured_image_src":null,"yoast_head":"<!-- This site is optimized with the Yoast SEO plugin v25.4 - https:\/\/yoast.com\/wordpress\/plugins\/seo\/ -->\n<title>Excel&#039;de bir h\u00fccrenin de\u011ferini al\u0131n<\/title>\n<meta name=\"description\" content=\"Bu e\u011fitim size belirli bir h\u00fccrenin de\u011ferini elde etmek i\u00e7in bir Excel form\u00fcl\u00fcn\u00fcn nas\u0131l yaz\u0131laca\u011f\u0131n\u0131 \u00f6\u011fretecektir. Bunu kontrol edelim\u2026\" \/>\n<meta name=\"robots\" content=\"index, follow, max-snippet:-1, max-image-preview:large, max-video-preview:-1\" \/>\n<link rel=\"canonical\" href=\"https:\/\/exceladvisor.org\/tr\/1-hucrenin-degeri\/\" \/>\n<meta property=\"og:locale\" content=\"tr_TR\" \/>\n<meta property=\"og:type\" content=\"article\" \/>\n<meta property=\"og:title\" content=\"Excel&#039;de bir h\u00fccrenin de\u011ferini al\u0131n\" \/>\n<meta property=\"og:description\" content=\"Bu e\u011fitim size belirli bir h\u00fccrenin de\u011ferini elde etmek i\u00e7in bir Excel form\u00fcl\u00fcn\u00fcn nas\u0131l yaz\u0131laca\u011f\u0131n\u0131 \u00f6\u011fretecektir. Bunu kontrol edelim\u2026\" \/>\n<meta property=\"og:url\" content=\"https:\/\/exceladvisor.org\/tr\/1-hucrenin-degeri\/\" \/>\n<meta property=\"og:site_name\" content=\"Excel Advisor\" \/>\n<meta property=\"article:modified_time\" content=\"2023-12-10T06:00:33+00:00\" \/>\n<meta property=\"og:image\" content=\"https:\/\/exceladvisor.org\/wp-content\/uploads\/2023\/08\/1-obtenir-la-valeur-dune-cellule.png\" \/>\n<meta name=\"twitter:card\" content=\"summary_large_image\" \/>\n<meta name=\"twitter:label1\" content=\"Tahmini okuma s\u00fcresi\" \/>\n\t<meta name=\"twitter:data1\" content=\"2 dakika\" \/>\n<script type=\"application\/ld+json\" class=\"yoast-schema-graph\">{\"@context\":\"https:\/\/schema.org\",\"@graph\":[{\"@type\":\"WebPage\",\"@id\":\"https:\/\/exceladvisor.org\/tr\/1-hucrenin-degeri\/\",\"url\":\"https:\/\/exceladvisor.org\/tr\/1-hucrenin-degeri\/\",\"name\":\"Excel&#39;de bir h\u00fccrenin de\u011ferini al\u0131n\",\"isPartOf\":{\"@id\":\"https:\/\/exceladvisor.org\/tr\/#website\"},\"primaryImageOfPage\":{\"@id\":\"https:\/\/exceladvisor.org\/tr\/1-hucrenin-degeri\/#primaryimage\"},\"image\":{\"@id\":\"https:\/\/exceladvisor.org\/tr\/1-hucrenin-degeri\/#primaryimage\"},\"thumbnailUrl\":\"https:\/\/exceladvisor.org\/wp-content\/uploads\/2023\/08\/1-obtenir-la-valeur-dune-cellule.png\",\"datePublished\":\"2023-11-11T12:56:33+00:00\",\"dateModified\":\"2023-12-10T06:00:33+00:00\",\"description\":\"Bu e\u011fitim size belirli bir h\u00fccrenin de\u011ferini elde etmek i\u00e7in bir Excel form\u00fcl\u00fcn\u00fcn nas\u0131l yaz\u0131laca\u011f\u0131n\u0131 \u00f6\u011fretecektir. Bunu kontrol edelim\u2026\",\"breadcrumb\":{\"@id\":\"https:\/\/exceladvisor.org\/tr\/1-hucrenin-degeri\/#breadcrumb\"},\"inLanguage\":\"tr\",\"potentialAction\":[{\"@type\":\"ReadAction\",\"target\":[\"https:\/\/exceladvisor.org\/tr\/1-hucrenin-degeri\/\"]}]},{\"@type\":\"ImageObject\",\"inLanguage\":\"tr\",\"@id\":\"https:\/\/exceladvisor.org\/tr\/1-hucrenin-degeri\/#primaryimage\",\"url\":\"https:\/\/exceladvisor.org\/wp-content\/uploads\/2023\/08\/1-obtenir-la-valeur-dune-cellule.png\",\"contentUrl\":\"https:\/\/exceladvisor.org\/wp-content\/uploads\/2023\/08\/1-obtenir-la-valeur-dune-cellule.png\"},{\"@type\":\"BreadcrumbList\",\"@id\":\"https:\/\/exceladvisor.org\/tr\/1-hucrenin-degeri\/#breadcrumb\",\"itemListElement\":[{\"@type\":\"ListItem\",\"position\":1,\"name\":\"Ev\",\"item\":\"https:\/\/exceladvisor.org\/tr\/\"},{\"@type\":\"ListItem\",\"position\":2,\"name\":\"Excel&#39;de bir h\u00fccrenin de\u011ferini al\u0131n\"}]},{\"@type\":\"WebSite\",\"@id\":\"https:\/\/exceladvisor.org\/tr\/#website\",\"url\":\"https:\/\/exceladvisor.org\/tr\/\",\"name\":\"Excel Advisor\",\"description\":\"Veri hakimiyetine y\u00f6nelik nihai rehberiniz!\",\"publisher\":{\"@id\":\"https:\/\/exceladvisor.org\/tr\/#organization\"},\"potentialAction\":[{\"@type\":\"SearchAction\",\"target\":{\"@type\":\"EntryPoint\",\"urlTemplate\":\"https:\/\/exceladvisor.org\/tr\/?s={search_term_string}\"},\"query-input\":{\"@type\":\"PropertyValueSpecification\",\"valueRequired\":true,\"valueName\":\"search_term_string\"}}],\"inLanguage\":\"tr\"},{\"@type\":\"Organization\",\"@id\":\"https:\/\/exceladvisor.org\/tr\/#organization\",\"name\":\"Excel Advisor\",\"url\":\"https:\/\/exceladvisor.org\/tr\/\",\"logo\":{\"@type\":\"ImageObject\",\"inLanguage\":\"tr\",\"@id\":\"https:\/\/exceladvisor.org\/tr\/#\/schema\/logo\/image\/\",\"url\":\"https:\/\/exceladvisor.org\/tr\/wp-content\/uploads\/2023\/12\/exceladvisor.org_.png\",\"contentUrl\":\"https:\/\/exceladvisor.org\/tr\/wp-content\/uploads\/2023\/12\/exceladvisor.org_.png\",\"width\":105,\"height\":36,\"caption\":\"Excel Advisor\"},\"image\":{\"@id\":\"https:\/\/exceladvisor.org\/tr\/#\/schema\/logo\/image\/\"}}]}<\/script>\n<!-- \/ Yoast SEO plugin. -->","yoast_head_json":{"title":"Excel&#39;de bir h\u00fccrenin de\u011ferini al\u0131n","description":"Bu e\u011fitim size belirli bir h\u00fccrenin de\u011ferini elde etmek i\u00e7in bir Excel form\u00fcl\u00fcn\u00fcn nas\u0131l yaz\u0131laca\u011f\u0131n\u0131 \u00f6\u011fretecektir. Bunu kontrol edelim\u2026","robots":{"index":"index","follow":"follow","max-snippet":"max-snippet:-1","max-image-preview":"max-image-preview:large","max-video-preview":"max-video-preview:-1"},"canonical":"https:\/\/exceladvisor.org\/tr\/1-hucrenin-degeri\/","og_locale":"tr_TR","og_type":"article","og_title":"Excel&#39;de bir h\u00fccrenin de\u011ferini al\u0131n","og_description":"Bu e\u011fitim size belirli bir h\u00fccrenin de\u011ferini elde etmek i\u00e7in bir Excel form\u00fcl\u00fcn\u00fcn nas\u0131l yaz\u0131laca\u011f\u0131n\u0131 \u00f6\u011fretecektir. Bunu kontrol edelim\u2026","og_url":"https:\/\/exceladvisor.org\/tr\/1-hucrenin-degeri\/","og_site_name":"Excel Advisor","article_modified_time":"2023-12-10T06:00:33+00:00","og_image":[{"url":"https:\/\/exceladvisor.org\/wp-content\/uploads\/2023\/08\/1-obtenir-la-valeur-dune-cellule.png","type":"","width":"","height":""}],"twitter_card":"summary_large_image","twitter_misc":{"Tahmini okuma s\u00fcresi":"2 dakika"},"schema":{"@context":"https:\/\/schema.org","@graph":[{"@type":"WebPage","@id":"https:\/\/exceladvisor.org\/tr\/1-hucrenin-degeri\/","url":"https:\/\/exceladvisor.org\/tr\/1-hucrenin-degeri\/","name":"Excel&#39;de bir h\u00fccrenin de\u011ferini al\u0131n","isPartOf":{"@id":"https:\/\/exceladvisor.org\/tr\/#website"},"primaryImageOfPage":{"@id":"https:\/\/exceladvisor.org\/tr\/1-hucrenin-degeri\/#primaryimage"},"image":{"@id":"https:\/\/exceladvisor.org\/tr\/1-hucrenin-degeri\/#primaryimage"},"thumbnailUrl":"https:\/\/exceladvisor.org\/wp-content\/uploads\/2023\/08\/1-obtenir-la-valeur-dune-cellule.png","datePublished":"2023-11-11T12:56:33+00:00","dateModified":"2023-12-10T06:00:33+00:00","description":"Bu e\u011fitim size belirli bir h\u00fccrenin de\u011ferini elde etmek i\u00e7in bir Excel form\u00fcl\u00fcn\u00fcn nas\u0131l yaz\u0131laca\u011f\u0131n\u0131 \u00f6\u011fretecektir. Bunu kontrol edelim\u2026","breadcrumb":{"@id":"https:\/\/exceladvisor.org\/tr\/1-hucrenin-degeri\/#breadcrumb"},"inLanguage":"tr","potentialAction":[{"@type":"ReadAction","target":["https:\/\/exceladvisor.org\/tr\/1-hucrenin-degeri\/"]}]},{"@type":"ImageObject","inLanguage":"tr","@id":"https:\/\/exceladvisor.org\/tr\/1-hucrenin-degeri\/#primaryimage","url":"https:\/\/exceladvisor.org\/wp-content\/uploads\/2023\/08\/1-obtenir-la-valeur-dune-cellule.png","contentUrl":"https:\/\/exceladvisor.org\/wp-content\/uploads\/2023\/08\/1-obtenir-la-valeur-dune-cellule.png"},{"@type":"BreadcrumbList","@id":"https:\/\/exceladvisor.org\/tr\/1-hucrenin-degeri\/#breadcrumb","itemListElement":[{"@type":"ListItem","position":1,"name":"Ev","item":"https:\/\/exceladvisor.org\/tr\/"},{"@type":"ListItem","position":2,"name":"Excel&#39;de bir h\u00fccrenin de\u011ferini al\u0131n"}]},{"@type":"WebSite","@id":"https:\/\/exceladvisor.org\/tr\/#website","url":"https:\/\/exceladvisor.org\/tr\/","name":"Excel Advisor","description":"Veri hakimiyetine y\u00f6nelik nihai rehberiniz!","publisher":{"@id":"https:\/\/exceladvisor.org\/tr\/#organization"},"potentialAction":[{"@type":"SearchAction","target":{"@type":"EntryPoint","urlTemplate":"https:\/\/exceladvisor.org\/tr\/?s={search_term_string}"},"query-input":{"@type":"PropertyValueSpecification","valueRequired":true,"valueName":"search_term_string"}}],"inLanguage":"tr"},{"@type":"Organization","@id":"https:\/\/exceladvisor.org\/tr\/#organization","name":"Excel Advisor","url":"https:\/\/exceladvisor.org\/tr\/","logo":{"@type":"ImageObject","inLanguage":"tr","@id":"https:\/\/exceladvisor.org\/tr\/#\/schema\/logo\/image\/","url":"https:\/\/exceladvisor.org\/tr\/wp-content\/uploads\/2023\/12\/exceladvisor.org_.png","contentUrl":"https:\/\/exceladvisor.org\/tr\/wp-content\/uploads\/2023\/12\/exceladvisor.org_.png","width":105,"height":36,"caption":"Excel Advisor"},"image":{"@id":"https:\/\/exceladvisor.org\/tr\/#\/schema\/logo\/image\/"}}]}},"yoast_meta":{"yoast_wpseo_title":"","yoast_wpseo_metadesc":"","yoast_wpseo_canonical":""},"_links":{"self":[{"href":"https:\/\/exceladvisor.org\/tr\/wp-json\/wp\/v2\/pages\/1685","targetHints":{"allow":["GET"]}}],"collection":[{"href":"https:\/\/exceladvisor.org\/tr\/wp-json\/wp\/v2\/pages"}],"about":[{"href":"https:\/\/exceladvisor.org\/tr\/wp-json\/wp\/v2\/types\/page"}],"author":[{"embeddable":true,"href":"https:\/\/exceladvisor.org\/tr\/wp-json\/wp\/v2\/users\/1"}],"replies":[{"embeddable":true,"href":"https:\/\/exceladvisor.org\/tr\/wp-json\/wp\/v2\/comments?post=1685"}],"version-history":[{"count":1,"href":"https:\/\/exceladvisor.org\/tr\/wp-json\/wp\/v2\/pages\/1685\/revisions"}],"predecessor-version":[{"id":2416,"href":"https:\/\/exceladvisor.org\/tr\/wp-json\/wp\/v2\/pages\/1685\/revisions\/2416"}],"wp:attachment":[{"href":"https:\/\/exceladvisor.org\/tr\/wp-json\/wp\/v2\/media?parent=1685"}],"curies":[{"name":"wp","href":"https:\/\/api.w.org\/{rel}","templated":true}]}}