{"id":1686,"date":"2023-11-11T12:42:47","date_gmt":"2023-11-11T12:42:47","guid":{"rendered":"https:\/\/exceladvisor.org\/tr\/dosya-yolu-2\/"},"modified":"2023-12-10T06:01:11","modified_gmt":"2023-12-10T06:01:11","slug":"dosya-yolu-2","status":"publish","type":"page","link":"https:\/\/exceladvisor.org\/tr\/dosya-yolu-2\/","title":{"rendered":"Excel&#39;de dosya yolunu al\u0131n"},"content":{"rendered":"<div class=\"excel-icerikten-once\" id=\"excel-2101793336\"><script type=\"text\/javascript\">\r\n\tatOptions = {\r\n\t\t'key' : 'c1158f160081d6540a8409e6925dab94',\r\n\t\t'format' : 'iframe',\r\n\t\t'height' : 250,\r\n\t\t'width' : 300,\r\n\t\t'params' : {}\r\n\t};\r\n<\/script>\r\n<script type=\"text\/javascript\" src=\"\/\/www.highperformanceformat.com\/c1158f160081d6540a8409e6925dab94\/invoke.js\"><\/script><\/div> <p>Bir Excel dosyas\u0131n\u0131n yolunu bulmak i\u00e7in H\u00dcCRE i\u015flevini di\u011fer \u00fc\u00e7 i\u015flevle (UZUNLUK, ARAMA ve SUBSTITUTE) birlikte kullanman\u0131z gerekir. CELL, dosya ad\u0131 ve \u00e7al\u0131\u015fma sayfas\u0131 ad\u0131 da dahil olmak \u00fczere tam dosya yolunu alman\u0131za yard\u0131mc\u0131 olur. Ve ondan yaln\u0131zca dosya yolunu \u00e7\u0131karmak i\u00e7in geri kalan i\u015flevleri kullanman\u0131z gerekir. <\/p><div class=\"wp-block-image\"><figure class=\"aligncenter size-full is-resized\"><img loading=\"lazy\" decoding=\"async\" class=\"wp-image-80216\" src=\"https:\/\/exceladvisor.org\/wp-content\/uploads\/2023\/08\/1-obtenir-le-chemin-du-fichier.png\" sizes=\"auto, \" srcset=\"\" alt=\"dosya yolunu al\" width=\"709\" height=\"259\"><\/figure><\/div><p> Bu dersimizde dosya yolunu \u00fc\u00e7 farkl\u0131 yolla nas\u0131l elde edece\u011fimizi g\u00f6rece\u011fiz.<\/p><p class=\"qt-tip\"> <strong>\u00d6nemli:<\/strong> Bu form\u00fcllerden herhangi birini kullanmadan \u00f6nce Excel dosyan\u0131z\u0131 kaydetti\u011finizden emin olun. Bir yere kaydetmedi\u011finiz s\u00fcrece dosya yolunu alman\u0131z m\u00fcmk\u00fcn de\u011fildir.<\/p><h2 id=\"h-get-path-with-the-file-and-sheet-name\" class=\"wp-block-heading\"> Dosya ve sayfa ad\u0131n\u0131 i\u00e7eren yolu al\u0131n<\/h2><p> A\u015fa\u011f\u0131daki ad\u0131mlar\u0131 kullanabilirsiniz:<\/p><ol type=\"1\"><li> \u00d6ncelikle \u00e7al\u0131\u015fma kitab\u0131n\u0131z\u0131 kaydedin ve ona bir ad verin.<\/li><li> Bundan sonra h\u00fccreye H\u00dcCRE fonksiyonunu girin.<\/li><li> Oradan info_type \u201cdosya ad\u0131\u201dn\u0131 se\u00e7in ve referans\u0131 bo\u015f b\u0131rak\u0131n.<\/li><li> Sonunda i\u015flevi kapat\u0131n ve sonucu almak i\u00e7in Enter tu\u015funa bas\u0131n.<\/li><\/ol><pre class=\"wp-block-code\"> <code class=\"language-excel-formula\" lang=\"excel-formula\">=CELL(\"filename\")<\/code><\/pre><p> Enter tu\u015funa bast\u0131\u011f\u0131n\u0131z anda, sonu\u00e7ta \u00e7al\u0131\u015fma kitab\u0131 ad\u0131n\u0131 ve sayfa ad\u0131n\u0131 i\u00e7eren dosya yolunu d\u00f6nd\u00fcr\u00fcr. <\/p><div class=\"wp-block-image\"><figure class=\"aligncenter size-full is-resized\"><img loading=\"lazy\" decoding=\"async\" class=\"wp-image-80217\" src=\"https:\/\/exceladvisor.org\/wp-content\/uploads\/2023\/08\/2-obtenir-le-chemin-avec-le-nom-du-fichier-et-de-la-feuille.png\" sizes=\"auto, \" srcset=\"\" alt=\"dosya ve sayfa ad\u0131n\u0131n bulundu\u011fu yolu al\" width=\"543\" height=\"232\"><\/figure><\/div><h2 id=\"h-get-path-only-with-workbook-name\" class=\"wp-block-heading\"> Yaln\u0131zca \u00e7al\u0131\u015fma kitab\u0131 ad\u0131yla yolu al\u0131n<\/h2><p> Bu durumda sayfa ad\u0131n\u0131 yoldan kald\u0131rman\u0131z gerekir. Bunun i\u00e7in SOL, ARAMA ve YEDEK tu\u015flar\u0131n\u0131 kullanman\u0131z gerekir. <\/p><div class=\"wp-block-image\"><figure class=\"aligncenter size-full is-resized\"><img loading=\"lazy\" decoding=\"async\" class=\"wp-image-80218\" src=\"https:\/\/exceladvisor.org\/wp-content\/uploads\/2023\/08\/3-obtenir-le-chemin-uniquement-avec-le-nom-du-classeur.png\" sizes=\"auto, \" srcset=\"\" alt=\"\u00e7al\u0131\u015fma kitab\u0131 ad\u0131 ile yaln\u0131zca yolu al\" width=\"771\" height=\"210\"><\/figure><\/div><pre class=\"wp-block-code\"> <code class=\"language-excel-formula\" lang=\"excel-formula\">=SUBSTITUTE(LEFT(CELL(\"filename\"),SEARCH(\"]\",CELL(\"filename\"))-1),\"[\",\"\")<\/code><\/pre><p> \u015eimdi bu form\u00fcl\u00fc anlamak i\u00e7in onu b\u00f6lmeniz gerekiyor:<\/p><ol><li> \u0130lk b\u00f6l\u00fcmde H\u00dcCRE fonksiyonunu bir h\u00fccreye girin ve info_type arg\u00fcman\u0131nda dosya ad\u0131n\u0131 kullan\u0131n. <br><img loading=\"lazy\" decoding=\"async\" title=\"4 h\u00fccreli giri\u015f fonksiyonu\" src=\"https:\/\/exceladvisor.org\/wp-content\/uploads\/2023\/08\/4-entrez-la-fonction-de-cellule.png\" sizes=\"auto, \" srcset=\"\" alt=\"enter-cell-function\" width=\"615\" height=\"212\"><\/li><li> \u015eimdi tam yoldan \u201c]\u201d kapan\u0131\u015f parantezinin konumunu almak i\u00e7in ARAMA i\u015flevini kullan\u0131n. <br><img loading=\"lazy\" decoding=\"async\" title=\"5-konum almak i\u00e7in arama fonksiyonu\" src=\"https:\/\/exceladvisor.org\/wp-content\/uploads\/2023\/08\/5-fonction-de-recherche-pour-obtenir-la-position.png\" sizes=\"auto, \" srcset=\"\" alt=\"search-function-to-get-the-position\" width=\"656\" height=\"220\"><\/li><li> Bundan sonra, SEARCH taraf\u0131ndan d\u00f6nd\u00fcr\u00fclen konumu kullanarak, yolun u\u00e7 braketinden sonraki k\u0131s\u0131m hari\u00e7 kalan k\u0131sm\u0131n\u0131 almak i\u00e7in SOL tu\u015funu kullanman\u0131z gerekir. <br><img loading=\"lazy\" decoding=\"async\" title=\"6-geri kalan k\u0131sm\u0131 almak i\u00e7in solu kullan\u0131n\" src=\"https:\/\/exceladvisor.org\/wp-content\/uploads\/2023\/08\/6-utilisez-la-gauche-pour-obtenir-la-partie-de-repos.png\" sizes=\"auto, \" srcset=\"\" alt=\"use-left-to-get-rest-part\" width=\"664\" height=\"226\"><\/li><li> Daha sonra, ba\u015flang\u0131\u00e7 ortam\u0131n\u0131 de\u011fi\u015ftirmek i\u00e7in REPLACEMENT komutunu kullanmam\u0131z gerekiyor. <br><img loading=\"lazy\" decoding=\"async\" title=\"7-par\u00e7ay\u0131 de\u011fi\u015ftirme deste\u011fi\" src=\"https:\/\/exceladvisor.org\/wp-content\/uploads\/2023\/08\/7-substitut-pour-remplacer-le-support-de-depart.png\" sizes=\"auto, \" srcset=\"\" alt=\"substitute-to-replace-starting-bracket\" width=\"724\" height=\"240\"><\/li><li> Sonunda, A1 h\u00fccresine ba\u015fvurmak yerine onu ge\u00e7erli H\u00dcCRE i\u015fleviyle de\u011fi\u015ftirin. <br><img loading=\"lazy\" decoding=\"async\" title=\"8-referans\u0131 h\u00fccre fonksiyonuyla de\u011fi\u015ftirin\" src=\"https:\/\/exceladvisor.org\/wp-content\/uploads\/2023\/08\/8-remplacer-la-reference-par-la-fonction-de-cellule.png\" sizes=\"auto, \" srcset=\"\" alt=\"replace-reference-with-cell-function\" width=\"716\" height=\"203\"><\/li><\/ol><h2 id=\"h-get-file-path-only\" class=\"wp-block-heading\"> Yaln\u0131zca dosya yolunu al<\/h2><p> \u015eimdi diyelim ki yaln\u0131zca klas\u00f6r ad\u0131n\u0131n yoluna ihtiyac\u0131n\u0131z var. Bunun i\u00e7in H\u00dcCRE&#8217;yi SUBSTITUTE, LEN, RIGHT ve SEARCH fonksiyonlar\u0131yla birlikte kullanman\u0131z gerekir. <\/p><pre class=\"wp-block-code\"> <code class=\"language-excel-formula\" lang=\"excel-formula\">=SUBSTITUTE(CELL(\"filename\"), RIGHT(CELL(\"filename\"),LEN(CELL(\"filename\"))-SEARCH(\"[\",CELL(\"filename\"))+1),\"\")<\/code><\/pre><div class=\"wp-block-image\"><figure class=\"aligncenter size-full is-resized\"><img loading=\"lazy\" decoding=\"async\" class=\"wp-image-80224\" src=\"https:\/\/exceladvisor.org\/wp-content\/uploads\/2023\/08\/9-obtenir-le-chemin-du-fichier-uniquement.png\" sizes=\"auto, \" srcset=\"\" alt=\"yaln\u0131zca dosya yolunu al\" width=\"722\" height=\"254\"><\/figure><\/div><p> Bu form\u00fcl\u00fc anlamak i\u00e7in b\u00f6lmeniz gerekir:<\/p><ol><li> \u0130lk olarak, bir h\u00fccreye H\u00dcCRE i\u015flevini girin ve info_type dosya ad\u0131n\u0131 kullan\u0131n. <br><img loading=\"lazy\" decoding=\"async\" title=\"10-ilk h\u00fccreye girme i\u015flevi\" src=\"https:\/\/exceladvisor.org\/wp-content\/uploads\/2023\/08\/10-premiere-fonction-de-cellule-dentree.png\" sizes=\"auto, \" srcset=\"\" alt=\"first-enter-cell-function\" width=\"576\" height=\"215\"><\/li><li> \u015eimdi ba\u015flang\u0131\u00e7 braketinin konumunu bulmak i\u00e7in ARAMA i\u015flevini kullan\u0131n ve ard\u0131ndan buna 1 ekleyin. <br><img loading=\"lazy\" decoding=\"async\" title=\"11-konum almak i\u00e7in aramay\u0131 kullan\u0131n\" src=\"https:\/\/exceladvisor.org\/wp-content\/uploads\/2023\/08\/11-utiliser-la-recherche-pour-obtenir-la-position.png\" sizes=\"auto, \" srcset=\"\" alt=\"use-search-to-get-the-position\" width=\"570\" height=\"229\"><\/li><li> Bundan sonra yoldaki toplam karakter say\u0131s\u0131n\u0131 almak i\u00e7in UZUNLUK i\u015flevini kullan\u0131n. Ve bunu ARAMA taraf\u0131ndan d\u00f6nd\u00fcr\u00fclen konum numaras\u0131ndan \u00e7\u0131kar\u0131n. <br><img loading=\"lazy\" decoding=\"async\" title=\"Toplam karakter say\u0131s\u0131n\u0131 elde etmek i\u00e7in 12 uzunluk\" src=\"https:\/\/exceladvisor.org\/wp-content\/uploads\/2023\/08\/12-len-pour-obtenir-le-nombre-total-de-caracteres.png\" sizes=\"auto, \" srcset=\"\" alt=\"len-to-get-total-characters-number\" width=\"605\" height=\"242\"><\/li><li> Daha sonra tam yoldan dosya ad\u0131n\u0131 ve sayfa ad\u0131n\u0131 almak i\u00e7in SA\u011e i\u015flevini kullan\u0131n. SA\u011eDA, tam yola bak\u0131n ve UZUNLUK \u00e7\u0131kar\u0131larak d\u00f6nd\u00fcr\u00fclen say\u0131y\u0131 kullan\u0131n ve [karakter_num] i\u00e7in ARAMA yap\u0131n. <br><img loading=\"lazy\" decoding=\"async\" title=\"13-dosya ad\u0131n\u0131 almak i\u00e7in sa\u011f i\u015flev\" src=\"https:\/\/exceladvisor.org\/wp-content\/uploads\/2023\/08\/13-bonne-fonction-pour-obtenir-le-nom-du-fichier.png\" sizes=\"auto, \" srcset=\"\" alt=\"right-function-to-get-the-file-name\" width=\"615\" height=\"249\"><\/li><li> Buradan, dosya ve \u00e7al\u0131\u015fma sayfas\u0131 ad\u0131n\u0131 orijinal yoldan bo\u015f bir de\u011ferle de\u011fi\u015ftirmek i\u00e7in DE\u011e\u0130\u015eT\u0130RME se\u00e7ene\u011fini kullan\u0131n. <br><img loading=\"lazy\" decoding=\"async\" title=\"14-dosya-ve-\u00e7al\u0131\u015fma-sayfas\u0131n\u0131n-ad\u0131n\u0131-de\u011fi\u015ftirmek\" src=\"https:\/\/exceladvisor.org\/wp-content\/uploads\/2023\/08\/14-substitut-pour-remplacer-fila-et-le-nom-de-la-feuille-de-calcul.png\" sizes=\"auto, \" srcset=\"\" alt=\"substitute-to-replace-file-and-worksheet-name\" width=\"564\" height=\"243\"><\/li><li> Sonunda, form\u00fcl\u00fcn h\u00fccre referans\u0131 A1&#8217;i, tek form\u00fclde elde etmek i\u00e7in A1 h\u00fccresindeki H\u00dcCRE i\u015fleviyle de\u011fi\u015ftirin. <br><img loading=\"lazy\" decoding=\"async\" title=\"15-h\u00fccre referans\u0131n\u0131 h\u00fccre i\u015fleviyle de\u011fi\u015ftirin1\" src=\"https:\/\/exceladvisor.org\/wp-content\/uploads\/2023\/08\/15-remplacer-la-reference-de-cellule-par-la-fonction-de-cellule1.png\" sizes=\"auto, \" srcset=\"\" alt=\"replace-cell-reference-with-cell-function\" width=\"621\" height=\"155\"><\/li><\/ol><div class=\"gb-container gb-container-52dfcee1 gb-container-sample-file\"><h2 class=\"gb-headline gb-headline-e289c143 gb-headline-text gb-headline-4f7959c2\"> Excel dosyas\u0131n\u0131 al\u0131n<\/h2> <a class=\"gb-button gb-button-e88d6bee gb-button-text gb-button-button1\" href=\"https:\/\/exceladvisor.org\/wp-content\/uploads\/2023\/08\/chemin-du-fichier.xlsx\" rel=\"nofollow\">\u0130ndirmek<\/a><\/div><div class=\"gb-container gb-container-0df56012 gb-container-mt\"> <a class=\"gb-button gb-button-f9f432f4 gb-button-text gb-button-mt-button\" href=\"https:\/\/exceladvisor.org\/tr\/formuller\/\">Excel form\u00fcllerinin listesi<\/a><h2 class=\"gb-headline gb-headline-233444e8 gb-headline-text gb-headline-mt-heading\"> \u0130lgili form\u00fcller <\/h2><div class=\"gb-grid-wrapper gb-grid-wrapper-a16fa65c gb-grid-wrapper-mt-grid\"><div class=\"gb-grid-column gb-grid-column-50d07e0d\"><div class=\"gb-container gb-container-50d07e0d\"><ul><li> <a href=\"https:\/\/exceladvisor.org\/tr\/yatay-filtre\/\">Excel&#8217;de yatay filtre olu\u015fturma<\/a><\/li><li> <a href=\"https:\/\/exceladvisor.org\/tr\/yildiz-derecelendirmesi\/\">Excel&#8217;de y\u0131ld\u0131z derecelendirmesi \u015fablonu olu\u015fturma<\/a><\/li><li> <a href=\"https:\/\/exceladvisor.org\/tr\/dosya-adini-al\/\">Excel&#8217;de dosya ad\u0131n\u0131 al\u0131n<\/a><\/li><li> <a href=\"https:\/\/exceladvisor.org\/tr\/sayfa-adini-al\/\">Excel&#8217;de sayfa ad\u0131n\u0131 al\u0131n<\/a><\/li><li> <a href=\"https:\/\/exceladvisor.org\/tr\/rastgele-harfler-olustur\/\">Excel&#8217;de h\u0131zla rastgele harfler olu\u015fturun<\/a><\/li><\/ul><\/div><\/div><\/div><\/div>","protected":false},"excerpt":{"rendered":"","protected":false},"author":1,"featured_media":0,"parent":0,"menu_order":0,"comment_status":"open","ping_status":"closed","template":"","meta":{"ub_ctt_via":"","footnotes":""},"class_list":["post-1686","page","type-page","status-publish","hentry"],"featured_image_src":null,"yoast_head":"<!-- This site is optimized with the Yoast SEO plugin v25.4 - https:\/\/yoast.com\/wordpress\/plugins\/seo\/ -->\n<title>Excel&#039;de dosya yolunu al\u0131n<\/title>\n<meta name=\"description\" content=\"Bu e\u011fitim size dosyan\u0131n kaydedildi\u011fi yolu bulmak i\u00e7in bir Excel form\u00fcl\u00fcn\u00fcn nas\u0131l yaz\u0131laca\u011f\u0131n\u0131 \u00f6\u011fretecektir. Bunu kontrol edelim\u2026\" \/>\n<meta name=\"robots\" content=\"index, follow, max-snippet:-1, max-image-preview:large, max-video-preview:-1\" \/>\n<link rel=\"canonical\" href=\"https:\/\/exceladvisor.org\/tr\/dosya-yolu-2\/\" \/>\n<meta property=\"og:locale\" content=\"tr_TR\" \/>\n<meta property=\"og:type\" content=\"article\" \/>\n<meta property=\"og:title\" content=\"Excel&#039;de dosya yolunu al\u0131n\" \/>\n<meta property=\"og:description\" content=\"Bu e\u011fitim size dosyan\u0131n kaydedildi\u011fi yolu bulmak i\u00e7in bir Excel form\u00fcl\u00fcn\u00fcn nas\u0131l yaz\u0131laca\u011f\u0131n\u0131 \u00f6\u011fretecektir. Bunu kontrol edelim\u2026\" \/>\n<meta property=\"og:url\" content=\"https:\/\/exceladvisor.org\/tr\/dosya-yolu-2\/\" \/>\n<meta property=\"og:site_name\" content=\"Excel Advisor\" \/>\n<meta property=\"article:modified_time\" content=\"2023-12-10T06:01:11+00:00\" \/>\n<meta property=\"og:image\" content=\"https:\/\/exceladvisor.org\/wp-content\/uploads\/2023\/08\/1-obtenir-le-chemin-du-fichier.png\" \/>\n<meta name=\"twitter:card\" content=\"summary_large_image\" \/>\n<meta name=\"twitter:label1\" content=\"Tahmini okuma s\u00fcresi\" \/>\n\t<meta name=\"twitter:data1\" content=\"3 dakika\" \/>\n<script type=\"application\/ld+json\" class=\"yoast-schema-graph\">{\"@context\":\"https:\/\/schema.org\",\"@graph\":[{\"@type\":\"WebPage\",\"@id\":\"https:\/\/exceladvisor.org\/tr\/dosya-yolu-2\/\",\"url\":\"https:\/\/exceladvisor.org\/tr\/dosya-yolu-2\/\",\"name\":\"Excel&#39;de dosya yolunu al\u0131n\",\"isPartOf\":{\"@id\":\"https:\/\/exceladvisor.org\/tr\/#website\"},\"primaryImageOfPage\":{\"@id\":\"https:\/\/exceladvisor.org\/tr\/dosya-yolu-2\/#primaryimage\"},\"image\":{\"@id\":\"https:\/\/exceladvisor.org\/tr\/dosya-yolu-2\/#primaryimage\"},\"thumbnailUrl\":\"https:\/\/exceladvisor.org\/wp-content\/uploads\/2023\/08\/1-obtenir-le-chemin-du-fichier.png\",\"datePublished\":\"2023-11-11T12:42:47+00:00\",\"dateModified\":\"2023-12-10T06:01:11+00:00\",\"description\":\"Bu e\u011fitim size dosyan\u0131n kaydedildi\u011fi yolu bulmak i\u00e7in bir Excel form\u00fcl\u00fcn\u00fcn nas\u0131l yaz\u0131laca\u011f\u0131n\u0131 \u00f6\u011fretecektir. Bunu kontrol edelim\u2026\",\"breadcrumb\":{\"@id\":\"https:\/\/exceladvisor.org\/tr\/dosya-yolu-2\/#breadcrumb\"},\"inLanguage\":\"tr\",\"potentialAction\":[{\"@type\":\"ReadAction\",\"target\":[\"https:\/\/exceladvisor.org\/tr\/dosya-yolu-2\/\"]}]},{\"@type\":\"ImageObject\",\"inLanguage\":\"tr\",\"@id\":\"https:\/\/exceladvisor.org\/tr\/dosya-yolu-2\/#primaryimage\",\"url\":\"https:\/\/exceladvisor.org\/wp-content\/uploads\/2023\/08\/1-obtenir-le-chemin-du-fichier.png\",\"contentUrl\":\"https:\/\/exceladvisor.org\/wp-content\/uploads\/2023\/08\/1-obtenir-le-chemin-du-fichier.png\"},{\"@type\":\"BreadcrumbList\",\"@id\":\"https:\/\/exceladvisor.org\/tr\/dosya-yolu-2\/#breadcrumb\",\"itemListElement\":[{\"@type\":\"ListItem\",\"position\":1,\"name\":\"Ev\",\"item\":\"https:\/\/exceladvisor.org\/tr\/\"},{\"@type\":\"ListItem\",\"position\":2,\"name\":\"Excel&#39;de dosya yolunu al\u0131n\"}]},{\"@type\":\"WebSite\",\"@id\":\"https:\/\/exceladvisor.org\/tr\/#website\",\"url\":\"https:\/\/exceladvisor.org\/tr\/\",\"name\":\"Excel Advisor\",\"description\":\"Veri hakimiyetine y\u00f6nelik nihai rehberiniz!\",\"publisher\":{\"@id\":\"https:\/\/exceladvisor.org\/tr\/#organization\"},\"potentialAction\":[{\"@type\":\"SearchAction\",\"target\":{\"@type\":\"EntryPoint\",\"urlTemplate\":\"https:\/\/exceladvisor.org\/tr\/?s={search_term_string}\"},\"query-input\":{\"@type\":\"PropertyValueSpecification\",\"valueRequired\":true,\"valueName\":\"search_term_string\"}}],\"inLanguage\":\"tr\"},{\"@type\":\"Organization\",\"@id\":\"https:\/\/exceladvisor.org\/tr\/#organization\",\"name\":\"Excel Advisor\",\"url\":\"https:\/\/exceladvisor.org\/tr\/\",\"logo\":{\"@type\":\"ImageObject\",\"inLanguage\":\"tr\",\"@id\":\"https:\/\/exceladvisor.org\/tr\/#\/schema\/logo\/image\/\",\"url\":\"https:\/\/exceladvisor.org\/tr\/wp-content\/uploads\/2023\/12\/exceladvisor.org_.png\",\"contentUrl\":\"https:\/\/exceladvisor.org\/tr\/wp-content\/uploads\/2023\/12\/exceladvisor.org_.png\",\"width\":105,\"height\":36,\"caption\":\"Excel Advisor\"},\"image\":{\"@id\":\"https:\/\/exceladvisor.org\/tr\/#\/schema\/logo\/image\/\"}}]}<\/script>\n<!-- \/ Yoast SEO plugin. -->","yoast_head_json":{"title":"Excel&#39;de dosya yolunu al\u0131n","description":"Bu e\u011fitim size dosyan\u0131n kaydedildi\u011fi yolu bulmak i\u00e7in bir Excel form\u00fcl\u00fcn\u00fcn nas\u0131l yaz\u0131laca\u011f\u0131n\u0131 \u00f6\u011fretecektir. Bunu kontrol edelim\u2026","robots":{"index":"index","follow":"follow","max-snippet":"max-snippet:-1","max-image-preview":"max-image-preview:large","max-video-preview":"max-video-preview:-1"},"canonical":"https:\/\/exceladvisor.org\/tr\/dosya-yolu-2\/","og_locale":"tr_TR","og_type":"article","og_title":"Excel&#39;de dosya yolunu al\u0131n","og_description":"Bu e\u011fitim size dosyan\u0131n kaydedildi\u011fi yolu bulmak i\u00e7in bir Excel form\u00fcl\u00fcn\u00fcn nas\u0131l yaz\u0131laca\u011f\u0131n\u0131 \u00f6\u011fretecektir. Bunu kontrol edelim\u2026","og_url":"https:\/\/exceladvisor.org\/tr\/dosya-yolu-2\/","og_site_name":"Excel Advisor","article_modified_time":"2023-12-10T06:01:11+00:00","og_image":[{"url":"https:\/\/exceladvisor.org\/wp-content\/uploads\/2023\/08\/1-obtenir-le-chemin-du-fichier.png","type":"","width":"","height":""}],"twitter_card":"summary_large_image","twitter_misc":{"Tahmini okuma s\u00fcresi":"3 dakika"},"schema":{"@context":"https:\/\/schema.org","@graph":[{"@type":"WebPage","@id":"https:\/\/exceladvisor.org\/tr\/dosya-yolu-2\/","url":"https:\/\/exceladvisor.org\/tr\/dosya-yolu-2\/","name":"Excel&#39;de dosya yolunu al\u0131n","isPartOf":{"@id":"https:\/\/exceladvisor.org\/tr\/#website"},"primaryImageOfPage":{"@id":"https:\/\/exceladvisor.org\/tr\/dosya-yolu-2\/#primaryimage"},"image":{"@id":"https:\/\/exceladvisor.org\/tr\/dosya-yolu-2\/#primaryimage"},"thumbnailUrl":"https:\/\/exceladvisor.org\/wp-content\/uploads\/2023\/08\/1-obtenir-le-chemin-du-fichier.png","datePublished":"2023-11-11T12:42:47+00:00","dateModified":"2023-12-10T06:01:11+00:00","description":"Bu e\u011fitim size dosyan\u0131n kaydedildi\u011fi yolu bulmak i\u00e7in bir Excel form\u00fcl\u00fcn\u00fcn nas\u0131l yaz\u0131laca\u011f\u0131n\u0131 \u00f6\u011fretecektir. Bunu kontrol edelim\u2026","breadcrumb":{"@id":"https:\/\/exceladvisor.org\/tr\/dosya-yolu-2\/#breadcrumb"},"inLanguage":"tr","potentialAction":[{"@type":"ReadAction","target":["https:\/\/exceladvisor.org\/tr\/dosya-yolu-2\/"]}]},{"@type":"ImageObject","inLanguage":"tr","@id":"https:\/\/exceladvisor.org\/tr\/dosya-yolu-2\/#primaryimage","url":"https:\/\/exceladvisor.org\/wp-content\/uploads\/2023\/08\/1-obtenir-le-chemin-du-fichier.png","contentUrl":"https:\/\/exceladvisor.org\/wp-content\/uploads\/2023\/08\/1-obtenir-le-chemin-du-fichier.png"},{"@type":"BreadcrumbList","@id":"https:\/\/exceladvisor.org\/tr\/dosya-yolu-2\/#breadcrumb","itemListElement":[{"@type":"ListItem","position":1,"name":"Ev","item":"https:\/\/exceladvisor.org\/tr\/"},{"@type":"ListItem","position":2,"name":"Excel&#39;de dosya yolunu al\u0131n"}]},{"@type":"WebSite","@id":"https:\/\/exceladvisor.org\/tr\/#website","url":"https:\/\/exceladvisor.org\/tr\/","name":"Excel Advisor","description":"Veri hakimiyetine y\u00f6nelik nihai rehberiniz!","publisher":{"@id":"https:\/\/exceladvisor.org\/tr\/#organization"},"potentialAction":[{"@type":"SearchAction","target":{"@type":"EntryPoint","urlTemplate":"https:\/\/exceladvisor.org\/tr\/?s={search_term_string}"},"query-input":{"@type":"PropertyValueSpecification","valueRequired":true,"valueName":"search_term_string"}}],"inLanguage":"tr"},{"@type":"Organization","@id":"https:\/\/exceladvisor.org\/tr\/#organization","name":"Excel Advisor","url":"https:\/\/exceladvisor.org\/tr\/","logo":{"@type":"ImageObject","inLanguage":"tr","@id":"https:\/\/exceladvisor.org\/tr\/#\/schema\/logo\/image\/","url":"https:\/\/exceladvisor.org\/tr\/wp-content\/uploads\/2023\/12\/exceladvisor.org_.png","contentUrl":"https:\/\/exceladvisor.org\/tr\/wp-content\/uploads\/2023\/12\/exceladvisor.org_.png","width":105,"height":36,"caption":"Excel Advisor"},"image":{"@id":"https:\/\/exceladvisor.org\/tr\/#\/schema\/logo\/image\/"}}]}},"yoast_meta":{"yoast_wpseo_title":"","yoast_wpseo_metadesc":"","yoast_wpseo_canonical":""},"_links":{"self":[{"href":"https:\/\/exceladvisor.org\/tr\/wp-json\/wp\/v2\/pages\/1686","targetHints":{"allow":["GET"]}}],"collection":[{"href":"https:\/\/exceladvisor.org\/tr\/wp-json\/wp\/v2\/pages"}],"about":[{"href":"https:\/\/exceladvisor.org\/tr\/wp-json\/wp\/v2\/types\/page"}],"author":[{"embeddable":true,"href":"https:\/\/exceladvisor.org\/tr\/wp-json\/wp\/v2\/users\/1"}],"replies":[{"embeddable":true,"href":"https:\/\/exceladvisor.org\/tr\/wp-json\/wp\/v2\/comments?post=1686"}],"version-history":[{"count":1,"href":"https:\/\/exceladvisor.org\/tr\/wp-json\/wp\/v2\/pages\/1686\/revisions"}],"predecessor-version":[{"id":2484,"href":"https:\/\/exceladvisor.org\/tr\/wp-json\/wp\/v2\/pages\/1686\/revisions\/2484"}],"wp:attachment":[{"href":"https:\/\/exceladvisor.org\/tr\/wp-json\/wp\/v2\/media?parent=1686"}],"curies":[{"name":"wp","href":"https:\/\/api.w.org\/{rel}","templated":true}]}}