{"id":1687,"date":"2023-11-11T12:21:14","date_gmt":"2023-11-11T12:21:14","guid":{"rendered":"https:\/\/exceladvisor.org\/tr\/2-ile-basla\/"},"modified":"2023-12-10T05:58:55","modified_gmt":"2023-12-10T05:58:55","slug":"2-ile-basla","status":"publish","type":"page","link":"https:\/\/exceladvisor.org\/tr\/2-ile-basla\/","title":{"rendered":"Bir h\u00fccrenin metinle ba\u015flay\u0131p ba\u015flamad\u0131\u011f\u0131n\u0131 nas\u0131l kontrol ederim?"},"content":{"rendered":"<div class=\"excel-icerikten-once\" id=\"excel-2432350707\"><script type=\"text\/javascript\">\r\n\tatOptions = {\r\n\t\t'key' : 'c1158f160081d6540a8409e6925dab94',\r\n\t\t'format' : 'iframe',\r\n\t\t'height' : 250,\r\n\t\t'width' : 300,\r\n\t\t'params' : {}\r\n\t};\r\n<\/script>\r\n<script type=\"text\/javascript\" src=\"\/\/www.highperformanceformat.com\/c1158f160081d6540a8409e6925dab94\/invoke.js\"><\/script><\/div> <p>Excel&#8217;de verilerle \u00e7al\u0131\u015f\u0131rken bazen bir h\u00fccrenin de\u011ferinin belirli bir metinle ba\u015flay\u0131p ba\u015flamad\u0131\u011f\u0131n\u0131 veya o de\u011ferin ba\u015flang\u0131\u00e7 k\u0131sm\u0131n\u0131n say\u0131 olup olmad\u0131\u011f\u0131n\u0131 kontrol etmeniz gerekebilir. Bu derste, her iki ko\u015fulu da metne yazmak i\u00e7in nas\u0131l form\u00fcl yaz\u0131laca\u011f\u0131n\u0131 \u00f6\u011frenece\u011fiz.<\/p><h2 class=\"wp-block-heading\"> Bir h\u00fccre de\u011feri belirli bir metinle ba\u015fl\u0131yorsa<\/h2><p> A\u015fa\u011f\u0131daki \u00f6rnekte h\u00fccrenin ilk \u00fc\u00e7 karakterinin LXI&#8217;ye e\u015fit olup olmad\u0131\u011f\u0131n\u0131 kontrol etmeniz gerekmektedir. Bunun i\u00e7in IF ve LEFT kullanman\u0131z gerekir. <\/p><div class=\"wp-block-image\"><figure class=\"aligncenter size-full is-resized\"><img loading=\"lazy\" decoding=\"async\" class=\"wp-image-80202\" src=\"https:\/\/exceladvisor.org\/wp-content\/uploads\/2023\/08\/1-si-la-valeur-de-la-cellule-commence-par-un-texte-particulier.png\" sizes=\"auto, \" srcset=\"\" alt=\"e\u011fer-h\u00fccre-de\u011feri-belirli-metinle-ba\u015fl\u0131yorsa\" width=\"437\" height=\"346\"><\/figure><\/div><p> Bu form\u00fcl\u00fc yazmak i\u00e7in a\u015fa\u011f\u0131daki ad\u0131mlar\u0131 kullanabilirsiniz:<\/p><ol><li> \u00d6ncelikle bir h\u00fccreye E\u011eER fonksiyonunu girin.<\/li><li> Bundan sonra, IF&#8217;nin ilk arg\u00fcman\u0131na SOL i\u015flevini girin ve de\u011ferin bulundu\u011fu A2 h\u00fccresine bak\u0131n, ikinci arg\u00fcmanda say\u0131_basamak i\u00e7in 3&#8217;\u00fc kullan\u0131n.<\/li><li> Daha sonra e\u015fittir i\u015faretini kullan\u0131n ve test etmek istedi\u011finiz de\u011feri (\u00e7ift t\u0131rnak kullanarak) girin.<\/li><li> \u015eimdi ikinci arg\u00fcmana \u201cEvet\u201d yaz\u0131n.<\/li><li> Ve \u00fc\u00e7\u00fcnc\u00fc arg\u00fcmana \u201cHay\u0131r\u201d yaz\u0131n.<\/li><li> Sonunda kapatma parantezlerini girin ve sonucu almak i\u00e7in Enter tu\u015funa bas\u0131n. <\/li><\/ol><div class=\"wp-block-image\"><figure class=\"aligncenter size-full is-resized\"><img loading=\"lazy\" decoding=\"async\" class=\"wp-image-80204\" src=\"https:\/\/exceladvisor.org\/wp-content\/uploads\/2023\/08\/2-entrer-si-et-fonction-gauche.png\" sizes=\"auto, \" srcset=\"\" alt=\"e\u011fer-e\u011fer-ve-sol i\u015flevi\" width=\"641\" height=\"260\"><\/figure><\/div><p> A\u015fa\u011f\u0131da g\u00f6rebilece\u011finiz gibi de\u011ferin ba\u015f\u0131nda &#8220;LXI&#8221; de\u011ferini bulundurdu\u011fumuz t\u00fcm de\u011ferler i\u00e7in Evet, aksi durumda Hay\u0131r de\u011ferini d\u00f6nd\u00fcrmektedir. <\/p><div class=\"wp-block-image\"><figure class=\"aligncenter size-full is-resized\"><img loading=\"lazy\" decoding=\"async\" class=\"wp-image-80206\" src=\"https:\/\/exceladvisor.org\/wp-content\/uploads\/2023\/08\/3-le-resultat-sera-oui-ou-non.png\" sizes=\"auto, \" srcset=\"\" alt=\"sonu\u00e7 evet ya da hay\u0131r olacak\" width=\"601\" height=\"436\"><\/figure><\/div><pre class=\"wp-block-code\"> <code class=\"language-excel-formula\" lang=\"excel-formula\">=IF(LEFT(A2,3)=\"LXI\",\"Yes\",\"No\")<\/code><\/pre><h2 class=\"wp-block-heading\"> \u0130le ba\u015flayan IF h\u00fccrelerini say\u0131n<\/h2><p> Belirli bir de\u011ferle ba\u015flayan h\u00fccrelerin say\u0131s\u0131n\u0131 saymak istiyorsan\u0131z a\u015fa\u011f\u0131daki form\u00fcl\u00fc kullan\u0131n. <\/p><div class=\"wp-block-image\"><figure class=\"aligncenter size-full is-resized\"><img loading=\"lazy\" decoding=\"async\" class=\"wp-image-80207\" src=\"https:\/\/exceladvisor.org\/wp-content\/uploads\/2023\/08\/4-utiliser-sumproduct-pour-compter-le-resultat.png\" sizes=\"auto, \" srcset=\"\" alt=\"sonucu saymak i\u00e7in \u00fcretilen toplam\u0131 kullan\" width=\"558\" height=\"477\"><\/figure><\/div><pre class=\"wp-block-code\"> <code class=\"language-excel-formula\" lang=\"excel-formula\">=SUMPRODUCT(--(LEFT(A2:A10,3)=\"LXI\"))<\/code><\/pre><p> Bu konuda daha fazla bilgi edinmek i\u00e7in SUMproduct&#8217;un ko\u015fulla kullan\u0131lmas\u0131 hakk\u0131nda bilgi edinebilirsiniz.<\/p><h2 class=\"wp-block-heading\"> Bir h\u00fccre de\u011feri bir say\u0131yla ba\u015fl\u0131yorsa<\/h2><p> Benzer \u015fekilde, bir h\u00fccrenin say\u0131yla ba\u015flay\u0131p ba\u015flamad\u0131\u011f\u0131n\u0131 kontrol etmek i\u00e7in bir form\u00fcl yazabilirsiniz. <\/p><div class=\"wp-block-image\"><figure class=\"aligncenter size-full is-resized\"><img loading=\"lazy\" decoding=\"async\" class=\"wp-image-80208\" src=\"https:\/\/exceladvisor.org\/wp-content\/uploads\/2023\/08\/5-formule-pour-savoir-si-la-valeur-de-la-cellule-commence-par-un-nombre.png\" sizes=\"auto, \" srcset=\"\" alt=\"h\u00fccre-de\u011ferinin-bir say\u0131yla-ba\u015fl\u0131yorsa-bulma form\u00fcl\u00fc\" width=\"556\" height=\"432\"><\/figure><\/div><pre class=\"wp-block-code\"> <code class=\"language-excel-formula\" lang=\"excel-formula\">=IF(ISNUMBER(VALUE(LEFT(A2,2))), \"Yes\",\"No\")<\/code><\/pre><p> Bu form\u00fclde SOL etraf\u0131nda DE\u011eER fonksiyonunu kulland\u0131k. LEFT kullanarak bir de\u011fer elde etti\u011finizde, bu de\u011fer bir say\u0131 olsa bile, o de\u011feri metin olarak d\u00f6nd\u00fcr\u00fcr.<\/p><p> Bu nedenle bir say\u0131y\u0131 say\u0131ya d\u00f6n\u00fc\u015ft\u00fcrmek i\u00e7in VALUE kullanmam\u0131z gerekir. Daha sonra LEFT&#8217;in d\u00f6nd\u00fcrd\u00fc\u011f\u00fc de\u011feri test etmek i\u00e7in ISNUMBER&#8217;\u0131 kulland\u0131k. Bu de\u011fer bir say\u0131ysa ko\u015ful DO\u011eRU&#8217;dur ve IF, EVET&#8217;i, aksi takdirde Hay\u0131r&#8217;\u0131 d\u00f6nd\u00fcr\u00fcr. <\/p><div class=\"gb-container gb-container-52dfcee1 gb-container-sample-file\"><h2 class=\"gb-headline gb-headline-e289c143 gb-headline-text gb-headline-4f7959c2\"> Excel dosyas\u0131n\u0131 al\u0131n<\/h2><p> <a class=\"gb-button gb-button-e88d6bee gb-button-text gb-button-button1\" href=\"https:\/\/exceladvisor.org\/wp-content\/uploads\/2023\/08\/commence-avec.xlsx\" rel=\"nofollow\">\u0130ndirmek<\/a><\/p><\/div><div class=\"gb-container gb-container-0df56012 gb-container-mt\"> <a class=\"gb-button gb-button-f9f432f4 gb-button-text gb-button-mt-button\" href=\"https:\/\/exceladvisor.org\/tr\/formuller\/\">Excel form\u00fcllerinin listesi<\/a><h2 class=\"gb-headline gb-headline-233444e8 gb-headline-text gb-headline-mt-heading\"> \u0130lgili form\u00fcller <\/h2><div class=\"gb-grid-wrapper gb-grid-wrapper-a16fa65c gb-grid-wrapper-mt-grid\"><div class=\"gb-grid-column gb-grid-column-5b4a0cf9\"><div class=\"gb-container gb-container-5b4a0cf9\"><ul><li> <a href=\"https:\/\/exceladvisor.org\/tr\/hucre-bir-parca-iceriyorsa\/\">Bir h\u00fccrenin k\u0131smi metin i\u00e7erip i\u00e7ermedi\u011fini kontrol edin<\/a><\/li><li> <a href=\"https:\/\/exceladvisor.org\/tr\/hucre-degeri-numarasi-ise\/\">Bir h\u00fccre de\u011ferinin say\u0131 olup olmad\u0131\u011f\u0131n\u0131 kontrol edin<\/a><\/li><li> <a href=\"https:\/\/exceladvisor.org\/tr\/medyan-eger-2\/\">IF ile medyan (Ko\u015fullu kriterler)<\/a><\/li><li> <a href=\"https:\/\/exceladvisor.org\/tr\/2-ise-birlestir\/\">B\u0130RLE\u015eT\u0130RME IF (Ko\u015fulla Birle\u015ftir)<\/a><\/li><li> <a href=\"https:\/\/exceladvisor.org\/tr\/2-ise-alt-toplam\/\">IF ile ALTTOPLAM (ko\u015fullu ALTTOPLAM)<\/a><\/li><\/ul><\/div><\/div><\/div><\/div>","protected":false},"excerpt":{"rendered":"","protected":false},"author":1,"featured_media":0,"parent":0,"menu_order":0,"comment_status":"open","ping_status":"closed","template":"","meta":{"ub_ctt_via":"","footnotes":""},"class_list":["post-1687","page","type-page","status-publish","hentry"],"featured_image_src":null,"yoast_head":"<!-- This site is optimized with the Yoast SEO plugin v25.4 - https:\/\/yoast.com\/wordpress\/plugins\/seo\/ -->\n<title>Bir h\u00fccrenin metin\/say\u0131 ile ba\u015flay\u0131p ba\u015flamad\u0131\u011f\u0131 nas\u0131l kontrol edilir?<\/title>\n<meta name=\"description\" content=\"Bu e\u011fitimde size bir h\u00fccrenin belirli bir metinle veya say\u0131yla ba\u015flay\u0131p ba\u015flamad\u0131\u011f\u0131n\u0131 kontrol etmek i\u00e7in bir Excel form\u00fcl\u00fcn\u00fcn nas\u0131l yaz\u0131laca\u011f\u0131 \u00f6\u011fretilecektir.\" \/>\n<meta name=\"robots\" content=\"index, follow, max-snippet:-1, max-image-preview:large, max-video-preview:-1\" \/>\n<link rel=\"canonical\" href=\"https:\/\/exceladvisor.org\/tr\/2-ile-basla\/\" \/>\n<meta property=\"og:locale\" content=\"tr_TR\" \/>\n<meta property=\"og:type\" content=\"article\" \/>\n<meta property=\"og:title\" content=\"Bir h\u00fccrenin metin\/say\u0131 ile ba\u015flay\u0131p ba\u015flamad\u0131\u011f\u0131 nas\u0131l kontrol edilir?\" \/>\n<meta property=\"og:description\" content=\"Bu e\u011fitimde size bir h\u00fccrenin belirli bir metinle veya say\u0131yla ba\u015flay\u0131p ba\u015flamad\u0131\u011f\u0131n\u0131 kontrol etmek i\u00e7in bir Excel form\u00fcl\u00fcn\u00fcn nas\u0131l yaz\u0131laca\u011f\u0131 \u00f6\u011fretilecektir.\" \/>\n<meta property=\"og:url\" content=\"https:\/\/exceladvisor.org\/tr\/2-ile-basla\/\" \/>\n<meta property=\"og:site_name\" content=\"Excel Advisor\" \/>\n<meta property=\"article:modified_time\" content=\"2023-12-10T05:58:55+00:00\" \/>\n<meta property=\"og:image\" content=\"https:\/\/exceladvisor.org\/wp-content\/uploads\/2023\/08\/1-si-la-valeur-de-la-cellule-commence-par-un-texte-particulier.png\" \/>\n<meta name=\"twitter:card\" content=\"summary_large_image\" \/>\n<meta name=\"twitter:label1\" content=\"Tahmini okuma s\u00fcresi\" \/>\n\t<meta name=\"twitter:data1\" content=\"2 dakika\" \/>\n<script type=\"application\/ld+json\" class=\"yoast-schema-graph\">{\"@context\":\"https:\/\/schema.org\",\"@graph\":[{\"@type\":\"WebPage\",\"@id\":\"https:\/\/exceladvisor.org\/tr\/2-ile-basla\/\",\"url\":\"https:\/\/exceladvisor.org\/tr\/2-ile-basla\/\",\"name\":\"Bir h\u00fccrenin metin\/say\u0131 ile ba\u015flay\u0131p ba\u015flamad\u0131\u011f\u0131 nas\u0131l kontrol edilir?\",\"isPartOf\":{\"@id\":\"https:\/\/exceladvisor.org\/tr\/#website\"},\"primaryImageOfPage\":{\"@id\":\"https:\/\/exceladvisor.org\/tr\/2-ile-basla\/#primaryimage\"},\"image\":{\"@id\":\"https:\/\/exceladvisor.org\/tr\/2-ile-basla\/#primaryimage\"},\"thumbnailUrl\":\"https:\/\/exceladvisor.org\/wp-content\/uploads\/2023\/08\/1-si-la-valeur-de-la-cellule-commence-par-un-texte-particulier.png\",\"datePublished\":\"2023-11-11T12:21:14+00:00\",\"dateModified\":\"2023-12-10T05:58:55+00:00\",\"description\":\"Bu e\u011fitimde size bir h\u00fccrenin belirli bir metinle veya say\u0131yla ba\u015flay\u0131p ba\u015flamad\u0131\u011f\u0131n\u0131 kontrol etmek i\u00e7in bir Excel form\u00fcl\u00fcn\u00fcn nas\u0131l yaz\u0131laca\u011f\u0131 \u00f6\u011fretilecektir.\",\"breadcrumb\":{\"@id\":\"https:\/\/exceladvisor.org\/tr\/2-ile-basla\/#breadcrumb\"},\"inLanguage\":\"tr\",\"potentialAction\":[{\"@type\":\"ReadAction\",\"target\":[\"https:\/\/exceladvisor.org\/tr\/2-ile-basla\/\"]}]},{\"@type\":\"ImageObject\",\"inLanguage\":\"tr\",\"@id\":\"https:\/\/exceladvisor.org\/tr\/2-ile-basla\/#primaryimage\",\"url\":\"https:\/\/exceladvisor.org\/wp-content\/uploads\/2023\/08\/1-si-la-valeur-de-la-cellule-commence-par-un-texte-particulier.png\",\"contentUrl\":\"https:\/\/exceladvisor.org\/wp-content\/uploads\/2023\/08\/1-si-la-valeur-de-la-cellule-commence-par-un-texte-particulier.png\"},{\"@type\":\"BreadcrumbList\",\"@id\":\"https:\/\/exceladvisor.org\/tr\/2-ile-basla\/#breadcrumb\",\"itemListElement\":[{\"@type\":\"ListItem\",\"position\":1,\"name\":\"Ev\",\"item\":\"https:\/\/exceladvisor.org\/tr\/\"},{\"@type\":\"ListItem\",\"position\":2,\"name\":\"Bir h\u00fccrenin metinle ba\u015flay\u0131p ba\u015flamad\u0131\u011f\u0131n\u0131 nas\u0131l kontrol ederim?\"}]},{\"@type\":\"WebSite\",\"@id\":\"https:\/\/exceladvisor.org\/tr\/#website\",\"url\":\"https:\/\/exceladvisor.org\/tr\/\",\"name\":\"Excel Advisor\",\"description\":\"Veri hakimiyetine y\u00f6nelik nihai rehberiniz!\",\"publisher\":{\"@id\":\"https:\/\/exceladvisor.org\/tr\/#organization\"},\"potentialAction\":[{\"@type\":\"SearchAction\",\"target\":{\"@type\":\"EntryPoint\",\"urlTemplate\":\"https:\/\/exceladvisor.org\/tr\/?s={search_term_string}\"},\"query-input\":{\"@type\":\"PropertyValueSpecification\",\"valueRequired\":true,\"valueName\":\"search_term_string\"}}],\"inLanguage\":\"tr\"},{\"@type\":\"Organization\",\"@id\":\"https:\/\/exceladvisor.org\/tr\/#organization\",\"name\":\"Excel Advisor\",\"url\":\"https:\/\/exceladvisor.org\/tr\/\",\"logo\":{\"@type\":\"ImageObject\",\"inLanguage\":\"tr\",\"@id\":\"https:\/\/exceladvisor.org\/tr\/#\/schema\/logo\/image\/\",\"url\":\"https:\/\/exceladvisor.org\/tr\/wp-content\/uploads\/2023\/12\/exceladvisor.org_.png\",\"contentUrl\":\"https:\/\/exceladvisor.org\/tr\/wp-content\/uploads\/2023\/12\/exceladvisor.org_.png\",\"width\":105,\"height\":36,\"caption\":\"Excel Advisor\"},\"image\":{\"@id\":\"https:\/\/exceladvisor.org\/tr\/#\/schema\/logo\/image\/\"}}]}<\/script>\n<!-- \/ Yoast SEO plugin. -->","yoast_head_json":{"title":"Bir h\u00fccrenin metin\/say\u0131 ile ba\u015flay\u0131p ba\u015flamad\u0131\u011f\u0131 nas\u0131l kontrol edilir?","description":"Bu e\u011fitimde size bir h\u00fccrenin belirli bir metinle veya say\u0131yla ba\u015flay\u0131p ba\u015flamad\u0131\u011f\u0131n\u0131 kontrol etmek i\u00e7in bir Excel form\u00fcl\u00fcn\u00fcn nas\u0131l yaz\u0131laca\u011f\u0131 \u00f6\u011fretilecektir.","robots":{"index":"index","follow":"follow","max-snippet":"max-snippet:-1","max-image-preview":"max-image-preview:large","max-video-preview":"max-video-preview:-1"},"canonical":"https:\/\/exceladvisor.org\/tr\/2-ile-basla\/","og_locale":"tr_TR","og_type":"article","og_title":"Bir h\u00fccrenin metin\/say\u0131 ile ba\u015flay\u0131p ba\u015flamad\u0131\u011f\u0131 nas\u0131l kontrol edilir?","og_description":"Bu e\u011fitimde size bir h\u00fccrenin belirli bir metinle veya say\u0131yla ba\u015flay\u0131p ba\u015flamad\u0131\u011f\u0131n\u0131 kontrol etmek i\u00e7in bir Excel form\u00fcl\u00fcn\u00fcn nas\u0131l yaz\u0131laca\u011f\u0131 \u00f6\u011fretilecektir.","og_url":"https:\/\/exceladvisor.org\/tr\/2-ile-basla\/","og_site_name":"Excel Advisor","article_modified_time":"2023-12-10T05:58:55+00:00","og_image":[{"url":"https:\/\/exceladvisor.org\/wp-content\/uploads\/2023\/08\/1-si-la-valeur-de-la-cellule-commence-par-un-texte-particulier.png","type":"","width":"","height":""}],"twitter_card":"summary_large_image","twitter_misc":{"Tahmini okuma s\u00fcresi":"2 dakika"},"schema":{"@context":"https:\/\/schema.org","@graph":[{"@type":"WebPage","@id":"https:\/\/exceladvisor.org\/tr\/2-ile-basla\/","url":"https:\/\/exceladvisor.org\/tr\/2-ile-basla\/","name":"Bir h\u00fccrenin metin\/say\u0131 ile ba\u015flay\u0131p ba\u015flamad\u0131\u011f\u0131 nas\u0131l kontrol edilir?","isPartOf":{"@id":"https:\/\/exceladvisor.org\/tr\/#website"},"primaryImageOfPage":{"@id":"https:\/\/exceladvisor.org\/tr\/2-ile-basla\/#primaryimage"},"image":{"@id":"https:\/\/exceladvisor.org\/tr\/2-ile-basla\/#primaryimage"},"thumbnailUrl":"https:\/\/exceladvisor.org\/wp-content\/uploads\/2023\/08\/1-si-la-valeur-de-la-cellule-commence-par-un-texte-particulier.png","datePublished":"2023-11-11T12:21:14+00:00","dateModified":"2023-12-10T05:58:55+00:00","description":"Bu e\u011fitimde size bir h\u00fccrenin belirli bir metinle veya say\u0131yla ba\u015flay\u0131p ba\u015flamad\u0131\u011f\u0131n\u0131 kontrol etmek i\u00e7in bir Excel form\u00fcl\u00fcn\u00fcn nas\u0131l yaz\u0131laca\u011f\u0131 \u00f6\u011fretilecektir.","breadcrumb":{"@id":"https:\/\/exceladvisor.org\/tr\/2-ile-basla\/#breadcrumb"},"inLanguage":"tr","potentialAction":[{"@type":"ReadAction","target":["https:\/\/exceladvisor.org\/tr\/2-ile-basla\/"]}]},{"@type":"ImageObject","inLanguage":"tr","@id":"https:\/\/exceladvisor.org\/tr\/2-ile-basla\/#primaryimage","url":"https:\/\/exceladvisor.org\/wp-content\/uploads\/2023\/08\/1-si-la-valeur-de-la-cellule-commence-par-un-texte-particulier.png","contentUrl":"https:\/\/exceladvisor.org\/wp-content\/uploads\/2023\/08\/1-si-la-valeur-de-la-cellule-commence-par-un-texte-particulier.png"},{"@type":"BreadcrumbList","@id":"https:\/\/exceladvisor.org\/tr\/2-ile-basla\/#breadcrumb","itemListElement":[{"@type":"ListItem","position":1,"name":"Ev","item":"https:\/\/exceladvisor.org\/tr\/"},{"@type":"ListItem","position":2,"name":"Bir h\u00fccrenin metinle ba\u015flay\u0131p ba\u015flamad\u0131\u011f\u0131n\u0131 nas\u0131l kontrol ederim?"}]},{"@type":"WebSite","@id":"https:\/\/exceladvisor.org\/tr\/#website","url":"https:\/\/exceladvisor.org\/tr\/","name":"Excel Advisor","description":"Veri hakimiyetine y\u00f6nelik nihai rehberiniz!","publisher":{"@id":"https:\/\/exceladvisor.org\/tr\/#organization"},"potentialAction":[{"@type":"SearchAction","target":{"@type":"EntryPoint","urlTemplate":"https:\/\/exceladvisor.org\/tr\/?s={search_term_string}"},"query-input":{"@type":"PropertyValueSpecification","valueRequired":true,"valueName":"search_term_string"}}],"inLanguage":"tr"},{"@type":"Organization","@id":"https:\/\/exceladvisor.org\/tr\/#organization","name":"Excel Advisor","url":"https:\/\/exceladvisor.org\/tr\/","logo":{"@type":"ImageObject","inLanguage":"tr","@id":"https:\/\/exceladvisor.org\/tr\/#\/schema\/logo\/image\/","url":"https:\/\/exceladvisor.org\/tr\/wp-content\/uploads\/2023\/12\/exceladvisor.org_.png","contentUrl":"https:\/\/exceladvisor.org\/tr\/wp-content\/uploads\/2023\/12\/exceladvisor.org_.png","width":105,"height":36,"caption":"Excel Advisor"},"image":{"@id":"https:\/\/exceladvisor.org\/tr\/#\/schema\/logo\/image\/"}}]}},"yoast_meta":{"yoast_wpseo_title":"","yoast_wpseo_metadesc":"","yoast_wpseo_canonical":""},"_links":{"self":[{"href":"https:\/\/exceladvisor.org\/tr\/wp-json\/wp\/v2\/pages\/1687","targetHints":{"allow":["GET"]}}],"collection":[{"href":"https:\/\/exceladvisor.org\/tr\/wp-json\/wp\/v2\/pages"}],"about":[{"href":"https:\/\/exceladvisor.org\/tr\/wp-json\/wp\/v2\/types\/page"}],"author":[{"embeddable":true,"href":"https:\/\/exceladvisor.org\/tr\/wp-json\/wp\/v2\/users\/1"}],"replies":[{"embeddable":true,"href":"https:\/\/exceladvisor.org\/tr\/wp-json\/wp\/v2\/comments?post=1687"}],"version-history":[{"count":1,"href":"https:\/\/exceladvisor.org\/tr\/wp-json\/wp\/v2\/pages\/1687\/revisions"}],"predecessor-version":[{"id":2281,"href":"https:\/\/exceladvisor.org\/tr\/wp-json\/wp\/v2\/pages\/1687\/revisions\/2281"}],"wp:attachment":[{"href":"https:\/\/exceladvisor.org\/tr\/wp-json\/wp\/v2\/media?parent=1687"}],"curies":[{"name":"wp","href":"https:\/\/api.w.org\/{rel}","templated":true}]}}