{"id":1688,"date":"2023-11-11T12:06:18","date_gmt":"2023-11-11T12:06:18","guid":{"rendered":"https:\/\/exceladvisor.org\/tr\/dolayli-toplam-2\/"},"modified":"2023-12-10T06:02:32","modified_gmt":"2023-12-10T06:02:32","slug":"dolayli-toplam-2","status":"publish","type":"page","link":"https:\/\/exceladvisor.org\/tr\/dolayli-toplam-2\/","title":{"rendered":"Excel&#39;de sum ile indirect nas\u0131l kullan\u0131l\u0131r?"},"content":{"rendered":"<div class=\"excel-icerikten-once\" id=\"excel-1540848278\"><script type=\"text\/javascript\">\r\n\tatOptions = {\r\n\t\t'key' : 'c1158f160081d6540a8409e6925dab94',\r\n\t\t'format' : 'iframe',\r\n\t\t'height' : 250,\r\n\t\t'width' : 300,\r\n\t\t'params' : {}\r\n\t};\r\n<\/script>\r\n<script type=\"text\/javascript\" src=\"\/\/www.highperformanceformat.com\/c1158f160081d6540a8409e6925dab94\/invoke.js\"><\/script><\/div> <p>DOLAYLI&#8217;y\u0131 TOPLA i\u015fleviyle birle\u015ftirdi\u011finizde dinamik bir toplam form\u00fcl\u00fc olu\u015fturabilirsiniz. Ve bu form\u00fcl, toplam\u0131n\u0131 istedi\u011finiz aral\u0131\u011fa (metin bi\u00e7iminde) sahip oldu\u011funuz bir h\u00fccreye ba\u015fvurman\u0131za olanak tan\u0131r. Bu, form\u00fcl\u00fcn referans\u0131n\u0131 tekrar tekrar de\u011fi\u015ftirmenize gerek olmad\u0131\u011f\u0131 anlam\u0131na gelir. <\/p><div class=\"wp-block-image\"><figure class=\"aligncenter size-full is-resized\"><img loading=\"lazy\" decoding=\"async\" class=\"wp-image-80191\" src=\"https:\/\/exceladvisor.org\/wp-content\/uploads\/2023\/08\/1-utilisation-indirecte-avec-somme.png\" sizes=\"auto, \" srcset=\"\" alt=\"toplamla-dolayl\u0131-kullan\" width=\"458\" height=\"421\"><\/figure><\/div><p class=\"grey-note\"> DOLAYLI, i\u00e7ine metin girerek bir h\u00fccre veya aral\u0131k referans\u0131 olu\u015fturman\u0131za olanak tan\u0131r.<\/p><h2 class=\"wp-block-heading\"> DOLAYLI&#8217;y\u0131 SUM ile birle\u015ftir<\/h2><p> A\u015fa\u011f\u0131daki ad\u0131mlar\u0131 kullanabilirsiniz:<\/p><ul><li> \u00d6ncelikle bir h\u00fccreye ba\u015fvurmak istedi\u011finiz aral\u0131\u011f\u0131 girin.<\/li><li> Bundan sonra farkl\u0131 bir h\u00fccreye SUM i\u015flevine girin.<\/li><li> Daha sonra, INDIRECT i\u015flevini girin ve INDIRECT&#8217;in ilk arg\u00fcman\u0131nda aral\u0131k adresini i\u00e7eren h\u00fccreye bak\u0131n.<\/li><li> \u015eimdi her iki i\u015flevi de kapat\u0131n ve sonucu almak i\u00e7in Enter tu\u015funa bas\u0131n. <\/li><\/ul><div class=\"wp-block-image\"><figure class=\"aligncenter size-full is-resized\"><img loading=\"lazy\" decoding=\"async\" class=\"wp-image-80192\" src=\"https:\/\/exceladvisor.org\/wp-content\/uploads\/2023\/08\/2-combiner-indirect-et-somme.png\" sizes=\"auto, \" srcset=\"\" alt=\"dolayl\u0131-ve-toplam\u0131 birle\u015ftir\" width=\"522\" height=\"394\"><\/figure><\/div><p> Enter tu\u015funa bast\u0131\u011f\u0131n\u0131z an A2:A7 aral\u0131\u011f\u0131ndaki de\u011ferlerin toplam\u0131n\u0131 d\u00f6nd\u00fcr\u00fcr. <\/p><div class=\"wp-block-image\"><figure class=\"aligncenter size-full is-resized\"><img loading=\"lazy\" decoding=\"async\" class=\"wp-image-80193\" src=\"https:\/\/exceladvisor.org\/wp-content\/uploads\/2023\/08\/3-somme-de-valeurs.png\" sizes=\"auto, \" srcset=\"\" alt=\"de\u011ferlerin toplam\u0131\" width=\"405\" height=\"305\"><\/figure><\/div><h2 class=\"wp-block-heading\"> SUM&#8217;daki ba\u015fka bir sayfaya ba\u015fvurmak i\u00e7in INDIRECT&#8217;i kullan\u0131n<\/h2><p> Diyelim ki farkl\u0131 bir sayfada bulunan bir aral\u0131\u011f\u0131n\u0131z var, bu durumda INDIRECT ve SUM&#8217;u da kullanabilirsiniz. <\/p><div class=\"wp-block-image\"><figure class=\"aligncenter size-full is-resized\"><img loading=\"lazy\" decoding=\"async\" class=\"wp-image-80194\" src=\"https:\/\/exceladvisor.org\/wp-content\/uploads\/2023\/08\/4-indirect-pour-renvoyer-une-autre-feuille-a-la-somme.png\" sizes=\"auto, \" srcset=\"\" alt=\"eklenecek ba\u015fka bir sayfaya y\u00f6nlendirmek i\u00e7in dolayl\u0131\" width=\"672\" height=\"280\"><\/figure><\/div><p> Yukar\u0131daki \u00f6rnekte form\u00fcl\u00fc \u201cSayfa2\u201dye girdik ve \u201cVeri\u201d sayfas\u0131ndaki aral\u0131\u011fa referans verdik. Ve form\u00fclde ba\u015fvurulacak de\u011ferlerin bulundu\u011fu iki farkl\u0131 h\u00fccre var. \u0130lk h\u00fccrede sayfan\u0131n ad\u0131, ikinci h\u00fccrede ise aral\u0131\u011f\u0131n kendisi bulunur.<\/p><pre class=\"wp-block-code\"> <code class=\"language-excel-formula\" lang=\"excel-formula\">=SUM(INDIRECT(A1&amp;\"!\"&amp;B1))<\/code><\/pre><h2 class=\"wp-block-heading\"> Birden fazla sayfa i\u00e7eren SUM i\u00e7in INDIRECT&#8217;i kullan\u0131n<\/h2><p> Birden fazla sayfan\u0131z varsa ve t\u00fcm bu sayfalar\u0131n bir aral\u0131\u011f\u0131n\u0131n de\u011ferlerini toplamak istiyorsan\u0131z a\u015fa\u011f\u0131daki gibi bir form\u00fcl kullanman\u0131z gerekir: <\/p><div class=\"wp-block-image\"><figure class=\"aligncenter size-full is-resized\"><img loading=\"lazy\" decoding=\"async\" class=\"wp-image-80195\" src=\"https:\/\/exceladvisor.org\/wp-content\/uploads\/2023\/08\/5-indirects-pour-additionner-plusieurs-feuilles.png\" sizes=\"auto, \" srcset=\"\" alt=\"dolayl\u0131-toplam-\u00e7oklu-yapraklar\" width=\"713\" height=\"220\"><\/figure><\/div><pre class=\"wp-block-code\"> <code class=\"language-excel-formula\" lang=\"excel-formula\">=SUMPRODUCT(SUMIF(INDIRECT(\"'\"&amp;A2:A4&amp;\"'!\"&amp;B2),\"&gt;0\"))<\/code><\/pre><p> Bu form\u00fclde SUM yerine SUMproduct ve SUMIF kulland\u0131k. DOLAYLI&#8217;da sayfalar\u0131n ve aral\u0131\u011f\u0131n ad\u0131na bir referans vard\u0131r. Bu, \u00fc\u00e7 sayfan\u0131n tamam\u0131nda (Veri1, Veri2 ve Veri3) A2:A7 aral\u0131\u011f\u0131 i\u00e7in bir <a href=\"https:\/\/exceladvisor.org\/tr\/referans-3d\/\">3B aral\u0131\u011f\u0131<\/a> olu\u015fturur. <\/p><div class=\"wp-block-image\"><figure class=\"aligncenter size-full is-resized\"><img loading=\"lazy\" decoding=\"async\" class=\"wp-image-80196\" src=\"https:\/\/exceladvisor.org\/wp-content\/uploads\/2023\/08\/6-sumproduit-cumule-sumif.png\" sizes=\"auto, \" srcset=\"\" alt=\"toplam-\u00e7arp\u0131m-birle\u015fik-toplam\" width=\"638\" height=\"304\"><\/figure><\/div><p> Bundan sonra, ETOPLA bu aral\u0131\u011f\u0131 kullan\u0131r ve \u00fc\u00e7 aral\u0131\u011f\u0131n bireysel toplamlar\u0131n\u0131 d\u00f6nd\u00fcr\u00fcr. <\/p><div class=\"wp-block-image\"><figure class=\"aligncenter size-full is-resized\"><img loading=\"lazy\" decoding=\"async\" class=\"wp-image-80197\" src=\"https:\/\/exceladvisor.org\/wp-content\/uploads\/2023\/08\/7-sumif-utilise-la-gamme.png\" sizes=\"auto, \" srcset=\"\" alt=\"sumif-aral\u0131\u011f\u0131-kullan\u0131r\" width=\"676\" height=\"270\"><\/figure><\/div><p> Sonu\u00e7ta SUMproduct bu de\u011ferleri kullan\u0131r ve h\u00fccrede tek bir toplam de\u011feri d\u00f6nd\u00fcr\u00fcr. <\/p><div class=\"wp-block-image\"><figure class=\"aligncenter size-full is-resized\"><img loading=\"lazy\" decoding=\"async\" class=\"wp-image-80198\" src=\"https:\/\/exceladvisor.org\/wp-content\/uploads\/2023\/08\/8-sumproduct-renvoie-une-seule-somme.png\" sizes=\"auto, \" srcset=\"\" alt=\"toplam-\u00fcr\u00fcn-tek-toplam-d\u00f6nd\u00fcr\u00fcr\" width=\"591\" height=\"242\"><\/figure><\/div><p> <a href=\"https:\/\/exceladvisor.org\/tr\/toplam-urundeki-durum\/\">SUMproduct IF&#8217;i<\/a> kullanma hakk\u0131nda daha fazla bilgiyi buradan edinebilir ve kullan\u0131m\u0131yla ilgili daha fazla netli\u011fe buradan ula\u015fabilirsiniz. <\/p><div class=\"gb-container gb-container-52dfcee1 gb-container-sample-file\"><h2 class=\"gb-headline gb-headline-e289c143 gb-headline-text gb-headline-4f7959c2\"> Excel dosyas\u0131n\u0131 al\u0131n<\/h2> <a class=\"gb-button gb-button-e88d6bee gb-button-text gb-button-button1\" href=\"https:\/\/exceladvisor.org\/wp-content\/uploads\/2023\/08\/somme-indirecte.xlsx\" rel=\"nofollow\">\u0130ndirmek<\/a><\/div><div class=\"gb-container gb-container-0df56012 gb-container-mt\"> <a class=\"gb-button gb-button-f9f432f4 gb-button-text gb-button-mt-button\" href=\"https:\/\/exceladvisor.org\/tr\/formuller\/\">Excel form\u00fcllerinin listesi<\/a><h2 class=\"gb-headline gb-headline-233444e8 gb-headline-text gb-headline-mt-heading\"> \u0130lgili form\u00fcller <\/h2><div class=\"gb-grid-wrapper gb-grid-wrapper-a16fa65c gb-grid-wrapper-mt-grid\"><div class=\"gb-grid-column gb-grid-column-50d07e0d\"><div class=\"gb-container gb-container-50d07e0d\"><ul><li> <a href=\"https:\/\/exceladvisor.org\/tr\/sutunun-tamamini-ekle\/\">Excel&#8217;de bir s\u00fctunun veya sat\u0131r\u0131n tamam\u0131n\u0131 ekleme<\/a><\/li><li> <a href=\"https:\/\/exceladvisor.org\/tr\/yalnizca-gorunur-hucreleri-ekle\/\">Excel&#8217;de yaln\u0131zca g\u00f6r\u00fcn\u00fcr h\u00fccreleri topla<\/a><\/li><li> <a href=\"https:\/\/exceladvisor.org\/tr\/rastgele-hucreler-ekle\/\">Excel&#8217;deki rastgele h\u00fccrelerin toplam\u0131<\/a><\/li><li> <a href=\"https:\/\/exceladvisor.org\/tr\/toplam-satir\/\">Excel&#8217;de toplam sat\u0131r ekleme<\/a><\/li><li> <a href=\"https:\/\/exceladvisor.org\/tr\/otomatik-toplam-1\/\">Excel&#8217;de Otomatik Toplam\u0131 H\u0131zla Kullan\u0131n<\/a> <\/li><\/ul><\/div><\/div><div class=\"gb-grid-column gb-grid-column-5b4a0cf9\"><div class=\"gb-container gb-container-5b4a0cf9\"><\/div><\/div><\/div><\/div>","protected":false},"excerpt":{"rendered":"","protected":false},"author":1,"featured_media":0,"parent":0,"menu_order":0,"comment_status":"open","ping_status":"closed","template":"","meta":{"ub_ctt_via":"","footnotes":""},"class_list":["post-1688","page","type-page","status-publish","hentry"],"featured_image_src":null,"yoast_head":"<!-- This site is optimized with the Yoast SEO plugin v25.4 - https:\/\/yoast.com\/wordpress\/plugins\/seo\/ -->\n<title>\u25b7 Excel&#039;de SUM ile DOLAYLI nas\u0131l kullan\u0131l\u0131r?<\/title>\n<meta name=\"description\" content=\"Bu e\u011fitimde, DOLAYLI i\u015flevi TOPLA ile birle\u015ftirmek i\u00e7in bir Excel form\u00fcl\u00fcn\u00fcn nas\u0131l yaz\u0131laca\u011f\u0131 \u00f6\u011fretilecektir. Bunu kontrol edelim\u2026\" \/>\n<meta name=\"robots\" content=\"index, follow, max-snippet:-1, max-image-preview:large, max-video-preview:-1\" \/>\n<link rel=\"canonical\" href=\"https:\/\/exceladvisor.org\/tr\/dolayli-toplam-2\/\" \/>\n<meta property=\"og:locale\" content=\"tr_TR\" \/>\n<meta property=\"og:type\" content=\"article\" \/>\n<meta property=\"og:title\" content=\"\u25b7 Excel&#039;de SUM ile DOLAYLI nas\u0131l kullan\u0131l\u0131r?\" \/>\n<meta property=\"og:description\" content=\"Bu e\u011fitimde, DOLAYLI i\u015flevi TOPLA ile birle\u015ftirmek i\u00e7in bir Excel form\u00fcl\u00fcn\u00fcn nas\u0131l yaz\u0131laca\u011f\u0131 \u00f6\u011fretilecektir. Bunu kontrol edelim\u2026\" \/>\n<meta property=\"og:url\" content=\"https:\/\/exceladvisor.org\/tr\/dolayli-toplam-2\/\" \/>\n<meta property=\"og:site_name\" content=\"Excel Advisor\" \/>\n<meta property=\"article:modified_time\" content=\"2023-12-10T06:02:32+00:00\" \/>\n<meta property=\"og:image\" content=\"https:\/\/exceladvisor.org\/wp-content\/uploads\/2023\/08\/1-utilisation-indirecte-avec-somme.png\" \/>\n<meta name=\"twitter:card\" content=\"summary_large_image\" \/>\n<meta name=\"twitter:label1\" content=\"Tahmini okuma s\u00fcresi\" \/>\n\t<meta name=\"twitter:data1\" content=\"2 dakika\" \/>\n<script type=\"application\/ld+json\" class=\"yoast-schema-graph\">{\"@context\":\"https:\/\/schema.org\",\"@graph\":[{\"@type\":\"WebPage\",\"@id\":\"https:\/\/exceladvisor.org\/tr\/dolayli-toplam-2\/\",\"url\":\"https:\/\/exceladvisor.org\/tr\/dolayli-toplam-2\/\",\"name\":\"\u25b7 Excel&#39;de SUM ile DOLAYLI nas\u0131l kullan\u0131l\u0131r?\",\"isPartOf\":{\"@id\":\"https:\/\/exceladvisor.org\/tr\/#website\"},\"primaryImageOfPage\":{\"@id\":\"https:\/\/exceladvisor.org\/tr\/dolayli-toplam-2\/#primaryimage\"},\"image\":{\"@id\":\"https:\/\/exceladvisor.org\/tr\/dolayli-toplam-2\/#primaryimage\"},\"thumbnailUrl\":\"https:\/\/exceladvisor.org\/wp-content\/uploads\/2023\/08\/1-utilisation-indirecte-avec-somme.png\",\"datePublished\":\"2023-11-11T12:06:18+00:00\",\"dateModified\":\"2023-12-10T06:02:32+00:00\",\"description\":\"Bu e\u011fitimde, DOLAYLI i\u015flevi TOPLA ile birle\u015ftirmek i\u00e7in bir Excel form\u00fcl\u00fcn\u00fcn nas\u0131l yaz\u0131laca\u011f\u0131 \u00f6\u011fretilecektir. Bunu kontrol edelim\u2026\",\"breadcrumb\":{\"@id\":\"https:\/\/exceladvisor.org\/tr\/dolayli-toplam-2\/#breadcrumb\"},\"inLanguage\":\"tr\",\"potentialAction\":[{\"@type\":\"ReadAction\",\"target\":[\"https:\/\/exceladvisor.org\/tr\/dolayli-toplam-2\/\"]}]},{\"@type\":\"ImageObject\",\"inLanguage\":\"tr\",\"@id\":\"https:\/\/exceladvisor.org\/tr\/dolayli-toplam-2\/#primaryimage\",\"url\":\"https:\/\/exceladvisor.org\/wp-content\/uploads\/2023\/08\/1-utilisation-indirecte-avec-somme.png\",\"contentUrl\":\"https:\/\/exceladvisor.org\/wp-content\/uploads\/2023\/08\/1-utilisation-indirecte-avec-somme.png\"},{\"@type\":\"BreadcrumbList\",\"@id\":\"https:\/\/exceladvisor.org\/tr\/dolayli-toplam-2\/#breadcrumb\",\"itemListElement\":[{\"@type\":\"ListItem\",\"position\":1,\"name\":\"Ev\",\"item\":\"https:\/\/exceladvisor.org\/tr\/\"},{\"@type\":\"ListItem\",\"position\":2,\"name\":\"Excel&#39;de sum ile indirect nas\u0131l kullan\u0131l\u0131r?\"}]},{\"@type\":\"WebSite\",\"@id\":\"https:\/\/exceladvisor.org\/tr\/#website\",\"url\":\"https:\/\/exceladvisor.org\/tr\/\",\"name\":\"Excel Advisor\",\"description\":\"Veri hakimiyetine y\u00f6nelik nihai rehberiniz!\",\"publisher\":{\"@id\":\"https:\/\/exceladvisor.org\/tr\/#organization\"},\"potentialAction\":[{\"@type\":\"SearchAction\",\"target\":{\"@type\":\"EntryPoint\",\"urlTemplate\":\"https:\/\/exceladvisor.org\/tr\/?s={search_term_string}\"},\"query-input\":{\"@type\":\"PropertyValueSpecification\",\"valueRequired\":true,\"valueName\":\"search_term_string\"}}],\"inLanguage\":\"tr\"},{\"@type\":\"Organization\",\"@id\":\"https:\/\/exceladvisor.org\/tr\/#organization\",\"name\":\"Excel Advisor\",\"url\":\"https:\/\/exceladvisor.org\/tr\/\",\"logo\":{\"@type\":\"ImageObject\",\"inLanguage\":\"tr\",\"@id\":\"https:\/\/exceladvisor.org\/tr\/#\/schema\/logo\/image\/\",\"url\":\"https:\/\/exceladvisor.org\/tr\/wp-content\/uploads\/2023\/12\/exceladvisor.org_.png\",\"contentUrl\":\"https:\/\/exceladvisor.org\/tr\/wp-content\/uploads\/2023\/12\/exceladvisor.org_.png\",\"width\":105,\"height\":36,\"caption\":\"Excel Advisor\"},\"image\":{\"@id\":\"https:\/\/exceladvisor.org\/tr\/#\/schema\/logo\/image\/\"}}]}<\/script>\n<!-- \/ Yoast SEO plugin. -->","yoast_head_json":{"title":"\u25b7 Excel&#39;de SUM ile DOLAYLI nas\u0131l kullan\u0131l\u0131r?","description":"Bu e\u011fitimde, DOLAYLI i\u015flevi TOPLA ile birle\u015ftirmek i\u00e7in bir Excel form\u00fcl\u00fcn\u00fcn nas\u0131l yaz\u0131laca\u011f\u0131 \u00f6\u011fretilecektir. Bunu kontrol edelim\u2026","robots":{"index":"index","follow":"follow","max-snippet":"max-snippet:-1","max-image-preview":"max-image-preview:large","max-video-preview":"max-video-preview:-1"},"canonical":"https:\/\/exceladvisor.org\/tr\/dolayli-toplam-2\/","og_locale":"tr_TR","og_type":"article","og_title":"\u25b7 Excel&#39;de SUM ile DOLAYLI nas\u0131l kullan\u0131l\u0131r?","og_description":"Bu e\u011fitimde, DOLAYLI i\u015flevi TOPLA ile birle\u015ftirmek i\u00e7in bir Excel form\u00fcl\u00fcn\u00fcn nas\u0131l yaz\u0131laca\u011f\u0131 \u00f6\u011fretilecektir. Bunu kontrol edelim\u2026","og_url":"https:\/\/exceladvisor.org\/tr\/dolayli-toplam-2\/","og_site_name":"Excel Advisor","article_modified_time":"2023-12-10T06:02:32+00:00","og_image":[{"url":"https:\/\/exceladvisor.org\/wp-content\/uploads\/2023\/08\/1-utilisation-indirecte-avec-somme.png","type":"","width":"","height":""}],"twitter_card":"summary_large_image","twitter_misc":{"Tahmini okuma s\u00fcresi":"2 dakika"},"schema":{"@context":"https:\/\/schema.org","@graph":[{"@type":"WebPage","@id":"https:\/\/exceladvisor.org\/tr\/dolayli-toplam-2\/","url":"https:\/\/exceladvisor.org\/tr\/dolayli-toplam-2\/","name":"\u25b7 Excel&#39;de SUM ile DOLAYLI nas\u0131l kullan\u0131l\u0131r?","isPartOf":{"@id":"https:\/\/exceladvisor.org\/tr\/#website"},"primaryImageOfPage":{"@id":"https:\/\/exceladvisor.org\/tr\/dolayli-toplam-2\/#primaryimage"},"image":{"@id":"https:\/\/exceladvisor.org\/tr\/dolayli-toplam-2\/#primaryimage"},"thumbnailUrl":"https:\/\/exceladvisor.org\/wp-content\/uploads\/2023\/08\/1-utilisation-indirecte-avec-somme.png","datePublished":"2023-11-11T12:06:18+00:00","dateModified":"2023-12-10T06:02:32+00:00","description":"Bu e\u011fitimde, DOLAYLI i\u015flevi TOPLA ile birle\u015ftirmek i\u00e7in bir Excel form\u00fcl\u00fcn\u00fcn nas\u0131l yaz\u0131laca\u011f\u0131 \u00f6\u011fretilecektir. Bunu kontrol edelim\u2026","breadcrumb":{"@id":"https:\/\/exceladvisor.org\/tr\/dolayli-toplam-2\/#breadcrumb"},"inLanguage":"tr","potentialAction":[{"@type":"ReadAction","target":["https:\/\/exceladvisor.org\/tr\/dolayli-toplam-2\/"]}]},{"@type":"ImageObject","inLanguage":"tr","@id":"https:\/\/exceladvisor.org\/tr\/dolayli-toplam-2\/#primaryimage","url":"https:\/\/exceladvisor.org\/wp-content\/uploads\/2023\/08\/1-utilisation-indirecte-avec-somme.png","contentUrl":"https:\/\/exceladvisor.org\/wp-content\/uploads\/2023\/08\/1-utilisation-indirecte-avec-somme.png"},{"@type":"BreadcrumbList","@id":"https:\/\/exceladvisor.org\/tr\/dolayli-toplam-2\/#breadcrumb","itemListElement":[{"@type":"ListItem","position":1,"name":"Ev","item":"https:\/\/exceladvisor.org\/tr\/"},{"@type":"ListItem","position":2,"name":"Excel&#39;de sum ile indirect nas\u0131l kullan\u0131l\u0131r?"}]},{"@type":"WebSite","@id":"https:\/\/exceladvisor.org\/tr\/#website","url":"https:\/\/exceladvisor.org\/tr\/","name":"Excel Advisor","description":"Veri hakimiyetine y\u00f6nelik nihai rehberiniz!","publisher":{"@id":"https:\/\/exceladvisor.org\/tr\/#organization"},"potentialAction":[{"@type":"SearchAction","target":{"@type":"EntryPoint","urlTemplate":"https:\/\/exceladvisor.org\/tr\/?s={search_term_string}"},"query-input":{"@type":"PropertyValueSpecification","valueRequired":true,"valueName":"search_term_string"}}],"inLanguage":"tr"},{"@type":"Organization","@id":"https:\/\/exceladvisor.org\/tr\/#organization","name":"Excel Advisor","url":"https:\/\/exceladvisor.org\/tr\/","logo":{"@type":"ImageObject","inLanguage":"tr","@id":"https:\/\/exceladvisor.org\/tr\/#\/schema\/logo\/image\/","url":"https:\/\/exceladvisor.org\/tr\/wp-content\/uploads\/2023\/12\/exceladvisor.org_.png","contentUrl":"https:\/\/exceladvisor.org\/tr\/wp-content\/uploads\/2023\/12\/exceladvisor.org_.png","width":105,"height":36,"caption":"Excel Advisor"},"image":{"@id":"https:\/\/exceladvisor.org\/tr\/#\/schema\/logo\/image\/"}}]}},"yoast_meta":{"yoast_wpseo_title":"","yoast_wpseo_metadesc":"","yoast_wpseo_canonical":""},"_links":{"self":[{"href":"https:\/\/exceladvisor.org\/tr\/wp-json\/wp\/v2\/pages\/1688","targetHints":{"allow":["GET"]}}],"collection":[{"href":"https:\/\/exceladvisor.org\/tr\/wp-json\/wp\/v2\/pages"}],"about":[{"href":"https:\/\/exceladvisor.org\/tr\/wp-json\/wp\/v2\/types\/page"}],"author":[{"embeddable":true,"href":"https:\/\/exceladvisor.org\/tr\/wp-json\/wp\/v2\/users\/1"}],"replies":[{"embeddable":true,"href":"https:\/\/exceladvisor.org\/tr\/wp-json\/wp\/v2\/comments?post=1688"}],"version-history":[{"count":1,"href":"https:\/\/exceladvisor.org\/tr\/wp-json\/wp\/v2\/pages\/1688\/revisions"}],"predecessor-version":[{"id":2603,"href":"https:\/\/exceladvisor.org\/tr\/wp-json\/wp\/v2\/pages\/1688\/revisions\/2603"}],"wp:attachment":[{"href":"https:\/\/exceladvisor.org\/tr\/wp-json\/wp\/v2\/media?parent=1688"}],"curies":[{"name":"wp","href":"https:\/\/api.w.org\/{rel}","templated":true}]}}