{"id":1689,"date":"2023-11-11T11:57:31","date_gmt":"2023-11-11T11:57:31","guid":{"rendered":"https:\/\/exceladvisor.org\/tr\/hucre-degeri-numarasi-ise\/"},"modified":"2023-12-10T05:58:53","modified_gmt":"2023-12-10T05:58:53","slug":"hucre-degeri-numarasi-ise","status":"publish","type":"page","link":"https:\/\/exceladvisor.org\/tr\/hucre-degeri-numarasi-ise\/","title":{"rendered":"Bir h\u00fccre de\u011ferinin say\u0131 olup olmad\u0131\u011f\u0131 nas\u0131l kontrol edilir?"},"content":{"rendered":"<div class=\"excel-icerikten-once\" id=\"excel-770597864\"><script type=\"text\/javascript\">\r\n\tatOptions = {\r\n\t\t'key' : 'c1158f160081d6540a8409e6925dab94',\r\n\t\t'format' : 'iframe',\r\n\t\t'height' : 250,\r\n\t\t'width' : 300,\r\n\t\t'params' : {}\r\n\t};\r\n<\/script>\r\n<script type=\"text\/javascript\" src=\"\/\/www.highperformanceformat.com\/c1158f160081d6540a8409e6925dab94\/invoke.js\"><\/script><\/div> <p>Bir h\u00fccre de\u011ferinin say\u0131 olup olmad\u0131\u011f\u0131n\u0131 kontrol etmek i\u00e7in IF + ISNUMBER kombinasyonunu kullanabilirsiniz. Bu kombinasyonda ISNUMBER, bir de\u011ferin say\u0131 olup olmad\u0131\u011f\u0131n\u0131 test eder ve sonucu DO\u011eRU ve YANLI\u015e olarak d\u00f6nd\u00fcr\u00fcr. Bundan sonra IF, sonu\u00e7ta anlaml\u0131 bir de\u011fer d\u00f6nd\u00fcrmek i\u00e7in DO\u011eRU veya YANLI\u015e&#8217;\u0131 kullan\u0131r.<\/p><h2 class=\"wp-block-heading\"> Bir h\u00fccre de\u011ferinin say\u0131 olup olmad\u0131\u011f\u0131n\u0131 test etmek i\u00e7in form\u00fcl<\/h2><p> Bu form\u00fcl\u00fc yazmak i\u00e7in a\u015fa\u011f\u0131daki ad\u0131mlar\u0131 kullanabilirsiniz.<\/p><ol type=\"1\"><li> \u0130lk \u00f6nce bir h\u00fccrenin IF fonksiyonunu girin.<\/li><li> Bundan sonra, IF&#8217;nin (mant\u0131ksal_metin) ilk arg\u00fcman\u0131na ISNUMBER fonksiyonunu girin.<\/li><li> Ard\u0131ndan ESTNUM i\u015flevinde say\u0131y\u0131 test etmek istedi\u011finiz h\u00fccreye bak\u0131n.<\/li><li> \u015eimdi, [do\u011fruysa_de\u011fer] ba\u011f\u0131ms\u0131z de\u011fi\u015fkenine Evet yaz\u0131n ve [yanl\u0131\u015fsa_de\u011fer] ba\u011f\u0131ms\u0131z de\u011fi\u015fkenine Hay\u0131r yaz\u0131n. \u0130htiya\u00e7 duyarsan\u0131z ba\u015fka anlaml\u0131 de\u011ferler de kullanabilirsiniz.<\/li><li> Sonunda kapatma parantezlerini girin ve sonucu almak i\u00e7in Enter tu\u015funa bas\u0131n. <\/li><\/ol><div class=\"wp-block-image\"><figure class=\"aligncenter size-full is-resized\"><img loading=\"lazy\" decoding=\"async\" class=\"alignnone  wp-image-13399\" src=\"https:\/\/exceladvisor.org\/wp-content\/uploads\/2023\/11\/1-formule-pour-tester-la-valeur-de-la-cellule-est-un-nombre.png\" alt=\"1-test edilecek form\u00fclh\u00fccre de\u011feri bir say\u0131d\u0131r\" width=\"404\" height=\"267\" srcset=\"https:\/\/exceladvisor.org\/wp-content\/uploads\/2023\/11\/1-formule-pour-tester-la-valeur-de-la-cellule-est-un-nombre.png 724w, https:\/\/exceladvisor.org\/wp-content\/uploads\/2023\/11\/1-formule-pour-tester-la-valeur-de-la-cellule-est-un-nombre-300x198.png 300w\" sizes=\"auto, (max-width: 404px) 100vw, 404px\"><\/figure><\/div><p> Enter tu\u015funa bast\u0131\u011f\u0131n\u0131z anda, ba\u015fvurulan h\u00fccredeki de\u011fere ba\u011fl\u0131 olarak EVET veya HAYIR de\u011ferini d\u00f6nd\u00fcr\u00fcr.<\/p><h2 class=\"wp-block-heading\"> Bu form\u00fcl nas\u0131l \u00e7al\u0131\u015f\u0131yor?<\/h2><p> Dedi\u011fim gibi bu form\u00fclde iki fonksiyonumuz var, IF + ISNUM. A2 h\u00fccresinde bir numaran\u0131z var, bu y\u00fczden ISNUMBER&#8217;a g\u00f6re sonu\u00e7ta TRUE var. <\/p><div class=\"wp-block-image\"><figure class=\"aligncenter size-full is-resized\"><img loading=\"lazy\" decoding=\"async\" class=\"alignnone  wp-image-13398\" src=\"https:\/\/exceladvisor.org\/wp-content\/uploads\/2023\/11\/comment-cette-formule-fonctionnes.png\" alt=\"bu form\u00fcl nas\u0131l \u00e7al\u0131\u015f\u0131r\" width=\"592\" height=\"375\" srcset=\"https:\/\/exceladvisor.org\/wp-content\/uploads\/2023\/11\/comment-cette-formule-fonctionnes.png 919w, https:\/\/exceladvisor.org\/wp-content\/uploads\/2023\/11\/comment-cette-formule-fonctionnes-300x190.png 300w, https:\/\/exceladvisor.org\/wp-content\/uploads\/2023\/11\/comment-cette-formule-fonctionnes-768x487.png 768w\" sizes=\"auto, (max-width: 592px) 100vw, 592px\"><\/figure><\/div><p> Art\u0131k DO\u011eRU&#8217;ya sahibiz, bu nedenle IF, A2 h\u00fccresindeki de\u011fere ili\u015fkin sonu\u00e7ta EVET de\u011ferini d\u00f6nd\u00fcr\u00fcr.<\/p><pre class=\"wp-block-preformatted\"> =IF(ISNUMBER(A1),\"Yes\",\"No\")<\/pre><h2 class=\"wp-block-heading\"> Mac&#8217;te ayn\u0131 form\u00fcl<\/h2><p> Mac i\u00e7in Excel kullan\u0131yorsan\u0131z form\u00fcl ayn\u0131 olacakt\u0131r ve ayn\u0131 i\u015flevler kullan\u0131larak yaz\u0131labilir. <\/p><div class=\"wp-block-image\"><figure class=\"aligncenter size-full is-resized\"><img loading=\"lazy\" decoding=\"async\" class=\"alignnone  wp-image-13397\" src=\"https:\/\/exceladvisor.org\/wp-content\/uploads\/2023\/11\/meme-formule-dans-macs.png\" alt=\"Mac'lerde ayn\u0131 form\u00fcl\" width=\"588\" height=\"287\" srcset=\"https:\/\/exceladvisor.org\/wp-content\/uploads\/2023\/11\/meme-formule-dans-macs.png 1822w, https:\/\/exceladvisor.org\/wp-content\/uploads\/2023\/11\/meme-formule-dans-macs-300x147.png 300w, https:\/\/exceladvisor.org\/wp-content\/uploads\/2023\/11\/meme-formule-dans-macs-1024x500.png 1024w, https:\/\/exceladvisor.org\/wp-content\/uploads\/2023\/11\/meme-formule-dans-macs-768x375.png 768w, https:\/\/exceladvisor.org\/wp-content\/uploads\/2023\/11\/meme-formule-dans-macs-1536x750.png 1536w\" sizes=\"auto, (max-width: 588px) 100vw, 588px\"><\/figure><\/div><p class=\"grey-note\"> Excel, tarihi say\u0131 olarak saklar. Ve bir h\u00fccrede bir tarih oldu\u011funda, bu ISNUMBER bu tarihi bir say\u0131 olarak ele alacak ve sonu\u00e7ta TRUE de\u011ferini d\u00f6nd\u00fcrecektir. Bu soruna bir \u00e7\u00f6z\u00fcm bulmaya \u00e7al\u0131\u015f\u0131yorum, ancak bu form\u00fcl\u00fc kullanarak h\u00e2l\u00e2 say\u0131 ile tarih aras\u0131ndaki fark\u0131 anlayam\u0131yorum. <\/p><div class=\"gb-container gb-container-52dfcee1 gb-container-sample-file\"><h2 class=\"gb-headline gb-headline-e289c143 gb-headline-text gb-headline-4f7959c2\"> Excel dosyas\u0131n\u0131 al\u0131n<\/h2><p> <a class=\"gb-button gb-button-e88d6bee gb-button-text gb-button-button1\" href=\"https:\/\/exceladvisor.org\/wp-content\/uploads\/2023\/11\/si-nombre.xlsx\" rel=\"nofollow\">\u0130ndirmek<\/a><\/p><\/div><div class=\"gb-container gb-container-0df56012 gb-container-mt\"> <a class=\"gb-button gb-button-f9f432f4 gb-button-text gb-button-mt-button\" href=\"https:\/\/exceladvisor.org\/tr\/formuller\/\">Excel form\u00fcllerinin listesi<\/a><h2 class=\"gb-headline gb-headline-233444e8 gb-headline-text gb-headline-mt-heading\"> \u0130lgili form\u00fcller <\/h2><div class=\"gb-grid-wrapper gb-grid-wrapper-a16fa65c gb-grid-wrapper-mt-grid\"><div class=\"gb-grid-column gb-grid-column-5b4a0cf9\"><div class=\"gb-container gb-container-5b4a0cf9\"><ul><li> <a href=\"https:\/\/exceladvisor.org\/tr\/hucre-bir-parca-iceriyorsa\/\">Bir h\u00fccrenin k\u0131smi metin i\u00e7erip i\u00e7ermedi\u011fini kontrol edin<\/a><\/li><li> <a href=\"https:\/\/exceladvisor.org\/tr\/2-ile-basla\/\">Bir h\u00fccre de\u011feri metinle veya say\u0131yla ba\u015fl\u0131yorsa<\/a><\/li><li> <a href=\"https:\/\/exceladvisor.org\/tr\/medyan-eger-2\/\">IF ile medyan (Ko\u015fullu kriterler)<\/a><\/li><li> <a href=\"https:\/\/exceladvisor.org\/tr\/2-ise-birlestir\/\">B\u0130RLE\u015eT\u0130RME IF (Ko\u015fulla Birle\u015ftir)<\/a><\/li><li> <a href=\"https:\/\/exceladvisor.org\/tr\/2-ise-alt-toplam\/\">IF ile ALTTOPLAM (ko\u015fullu ALTTOPLAM)<\/a><\/li><\/ul><\/div><\/div><\/div><\/div>","protected":false},"excerpt":{"rendered":"","protected":false},"author":1,"featured_media":0,"parent":0,"menu_order":0,"comment_status":"open","ping_status":"closed","template":"","meta":{"ub_ctt_via":"","footnotes":""},"class_list":["post-1689","page","type-page","status-publish","hentry"],"featured_image_src":null,"yoast_head":"<!-- This site is optimized with the Yoast SEO plugin v25.4 - https:\/\/yoast.com\/wordpress\/plugins\/seo\/ -->\n<title>Excel&#039;de bir h\u00fccre de\u011ferinin bir say\u0131 olup olmad\u0131\u011f\u0131n\u0131 kontrol edin<\/title>\n<meta name=\"description\" content=\"Bu e\u011fitimde size bir h\u00fccre de\u011ferinin say\u0131 olup olmad\u0131\u011f\u0131n\u0131 kontrol etmek i\u00e7in bir Excel form\u00fcl\u00fcn\u00fcn nas\u0131l yaz\u0131laca\u011f\u0131 \u00f6\u011fretilecektir. Bunu kontrol edelim\u2026\" \/>\n<meta name=\"robots\" content=\"index, follow, max-snippet:-1, max-image-preview:large, max-video-preview:-1\" \/>\n<link rel=\"canonical\" href=\"https:\/\/exceladvisor.org\/tr\/hucre-degeri-numarasi-ise\/\" \/>\n<meta property=\"og:locale\" content=\"tr_TR\" \/>\n<meta property=\"og:type\" content=\"article\" \/>\n<meta property=\"og:title\" content=\"Excel&#039;de bir h\u00fccre de\u011ferinin bir say\u0131 olup olmad\u0131\u011f\u0131n\u0131 kontrol edin\" \/>\n<meta property=\"og:description\" content=\"Bu e\u011fitimde size bir h\u00fccre de\u011ferinin say\u0131 olup olmad\u0131\u011f\u0131n\u0131 kontrol etmek i\u00e7in bir Excel form\u00fcl\u00fcn\u00fcn nas\u0131l yaz\u0131laca\u011f\u0131 \u00f6\u011fretilecektir. Bunu kontrol edelim\u2026\" \/>\n<meta property=\"og:url\" content=\"https:\/\/exceladvisor.org\/tr\/hucre-degeri-numarasi-ise\/\" \/>\n<meta property=\"og:site_name\" content=\"Excel Advisor\" \/>\n<meta property=\"article:modified_time\" content=\"2023-12-10T05:58:53+00:00\" \/>\n<meta property=\"og:image\" content=\"https:\/\/exceladvisor.org\/wp-content\/uploads\/2023\/11\/1-formule-pour-tester-la-valeur-de-la-cellule-est-un-nombre.png\" \/>\n<meta name=\"twitter:card\" content=\"summary_large_image\" \/>\n<meta name=\"twitter:label1\" content=\"Tahmini okuma s\u00fcresi\" \/>\n\t<meta name=\"twitter:data1\" content=\"2 dakika\" \/>\n<script type=\"application\/ld+json\" class=\"yoast-schema-graph\">{\"@context\":\"https:\/\/schema.org\",\"@graph\":[{\"@type\":\"WebPage\",\"@id\":\"https:\/\/exceladvisor.org\/tr\/hucre-degeri-numarasi-ise\/\",\"url\":\"https:\/\/exceladvisor.org\/tr\/hucre-degeri-numarasi-ise\/\",\"name\":\"Excel&#39;de bir h\u00fccre de\u011ferinin bir say\u0131 olup olmad\u0131\u011f\u0131n\u0131 kontrol edin\",\"isPartOf\":{\"@id\":\"https:\/\/exceladvisor.org\/tr\/#website\"},\"primaryImageOfPage\":{\"@id\":\"https:\/\/exceladvisor.org\/tr\/hucre-degeri-numarasi-ise\/#primaryimage\"},\"image\":{\"@id\":\"https:\/\/exceladvisor.org\/tr\/hucre-degeri-numarasi-ise\/#primaryimage\"},\"thumbnailUrl\":\"https:\/\/exceladvisor.org\/wp-content\/uploads\/2023\/11\/1-formule-pour-tester-la-valeur-de-la-cellule-est-un-nombre.png\",\"datePublished\":\"2023-11-11T11:57:31+00:00\",\"dateModified\":\"2023-12-10T05:58:53+00:00\",\"description\":\"Bu e\u011fitimde size bir h\u00fccre de\u011ferinin say\u0131 olup olmad\u0131\u011f\u0131n\u0131 kontrol etmek i\u00e7in bir Excel form\u00fcl\u00fcn\u00fcn nas\u0131l yaz\u0131laca\u011f\u0131 \u00f6\u011fretilecektir. Bunu kontrol edelim\u2026\",\"breadcrumb\":{\"@id\":\"https:\/\/exceladvisor.org\/tr\/hucre-degeri-numarasi-ise\/#breadcrumb\"},\"inLanguage\":\"tr\",\"potentialAction\":[{\"@type\":\"ReadAction\",\"target\":[\"https:\/\/exceladvisor.org\/tr\/hucre-degeri-numarasi-ise\/\"]}]},{\"@type\":\"ImageObject\",\"inLanguage\":\"tr\",\"@id\":\"https:\/\/exceladvisor.org\/tr\/hucre-degeri-numarasi-ise\/#primaryimage\",\"url\":\"https:\/\/exceladvisor.org\/wp-content\/uploads\/2023\/11\/1-formule-pour-tester-la-valeur-de-la-cellule-est-un-nombre.png\",\"contentUrl\":\"https:\/\/exceladvisor.org\/wp-content\/uploads\/2023\/11\/1-formule-pour-tester-la-valeur-de-la-cellule-est-un-nombre.png\"},{\"@type\":\"BreadcrumbList\",\"@id\":\"https:\/\/exceladvisor.org\/tr\/hucre-degeri-numarasi-ise\/#breadcrumb\",\"itemListElement\":[{\"@type\":\"ListItem\",\"position\":1,\"name\":\"Ev\",\"item\":\"https:\/\/exceladvisor.org\/tr\/\"},{\"@type\":\"ListItem\",\"position\":2,\"name\":\"Bir h\u00fccre de\u011ferinin say\u0131 olup olmad\u0131\u011f\u0131 nas\u0131l kontrol edilir?\"}]},{\"@type\":\"WebSite\",\"@id\":\"https:\/\/exceladvisor.org\/tr\/#website\",\"url\":\"https:\/\/exceladvisor.org\/tr\/\",\"name\":\"Excel Advisor\",\"description\":\"Veri hakimiyetine y\u00f6nelik nihai rehberiniz!\",\"publisher\":{\"@id\":\"https:\/\/exceladvisor.org\/tr\/#organization\"},\"potentialAction\":[{\"@type\":\"SearchAction\",\"target\":{\"@type\":\"EntryPoint\",\"urlTemplate\":\"https:\/\/exceladvisor.org\/tr\/?s={search_term_string}\"},\"query-input\":{\"@type\":\"PropertyValueSpecification\",\"valueRequired\":true,\"valueName\":\"search_term_string\"}}],\"inLanguage\":\"tr\"},{\"@type\":\"Organization\",\"@id\":\"https:\/\/exceladvisor.org\/tr\/#organization\",\"name\":\"Excel Advisor\",\"url\":\"https:\/\/exceladvisor.org\/tr\/\",\"logo\":{\"@type\":\"ImageObject\",\"inLanguage\":\"tr\",\"@id\":\"https:\/\/exceladvisor.org\/tr\/#\/schema\/logo\/image\/\",\"url\":\"https:\/\/exceladvisor.org\/tr\/wp-content\/uploads\/2023\/12\/exceladvisor.org_.png\",\"contentUrl\":\"https:\/\/exceladvisor.org\/tr\/wp-content\/uploads\/2023\/12\/exceladvisor.org_.png\",\"width\":105,\"height\":36,\"caption\":\"Excel Advisor\"},\"image\":{\"@id\":\"https:\/\/exceladvisor.org\/tr\/#\/schema\/logo\/image\/\"}}]}<\/script>\n<!-- \/ Yoast SEO plugin. -->","yoast_head_json":{"title":"Excel&#39;de bir h\u00fccre de\u011ferinin bir say\u0131 olup olmad\u0131\u011f\u0131n\u0131 kontrol edin","description":"Bu e\u011fitimde size bir h\u00fccre de\u011ferinin say\u0131 olup olmad\u0131\u011f\u0131n\u0131 kontrol etmek i\u00e7in bir Excel form\u00fcl\u00fcn\u00fcn nas\u0131l yaz\u0131laca\u011f\u0131 \u00f6\u011fretilecektir. Bunu kontrol edelim\u2026","robots":{"index":"index","follow":"follow","max-snippet":"max-snippet:-1","max-image-preview":"max-image-preview:large","max-video-preview":"max-video-preview:-1"},"canonical":"https:\/\/exceladvisor.org\/tr\/hucre-degeri-numarasi-ise\/","og_locale":"tr_TR","og_type":"article","og_title":"Excel&#39;de bir h\u00fccre de\u011ferinin bir say\u0131 olup olmad\u0131\u011f\u0131n\u0131 kontrol edin","og_description":"Bu e\u011fitimde size bir h\u00fccre de\u011ferinin say\u0131 olup olmad\u0131\u011f\u0131n\u0131 kontrol etmek i\u00e7in bir Excel form\u00fcl\u00fcn\u00fcn nas\u0131l yaz\u0131laca\u011f\u0131 \u00f6\u011fretilecektir. Bunu kontrol edelim\u2026","og_url":"https:\/\/exceladvisor.org\/tr\/hucre-degeri-numarasi-ise\/","og_site_name":"Excel Advisor","article_modified_time":"2023-12-10T05:58:53+00:00","og_image":[{"url":"https:\/\/exceladvisor.org\/wp-content\/uploads\/2023\/11\/1-formule-pour-tester-la-valeur-de-la-cellule-est-un-nombre.png","type":"","width":"","height":""}],"twitter_card":"summary_large_image","twitter_misc":{"Tahmini okuma s\u00fcresi":"2 dakika"},"schema":{"@context":"https:\/\/schema.org","@graph":[{"@type":"WebPage","@id":"https:\/\/exceladvisor.org\/tr\/hucre-degeri-numarasi-ise\/","url":"https:\/\/exceladvisor.org\/tr\/hucre-degeri-numarasi-ise\/","name":"Excel&#39;de bir h\u00fccre de\u011ferinin bir say\u0131 olup olmad\u0131\u011f\u0131n\u0131 kontrol edin","isPartOf":{"@id":"https:\/\/exceladvisor.org\/tr\/#website"},"primaryImageOfPage":{"@id":"https:\/\/exceladvisor.org\/tr\/hucre-degeri-numarasi-ise\/#primaryimage"},"image":{"@id":"https:\/\/exceladvisor.org\/tr\/hucre-degeri-numarasi-ise\/#primaryimage"},"thumbnailUrl":"https:\/\/exceladvisor.org\/wp-content\/uploads\/2023\/11\/1-formule-pour-tester-la-valeur-de-la-cellule-est-un-nombre.png","datePublished":"2023-11-11T11:57:31+00:00","dateModified":"2023-12-10T05:58:53+00:00","description":"Bu e\u011fitimde size bir h\u00fccre de\u011ferinin say\u0131 olup olmad\u0131\u011f\u0131n\u0131 kontrol etmek i\u00e7in bir Excel form\u00fcl\u00fcn\u00fcn nas\u0131l yaz\u0131laca\u011f\u0131 \u00f6\u011fretilecektir. Bunu kontrol edelim\u2026","breadcrumb":{"@id":"https:\/\/exceladvisor.org\/tr\/hucre-degeri-numarasi-ise\/#breadcrumb"},"inLanguage":"tr","potentialAction":[{"@type":"ReadAction","target":["https:\/\/exceladvisor.org\/tr\/hucre-degeri-numarasi-ise\/"]}]},{"@type":"ImageObject","inLanguage":"tr","@id":"https:\/\/exceladvisor.org\/tr\/hucre-degeri-numarasi-ise\/#primaryimage","url":"https:\/\/exceladvisor.org\/wp-content\/uploads\/2023\/11\/1-formule-pour-tester-la-valeur-de-la-cellule-est-un-nombre.png","contentUrl":"https:\/\/exceladvisor.org\/wp-content\/uploads\/2023\/11\/1-formule-pour-tester-la-valeur-de-la-cellule-est-un-nombre.png"},{"@type":"BreadcrumbList","@id":"https:\/\/exceladvisor.org\/tr\/hucre-degeri-numarasi-ise\/#breadcrumb","itemListElement":[{"@type":"ListItem","position":1,"name":"Ev","item":"https:\/\/exceladvisor.org\/tr\/"},{"@type":"ListItem","position":2,"name":"Bir h\u00fccre de\u011ferinin say\u0131 olup olmad\u0131\u011f\u0131 nas\u0131l kontrol edilir?"}]},{"@type":"WebSite","@id":"https:\/\/exceladvisor.org\/tr\/#website","url":"https:\/\/exceladvisor.org\/tr\/","name":"Excel Advisor","description":"Veri hakimiyetine y\u00f6nelik nihai rehberiniz!","publisher":{"@id":"https:\/\/exceladvisor.org\/tr\/#organization"},"potentialAction":[{"@type":"SearchAction","target":{"@type":"EntryPoint","urlTemplate":"https:\/\/exceladvisor.org\/tr\/?s={search_term_string}"},"query-input":{"@type":"PropertyValueSpecification","valueRequired":true,"valueName":"search_term_string"}}],"inLanguage":"tr"},{"@type":"Organization","@id":"https:\/\/exceladvisor.org\/tr\/#organization","name":"Excel Advisor","url":"https:\/\/exceladvisor.org\/tr\/","logo":{"@type":"ImageObject","inLanguage":"tr","@id":"https:\/\/exceladvisor.org\/tr\/#\/schema\/logo\/image\/","url":"https:\/\/exceladvisor.org\/tr\/wp-content\/uploads\/2023\/12\/exceladvisor.org_.png","contentUrl":"https:\/\/exceladvisor.org\/tr\/wp-content\/uploads\/2023\/12\/exceladvisor.org_.png","width":105,"height":36,"caption":"Excel Advisor"},"image":{"@id":"https:\/\/exceladvisor.org\/tr\/#\/schema\/logo\/image\/"}}]}},"yoast_meta":{"yoast_wpseo_title":"","yoast_wpseo_metadesc":"","yoast_wpseo_canonical":""},"_links":{"self":[{"href":"https:\/\/exceladvisor.org\/tr\/wp-json\/wp\/v2\/pages\/1689","targetHints":{"allow":["GET"]}}],"collection":[{"href":"https:\/\/exceladvisor.org\/tr\/wp-json\/wp\/v2\/pages"}],"about":[{"href":"https:\/\/exceladvisor.org\/tr\/wp-json\/wp\/v2\/types\/page"}],"author":[{"embeddable":true,"href":"https:\/\/exceladvisor.org\/tr\/wp-json\/wp\/v2\/users\/1"}],"replies":[{"embeddable":true,"href":"https:\/\/exceladvisor.org\/tr\/wp-json\/wp\/v2\/comments?post=1689"}],"version-history":[{"count":1,"href":"https:\/\/exceladvisor.org\/tr\/wp-json\/wp\/v2\/pages\/1689\/revisions"}],"predecessor-version":[{"id":2278,"href":"https:\/\/exceladvisor.org\/tr\/wp-json\/wp\/v2\/pages\/1689\/revisions\/2278"}],"wp:attachment":[{"href":"https:\/\/exceladvisor.org\/tr\/wp-json\/wp\/v2\/media?parent=1689"}],"curies":[{"name":"wp","href":"https:\/\/api.w.org\/{rel}","templated":true}]}}