{"id":1690,"date":"2023-11-11T11:35:43","date_gmt":"2023-11-11T11:35:43","guid":{"rendered":"https:\/\/exceladvisor.org\/tr\/dinamik-kopru-2\/"},"modified":"2023-12-10T06:01:07","modified_gmt":"2023-12-10T06:01:07","slug":"dinamik-kopru-2","status":"publish","type":"page","link":"https:\/\/exceladvisor.org\/tr\/dinamik-kopru-2\/","title":{"rendered":"Excel&#39;de dinamik bir k\u00f6pr\u00fc nas\u0131l olu\u015fturulur?"},"content":{"rendered":"<div class=\"excel-icerikten-once\" id=\"excel-4179243232\"><script type=\"text\/javascript\">\r\n\tatOptions = {\r\n\t\t'key' : 'c1158f160081d6540a8409e6925dab94',\r\n\t\t'format' : 'iframe',\r\n\t\t'height' : 250,\r\n\t\t'width' : 300,\r\n\t\t'params' : {}\r\n\t};\r\n<\/script>\r\n<script type=\"text\/javascript\" src=\"\/\/www.highperformanceformat.com\/c1158f160081d6540a8409e6925dab94\/invoke.js\"><\/script><\/div> <p>Belirtti\u011finiz ba\u011flant\u0131y\u0131 de\u011fi\u015ftirebilece\u011finiz dinamik bir k\u00f6pr\u00fc olu\u015fturmak i\u00e7in Excel&#8217;in K\u00d6PR\u00dc i\u015flevini kullanman\u0131z gerekir. Bu i\u015flev, \u00e7al\u0131\u015fma kitab\u0131ndaki bir web adresine veya h\u00fccreye ba\u011flant\u0131 belirtmenize olanak tan\u0131r.<\/p><p> Bu dersimizde bunun i\u00e7in nas\u0131l form\u00fcl yazaca\u011f\u0131m\u0131z\u0131 \u00f6\u011frenece\u011fiz.<\/p><h2 class=\"wp-block-heading\"> Dinamik k\u00f6pr\u00fc (web adresi) olu\u015fturmak i\u00e7in bir form\u00fcl yaz\u0131n<\/h2><p> Bunun i\u00e7in a\u015fa\u011f\u0131daki ad\u0131mlar\u0131 kullanabilirsiniz.<\/p><ol type=\"1\"><li> \u0130lk \u00f6nce bir h\u00fccreye HYPERLINK i\u015flevini girin.<\/li><li> Bundan sonra ilk arg\u00fcmanda k\u00f6pr\u00fc adresini g\u00fcncelleyece\u011finiz h\u00fccreye, diyelim B1 h\u00fccresine bak\u0131n.<\/li><li> Ard\u0131ndan, ikinci ba\u011f\u0131ms\u0131z de\u011fi\u015fkende, ba\u011flant\u0131daki nas\u0131l ba\u011flant\u0131s\u0131 i\u00e7in kolay bir ad girin.<\/li><li> Sonunda kapatma parantezlerini girin ve Enter tu\u015funa bas\u0131n. <\/li><\/ol><div class=\"wp-block-image\"><figure class=\"aligncenter size-full is-resized\"><img loading=\"lazy\" decoding=\"async\" class=\"alignnone  wp-image-13351\" src=\"https:\/\/exceladvisor.org\/wp-content\/uploads\/2023\/11\/formule-pour-creer-hyperlien-dynamiques.png\" alt=\"dinamik k\u00f6pr\u00fc olu\u015fturma form\u00fcl\u00fc\" width=\"576\" height=\"253\" srcset=\"https:\/\/exceladvisor.org\/wp-content\/uploads\/2023\/11\/formule-pour-creer-hyperlien-dynamiques.png 1138w, https:\/\/exceladvisor.org\/wp-content\/uploads\/2023\/11\/formule-pour-creer-hyperlien-dynamiques-300x132.png 300w, https:\/\/exceladvisor.org\/wp-content\/uploads\/2023\/11\/formule-pour-creer-hyperlien-dynamiques-1024x449.png 1024w, https:\/\/exceladvisor.org\/wp-content\/uploads\/2023\/11\/formule-pour-creer-hyperlien-dynamiques-768x337.png 768w\" sizes=\"auto, (max-width: 576px) 100vw, 576px\"><\/figure><\/div><pre class=\"wp-block-code\"> <code class=\"language-excel-formula\" lang=\"excel-formula\">=HYPERLINK(B1,\"Hello\")<\/code><\/pre><p> B1 h\u00fccresinde web adresini de\u011fi\u015ftirmek i\u00e7in bir a\u00e7\u0131l\u0131r listemiz var. Ve B1 h\u00fccresindeki ba\u011flant\u0131 adresini de\u011fi\u015ftirdi\u011finiz anda form\u00fcldeki ba\u011flant\u0131 da de\u011fi\u015fecektir.<\/p><h2 class=\"wp-block-heading\"> H\u00fccre adresi i\u00e7in dinamik k\u00f6pr\u00fc olu\u015fturma<\/h2><p> Benzer \u015fekilde, \u00e7al\u0131\u015fma kitab\u0131ndaki bir h\u00fccre i\u00e7in dinamik bir k\u00f6pr\u00fc olu\u015fturabilirsiniz. <\/p><div class=\"wp-block-image\"><figure class=\"aligncenter size-full is-resized\"><img loading=\"lazy\" decoding=\"async\" class=\"wp-image-80174\" src=\"https:\/\/exceladvisor.org\/wp-content\/uploads\/2023\/08\/4-hyperlien-dynamique-pour-une-adresse-cellulaire.png\" sizes=\"auto, \" srcset=\"\" alt=\"bir h\u00fccre adresi i\u00e7in dinamik k\u00f6pr\u00fc\" width=\"620\" height=\"212\"><\/figure><\/div><pre class=\"wp-block-code\"> <code class=\"language-excel-formula\" lang=\"excel-formula\">=HYPERLINK(\"#\"&amp;B1,\"Hello\")<\/code><\/pre><p> Yukar\u0131daki form\u00fclde, &#8216;#&#8217; karakterini B1 h\u00fccresinin h\u00fccre referans\u0131n\u0131n birle\u015fimiyle birlikte kulland\u0131k. Art\u0131k B1 h\u00fccresindeki h\u00fccre adresini de\u011fi\u015ftirdi\u011finiz anda form\u00fcldeki ba\u011flant\u0131 da de\u011fi\u015fiyor. <\/p><div class=\"gb-container gb-container-52dfcee1 gb-container-sample-file\"><h2 class=\"gb-headline gb-headline-e289c143 gb-headline-text gb-headline-4f7959c2\"> Excel dosyas\u0131n\u0131 al\u0131n<\/h2> <a class=\"gb-button gb-button-e88d6bee gb-button-text gb-button-button1\" href=\"https:\/\/exceladvisor.org\/wp-content\/uploads\/2023\/11\/lien-hypertexte-dynamique.xlsx\" rel=\"nofollow\">\u0130ndirmek<\/a><\/div><div class=\"gb-container gb-container-0df56012 gb-container-mt\"> <a class=\"gb-button gb-button-f9f432f4 gb-button-text gb-button-mt-button\" href=\"https:\/\/exceladvisor.org\/tr\/formuller\/\">Excel form\u00fcllerinin listesi<\/a><h2 class=\"gb-headline gb-headline-233444e8 gb-headline-text gb-headline-mt-heading\"> \u0130lgili form\u00fcller <\/h2><div class=\"gb-grid-wrapper gb-grid-wrapper-a16fa65c gb-grid-wrapper-mt-grid\"><div class=\"gb-grid-column gb-grid-column-50d07e0d\"><div class=\"gb-container gb-container-50d07e0d\"><ul><li> <a href=\"https:\/\/exceladvisor.org\/tr\/hucrede-yeni-satir\/\">Excel&#8217;de bir h\u00fccreye yeni bir sat\u0131r ekleme (sat\u0131r sonu)<\/a><\/li><li> <a href=\"https:\/\/exceladvisor.org\/tr\/bastaki-sifirlar\/\">Excel&#8217;de ba\u015ftaki s\u0131f\u0131rlar\u0131 ekleme<\/a><\/li><li> <a href=\"https:\/\/exceladvisor.org\/tr\/hucreleri-virgulle-birlestir\/\">Excel&#8217;de h\u00fccreleri virg\u00fclle birle\u015ftirme (birle\u015ftirme)<\/a><\/li><li> <a href=\"https:\/\/exceladvisor.org\/tr\/bir-dizi-hucreyi-birlestirmek\/\">Excel&#8217;de bir dizi h\u00fccreyi birle\u015ftirme (birle\u015ftirme)<\/a><\/li><li> <a href=\"https:\/\/exceladvisor.org\/tr\/satir-sonunu-birlestirme\/\">Excel&#8217;de sat\u0131r sonuyla birle\u015ftirme<\/a> <\/li><\/ul><\/div><\/div><div class=\"gb-grid-column gb-grid-column-5b4a0cf9\"><div class=\"gb-container gb-container-5b4a0cf9\"><\/div><\/div><\/div><\/div>","protected":false},"excerpt":{"rendered":"","protected":false},"author":1,"featured_media":0,"parent":0,"menu_order":0,"comment_status":"open","ping_status":"closed","template":"","meta":{"ub_ctt_via":"","footnotes":""},"class_list":["post-1690","page","type-page","status-publish","hentry"],"featured_image_src":null,"yoast_head":"<!-- This site is optimized with the Yoast SEO plugin v25.4 - https:\/\/yoast.com\/wordpress\/plugins\/seo\/ -->\n<title>\u25b7 Excel&#039;de dinamik k\u00f6pr\u00fc nas\u0131l olu\u015fturulur?<\/title>\n<meta name=\"description\" content=\"Bu e\u011fitimde size bir h\u00fccrede dinamik k\u00f6pr\u00fc olu\u015fturmak i\u00e7in bir Excel form\u00fcl\u00fcn\u00fcn nas\u0131l yaz\u0131laca\u011f\u0131 \u00f6\u011fretilecektir. Bunu kontrol edelim\u2026\" \/>\n<meta name=\"robots\" content=\"index, follow, max-snippet:-1, max-image-preview:large, max-video-preview:-1\" \/>\n<link rel=\"canonical\" href=\"https:\/\/exceladvisor.org\/tr\/dinamik-kopru-2\/\" \/>\n<meta property=\"og:locale\" content=\"tr_TR\" \/>\n<meta property=\"og:type\" content=\"article\" \/>\n<meta property=\"og:title\" content=\"\u25b7 Excel&#039;de dinamik k\u00f6pr\u00fc nas\u0131l olu\u015fturulur?\" \/>\n<meta property=\"og:description\" content=\"Bu e\u011fitimde size bir h\u00fccrede dinamik k\u00f6pr\u00fc olu\u015fturmak i\u00e7in bir Excel form\u00fcl\u00fcn\u00fcn nas\u0131l yaz\u0131laca\u011f\u0131 \u00f6\u011fretilecektir. Bunu kontrol edelim\u2026\" \/>\n<meta property=\"og:url\" content=\"https:\/\/exceladvisor.org\/tr\/dinamik-kopru-2\/\" \/>\n<meta property=\"og:site_name\" content=\"Excel Advisor\" \/>\n<meta property=\"article:modified_time\" content=\"2023-12-10T06:01:07+00:00\" \/>\n<meta property=\"og:image\" content=\"https:\/\/exceladvisor.org\/wp-content\/uploads\/2023\/11\/formule-pour-creer-hyperlien-dynamiques.png\" \/>\n<meta name=\"twitter:card\" content=\"summary_large_image\" \/>\n<meta name=\"twitter:label1\" content=\"Tahmini okuma s\u00fcresi\" \/>\n\t<meta name=\"twitter:data1\" content=\"2 dakika\" \/>\n<script type=\"application\/ld+json\" class=\"yoast-schema-graph\">{\"@context\":\"https:\/\/schema.org\",\"@graph\":[{\"@type\":\"WebPage\",\"@id\":\"https:\/\/exceladvisor.org\/tr\/dinamik-kopru-2\/\",\"url\":\"https:\/\/exceladvisor.org\/tr\/dinamik-kopru-2\/\",\"name\":\"\u25b7 Excel&#39;de dinamik k\u00f6pr\u00fc nas\u0131l olu\u015fturulur?\",\"isPartOf\":{\"@id\":\"https:\/\/exceladvisor.org\/tr\/#website\"},\"primaryImageOfPage\":{\"@id\":\"https:\/\/exceladvisor.org\/tr\/dinamik-kopru-2\/#primaryimage\"},\"image\":{\"@id\":\"https:\/\/exceladvisor.org\/tr\/dinamik-kopru-2\/#primaryimage\"},\"thumbnailUrl\":\"https:\/\/exceladvisor.org\/wp-content\/uploads\/2023\/11\/formule-pour-creer-hyperlien-dynamiques.png\",\"datePublished\":\"2023-11-11T11:35:43+00:00\",\"dateModified\":\"2023-12-10T06:01:07+00:00\",\"description\":\"Bu e\u011fitimde size bir h\u00fccrede dinamik k\u00f6pr\u00fc olu\u015fturmak i\u00e7in bir Excel form\u00fcl\u00fcn\u00fcn nas\u0131l yaz\u0131laca\u011f\u0131 \u00f6\u011fretilecektir. Bunu kontrol edelim\u2026\",\"breadcrumb\":{\"@id\":\"https:\/\/exceladvisor.org\/tr\/dinamik-kopru-2\/#breadcrumb\"},\"inLanguage\":\"tr\",\"potentialAction\":[{\"@type\":\"ReadAction\",\"target\":[\"https:\/\/exceladvisor.org\/tr\/dinamik-kopru-2\/\"]}]},{\"@type\":\"ImageObject\",\"inLanguage\":\"tr\",\"@id\":\"https:\/\/exceladvisor.org\/tr\/dinamik-kopru-2\/#primaryimage\",\"url\":\"https:\/\/exceladvisor.org\/wp-content\/uploads\/2023\/11\/formule-pour-creer-hyperlien-dynamiques.png\",\"contentUrl\":\"https:\/\/exceladvisor.org\/wp-content\/uploads\/2023\/11\/formule-pour-creer-hyperlien-dynamiques.png\"},{\"@type\":\"BreadcrumbList\",\"@id\":\"https:\/\/exceladvisor.org\/tr\/dinamik-kopru-2\/#breadcrumb\",\"itemListElement\":[{\"@type\":\"ListItem\",\"position\":1,\"name\":\"Ev\",\"item\":\"https:\/\/exceladvisor.org\/tr\/\"},{\"@type\":\"ListItem\",\"position\":2,\"name\":\"Excel&#39;de dinamik bir k\u00f6pr\u00fc nas\u0131l olu\u015fturulur?\"}]},{\"@type\":\"WebSite\",\"@id\":\"https:\/\/exceladvisor.org\/tr\/#website\",\"url\":\"https:\/\/exceladvisor.org\/tr\/\",\"name\":\"Excel Advisor\",\"description\":\"Veri hakimiyetine y\u00f6nelik nihai rehberiniz!\",\"publisher\":{\"@id\":\"https:\/\/exceladvisor.org\/tr\/#organization\"},\"potentialAction\":[{\"@type\":\"SearchAction\",\"target\":{\"@type\":\"EntryPoint\",\"urlTemplate\":\"https:\/\/exceladvisor.org\/tr\/?s={search_term_string}\"},\"query-input\":{\"@type\":\"PropertyValueSpecification\",\"valueRequired\":true,\"valueName\":\"search_term_string\"}}],\"inLanguage\":\"tr\"},{\"@type\":\"Organization\",\"@id\":\"https:\/\/exceladvisor.org\/tr\/#organization\",\"name\":\"Excel Advisor\",\"url\":\"https:\/\/exceladvisor.org\/tr\/\",\"logo\":{\"@type\":\"ImageObject\",\"inLanguage\":\"tr\",\"@id\":\"https:\/\/exceladvisor.org\/tr\/#\/schema\/logo\/image\/\",\"url\":\"https:\/\/exceladvisor.org\/tr\/wp-content\/uploads\/2023\/12\/exceladvisor.org_.png\",\"contentUrl\":\"https:\/\/exceladvisor.org\/tr\/wp-content\/uploads\/2023\/12\/exceladvisor.org_.png\",\"width\":105,\"height\":36,\"caption\":\"Excel Advisor\"},\"image\":{\"@id\":\"https:\/\/exceladvisor.org\/tr\/#\/schema\/logo\/image\/\"}}]}<\/script>\n<!-- \/ Yoast SEO plugin. -->","yoast_head_json":{"title":"\u25b7 Excel&#39;de dinamik k\u00f6pr\u00fc nas\u0131l olu\u015fturulur?","description":"Bu e\u011fitimde size bir h\u00fccrede dinamik k\u00f6pr\u00fc olu\u015fturmak i\u00e7in bir Excel form\u00fcl\u00fcn\u00fcn nas\u0131l yaz\u0131laca\u011f\u0131 \u00f6\u011fretilecektir. Bunu kontrol edelim\u2026","robots":{"index":"index","follow":"follow","max-snippet":"max-snippet:-1","max-image-preview":"max-image-preview:large","max-video-preview":"max-video-preview:-1"},"canonical":"https:\/\/exceladvisor.org\/tr\/dinamik-kopru-2\/","og_locale":"tr_TR","og_type":"article","og_title":"\u25b7 Excel&#39;de dinamik k\u00f6pr\u00fc nas\u0131l olu\u015fturulur?","og_description":"Bu e\u011fitimde size bir h\u00fccrede dinamik k\u00f6pr\u00fc olu\u015fturmak i\u00e7in bir Excel form\u00fcl\u00fcn\u00fcn nas\u0131l yaz\u0131laca\u011f\u0131 \u00f6\u011fretilecektir. Bunu kontrol edelim\u2026","og_url":"https:\/\/exceladvisor.org\/tr\/dinamik-kopru-2\/","og_site_name":"Excel Advisor","article_modified_time":"2023-12-10T06:01:07+00:00","og_image":[{"url":"https:\/\/exceladvisor.org\/wp-content\/uploads\/2023\/11\/formule-pour-creer-hyperlien-dynamiques.png","type":"","width":"","height":""}],"twitter_card":"summary_large_image","twitter_misc":{"Tahmini okuma s\u00fcresi":"2 dakika"},"schema":{"@context":"https:\/\/schema.org","@graph":[{"@type":"WebPage","@id":"https:\/\/exceladvisor.org\/tr\/dinamik-kopru-2\/","url":"https:\/\/exceladvisor.org\/tr\/dinamik-kopru-2\/","name":"\u25b7 Excel&#39;de dinamik k\u00f6pr\u00fc nas\u0131l olu\u015fturulur?","isPartOf":{"@id":"https:\/\/exceladvisor.org\/tr\/#website"},"primaryImageOfPage":{"@id":"https:\/\/exceladvisor.org\/tr\/dinamik-kopru-2\/#primaryimage"},"image":{"@id":"https:\/\/exceladvisor.org\/tr\/dinamik-kopru-2\/#primaryimage"},"thumbnailUrl":"https:\/\/exceladvisor.org\/wp-content\/uploads\/2023\/11\/formule-pour-creer-hyperlien-dynamiques.png","datePublished":"2023-11-11T11:35:43+00:00","dateModified":"2023-12-10T06:01:07+00:00","description":"Bu e\u011fitimde size bir h\u00fccrede dinamik k\u00f6pr\u00fc olu\u015fturmak i\u00e7in bir Excel form\u00fcl\u00fcn\u00fcn nas\u0131l yaz\u0131laca\u011f\u0131 \u00f6\u011fretilecektir. Bunu kontrol edelim\u2026","breadcrumb":{"@id":"https:\/\/exceladvisor.org\/tr\/dinamik-kopru-2\/#breadcrumb"},"inLanguage":"tr","potentialAction":[{"@type":"ReadAction","target":["https:\/\/exceladvisor.org\/tr\/dinamik-kopru-2\/"]}]},{"@type":"ImageObject","inLanguage":"tr","@id":"https:\/\/exceladvisor.org\/tr\/dinamik-kopru-2\/#primaryimage","url":"https:\/\/exceladvisor.org\/wp-content\/uploads\/2023\/11\/formule-pour-creer-hyperlien-dynamiques.png","contentUrl":"https:\/\/exceladvisor.org\/wp-content\/uploads\/2023\/11\/formule-pour-creer-hyperlien-dynamiques.png"},{"@type":"BreadcrumbList","@id":"https:\/\/exceladvisor.org\/tr\/dinamik-kopru-2\/#breadcrumb","itemListElement":[{"@type":"ListItem","position":1,"name":"Ev","item":"https:\/\/exceladvisor.org\/tr\/"},{"@type":"ListItem","position":2,"name":"Excel&#39;de dinamik bir k\u00f6pr\u00fc nas\u0131l olu\u015fturulur?"}]},{"@type":"WebSite","@id":"https:\/\/exceladvisor.org\/tr\/#website","url":"https:\/\/exceladvisor.org\/tr\/","name":"Excel Advisor","description":"Veri hakimiyetine y\u00f6nelik nihai rehberiniz!","publisher":{"@id":"https:\/\/exceladvisor.org\/tr\/#organization"},"potentialAction":[{"@type":"SearchAction","target":{"@type":"EntryPoint","urlTemplate":"https:\/\/exceladvisor.org\/tr\/?s={search_term_string}"},"query-input":{"@type":"PropertyValueSpecification","valueRequired":true,"valueName":"search_term_string"}}],"inLanguage":"tr"},{"@type":"Organization","@id":"https:\/\/exceladvisor.org\/tr\/#organization","name":"Excel Advisor","url":"https:\/\/exceladvisor.org\/tr\/","logo":{"@type":"ImageObject","inLanguage":"tr","@id":"https:\/\/exceladvisor.org\/tr\/#\/schema\/logo\/image\/","url":"https:\/\/exceladvisor.org\/tr\/wp-content\/uploads\/2023\/12\/exceladvisor.org_.png","contentUrl":"https:\/\/exceladvisor.org\/tr\/wp-content\/uploads\/2023\/12\/exceladvisor.org_.png","width":105,"height":36,"caption":"Excel Advisor"},"image":{"@id":"https:\/\/exceladvisor.org\/tr\/#\/schema\/logo\/image\/"}}]}},"yoast_meta":{"yoast_wpseo_title":"","yoast_wpseo_metadesc":"","yoast_wpseo_canonical":""},"_links":{"self":[{"href":"https:\/\/exceladvisor.org\/tr\/wp-json\/wp\/v2\/pages\/1690","targetHints":{"allow":["GET"]}}],"collection":[{"href":"https:\/\/exceladvisor.org\/tr\/wp-json\/wp\/v2\/pages"}],"about":[{"href":"https:\/\/exceladvisor.org\/tr\/wp-json\/wp\/v2\/types\/page"}],"author":[{"embeddable":true,"href":"https:\/\/exceladvisor.org\/tr\/wp-json\/wp\/v2\/users\/1"}],"replies":[{"embeddable":true,"href":"https:\/\/exceladvisor.org\/tr\/wp-json\/wp\/v2\/comments?post=1690"}],"version-history":[{"count":1,"href":"https:\/\/exceladvisor.org\/tr\/wp-json\/wp\/v2\/pages\/1690\/revisions"}],"predecessor-version":[{"id":2474,"href":"https:\/\/exceladvisor.org\/tr\/wp-json\/wp\/v2\/pages\/1690\/revisions\/2474"}],"wp:attachment":[{"href":"https:\/\/exceladvisor.org\/tr\/wp-json\/wp\/v2\/media?parent=1690"}],"curies":[{"name":"wp","href":"https:\/\/api.w.org\/{rel}","templated":true}]}}