{"id":1692,"date":"2023-11-11T11:17:32","date_gmt":"2023-11-11T11:17:32","guid":{"rendered":"https:\/\/exceladvisor.org\/tr\/bul-degistir\/"},"modified":"2023-12-10T06:01:45","modified_gmt":"2023-12-10T06:01:45","slug":"bul-degistir","status":"publish","type":"page","link":"https:\/\/exceladvisor.org\/tr\/bul-degistir\/","title":{"rendered":"Excel&#39;de nas\u0131l bulunur ve de\u011fi\u015ftirilir?"},"content":{"rendered":"<div class=\"excel-icerikten-once\" id=\"excel-3190173280\"><script type=\"text\/javascript\">\r\n\tatOptions = {\r\n\t\t'key' : 'c1158f160081d6540a8409e6925dab94',\r\n\t\t'format' : 'iframe',\r\n\t\t'height' : 250,\r\n\t\t'width' : 300,\r\n\t\t'params' : {}\r\n\t};\r\n<\/script>\r\n<script type=\"text\/javascript\" src=\"\/\/www.highperformanceformat.com\/c1158f160081d6540a8409e6925dab94\/invoke.js\"><\/script><\/div> <p>Bazen bir\u00e7ok proje \u00fczerinde \u00e7al\u0131\u015ft\u0131\u011f\u0131m\u0131zda, bir e-tabloda belirli verileri bulmak zor olabilir. Y\u00fczlerce sat\u0131r ve s\u00fctundan olu\u015fan belgenin tamam\u0131n\u0131 taramak imkans\u0131z bir i\u015ftir.<\/p><p> Bu s\u00fcper g\u00fc\u00e7l\u00fc ve kullan\u0131\u015fl\u0131 bulma ve de\u011fi\u015ftirme \u00f6zelli\u011fi sayesinde, nas\u0131l kullan\u0131laca\u011f\u0131n\u0131 biliyorsan\u0131z herhangi bir say\u0131y\u0131, dizeyi veya \u00f6zel karakteri bulabiliriz. Ek olarak, de\u011fi\u015ftirme i\u015flevi herhangi bir kelimeyi veya de\u011feri ba\u015fkalar\u0131yla de\u011fi\u015ftirmenize olanak tan\u0131r.<\/p><p> Bu derste Bul ve De\u011fi\u015ftir fonksiyonunun nas\u0131l \u00e7al\u0131\u015ft\u0131\u011f\u0131n\u0131 \u00f6\u011frenece\u011fiz veya anlayaca\u011f\u0131z.<\/p><h2 class=\"wp-block-heading\"> Bul ve De\u011fi\u015ftir&#8217;i a\u00e7man\u0131n k\u0131sayolu<\/h2><p> Bul ve De\u011fi\u015ftir se\u00e7ene\u011fini h\u0131zl\u0131 bir \u015fekilde a\u00e7mak i\u00e7in a\u015fa\u011f\u0131daki klavye k\u0131sayollar\u0131n\u0131 kullanabilirsiniz.<\/p><ul><li> <strong>Arama:<\/strong> Ctrl+F<\/li><li> <strong>De\u011fi\u015ftir:<\/strong> Ctrl+H<\/li><\/ul><h2 class=\"wp-block-heading\"> Excel&#8217;deki Bul se\u00e7ene\u011fini kullanma<\/h2><p> Arama se\u00e7ene\u011finin nas\u0131l \u00e7al\u0131\u015ft\u0131\u011f\u0131n\u0131 anlamak i\u00e7in basit bir \u00f6rnek ele alal\u0131m.<\/p><ol><li> \u00d6nce <strong>Giri\u015f<\/strong> sekmesine, ard\u0131ndan <strong>D\u00fczenleme<\/strong> grubuna gidin. Bul ve Se\u00e7 a\u00e7\u0131l\u0131r men\u00fcs\u00fcne t\u0131klay\u0131n ve \u201c <strong>Ara<\/strong> \u201d se\u00e7ene\u011fini se\u00e7in. <br><img loading=\"lazy\" decoding=\"async\" title=\"1-ev-ve-bul se\u00e7ene\u011fi\" src=\"https:\/\/exceladvisor.org\/wp-content\/uploads\/2023\/08\/1-option-daccueil-et-de-recherche.png\" sizes=\"auto, \" srcset=\"\" alt=\"click-home-and-select-find-option\" width=\"813\" height=\"248\"><\/li><li> \u00dczerine t\u0131klad\u0131\u011f\u0131n\u0131zda pencerede \u201c <strong>Bul ve De\u011fi\u015ftir<\/strong> \u201d ileti\u015fim kutusu a\u00e7\u0131lacakt\u0131r.<\/li><li> Art\u0131k e-tablonuzda bulmak istedi\u011finiz de\u011feri \u201c <strong>Bul<\/strong> \u201d giri\u015f kutusuna yazabilirsiniz.<\/li><li> Bundan sonra \u201cEnter\u201d d\u00fc\u011fmesine bast\u0131\u011f\u0131n\u0131zda ayn\u0131 de\u011fere sahip h\u00fccrenin vurgulanaca\u011f\u0131n\u0131 g\u00f6receksiniz. <br><img loading=\"lazy\" decoding=\"async\" title=\"2-hangi se\u00e7ene\u011fi bulun ve girin\" src=\"https:\/\/exceladvisor.org\/wp-content\/uploads\/2023\/08\/2-trouvez-quelle-option-et-entrez.png\" sizes=\"auto, \" srcset=\"\" alt=\"fill-find-what-option-and-enter\" width=\"676\" height=\"271\"><\/li><\/ol><p> \u201c <strong>T\u00fcm\u00fcn\u00fc Bul<\/strong> \u201d butonuna t\u0131klad\u0131\u011f\u0131n\u0131zda size o de\u011ferin veya kelimenin bulundu\u011fu h\u00fccrelerin bir listesi sunulacakt\u0131r. &#8220;Sonrakiyi Bul&#8221; d\u00fc\u011fmesini kullan\u0131rken Excel, sayfada arama de\u011ferinin bulundu\u011fu di\u011fer h\u00fccreyi se\u00e7er ve bu \u015fekilde devam eder. <\/p><div class=\"wp-block-image\"><figure class=\"aligncenter size-full is-resized\"><img loading=\"lazy\" decoding=\"async\" class=\"wp-image-70737\" src=\"https:\/\/exceladvisor.org\/wp-content\/uploads\/2023\/08\/3-trouver-toutes-les-fonctions.png\" sizes=\"auto, \" srcset=\"\" alt=\"t\u00fcm de\u011ferler i\u00e7in t\u00fcm i\u015flevleri bul'a t\u0131klay\u0131n\" width=\"714\" height=\"320\"><\/figure><\/div><h2 class=\"wp-block-heading\"> Excel&#8217;deki De\u011fi\u015ftir se\u00e7ene\u011fini kullanma<\/h2><p> \u015eimdi belirli bir de\u011feri veya veriyi \u00e7al\u0131\u015fma sayfas\u0131ndaki ba\u015fka bir de\u011ferle nas\u0131l de\u011fi\u015ftirebilece\u011fimizi g\u00f6relim. Atman\u0131z gereken ad\u0131mlar \u015funlard\u0131r:<\/p><ol><li> \u00d6ncelikle <strong>Ctrl + H<\/strong> <strong>gibi k\u0131sayol tu\u015flar\u0131n\u0131<\/strong> kullanarak \u201cDe\u011fi\u015ftir\u201d ileti\u015fim kutusunu a\u00e7abilirsiniz. <br><img loading=\"lazy\" decoding=\"async\" title=\"4 ileti\u015fim kutusu bul ve de\u011fi\u015ftir\" src=\"https:\/\/exceladvisor.org\/wp-content\/uploads\/2023\/08\/4-boite-de-dialogue-Rechercher-et-remplacer.png\" sizes=\"auto, \" srcset=\"\" alt=\"find-and-replace-dialog-box\" width=\"669\" height=\"229\"><\/li><li> \u201c <strong>Neyi Bul<\/strong> \u201d ve \u201c <strong>\u015eununla De\u011fi\u015ftir<\/strong> \u201d olmak \u00fczere iki ileti\u015fim kutusu olacakt\u0131r. Burada aramak istedi\u011finiz de\u011feri veya metni doldurabilir ve onunla de\u011fi\u015ftirebilirsiniz.<\/li><li> \u015eimdi \u201c <strong>De\u011fi\u015ftir<\/strong> \u201d <strong>butonuna<\/strong> <strong>t\u0131klad\u0131\u011f\u0131n\u0131zda<\/strong> de\u011fi\u015ftirilen her de\u011fere tek tek bakacaks\u0131n\u0131z. (Bu, \u201c <strong>Sonrakiyi Bul<\/strong> \u201d se\u00e7ene\u011fi gibi \u00e7al\u0131\u015f\u0131r.) <br><img loading=\"lazy\" decoding=\"async\" title=\"5-kullan\u0131m-de\u011fi\u015ftirme se\u00e7ene\u011fi-1\" src=\"https:\/\/exceladvisor.org\/wp-content\/uploads\/2023\/08\/5-utilisez-loption-de-remplacement-1.png\" sizes=\"auto, \" srcset=\"\" alt=\"\" width=\"742\" height=\"252\"><\/li><li> Ayr\u0131ca \u201c <strong>T\u00fcm\u00fcn\u00fc De\u011fi\u015ftir<\/strong> \u201d butonu size zaman kazand\u0131racak ve <strong>tek t\u0131klamayla<\/strong> <strong>t\u00fcm verileri de\u011fi\u015ftirecektir<\/strong> . <br><img loading=\"lazy\" decoding=\"async\" title=\"6-hepsini de\u011fi\u015ftir se\u00e7ene\u011fi\" src=\"https:\/\/exceladvisor.org\/wp-content\/uploads\/2023\/08\/6-remplacer-toutes-les-options.png\" sizes=\"auto, \" srcset=\"\" alt=\"use-replace-all-option\" width=\"669\" height=\"228\"><\/li><\/ol><h2 class=\"wp-block-heading\"> Bul ve daha fazla se\u00e7enekle de\u011fi\u015ftir<\/h2><p> Bul ve De\u011fi\u015ftir ileti\u015fim kutusunda, verileri e-tablodaki ihtiya\u00e7lar\u0131n\u0131za g\u00f6re \u00f6zelle\u015ftirmenize yard\u0131mc\u0131 olacak geli\u015fmi\u015f se\u00e7enekler vard\u0131r. Bunu ayr\u0131nt\u0131l\u0131 olarak tart\u0131\u015fal\u0131m:<\/p><ol><li> \u00d6ncelikle arama ileti\u015fim kutusunu a\u00e7mak i\u00e7in <strong>Ctrl+F k\u0131sayol tu\u015flar\u0131n\u0131<\/strong> kullan\u0131n. Daha sonra ileti\u015fim kutusundaki \u201c <strong>Se\u00e7enekler<\/strong> \u201d d\u00fc\u011fmesine t\u0131klay\u0131n.<\/li><li> \u00dczerine t\u0131klad\u0131\u011f\u0131n\u0131zda, \u00e7e\u015fitli \u00f6zel ko\u015fullara sahip farkl\u0131 ayarlar bulabilirsiniz.<\/li><li> Birincisi \u201c <strong>\u0130\u00e7eride<\/strong> \u201d. Buradaki a\u00e7\u0131l\u0131r men\u00fcy\u00fc t\u0131klad\u0131\u011f\u0131n\u0131zda, de\u011feri sayfada veya \u00e7al\u0131\u015fma kitab\u0131n\u0131n tamam\u0131nda arama se\u00e7ene\u011finiz olur. <br><img loading=\"lazy\" decoding=\"async\" title=\"Sayfada 7-daha-fazla se\u00e7enek\" src=\"https:\/\/exceladvisor.org\/wp-content\/uploads\/2023\/08\/7-options-supplementaires-dans-la-feuille.png\" sizes=\"auto, \" srcset=\"\" alt=\"more-options-within-sheet-find-and-replace\" width=\"703\" height=\"322\"><\/li><li> Daha sonra \u201c <strong>arama kutusu<\/strong> \u201d verileri sat\u0131r ve s\u00fctunlarda ayr\u0131 ayr\u0131 bulman\u0131z\u0131 sa\u011flayacakt\u0131r.<\/li><li> Ancak <strong>\u201cBul\u201d se\u00e7ene\u011fi<\/strong> durumunda belirli bir form\u00fcl\u00fc, de\u011ferleri ve yorumlar\u0131 i\u00e7eren bir h\u00fccreyi do\u011frudan bulabilirsiniz. <br><img loading=\"lazy\" decoding=\"async\" title=\"8 arama ve arama se\u00e7ene\u011fi\" src=\"https:\/\/exceladvisor.org\/wp-content\/uploads\/2023\/08\/8-rechercher-et-regarder-dans-les-options.png\" sizes=\"auto, \" srcset=\"\" alt=\"search-and-look-in-options-find-and-replace\" width=\"692\" height=\"283\"><\/li><\/ol><p> <strong>B\u00fcy\u00fck\/k\u00fc\u00e7\u00fck harf e\u015fle\u015ftir:<\/strong> Bir de\u011feri tam olarak b\u00fcy\u00fck\/k\u00fc\u00e7\u00fck harfe g\u00f6re aramak istedi\u011finizde bu se\u00e7ene\u011fi i\u015faretleyebilirsiniz. \u00d6rne\u011fin: B\u00fcy\u00fck harfli bir de\u011feriniz oldu\u011funda ve yaln\u0131zca b\u00fcy\u00fck harfli de\u011ferleri aramak istedi\u011finizde. <\/p><div class=\"wp-block-image\"><figure class=\"aligncenter size-full is-resized\"><img loading=\"lazy\" decoding=\"async\" class=\"wp-image-70962\" src=\"https:\/\/exceladvisor.org\/wp-content\/uploads\/2023\/08\/11-ajouts-de-boitiers-dallumettes.png\" sizes=\"auto, \" srcset=\"\" alt=\"e\u015fle\u015fme-durumu-eklemeleri\" width=\"764\" height=\"390\"><\/figure><\/div><p> <strong>T\u00fcm H\u00fccre \u0130\u00e7eri\u011fini E\u015fle\u015ftir:<\/strong> Bu se\u00e7ene\u011fe t\u0131klad\u0131\u011f\u0131n\u0131zda, araman\u0131za ekledi\u011finiz e\u015fle\u015fmenin ayn\u0131s\u0131n\u0131 vurgulaman\u0131za yard\u0131mc\u0131 olacakt\u0131r. \u00dcstelik bu durumda herhangi bir sembol veya karakterle ayn\u0131 de\u011feri bulmak m\u00fcmk\u00fcn de\u011fildir. <\/p><div class=\"wp-block-image\"><figure class=\"aligncenter size-full is-resized\"><img loading=\"lazy\" decoding=\"async\" class=\"wp-image-70966\" src=\"https:\/\/exceladvisor.org\/wp-content\/uploads\/2023\/08\/12-correspondent-a-des-ajouts-de-contenu-de-cellule-entiers.png\" sizes=\"auto, \" srcset=\"\" alt=\"\" width=\"798\" height=\"412\"><\/figure><\/div><div class=\"gb-container gb-container-4db6181c gb-container-mt\"> <a class=\"gb-button gb-button-c5897111 gb-button-text gb-button-mt-button\" href=\"https:\/\/exceladvisor.org\/tr\/excelin-temelleri\/\">Microsoft Excel Temelleri (Bile\u015fenler, Par\u00e7alar ve Bilgi Notlar\u0131)<\/a><h2 class=\"gb-headline gb-headline-665e5f6b gb-headline-text gb-headline-mt-heading\"> \u0130lgili e\u011fitimler <\/h2><div class=\"gb-grid-wrapper gb-grid-wrapper-a20baf7c gb-grid-wrapper-mt-grid\"><div class=\"gb-grid-column gb-grid-column-65ddf67e\"><div class=\"gb-container gb-container-65ddf67e\"><ul><li> <a href=\"https:\/\/exceladvisor.org\/tr\/bir-cizgi-ciz\/\">Excel&#8217;de bir \u00e7izgi \u00e7izin<\/a><\/li><li> <a href=\"https:\/\/exceladvisor.org\/tr\/dugme-ekle\/\">Excel&#8217;e d\u00fc\u011fme ekleme<\/a><\/li><li> <a href=\"https:\/\/exceladvisor.org\/tr\/ayrisan-hucreleri-birlestirme\/\">Birle\u015ftirme \u2013 Excel&#8217;deki h\u00fccrelerin grubunu \u00e7\u00f6zme<\/a><\/li><li> <a href=\"https:\/\/exceladvisor.org\/tr\/yazim-denetleyicisi\/\">Excel&#8217;de yaz\u0131m denetimi<\/a><\/li><li> <a href=\"https:\/\/exceladvisor.org\/tr\/para-cekme\/\">Excel&#8217;de girintiyi art\u0131rma ve azaltma<\/a> <\/li><\/ul><\/div><\/div><div class=\"gb-grid-column gb-grid-column-50067b57\"><div class=\"gb-container gb-container-50067b57\"><\/div><\/div><\/div><\/div>","protected":false},"excerpt":{"rendered":"","protected":false},"author":1,"featured_media":0,"parent":0,"menu_order":0,"comment_status":"open","ping_status":"closed","template":"","meta":{"ub_ctt_via":"","footnotes":""},"class_list":["post-1692","page","type-page","status-publish","hentry"],"featured_image_src":null,"yoast_head":"<!-- This site is optimized with the Yoast SEO plugin v25.4 - https:\/\/yoast.com\/wordpress\/plugins\/seo\/ -->\n<title>Excel&#039;de Bul ve De\u011fi\u015ftir (Temelden \u0130leri D\u00fczey 2023&#039;e)<\/title>\n<meta name=\"description\" content=\"Bu derste Excel&#039;deki Bul ve De\u011fi\u015ftir se\u00e7ene\u011fini sahip oldu\u011fumuz t\u00fcm se\u00e7eneklerle nas\u0131l kullanaca\u011f\u0131m\u0131z\u0131 \u00f6\u011frenece\u011fiz.\" \/>\n<meta name=\"robots\" content=\"index, follow, max-snippet:-1, max-image-preview:large, max-video-preview:-1\" \/>\n<link rel=\"canonical\" href=\"https:\/\/exceladvisor.org\/tr\/bul-degistir\/\" \/>\n<meta property=\"og:locale\" content=\"tr_TR\" \/>\n<meta property=\"og:type\" content=\"article\" \/>\n<meta property=\"og:title\" content=\"Excel&#039;de Bul ve De\u011fi\u015ftir (Temelden \u0130leri D\u00fczey 2023&#039;e)\" \/>\n<meta property=\"og:description\" content=\"Bu derste Excel&#039;deki Bul ve De\u011fi\u015ftir se\u00e7ene\u011fini sahip oldu\u011fumuz t\u00fcm se\u00e7eneklerle nas\u0131l kullanaca\u011f\u0131m\u0131z\u0131 \u00f6\u011frenece\u011fiz.\" \/>\n<meta property=\"og:url\" content=\"https:\/\/exceladvisor.org\/tr\/bul-degistir\/\" \/>\n<meta property=\"og:site_name\" content=\"Excel Advisor\" \/>\n<meta property=\"article:modified_time\" content=\"2023-12-10T06:01:45+00:00\" \/>\n<meta property=\"og:image\" content=\"https:\/\/exceladvisor.org\/wp-content\/uploads\/2023\/08\/1-option-daccueil-et-de-recherche.png\" \/>\n<meta name=\"twitter:card\" content=\"summary_large_image\" \/>\n<meta name=\"twitter:label1\" content=\"Tahmini okuma s\u00fcresi\" \/>\n\t<meta name=\"twitter:data1\" content=\"4 dakika\" \/>\n<script type=\"application\/ld+json\" class=\"yoast-schema-graph\">{\"@context\":\"https:\/\/schema.org\",\"@graph\":[{\"@type\":\"WebPage\",\"@id\":\"https:\/\/exceladvisor.org\/tr\/bul-degistir\/\",\"url\":\"https:\/\/exceladvisor.org\/tr\/bul-degistir\/\",\"name\":\"Excel&#39;de Bul ve De\u011fi\u015ftir (Temelden \u0130leri D\u00fczey 2023&#39;e)\",\"isPartOf\":{\"@id\":\"https:\/\/exceladvisor.org\/tr\/#website\"},\"primaryImageOfPage\":{\"@id\":\"https:\/\/exceladvisor.org\/tr\/bul-degistir\/#primaryimage\"},\"image\":{\"@id\":\"https:\/\/exceladvisor.org\/tr\/bul-degistir\/#primaryimage\"},\"thumbnailUrl\":\"https:\/\/exceladvisor.org\/wp-content\/uploads\/2023\/08\/1-option-daccueil-et-de-recherche.png\",\"datePublished\":\"2023-11-11T11:17:32+00:00\",\"dateModified\":\"2023-12-10T06:01:45+00:00\",\"description\":\"Bu derste Excel&#39;deki Bul ve De\u011fi\u015ftir se\u00e7ene\u011fini sahip oldu\u011fumuz t\u00fcm se\u00e7eneklerle nas\u0131l kullanaca\u011f\u0131m\u0131z\u0131 \u00f6\u011frenece\u011fiz.\",\"breadcrumb\":{\"@id\":\"https:\/\/exceladvisor.org\/tr\/bul-degistir\/#breadcrumb\"},\"inLanguage\":\"tr\",\"potentialAction\":[{\"@type\":\"ReadAction\",\"target\":[\"https:\/\/exceladvisor.org\/tr\/bul-degistir\/\"]}]},{\"@type\":\"ImageObject\",\"inLanguage\":\"tr\",\"@id\":\"https:\/\/exceladvisor.org\/tr\/bul-degistir\/#primaryimage\",\"url\":\"https:\/\/exceladvisor.org\/wp-content\/uploads\/2023\/08\/1-option-daccueil-et-de-recherche.png\",\"contentUrl\":\"https:\/\/exceladvisor.org\/wp-content\/uploads\/2023\/08\/1-option-daccueil-et-de-recherche.png\"},{\"@type\":\"BreadcrumbList\",\"@id\":\"https:\/\/exceladvisor.org\/tr\/bul-degistir\/#breadcrumb\",\"itemListElement\":[{\"@type\":\"ListItem\",\"position\":1,\"name\":\"Ev\",\"item\":\"https:\/\/exceladvisor.org\/tr\/\"},{\"@type\":\"ListItem\",\"position\":2,\"name\":\"Excel&#39;de nas\u0131l bulunur ve de\u011fi\u015ftirilir?\"}]},{\"@type\":\"WebSite\",\"@id\":\"https:\/\/exceladvisor.org\/tr\/#website\",\"url\":\"https:\/\/exceladvisor.org\/tr\/\",\"name\":\"Excel Advisor\",\"description\":\"Veri hakimiyetine y\u00f6nelik nihai rehberiniz!\",\"publisher\":{\"@id\":\"https:\/\/exceladvisor.org\/tr\/#organization\"},\"potentialAction\":[{\"@type\":\"SearchAction\",\"target\":{\"@type\":\"EntryPoint\",\"urlTemplate\":\"https:\/\/exceladvisor.org\/tr\/?s={search_term_string}\"},\"query-input\":{\"@type\":\"PropertyValueSpecification\",\"valueRequired\":true,\"valueName\":\"search_term_string\"}}],\"inLanguage\":\"tr\"},{\"@type\":\"Organization\",\"@id\":\"https:\/\/exceladvisor.org\/tr\/#organization\",\"name\":\"Excel Advisor\",\"url\":\"https:\/\/exceladvisor.org\/tr\/\",\"logo\":{\"@type\":\"ImageObject\",\"inLanguage\":\"tr\",\"@id\":\"https:\/\/exceladvisor.org\/tr\/#\/schema\/logo\/image\/\",\"url\":\"https:\/\/exceladvisor.org\/tr\/wp-content\/uploads\/2023\/12\/exceladvisor.org_.png\",\"contentUrl\":\"https:\/\/exceladvisor.org\/tr\/wp-content\/uploads\/2023\/12\/exceladvisor.org_.png\",\"width\":105,\"height\":36,\"caption\":\"Excel Advisor\"},\"image\":{\"@id\":\"https:\/\/exceladvisor.org\/tr\/#\/schema\/logo\/image\/\"}}]}<\/script>\n<!-- \/ Yoast SEO plugin. -->","yoast_head_json":{"title":"Excel&#39;de Bul ve De\u011fi\u015ftir (Temelden \u0130leri D\u00fczey 2023&#39;e)","description":"Bu derste Excel&#39;deki Bul ve De\u011fi\u015ftir se\u00e7ene\u011fini sahip oldu\u011fumuz t\u00fcm se\u00e7eneklerle nas\u0131l kullanaca\u011f\u0131m\u0131z\u0131 \u00f6\u011frenece\u011fiz.","robots":{"index":"index","follow":"follow","max-snippet":"max-snippet:-1","max-image-preview":"max-image-preview:large","max-video-preview":"max-video-preview:-1"},"canonical":"https:\/\/exceladvisor.org\/tr\/bul-degistir\/","og_locale":"tr_TR","og_type":"article","og_title":"Excel&#39;de Bul ve De\u011fi\u015ftir (Temelden \u0130leri D\u00fczey 2023&#39;e)","og_description":"Bu derste Excel&#39;deki Bul ve De\u011fi\u015ftir se\u00e7ene\u011fini sahip oldu\u011fumuz t\u00fcm se\u00e7eneklerle nas\u0131l kullanaca\u011f\u0131m\u0131z\u0131 \u00f6\u011frenece\u011fiz.","og_url":"https:\/\/exceladvisor.org\/tr\/bul-degistir\/","og_site_name":"Excel Advisor","article_modified_time":"2023-12-10T06:01:45+00:00","og_image":[{"url":"https:\/\/exceladvisor.org\/wp-content\/uploads\/2023\/08\/1-option-daccueil-et-de-recherche.png","type":"","width":"","height":""}],"twitter_card":"summary_large_image","twitter_misc":{"Tahmini okuma s\u00fcresi":"4 dakika"},"schema":{"@context":"https:\/\/schema.org","@graph":[{"@type":"WebPage","@id":"https:\/\/exceladvisor.org\/tr\/bul-degistir\/","url":"https:\/\/exceladvisor.org\/tr\/bul-degistir\/","name":"Excel&#39;de Bul ve De\u011fi\u015ftir (Temelden \u0130leri D\u00fczey 2023&#39;e)","isPartOf":{"@id":"https:\/\/exceladvisor.org\/tr\/#website"},"primaryImageOfPage":{"@id":"https:\/\/exceladvisor.org\/tr\/bul-degistir\/#primaryimage"},"image":{"@id":"https:\/\/exceladvisor.org\/tr\/bul-degistir\/#primaryimage"},"thumbnailUrl":"https:\/\/exceladvisor.org\/wp-content\/uploads\/2023\/08\/1-option-daccueil-et-de-recherche.png","datePublished":"2023-11-11T11:17:32+00:00","dateModified":"2023-12-10T06:01:45+00:00","description":"Bu derste Excel&#39;deki Bul ve De\u011fi\u015ftir se\u00e7ene\u011fini sahip oldu\u011fumuz t\u00fcm se\u00e7eneklerle nas\u0131l kullanaca\u011f\u0131m\u0131z\u0131 \u00f6\u011frenece\u011fiz.","breadcrumb":{"@id":"https:\/\/exceladvisor.org\/tr\/bul-degistir\/#breadcrumb"},"inLanguage":"tr","potentialAction":[{"@type":"ReadAction","target":["https:\/\/exceladvisor.org\/tr\/bul-degistir\/"]}]},{"@type":"ImageObject","inLanguage":"tr","@id":"https:\/\/exceladvisor.org\/tr\/bul-degistir\/#primaryimage","url":"https:\/\/exceladvisor.org\/wp-content\/uploads\/2023\/08\/1-option-daccueil-et-de-recherche.png","contentUrl":"https:\/\/exceladvisor.org\/wp-content\/uploads\/2023\/08\/1-option-daccueil-et-de-recherche.png"},{"@type":"BreadcrumbList","@id":"https:\/\/exceladvisor.org\/tr\/bul-degistir\/#breadcrumb","itemListElement":[{"@type":"ListItem","position":1,"name":"Ev","item":"https:\/\/exceladvisor.org\/tr\/"},{"@type":"ListItem","position":2,"name":"Excel&#39;de nas\u0131l bulunur ve de\u011fi\u015ftirilir?"}]},{"@type":"WebSite","@id":"https:\/\/exceladvisor.org\/tr\/#website","url":"https:\/\/exceladvisor.org\/tr\/","name":"Excel Advisor","description":"Veri hakimiyetine y\u00f6nelik nihai rehberiniz!","publisher":{"@id":"https:\/\/exceladvisor.org\/tr\/#organization"},"potentialAction":[{"@type":"SearchAction","target":{"@type":"EntryPoint","urlTemplate":"https:\/\/exceladvisor.org\/tr\/?s={search_term_string}"},"query-input":{"@type":"PropertyValueSpecification","valueRequired":true,"valueName":"search_term_string"}}],"inLanguage":"tr"},{"@type":"Organization","@id":"https:\/\/exceladvisor.org\/tr\/#organization","name":"Excel Advisor","url":"https:\/\/exceladvisor.org\/tr\/","logo":{"@type":"ImageObject","inLanguage":"tr","@id":"https:\/\/exceladvisor.org\/tr\/#\/schema\/logo\/image\/","url":"https:\/\/exceladvisor.org\/tr\/wp-content\/uploads\/2023\/12\/exceladvisor.org_.png","contentUrl":"https:\/\/exceladvisor.org\/tr\/wp-content\/uploads\/2023\/12\/exceladvisor.org_.png","width":105,"height":36,"caption":"Excel Advisor"},"image":{"@id":"https:\/\/exceladvisor.org\/tr\/#\/schema\/logo\/image\/"}}]}},"yoast_meta":{"yoast_wpseo_title":"","yoast_wpseo_metadesc":"","yoast_wpseo_canonical":""},"_links":{"self":[{"href":"https:\/\/exceladvisor.org\/tr\/wp-json\/wp\/v2\/pages\/1692","targetHints":{"allow":["GET"]}}],"collection":[{"href":"https:\/\/exceladvisor.org\/tr\/wp-json\/wp\/v2\/pages"}],"about":[{"href":"https:\/\/exceladvisor.org\/tr\/wp-json\/wp\/v2\/types\/page"}],"author":[{"embeddable":true,"href":"https:\/\/exceladvisor.org\/tr\/wp-json\/wp\/v2\/users\/1"}],"replies":[{"embeddable":true,"href":"https:\/\/exceladvisor.org\/tr\/wp-json\/wp\/v2\/comments?post=1692"}],"version-history":[{"count":1,"href":"https:\/\/exceladvisor.org\/tr\/wp-json\/wp\/v2\/pages\/1692\/revisions"}],"predecessor-version":[{"id":2555,"href":"https:\/\/exceladvisor.org\/tr\/wp-json\/wp\/v2\/pages\/1692\/revisions\/2555"}],"wp:attachment":[{"href":"https:\/\/exceladvisor.org\/tr\/wp-json\/wp\/v2\/media?parent=1692"}],"curies":[{"name":"wp","href":"https:\/\/api.w.org\/{rel}","templated":true}]}}