{"id":1693,"date":"2023-11-11T10:48:33","date_gmt":"2023-11-11T10:48:33","guid":{"rendered":"https:\/\/exceladvisor.org\/tr\/bos-olmayan-hucrelerin-ortalamasi-2\/"},"modified":"2023-12-10T06:03:14","modified_gmt":"2023-12-10T06:03:14","slug":"bos-olmayan-hucrelerin-ortalamasi-2","status":"publish","type":"page","link":"https:\/\/exceladvisor.org\/tr\/bos-olmayan-hucrelerin-ortalamasi-2\/","title":{"rendered":"Excel&#39;de yaln\u0131zca bo\u015f olmayan h\u00fccrelerin ortalamas\u0131"},"content":{"rendered":"<div class=\"excel-icerikten-once\" id=\"excel-1537004333\"><script type=\"text\/javascript\">\r\n\tatOptions = {\r\n\t\t'key' : 'c1158f160081d6540a8409e6925dab94',\r\n\t\t'format' : 'iframe',\r\n\t\t'height' : 250,\r\n\t\t'width' : 300,\r\n\t\t'params' : {}\r\n\t};\r\n<\/script>\r\n<script type=\"text\/javascript\" src=\"\/\/www.highperformanceformat.com\/c1158f160081d6540a8409e6925dab94\/invoke.js\"><\/script><\/div> <p>Excel&#8217;de yaln\u0131zca bo\u015f olmayan h\u00fccrelerin ortalamas\u0131n\u0131 hesaplamak i\u00e7in E\u011eER ORTALAMA i\u015flevini kullanman\u0131z gerekir. Kriterlerde yaln\u0131zca bo\u015f olmayan h\u00fccrelere at\u0131fta bulunmak i\u00e7in <a href=\"https:\/\/exceladvisor.org\/tr\/esit-degil\/\">is not equal<\/a> operat\u00f6r\u00fcn\u00fc kullanman\u0131z gerekir. Bu derste bu form\u00fcle derinlemesine bakaca\u011f\u0131z.<\/p><h2 class=\"wp-block-heading\"> Yaln\u0131zca bo\u015f olmayan h\u00fccrelerin ortalamas\u0131<\/h2><p> A\u015fa\u011f\u0131daki ad\u0131mlar\u0131 kullanabilirsiniz:<\/p><ol type=\"1\"><li> \u00d6ncelikle C1 h\u00fccresine E\u011eER ORTALAMA fonksiyonunu girin.<\/li><li> Bundan sonra, ilk arg\u00fcmanda (aral\u0131k) A1:A9 aral\u0131\u011f\u0131na bak\u0131n.<\/li><li> \u015eimdi ikinci arg\u00fcmanda enter, \u00e7ift t\u0131rnak kullanan operat\u00f6re e\u015fit de\u011fildir.<\/li><li> Sonunda kapatma parantezlerini girin ve sonucu almak i\u00e7in Enter tu\u015funa bas\u0131n. <\/li><\/ol><div class=\"wp-block-image\"><figure class=\"aligncenter size-full is-resized\"><img loading=\"lazy\" decoding=\"async\" class=\"wp-image-79245\" src=\"https:\/\/exceladvisor.org\/wp-content\/uploads\/2023\/08\/1-moyenne-si-pour-les-cellules-non-vides.png\" sizes=\"auto, \" srcset=\"\" alt=\"bo\u015f olmayan h\u00fccreler i\u00e7in ortalamalar\" width=\"484\" height=\"525\"><\/figure><\/div><pre class=\"wp-block-code\"> <code class=\"language-excel-formula\" lang=\"excel-formula\">=AVERAGEIF(A1:A9,\"&lt;&gt;\")<\/code><\/pre><p> ORTALAMAIF i\u015flevini kulland\u0131\u011f\u0131n\u0131zda yaln\u0131zca bo\u015f olmayan h\u00fccreleri dikkate al\u0131r ve yaln\u0131zca bu h\u00fccrelerin ortalamas\u0131n\u0131 al\u0131r. De\u011ferimizin oldu\u011fu h\u00fccreleri se\u00e7ti\u011fimde <a href=\"https:\/\/exceladvisor.org\/tr\/durum-cubugu\/\">durum \u00e7ubu\u011funda<\/a> ayn\u0131 ortalaman\u0131n g\u00f6r\u00fcnt\u00fclendi\u011fini g\u00f6rebilirsiniz. <\/p><div class=\"wp-block-image\"><figure class=\"aligncenter size-full is-resized\"><img loading=\"lazy\" decoding=\"async\" class=\"wp-image-79246\" src=\"https:\/\/exceladvisor.org\/wp-content\/uploads\/2023\/08\/2-resultat-moyen-pour-les-cellules-non-vides.png\" sizes=\"auto, \" srcset=\"\" alt=\"bo\u015f olmayan h\u00fccreler i\u00e7in ortalama sonu\u00e7\" width=\"589\" height=\"324\"><\/figure><\/div><h2 class=\"wp-block-heading\"> Kar\u015f\u0131la\u015fabilece\u011finiz bir sorun<\/h2><p> Aral\u0131kta bo\u015f bir h\u00fccreniz olabilir ve bu bo\u015f h\u00fccrenin g\u00f6r\u00fcnmez alan\u0131 olabilir. Bu durumda form\u00fcl\u00fcn\u00fcz bu h\u00fccreyi bo\u015f olarak de\u011ferlendirmeyecek ve onu da i\u00e7eren ortalamay\u0131 hesaplayacakt\u0131r.<\/p><p> \u0130ki kriteri belirtmek i\u00e7in ORTALAMAIF&#8217;yi kulland\u0131\u011f\u0131m\u0131z a\u015fa\u011f\u0131daki form\u00fcl\u00fc kullanabilirsiniz; biri bo\u015f olmayan h\u00fccreleri dahil etmek, di\u011feri ise bo\u015fluk i\u00e7eren h\u00fccreleri yok saymakt\u0131r.<\/p><pre class=\"wp-block-code\"> <code class=\"language-excel-formula\" lang=\"excel-formula\">=AVERAGEIFS(A1:A9,A1:A9,\"&lt;&gt;\",A1:A9,\"&lt;&gt;\"&amp;\" \")<\/code><\/pre><div class=\"gb-container gb-container-52dfcee1 gb-container-sample-file\"><h2 class=\"gb-headline gb-headline-e289c143 gb-headline-text gb-headline-4f7959c2\"> Excel dosyas\u0131n\u0131 al\u0131n<\/h2><p> <a class=\"gb-button gb-button-e88d6bee gb-button-text gb-button-button1\" href=\"https:\/\/exceladvisor.org\/wp-content\/uploads\/2023\/08\/moyenne-des-cellules-non-vides.xlsx\" rel=\"nofollow\">\u0130ndirmek<\/a><\/p><\/div><div class=\"gb-container gb-container-0df56012 gb-container-mt\"> <a class=\"gb-button gb-button-f9f432f4 gb-button-text gb-button-mt-button\" href=\"https:\/\/exceladvisor.org\/tr\/formuller\/\">Excel form\u00fcllerinin listesi<\/a><h2 class=\"gb-headline gb-headline-233444e8 gb-headline-text gb-headline-mt-heading\"> \u0130lgili form\u00fcller <\/h2><div class=\"gb-grid-wrapper gb-grid-wrapper-a16fa65c gb-grid-wrapper-mt-grid\"><div class=\"gb-grid-column gb-grid-column-50d07e0d\"><div class=\"gb-container gb-container-50d07e0d\"><ul><li> <a href=\"https:\/\/exceladvisor.org\/tr\/ortalama-maksimum-degerler\/\">Excel&#8217;deki en y\u00fcksek 5 de\u011ferin ortalamas\u0131<\/a><\/li><li> <a href=\"https:\/\/exceladvisor.org\/tr\/agirlikli-ortalama\/\">Excel&#8217;de a\u011f\u0131rl\u0131kl\u0131 ortalamay\u0131 hesaplay\u0131n<\/a><\/li><li> <a href=\"https:\/\/exceladvisor.org\/tr\/ortalama-goz-ardi-edilen-hatalar-2\/\">Ortalama ancak hatalar\u0131 g\u00f6z ard\u0131 edin (#YOK ve di\u011fer hatalar)<\/a><\/li><li> <a href=\"https:\/\/exceladvisor.org\/tr\/ortalama-sifirlari-haric-tutar-2\/\">Ortalama say\u0131 ancak s\u0131f\u0131rlar\u0131 hari\u00e7 tutun<\/a> <\/li><\/ul><\/div><\/div><div class=\"gb-grid-column gb-grid-column-5b4a0cf9\"><div class=\"gb-container gb-container-5b4a0cf9\"><\/div><\/div><\/div><\/div>","protected":false},"excerpt":{"rendered":"","protected":false},"author":1,"featured_media":0,"parent":0,"menu_order":0,"comment_status":"open","ping_status":"closed","template":"","meta":{"ub_ctt_via":"","footnotes":""},"class_list":["post-1693","page","type-page","status-publish","hentry"],"featured_image_src":null,"yoast_head":"<!-- This site is optimized with the Yoast SEO plugin v25.4 - https:\/\/yoast.com\/wordpress\/plugins\/seo\/ -->\n<title>Excel&#039;de yaln\u0131zca bo\u015f olmayan h\u00fccrelerin ortalamas\u0131<\/title>\n<meta name=\"description\" content=\"Bu e\u011fitim size yaln\u0131zca bo\u015f olmayan h\u00fccrelerin ortalamas\u0131n\u0131 almak i\u00e7in bir Excel form\u00fcl\u00fcn\u00fcn nas\u0131l yaz\u0131laca\u011f\u0131n\u0131 \u00f6\u011fretecektir. Bunu kontrol edelim\u2026\" \/>\n<meta name=\"robots\" content=\"index, follow, max-snippet:-1, max-image-preview:large, max-video-preview:-1\" \/>\n<link rel=\"canonical\" href=\"https:\/\/exceladvisor.org\/tr\/bos-olmayan-hucrelerin-ortalamasi-2\/\" \/>\n<meta property=\"og:locale\" content=\"tr_TR\" \/>\n<meta property=\"og:type\" content=\"article\" \/>\n<meta property=\"og:title\" content=\"Excel&#039;de yaln\u0131zca bo\u015f olmayan h\u00fccrelerin ortalamas\u0131\" \/>\n<meta property=\"og:description\" content=\"Bu e\u011fitim size yaln\u0131zca bo\u015f olmayan h\u00fccrelerin ortalamas\u0131n\u0131 almak i\u00e7in bir Excel form\u00fcl\u00fcn\u00fcn nas\u0131l yaz\u0131laca\u011f\u0131n\u0131 \u00f6\u011fretecektir. Bunu kontrol edelim\u2026\" \/>\n<meta property=\"og:url\" content=\"https:\/\/exceladvisor.org\/tr\/bos-olmayan-hucrelerin-ortalamasi-2\/\" \/>\n<meta property=\"og:site_name\" content=\"Excel Advisor\" \/>\n<meta property=\"article:modified_time\" content=\"2023-12-10T06:03:14+00:00\" \/>\n<meta property=\"og:image\" content=\"https:\/\/exceladvisor.org\/wp-content\/uploads\/2023\/08\/1-moyenne-si-pour-les-cellules-non-vides.png\" \/>\n<meta name=\"twitter:card\" content=\"summary_large_image\" \/>\n<meta name=\"twitter:label1\" content=\"Tahmini okuma s\u00fcresi\" \/>\n\t<meta name=\"twitter:data1\" content=\"2 dakika\" \/>\n<script type=\"application\/ld+json\" class=\"yoast-schema-graph\">{\"@context\":\"https:\/\/schema.org\",\"@graph\":[{\"@type\":\"WebPage\",\"@id\":\"https:\/\/exceladvisor.org\/tr\/bos-olmayan-hucrelerin-ortalamasi-2\/\",\"url\":\"https:\/\/exceladvisor.org\/tr\/bos-olmayan-hucrelerin-ortalamasi-2\/\",\"name\":\"Excel&#39;de yaln\u0131zca bo\u015f olmayan h\u00fccrelerin ortalamas\u0131\",\"isPartOf\":{\"@id\":\"https:\/\/exceladvisor.org\/tr\/#website\"},\"primaryImageOfPage\":{\"@id\":\"https:\/\/exceladvisor.org\/tr\/bos-olmayan-hucrelerin-ortalamasi-2\/#primaryimage\"},\"image\":{\"@id\":\"https:\/\/exceladvisor.org\/tr\/bos-olmayan-hucrelerin-ortalamasi-2\/#primaryimage\"},\"thumbnailUrl\":\"https:\/\/exceladvisor.org\/wp-content\/uploads\/2023\/08\/1-moyenne-si-pour-les-cellules-non-vides.png\",\"datePublished\":\"2023-11-11T10:48:33+00:00\",\"dateModified\":\"2023-12-10T06:03:14+00:00\",\"description\":\"Bu e\u011fitim size yaln\u0131zca bo\u015f olmayan h\u00fccrelerin ortalamas\u0131n\u0131 almak i\u00e7in bir Excel form\u00fcl\u00fcn\u00fcn nas\u0131l yaz\u0131laca\u011f\u0131n\u0131 \u00f6\u011fretecektir. Bunu kontrol edelim\u2026\",\"breadcrumb\":{\"@id\":\"https:\/\/exceladvisor.org\/tr\/bos-olmayan-hucrelerin-ortalamasi-2\/#breadcrumb\"},\"inLanguage\":\"tr\",\"potentialAction\":[{\"@type\":\"ReadAction\",\"target\":[\"https:\/\/exceladvisor.org\/tr\/bos-olmayan-hucrelerin-ortalamasi-2\/\"]}]},{\"@type\":\"ImageObject\",\"inLanguage\":\"tr\",\"@id\":\"https:\/\/exceladvisor.org\/tr\/bos-olmayan-hucrelerin-ortalamasi-2\/#primaryimage\",\"url\":\"https:\/\/exceladvisor.org\/wp-content\/uploads\/2023\/08\/1-moyenne-si-pour-les-cellules-non-vides.png\",\"contentUrl\":\"https:\/\/exceladvisor.org\/wp-content\/uploads\/2023\/08\/1-moyenne-si-pour-les-cellules-non-vides.png\"},{\"@type\":\"BreadcrumbList\",\"@id\":\"https:\/\/exceladvisor.org\/tr\/bos-olmayan-hucrelerin-ortalamasi-2\/#breadcrumb\",\"itemListElement\":[{\"@type\":\"ListItem\",\"position\":1,\"name\":\"Ev\",\"item\":\"https:\/\/exceladvisor.org\/tr\/\"},{\"@type\":\"ListItem\",\"position\":2,\"name\":\"Excel&#39;de yaln\u0131zca bo\u015f olmayan h\u00fccrelerin ortalamas\u0131\"}]},{\"@type\":\"WebSite\",\"@id\":\"https:\/\/exceladvisor.org\/tr\/#website\",\"url\":\"https:\/\/exceladvisor.org\/tr\/\",\"name\":\"Excel Advisor\",\"description\":\"Veri hakimiyetine y\u00f6nelik nihai rehberiniz!\",\"publisher\":{\"@id\":\"https:\/\/exceladvisor.org\/tr\/#organization\"},\"potentialAction\":[{\"@type\":\"SearchAction\",\"target\":{\"@type\":\"EntryPoint\",\"urlTemplate\":\"https:\/\/exceladvisor.org\/tr\/?s={search_term_string}\"},\"query-input\":{\"@type\":\"PropertyValueSpecification\",\"valueRequired\":true,\"valueName\":\"search_term_string\"}}],\"inLanguage\":\"tr\"},{\"@type\":\"Organization\",\"@id\":\"https:\/\/exceladvisor.org\/tr\/#organization\",\"name\":\"Excel Advisor\",\"url\":\"https:\/\/exceladvisor.org\/tr\/\",\"logo\":{\"@type\":\"ImageObject\",\"inLanguage\":\"tr\",\"@id\":\"https:\/\/exceladvisor.org\/tr\/#\/schema\/logo\/image\/\",\"url\":\"https:\/\/exceladvisor.org\/tr\/wp-content\/uploads\/2023\/12\/exceladvisor.org_.png\",\"contentUrl\":\"https:\/\/exceladvisor.org\/tr\/wp-content\/uploads\/2023\/12\/exceladvisor.org_.png\",\"width\":105,\"height\":36,\"caption\":\"Excel Advisor\"},\"image\":{\"@id\":\"https:\/\/exceladvisor.org\/tr\/#\/schema\/logo\/image\/\"}}]}<\/script>\n<!-- \/ Yoast SEO plugin. -->","yoast_head_json":{"title":"Excel&#39;de yaln\u0131zca bo\u015f olmayan h\u00fccrelerin ortalamas\u0131","description":"Bu e\u011fitim size yaln\u0131zca bo\u015f olmayan h\u00fccrelerin ortalamas\u0131n\u0131 almak i\u00e7in bir Excel form\u00fcl\u00fcn\u00fcn nas\u0131l yaz\u0131laca\u011f\u0131n\u0131 \u00f6\u011fretecektir. Bunu kontrol edelim\u2026","robots":{"index":"index","follow":"follow","max-snippet":"max-snippet:-1","max-image-preview":"max-image-preview:large","max-video-preview":"max-video-preview:-1"},"canonical":"https:\/\/exceladvisor.org\/tr\/bos-olmayan-hucrelerin-ortalamasi-2\/","og_locale":"tr_TR","og_type":"article","og_title":"Excel&#39;de yaln\u0131zca bo\u015f olmayan h\u00fccrelerin ortalamas\u0131","og_description":"Bu e\u011fitim size yaln\u0131zca bo\u015f olmayan h\u00fccrelerin ortalamas\u0131n\u0131 almak i\u00e7in bir Excel form\u00fcl\u00fcn\u00fcn nas\u0131l yaz\u0131laca\u011f\u0131n\u0131 \u00f6\u011fretecektir. Bunu kontrol edelim\u2026","og_url":"https:\/\/exceladvisor.org\/tr\/bos-olmayan-hucrelerin-ortalamasi-2\/","og_site_name":"Excel Advisor","article_modified_time":"2023-12-10T06:03:14+00:00","og_image":[{"url":"https:\/\/exceladvisor.org\/wp-content\/uploads\/2023\/08\/1-moyenne-si-pour-les-cellules-non-vides.png","type":"","width":"","height":""}],"twitter_card":"summary_large_image","twitter_misc":{"Tahmini okuma s\u00fcresi":"2 dakika"},"schema":{"@context":"https:\/\/schema.org","@graph":[{"@type":"WebPage","@id":"https:\/\/exceladvisor.org\/tr\/bos-olmayan-hucrelerin-ortalamasi-2\/","url":"https:\/\/exceladvisor.org\/tr\/bos-olmayan-hucrelerin-ortalamasi-2\/","name":"Excel&#39;de yaln\u0131zca bo\u015f olmayan h\u00fccrelerin ortalamas\u0131","isPartOf":{"@id":"https:\/\/exceladvisor.org\/tr\/#website"},"primaryImageOfPage":{"@id":"https:\/\/exceladvisor.org\/tr\/bos-olmayan-hucrelerin-ortalamasi-2\/#primaryimage"},"image":{"@id":"https:\/\/exceladvisor.org\/tr\/bos-olmayan-hucrelerin-ortalamasi-2\/#primaryimage"},"thumbnailUrl":"https:\/\/exceladvisor.org\/wp-content\/uploads\/2023\/08\/1-moyenne-si-pour-les-cellules-non-vides.png","datePublished":"2023-11-11T10:48:33+00:00","dateModified":"2023-12-10T06:03:14+00:00","description":"Bu e\u011fitim size yaln\u0131zca bo\u015f olmayan h\u00fccrelerin ortalamas\u0131n\u0131 almak i\u00e7in bir Excel form\u00fcl\u00fcn\u00fcn nas\u0131l yaz\u0131laca\u011f\u0131n\u0131 \u00f6\u011fretecektir. Bunu kontrol edelim\u2026","breadcrumb":{"@id":"https:\/\/exceladvisor.org\/tr\/bos-olmayan-hucrelerin-ortalamasi-2\/#breadcrumb"},"inLanguage":"tr","potentialAction":[{"@type":"ReadAction","target":["https:\/\/exceladvisor.org\/tr\/bos-olmayan-hucrelerin-ortalamasi-2\/"]}]},{"@type":"ImageObject","inLanguage":"tr","@id":"https:\/\/exceladvisor.org\/tr\/bos-olmayan-hucrelerin-ortalamasi-2\/#primaryimage","url":"https:\/\/exceladvisor.org\/wp-content\/uploads\/2023\/08\/1-moyenne-si-pour-les-cellules-non-vides.png","contentUrl":"https:\/\/exceladvisor.org\/wp-content\/uploads\/2023\/08\/1-moyenne-si-pour-les-cellules-non-vides.png"},{"@type":"BreadcrumbList","@id":"https:\/\/exceladvisor.org\/tr\/bos-olmayan-hucrelerin-ortalamasi-2\/#breadcrumb","itemListElement":[{"@type":"ListItem","position":1,"name":"Ev","item":"https:\/\/exceladvisor.org\/tr\/"},{"@type":"ListItem","position":2,"name":"Excel&#39;de yaln\u0131zca bo\u015f olmayan h\u00fccrelerin ortalamas\u0131"}]},{"@type":"WebSite","@id":"https:\/\/exceladvisor.org\/tr\/#website","url":"https:\/\/exceladvisor.org\/tr\/","name":"Excel Advisor","description":"Veri hakimiyetine y\u00f6nelik nihai rehberiniz!","publisher":{"@id":"https:\/\/exceladvisor.org\/tr\/#organization"},"potentialAction":[{"@type":"SearchAction","target":{"@type":"EntryPoint","urlTemplate":"https:\/\/exceladvisor.org\/tr\/?s={search_term_string}"},"query-input":{"@type":"PropertyValueSpecification","valueRequired":true,"valueName":"search_term_string"}}],"inLanguage":"tr"},{"@type":"Organization","@id":"https:\/\/exceladvisor.org\/tr\/#organization","name":"Excel Advisor","url":"https:\/\/exceladvisor.org\/tr\/","logo":{"@type":"ImageObject","inLanguage":"tr","@id":"https:\/\/exceladvisor.org\/tr\/#\/schema\/logo\/image\/","url":"https:\/\/exceladvisor.org\/tr\/wp-content\/uploads\/2023\/12\/exceladvisor.org_.png","contentUrl":"https:\/\/exceladvisor.org\/tr\/wp-content\/uploads\/2023\/12\/exceladvisor.org_.png","width":105,"height":36,"caption":"Excel Advisor"},"image":{"@id":"https:\/\/exceladvisor.org\/tr\/#\/schema\/logo\/image\/"}}]}},"yoast_meta":{"yoast_wpseo_title":"","yoast_wpseo_metadesc":"","yoast_wpseo_canonical":""},"_links":{"self":[{"href":"https:\/\/exceladvisor.org\/tr\/wp-json\/wp\/v2\/pages\/1693","targetHints":{"allow":["GET"]}}],"collection":[{"href":"https:\/\/exceladvisor.org\/tr\/wp-json\/wp\/v2\/pages"}],"about":[{"href":"https:\/\/exceladvisor.org\/tr\/wp-json\/wp\/v2\/types\/page"}],"author":[{"embeddable":true,"href":"https:\/\/exceladvisor.org\/tr\/wp-json\/wp\/v2\/users\/1"}],"replies":[{"embeddable":true,"href":"https:\/\/exceladvisor.org\/tr\/wp-json\/wp\/v2\/comments?post=1693"}],"version-history":[{"count":1,"href":"https:\/\/exceladvisor.org\/tr\/wp-json\/wp\/v2\/pages\/1693\/revisions"}],"predecessor-version":[{"id":2642,"href":"https:\/\/exceladvisor.org\/tr\/wp-json\/wp\/v2\/pages\/1693\/revisions\/2642"}],"wp:attachment":[{"href":"https:\/\/exceladvisor.org\/tr\/wp-json\/wp\/v2\/media?parent=1693"}],"curies":[{"name":"wp","href":"https:\/\/api.w.org\/{rel}","templated":true}]}}