{"id":1694,"date":"2023-11-11T08:48:18","date_gmt":"2023-11-11T08:48:18","guid":{"rendered":"https:\/\/exceladvisor.org\/tr\/bir-satir-ekle-1\/"},"modified":"2023-12-10T06:02:55","modified_gmt":"2023-12-10T06:02:55","slug":"bir-satir-ekle-1","status":"publish","type":"page","link":"https:\/\/exceladvisor.org\/tr\/bir-satir-ekle-1\/","title":{"rendered":"Excel&#39;de vba kullanarak sat\u0131r nas\u0131l eklenir?"},"content":{"rendered":"<div class=\"excel-icerikten-once\" id=\"excel-4029133827\"><script type=\"text\/javascript\">\r\n\tatOptions = {\r\n\t\t'key' : 'c1158f160081d6540a8409e6925dab94',\r\n\t\t'format' : 'iframe',\r\n\t\t'height' : 250,\r\n\t\t'width' : 300,\r\n\t\t'params' : {}\r\n\t};\r\n<\/script>\r\n<script type=\"text\/javascript\" src=\"\/\/www.highperformanceformat.com\/c1158f160081d6540a8409e6925dab94\/invoke.js\"><\/script><\/div> <p>Bu dersimizde Excel&#8217;de VBA kodunu kullanarak sat\u0131r veya s\u00fctunun nas\u0131l eklenece\u011fini g\u00f6rece\u011fiz. Bunun i\u00e7in makro yazman\u0131n farkl\u0131 yollar\u0131n\u0131n neler oldu\u011funu da ke\u015ffedece\u011fiz.<\/p><h2 class=\"wp-block-heading\"> <strong>VBA kullanarak tek bir sat\u0131r ekleme<\/strong><\/h2><p> VBA kodunu kullanarak sat\u0131r eklemek i\u00e7in \u201cEkle\u201d y\u00f6ntemiyle \u201cT\u00fcm Sat\u0131r\u201d \u00f6zelli\u011fini kullanman\u0131z gerekir. T\u00fcm sat\u0131r \u00f6zelli\u011fiyle, bir h\u00fccre kullanarak sat\u0131r\u0131n tamam\u0131na ba\u015fvuruda bulunabilir ve ard\u0131ndan buraya yeni bir sat\u0131r ekleyebilirsiniz. Varsay\u0131lan olarak bahsetti\u011finiz h\u00fccrenin \u00f6n\u00fcne tek bir sat\u0131r eklenecektir. <\/p><div class=\"wp-block-image\"><figure class=\"aligncenter size-large is-resized\"><img loading=\"lazy\" decoding=\"async\" class=\"wp-image-54129\" src=\"https:\/\/exceladvisor.org\/wp-content\/uploads\/2023\/08\/1-inserer-une-seule-ligne-en-utilisant-vba.png\" sizes=\"auto, \" srcset=\"\" alt=\"vba kullanarak tek sat\u0131r ekleme\" width=\"583\" height=\"317\"><\/figure><\/div><ol type=\"1\"><li> \u00d6ncelikle aral\u0131k nesnesini kullanarak bir h\u00fccre belirtin.<\/li><li> \u015eimdi \u00f6zelliklerin ve y\u00f6ntemlerin listesini almak i\u00e7in bir nokta (.) girin.<\/li><li> Bundan sonra \u201cT\u00fcm Sat\u0131r\u201d \u00f6zelli\u011fini se\u00e7in veya girin.<\/li><li> Sonunda tekrar nokta (.) girin ve \u201cEkle\u201d y\u00f6ntemini se\u00e7in veya yaz\u0131n.<\/li><\/ol><pre class=\"wp-block-code\"> <code class=\"language-visual-basic\" lang=\"visual-basic\">Range(\"A1\").EntireRow.Insert<\/code><\/pre><p> Kodunuz buraya sat\u0131r eklemek i\u00e7in haz\u0131r. Art\u0131k bu kodu \u00e7al\u0131\u015ft\u0131rd\u0131\u011f\u0131n\u0131zda, an\u0131nda A1 h\u00fccresinden \u00f6nce yeni bir sat\u0131r ekliyor.<\/p><h2 class=\"wp-block-heading\"> <strong>Birden \u00e7ok sat\u0131r ekle<\/strong><\/h2><p> Buldu\u011fum bir e-tabloya birden fazla sat\u0131r eklemenin iki yolu var. Birincisi yukar\u0131daki \u00f6rnekte kulland\u0131\u011f\u0131m\u0131z ekleme y\u00f6nteminin ayn\u0131s\u0131d\u0131r.<\/p><p> Bununla numaras\u0131 eklemek istedi\u011finiz sat\u0131r say\u0131s\u0131na e\u015fit olan bir aral\u0131k belirtmeniz gerekir. \u015eimdi diyelim ki arkas\u0131na 5 sat\u0131r eklemek istiyorsunuz, bu durumda bu \u015fekilde bir kod kullanabilirsiniz. <\/p><div class=\"wp-block-image\"><figure class=\"aligncenter size-large is-resized\"><img loading=\"lazy\" decoding=\"async\" class=\"wp-image-54130\" src=\"https:\/\/exceladvisor.org\/wp-content\/uploads\/2023\/08\/2-inserer-plusieurs-lignes.png\" sizes=\"auto, \" srcset=\"\" alt=\"birden fazla sat\u0131r ekle\" width=\"608\" height=\"342\"><\/figure><\/div><p> D\u00fcr\u00fcst olmak gerekirse bu y\u00f6ntemi pek kullan\u0131\u015fl\u0131 bulmad\u0131m \u00e7\u00fcnk\u00fc sat\u0131r say\u0131s\u0131n\u0131 de\u011fi\u015ftirmek istiyorsan\u0131z aral\u0131\u011f\u0131 de\u011fi\u015ftirmeniz gerekiyor.<\/p><p> \u0130\u015fte ikinci y\u00f6ntem.<\/p><pre class=\"wp-block-code\"> <code class=\"language-visual-basic\" lang=\"visual-basic\">Dim iRow As Long Dim iCount As Long Dim i As Long iCount = InputBox(Prompt:=\"How many rows you want to add?\") iRow = InputBox _ (Prompt:=\"After which row you want to add new rows? (Enter the row number\") For i = 1 To iCount Rows(iRow).EntireRow.Insert Next i<\/code><\/pre><p> Bu kodu \u00e7al\u0131\u015ft\u0131rd\u0131\u011f\u0131n\u0131zda sizden eklemek istedi\u011finiz sat\u0131r say\u0131s\u0131n\u0131 ve ard\u0131ndan t\u00fcm bu sat\u0131rlar\u0131 eklemek istedi\u011finiz sat\u0131r numaras\u0131n\u0131 girmenizi istiyor. Bu say\u0131da d\u00f6ng\u00fc yapmak ve sat\u0131rlar\u0131 birer birer eklemek i\u00e7in <a href=\"https:\/\/exceladvisor.org\/tr\/dongu-icin\/\">FOR (Sonraki \u0130\u00e7in) d\u00f6ng\u00fcs\u00fcn\u00fc<\/a> kullan\u0131r.<\/p><h2 class=\"wp-block-heading\"> <strong>H\u00fccre de\u011ferlerine g\u00f6re sat\u0131r ekleme<\/strong><\/h2><p> <a href=\"https:\/\/exceladvisor.org\/tr\/hucre-degeri\/\">H\u00fccre de\u011ferine<\/a> g\u00f6re sat\u0131r eklemek istiyorsan\u0131z a\u015fa\u011f\u0131daki kodu kullanabilirsiniz.<\/p><pre class=\"wp-block-code\"> <code class=\"language-visual-basic\" lang=\"visual-basic\">Dim iRow As Long Dim iCount As Long Dim i As Long iCount = Range(\"A1\").Value iRow = Range(\"B1\").Value For i = 1 To iCount Rows(iRow).EntireRow.Insert Next i<\/code><\/pre><p> Bu makroyu \u00e7al\u0131\u015ft\u0131rd\u0131\u011f\u0131n\u0131zda A1 h\u00fccresindeki sat\u0131r say\u0131s\u0131n\u0131 ve B1 h\u00fccresinden sat\u0131r eklemek istedi\u011finiz sat\u0131r\u0131 al\u0131r.<\/p><h2 class=\"wp-block-heading\"> <strong>Bi\u00e7imlendirmeden sat\u0131r ekleme<\/strong><\/h2><p> Yukar\u0131daki sat\u0131r\u0131n belirli bir bi\u00e7imlendirmeye sahip oldu\u011fu bir sat\u0131r ekledi\u011finizde, bu durumda sat\u0131r da otomatik olarak bu bi\u00e7imlendirmeye sahip olacakt\u0131r. Ve bu durumla ba\u015f etmenin en kolay yolu <a href=\"https:\/\/exceladvisor.org\/tr\/icerigi-temizle-1\/\">anla\u015f\u0131l\u0131r formatlar<\/a> kullanmakt\u0131r. A\u015fa\u011f\u0131daki kodu g\u00f6z \u00f6n\u00fcnde bulundurun.<\/p><pre class=\"wp-block-code\"> <code class=\"language-visual-basic\" lang=\"visual-basic\">Rows(7).EntireRow.Insert Rows(7).ClearFormats<\/code><\/pre><p> Yukar\u0131daki kodu \u00e7al\u0131\u015ft\u0131rd\u0131\u011f\u0131n\u0131zda <sup>7.<\/sup> sat\u0131rdan \u00f6nce yeni bir sat\u0131r ekliyor. \u015eimdi ne oluyor, <sup>7.<\/sup> sat\u0131r\u0131n \u00f6n\u00fcne bir sat\u0131r ekledi\u011finizde, o yeni sat\u0131r <sup>7.<\/sup> sat\u0131r oluyor, ard\u0131ndan ikinci kod sat\u0131r\u0131 o sat\u0131r\u0131n formatlar\u0131n\u0131 temizliyor.<\/p><h2 class=\"wp-block-heading\"> <strong>Kopyalanan bir sat\u0131r ekle<\/strong><\/h2><p> Ayn\u0131 y\u00f6ntemi bir sat\u0131r\u0131 kopyalay\u0131p ba\u015fka bir yere eklemek i\u00e7in de kullanabilirsiniz. A\u015fa\u011f\u0131daki koda bak\u0131n.<\/p><pre class=\"wp-block-code\"> <code class=\"language-visual-basic\" lang=\"visual-basic\">Application.CutCopyMode = False With Worksheets(\"Data\") .Rows(5).Copy .Rows(9).Insert Shift:=xlShiftDown End With Application.CutCopyMode = True<\/code><\/pre><div class=\"gb-container gb-container-4db6181c gb-container-mt\"> <a class=\"gb-button gb-button-c5897111 gb-button-text gb-button-mt-button\" href=\"https:\/\/exceladvisor.org\/tr\/vba\/\">VBA nedir<\/a><h2 class=\"gb-headline gb-headline-665e5f6b gb-headline-text gb-headline-mt-heading\"> \u0130lgili e\u011fitimler <\/h2><div class=\"gb-grid-wrapper gb-grid-wrapper-a20baf7c gb-grid-wrapper-mt-grid\"><div class=\"gb-grid-column gb-grid-column-65ddf67e\"><div class=\"gb-container gb-container-65ddf67e\"><ul><li> <a href=\"https:\/\/exceladvisor.org\/tr\/satir-sayisi\/\">Excel&#8217;de VBA kullanarak sat\u0131rlar\u0131 sayma<\/a><\/li><li> <a href=\"https:\/\/exceladvisor.org\/tr\/karakter-yazi-tipi\/\">Excel VBA yaz\u0131 tipi (renk, boyut, t\u00fcr ve kal\u0131n)<\/a><\/li><li> <a href=\"https:\/\/exceladvisor.org\/tr\/sutun-satirini-gosteri-gizle\/\">Excel VBA Bir s\u00fctunu veya sat\u0131r\u0131 gizleyin ve g\u00f6sterin<\/a><\/li><li> <a href=\"https:\/\/exceladvisor.org\/tr\/aralik-1\/\">Excel VBA Aral\u0131\u011f\u0131 \u2013 Aral\u0131k ve H\u00fccrelerle \u00c7al\u0131\u015fmak<\/a><\/li><li> <a href=\"https:\/\/exceladvisor.org\/tr\/sinirlar\/\">Excel&#8217;de VBA kullanarak h\u00fccreye kenarl\u0131klar uygulama<\/a> <\/li><\/ul><\/div><\/div><div class=\"gb-grid-column gb-grid-column-50067b57\"><div class=\"gb-container gb-container-50067b57\"><\/div><\/div><\/div><\/div>","protected":false},"excerpt":{"rendered":"","protected":false},"author":1,"featured_media":0,"parent":0,"menu_order":0,"comment_status":"open","ping_status":"closed","template":"","meta":{"ub_ctt_via":"","footnotes":""},"class_list":["post-1694","page","type-page","status-publish","hentry"],"featured_image_src":null,"yoast_head":"<!-- This site is optimized with the Yoast SEO plugin v25.4 - https:\/\/yoast.com\/wordpress\/plugins\/seo\/ -->\n<title>\u25b7 Excel&#039;de VBA kullanarak sat\u0131r nas\u0131l eklenir?<\/title>\n<meta name=\"description\" content=\"Bu e\u011fitimde, VBA kullanarak Excel&#039;de bir sat\u0131r veya birden \u00e7ok sat\u0131r eklemek i\u00e7in nas\u0131l kod yaz\u0131laca\u011f\u0131 g\u00f6sterilir.\" \/>\n<meta name=\"robots\" content=\"index, follow, max-snippet:-1, max-image-preview:large, max-video-preview:-1\" \/>\n<link rel=\"canonical\" href=\"https:\/\/exceladvisor.org\/tr\/bir-satir-ekle-1\/\" \/>\n<meta property=\"og:locale\" content=\"tr_TR\" \/>\n<meta property=\"og:type\" content=\"article\" \/>\n<meta property=\"og:title\" content=\"\u25b7 Excel&#039;de VBA kullanarak sat\u0131r nas\u0131l eklenir?\" \/>\n<meta property=\"og:description\" content=\"Bu e\u011fitimde, VBA kullanarak Excel&#039;de bir sat\u0131r veya birden \u00e7ok sat\u0131r eklemek i\u00e7in nas\u0131l kod yaz\u0131laca\u011f\u0131 g\u00f6sterilir.\" \/>\n<meta property=\"og:url\" content=\"https:\/\/exceladvisor.org\/tr\/bir-satir-ekle-1\/\" \/>\n<meta property=\"og:site_name\" content=\"Excel Advisor\" \/>\n<meta property=\"article:modified_time\" content=\"2023-12-10T06:02:55+00:00\" \/>\n<meta property=\"og:image\" content=\"https:\/\/exceladvisor.org\/wp-content\/uploads\/2023\/08\/1-inserer-une-seule-ligne-en-utilisant-vba.png\" \/>\n<meta name=\"twitter:card\" content=\"summary_large_image\" \/>\n<meta name=\"twitter:label1\" content=\"Tahmini okuma s\u00fcresi\" \/>\n\t<meta name=\"twitter:data1\" content=\"3 dakika\" \/>\n<script type=\"application\/ld+json\" class=\"yoast-schema-graph\">{\"@context\":\"https:\/\/schema.org\",\"@graph\":[{\"@type\":\"WebPage\",\"@id\":\"https:\/\/exceladvisor.org\/tr\/bir-satir-ekle-1\/\",\"url\":\"https:\/\/exceladvisor.org\/tr\/bir-satir-ekle-1\/\",\"name\":\"\u25b7 Excel&#39;de VBA kullanarak sat\u0131r nas\u0131l eklenir?\",\"isPartOf\":{\"@id\":\"https:\/\/exceladvisor.org\/tr\/#website\"},\"primaryImageOfPage\":{\"@id\":\"https:\/\/exceladvisor.org\/tr\/bir-satir-ekle-1\/#primaryimage\"},\"image\":{\"@id\":\"https:\/\/exceladvisor.org\/tr\/bir-satir-ekle-1\/#primaryimage\"},\"thumbnailUrl\":\"https:\/\/exceladvisor.org\/wp-content\/uploads\/2023\/08\/1-inserer-une-seule-ligne-en-utilisant-vba.png\",\"datePublished\":\"2023-11-11T08:48:18+00:00\",\"dateModified\":\"2023-12-10T06:02:55+00:00\",\"description\":\"Bu e\u011fitimde, VBA kullanarak Excel&#39;de bir sat\u0131r veya birden \u00e7ok sat\u0131r eklemek i\u00e7in nas\u0131l kod yaz\u0131laca\u011f\u0131 g\u00f6sterilir.\",\"breadcrumb\":{\"@id\":\"https:\/\/exceladvisor.org\/tr\/bir-satir-ekle-1\/#breadcrumb\"},\"inLanguage\":\"tr\",\"potentialAction\":[{\"@type\":\"ReadAction\",\"target\":[\"https:\/\/exceladvisor.org\/tr\/bir-satir-ekle-1\/\"]}]},{\"@type\":\"ImageObject\",\"inLanguage\":\"tr\",\"@id\":\"https:\/\/exceladvisor.org\/tr\/bir-satir-ekle-1\/#primaryimage\",\"url\":\"https:\/\/exceladvisor.org\/wp-content\/uploads\/2023\/08\/1-inserer-une-seule-ligne-en-utilisant-vba.png\",\"contentUrl\":\"https:\/\/exceladvisor.org\/wp-content\/uploads\/2023\/08\/1-inserer-une-seule-ligne-en-utilisant-vba.png\"},{\"@type\":\"BreadcrumbList\",\"@id\":\"https:\/\/exceladvisor.org\/tr\/bir-satir-ekle-1\/#breadcrumb\",\"itemListElement\":[{\"@type\":\"ListItem\",\"position\":1,\"name\":\"Ev\",\"item\":\"https:\/\/exceladvisor.org\/tr\/\"},{\"@type\":\"ListItem\",\"position\":2,\"name\":\"Excel&#39;de vba kullanarak sat\u0131r nas\u0131l eklenir?\"}]},{\"@type\":\"WebSite\",\"@id\":\"https:\/\/exceladvisor.org\/tr\/#website\",\"url\":\"https:\/\/exceladvisor.org\/tr\/\",\"name\":\"Excel Advisor\",\"description\":\"Veri hakimiyetine y\u00f6nelik nihai rehberiniz!\",\"publisher\":{\"@id\":\"https:\/\/exceladvisor.org\/tr\/#organization\"},\"potentialAction\":[{\"@type\":\"SearchAction\",\"target\":{\"@type\":\"EntryPoint\",\"urlTemplate\":\"https:\/\/exceladvisor.org\/tr\/?s={search_term_string}\"},\"query-input\":{\"@type\":\"PropertyValueSpecification\",\"valueRequired\":true,\"valueName\":\"search_term_string\"}}],\"inLanguage\":\"tr\"},{\"@type\":\"Organization\",\"@id\":\"https:\/\/exceladvisor.org\/tr\/#organization\",\"name\":\"Excel Advisor\",\"url\":\"https:\/\/exceladvisor.org\/tr\/\",\"logo\":{\"@type\":\"ImageObject\",\"inLanguage\":\"tr\",\"@id\":\"https:\/\/exceladvisor.org\/tr\/#\/schema\/logo\/image\/\",\"url\":\"https:\/\/exceladvisor.org\/tr\/wp-content\/uploads\/2023\/12\/exceladvisor.org_.png\",\"contentUrl\":\"https:\/\/exceladvisor.org\/tr\/wp-content\/uploads\/2023\/12\/exceladvisor.org_.png\",\"width\":105,\"height\":36,\"caption\":\"Excel Advisor\"},\"image\":{\"@id\":\"https:\/\/exceladvisor.org\/tr\/#\/schema\/logo\/image\/\"}}]}<\/script>\n<!-- \/ Yoast SEO plugin. -->","yoast_head_json":{"title":"\u25b7 Excel&#39;de VBA kullanarak sat\u0131r nas\u0131l eklenir?","description":"Bu e\u011fitimde, VBA kullanarak Excel&#39;de bir sat\u0131r veya birden \u00e7ok sat\u0131r eklemek i\u00e7in nas\u0131l kod yaz\u0131laca\u011f\u0131 g\u00f6sterilir.","robots":{"index":"index","follow":"follow","max-snippet":"max-snippet:-1","max-image-preview":"max-image-preview:large","max-video-preview":"max-video-preview:-1"},"canonical":"https:\/\/exceladvisor.org\/tr\/bir-satir-ekle-1\/","og_locale":"tr_TR","og_type":"article","og_title":"\u25b7 Excel&#39;de VBA kullanarak sat\u0131r nas\u0131l eklenir?","og_description":"Bu e\u011fitimde, VBA kullanarak Excel&#39;de bir sat\u0131r veya birden \u00e7ok sat\u0131r eklemek i\u00e7in nas\u0131l kod yaz\u0131laca\u011f\u0131 g\u00f6sterilir.","og_url":"https:\/\/exceladvisor.org\/tr\/bir-satir-ekle-1\/","og_site_name":"Excel Advisor","article_modified_time":"2023-12-10T06:02:55+00:00","og_image":[{"url":"https:\/\/exceladvisor.org\/wp-content\/uploads\/2023\/08\/1-inserer-une-seule-ligne-en-utilisant-vba.png","type":"","width":"","height":""}],"twitter_card":"summary_large_image","twitter_misc":{"Tahmini okuma s\u00fcresi":"3 dakika"},"schema":{"@context":"https:\/\/schema.org","@graph":[{"@type":"WebPage","@id":"https:\/\/exceladvisor.org\/tr\/bir-satir-ekle-1\/","url":"https:\/\/exceladvisor.org\/tr\/bir-satir-ekle-1\/","name":"\u25b7 Excel&#39;de VBA kullanarak sat\u0131r nas\u0131l eklenir?","isPartOf":{"@id":"https:\/\/exceladvisor.org\/tr\/#website"},"primaryImageOfPage":{"@id":"https:\/\/exceladvisor.org\/tr\/bir-satir-ekle-1\/#primaryimage"},"image":{"@id":"https:\/\/exceladvisor.org\/tr\/bir-satir-ekle-1\/#primaryimage"},"thumbnailUrl":"https:\/\/exceladvisor.org\/wp-content\/uploads\/2023\/08\/1-inserer-une-seule-ligne-en-utilisant-vba.png","datePublished":"2023-11-11T08:48:18+00:00","dateModified":"2023-12-10T06:02:55+00:00","description":"Bu e\u011fitimde, VBA kullanarak Excel&#39;de bir sat\u0131r veya birden \u00e7ok sat\u0131r eklemek i\u00e7in nas\u0131l kod yaz\u0131laca\u011f\u0131 g\u00f6sterilir.","breadcrumb":{"@id":"https:\/\/exceladvisor.org\/tr\/bir-satir-ekle-1\/#breadcrumb"},"inLanguage":"tr","potentialAction":[{"@type":"ReadAction","target":["https:\/\/exceladvisor.org\/tr\/bir-satir-ekle-1\/"]}]},{"@type":"ImageObject","inLanguage":"tr","@id":"https:\/\/exceladvisor.org\/tr\/bir-satir-ekle-1\/#primaryimage","url":"https:\/\/exceladvisor.org\/wp-content\/uploads\/2023\/08\/1-inserer-une-seule-ligne-en-utilisant-vba.png","contentUrl":"https:\/\/exceladvisor.org\/wp-content\/uploads\/2023\/08\/1-inserer-une-seule-ligne-en-utilisant-vba.png"},{"@type":"BreadcrumbList","@id":"https:\/\/exceladvisor.org\/tr\/bir-satir-ekle-1\/#breadcrumb","itemListElement":[{"@type":"ListItem","position":1,"name":"Ev","item":"https:\/\/exceladvisor.org\/tr\/"},{"@type":"ListItem","position":2,"name":"Excel&#39;de vba kullanarak sat\u0131r nas\u0131l eklenir?"}]},{"@type":"WebSite","@id":"https:\/\/exceladvisor.org\/tr\/#website","url":"https:\/\/exceladvisor.org\/tr\/","name":"Excel Advisor","description":"Veri hakimiyetine y\u00f6nelik nihai rehberiniz!","publisher":{"@id":"https:\/\/exceladvisor.org\/tr\/#organization"},"potentialAction":[{"@type":"SearchAction","target":{"@type":"EntryPoint","urlTemplate":"https:\/\/exceladvisor.org\/tr\/?s={search_term_string}"},"query-input":{"@type":"PropertyValueSpecification","valueRequired":true,"valueName":"search_term_string"}}],"inLanguage":"tr"},{"@type":"Organization","@id":"https:\/\/exceladvisor.org\/tr\/#organization","name":"Excel Advisor","url":"https:\/\/exceladvisor.org\/tr\/","logo":{"@type":"ImageObject","inLanguage":"tr","@id":"https:\/\/exceladvisor.org\/tr\/#\/schema\/logo\/image\/","url":"https:\/\/exceladvisor.org\/tr\/wp-content\/uploads\/2023\/12\/exceladvisor.org_.png","contentUrl":"https:\/\/exceladvisor.org\/tr\/wp-content\/uploads\/2023\/12\/exceladvisor.org_.png","width":105,"height":36,"caption":"Excel Advisor"},"image":{"@id":"https:\/\/exceladvisor.org\/tr\/#\/schema\/logo\/image\/"}}]}},"yoast_meta":{"yoast_wpseo_title":"","yoast_wpseo_metadesc":"","yoast_wpseo_canonical":""},"_links":{"self":[{"href":"https:\/\/exceladvisor.org\/tr\/wp-json\/wp\/v2\/pages\/1694","targetHints":{"allow":["GET"]}}],"collection":[{"href":"https:\/\/exceladvisor.org\/tr\/wp-json\/wp\/v2\/pages"}],"about":[{"href":"https:\/\/exceladvisor.org\/tr\/wp-json\/wp\/v2\/types\/page"}],"author":[{"embeddable":true,"href":"https:\/\/exceladvisor.org\/tr\/wp-json\/wp\/v2\/users\/1"}],"replies":[{"embeddable":true,"href":"https:\/\/exceladvisor.org\/tr\/wp-json\/wp\/v2\/comments?post=1694"}],"version-history":[{"count":1,"href":"https:\/\/exceladvisor.org\/tr\/wp-json\/wp\/v2\/pages\/1694\/revisions"}],"predecessor-version":[{"id":2625,"href":"https:\/\/exceladvisor.org\/tr\/wp-json\/wp\/v2\/pages\/1694\/revisions\/2625"}],"wp:attachment":[{"href":"https:\/\/exceladvisor.org\/tr\/wp-json\/wp\/v2\/media?parent=1694"}],"curies":[{"name":"wp","href":"https:\/\/api.w.org\/{rel}","templated":true}]}}