{"id":1695,"date":"2023-11-10T19:33:35","date_gmt":"2023-11-10T19:33:35","guid":{"rendered":"https:\/\/exceladvisor.org\/tr\/gantt-semasi\/"},"modified":"2023-12-10T05:59:35","modified_gmt":"2023-12-10T05:59:35","slug":"gantt-semasi","status":"publish","type":"page","link":"https:\/\/exceladvisor.org\/tr\/gantt-semasi\/","title":{"rendered":"Excel gantt \u015femas\u0131 \u015fablonu"},"content":{"rendered":"<div class=\"excel-icerikten-once\" id=\"excel-4101859884\"><script type=\"text\/javascript\">\r\n\tatOptions = {\r\n\t\t'key' : 'c1158f160081d6540a8409e6925dab94',\r\n\t\t'format' : 'iframe',\r\n\t\t'height' : 250,\r\n\t\t'width' : 300,\r\n\t\t'params' : {}\r\n\t};\r\n<\/script>\r\n<script type=\"text\/javascript\" src=\"\/\/www.highperformanceformat.com\/c1158f160081d6540a8409e6925dab94\/invoke.js\"><\/script><\/div> <p>Proje y\u00f6neticileri takip ve \u00f6l\u00e7\u00fcm\u00fcn \u00f6nemini biliyor.<\/p><p> Her zaman proje ilerlemelerini s\u00fcrekli olarak analiz etmeyi tercih ederler ve bu da projelerini zaman\u0131nda tamamlamalar\u0131na yard\u0131mc\u0131 olan temel \u015feylerden biridir.<\/p><p> Ve bir proje y\u00f6neticisi i\u00e7in bir projeyi takip etmenin en iyi arac\u0131 Gantt \u015femas\u0131d\u0131r.<\/p><p> <em>Evet, bir Gantt \u015femas\u0131.<\/em><\/p><p> <em>Gantt \u015femas\u0131, d\u00fcnya \u00e7ap\u0131ndaki proje y\u00f6neticilerine projelerinde yard\u0131mc\u0131 olan en pop\u00fcler \u015femalardan biridir. Bu tablodan ilerlemeyi ad\u0131m ad\u0131m takip edebilirsiniz: Her ad\u0131m\u0131n ba\u015flang\u0131\u00e7 ve biti\u015f tarihi, ka\u00e7 g\u00fcn at\u0131ld\u0131\u011f\u0131, ka\u00e7 g\u00fcn gecikti\u011fi vb.<\/em><\/p><p> A\u015fa\u011f\u0131da oldu\u011fu gibi: <\/p><div class=\"wp-block-image\"><figure class=\"aligncenter\"><img decoding=\"async\" src=\"https:\/\/exceladvisor.org\/wp-content\/uploads\/2023\/08\/modele-de-diagramme-de-gantt-excel-1.png\" sizes=\"\" srcset=\"\" alt=\"excel gantt grafi\u011fi \u015fablonu\"><\/figure><\/div><p> Bug\u00fcn ise projenizi takip etmek i\u00e7in kullanabilece\u011finiz basit ve etkili bir Excel Gantt \u015femas\u0131 \u015fablonunu payla\u015fmak istiyorum. \u00d6yleyse bu \u015fablonu inceleyelim ve bu makalenin sonunda indirebilirsiniz.<\/p><h2 id=\"0-features\" class=\"wp-block-heading\"> \u00d6zellikler<\/h2><p> Bu \u015fablon, projelerinizi daha verimli bir \u015fekilde izlemenize yard\u0131mc\u0131 olabilecek benzersiz \u00f6zelliklere sahiptir.<\/p><h3 id=\"1-1-track-any-project-up-to-31-days\" class=\"wp-block-heading\"> 1. Herhangi bir projeyi 31 g\u00fcne kadar takip edin<\/h3><p> Bir projeyi 30 g\u00fcne kadar (uzat\u0131labilir) takip edebilirsiniz. <\/p><div class=\"wp-block-image\"><figure class=\"aligncenter\"><img decoding=\"async\" src=\"https:\/\/exceladvisor.org\/wp-content\/uploads\/2023\/08\/suivre-jusqua-31-jours-dans-le-modele-de-diagramme-de-Gantt-Excel-1.png\" sizes=\"\" srcset=\"\" alt=\"\"><\/figure><\/div><p> Ve bu g\u00fcnleri geni\u015fletmek istedi\u011finizde, sonuna yeni bir s\u00fctun ekleyin ve son s\u00fctundaki form\u00fclleri ve bi\u00e7imlendirmeyi kopyalay\u0131p bu yeni s\u00fctuna yap\u0131\u015ft\u0131r\u0131n. <a href=\"https:\/\/exceladvisor.org\/tr\/ressam-formati\/\">Bi\u00e7imlendirmeyi kopyalamak i\u00e7in bir bi\u00e7im boyac\u0131s\u0131<\/a> da kullanabilirsiniz.<\/p><h3 id=\"2-2-track-up-to-10-stages-of-a-project\" class=\"wp-block-heading\"> 2. Bir projenin 10 ad\u0131m\u0131na kadar takip edin<\/h3><p> En fazla 10 ad\u0131m\u0131 (geni\u015fletilebilir) takip edebilirsiniz. <\/p><div class=\"wp-block-image\"><figure class=\"aligncenter\"><img decoding=\"async\" src=\"https:\/\/exceladvisor.org\/wp-content\/uploads\/2023\/08\/suivre-jusqua-10-etapes-dans-le-modele-de-diagramme-de-Gantt-Excel-1.png\" sizes=\"\" srcset=\"\" alt=\"\"><\/figure><\/div><p> Yeni ad\u0131mlar eklemek istedi\u011finizde, sonuna yeni bir sat\u0131r ekleyin ve son s\u00fctundaki form\u00fclleri ve bi\u00e7imlendirmeyi kopyalay\u0131p bu yeni s\u00fctuna yap\u0131\u015ft\u0131r\u0131n.<\/p><h3 id=\"3-3-project-insights\" class=\"wp-block-heading\"> 3. Projeye Genel Bak\u0131\u015f<\/h3><p> Giri\u015flerinizi do\u011fru bir \u015fekilde girdikten sonra bu giri\u015flerden bilgi alabilirsiniz. Ek olarak, modeldeki verilerde yap\u0131lan g\u00fcncellemelerle bilgiler an\u0131nda g\u00fcncellenecektir. <\/p><div class=\"wp-block-image\"><figure class=\"aligncenter\"><img decoding=\"async\" src=\"https:\/\/exceladvisor.org\/wp-content\/uploads\/2023\/08\/idees-dans-le-modele-de-diagramme-de-gantt-excel-1.png\" sizes=\"\" srcset=\"\" alt=\"excel gantt \u015femas\u0131 \u015fablonu 1'deki fikirler\"><\/figure><\/div><p> S\u00fcre\u00e7te herhangi bir ad\u0131m varsa ad\u0131m\u0131n ad\u0131n\u0131 g\u00f6sterecek ve s\u00fcre\u00e7te herhangi bir ad\u0131m yoksa tamamlanan son ad\u0131m\u0131n ad\u0131n\u0131 g\u00f6sterecektir.<\/p><p> Hedef tarihte, hedef tarihten sonra ve hedef tarihten \u00f6nce tamamlanan ad\u0131mlar\u0131n say\u0131s\u0131n\u0131 g\u00f6sterir. Bir ad\u0131m hedef tarihten \u00f6nce tamamlan\u0131rsa kaydedilen g\u00fcnler ye\u015fil renkle vurgulanacakt\u0131r. <\/p><div class=\"wp-block-image\"><figure class=\"aligncenter\"><img decoding=\"async\" src=\"https:\/\/exceladvisor.org\/wp-content\/uploads\/2023\/08\/jours-verts-dans-le-modele-de-diagramme-de-gantt-excel-1.png\" sizes=\"\" srcset=\"\" alt=\"\"><\/figure><\/div><p> Bir a\u015fama hedef tarihten sonra tamamlan\u0131rsa fazla kalan g\u00fcnler k\u0131rm\u0131z\u0131 renkle vurgulan\u0131r. <\/p><div class=\"wp-block-image\"><figure class=\"aligncenter\"><img decoding=\"async\" src=\"https:\/\/exceladvisor.org\/wp-content\/uploads\/2023\/08\/jours-rouges-dans-le-modele-de-diagramme-de-gantt-excel-1.png\" sizes=\"\" srcset=\"\" alt=\"\"><\/figure><\/div><h2 id=\"4-how-to-use-it\" class=\"wp-block-heading\"> Bu nas\u0131l kullan\u0131l\u0131r<\/h2><p> Burada bu \u015fablonu kullan\u0131rken dikkate alman\u0131z gereken baz\u0131 \u00f6nemli noktalar var. Bu Gantt \u015femas\u0131 \u015fablonunda minimum ayr\u0131nt\u0131 girmeye \u00f6zen g\u00f6sterdim. Projenizi takip etmek i\u00e7in (ad\u0131m ad\u0131m), bu \u015fablonda a\u015fa\u011f\u0131daki giri\u015fler var.<\/p><h3 id=\"5-1-stage-name-manual-entry\" class=\"wp-block-heading\"> 1. Sahne ad\u0131 (manuel giri\u015f)<\/h3><p> Projenizin her a\u015famas\u0131 i\u00e7in belirli bir ad girebilirsiniz. Ve bu \u015fablondaki bir proje i\u00e7in kullanabilece\u011finiz maksimum ad\u0131m say\u0131s\u0131 10&#8217;dur. <\/p><div class=\"wp-block-image\"><figure class=\"aligncenter\"><img decoding=\"async\" src=\"https:\/\/exceladvisor.org\/wp-content\/uploads\/2023\/08\/etapes-du-projet-dans-le-modele-de-diagramme-de-gantt-excel-1.png\" sizes=\"\" srcset=\"\" alt=\"excel gantt \u015femas\u0131 \u015fablonunda proje stajlar\u0131\"><\/figure><\/div><h3 id=\"6-2-start-date-manual-entry\" class=\"wp-block-heading\"> 2. Ba\u015flang\u0131\u00e7 tarihi (manuel giri\u015f):<\/h3><p> Projenin her a\u015famas\u0131 i\u00e7in bir ba\u015flang\u0131\u00e7 tarihi girmelisiniz. Projenin ilk etab\u0131n\u0131n ba\u015flang\u0131\u00e7 tarihi, proje ba\u015flang\u0131\u00e7 tarihi olarak kabul edilecektir. Ayr\u0131ca bir a\u015faman\u0131n ba\u015flang\u0131\u00e7 tarihini \u00f6nceki a\u015faman\u0131n biti\u015f tarihinden daha erken de belirtebilirsiniz. <\/p><div class=\"wp-block-image\"><figure class=\"aligncenter\"><img decoding=\"async\" src=\"https:\/\/exceladvisor.org\/wp-content\/uploads\/2023\/08\/date-de-debut-de-letape-dans-le-modele-de-diagramme-de-gantt-excel-1.png\" sizes=\"\" srcset=\"\" alt=\"excel gantt grafi\u011fi \u015fablonunda ad\u0131m ba\u015flang\u0131\u00e7 tarihi\"><\/figure><\/div><h3 id=\"7-3-target-days-manual-entry\" class=\"wp-block-heading\"> 3. Hedef g\u00fcnler [Manuel giri\u015f]<\/h3><p> A\u015fama ba\u015flang\u0131\u00e7 tarihini belirledikten sonra bu a\u015famay\u0131 tamamlamak i\u00e7in hedef g\u00fcnleri belirtmeniz gerekir. Bu, belirli bir kilometre ta\u015f\u0131 i\u00e7in hedef kapan\u0131\u015f tarihinin hesaplanmas\u0131na yard\u0131mc\u0131 olacakt\u0131r. <\/p><div class=\"wp-block-image\"><figure class=\"aligncenter\"><img decoding=\"async\" src=\"https:\/\/exceladvisor.org\/wp-content\/uploads\/2023\/08\/jours-cibles-detape-dans-le-modele-de-diagramme-de-gantt-excel-1.png\" sizes=\"\" srcset=\"\" alt=\"Excel gantt grafi\u011fi \u015fablonunda kilometre ta\u015f\u0131 hedef g\u00fcnleri\"><\/figure><\/div><h3 id=\"8-4-target-end-date-auto-calculation\" class=\"wp-block-heading\"> 4. Hedef Biti\u015f Tarihi [Otomatik Hesaplama]<\/h3><p> Bir ad\u0131m\u0131n tamamlanmas\u0131 i\u00e7in hedef g\u00fcnlerden itibaren &#8220;Hedef Biti\u015f Tarihi&#8221; otomatik olarak hesaplanacakt\u0131r. Bu size ad\u0131m\u0131n\u0131z\u0131 tamamlaman\u0131z i\u00e7in bir son tarih verecektir. <\/p><div class=\"wp-block-image\"><figure class=\"aligncenter\"><img decoding=\"async\" src=\"https:\/\/exceladvisor.org\/wp-content\/uploads\/2023\/08\/date-de-fin-cible-dans-le-modele-de-diagramme-de-gantt-excel-1.png\" sizes=\"\" srcset=\"\" alt=\"excel gantt \u015femas\u0131 \u015fablonunda hedef biti\u015f tarihi\"><\/figure><\/div><h3 id=\"9-5-actual-end-date-manual-entry\" class=\"wp-block-heading\"> 5. G\u00fcncel biti\u015f tarihi [Manuel giri\u015f]<\/h3><p> Bir ad\u0131m tamamland\u0131\u011f\u0131nda o ad\u0131m\u0131n kapan\u0131\u015f tarihini girebilirsiniz. <\/p><div class=\"wp-block-image\"><figure class=\"aligncenter\"><img decoding=\"async\" src=\"https:\/\/exceladvisor.org\/wp-content\/uploads\/2023\/08\/date-de-fin-reelle-dans-le-modele-de-diagramme-de-gantt-excel-1.png\" sizes=\"\" srcset=\"\" alt=\"excel gantt \u015femas\u0131 \u015fablonundaki ger\u00e7ek biti\u015f tarihi\"><\/figure><\/div><p> Ger\u00e7ek kapan\u0131\u015f tarihi hedef tarihten \u00f6nce veya sonra olsun, bu \u015fablon, hedef tarihe kadar tamamlanan ad\u0131mlar\u0131n say\u0131s\u0131n\u0131 g\u00f6r\u00fcnt\u00fclemek i\u00e7in bu g\u00fcnleri bilgilere dahil edecektir.<\/p><h3 id=\"10-6-actual-days-taken-auto-calculation\" class=\"wp-block-heading\"> 6. Ger\u00e7ekle\u015fen G\u00fcn Say\u0131s\u0131 [Otomatik Hesaplama]<\/h3><p> Fiili biti\u015f tarihinden itibaren, bir ad\u0131m\u0131 tamamlamak i\u00e7in gereken fiili g\u00fcnleri hesaplayacakt\u0131r. <\/p><div class=\"wp-block-image\"><figure class=\"aligncenter\"><img decoding=\"async\" src=\"https:\/\/exceladvisor.org\/wp-content\/uploads\/2023\/08\/jours-reels-pris-dans-le-modele-de-diagramme-de-gantt-excel-1.png\" sizes=\"\" srcset=\"\" alt=\"excel gantt grafi\u011fi \u015fablonunda ge\u00e7en ger\u00e7ek g\u00fcnler\"><\/figure><\/div><h3 id=\"11-7-project-details\" class=\"wp-block-heading\"> 7. Proje Detaylar\u0131<\/h3><p> Projeniz i\u00e7in a\u015fa\u011f\u0131daki ayr\u0131nt\u0131lar\u0131 girebilir veya de\u011fi\u015ftirebilirsiniz.<\/p><ul><li> Projenin ad\u0131.<\/li><li> Proje y\u00f6neticisinin ad\u0131 ve projenin a\u00e7\u0131klamas\u0131.<\/li><\/ul><p> Ayr\u0131nt\u0131lar\u0131 d\u00fczenlemek i\u00e7in \u015fablonun sa\u011f \u00fcst k\u00f6\u015fesindeki &#8220;Ayr\u0131nt\u0131lar\u0131 D\u00fczenle&#8221; d\u00fc\u011fmesini t\u0131klay\u0131n. <\/p><div class=\"wp-block-image\"><figure class=\"aligncenter\"><img decoding=\"async\" src=\"https:\/\/exceladvisor.org\/wp-content\/uploads\/2023\/08\/modifier-les-details-dans-le-modele-de-diagramme-de-gantt-excel-1.png\" sizes=\"\" srcset=\"\" alt=\"excel gantt grafi\u011fi \u015fablonundaki ayr\u0131nt\u0131lar\u0131 d\u00fczenleyin\"><\/figure><\/div><p> Bu d\u00fc\u011fmeye t\u0131klad\u0131\u011f\u0131n\u0131zda, sizi projeniz i\u00e7in d\u00fczenleyebilece\u011finiz veya yeni ayr\u0131nt\u0131lar girebilece\u011finiz ayr\u0131nt\u0131lar b\u00f6l\u00fcm\u00fcne g\u00f6t\u00fcrecektir. <\/p><div class=\"wp-block-image\"><figure class=\"aligncenter\"><img decoding=\"async\" src=\"https:\/\/exceladvisor.org\/wp-content\/uploads\/2023\/08\/volet-de-details-dans-le-modele-de-diagramme-de-Gantt-Excel-1.png\" sizes=\"\" srcset=\"\" alt=\"Excel Gantt \u015femas\u0131 \u015fablonundaki ayr\u0131nt\u0131lar b\u00f6lmesi\"><\/figure><\/div><p> Proje ayr\u0131nt\u0131lar\u0131n\u0131z\u0131 tamamlad\u0131ktan sonra Gantt \u015femas\u0131 \u015fablonunuza d\u00f6nmek i\u00e7in geri d\u00fc\u011fmesini t\u0131klay\u0131n. <\/p><div class=\"wp-block-image\"><figure class=\"aligncenter\"><img decoding=\"async\" src=\"https:\/\/exceladvisor.org\/wp-content\/uploads\/2023\/08\/bouton-de-retour-volet-dinformations-dans-le-modele-de-diagramme-de-gantt-excel-1.png\" sizes=\"\" srcset=\"\" alt=\"Excel Gantt \u015femas\u0131 \u015fablonunun ayr\u0131nt\u0131lar b\u00f6lmesindeki geri d\u00fc\u011fmesi\"><\/figure><\/div><p> \u201cAyr\u0131nt\u0131lar B\u00f6l\u00fcm\u00fc\u201dndeki ayr\u0131nt\u0131lar\u0131 de\u011fi\u015ftirdi\u011finiz anda ana \u015fablonunuz da de\u011fi\u015fecektir. Bu \u015fablonun g\u00fczelli\u011fi &#8220;Karma\u015f\u0131k d\u00fczenlemenin olmamas\u0131&#8221;d\u0131r.<\/p><h2 id=\"12-download-your-template\" class=\"wp-block-heading\"> Modelinizi indirin<\/h2><p> <a href=\"https:\/\/exceladvisor.org\/wp-content\/uploads\/2023\/11\/modele-de-diagramme-de-gantt-excel-2.xlsx\" target=\"_blank\" rel=\"noreferrer noopener nofollow\"><strong>indirme ba\u011flant\u0131s\u0131<\/strong><\/a><\/p><h2 id=\"13-conclusion\" class=\"wp-block-heading\"> \u00c7\u00f6z\u00fcm<\/h2><p> Projenizi takip etmek istiyorsan\u0131z bu Gantt grafi\u011fi \u015fablonu yararl\u0131 bir ara\u00e7t\u0131r. Bu sadece izlemenize yard\u0131mc\u0131 olmakla kalmayacak, ayn\u0131 zamanda size yararl\u0131 bilgiler de verecektir.<\/p><p> Ve en iyi yan\u0131, isterseniz g\u00fcnlerini ve a\u015famalar\u0131n\u0131 uzatabilmenizdir. Umar\u0131m bu \u015fablon mali durumunuzu iyile\u015ftirmenize yard\u0131mc\u0131 olur. Bu \u015fablonu arkada\u015flar\u0131n\u0131zla payla\u015fmay\u0131 unutmay\u0131n.<\/p><div class=\"gb-container gb-container-a61970aa gb-container-mt\"> <a class=\"gb-button gb-button-b4293c6c gb-button-text gb-button-mt-button\" href=\"https:\/\/exceladvisor.org\/tr\/excel-cizelgeleri\/\">Excel Grafik T\u00fcrleri<\/a><h2 class=\"gb-headline gb-headline-5bf2e581 gb-headline-text gb-headline-mt-heading\"> \u0130lgili e\u011fitimler <\/h2><div class=\"gb-grid-wrapper gb-grid-wrapper-9b70abf1 gb-grid-wrapper-mt-grid\"><div class=\"gb-grid-column gb-grid-column-97a95c29\"><div class=\"gb-container gb-container-97a95c29\"><ul><li> <a href=\"https:\/\/exceladvisor.org\/tr\/gozleme-grafigi\/\">KABARTMALI LEVHA<\/a><\/li><li> <a href=\"https:\/\/exceladvisor.org\/tr\/huni-grafigi\/\">Huni grafi\u011fi<\/a><\/li><li> <a href=\"https:\/\/exceladvisor.org\/tr\/kursun-tahtasi\/\">Madde i\u015fareti grafi\u011fi<\/a><\/li><li> <a href=\"https:\/\/exceladvisor.org\/tr\/sicaklik-haritasi\/\">S\u0131cakl\u0131k haritas\u0131<\/a> <\/li><\/ul><\/div><\/div><div class=\"gb-grid-column gb-grid-column-0636840f\"><div class=\"gb-container gb-container-0636840f\"><ul><li> <a href=\"https:\/\/exceladvisor.org\/tr\/kasirga-tablosu\/\">Kas\u0131rga grafi\u011fi<\/a><\/li><li> <a href=\"https:\/\/exceladvisor.org\/tr\/gelismis-grafikler\/\">Geli\u015fmi\u015f Excel Grafikleri<\/a><\/li><li> <a href=\"https:\/\/exceladvisor.org\/tr\/piktogram\/\">Piktograf<\/a><\/li><li> <a href=\"https:\/\/exceladvisor.org\/tr\/termometre-masasi\/\">Termometre grafi\u011fi<\/a><\/li><\/ul><\/div><\/div><\/div><\/div>","protected":false},"excerpt":{"rendered":"","protected":false},"author":1,"featured_media":0,"parent":0,"menu_order":0,"comment_status":"open","ping_status":"closed","template":"","meta":{"ub_ctt_via":"","footnotes":""},"class_list":["post-1695","page","type-page","status-publish","hentry"],"featured_image_src":null,"yoast_head":"<!-- This site is optimized with the Yoast SEO plugin v25.4 - https:\/\/yoast.com\/wordpress\/plugins\/seo\/ -->\n<title>\u25b7 Excel Gantt \u015eemas\u0131 \u015eablonu [\u00dccretsiz 2023]<\/title>\n<meta name=\"description\" content=\"Projenizi takip etmek i\u00e7in kullanabilece\u011finiz basit ve etkili bir Excel Gantt grafi\u011fi \u015fablonunu sizlerle payla\u015fmak istiyorum.\" \/>\n<meta name=\"robots\" content=\"index, follow, max-snippet:-1, max-image-preview:large, max-video-preview:-1\" \/>\n<link rel=\"canonical\" href=\"https:\/\/exceladvisor.org\/tr\/gantt-semasi\/\" \/>\n<meta property=\"og:locale\" content=\"tr_TR\" \/>\n<meta property=\"og:type\" content=\"article\" \/>\n<meta property=\"og:title\" content=\"\u25b7 Excel Gantt \u015eemas\u0131 \u015eablonu [\u00dccretsiz 2023]\" \/>\n<meta property=\"og:description\" content=\"Projenizi takip etmek i\u00e7in kullanabilece\u011finiz basit ve etkili bir Excel Gantt grafi\u011fi \u015fablonunu sizlerle payla\u015fmak istiyorum.\" \/>\n<meta property=\"og:url\" content=\"https:\/\/exceladvisor.org\/tr\/gantt-semasi\/\" \/>\n<meta property=\"og:site_name\" content=\"Excel Advisor\" \/>\n<meta property=\"article:modified_time\" content=\"2023-12-10T05:59:35+00:00\" \/>\n<meta property=\"og:image\" content=\"https:\/\/exceladvisor.org\/wp-content\/uploads\/2023\/08\/modele-de-diagramme-de-gantt-excel-1.png\" \/>\n<meta name=\"twitter:card\" content=\"summary_large_image\" \/>\n<meta name=\"twitter:label1\" content=\"Tahmini okuma s\u00fcresi\" \/>\n\t<meta name=\"twitter:data1\" content=\"4 dakika\" \/>\n<script type=\"application\/ld+json\" class=\"yoast-schema-graph\">{\"@context\":\"https:\/\/schema.org\",\"@graph\":[{\"@type\":\"WebPage\",\"@id\":\"https:\/\/exceladvisor.org\/tr\/gantt-semasi\/\",\"url\":\"https:\/\/exceladvisor.org\/tr\/gantt-semasi\/\",\"name\":\"\u25b7 Excel Gantt \u015eemas\u0131 \u015eablonu [\u00dccretsiz 2023]\",\"isPartOf\":{\"@id\":\"https:\/\/exceladvisor.org\/tr\/#website\"},\"primaryImageOfPage\":{\"@id\":\"https:\/\/exceladvisor.org\/tr\/gantt-semasi\/#primaryimage\"},\"image\":{\"@id\":\"https:\/\/exceladvisor.org\/tr\/gantt-semasi\/#primaryimage\"},\"thumbnailUrl\":\"https:\/\/exceladvisor.org\/wp-content\/uploads\/2023\/08\/modele-de-diagramme-de-gantt-excel-1.png\",\"datePublished\":\"2023-11-10T19:33:35+00:00\",\"dateModified\":\"2023-12-10T05:59:35+00:00\",\"description\":\"Projenizi takip etmek i\u00e7in kullanabilece\u011finiz basit ve etkili bir Excel Gantt grafi\u011fi \u015fablonunu sizlerle payla\u015fmak istiyorum.\",\"breadcrumb\":{\"@id\":\"https:\/\/exceladvisor.org\/tr\/gantt-semasi\/#breadcrumb\"},\"inLanguage\":\"tr\",\"potentialAction\":[{\"@type\":\"ReadAction\",\"target\":[\"https:\/\/exceladvisor.org\/tr\/gantt-semasi\/\"]}]},{\"@type\":\"ImageObject\",\"inLanguage\":\"tr\",\"@id\":\"https:\/\/exceladvisor.org\/tr\/gantt-semasi\/#primaryimage\",\"url\":\"https:\/\/exceladvisor.org\/wp-content\/uploads\/2023\/08\/modele-de-diagramme-de-gantt-excel-1.png\",\"contentUrl\":\"https:\/\/exceladvisor.org\/wp-content\/uploads\/2023\/08\/modele-de-diagramme-de-gantt-excel-1.png\"},{\"@type\":\"BreadcrumbList\",\"@id\":\"https:\/\/exceladvisor.org\/tr\/gantt-semasi\/#breadcrumb\",\"itemListElement\":[{\"@type\":\"ListItem\",\"position\":1,\"name\":\"Ev\",\"item\":\"https:\/\/exceladvisor.org\/tr\/\"},{\"@type\":\"ListItem\",\"position\":2,\"name\":\"Excel gantt \u015femas\u0131 \u015fablonu\"}]},{\"@type\":\"WebSite\",\"@id\":\"https:\/\/exceladvisor.org\/tr\/#website\",\"url\":\"https:\/\/exceladvisor.org\/tr\/\",\"name\":\"Excel Advisor\",\"description\":\"Veri hakimiyetine y\u00f6nelik nihai rehberiniz!\",\"publisher\":{\"@id\":\"https:\/\/exceladvisor.org\/tr\/#organization\"},\"potentialAction\":[{\"@type\":\"SearchAction\",\"target\":{\"@type\":\"EntryPoint\",\"urlTemplate\":\"https:\/\/exceladvisor.org\/tr\/?s={search_term_string}\"},\"query-input\":{\"@type\":\"PropertyValueSpecification\",\"valueRequired\":true,\"valueName\":\"search_term_string\"}}],\"inLanguage\":\"tr\"},{\"@type\":\"Organization\",\"@id\":\"https:\/\/exceladvisor.org\/tr\/#organization\",\"name\":\"Excel Advisor\",\"url\":\"https:\/\/exceladvisor.org\/tr\/\",\"logo\":{\"@type\":\"ImageObject\",\"inLanguage\":\"tr\",\"@id\":\"https:\/\/exceladvisor.org\/tr\/#\/schema\/logo\/image\/\",\"url\":\"https:\/\/exceladvisor.org\/tr\/wp-content\/uploads\/2023\/12\/exceladvisor.org_.png\",\"contentUrl\":\"https:\/\/exceladvisor.org\/tr\/wp-content\/uploads\/2023\/12\/exceladvisor.org_.png\",\"width\":105,\"height\":36,\"caption\":\"Excel Advisor\"},\"image\":{\"@id\":\"https:\/\/exceladvisor.org\/tr\/#\/schema\/logo\/image\/\"}}]}<\/script>\n<!-- \/ Yoast SEO plugin. -->","yoast_head_json":{"title":"\u25b7 Excel Gantt \u015eemas\u0131 \u015eablonu [\u00dccretsiz 2023]","description":"Projenizi takip etmek i\u00e7in kullanabilece\u011finiz basit ve etkili bir Excel Gantt grafi\u011fi \u015fablonunu sizlerle payla\u015fmak istiyorum.","robots":{"index":"index","follow":"follow","max-snippet":"max-snippet:-1","max-image-preview":"max-image-preview:large","max-video-preview":"max-video-preview:-1"},"canonical":"https:\/\/exceladvisor.org\/tr\/gantt-semasi\/","og_locale":"tr_TR","og_type":"article","og_title":"\u25b7 Excel Gantt \u015eemas\u0131 \u015eablonu [\u00dccretsiz 2023]","og_description":"Projenizi takip etmek i\u00e7in kullanabilece\u011finiz basit ve etkili bir Excel Gantt grafi\u011fi \u015fablonunu sizlerle payla\u015fmak istiyorum.","og_url":"https:\/\/exceladvisor.org\/tr\/gantt-semasi\/","og_site_name":"Excel Advisor","article_modified_time":"2023-12-10T05:59:35+00:00","og_image":[{"url":"https:\/\/exceladvisor.org\/wp-content\/uploads\/2023\/08\/modele-de-diagramme-de-gantt-excel-1.png","type":"","width":"","height":""}],"twitter_card":"summary_large_image","twitter_misc":{"Tahmini okuma s\u00fcresi":"4 dakika"},"schema":{"@context":"https:\/\/schema.org","@graph":[{"@type":"WebPage","@id":"https:\/\/exceladvisor.org\/tr\/gantt-semasi\/","url":"https:\/\/exceladvisor.org\/tr\/gantt-semasi\/","name":"\u25b7 Excel Gantt \u015eemas\u0131 \u015eablonu [\u00dccretsiz 2023]","isPartOf":{"@id":"https:\/\/exceladvisor.org\/tr\/#website"},"primaryImageOfPage":{"@id":"https:\/\/exceladvisor.org\/tr\/gantt-semasi\/#primaryimage"},"image":{"@id":"https:\/\/exceladvisor.org\/tr\/gantt-semasi\/#primaryimage"},"thumbnailUrl":"https:\/\/exceladvisor.org\/wp-content\/uploads\/2023\/08\/modele-de-diagramme-de-gantt-excel-1.png","datePublished":"2023-11-10T19:33:35+00:00","dateModified":"2023-12-10T05:59:35+00:00","description":"Projenizi takip etmek i\u00e7in kullanabilece\u011finiz basit ve etkili bir Excel Gantt grafi\u011fi \u015fablonunu sizlerle payla\u015fmak istiyorum.","breadcrumb":{"@id":"https:\/\/exceladvisor.org\/tr\/gantt-semasi\/#breadcrumb"},"inLanguage":"tr","potentialAction":[{"@type":"ReadAction","target":["https:\/\/exceladvisor.org\/tr\/gantt-semasi\/"]}]},{"@type":"ImageObject","inLanguage":"tr","@id":"https:\/\/exceladvisor.org\/tr\/gantt-semasi\/#primaryimage","url":"https:\/\/exceladvisor.org\/wp-content\/uploads\/2023\/08\/modele-de-diagramme-de-gantt-excel-1.png","contentUrl":"https:\/\/exceladvisor.org\/wp-content\/uploads\/2023\/08\/modele-de-diagramme-de-gantt-excel-1.png"},{"@type":"BreadcrumbList","@id":"https:\/\/exceladvisor.org\/tr\/gantt-semasi\/#breadcrumb","itemListElement":[{"@type":"ListItem","position":1,"name":"Ev","item":"https:\/\/exceladvisor.org\/tr\/"},{"@type":"ListItem","position":2,"name":"Excel gantt \u015femas\u0131 \u015fablonu"}]},{"@type":"WebSite","@id":"https:\/\/exceladvisor.org\/tr\/#website","url":"https:\/\/exceladvisor.org\/tr\/","name":"Excel Advisor","description":"Veri hakimiyetine y\u00f6nelik nihai rehberiniz!","publisher":{"@id":"https:\/\/exceladvisor.org\/tr\/#organization"},"potentialAction":[{"@type":"SearchAction","target":{"@type":"EntryPoint","urlTemplate":"https:\/\/exceladvisor.org\/tr\/?s={search_term_string}"},"query-input":{"@type":"PropertyValueSpecification","valueRequired":true,"valueName":"search_term_string"}}],"inLanguage":"tr"},{"@type":"Organization","@id":"https:\/\/exceladvisor.org\/tr\/#organization","name":"Excel Advisor","url":"https:\/\/exceladvisor.org\/tr\/","logo":{"@type":"ImageObject","inLanguage":"tr","@id":"https:\/\/exceladvisor.org\/tr\/#\/schema\/logo\/image\/","url":"https:\/\/exceladvisor.org\/tr\/wp-content\/uploads\/2023\/12\/exceladvisor.org_.png","contentUrl":"https:\/\/exceladvisor.org\/tr\/wp-content\/uploads\/2023\/12\/exceladvisor.org_.png","width":105,"height":36,"caption":"Excel Advisor"},"image":{"@id":"https:\/\/exceladvisor.org\/tr\/#\/schema\/logo\/image\/"}}]}},"yoast_meta":{"yoast_wpseo_title":"","yoast_wpseo_metadesc":"","yoast_wpseo_canonical":""},"_links":{"self":[{"href":"https:\/\/exceladvisor.org\/tr\/wp-json\/wp\/v2\/pages\/1695","targetHints":{"allow":["GET"]}}],"collection":[{"href":"https:\/\/exceladvisor.org\/tr\/wp-json\/wp\/v2\/pages"}],"about":[{"href":"https:\/\/exceladvisor.org\/tr\/wp-json\/wp\/v2\/types\/page"}],"author":[{"embeddable":true,"href":"https:\/\/exceladvisor.org\/tr\/wp-json\/wp\/v2\/users\/1"}],"replies":[{"embeddable":true,"href":"https:\/\/exceladvisor.org\/tr\/wp-json\/wp\/v2\/comments?post=1695"}],"version-history":[{"count":1,"href":"https:\/\/exceladvisor.org\/tr\/wp-json\/wp\/v2\/pages\/1695\/revisions"}],"predecessor-version":[{"id":2336,"href":"https:\/\/exceladvisor.org\/tr\/wp-json\/wp\/v2\/pages\/1695\/revisions\/2336"}],"wp:attachment":[{"href":"https:\/\/exceladvisor.org\/tr\/wp-json\/wp\/v2\/media?parent=1695"}],"curies":[{"name":"wp","href":"https:\/\/api.w.org\/{rel}","templated":true}]}}