{"id":1696,"date":"2023-11-10T19:17:27","date_gmt":"2023-11-10T19:17:27","guid":{"rendered":"https:\/\/exceladvisor.org\/tr\/huni-grafigi\/"},"modified":"2023-12-10T06:01:04","modified_gmt":"2023-12-10T06:01:04","slug":"huni-grafigi","status":"publish","type":"page","link":"https:\/\/exceladvisor.org\/tr\/huni-grafigi\/","title":{"rendered":"Excel&#39;de huni grafi\u011fi nas\u0131l olu\u015fturulur?"},"content":{"rendered":"<div class=\"excel-icerikten-once\" id=\"excel-2984010710\"><script type=\"text\/javascript\">\r\n\tatOptions = {\r\n\t\t'key' : 'c1158f160081d6540a8409e6925dab94',\r\n\t\t'format' : 'iframe',\r\n\t\t'height' : 250,\r\n\t\t'width' : 300,\r\n\t\t'params' : {}\r\n\t};\r\n<\/script>\r\n<script type=\"text\/javascript\" src=\"\/\/www.highperformanceformat.com\/c1158f160081d6540a8409e6925dab94\/invoke.js\"><\/script><\/div> <p>Sat\u0131\u015flar\u0131n\u0131z\u0131 takip etmenin en iyi yolu huni grafi\u011fi kullanmakt\u0131r. Sat\u0131\u015f hunisi grafi\u011fi yaln\u0131zca s\u00fcre\u00e7teki ad\u0131mlar\u0131 a\u00e7\u0131klamakla kalmaz, ayn\u0131 zamanda yeni i\u015fletmeniz i\u00e7in bir d\u00f6n\u00fc\u015f\u00fcm hunisi de sa\u011flar. <\/p><div class=\"wp-block-image\"><figure class=\"aligncenter\"><img decoding=\"async\" src=\"https:\/\/exceladvisor.org\/wp-content\/uploads\/2023\/08\/graphique-dentonnoir-des-ventes-dans-un-modele-excel-1.gif\" sizes=\"\" srcset=\"\" alt=\"excel \u015fablonunda sat\u0131\u015f hunisi grafi\u011fi\"><\/figure><\/div><p> Bug\u00fcnk\u00fc makalemde size Excel&#8217;de sat\u0131\u015f hunisi grafi\u011fi olu\u015fturmak i\u00e7in kullanabilece\u011finiz ad\u0131mlar\u0131 tam olarak g\u00f6sterece\u011fim. Sadece sat\u0131\u015f de\u011fil, bu huni grafi\u011fini her t\u00fcrl\u00fc s\u00fcre\u00e7te kullanabilirsiniz.<\/p><p> \u015eimdi ba\u015flayal\u0131m.<\/p><h2 class=\"wp-block-heading\"> Excel&#8217;de Sat\u0131\u015f Hunisi Grafi\u011fi Olu\u015fturma Ad\u0131mlar\u0131<\/h2><p> Takip etmek i\u00e7in <a style=\"outline: none;\" href=\"https:\/\/exceladvisor.org\/wp-content\/uploads\/2023\/11\/modele-dentonnoir-de-vente.zip\" rel=\"nofollow\">buradan indirebilece\u011finiz<\/a> bu grafik \u015fablonu i\u00e7in a\u015fa\u011f\u0131daki veri tablosuna sahipsiniz. <\/p><div class=\"wp-block-image\"><figure class=\"aligncenter\"><img decoding=\"async\" src=\"https:\/\/exceladvisor.org\/wp-content\/uploads\/2023\/08\/1-donnees-pour-creer-un-graphique-dentonnoir-de-vente-dans-Excel-min-1.png\" sizes=\"\" srcset=\"\" alt=\"\"><\/figure><\/div><ol><li> \u00d6ncelikle <strong>sahte bir veri s\u00fctunu ekleyin<\/strong> . <br><img decoding=\"async\" title=\"2-excel'de-bir-sat\u0131\u015f-huni-tablosu-olu\u015fturmak i\u00e7in verilere-sahte-bir-s\u00fctun-ekleyin\" src=\"https:\/\/exceladvisor.org\/wp-content\/uploads\/2023\/08\/2-inserez-une-colonne-factice-dans-les-donnees-pour-creer-un-graphique-en-entonnoir-des-ventes-dans-Excel-min-1.png\" sizes=\"\" srcset=\"\" alt=\"\"><\/li><li> B2 h\u00fccresinde <strong>a\u015fa\u011f\u0131daki form\u00fcl\u00fc<\/strong> <a href=\"https:\/\/exceladvisor.org\/tr\/excel-formul-cubugu\/\">form\u00fcl \u00e7ubu\u011funa<\/a> ekleyin ve a\u015fa\u011f\u0131 s\u00fcr\u00fckleyin. <br><img decoding=\"async\" title=\"3-excel-dakikada-sat\u0131\u015f hunisi-grafi\u011fini-olu\u015fturmak i\u00e7in-veri-s\u00fctununa-form\u00fcl ekleyin\" src=\"https:\/\/exceladvisor.org\/wp-content\/uploads\/2023\/08\/3-inserez-une-formule-dans-la-colonne-des-donnees-pour-creer-un-graphique-en-entonnoir-des-ventes-dans-Excel-min-1.png\" sizes=\"\" srcset=\"\" alt=\"\"> =(MAKS($I$4:$I$7)-I4)\/2<\/li><li> Sat\u0131\u015f hunisini ayarlamak i\u00e7in verileri se\u00e7ip <strong>y\u0131\u011f\u0131nlanm\u0131\u015f bir \u00e7ubuk grafik eklemeniz<\/strong> yeterlidir.<\/li><li> Art\u0131k b\u00f6yle bir tablonuz var. <br><img decoding=\"async\" title=\"4-excel'de-bir-sat\u0131\u015f hunisi-olu\u015fturmak i\u00e7in bir histogram-ekleyin\" src=\"https:\/\/exceladvisor.org\/wp-content\/uploads\/2023\/08\/4-inserer-un-graphique-a-barres-pour-creer-un-graphique-en-entonnoir-des-ventes-dans-Excel-min-1.png\" sizes=\"\" srcset=\"\" alt=\"\"><\/li><li> Buradan bu grafi\u011fi bir sat\u0131\u015f hunisi grafi\u011fine d\u00f6n\u00fc\u015ft\u00fcrmek i\u00e7in a\u015fa\u011f\u0131daki \u00f6zelle\u015ftirmeye ihtiyac\u0131m\u0131z var.<\/li><li> \u015eimdi <strong>dikey ekseni se\u00e7in ve kategoriyi ters s\u0131rayla de\u011fi\u015ftirin<\/strong> . Ekseni Bi\u00e7imlendir \u2192 Eksen Se\u00e7enekleri \u2192 Eksen Konumu. <br><img decoding=\"async\" title=\"7-excel-dk'da-sat\u0131\u015f hunisi-grafi\u011fini-olu\u015fturmak i\u00e7in ters s\u0131rada-d\u00fczenleme\" src=\"https:\/\/exceladvisor.org\/wp-content\/uploads\/2023\/08\/7-changer-pour-inverser-lordre-pour-creer-un-graphique-dentonnoir-des-ventes-dans-Excel-min.png\" sizes=\"\" srcset=\"\" alt=\"\"><\/li><li> Bundan sonra, sahte veriler i\u00e7in veri \u00e7ubu\u011funu se\u00e7in ve <strong>buradaki dolgu rengini ve kenarl\u0131\u011f\u0131 kald\u0131r\u0131n<\/strong> . <br><img decoding=\"async\" title=\"5-excel-dakikada-sat\u0131\u015f hunisi-grafi\u011fini-olu\u015fturmak i\u00e7in doldurmadan-uygulay\u0131n\" src=\"https:\/\/exceladvisor.org\/wp-content\/uploads\/2023\/08\/5-nappliquez-aucun-remplissage-pour-creer-un-graphique-dentonnoir-des-ventes-dans-Excel-min-1.png\" sizes=\"\" srcset=\"\" alt=\"\"><\/li><li> Sonunda veri \u00e7ubuklar\u0131n\u0131 se\u00e7in ve <strong>Bo\u015fluk Geni\u015fli\u011fini %0 olarak de\u011fi\u015ftirin<\/strong> . Veri Serisini Bi\u00e7imlendir \u2192 Seri Se\u00e7ene\u011fi \u2192 Bo\u015fluk Geni\u015fli\u011fi. <br><img decoding=\"async\" title=\"6-excel'de-bir-sat\u0131\u015f hunisi-grafi\u011fi-olu\u015fturmak i\u00e7in bo\u015flu\u011fun-geni\u015fli\u011fini-de\u011fi\u015ftirin\" src=\"https:\/\/exceladvisor.org\/wp-content\/uploads\/2023\/08\/6-modifier-la-largeur-de-lecart-pour-creer-un-graphique-dentonnoir-des-ventes-dans-Excel-min-1.png\" sizes=\"\" srcset=\"\" alt=\"\"><\/li><li> Art\u0131k \u015fablon olarak kullanabilece\u011finiz net ve temiz bir huni grafi\u011finiz var. <br><img decoding=\"async\" title=\"Sat\u0131\u015f-D\u00f6n\u00fc\u015f\u00fcm Hunisi-\u015eablon-Excel-11.jpg\" src=\"https:\/\/exceladvisor.org\/wp-content\/uploads\/2023\/08\/Modele-dentonnoir-de-vente-dans-Excel-11-1.jpg\" sizes=\"\" srcset=\"\" alt=\"Create a Sales Funnel Template In Excel\"><\/li><\/ol><p> Tebrikler! sen yapt\u0131n.<\/p><h2 class=\"wp-block-heading\"> [Bonus \u0130pucu] REPT \u0130\u015flevini Kullanan Huni Grafi\u011fi<\/h2><p> Daha \u00f6nce de s\u00f6yledi\u011fim gibi, h\u00fccre haritalaman\u0131n b\u00fcy\u00fck bir hayran\u0131y\u0131m. Size Excel&#8217;de bir sat\u0131\u015f hunisi modeli olu\u015fturmak i\u00e7in rept i\u015flevini nas\u0131l kullanaca\u011f\u0131n\u0131z\u0131 g\u00f6stereyim. H\u00fccresel sat\u0131\u015f hunisi grafi\u011fi olu\u015fturmak h\u0131zl\u0131 ve kolayd\u0131r; i\u015fte ad\u0131mlar.<\/p><ol><li> Verileri basit bir bi\u00e7imde al\u0131n. <br><img decoding=\"async\" title=\"Rept i\u015flevinden elde edilen verilerle Excel'de bir sat\u0131\u015f hunisi grafi\u011fi olu\u015fturun\" src=\"https:\/\/exceladvisor.org\/wp-content\/uploads\/2023\/08\/creer-un-graphique-en-entonnoir-des-ventes-dans-Excel-avec-les-donnees-de-la-fonction-rept-1.png\" sizes=\"\" srcset=\"\" alt=\"\"><\/li><li> Bo\u015f s\u00fctuna a\u015fa\u011f\u0131daki form\u00fcl\u00fc girin ve a\u015fa\u011f\u0131 s\u00fcr\u00fckleyin.<\/li><\/ol><p style=\"padding-left: 40px;\"> = <a href=\"https:\/\/exceladvisor.org\/tr\/excel-dize-islevleri\/\" target=\"_blank\" rel=\"noopener noreferrer\">REPT<\/a> (\u201c|\u201d,D4\/2) <\/p><ul id=\"block-08145b4a-bee0-465e-b451-ac957e63616e\" class=\"block-editor-rich-text__editable block-editor-block-list__block wp-block is-selected rich-text\" tabindex=\"0\" role=\"group\" contenteditable=\"true\" aria-multiline=\"true\" aria-label=\"Block: List\" data-block=\"08145b4a-bee0-465e-b451-ac957e63616e\" data-type=\"core\/list\" data-title=\"List\"><li> \u015eimdi metin hizalamas\u0131n\u0131 \u00e7ubuklar\u0131n ortas\u0131na g\u00f6re de\u011fi\u015ftirin. <br><img decoding=\"async\" title=\"rept i\u015fleviyle Excel'de bir sat\u0131\u015f hunisi grafi\u011fi olu\u015fturma\" src=\"https:\/\/exceladvisor.org\/wp-content\/uploads\/2023\/08\/creer-un-graphique-dentonnoir-des-ventes-dans-Excel-avec-la-fonction-rept-1.png\" sizes=\"\" srcset=\"\" alt=\"\"><\/li><\/ul><p> H\u00fccre i\u00e7i huni grafi\u011finiz haz\u0131r.<\/p><h2 class=\"wp-block-heading\"> Sat\u0131\u015f Hunisi \u015eablonunu \u0130ndirin<\/h2><p> <a href=\"https:\/\/exceladvisor.org\/wp-content\/uploads\/2023\/11\/modele-dentonnoir-de-vente.zip\" rel=\"nofollow\">\u00d6rnek dosyay\u0131 indirmek i\u00e7in buraya t\u0131klay\u0131n<\/a> .<\/p><h2 class=\"wp-block-heading\"> \u00c7\u00f6z\u00fcm<\/h2><p> Sat\u0131\u015f hunisi grafi\u011fi kullanmak, sat\u0131\u015f s\u00fcrecini izlemenin en iyi yollar\u0131ndan biridir. Ayr\u0131ca bir grafi\u011fe d\u00f6n\u00fc\u015f\u00fcm oran\u0131, bekleyen y\u00fczde vb. gibi ek \u00f6\u011feler de ekleyebilirsiniz.<\/p><p> Yukar\u0131da kulland\u0131\u011f\u0131n\u0131z t\u00fcm ad\u0131mlar basit ve takip edilmesi kolayd\u0131r. Ve e\u011fer \u00e7aba harcamak istemiyorsan\u0131z, h\u00fccresel versiyonu tercih edin.<\/p><p> Umar\u0131m bu ipucu <a href=\"https:\/\/exceladvisor.org\/tr\/gelismis-grafikler\/\" target=\"\" rel=\"noopener noreferrer\" data-tcb-events=\"\">haritalama konusunda daha iyi olman\u0131za yard\u0131mc\u0131 olur<\/a> .<\/p><p> \u015eimdi bana bir \u015fey s\u00f6yle. En \u00e7ok hangi y\u00f6ntemi be\u011feniyorsunuz? Ayr\u0131ca, huni grafi\u011fi olu\u015fturman\u0131n ba\u015fka bir y\u00f6ntemi varsa, l\u00fctfen bunu yorum kutusunda benimle payla\u015f\u0131n, sizden haber almak isterim. Ve bu ipucunu arkada\u015flar\u0131n\u0131zla payla\u015fmay\u0131 unutmay\u0131n.<\/p><div class=\"gb-container gb-container-a61970aa gb-container-mt\"> <a class=\"gb-button gb-button-b4293c6c gb-button-text gb-button-mt-button\" href=\"https:\/\/exceladvisor.org\/tr\/excel-cizelgeleri\/\">Excel Grafik T\u00fcrleri<\/a><h2 class=\"gb-headline gb-headline-5bf2e581 gb-headline-text gb-headline-mt-heading\"> \u0130lgili e\u011fitimler <\/h2><div class=\"gb-grid-wrapper gb-grid-wrapper-9b70abf1 gb-grid-wrapper-mt-grid\"><div class=\"gb-grid-column gb-grid-column-97a95c29\"><div class=\"gb-container gb-container-97a95c29\"><ul><li> <a href=\"https:\/\/exceladvisor.org\/tr\/gozleme-grafigi\/\">KABARTMALI LEVHA<\/a><\/li><li> <a href=\"https:\/\/exceladvisor.org\/tr\/gantt-semasi\/\">Gantt \u015femas\u0131<\/a><\/li><li> <a href=\"https:\/\/exceladvisor.org\/tr\/kursun-tahtasi\/\">Madde i\u015fareti grafi\u011fi<\/a><\/li><li> <a href=\"https:\/\/exceladvisor.org\/tr\/sicaklik-haritasi\/\">S\u0131cakl\u0131k haritas\u0131<\/a> <\/li><\/ul><\/div><\/div><div class=\"gb-grid-column gb-grid-column-0636840f\"><div class=\"gb-container gb-container-0636840f\"><ul><li> <a href=\"https:\/\/exceladvisor.org\/tr\/kasirga-tablosu\/\">Kas\u0131rga grafi\u011fi<\/a><\/li><li> <a href=\"https:\/\/exceladvisor.org\/tr\/gelismis-grafikler\/\">Geli\u015fmi\u015f Excel Grafikleri<\/a><\/li><li> <a href=\"https:\/\/exceladvisor.org\/tr\/piktogram\/\">Piktograf<\/a><\/li><li> <a href=\"https:\/\/exceladvisor.org\/tr\/termometre-masasi\/\">Termometre grafi\u011fi<\/a><\/li><\/ul><\/div><\/div><\/div><\/div>","protected":false},"excerpt":{"rendered":"","protected":false},"author":1,"featured_media":0,"parent":0,"menu_order":0,"comment_status":"open","ping_status":"closed","template":"","meta":{"ub_ctt_via":"","footnotes":""},"class_list":["post-1696","page","type-page","status-publish","hentry"],"featured_image_src":null,"yoast_head":"<!-- This site is optimized with the Yoast SEO plugin v25.4 - https:\/\/yoast.com\/wordpress\/plugins\/seo\/ -->\n<title>\u00dccretsiz Excel Huni Grafi\u011fi \u015eablonu (K\u0131lavuzlu)<\/title>\n<meta name=\"description\" content=\"\u0130\u015fletme sahibi misiniz? Excel&#039;de sat\u0131\u015f hunisi modelinin nas\u0131l olu\u015fturulaca\u011f\u0131n\u0131 biliyor musunuz? Burada basit ad\u0131mlar\u0131m var\" \/>\n<meta name=\"robots\" content=\"index, follow, max-snippet:-1, max-image-preview:large, max-video-preview:-1\" \/>\n<link rel=\"canonical\" href=\"https:\/\/exceladvisor.org\/tr\/huni-grafigi\/\" \/>\n<meta property=\"og:locale\" content=\"tr_TR\" \/>\n<meta property=\"og:type\" content=\"article\" \/>\n<meta property=\"og:title\" content=\"\u00dccretsiz Excel Huni Grafi\u011fi \u015eablonu (K\u0131lavuzlu)\" \/>\n<meta property=\"og:description\" content=\"\u0130\u015fletme sahibi misiniz? Excel&#039;de sat\u0131\u015f hunisi modelinin nas\u0131l olu\u015fturulaca\u011f\u0131n\u0131 biliyor musunuz? Burada basit ad\u0131mlar\u0131m var\" \/>\n<meta property=\"og:url\" content=\"https:\/\/exceladvisor.org\/tr\/huni-grafigi\/\" \/>\n<meta property=\"og:site_name\" content=\"Excel Advisor\" \/>\n<meta property=\"article:modified_time\" content=\"2023-12-10T06:01:04+00:00\" \/>\n<meta property=\"og:image\" content=\"https:\/\/exceladvisor.org\/wp-content\/uploads\/2023\/08\/graphique-dentonnoir-des-ventes-dans-un-modele-excel-1.gif\" \/>\n<meta name=\"twitter:card\" content=\"summary_large_image\" \/>\n<meta name=\"twitter:label1\" content=\"Tahmini okuma s\u00fcresi\" \/>\n\t<meta name=\"twitter:data1\" content=\"3 dakika\" \/>\n<script type=\"application\/ld+json\" class=\"yoast-schema-graph\">{\"@context\":\"https:\/\/schema.org\",\"@graph\":[{\"@type\":\"WebPage\",\"@id\":\"https:\/\/exceladvisor.org\/tr\/huni-grafigi\/\",\"url\":\"https:\/\/exceladvisor.org\/tr\/huni-grafigi\/\",\"name\":\"\u00dccretsiz Excel Huni Grafi\u011fi \u015eablonu (K\u0131lavuzlu)\",\"isPartOf\":{\"@id\":\"https:\/\/exceladvisor.org\/tr\/#website\"},\"primaryImageOfPage\":{\"@id\":\"https:\/\/exceladvisor.org\/tr\/huni-grafigi\/#primaryimage\"},\"image\":{\"@id\":\"https:\/\/exceladvisor.org\/tr\/huni-grafigi\/#primaryimage\"},\"thumbnailUrl\":\"https:\/\/exceladvisor.org\/wp-content\/uploads\/2023\/08\/graphique-dentonnoir-des-ventes-dans-un-modele-excel-1.gif\",\"datePublished\":\"2023-11-10T19:17:27+00:00\",\"dateModified\":\"2023-12-10T06:01:04+00:00\",\"description\":\"\u0130\u015fletme sahibi misiniz? Excel&#39;de sat\u0131\u015f hunisi modelinin nas\u0131l olu\u015fturulaca\u011f\u0131n\u0131 biliyor musunuz? Burada basit ad\u0131mlar\u0131m var\",\"breadcrumb\":{\"@id\":\"https:\/\/exceladvisor.org\/tr\/huni-grafigi\/#breadcrumb\"},\"inLanguage\":\"tr\",\"potentialAction\":[{\"@type\":\"ReadAction\",\"target\":[\"https:\/\/exceladvisor.org\/tr\/huni-grafigi\/\"]}]},{\"@type\":\"ImageObject\",\"inLanguage\":\"tr\",\"@id\":\"https:\/\/exceladvisor.org\/tr\/huni-grafigi\/#primaryimage\",\"url\":\"https:\/\/exceladvisor.org\/wp-content\/uploads\/2023\/08\/graphique-dentonnoir-des-ventes-dans-un-modele-excel-1.gif\",\"contentUrl\":\"https:\/\/exceladvisor.org\/wp-content\/uploads\/2023\/08\/graphique-dentonnoir-des-ventes-dans-un-modele-excel-1.gif\"},{\"@type\":\"BreadcrumbList\",\"@id\":\"https:\/\/exceladvisor.org\/tr\/huni-grafigi\/#breadcrumb\",\"itemListElement\":[{\"@type\":\"ListItem\",\"position\":1,\"name\":\"Ev\",\"item\":\"https:\/\/exceladvisor.org\/tr\/\"},{\"@type\":\"ListItem\",\"position\":2,\"name\":\"Excel&#39;de huni grafi\u011fi nas\u0131l olu\u015fturulur?\"}]},{\"@type\":\"WebSite\",\"@id\":\"https:\/\/exceladvisor.org\/tr\/#website\",\"url\":\"https:\/\/exceladvisor.org\/tr\/\",\"name\":\"Excel Advisor\",\"description\":\"Veri hakimiyetine y\u00f6nelik nihai rehberiniz!\",\"publisher\":{\"@id\":\"https:\/\/exceladvisor.org\/tr\/#organization\"},\"potentialAction\":[{\"@type\":\"SearchAction\",\"target\":{\"@type\":\"EntryPoint\",\"urlTemplate\":\"https:\/\/exceladvisor.org\/tr\/?s={search_term_string}\"},\"query-input\":{\"@type\":\"PropertyValueSpecification\",\"valueRequired\":true,\"valueName\":\"search_term_string\"}}],\"inLanguage\":\"tr\"},{\"@type\":\"Organization\",\"@id\":\"https:\/\/exceladvisor.org\/tr\/#organization\",\"name\":\"Excel Advisor\",\"url\":\"https:\/\/exceladvisor.org\/tr\/\",\"logo\":{\"@type\":\"ImageObject\",\"inLanguage\":\"tr\",\"@id\":\"https:\/\/exceladvisor.org\/tr\/#\/schema\/logo\/image\/\",\"url\":\"https:\/\/exceladvisor.org\/tr\/wp-content\/uploads\/2023\/12\/exceladvisor.org_.png\",\"contentUrl\":\"https:\/\/exceladvisor.org\/tr\/wp-content\/uploads\/2023\/12\/exceladvisor.org_.png\",\"width\":105,\"height\":36,\"caption\":\"Excel Advisor\"},\"image\":{\"@id\":\"https:\/\/exceladvisor.org\/tr\/#\/schema\/logo\/image\/\"}}]}<\/script>\n<!-- \/ Yoast SEO plugin. -->","yoast_head_json":{"title":"\u00dccretsiz Excel Huni Grafi\u011fi \u015eablonu (K\u0131lavuzlu)","description":"\u0130\u015fletme sahibi misiniz? Excel&#39;de sat\u0131\u015f hunisi modelinin nas\u0131l olu\u015fturulaca\u011f\u0131n\u0131 biliyor musunuz? Burada basit ad\u0131mlar\u0131m var","robots":{"index":"index","follow":"follow","max-snippet":"max-snippet:-1","max-image-preview":"max-image-preview:large","max-video-preview":"max-video-preview:-1"},"canonical":"https:\/\/exceladvisor.org\/tr\/huni-grafigi\/","og_locale":"tr_TR","og_type":"article","og_title":"\u00dccretsiz Excel Huni Grafi\u011fi \u015eablonu (K\u0131lavuzlu)","og_description":"\u0130\u015fletme sahibi misiniz? Excel&#39;de sat\u0131\u015f hunisi modelinin nas\u0131l olu\u015fturulaca\u011f\u0131n\u0131 biliyor musunuz? Burada basit ad\u0131mlar\u0131m var","og_url":"https:\/\/exceladvisor.org\/tr\/huni-grafigi\/","og_site_name":"Excel Advisor","article_modified_time":"2023-12-10T06:01:04+00:00","og_image":[{"url":"https:\/\/exceladvisor.org\/wp-content\/uploads\/2023\/08\/graphique-dentonnoir-des-ventes-dans-un-modele-excel-1.gif","type":"","width":"","height":""}],"twitter_card":"summary_large_image","twitter_misc":{"Tahmini okuma s\u00fcresi":"3 dakika"},"schema":{"@context":"https:\/\/schema.org","@graph":[{"@type":"WebPage","@id":"https:\/\/exceladvisor.org\/tr\/huni-grafigi\/","url":"https:\/\/exceladvisor.org\/tr\/huni-grafigi\/","name":"\u00dccretsiz Excel Huni Grafi\u011fi \u015eablonu (K\u0131lavuzlu)","isPartOf":{"@id":"https:\/\/exceladvisor.org\/tr\/#website"},"primaryImageOfPage":{"@id":"https:\/\/exceladvisor.org\/tr\/huni-grafigi\/#primaryimage"},"image":{"@id":"https:\/\/exceladvisor.org\/tr\/huni-grafigi\/#primaryimage"},"thumbnailUrl":"https:\/\/exceladvisor.org\/wp-content\/uploads\/2023\/08\/graphique-dentonnoir-des-ventes-dans-un-modele-excel-1.gif","datePublished":"2023-11-10T19:17:27+00:00","dateModified":"2023-12-10T06:01:04+00:00","description":"\u0130\u015fletme sahibi misiniz? Excel&#39;de sat\u0131\u015f hunisi modelinin nas\u0131l olu\u015fturulaca\u011f\u0131n\u0131 biliyor musunuz? Burada basit ad\u0131mlar\u0131m var","breadcrumb":{"@id":"https:\/\/exceladvisor.org\/tr\/huni-grafigi\/#breadcrumb"},"inLanguage":"tr","potentialAction":[{"@type":"ReadAction","target":["https:\/\/exceladvisor.org\/tr\/huni-grafigi\/"]}]},{"@type":"ImageObject","inLanguage":"tr","@id":"https:\/\/exceladvisor.org\/tr\/huni-grafigi\/#primaryimage","url":"https:\/\/exceladvisor.org\/wp-content\/uploads\/2023\/08\/graphique-dentonnoir-des-ventes-dans-un-modele-excel-1.gif","contentUrl":"https:\/\/exceladvisor.org\/wp-content\/uploads\/2023\/08\/graphique-dentonnoir-des-ventes-dans-un-modele-excel-1.gif"},{"@type":"BreadcrumbList","@id":"https:\/\/exceladvisor.org\/tr\/huni-grafigi\/#breadcrumb","itemListElement":[{"@type":"ListItem","position":1,"name":"Ev","item":"https:\/\/exceladvisor.org\/tr\/"},{"@type":"ListItem","position":2,"name":"Excel&#39;de huni grafi\u011fi nas\u0131l olu\u015fturulur?"}]},{"@type":"WebSite","@id":"https:\/\/exceladvisor.org\/tr\/#website","url":"https:\/\/exceladvisor.org\/tr\/","name":"Excel Advisor","description":"Veri hakimiyetine y\u00f6nelik nihai rehberiniz!","publisher":{"@id":"https:\/\/exceladvisor.org\/tr\/#organization"},"potentialAction":[{"@type":"SearchAction","target":{"@type":"EntryPoint","urlTemplate":"https:\/\/exceladvisor.org\/tr\/?s={search_term_string}"},"query-input":{"@type":"PropertyValueSpecification","valueRequired":true,"valueName":"search_term_string"}}],"inLanguage":"tr"},{"@type":"Organization","@id":"https:\/\/exceladvisor.org\/tr\/#organization","name":"Excel Advisor","url":"https:\/\/exceladvisor.org\/tr\/","logo":{"@type":"ImageObject","inLanguage":"tr","@id":"https:\/\/exceladvisor.org\/tr\/#\/schema\/logo\/image\/","url":"https:\/\/exceladvisor.org\/tr\/wp-content\/uploads\/2023\/12\/exceladvisor.org_.png","contentUrl":"https:\/\/exceladvisor.org\/tr\/wp-content\/uploads\/2023\/12\/exceladvisor.org_.png","width":105,"height":36,"caption":"Excel Advisor"},"image":{"@id":"https:\/\/exceladvisor.org\/tr\/#\/schema\/logo\/image\/"}}]}},"yoast_meta":{"yoast_wpseo_title":"","yoast_wpseo_metadesc":"","yoast_wpseo_canonical":""},"_links":{"self":[{"href":"https:\/\/exceladvisor.org\/tr\/wp-json\/wp\/v2\/pages\/1696","targetHints":{"allow":["GET"]}}],"collection":[{"href":"https:\/\/exceladvisor.org\/tr\/wp-json\/wp\/v2\/pages"}],"about":[{"href":"https:\/\/exceladvisor.org\/tr\/wp-json\/wp\/v2\/types\/page"}],"author":[{"embeddable":true,"href":"https:\/\/exceladvisor.org\/tr\/wp-json\/wp\/v2\/users\/1"}],"replies":[{"embeddable":true,"href":"https:\/\/exceladvisor.org\/tr\/wp-json\/wp\/v2\/comments?post=1696"}],"version-history":[{"count":1,"href":"https:\/\/exceladvisor.org\/tr\/wp-json\/wp\/v2\/pages\/1696\/revisions"}],"predecessor-version":[{"id":2465,"href":"https:\/\/exceladvisor.org\/tr\/wp-json\/wp\/v2\/pages\/1696\/revisions\/2465"}],"wp:attachment":[{"href":"https:\/\/exceladvisor.org\/tr\/wp-json\/wp\/v2\/media?parent=1696"}],"curies":[{"name":"wp","href":"https:\/\/api.w.org\/{rel}","templated":true}]}}