{"id":1697,"date":"2023-11-10T18:59:39","date_gmt":"2023-11-10T18:59:39","guid":{"rendered":"https:\/\/exceladvisor.org\/tr\/kilometre-tasi-grafigi\/"},"modified":"2023-12-10T06:00:08","modified_gmt":"2023-12-10T06:00:08","slug":"kilometre-tasi-grafigi","status":"publish","type":"page","link":"https:\/\/exceladvisor.org\/tr\/kilometre-tasi-grafigi\/","title":{"rendered":"Excel&#39;de ad\u0131m tablosu nas\u0131l olu\u015fturulur?"},"content":{"rendered":"<div class=\"excel-icerikten-once\" id=\"excel-2740992994\"><script type=\"text\/javascript\">\r\n\tatOptions = {\r\n\t\t'key' : 'c1158f160081d6540a8409e6925dab94',\r\n\t\t'format' : 'iframe',\r\n\t\t'height' : 250,\r\n\t\t'width' : 300,\r\n\t\t'params' : {}\r\n\t};\r\n<\/script>\r\n<script type=\"text\/javascript\" src=\"\/\/www.highperformanceformat.com\/c1158f160081d6540a8409e6925dab94\/invoke.js\"><\/script><\/div> <div class=\"wp-block-image\"><figure class=\"aligncenter\"><img decoding=\"async\" src=\"https:\/\/exceladvisor.org\/wp-content\/uploads\/2023\/08\/comment-creer-un-tableau-des-etapes-dans-excel-1.png\" sizes=\"\" srcset=\"\" alt=\"excel'de ad\u0131m tablosu nas\u0131l olu\u015fturulur\"><\/figure><\/div><p> Bir projenin t\u00fcm a\u015famalar\u0131n\u0131 takip etmek \u00f6nemli bir i\u015ftir. Biliyorsunuz her ad\u0131m\u0131n uygulanmas\u0131 kadar \u00f6nemli. Asl\u0131nda izleme, y\u00fcr\u00fctmeyi kolayla\u015ft\u0131r\u0131r.<\/p><p> Excel&#8217;de projelerinizi takip etmek i\u00e7in kullanabilece\u011finiz en basit ama en g\u00fc\u00e7l\u00fc grafiklerden biri <strong>ADIM TABLOSU&#8217;dur<\/strong> . Buna ayn\u0131 zamanda \u201czaman \u00e7izelgesi grafi\u011fi\u201d de diyorlar.<\/p><p> Uzmanlar\u0131n en sevdi\u011fi proje y\u00f6netimi ara\u00e7lar\u0131ndan biridir. \u00d6nemli a\u015famalar\u0131, teslimatlar\u0131 ve di\u011fer kontrol noktalar\u0131n\u0131 belirleyebilece\u011finiz bir zaman \u00e7izelgesini g\u00f6rsel olarak g\u00f6r\u00fcnt\u00fcler.<\/p><p> <a href=\"https:\/\/en.wikipedia.org\/wiki\/Milestone_(project_management)\" target=\"_blank\" rel=\"noopener noreferrer\"><em>Vikipedi&#8217;ye g\u00f6re<\/em><\/a> <em>: Kilometre ta\u015flar\u0131, proje y\u00f6netiminde proje zaman \u00e7izelgesi boyunca belirli noktalar\u0131 i\u015faretlemek i\u00e7in kullan\u0131lan ara\u00e7lard\u0131r.<\/em><\/p><p> Kilometre ta\u015f\u0131 grafi\u011finin temel fikri, projenizin her ad\u0131m\u0131n\u0131 tamamlanma tarihiyle birlikte bir zaman \u00e7izelgesinde takip etmek ve bunu basit bir \u015fekilde sunmakt\u0131r.<\/p><p> Bug\u00fcn bu yaz\u0131mda sizinle Excel&#8217;de ad\u0131m tablosu olu\u015fturmak i\u00e7in <strong>3 ad\u0131ml\u0131 basit bir s\u00fcreci<\/strong> payla\u015fmak istiyorum.<\/p><p> \u00d6yleyse ba\u015flayal\u0131m.<\/p><h2 class=\"wp-block-heading\"> Ad\u0131m Grafi\u011fi Kullanman\u0131n Yararlar\u0131<\/h2><p> Bu konuya girmeden \u00f6nce size ad\u0131m grafi\u011fi kullanman\u0131n temel faydalar\u0131ndan bahsedeyim.<\/p><ul><li> Bir d\u00f6n\u00fcm noktas\u0131 grafi\u011fiyle projenin ilerleyi\u015fini kontrol etmek kolayd\u0131r.<\/li><li> Kullan\u0131c\u0131n\u0131n proje planlamas\u0131n\u0131 anlamas\u0131 kolayd\u0131r.<\/li><li> T\u00fcm \u00f6nemli bilgileri tek bir grafikte bulabilirsiniz.<\/li><\/ul><h2 class=\"wp-block-heading\"> Excel&#8217;de Ad\u0131mlar Tablosu Olu\u015fturma Ad\u0131mlar\u0131<\/h2><p> Anlaman\u0131z\u0131 kolayla\u015ft\u0131rmak i\u00e7in t\u00fcm s\u00fcreci \u00fc\u00e7 ad\u0131ma ay\u0131rd\u0131m.<\/p><h3 class=\"wp-block-heading\"> 1. Verileri yap\u0131land\u0131r\u0131n<\/h3><p> Bu grafik i\u00e7in verilerinizi kolayca yap\u0131land\u0131rabilirsiniz. Verilerinizi a\u015fa\u011f\u0131daki gibi d\u00fczenledi\u011finizden emin olun. <\/p><div class=\"wp-block-image\"><figure class=\"aligncenter\"><img decoding=\"async\" src=\"https:\/\/exceladvisor.org\/wp-content\/uploads\/2023\/08\/donnees-pour-creer-un-graphique-detape-dans-Excel-1.png\" sizes=\"\" srcset=\"\" alt=\"Excel'de ad\u0131m grafi\u011fi olu\u015fturmak i\u00e7in veriler\"><\/figure><\/div><p> Bu veri tablosunda \u00fc\u00e7 s\u00fctunumuz var.<\/p><ol><li> \u0130lk s\u00fctun proje a\u015famalar\u0131n\u0131n tamamlanma tarihleri i\u00e7indir. Ve bu s\u00fctunun format\u0131n\u0131n metin format\u0131nda oldu\u011fundan emin olun.<\/li><li> \u0130kinci s\u00fctun aktivite ad\u0131 i\u00e7indir.<\/li><li> \u00dc\u00e7\u00fcnc\u00fc s\u00fctun yaln\u0131zca etkinlikleri zaman \u00e7izelgesine (\u00fcst ve alt) yerle\u015ftirmek i\u00e7indir.<\/li><\/ol><h3 class=\"wp-block-heading\"> 2. Bir grafik ekleyin<\/h3><p> \u015eimdi oyun ba\u015fl\u0131yor. Ad\u0131m grafi\u011fi olu\u015fturmak biraz uzun bir s\u00fcre\u00e7tir, ancak bu muhte\u015fem grafik i\u00e7in buna de\u011fer.<\/p><p> \u0130\u015fte ad\u0131mlar.<\/p><ol><li> Verilerdeki h\u00fccrelerden birini se\u00e7in.<\/li><li> Ekle sekmesine gidin \u279c Grafikler \u279c \u0130\u015faret\u00e7ili \u00c7izgi. <br><img decoding=\"async\" title=\"Excel'de ad\u0131m grafi\u011fi olu\u015fturmak i\u00e7in i\u015faret\u00e7ilerle \u00e7izgi grafi\u011fi ekleme\" src=\"https:\/\/exceladvisor.org\/wp-content\/uploads\/2023\/08\/inserer-un-graphique-lineaire-avec-des-marqueurs-pour-creer-un-graphique-detape-dans-Excel-1.png\" sizes=\"\" srcset=\"\" alt=\"insert a line chart with markers to create a milestone chart in excel\"><\/li><li> B\u00f6yle bir tablo elde edece\u011fiz. Ama istedi\u011fimiz bu de\u011fil, onu yeniden yaratmam\u0131z gerekiyor. <br><img decoding=\"async\" title=\"Excel'de bir kilometre ta\u015f\u0131 grafi\u011fi olu\u015fturmak i\u00e7in ham grafik\" src=\"https:\/\/exceladvisor.org\/wp-content\/uploads\/2023\/08\/graphique-brut-pour-creer-un-graphique-detape-dans-Excel-1.png\" sizes=\"\" srcset=\"\" alt=\"raw chart to create a milestone chart in excel\"><\/li><li> \u015eimdi grafi\u011fe sa\u011f t\u0131klay\u0131n ve ard\u0131ndan \u201cVeri Se\u00e7\u201d e gidin. <br><img decoding=\"async\" title=\"excel'de-olu\u015fturulacak-kilometre ta\u015f\u0131-grafik-verilerini se\u00e7\" src=\"https:\/\/exceladvisor.org\/wp-content\/uploads\/2023\/08\/selectionner-des-donnees-pour-creer-un-graphique-detape-dans-Excel-1.png\" sizes=\"\" srcset=\"\" alt=\"select data to create a milestone chart in excel\"><\/li><li> Veri se\u00e7im penceresinde seriyi a\u00e7\u0131klama giri\u015flerinden kald\u0131rman\u0131z yeterlidir. <br><img decoding=\"async\" title=\"excel'de-olu\u015fturulacak-d\u00f6n\u00fcm noktas\u0131-grafik-serisini sil\" src=\"https:\/\/exceladvisor.org\/wp-content\/uploads\/2023\/08\/supprimer-des-series-pour-creer-un-graphique-detape-dans-Excel-1.png\" sizes=\"\" srcset=\"\" alt=\"remove series to create a milestone chart in excel\"><\/li><li> Art\u0131k masam\u0131z tamamen bo\u015f. Bu y\u00fczden seri ve eksen etiketlerini yeniden atamam\u0131z gerekiyor.<\/li><li> Altyaz\u0131 giri\u015flerinden \u201cEkle\u201dyi t\u0131klay\u0131n. <br><img decoding=\"async\" title=\"excel'de-d\u00f6n\u00fcm noktas\u0131-tablosu olu\u015fturmak i\u00e7in ekle'yi t\u0131klay\u0131n\" src=\"https:\/\/exceladvisor.org\/wp-content\/uploads\/2023\/08\/cliquez-sur-ajouter-pour-creer-un-graphique-detape-dans-Excel-1.png\" sizes=\"\" srcset=\"\" alt=\"click add to create a milestone chart in excel\"><\/li><li> Seri d\u00fczenleme penceresinde seri ad\u0131na &#8220;Tarih&#8221; girin ve seri de\u011ferleri i\u00e7in etkinlik s\u00fctununu se\u00e7in. <br><img decoding=\"async\" title=\"excel'de-olu\u015fturulacak-kilometre ta\u015f\u0131-grafik serisini se\u00e7in\" src=\"https:\/\/exceladvisor.org\/wp-content\/uploads\/2023\/08\/selectionner-une-serie-pour-creer-un-graphique-detape-dans-Excel-1.png\" sizes=\"\" srcset=\"\" alt=\"select series to create a milestone chart in excel\"><\/li><li> Daha sonra \u201cYatay Eksen Etiketleri\u201dnde d\u00fczenleye t\u0131klay\u0131n ve tarih s\u00fctununa bak\u0131n ve Tamam\u2019a t\u0131klay\u0131n. <br><img decoding=\"async\" title=\"ad\u0131m ad\u0131m-kilometre ta\u015f\u0131 grafi\u011fi olu\u015fturmak i\u00e7in eksen-etiketini de\u011fi\u015ftir-Excel-1\" src=\"https:\/\/exceladvisor.org\/wp-content\/uploads\/2023\/08\/modifier-letiquette-de-laxe-pour-creer-un-graphique-detape-dans-les-etapes-Excel-1.png\" sizes=\"\" srcset=\"\" alt=\"edit axis label to create a milestone chart in excel steps\"><\/li><li> Daha sonra ba\u015fka bir seri eklememiz gerekiyor. Lejant giri\u015flerinde &#8220;Ekle&#8221;yi t\u0131klay\u0131n ve &#8220;Yerle\u015fim&#8221; olarak adland\u0131r\u0131n ve seri de\u011ferlerini yerle\u015fim s\u00fctununa y\u00f6nlendirin. <br><img decoding=\"async\" title=\"Excel'de ad\u0131m grafi\u011fi olu\u015fturmak i\u00e7in yeni bir seri ekleyin\" src=\"https:\/\/exceladvisor.org\/wp-content\/uploads\/2023\/08\/ajouter-une-nouvelle-serie-pour-creer-un-graphique-detape-dans-Excel-1.png\" sizes=\"\" srcset=\"\" alt=\"add new series to create a milestone chart in excel\"><\/li><li> \u015eimdi sadece Tamam&#8217;\u0131 t\u0131klay\u0131n.<\/li><\/ol><p> Bu noktada zaman \u00e7izelgesine benzeyen bir grafi\u011fimiz var. Ancak onu m\u00fckemmel bir ad\u0131m grafi\u011fi haline getirmek i\u00e7in k\u00fc\u00e7\u00fck bir bi\u00e7imlendirme dokunu\u015funa ihtiyac\u0131m\u0131z var. <\/p><div class=\"wp-block-image\"><figure class=\"aligncenter\"><img decoding=\"async\" src=\"https:\/\/exceladvisor.org\/wp-content\/uploads\/2023\/08\/graphique-final-pour-creer-un-graphique-detape-dans-les-etapes-Excel-1.png\" sizes=\"\" srcset=\"\" alt=\"Excel Ad\u0131mlar\u0131nda ad\u0131m grafi\u011fi olu\u015fturmak i\u00e7in son grafik\"><\/figure><\/div><p> <a href=\"https:\/\/exceladvisor.org\/wp-content\/uploads\/2023\/11\/tableau-des-etapes-finales-sans-mise-en-forme.xlsx\" rel=\"nofollow\">Tabloyu bu ad\u0131ma getirmek i\u00e7in bu dosyay\u0131 indirin<\/a> .<\/p><h3 id=\"tab-con-5\" class=\"wp-block-heading\"> 3. Son bi\u00e7imlendirme<\/h3><p> K\u00fc\u00e7\u00fck bir bi\u00e7imlendirme dokunu\u015fu. Bu basit ad\u0131mlar\u0131 izleyin.<\/p><ol><li> \u00c7izgi grafi\u011fine t\u0131klay\u0131n ve format se\u00e7ene\u011fini a\u00e7\u0131n.<\/li><li> \u00c7izgi i\u00e7in \u201cRenk Yok\u201d se\u00e7ene\u011fini kullan\u0131n. <br><img decoding=\"async\" title=\"Excel'de ad\u0131m tablosu olu\u015fturmak i\u00e7in sat\u0131r yok\" src=\"https:\/\/exceladvisor.org\/wp-content\/uploads\/2023\/08\/pas-de-ligne-pour-creer-un-tableau-detape-dans-Excel-1.png\" sizes=\"\" srcset=\"\" alt=\"no line to create a milestone chart in excel\"><\/li><li> Ayn\u0131 se\u00e7imle Tasar\u0131m sekmesi -&gt; Grafik \u00d6\u011fesi Ekle -&gt; Hata \u00c7ubuklar\u0131 -&gt; Daha Fazla Hata \u00c7ubu\u011fu Se\u00e7enekleri se\u00e7ene\u011fine gidin. <br><img decoding=\"async\" title=\"Excel'de ad\u0131m grafi\u011fi olu\u015fturmak i\u00e7in hata \u00e7ubuklar\u0131 ekleyin\" src=\"https:\/\/exceladvisor.org\/wp-content\/uploads\/2023\/08\/ajouter-des-barres-derreur-pour-creer-un-graphique-detape-dans-Excel-1.png\" sizes=\"\" srcset=\"\" alt=\"add error bars to create a milestone chart in excel\"><\/li><li> \u015eimdi bi\u00e7imlendirme se\u00e7eneklerinden hata \u00e7ubuklar\u0131 i\u00e7in \u201cEksi\u201d y\u00f6n\u00fcn\u00fc ve \u201cY\u00fczde: %100\u201d hata de\u011ferini se\u00e7in. <br><img decoding=\"async\" title=\"Excel'de-bir-d\u00f6n\u00fcm noktas\u0131-grafi\u011fi-olu\u015fturmak i\u00e7in-hata-\u00e7ubuklar\u0131n\u0131-bi\u00e7imlendirme\" src=\"https:\/\/exceladvisor.org\/wp-content\/uploads\/2023\/08\/formater-les-barres-derreur-pour-creer-un-graphique-detape-dans-Excel-1.png\" sizes=\"\" srcset=\"\" alt=\"format error bars to create a milestone chart in excel\"><\/li><li> Daha sonra \u00e7izgi grafi\u011finizi ikincil eksene d\u00f6n\u00fc\u015ft\u00fcr\u00fcn ve ikincil ekseni an\u0131nda kald\u0131r\u0131n.<\/li><\/ol><p> \u015eimdi yapman\u0131z gereken son \u00f6nemli \u015fey, her ad\u0131m i\u00e7in aktivite ad\u0131n\u0131 eklemektir.<\/p><ol><li> \u0130lk \u00f6nce veri etiketleri ekleyin.<\/li><li> \u015eimdi Veri Etiketi Bi\u00e7imlendirme se\u00e7eneklerinden \u201cKategori Ad\u0131\u201dn\u0131 se\u00e7in. <br><img decoding=\"async\" title=\"Excel'de ad\u0131m grafi\u011fi olu\u015fturmak i\u00e7in veri etiketleri ekleme\" src=\"https:\/\/exceladvisor.org\/wp-content\/uploads\/2023\/08\/ajouter-des-etiquettes-de-donnees-pour-creer-un-graphique-detape-dans-Excel-1.png\" sizes=\"\" srcset=\"\" alt=\"add data labels to create a milestone chart in excel\"><\/li><li> Bundan sonra grafi\u011finizi se\u00e7in ve \u201cVeri Se\u00e7\u201d e t\u0131klay\u0131n.<\/li><li> \u201cYerle\u015fim\u201d serisine t\u0131klay\u0131n. <br><img decoding=\"async\" title=\"excel'de-kilometre ta\u015f\u0131-grafik-olu\u015fturmak i\u00e7in-veri-etiketlerini-eklemek i\u00e7in-d\u00fczenleme serisi\" src=\"https:\/\/exceladvisor.org\/wp-content\/uploads\/2023\/08\/modifier-la-serie-pour-ajouter-des-etiquettes-de-donnees-pour-creer-un-graphique-detape-dans-Excel-1.png\" sizes=\"\" srcset=\"\" alt=\"edit series to add data labels to create a milestone chart in excel\"><\/li><li> Eksen etiketinden d\u00fczenle&#8217;ye t\u0131klay\u0131n ve etkinlik s\u00fctununa bak\u0131n. <br><img decoding=\"async\" title=\"excel-1'de-bir-d\u00f6n\u00fcm noktas\u0131-grafi\u011fi-olu\u015fturmak i\u00e7in-veri-etiketi-aral\u0131\u011f\u0131n\u0131 se\u00e7in\" src=\"https:\/\/exceladvisor.org\/wp-content\/uploads\/2023\/08\/selectionnez-la-plage-detiquettes-de-donnees-pour-creer-un-graphique-detape-dans-Excel-1.png\" sizes=\"\" srcset=\"\" alt=\"select data label range to create a milestone chart in excel\"><\/li><li> Tamam&#8217;\u0131 t\u0131klay\u0131n. <br><img decoding=\"async\" title=\"ad\u0131mlarla-bir-d\u00f6n\u00fcm noktas\u0131-grafi\u011fi-olu\u015fturmak i\u00e7in-bi\u00e7imlendirmeli-son-grafik-Excel\" src=\"https:\/\/exceladvisor.org\/wp-content\/uploads\/2023\/08\/graphique-final-avec-mise-en-forme-pour-creer-un-graphique-detape-dans-les-etapes-Excel-1.png\" sizes=\"\" srcset=\"\" alt=\"final chart with formatting to create a milestone chart in excel steps\"><\/li><\/ol><h2 id=\"tab-con-6\" class=\"wp-block-heading\"> \u00d6rnek dosya<\/h2><p> Daha fazla bilgi edinmek i\u00e7in <a href=\"https:\/\/exceladvisor.org\/wp-content\/uploads\/2023\/11\/tableau-des-jalons-dans-excel.xlsx\" rel=\"nofollow\">bu \u00f6rnek dosyay\u0131 buradan indirin<\/a> .<\/p><h2 class=\"wp-block-heading\"> \u00c7\u00f6z\u00fcm<\/h2><p> Dedi\u011fim gibi ad\u0131m grafi\u011fi son kullan\u0131c\u0131 i\u00e7in kolay anla\u015f\u0131l\u0131r ve proje planlaman\u0131z\u0131 basit bir \u015fekilde takip edebilirsiniz. \u0130lk yapt\u0131\u011f\u0131n\u0131zda biraz zor g\u00f6r\u00fcnebilir, ancak yeni ba\u015flayan bir proje y\u00f6neticisiyseniz denemek sizin elinizde.<\/p><p> Umar\u0131m bu ad\u0131m ad\u0131m y\u00f6ntemi faydal\u0131 bulmu\u015fsunuzdur, ama \u015fimdi bana bir \u015fey s\u00f6yleyin.<\/p><p> <strong>Bu tahtay\u0131 daha \u00f6nce hi\u00e7 denediniz mi?<\/strong><\/p><p> D\u00fc\u015f\u00fcncelerinizi yorum b\u00f6l\u00fcm\u00fcnde payla\u015f\u0131n, sizden haber almay\u0131 \u00e7ok isterim ve arkada\u015flar\u0131n\u0131zla payla\u015fmay\u0131 unutmay\u0131n.<\/p><div class=\"gb-container gb-container-a61970aa gb-container-mt\"> <a class=\"gb-button gb-button-b4293c6c gb-button-text gb-button-mt-button\" href=\"https:\/\/exceladvisor.org\/tr\/excel-cizelgeleri\/\">Excel Grafik T\u00fcrleri<\/a><h2 class=\"gb-headline gb-headline-5bf2e581 gb-headline-text gb-headline-mt-heading\"> \u0130lgili e\u011fitimler <\/h2><div class=\"gb-grid-wrapper gb-grid-wrapper-9b70abf1 gb-grid-wrapper-mt-grid\"><div class=\"gb-grid-column gb-grid-column-97a95c29\"><div class=\"gb-container gb-container-97a95c29\"><ul><li> <a href=\"https:\/\/exceladvisor.org\/tr\/gozleme-grafigi\/\">KABARTMALI LEVHA<\/a><\/li><li> <a href=\"https:\/\/exceladvisor.org\/tr\/huni-grafigi\/\">Huni grafi\u011fi<\/a><\/li><li> <a href=\"https:\/\/exceladvisor.org\/tr\/gantt-semasi\/\">Gantt \u015femas\u0131<\/a><\/li><li> <a href=\"https:\/\/exceladvisor.org\/tr\/kursun-tahtasi\/\">Madde i\u015fareti grafi\u011fi<\/a><\/li><\/ul><\/div><\/div><\/div><\/div>","protected":false},"excerpt":{"rendered":"","protected":false},"author":1,"featured_media":0,"parent":0,"menu_order":0,"comment_status":"open","ping_status":"closed","template":"","meta":{"ub_ctt_via":"","footnotes":""},"class_list":["post-1697","page","type-page","status-publish","hentry"],"featured_image_src":null,"yoast_head":"<!-- This site is optimized with the Yoast SEO plugin v25.4 - https:\/\/yoast.com\/wordpress\/plugins\/seo\/ -->\n<title>Excel&#039;de ad\u0131m tablosu nas\u0131l olu\u015fturulur? [3 Ad\u0131m]<\/title>\n<meta name=\"description\" content=\"Kilometre ta\u015f\u0131 grafi\u011finin temel fikri, projenizin her ad\u0131m\u0131n\u0131 tamamlanma tarihi ve s\u00fcresiyle birlikte bir zaman \u00e7izelgesinde takip etmektir.\" \/>\n<meta name=\"robots\" content=\"index, follow, max-snippet:-1, max-image-preview:large, max-video-preview:-1\" \/>\n<link rel=\"canonical\" href=\"https:\/\/exceladvisor.org\/tr\/kilometre-tasi-grafigi\/\" \/>\n<meta property=\"og:locale\" content=\"tr_TR\" \/>\n<meta property=\"og:type\" content=\"article\" \/>\n<meta property=\"og:title\" content=\"Excel&#039;de ad\u0131m tablosu nas\u0131l olu\u015fturulur? [3 Ad\u0131m]\" \/>\n<meta property=\"og:description\" content=\"Kilometre ta\u015f\u0131 grafi\u011finin temel fikri, projenizin her ad\u0131m\u0131n\u0131 tamamlanma tarihi ve s\u00fcresiyle birlikte bir zaman \u00e7izelgesinde takip etmektir.\" \/>\n<meta property=\"og:url\" content=\"https:\/\/exceladvisor.org\/tr\/kilometre-tasi-grafigi\/\" \/>\n<meta property=\"og:site_name\" content=\"Excel Advisor\" \/>\n<meta property=\"article:modified_time\" content=\"2023-12-10T06:00:08+00:00\" \/>\n<meta property=\"og:image\" content=\"https:\/\/exceladvisor.org\/wp-content\/uploads\/2023\/08\/comment-creer-un-tableau-des-etapes-dans-excel-1.png\" \/>\n<meta name=\"twitter:card\" content=\"summary_large_image\" \/>\n<meta name=\"twitter:label1\" content=\"Tahmini okuma s\u00fcresi\" \/>\n\t<meta name=\"twitter:data1\" content=\"4 dakika\" \/>\n<script type=\"application\/ld+json\" class=\"yoast-schema-graph\">{\"@context\":\"https:\/\/schema.org\",\"@graph\":[{\"@type\":\"WebPage\",\"@id\":\"https:\/\/exceladvisor.org\/tr\/kilometre-tasi-grafigi\/\",\"url\":\"https:\/\/exceladvisor.org\/tr\/kilometre-tasi-grafigi\/\",\"name\":\"Excel&#39;de ad\u0131m tablosu nas\u0131l olu\u015fturulur? [3 Ad\u0131m]\",\"isPartOf\":{\"@id\":\"https:\/\/exceladvisor.org\/tr\/#website\"},\"primaryImageOfPage\":{\"@id\":\"https:\/\/exceladvisor.org\/tr\/kilometre-tasi-grafigi\/#primaryimage\"},\"image\":{\"@id\":\"https:\/\/exceladvisor.org\/tr\/kilometre-tasi-grafigi\/#primaryimage\"},\"thumbnailUrl\":\"https:\/\/exceladvisor.org\/wp-content\/uploads\/2023\/08\/comment-creer-un-tableau-des-etapes-dans-excel-1.png\",\"datePublished\":\"2023-11-10T18:59:39+00:00\",\"dateModified\":\"2023-12-10T06:00:08+00:00\",\"description\":\"Kilometre ta\u015f\u0131 grafi\u011finin temel fikri, projenizin her ad\u0131m\u0131n\u0131 tamamlanma tarihi ve s\u00fcresiyle birlikte bir zaman \u00e7izelgesinde takip etmektir.\",\"breadcrumb\":{\"@id\":\"https:\/\/exceladvisor.org\/tr\/kilometre-tasi-grafigi\/#breadcrumb\"},\"inLanguage\":\"tr\",\"potentialAction\":[{\"@type\":\"ReadAction\",\"target\":[\"https:\/\/exceladvisor.org\/tr\/kilometre-tasi-grafigi\/\"]}]},{\"@type\":\"ImageObject\",\"inLanguage\":\"tr\",\"@id\":\"https:\/\/exceladvisor.org\/tr\/kilometre-tasi-grafigi\/#primaryimage\",\"url\":\"https:\/\/exceladvisor.org\/wp-content\/uploads\/2023\/08\/comment-creer-un-tableau-des-etapes-dans-excel-1.png\",\"contentUrl\":\"https:\/\/exceladvisor.org\/wp-content\/uploads\/2023\/08\/comment-creer-un-tableau-des-etapes-dans-excel-1.png\"},{\"@type\":\"BreadcrumbList\",\"@id\":\"https:\/\/exceladvisor.org\/tr\/kilometre-tasi-grafigi\/#breadcrumb\",\"itemListElement\":[{\"@type\":\"ListItem\",\"position\":1,\"name\":\"Ev\",\"item\":\"https:\/\/exceladvisor.org\/tr\/\"},{\"@type\":\"ListItem\",\"position\":2,\"name\":\"Excel&#39;de ad\u0131m tablosu nas\u0131l olu\u015fturulur?\"}]},{\"@type\":\"WebSite\",\"@id\":\"https:\/\/exceladvisor.org\/tr\/#website\",\"url\":\"https:\/\/exceladvisor.org\/tr\/\",\"name\":\"Excel Advisor\",\"description\":\"Veri hakimiyetine y\u00f6nelik nihai rehberiniz!\",\"publisher\":{\"@id\":\"https:\/\/exceladvisor.org\/tr\/#organization\"},\"potentialAction\":[{\"@type\":\"SearchAction\",\"target\":{\"@type\":\"EntryPoint\",\"urlTemplate\":\"https:\/\/exceladvisor.org\/tr\/?s={search_term_string}\"},\"query-input\":{\"@type\":\"PropertyValueSpecification\",\"valueRequired\":true,\"valueName\":\"search_term_string\"}}],\"inLanguage\":\"tr\"},{\"@type\":\"Organization\",\"@id\":\"https:\/\/exceladvisor.org\/tr\/#organization\",\"name\":\"Excel Advisor\",\"url\":\"https:\/\/exceladvisor.org\/tr\/\",\"logo\":{\"@type\":\"ImageObject\",\"inLanguage\":\"tr\",\"@id\":\"https:\/\/exceladvisor.org\/tr\/#\/schema\/logo\/image\/\",\"url\":\"https:\/\/exceladvisor.org\/tr\/wp-content\/uploads\/2023\/12\/exceladvisor.org_.png\",\"contentUrl\":\"https:\/\/exceladvisor.org\/tr\/wp-content\/uploads\/2023\/12\/exceladvisor.org_.png\",\"width\":105,\"height\":36,\"caption\":\"Excel Advisor\"},\"image\":{\"@id\":\"https:\/\/exceladvisor.org\/tr\/#\/schema\/logo\/image\/\"}}]}<\/script>\n<!-- \/ Yoast SEO plugin. -->","yoast_head_json":{"title":"Excel&#39;de ad\u0131m tablosu nas\u0131l olu\u015fturulur? [3 Ad\u0131m]","description":"Kilometre ta\u015f\u0131 grafi\u011finin temel fikri, projenizin her ad\u0131m\u0131n\u0131 tamamlanma tarihi ve s\u00fcresiyle birlikte bir zaman \u00e7izelgesinde takip etmektir.","robots":{"index":"index","follow":"follow","max-snippet":"max-snippet:-1","max-image-preview":"max-image-preview:large","max-video-preview":"max-video-preview:-1"},"canonical":"https:\/\/exceladvisor.org\/tr\/kilometre-tasi-grafigi\/","og_locale":"tr_TR","og_type":"article","og_title":"Excel&#39;de ad\u0131m tablosu nas\u0131l olu\u015fturulur? [3 Ad\u0131m]","og_description":"Kilometre ta\u015f\u0131 grafi\u011finin temel fikri, projenizin her ad\u0131m\u0131n\u0131 tamamlanma tarihi ve s\u00fcresiyle birlikte bir zaman \u00e7izelgesinde takip etmektir.","og_url":"https:\/\/exceladvisor.org\/tr\/kilometre-tasi-grafigi\/","og_site_name":"Excel Advisor","article_modified_time":"2023-12-10T06:00:08+00:00","og_image":[{"url":"https:\/\/exceladvisor.org\/wp-content\/uploads\/2023\/08\/comment-creer-un-tableau-des-etapes-dans-excel-1.png","type":"","width":"","height":""}],"twitter_card":"summary_large_image","twitter_misc":{"Tahmini okuma s\u00fcresi":"4 dakika"},"schema":{"@context":"https:\/\/schema.org","@graph":[{"@type":"WebPage","@id":"https:\/\/exceladvisor.org\/tr\/kilometre-tasi-grafigi\/","url":"https:\/\/exceladvisor.org\/tr\/kilometre-tasi-grafigi\/","name":"Excel&#39;de ad\u0131m tablosu nas\u0131l olu\u015fturulur? [3 Ad\u0131m]","isPartOf":{"@id":"https:\/\/exceladvisor.org\/tr\/#website"},"primaryImageOfPage":{"@id":"https:\/\/exceladvisor.org\/tr\/kilometre-tasi-grafigi\/#primaryimage"},"image":{"@id":"https:\/\/exceladvisor.org\/tr\/kilometre-tasi-grafigi\/#primaryimage"},"thumbnailUrl":"https:\/\/exceladvisor.org\/wp-content\/uploads\/2023\/08\/comment-creer-un-tableau-des-etapes-dans-excel-1.png","datePublished":"2023-11-10T18:59:39+00:00","dateModified":"2023-12-10T06:00:08+00:00","description":"Kilometre ta\u015f\u0131 grafi\u011finin temel fikri, projenizin her ad\u0131m\u0131n\u0131 tamamlanma tarihi ve s\u00fcresiyle birlikte bir zaman \u00e7izelgesinde takip etmektir.","breadcrumb":{"@id":"https:\/\/exceladvisor.org\/tr\/kilometre-tasi-grafigi\/#breadcrumb"},"inLanguage":"tr","potentialAction":[{"@type":"ReadAction","target":["https:\/\/exceladvisor.org\/tr\/kilometre-tasi-grafigi\/"]}]},{"@type":"ImageObject","inLanguage":"tr","@id":"https:\/\/exceladvisor.org\/tr\/kilometre-tasi-grafigi\/#primaryimage","url":"https:\/\/exceladvisor.org\/wp-content\/uploads\/2023\/08\/comment-creer-un-tableau-des-etapes-dans-excel-1.png","contentUrl":"https:\/\/exceladvisor.org\/wp-content\/uploads\/2023\/08\/comment-creer-un-tableau-des-etapes-dans-excel-1.png"},{"@type":"BreadcrumbList","@id":"https:\/\/exceladvisor.org\/tr\/kilometre-tasi-grafigi\/#breadcrumb","itemListElement":[{"@type":"ListItem","position":1,"name":"Ev","item":"https:\/\/exceladvisor.org\/tr\/"},{"@type":"ListItem","position":2,"name":"Excel&#39;de ad\u0131m tablosu nas\u0131l olu\u015fturulur?"}]},{"@type":"WebSite","@id":"https:\/\/exceladvisor.org\/tr\/#website","url":"https:\/\/exceladvisor.org\/tr\/","name":"Excel Advisor","description":"Veri hakimiyetine y\u00f6nelik nihai rehberiniz!","publisher":{"@id":"https:\/\/exceladvisor.org\/tr\/#organization"},"potentialAction":[{"@type":"SearchAction","target":{"@type":"EntryPoint","urlTemplate":"https:\/\/exceladvisor.org\/tr\/?s={search_term_string}"},"query-input":{"@type":"PropertyValueSpecification","valueRequired":true,"valueName":"search_term_string"}}],"inLanguage":"tr"},{"@type":"Organization","@id":"https:\/\/exceladvisor.org\/tr\/#organization","name":"Excel Advisor","url":"https:\/\/exceladvisor.org\/tr\/","logo":{"@type":"ImageObject","inLanguage":"tr","@id":"https:\/\/exceladvisor.org\/tr\/#\/schema\/logo\/image\/","url":"https:\/\/exceladvisor.org\/tr\/wp-content\/uploads\/2023\/12\/exceladvisor.org_.png","contentUrl":"https:\/\/exceladvisor.org\/tr\/wp-content\/uploads\/2023\/12\/exceladvisor.org_.png","width":105,"height":36,"caption":"Excel Advisor"},"image":{"@id":"https:\/\/exceladvisor.org\/tr\/#\/schema\/logo\/image\/"}}]}},"yoast_meta":{"yoast_wpseo_title":"","yoast_wpseo_metadesc":"","yoast_wpseo_canonical":""},"_links":{"self":[{"href":"https:\/\/exceladvisor.org\/tr\/wp-json\/wp\/v2\/pages\/1697","targetHints":{"allow":["GET"]}}],"collection":[{"href":"https:\/\/exceladvisor.org\/tr\/wp-json\/wp\/v2\/pages"}],"about":[{"href":"https:\/\/exceladvisor.org\/tr\/wp-json\/wp\/v2\/types\/page"}],"author":[{"embeddable":true,"href":"https:\/\/exceladvisor.org\/tr\/wp-json\/wp\/v2\/users\/1"}],"replies":[{"embeddable":true,"href":"https:\/\/exceladvisor.org\/tr\/wp-json\/wp\/v2\/comments?post=1697"}],"version-history":[{"count":1,"href":"https:\/\/exceladvisor.org\/tr\/wp-json\/wp\/v2\/pages\/1697\/revisions"}],"predecessor-version":[{"id":2381,"href":"https:\/\/exceladvisor.org\/tr\/wp-json\/wp\/v2\/pages\/1697\/revisions\/2381"}],"wp:attachment":[{"href":"https:\/\/exceladvisor.org\/tr\/wp-json\/wp\/v2\/media?parent=1697"}],"curies":[{"name":"wp","href":"https:\/\/api.w.org\/{rel}","templated":true}]}}