{"id":1698,"date":"2023-11-10T18:42:50","date_gmt":"2023-11-10T18:42:50","guid":{"rendered":"https:\/\/exceladvisor.org\/tr\/yatay-bir-cizgi-ekle\/"},"modified":"2023-12-10T06:04:00","modified_gmt":"2023-12-10T06:04:00","slug":"yatay-bir-cizgi-ekle","status":"publish","type":"page","link":"https:\/\/exceladvisor.org\/tr\/yatay-bir-cizgi-ekle\/","title":{"rendered":"Grafi\u011fe yatay \u00e7izgi nas\u0131l eklenir?"},"content":{"rendered":"<div class=\"excel-icerikten-once\" id=\"excel-4216059147\"><script type=\"text\/javascript\">\r\n\tatOptions = {\r\n\t\t'key' : 'c1158f160081d6540a8409e6925dab94',\r\n\t\t'format' : 'iframe',\r\n\t\t'height' : 250,\r\n\t\t'width' : 300,\r\n\t\t'params' : {}\r\n\t};\r\n<\/script>\r\n<script type=\"text\/javascript\" src=\"\/\/www.highperformanceformat.com\/c1158f160081d6540a8409e6925dab94\/invoke.js\"><\/script><\/div> <p>Excel&#8217;de grafik olu\u015ftururken yatay bir \u00e7izgiyi hedef \u00e7izgi veya ortalama \u00e7izgi olarak kullanabilirsiniz. Bu, ba\u015far\u0131y\u0131 hedefle kar\u015f\u0131la\u015ft\u0131rman\u0131za yard\u0131mc\u0131 olabilir. A\u015fa\u011f\u0131daki tabloya bakman\u0131z yeterli. <\/p><div class=\"wp-block-image\"><figure class=\"aligncenter\"><img decoding=\"async\" src=\"https:\/\/exceladvisor.org\/wp-content\/uploads\/2023\/08\/comment-ajouter-une-ligne-horizontale-au-graphique-Excel-en-utilisant-les-meilleures-pratiques-1.gif\" sizes=\"\" srcset=\"\" alt=\"En iyi uygulamalar\u0131 kullanarak excel grafi\u011fine yatay \u00e7izgi nas\u0131l eklenir\"><\/figure><\/div><p> Ho\u015funa gitti, de\u011fil mi? Be\u011fendiyseniz yorum k\u0131sm\u0131na \u201cEvet\u201d deyin. Tamam dinle: Diyelim ki y\u0131l boyunca sat\u0131\u015flar\u0131n\u0131zda korumak istedi\u011finiz ortalama bir de\u011feriniz var. Veya t\u00fcm aylar i\u00e7in bir grafikte g\u00f6r\u00fcnt\u00fclemek istedi\u011finiz sabit bir hedef.<\/p><p> Bu durumda bu de\u011feri sunmak i\u00e7in d\u00fcz bir yatay \u00e7izgi ekleyebilirsiniz. Sorun \u015fu: Bu yatay \u00e7izgi, de\u011feri de\u011fi\u015ftirecek dinamik bir \u00e7izgi veya sabit de\u011feri olan bir \u00e7izgi olabilir. Bug\u00fcnk\u00fc yaz\u0131mda size bunun tam olarak nas\u0131l yap\u0131laca\u011f\u0131n\u0131 g\u00f6sterece\u011fim.<\/p><p> Grafi\u011fe sabit ve dinamik yatay \u00e7izgiyi nas\u0131l ekleyebilece\u011finizi sizlerle payla\u015faca\u011f\u0131m.<\/p><h2 class=\"wp-block-heading\"> Grafi\u011fe ortalama [yatay] \u00e7izgi ekleme<\/h2><p> <a href=\"http:\/\/www.investopedia.com\/articles\/technical\/052201.asp\" target=\"_blank\" rel=\"noreferrer noopener nofollow\">Belirli trend \u00e7izgilerini ve farkl\u0131 fakt\u00f6rlerin trend \u00fczerindeki etkisini incelemeniz<\/a> gerekti\u011finde ortalama \u00e7izgi \u00f6nemli bir rol oynar. Yatay \u00e7izgiye sahip bir grafik olu\u015fturmadan \u00f6nce, bunun i\u00e7in verileri haz\u0131rlaman\u0131z gerekir.<\/p><p> Size bu ad\u0131mlar\u0131 anlatmadan \u00f6nce verileri nas\u0131l yap\u0131land\u0131rd\u0131\u011f\u0131m\u0131 g\u00f6stereyim. Burada sunumunuzu harika hale getirmenize nas\u0131l yard\u0131mc\u0131 olaca\u011f\u0131n\u0131 size g\u00f6stermek i\u00e7in dinamik bir grafik kullan\u0131yorum. <a style=\"outline: none;\" href=\"https:\/\/exceladvisor.org\/wp-content\/uploads\/2023\/11\/donnees-dynamiques-pour-ajouter-une-ligne-dans-un-graphique.xlsx\" rel=\"nofollow\">(Bu dinamik veri tablosunu buradan indirin)<\/a> . <\/p><div class=\"wp-block-image\"><figure class=\"aligncenter\"><img decoding=\"async\" src=\"https:\/\/exceladvisor.org\/wp-content\/uploads\/2023\/08\/Utiliser-le-tableau-de-donnees-pour-ajouter-une-ligne-horizontale-au-graphique-Excel-1.png\" sizes=\"\" srcset=\"\" alt=\"Excel Grafi\u011fine Yatay \u00c7izgi Eklemek i\u00e7in Veri Tablosunu Kullan\u0131n\"><\/figure><\/div><p> Yukar\u0131daki veri tablolar\u0131nda, <a href=\"https:\/\/exceladvisor.org\/tr\/vssearch-eslesmesi\/\">VLOOKUP MATCH<\/a> kullanarak ham tablodan dinamik tabloya veri al\u0131yorum. Dinamik tabloda y\u0131l\u0131 her de\u011fi\u015ftirdi\u011fimde sat\u0131\u015f de\u011ferleri otomatik olarak de\u011fi\u015fiyor ve bu sat\u0131\u015f rakamlar\u0131 \u00fczerinden ortalama hesaplan\u0131yor.<\/p><p> Yatay \u00e7izgiye sahip bir grafik olu\u015fturma ad\u0131mlar\u0131 a\u015fa\u011f\u0131da verilmi\u015ftir.<\/p><ol><li> \u0130lk \u00f6nce veri tablosunu se\u00e7in ve bir histogram ekleyin.<\/li><li> Ekle \u279c Grafikler \u279c Histogramlar \u279c 2D K\u00fcmelenmi\u015f Histogram&#8217;a gidin. veya grafik eklemek i\u00e7in Alt + F1 tu\u015flar\u0131n\u0131 da kullanabilirsiniz.<\/li><li> Art\u0131k e-tablonuzda a\u015fa\u011f\u0131daki gibi bir histogram\u0131n\u0131z var. <br><img loading=\"lazy\" decoding=\"async\" title=\"Excel grafi\u011fine yatay \u00e7izgi eklemek i\u00e7in A Ekle\" src=\"https:\/\/exceladvisor.org\/wp-content\/uploads\/2023\/08\/Inserer-A-pour-ajouter-une-ligne-horizontale-au-graphique-Excel.png\" sizes=\"auto, \" srcset=\"\" alt=\"Insert A To Add Horizontal Line To Excel Chart\" width=\"454\" height=\"272\"><\/li><li> Bir sonraki ad\u0131m bu ortalama \u00e7ubuklar\u0131 yatay bir \u00e7izgiye d\u00f6n\u00fc\u015ft\u00fcrmektir.<\/li><li> Bunu yapmak i\u00e7in orta s\u00fctun \u00e7ubu\u011funu se\u00e7in ve \u2192 Tasar\u0131m \u2192 T\u00fcr \u2192 Grafik T\u00fcr\u00fcn\u00fc De\u011fi\u015ftir se\u00e7ene\u011fine gidin. <br><img loading=\"lazy\" decoding=\"async\" title=\"Tasar\u0131ma Git Sekmesi-Yatay-Sat\u0131r-Excel Grafi\u011fine Ekle\" src=\"https:\/\/exceladvisor.org\/wp-content\/uploads\/2023\/08\/Aller-a-longlet-Conception-Ajouter-une-ligne-horizontale-au-graphique-Excel-1.png\" sizes=\"auto, \" srcset=\"\" alt=\"Go To Design Tab Add Horizontal Line To Excel Chart\" width=\"280\" height=\"131\"><\/li><li> Grafik t\u00fcr\u00fcn\u00fc de\u011fi\u015ftir se\u00e7ene\u011fine t\u0131klad\u0131\u011f\u0131n\u0131zda, bi\u00e7imlendirme i\u00e7in bir ileti\u015fim kutusu g\u00f6receksiniz.<\/li><li> Ortalama grafik t\u00fcr\u00fcn\u00fc &#8220;S\u00fctun Grafi\u011fi&#8221; yerine &#8220;\u0130\u015faret\u00e7ili \u00c7izgi Grafi\u011fi&#8221; olarak de\u011fi\u015ftirin. <br><img loading=\"lazy\" decoding=\"async\" title=\"Excel-Grafik-1'e-Yatay-Sat\u0131r-Eklemek \u0130\u00e7in-Grafik-T\u00fcr\u00fcn\u00fc De\u011fi\u015ftir\" src=\"https:\/\/exceladvisor.org\/wp-content\/uploads\/2023\/08\/Modifier-le-type-de-graphique-pour-ajouter-une-ligne-horizontale-au-graphique-Excel-1.png\" sizes=\"auto, \" srcset=\"\" alt=\"Change Chart Type To Add Horizontal Line To Excel Chart\" width=\"560\" height=\"530\"><\/li><li> Tamam&#8217;\u0131 t\u0131klay\u0131n.<\/li><\/ol><p> \u0130\u015fte histogram\u0131n\u0131z ortalama bir \u00e7izgiyle sallanmaya haz\u0131r ve <a href=\"https:\/\/exceladvisor.org\/wp-content\/uploads\/2023\/11\/ajouter-une-ligne-horizontale-au-graphique-excel.xlsx\" rel=\"nofollow\">bu \u00f6rnek dosyay\u0131 buradan indirdi\u011finizden<\/a> emin olun. <\/p><div class=\"wp-block-image\"><figure class=\"aligncenter\"><img decoding=\"async\" src=\"https:\/\/exceladvisor.org\/wp-content\/uploads\/2023\/08\/Comment-ajouter-une-ligne-horizontale-au-graphique-Excel-en-utilisant-les-meilleures-pratiques-3.gif\" sizes=\"\" srcset=\"\" alt=\"En \u0130yi Uygulamalar\u0131 Kullanarak Excel Grafi\u011fine Yatay \u00c7izgi Nas\u0131l Eklenir?\"><\/figure><\/div><p> Bir meslekta\u015f\u0131m merkez \u00e7izgisi eklemek i\u00e7in ayn\u0131 y\u00f6ntemi kullan\u0131yor. Bu y\u00f6ntemi \u00e7izgi grafi\u011fine ortalama \u00e7izgi eklemek i\u00e7in de kullanabilirsiniz. Ad\u0131mlar tamamen ayn\u0131d\u0131r; s\u00fctun grafi\u011fi yerine \u00e7izgi grafi\u011fi eklemeniz yeterlidir. Ve bunun gibi bir \u015fey elde edeceksiniz. <\/p><div class=\"wp-block-image\"><figure class=\"aligncenter\"><img decoding=\"async\" src=\"https:\/\/exceladvisor.org\/wp-content\/uploads\/2023\/08\/Ajouter-une-ligne-horizontale-au-graphique-Excel-dans-un-graphique-lineaire-2.gif\" sizes=\"\" srcset=\"\" alt=\"\u00c7izgi grafi\u011finde Excel grafi\u011fine yatay \u00e7izgi ekleme\"><\/figure><\/div><h2 class=\"wp-block-heading\"> Histograma yatay bir hedef \u00e7izgisi ekleme<\/h2><p> Bu da \u00e7izelgelerimde hedef \u00e7izgisi ekleyerek s\u0131kl\u0131kla kulland\u0131\u011f\u0131m ba\u015fka bir y\u00f6ntem. Hedef-Ba\u015far\u0131 Tablosu olu\u015fturman\u0131n ba\u015fka yollar\u0131 da vard\u0131r, ancak hedef \u00e7izgisi y\u00f6ntemi basit ve etkilidir. \u00d6ncelikle grafikte hedef \u00e7izgisi olu\u015fturmak i\u00e7in kulland\u0131\u011f\u0131m verileri size g\u00f6stereyim. <\/p><div class=\"wp-block-image\"><figure class=\"aligncenter\"><img decoding=\"async\" src=\"https:\/\/exceladvisor.org\/wp-content\/uploads\/2023\/08\/Ajouter-une-ligne-horizontale-au-graphique-Excel-pour-presenter-une-ligne-horizontale-1.png\" sizes=\"\" srcset=\"\" alt=\"yatay \u00e7izgiyi sunmak i\u00e7in excel grafi\u011fine yatay \u00e7izgi ekleyin\"><\/figure><\/div><p> Ayl\u0131k tablolardan hedef ve ger\u00e7ekle\u015fen say\u0131lar\u0131 almak i\u00e7in yukar\u0131daki tabloyu kulland\u0131m, <a href=\"https:\/\/exceladvisor.org\/wp-content\/uploads\/2023\/11\/tableau-de-donnees-dynamique-pour-ajouter-une-ligne-horizontale-comme-ligne-cible.xlsx\" rel=\"nofollow\">\u00f6rnek dosyay\u0131 mutlaka buradan<\/a> indirin. \u015eimdi ad\u0131mlarla ba\u015flayal\u0131m.<\/p><ol><li> Yukar\u0131da bahsetti\u011fim dinamik tabloyu se\u00e7in.<\/li><li> Bir histogram ekleyin. Ekle \u2192 Grafikler \u2192 S\u00fctun Grafikleri \u2192 2B K\u00fcmelenmi\u015f S\u00fctun Grafi\u011fi&#8217;ne gidin.<\/li><li> A\u015fa\u011f\u0131daki gibi bir tablo elde edeceksiniz. <br><img loading=\"lazy\" decoding=\"async\" title=\"Hedef \u00e7izgi eklemek i\u00e7in Excel grafi\u011fine yatay bir \u00e7izgi ekleyin\" src=\"https:\/\/exceladvisor.org\/wp-content\/uploads\/2023\/08\/Ajouter-une-ligne-horizontale-au-graphique-Excel-pour-inserer-une-ligne-cible-1.png\" sizes=\"auto, \" srcset=\"\" alt=\"Add Horizontal Line To Excel Chart To Insert A Target Line\" width=\"444\" height=\"264\"><\/li><li> Art\u0131k hedef \u00e7ubuk grafik t\u00fcr\u00fcn\u00fc <span data-id=\"0\" data-type=\"true\">S\u00fctun<\/span> Grafi\u011fi yerine \u0130\u015faret\u00e7ili \u00c7izgi Grafi\u011fi olarak de\u011fi\u015ftirmeniz gerekiyor <span data-id=\"0\" data-type=\"false\">.<\/span> Grafik t\u00fcr\u00fcn\u00fc de\u011fi\u015ftirmek i\u00e7in l\u00fctfen \u00f6nceki y\u00f6ntemde kulland\u0131\u011f\u0131m ad\u0131mlar\u0131n ayn\u0131s\u0131n\u0131 izleyin.<\/li><li> Grafik t\u00fcr\u00fcn\u00fc de\u011fi\u015ftirdikten sonra grafi\u011finiz bu \u015fekilde g\u00f6r\u00fcnecektir. <br><img loading=\"lazy\" decoding=\"async\" title=\"Yatay-Sat\u0131r-Excel Grafi\u011fine-Hedef-\u00c7izgi-Sat\u0131r-\u00c7izgi Grafi\u011fi Ekle\" src=\"https:\/\/exceladvisor.org\/wp-content\/uploads\/2023\/08\/Ajouter-une-ligne-horizontale-au-graphique-Excel-dans-TargetLine-dans-le-graphique-lineaire.png\" sizes=\"auto, \" srcset=\"\" alt=\"Add Horizontal Line To Excel Chart In Target Line In Line Chart\" width=\"443\" height=\"266\"><\/li><li> \u015eimdi bu \u00e7izgi grafi\u011finde baz\u0131 de\u011fi\u015fiklikler yapmam\u0131z gerekiyor.<\/li><li> Bundan sonra, format se\u00e7ene\u011fini a\u00e7mak i\u00e7in \u00e7izgiye <a href=\"https:\/\/exceladvisor.org\/tr\/tavsiye\/\" data-wpil=\"url\">\u00e7ift t\u0131klay\u0131n<\/a> . \u0130\u015finiz bitti\u011finde, bir bi\u00e7imlendirme se\u00e7enekleri ileti\u015fim kutusu g\u00f6receksiniz.<\/li><li> Bi\u00e7imlendirmede a\u015fa\u011f\u0131daki de\u011fi\u015fiklikleri yap\u0131n.<ol><li> \u2192 Doldur ve \u00c7izgile \u2192 \u00c7izgi se\u00e7ene\u011fine gidin.<\/li><li> \u00c7izgi stilini \u201c\u00c7izgi yok\u201d olarak de\u011fi\u015ftirin. <\/li><\/ol><br><img loading=\"lazy\" decoding=\"async\" title=\"Sat\u0131r Tipi-\u00c7izgi-\u00c7izgi Grafi\u011fi-Excel Grafi\u011fine-Yatay-Sat\u0131r-Eklemek \u0130\u00e7in De\u011fi\u015ftir\" src=\"https:\/\/exceladvisor.org\/wp-content\/uploads\/2023\/08\/Modifier-le-type-de-ligne-dans-le-graphique-lineaire-pour-ajouter-une-ligne-horizontale-au-graphique-Excel.png\" sizes=\"auto, \" srcset=\"\" alt=\"Change Line Type In Line Chart To Add Horizontal Line To Excel Chart\" width=\"261\" height=\"271\"><\/li><li> \u015eimdi i\u015faretleyiciler b\u00f6l\u00fcm\u00fcne gidin ve a\u015fa\u011f\u0131daki de\u011fi\u015fiklikleri yap\u0131n.<ol><li> \u0130\u015faret\u00e7i t\u00fcr\u00fcn\u00fc Yerle\u015fik, yatay \u00e7ubuk ve boyut 25 olarak de\u011fi\u015ftirin.<\/li><li> Kat\u0131 dolgu i\u015faretleyici dolgusu.<\/li><li> Dolgu rengi olarak beyaz rengi kullan\u0131n.<\/li><li> D\u00fcz renkle bir kenarl\u0131k stili olu\u015fturun.<\/li><li> Ve kenarl\u0131klar i\u00e7in siyah renk. <\/li><\/ol><br><img loading=\"lazy\" decoding=\"async\" title=\"De\u011fi\u015fiklikler yap\u0131n ve Excel grafi\u011fine yatay bir \u00e7izgi ekleyin\" src=\"https:\/\/exceladvisor.org\/wp-content\/uploads\/2023\/08\/Apporter-des-modifications-Ajouter-une-ligne-horizontale-au-graphique-Excel-1.png\" sizes=\"auto, \" srcset=\"\" alt=\"Make Changes Add Horizontal Line To Excel Chart\" width=\"288\" height=\"633\"><\/li><li> Sat\u0131rdaki t\u00fcm de\u011fi\u015fiklikleri yapt\u0131ktan sonra a\u015fa\u011f\u0131daki gibi bir tablo elde edeceksiniz. <br><img loading=\"lazy\" decoding=\"async\" title=\"Hedef-\u00c7izgiyle-Excel-Grafikine-Yatay-\u00c7izgi Ekle.gif\" src=\"https:\/\/exceladvisor.org\/wp-content\/uploads\/2023\/08\/Ajouter-une-ligne-horizontale-au-graphique-Excel-avec-une-ligne-cible-1.gif\" sizes=\"auto, \" srcset=\"\" alt=\"Add Horizontal Line To Excel Chart With Target Line\" width=\"454\" height=\"258\"><\/li><\/ol><p> Tebrikler! kart\u0131n\u0131z haz\u0131r.<\/p><h2 id=\"tab-con-5\" class=\"wp-block-heading\"> \u00d6rnek dosya<\/h2><p> Devam etmek i\u00e7in <a href=\"https:\/\/exceladvisor.org\/wp-content\/uploads\/2023\/11\/ajouter-une-ligne-horizontale-au-tableau-excel-1.xlsx\" rel=\"nofollow\">bu \u00f6rnek dosyay\u0131 buradan indirin<\/a> <\/p><div id=\"ub-content-toggle-a1a9fc47-96f9-47b5-a85f-4b5f770b9c6a\" class=\"wp-block-ub-content-toggle\" data-mobilecollapse=\"false\" data-desktopcollapse=\"true\"><div class=\"wp-block-ub-content-toggle-accordion\"><div class=\"wp-block-ub-content-toggle-accordion-title-wrap\" tabindex=\"0\" aria-expanded=\"false\" aria-controls=\"ub-content-toggle-panel-0-a1a9fc47-96f9-47b5-a85f-4b5f770b9c6a\"><h2 class=\"wp-block-ub-content-toggle-accordion-title ub-content-toggle-title-a1a9fc47-96f9-47b5-a85f-4b5f770b9c6a\"> Daha Fazla Grafik E\u011fitimi <\/h2><\/div><div id=\"ub-content-toggle-panel-0-a1a9fc47-96f9-47b5-a85f-4b5f770b9c6a\" class=\"wp-block-ub-content-toggle-accordion-content-wrap ub-hide\" role=\"region\"><ol><li> <a href=\"https:\/\/exceladvisor.org\/tr\/dikey-bir-cizgi-ekle\/\">Excel&#8217;deki bir grafi\u011fe dikey \u00e7izgi nas\u0131l eklenir<\/a><\/li><li> <a href=\"https:\/\/exceladvisor.org\/tr\/kursun-tahtasi\/\">Excel&#8217;de Madde \u0130\u015fareti Grafi\u011fi Nas\u0131l Olu\u015fturulur<\/a><\/li><li> <a href=\"https:\/\/exceladvisor.org\/tr\/dinamik-grafik-araligi\/\">Excel&#8217;de Dinamik Grafik Aral\u0131\u011f\u0131 Nas\u0131l Olu\u015fturulur<\/a><\/li><li> <a href=\"https:\/\/exceladvisor.org\/tr\/dinamik-grafik-basligi\/\">Excel&#8217;de Dinamik Grafik Ba\u015fl\u0131\u011f\u0131 Nas\u0131l Olu\u015fturulur<\/a><\/li><li> <a href=\"https:\/\/exceladvisor.org\/tr\/etkilesimli-grafikler\/\">Excel&#8217;de Etkile\u015fimli Grafikler Nas\u0131l Olu\u015fturulur<\/a><\/li><\/ol><\/div><\/div><\/div>","protected":false},"excerpt":{"rendered":"","protected":false},"author":1,"featured_media":0,"parent":0,"menu_order":0,"comment_status":"open","ping_status":"closed","template":"","meta":{"ub_ctt_via":"","footnotes":""},"class_list":["post-1698","page","type-page","status-publish","hentry"],"featured_image_src":null,"yoast_head":"<!-- This site is optimized with the Yoast SEO plugin v25.4 - https:\/\/yoast.com\/wordpress\/plugins\/seo\/ -->\n<title>Excel&#039;deki bir grafi\u011fe yatay \u00e7izgi nas\u0131l eklenir?<\/title>\n<meta name=\"description\" content=\"Excel&#039;de grafik olu\u015ftururken yatay bir \u00e7izgiyi hedef \u00e7izgi veya ortalama \u00e7izgi olarak kullanabilirsiniz. Bu hat\" \/>\n<meta name=\"robots\" content=\"index, follow, max-snippet:-1, max-image-preview:large, max-video-preview:-1\" \/>\n<link rel=\"canonical\" href=\"https:\/\/exceladvisor.org\/tr\/yatay-bir-cizgi-ekle\/\" \/>\n<meta property=\"og:locale\" content=\"tr_TR\" \/>\n<meta property=\"og:type\" content=\"article\" \/>\n<meta property=\"og:title\" content=\"Excel&#039;deki bir grafi\u011fe yatay \u00e7izgi nas\u0131l eklenir?\" \/>\n<meta property=\"og:description\" content=\"Excel&#039;de grafik olu\u015ftururken yatay bir \u00e7izgiyi hedef \u00e7izgi veya ortalama \u00e7izgi olarak kullanabilirsiniz. Bu hat\" \/>\n<meta property=\"og:url\" content=\"https:\/\/exceladvisor.org\/tr\/yatay-bir-cizgi-ekle\/\" \/>\n<meta property=\"og:site_name\" content=\"Excel Advisor\" \/>\n<meta property=\"article:modified_time\" content=\"2023-12-10T06:04:00+00:00\" \/>\n<meta property=\"og:image\" content=\"https:\/\/exceladvisor.org\/wp-content\/uploads\/2023\/08\/comment-ajouter-une-ligne-horizontale-au-graphique-Excel-en-utilisant-les-meilleures-pratiques-1.gif\" \/>\n<meta name=\"twitter:card\" content=\"summary_large_image\" \/>\n<meta name=\"twitter:label1\" content=\"Tahmini okuma s\u00fcresi\" \/>\n\t<meta name=\"twitter:data1\" content=\"4 dakika\" \/>\n<script type=\"application\/ld+json\" class=\"yoast-schema-graph\">{\"@context\":\"https:\/\/schema.org\",\"@graph\":[{\"@type\":\"WebPage\",\"@id\":\"https:\/\/exceladvisor.org\/tr\/yatay-bir-cizgi-ekle\/\",\"url\":\"https:\/\/exceladvisor.org\/tr\/yatay-bir-cizgi-ekle\/\",\"name\":\"Excel&#39;deki bir grafi\u011fe yatay \u00e7izgi nas\u0131l eklenir?\",\"isPartOf\":{\"@id\":\"https:\/\/exceladvisor.org\/tr\/#website\"},\"primaryImageOfPage\":{\"@id\":\"https:\/\/exceladvisor.org\/tr\/yatay-bir-cizgi-ekle\/#primaryimage\"},\"image\":{\"@id\":\"https:\/\/exceladvisor.org\/tr\/yatay-bir-cizgi-ekle\/#primaryimage\"},\"thumbnailUrl\":\"https:\/\/exceladvisor.org\/wp-content\/uploads\/2023\/08\/comment-ajouter-une-ligne-horizontale-au-graphique-Excel-en-utilisant-les-meilleures-pratiques-1.gif\",\"datePublished\":\"2023-11-10T18:42:50+00:00\",\"dateModified\":\"2023-12-10T06:04:00+00:00\",\"description\":\"Excel&#39;de grafik olu\u015ftururken yatay bir \u00e7izgiyi hedef \u00e7izgi veya ortalama \u00e7izgi olarak kullanabilirsiniz. Bu hat\",\"breadcrumb\":{\"@id\":\"https:\/\/exceladvisor.org\/tr\/yatay-bir-cizgi-ekle\/#breadcrumb\"},\"inLanguage\":\"tr\",\"potentialAction\":[{\"@type\":\"ReadAction\",\"target\":[\"https:\/\/exceladvisor.org\/tr\/yatay-bir-cizgi-ekle\/\"]}]},{\"@type\":\"ImageObject\",\"inLanguage\":\"tr\",\"@id\":\"https:\/\/exceladvisor.org\/tr\/yatay-bir-cizgi-ekle\/#primaryimage\",\"url\":\"https:\/\/exceladvisor.org\/wp-content\/uploads\/2023\/08\/comment-ajouter-une-ligne-horizontale-au-graphique-Excel-en-utilisant-les-meilleures-pratiques-1.gif\",\"contentUrl\":\"https:\/\/exceladvisor.org\/wp-content\/uploads\/2023\/08\/comment-ajouter-une-ligne-horizontale-au-graphique-Excel-en-utilisant-les-meilleures-pratiques-1.gif\"},{\"@type\":\"BreadcrumbList\",\"@id\":\"https:\/\/exceladvisor.org\/tr\/yatay-bir-cizgi-ekle\/#breadcrumb\",\"itemListElement\":[{\"@type\":\"ListItem\",\"position\":1,\"name\":\"Ev\",\"item\":\"https:\/\/exceladvisor.org\/tr\/\"},{\"@type\":\"ListItem\",\"position\":2,\"name\":\"Grafi\u011fe yatay \u00e7izgi nas\u0131l eklenir?\"}]},{\"@type\":\"WebSite\",\"@id\":\"https:\/\/exceladvisor.org\/tr\/#website\",\"url\":\"https:\/\/exceladvisor.org\/tr\/\",\"name\":\"Excel Advisor\",\"description\":\"Veri hakimiyetine y\u00f6nelik nihai rehberiniz!\",\"publisher\":{\"@id\":\"https:\/\/exceladvisor.org\/tr\/#organization\"},\"potentialAction\":[{\"@type\":\"SearchAction\",\"target\":{\"@type\":\"EntryPoint\",\"urlTemplate\":\"https:\/\/exceladvisor.org\/tr\/?s={search_term_string}\"},\"query-input\":{\"@type\":\"PropertyValueSpecification\",\"valueRequired\":true,\"valueName\":\"search_term_string\"}}],\"inLanguage\":\"tr\"},{\"@type\":\"Organization\",\"@id\":\"https:\/\/exceladvisor.org\/tr\/#organization\",\"name\":\"Excel Advisor\",\"url\":\"https:\/\/exceladvisor.org\/tr\/\",\"logo\":{\"@type\":\"ImageObject\",\"inLanguage\":\"tr\",\"@id\":\"https:\/\/exceladvisor.org\/tr\/#\/schema\/logo\/image\/\",\"url\":\"https:\/\/exceladvisor.org\/tr\/wp-content\/uploads\/2023\/12\/exceladvisor.org_.png\",\"contentUrl\":\"https:\/\/exceladvisor.org\/tr\/wp-content\/uploads\/2023\/12\/exceladvisor.org_.png\",\"width\":105,\"height\":36,\"caption\":\"Excel Advisor\"},\"image\":{\"@id\":\"https:\/\/exceladvisor.org\/tr\/#\/schema\/logo\/image\/\"}}]}<\/script>\n<!-- \/ Yoast SEO plugin. -->","yoast_head_json":{"title":"Excel&#39;deki bir grafi\u011fe yatay \u00e7izgi nas\u0131l eklenir?","description":"Excel&#39;de grafik olu\u015ftururken yatay bir \u00e7izgiyi hedef \u00e7izgi veya ortalama \u00e7izgi olarak kullanabilirsiniz. Bu hat","robots":{"index":"index","follow":"follow","max-snippet":"max-snippet:-1","max-image-preview":"max-image-preview:large","max-video-preview":"max-video-preview:-1"},"canonical":"https:\/\/exceladvisor.org\/tr\/yatay-bir-cizgi-ekle\/","og_locale":"tr_TR","og_type":"article","og_title":"Excel&#39;deki bir grafi\u011fe yatay \u00e7izgi nas\u0131l eklenir?","og_description":"Excel&#39;de grafik olu\u015ftururken yatay bir \u00e7izgiyi hedef \u00e7izgi veya ortalama \u00e7izgi olarak kullanabilirsiniz. Bu hat","og_url":"https:\/\/exceladvisor.org\/tr\/yatay-bir-cizgi-ekle\/","og_site_name":"Excel Advisor","article_modified_time":"2023-12-10T06:04:00+00:00","og_image":[{"url":"https:\/\/exceladvisor.org\/wp-content\/uploads\/2023\/08\/comment-ajouter-une-ligne-horizontale-au-graphique-Excel-en-utilisant-les-meilleures-pratiques-1.gif","type":"","width":"","height":""}],"twitter_card":"summary_large_image","twitter_misc":{"Tahmini okuma s\u00fcresi":"4 dakika"},"schema":{"@context":"https:\/\/schema.org","@graph":[{"@type":"WebPage","@id":"https:\/\/exceladvisor.org\/tr\/yatay-bir-cizgi-ekle\/","url":"https:\/\/exceladvisor.org\/tr\/yatay-bir-cizgi-ekle\/","name":"Excel&#39;deki bir grafi\u011fe yatay \u00e7izgi nas\u0131l eklenir?","isPartOf":{"@id":"https:\/\/exceladvisor.org\/tr\/#website"},"primaryImageOfPage":{"@id":"https:\/\/exceladvisor.org\/tr\/yatay-bir-cizgi-ekle\/#primaryimage"},"image":{"@id":"https:\/\/exceladvisor.org\/tr\/yatay-bir-cizgi-ekle\/#primaryimage"},"thumbnailUrl":"https:\/\/exceladvisor.org\/wp-content\/uploads\/2023\/08\/comment-ajouter-une-ligne-horizontale-au-graphique-Excel-en-utilisant-les-meilleures-pratiques-1.gif","datePublished":"2023-11-10T18:42:50+00:00","dateModified":"2023-12-10T06:04:00+00:00","description":"Excel&#39;de grafik olu\u015ftururken yatay bir \u00e7izgiyi hedef \u00e7izgi veya ortalama \u00e7izgi olarak kullanabilirsiniz. Bu hat","breadcrumb":{"@id":"https:\/\/exceladvisor.org\/tr\/yatay-bir-cizgi-ekle\/#breadcrumb"},"inLanguage":"tr","potentialAction":[{"@type":"ReadAction","target":["https:\/\/exceladvisor.org\/tr\/yatay-bir-cizgi-ekle\/"]}]},{"@type":"ImageObject","inLanguage":"tr","@id":"https:\/\/exceladvisor.org\/tr\/yatay-bir-cizgi-ekle\/#primaryimage","url":"https:\/\/exceladvisor.org\/wp-content\/uploads\/2023\/08\/comment-ajouter-une-ligne-horizontale-au-graphique-Excel-en-utilisant-les-meilleures-pratiques-1.gif","contentUrl":"https:\/\/exceladvisor.org\/wp-content\/uploads\/2023\/08\/comment-ajouter-une-ligne-horizontale-au-graphique-Excel-en-utilisant-les-meilleures-pratiques-1.gif"},{"@type":"BreadcrumbList","@id":"https:\/\/exceladvisor.org\/tr\/yatay-bir-cizgi-ekle\/#breadcrumb","itemListElement":[{"@type":"ListItem","position":1,"name":"Ev","item":"https:\/\/exceladvisor.org\/tr\/"},{"@type":"ListItem","position":2,"name":"Grafi\u011fe yatay \u00e7izgi nas\u0131l eklenir?"}]},{"@type":"WebSite","@id":"https:\/\/exceladvisor.org\/tr\/#website","url":"https:\/\/exceladvisor.org\/tr\/","name":"Excel Advisor","description":"Veri hakimiyetine y\u00f6nelik nihai rehberiniz!","publisher":{"@id":"https:\/\/exceladvisor.org\/tr\/#organization"},"potentialAction":[{"@type":"SearchAction","target":{"@type":"EntryPoint","urlTemplate":"https:\/\/exceladvisor.org\/tr\/?s={search_term_string}"},"query-input":{"@type":"PropertyValueSpecification","valueRequired":true,"valueName":"search_term_string"}}],"inLanguage":"tr"},{"@type":"Organization","@id":"https:\/\/exceladvisor.org\/tr\/#organization","name":"Excel Advisor","url":"https:\/\/exceladvisor.org\/tr\/","logo":{"@type":"ImageObject","inLanguage":"tr","@id":"https:\/\/exceladvisor.org\/tr\/#\/schema\/logo\/image\/","url":"https:\/\/exceladvisor.org\/tr\/wp-content\/uploads\/2023\/12\/exceladvisor.org_.png","contentUrl":"https:\/\/exceladvisor.org\/tr\/wp-content\/uploads\/2023\/12\/exceladvisor.org_.png","width":105,"height":36,"caption":"Excel Advisor"},"image":{"@id":"https:\/\/exceladvisor.org\/tr\/#\/schema\/logo\/image\/"}}]}},"yoast_meta":{"yoast_wpseo_title":"","yoast_wpseo_metadesc":"","yoast_wpseo_canonical":""},"_links":{"self":[{"href":"https:\/\/exceladvisor.org\/tr\/wp-json\/wp\/v2\/pages\/1698","targetHints":{"allow":["GET"]}}],"collection":[{"href":"https:\/\/exceladvisor.org\/tr\/wp-json\/wp\/v2\/pages"}],"about":[{"href":"https:\/\/exceladvisor.org\/tr\/wp-json\/wp\/v2\/types\/page"}],"author":[{"embeddable":true,"href":"https:\/\/exceladvisor.org\/tr\/wp-json\/wp\/v2\/users\/1"}],"replies":[{"embeddable":true,"href":"https:\/\/exceladvisor.org\/tr\/wp-json\/wp\/v2\/comments?post=1698"}],"version-history":[{"count":1,"href":"https:\/\/exceladvisor.org\/tr\/wp-json\/wp\/v2\/pages\/1698\/revisions"}],"predecessor-version":[{"id":2686,"href":"https:\/\/exceladvisor.org\/tr\/wp-json\/wp\/v2\/pages\/1698\/revisions\/2686"}],"wp:attachment":[{"href":"https:\/\/exceladvisor.org\/tr\/wp-json\/wp\/v2\/media?parent=1698"}],"curies":[{"name":"wp","href":"https:\/\/api.w.org\/{rel}","templated":true}]}}