{"id":1699,"date":"2023-11-10T18:31:38","date_gmt":"2023-11-10T18:31:38","guid":{"rendered":"https:\/\/exceladvisor.org\/tr\/bilesik-faiz\/"},"modified":"2023-12-10T06:00:22","modified_gmt":"2023-12-10T06:00:22","slug":"bilesik-faiz","status":"publish","type":"page","link":"https:\/\/exceladvisor.org\/tr\/bilesik-faiz\/","title":{"rendered":"Excel&#39;de bile\u015fik faiz nas\u0131l hesaplan\u0131r?"},"content":{"rendered":"<div class=\"excel-icerikten-once\" id=\"excel-3385314832\"><script type=\"text\/javascript\">\r\n\tatOptions = {\r\n\t\t'key' : 'c1158f160081d6540a8409e6925dab94',\r\n\t\t'format' : 'iframe',\r\n\t\t'height' : 250,\r\n\t\t'width' : 300,\r\n\t\t'params' : {}\r\n\t};\r\n<\/script>\r\n<script type=\"text\/javascript\" src=\"\/\/www.highperformanceformat.com\/c1158f160081d6540a8409e6925dab94\/invoke.js\"><\/script><\/div> <p>Bile\u015fik faiz, \u00e7o\u011fumuzun s\u0131kl\u0131kla kulland\u0131\u011f\u0131 en \u00f6nemli finansal hesaplamalardan biridir ve bunun Excel&#8217;de nas\u0131l hesaplanaca\u011f\u0131n\u0131 \u00f6\u011frenmek bir zorunluluktur.<\/p><p> Ancak bunu yapmadan \u00f6nce bile\u015fik faizin ger\u00e7ekte ne oldu\u011funu anlamal\u0131s\u0131n\u0131z.<\/p><blockquote class=\"wp-block-quote\"><p> Bile\u015fik faiz, ba\u015flang\u0131\u00e7 sermayesi \u00fczerinden ve ayr\u0131ca bir mevduat veya kredinin \u00f6nceki d\u00f6nemlerinden artan faiz \u00fczerinden hesaplanan faizdir.<\/p><p> <cite><em><a href=\"http:\/\/www.investopedia.com\/terms\/c\/compoundinterest.asp\" target=\"_blank\" rel=\"noreferrer noopener nofollow\">Investopedia<\/a><\/em><\/cite><\/p><\/blockquote><p> Excel&#8217;de bile\u015fik faiz hesaplama y\u00f6ntemi basittir.<\/p><p> \u015eimdi olay \u015fu ki. Basit\u00e7e bir hesaplama y\u00f6ntemi kullan\u0131n ve hesaplamak istedi\u011finiz zaman dilimini belirtin. <\/p><div class=\"wp-block-image\"><figure class=\"aligncenter\"><img decoding=\"async\" src=\"https:\/\/exceladvisor.org\/wp-content\/uploads\/2023\/08\/un-modele-simple-pour-calculer-les-interets-composes-dans-excel.gif\" sizes=\"\" srcset=\"\" alt=\"excel'de bile\u015fik faizi hesaplamak i\u00e7in basit bir model\"><\/figure><\/div><p> Bug\u00fcn bu makalede size farkl\u0131 zaman dilimlerini kullanarak Excel&#8217;de bile\u015fik faizin nas\u0131l hesaplanaca\u011f\u0131n\u0131 g\u00f6stermek istiyorum. \u00d6yleyse ba\u015flayal\u0131m.<\/p><h2 id=\"tab-con-1\" class=\"wp-block-heading\"> Y\u0131ll\u0131k Bile\u015fik Faiz Form\u00fcl\u00fc<\/h2><p> Y\u0131ll\u0131k bile\u015fik faizi hesaplamak i\u00e7in, bir sonraki y\u0131l\u0131n faizini hesaplamak \u00fczere bir sonraki y\u0131l\u0131n anapara tutar\u0131na bir y\u0131ll\u0131k faizi eklemeniz yeterlidir.<\/p><p> Ve Excel&#8217;deki y\u0131ll\u0131k bile\u015fik faiz form\u00fcl\u00fc \u015f\u00f6yle olacak.<\/p><pre class=\"wp-block-code\"> <code class=\"language-excel-formula\" lang=\"excel-formula\">=Principal Amount*((1+Annual Interest Rate\/1)^(Total Years of Investment*1)))<\/code><\/pre><p> Size bir \u00f6rnek g\u00f6stereyim. <\/p><div class=\"wp-block-image\"><figure class=\"aligncenter\"><img decoding=\"async\" src=\"https:\/\/exceladvisor.org\/wp-content\/uploads\/2023\/08\/calculer-linteret-compose-dans-excel-chaque-annee.png\" sizes=\"\" srcset=\"\" alt=\"her y\u0131l excel'de bile\u015fik faiz hesaplama\"><\/figure><\/div><p> Yukar\u0131daki \u00f6rnekte, 10.000 ABD Dolar\u0131 anapara ve 5 y\u0131ll\u0131k %10 faizle 16.105 ABD Dolar\u0131 elde edersiniz.<\/p><p> \u0130lk y\u0131lda, 10.000 $ * %10, yani 1.000 $ al\u0131rs\u0131n\u0131z ve ikinci y\u0131lda (10.000 $ + 1.000 $) * %10 = 1.100 $ vb. al\u0131rs\u0131n\u0131z.<\/p><h2 id=\"tab-con-2\" class=\"wp-block-heading\"> \u00dc\u00e7 Ayl\u0131k Bile\u015fik Faiz Form\u00fcl\u00fc<\/h2><p> \u00dc\u00e7 ayl\u0131k bile\u015fik faizin hesaplanmas\u0131, y\u0131ll\u0131k bile\u015fik faizin hesaplanmas\u0131na benzer.<\/p><p> Ama burada faizi y\u0131lda d\u00f6rt kez hesaplaman\u0131z gerekiyor. Her \u00e7eyre\u011fe ait faiz tutar\u0131 bir sonraki \u00e7eyre\u011fe ait anapara tutar\u0131na eklenecektir. \u00dc\u00e7 ayl\u0131k bile\u015fik faiz hesaplamak i\u00e7in a\u015fa\u011f\u0131daki form\u00fcl\u00fc kullanabilirsiniz.<\/p><pre class=\"wp-block-code\"> <code class=\"language-excel-formula\" lang=\"excel-formula\">=Principal Amount*((1+Annual Interest Rate\/4)^(Total Years of Investment*4)))<\/code><\/pre><p> \u0130\u015fte bir \u00f6rnek. <\/p><div class=\"wp-block-image\"><figure class=\"aligncenter\"><img decoding=\"async\" src=\"https:\/\/exceladvisor.org\/wp-content\/uploads\/2023\/08\/calculer-les-interets-composes-dans-excel-trimestriel.png\" sizes=\"\" srcset=\"\" alt=\"\u00fc\u00e7 ayda bir excel'de bile\u015fik faiz hesaplama\"><\/figure><\/div><p> Yukar\u0131daki \u00f6rnekte 10.000$ anapara ve 5 y\u0131ll\u0131k %10 faizle 16.386$ elde ederiz.<\/p><p> \u0130lk \u00e7eyrekte 10000*(10%\/4) veya 250$, ikinci \u00e7eyrekte ise (10000$+250$)*(10%\/4) = 256$ elde ederiz ve 20 i\u00e7in ayn\u0131 hesaplama y\u00f6ntemini kullan\u0131r\u0131z. \u00c7eyrek (5 y\u0131l).<\/p><h2 id=\"tab-con-3\" class=\"wp-block-heading\"> Ayl\u0131k Bile\u015fik Faiz Form\u00fcl\u00fc<\/h2><p> Ayl\u0131k bile\u015fik faiz hesaplan\u0131rken di\u011fer d\u00f6nemlerde kulland\u0131\u011f\u0131n\u0131z esas\u0131 kullanman\u0131z gerekir.<\/p><p> Her ay\u0131n sonunda faiz hesaplaman\u0131z gerekir. Bu y\u00f6ntemde ise ayl\u0131k faiz oran\u0131 i\u00e7in faiz oran\u0131 12&#8217;ye b\u00f6l\u00fcnecektir. Excel&#8217;de ayl\u0131k bile\u015fik faiz hesaplamak i\u00e7in a\u015fa\u011f\u0131daki form\u00fcl\u00fc kullanabilirsiniz. <\/p><pre class=\"wp-block-code\"> <code class=\"language-excel-formula\" lang=\"excel-formula\">=Principal Amount*((1+Annual Interest Rate\/12)^(Total Years of Investment*12)))<\/code><\/pre><div class=\"wp-block-image\"><figure class=\"aligncenter\"><img decoding=\"async\" src=\"https:\/\/exceladvisor.org\/wp-content\/uploads\/2023\/08\/calculer-mensuellement-les-interets-composes-dans-excel.png\" sizes=\"\" srcset=\"\" alt=\"ayl\u0131k excel'de bile\u015fik faiz hesaplama\"><\/figure><\/div><p> Yukar\u0131daki \u00f6rnekte 10.000$ anapara ve 5 y\u0131ll\u0131k %10 faizle 16.453$ elde ederiz.<\/p><p> \u0130lk ayda 10.000 * (%10\/12) elde ederiz, bu da 83,33 $&#8217;d\u0131r ve ikinci ayda (10.000 $ + 83,33 $) * (%10\/12) = 84,02 $ olur ve ayn\u0131 \u015fey 60 ay (5 y\u0131l) i\u00e7in de ge\u00e7erlidir.<\/p><h2 id=\"tab-con-4\" class=\"wp-block-heading\"> G\u00fcnl\u00fck Bile\u015fik Faiz Form\u00fcl\u00fc<\/h2><p> G\u00fcnl\u00fck bile\u015fik faizi hesaplarken a\u015fa\u011f\u0131daki hesaplama form\u00fcl\u00fcyle ayn\u0131 y\u00f6ntemi kullanmam\u0131z gerekiyor. G\u00fcnl\u00fck faiz oran\u0131n\u0131 bulmak i\u00e7in faiz oran\u0131n\u0131 365&#8217;e b\u00f6lmemiz gerekiyor.<\/p><p> G\u00fcnl\u00fck bile\u015fik faiz hesaplamak i\u00e7in a\u015fa\u011f\u0131daki form\u00fcl\u00fc kullanabilirsiniz. <\/p><pre class=\"wp-block-code\"> <code class=\"language-excel-formula\" lang=\"excel-formula\">=Principal Amount*((1+Annual Interest Rate\/365)^(Total Years of Investment*365)))<\/code><\/pre><div class=\"wp-block-image\"><figure class=\"aligncenter\"><img decoding=\"async\" src=\"https:\/\/exceladvisor.org\/wp-content\/uploads\/2023\/08\/calculer-linteret-compose-sur-excel-day.png\" sizes=\"\" srcset=\"\" alt=\"excel g\u00fcn\u00fcnde bile\u015fik faiz hesaplama\"><\/figure><\/div><p> Yukar\u0131daki \u00f6rnekte, 10.000$ anapara ve 5 y\u0131ll\u0131k %10 faizle 16.486$ elde ederiz.<\/p><p> \u0130lk g\u00fcn 10000*(10%\/365) = 4$, ikinci g\u00fcn (10000$+4$)*(10%\/365) = 4$ elde ederiz ve ayn\u0131 durum t\u00fcm g\u00fcnler i\u00e7in ge\u00e7erlidir. 5 y\u0131l boyunca.<\/p><h2 id=\"tab-con-5\" class=\"wp-block-heading\"> \u00d6rnek dosya<\/h2><p> Yukar\u0131daki y\u00f6ntemleri kullanarak, yukar\u0131daki t\u00fcm faiz hesaplamalar\u0131n\u0131 tek bir e-tabloda hesaplamak i\u00e7in bir Birikmi\u015f Faiz Hesaplay\u0131c\u0131s\u0131 [\u015eablon] olu\u015fturdum. <\/p><div class=\"gb-container gb-container-bafb25cc gb-container-download-2\"><div class=\"gb-grid-wrapper gb-grid-wrapper-91201309\"><div class=\"gb-grid-column gb-grid-column-15a917ef\"><div class=\"gb-container gb-container-15a917ef\"><h2 class=\"gb-headline gb-headline-f2deb261 gb-headline-text gb-headline-download-2\"> Excel dosyas\u0131n\u0131 al\u0131n <\/h2><\/div><\/div><div class=\"gb-grid-column gb-grid-column-18357188\"><div class=\"gb-container gb-container-18357188\"><div class=\"gb-container gb-container-76cbe15e\"> <a class=\"gb-button gb-button-cb63d00a gb-button-text gb-button-download-2\" href=\"https:\/\/exceladvisor.org\/wp-content\/uploads\/2023\/11\/excel-interet-compose.xlsx\" rel=\"nofollow\">\u0130ndirmek<\/a><\/div><\/div><\/div><\/div><\/div><div class=\"gb-container gb-container-0df56012 gb-container-mt\"> <a class=\"gb-button gb-button-f9f432f4 gb-button-text gb-button-mt-button\" href=\"https:\/\/exceladvisor.org\/tr\/formuller\/\">Excel form\u00fcllerinin listesi<\/a><h2 class=\"gb-headline gb-headline-233444e8 gb-headline-text gb-headline-mt-heading\"> \u0130lgili form\u00fcller <\/h2><div class=\"gb-grid-wrapper gb-grid-wrapper-a16fa65c gb-grid-wrapper-mt-grid\"><div class=\"gb-grid-column gb-grid-column-50d07e0d\"><div class=\"gb-container gb-container-50d07e0d\"><ul><li> <a href=\"https:\/\/exceladvisor.org\/tr\/basit-ilgi\/\">Excel&#8217;de Basit Faizi Hesaplay\u0131n<\/a><\/li><li> <a href=\"https:\/\/exceladvisor.org\/tr\/kar-marji\/\">Br\u00fct kar (marj ve oran)<\/a><\/li><li> <a href=\"https:\/\/exceladvisor.org\/tr\/kdv\/\">KDV&#8217;yi hesapla<\/a> <\/li><\/ul><\/div><\/div><div class=\"gb-grid-column gb-grid-column-5b4a0cf9\"><div class=\"gb-container gb-container-5b4a0cf9\"><\/div><\/div><\/div><\/div>","protected":false},"excerpt":{"rendered":"","protected":false},"author":1,"featured_media":0,"parent":0,"menu_order":0,"comment_status":"open","ping_status":"closed","template":"","meta":{"ub_ctt_via":"","footnotes":""},"class_list":["post-1699","page","type-page","status-publish","hentry"],"featured_image_src":null,"yoast_head":"<!-- This site is optimized with the Yoast SEO plugin v25.4 - https:\/\/yoast.com\/wordpress\/plugins\/seo\/ -->\n<title>\u25b7 Bile\u015fik faiz nas\u0131l hesaplan\u0131r? - Excel Dan\u0131\u015fman\u0131<\/title>\n<meta name=\"description\" content=\"Bu yaz\u0131da Excel&#039;de bile\u015fik faizin nas\u0131l hesaplanaca\u011f\u0131n\u0131 \u00f6\u011freneceksiniz. G\u00fcnl\u00fck, ayl\u0131k, trim kullanabilirsiniz\" \/>\n<meta name=\"robots\" content=\"index, follow, max-snippet:-1, max-image-preview:large, max-video-preview:-1\" \/>\n<link rel=\"canonical\" href=\"https:\/\/exceladvisor.org\/tr\/bilesik-faiz\/\" \/>\n<meta property=\"og:locale\" content=\"tr_TR\" \/>\n<meta property=\"og:type\" content=\"article\" \/>\n<meta property=\"og:title\" content=\"\u25b7 Bile\u015fik faiz nas\u0131l hesaplan\u0131r? - Excel Dan\u0131\u015fman\u0131\" \/>\n<meta property=\"og:description\" content=\"Bu yaz\u0131da Excel&#039;de bile\u015fik faizin nas\u0131l hesaplanaca\u011f\u0131n\u0131 \u00f6\u011freneceksiniz. G\u00fcnl\u00fck, ayl\u0131k, trim kullanabilirsiniz\" \/>\n<meta property=\"og:url\" content=\"https:\/\/exceladvisor.org\/tr\/bilesik-faiz\/\" \/>\n<meta property=\"og:site_name\" content=\"Excel Advisor\" \/>\n<meta property=\"article:modified_time\" content=\"2023-12-10T06:00:22+00:00\" \/>\n<meta property=\"og:image\" content=\"https:\/\/exceladvisor.org\/wp-content\/uploads\/2023\/08\/un-modele-simple-pour-calculer-les-interets-composes-dans-excel.gif\" \/>\n<meta name=\"twitter:card\" content=\"summary_large_image\" \/>\n<meta name=\"twitter:label1\" content=\"Tahmini okuma s\u00fcresi\" \/>\n\t<meta name=\"twitter:data1\" content=\"3 dakika\" \/>\n<script type=\"application\/ld+json\" class=\"yoast-schema-graph\">{\"@context\":\"https:\/\/schema.org\",\"@graph\":[{\"@type\":\"WebPage\",\"@id\":\"https:\/\/exceladvisor.org\/tr\/bilesik-faiz\/\",\"url\":\"https:\/\/exceladvisor.org\/tr\/bilesik-faiz\/\",\"name\":\"\u25b7 Bile\u015fik faiz nas\u0131l hesaplan\u0131r? - Excel Dan\u0131\u015fman\u0131\",\"isPartOf\":{\"@id\":\"https:\/\/exceladvisor.org\/tr\/#website\"},\"primaryImageOfPage\":{\"@id\":\"https:\/\/exceladvisor.org\/tr\/bilesik-faiz\/#primaryimage\"},\"image\":{\"@id\":\"https:\/\/exceladvisor.org\/tr\/bilesik-faiz\/#primaryimage\"},\"thumbnailUrl\":\"https:\/\/exceladvisor.org\/wp-content\/uploads\/2023\/08\/un-modele-simple-pour-calculer-les-interets-composes-dans-excel.gif\",\"datePublished\":\"2023-11-10T18:31:38+00:00\",\"dateModified\":\"2023-12-10T06:00:22+00:00\",\"description\":\"Bu yaz\u0131da Excel&#39;de bile\u015fik faizin nas\u0131l hesaplanaca\u011f\u0131n\u0131 \u00f6\u011freneceksiniz. G\u00fcnl\u00fck, ayl\u0131k, trim kullanabilirsiniz\",\"breadcrumb\":{\"@id\":\"https:\/\/exceladvisor.org\/tr\/bilesik-faiz\/#breadcrumb\"},\"inLanguage\":\"tr\",\"potentialAction\":[{\"@type\":\"ReadAction\",\"target\":[\"https:\/\/exceladvisor.org\/tr\/bilesik-faiz\/\"]}]},{\"@type\":\"ImageObject\",\"inLanguage\":\"tr\",\"@id\":\"https:\/\/exceladvisor.org\/tr\/bilesik-faiz\/#primaryimage\",\"url\":\"https:\/\/exceladvisor.org\/wp-content\/uploads\/2023\/08\/un-modele-simple-pour-calculer-les-interets-composes-dans-excel.gif\",\"contentUrl\":\"https:\/\/exceladvisor.org\/wp-content\/uploads\/2023\/08\/un-modele-simple-pour-calculer-les-interets-composes-dans-excel.gif\"},{\"@type\":\"BreadcrumbList\",\"@id\":\"https:\/\/exceladvisor.org\/tr\/bilesik-faiz\/#breadcrumb\",\"itemListElement\":[{\"@type\":\"ListItem\",\"position\":1,\"name\":\"Ev\",\"item\":\"https:\/\/exceladvisor.org\/tr\/\"},{\"@type\":\"ListItem\",\"position\":2,\"name\":\"Excel&#39;de bile\u015fik faiz nas\u0131l hesaplan\u0131r?\"}]},{\"@type\":\"WebSite\",\"@id\":\"https:\/\/exceladvisor.org\/tr\/#website\",\"url\":\"https:\/\/exceladvisor.org\/tr\/\",\"name\":\"Excel Advisor\",\"description\":\"Veri hakimiyetine y\u00f6nelik nihai rehberiniz!\",\"publisher\":{\"@id\":\"https:\/\/exceladvisor.org\/tr\/#organization\"},\"potentialAction\":[{\"@type\":\"SearchAction\",\"target\":{\"@type\":\"EntryPoint\",\"urlTemplate\":\"https:\/\/exceladvisor.org\/tr\/?s={search_term_string}\"},\"query-input\":{\"@type\":\"PropertyValueSpecification\",\"valueRequired\":true,\"valueName\":\"search_term_string\"}}],\"inLanguage\":\"tr\"},{\"@type\":\"Organization\",\"@id\":\"https:\/\/exceladvisor.org\/tr\/#organization\",\"name\":\"Excel Advisor\",\"url\":\"https:\/\/exceladvisor.org\/tr\/\",\"logo\":{\"@type\":\"ImageObject\",\"inLanguage\":\"tr\",\"@id\":\"https:\/\/exceladvisor.org\/tr\/#\/schema\/logo\/image\/\",\"url\":\"https:\/\/exceladvisor.org\/tr\/wp-content\/uploads\/2023\/12\/exceladvisor.org_.png\",\"contentUrl\":\"https:\/\/exceladvisor.org\/tr\/wp-content\/uploads\/2023\/12\/exceladvisor.org_.png\",\"width\":105,\"height\":36,\"caption\":\"Excel Advisor\"},\"image\":{\"@id\":\"https:\/\/exceladvisor.org\/tr\/#\/schema\/logo\/image\/\"}}]}<\/script>\n<!-- \/ Yoast SEO plugin. -->","yoast_head_json":{"title":"\u25b7 Bile\u015fik faiz nas\u0131l hesaplan\u0131r? - Excel Dan\u0131\u015fman\u0131","description":"Bu yaz\u0131da Excel&#39;de bile\u015fik faizin nas\u0131l hesaplanaca\u011f\u0131n\u0131 \u00f6\u011freneceksiniz. G\u00fcnl\u00fck, ayl\u0131k, trim kullanabilirsiniz","robots":{"index":"index","follow":"follow","max-snippet":"max-snippet:-1","max-image-preview":"max-image-preview:large","max-video-preview":"max-video-preview:-1"},"canonical":"https:\/\/exceladvisor.org\/tr\/bilesik-faiz\/","og_locale":"tr_TR","og_type":"article","og_title":"\u25b7 Bile\u015fik faiz nas\u0131l hesaplan\u0131r? - Excel Dan\u0131\u015fman\u0131","og_description":"Bu yaz\u0131da Excel&#39;de bile\u015fik faizin nas\u0131l hesaplanaca\u011f\u0131n\u0131 \u00f6\u011freneceksiniz. G\u00fcnl\u00fck, ayl\u0131k, trim kullanabilirsiniz","og_url":"https:\/\/exceladvisor.org\/tr\/bilesik-faiz\/","og_site_name":"Excel Advisor","article_modified_time":"2023-12-10T06:00:22+00:00","og_image":[{"url":"https:\/\/exceladvisor.org\/wp-content\/uploads\/2023\/08\/un-modele-simple-pour-calculer-les-interets-composes-dans-excel.gif","type":"","width":"","height":""}],"twitter_card":"summary_large_image","twitter_misc":{"Tahmini okuma s\u00fcresi":"3 dakika"},"schema":{"@context":"https:\/\/schema.org","@graph":[{"@type":"WebPage","@id":"https:\/\/exceladvisor.org\/tr\/bilesik-faiz\/","url":"https:\/\/exceladvisor.org\/tr\/bilesik-faiz\/","name":"\u25b7 Bile\u015fik faiz nas\u0131l hesaplan\u0131r? - Excel Dan\u0131\u015fman\u0131","isPartOf":{"@id":"https:\/\/exceladvisor.org\/tr\/#website"},"primaryImageOfPage":{"@id":"https:\/\/exceladvisor.org\/tr\/bilesik-faiz\/#primaryimage"},"image":{"@id":"https:\/\/exceladvisor.org\/tr\/bilesik-faiz\/#primaryimage"},"thumbnailUrl":"https:\/\/exceladvisor.org\/wp-content\/uploads\/2023\/08\/un-modele-simple-pour-calculer-les-interets-composes-dans-excel.gif","datePublished":"2023-11-10T18:31:38+00:00","dateModified":"2023-12-10T06:00:22+00:00","description":"Bu yaz\u0131da Excel&#39;de bile\u015fik faizin nas\u0131l hesaplanaca\u011f\u0131n\u0131 \u00f6\u011freneceksiniz. G\u00fcnl\u00fck, ayl\u0131k, trim kullanabilirsiniz","breadcrumb":{"@id":"https:\/\/exceladvisor.org\/tr\/bilesik-faiz\/#breadcrumb"},"inLanguage":"tr","potentialAction":[{"@type":"ReadAction","target":["https:\/\/exceladvisor.org\/tr\/bilesik-faiz\/"]}]},{"@type":"ImageObject","inLanguage":"tr","@id":"https:\/\/exceladvisor.org\/tr\/bilesik-faiz\/#primaryimage","url":"https:\/\/exceladvisor.org\/wp-content\/uploads\/2023\/08\/un-modele-simple-pour-calculer-les-interets-composes-dans-excel.gif","contentUrl":"https:\/\/exceladvisor.org\/wp-content\/uploads\/2023\/08\/un-modele-simple-pour-calculer-les-interets-composes-dans-excel.gif"},{"@type":"BreadcrumbList","@id":"https:\/\/exceladvisor.org\/tr\/bilesik-faiz\/#breadcrumb","itemListElement":[{"@type":"ListItem","position":1,"name":"Ev","item":"https:\/\/exceladvisor.org\/tr\/"},{"@type":"ListItem","position":2,"name":"Excel&#39;de bile\u015fik faiz nas\u0131l hesaplan\u0131r?"}]},{"@type":"WebSite","@id":"https:\/\/exceladvisor.org\/tr\/#website","url":"https:\/\/exceladvisor.org\/tr\/","name":"Excel Advisor","description":"Veri hakimiyetine y\u00f6nelik nihai rehberiniz!","publisher":{"@id":"https:\/\/exceladvisor.org\/tr\/#organization"},"potentialAction":[{"@type":"SearchAction","target":{"@type":"EntryPoint","urlTemplate":"https:\/\/exceladvisor.org\/tr\/?s={search_term_string}"},"query-input":{"@type":"PropertyValueSpecification","valueRequired":true,"valueName":"search_term_string"}}],"inLanguage":"tr"},{"@type":"Organization","@id":"https:\/\/exceladvisor.org\/tr\/#organization","name":"Excel Advisor","url":"https:\/\/exceladvisor.org\/tr\/","logo":{"@type":"ImageObject","inLanguage":"tr","@id":"https:\/\/exceladvisor.org\/tr\/#\/schema\/logo\/image\/","url":"https:\/\/exceladvisor.org\/tr\/wp-content\/uploads\/2023\/12\/exceladvisor.org_.png","contentUrl":"https:\/\/exceladvisor.org\/tr\/wp-content\/uploads\/2023\/12\/exceladvisor.org_.png","width":105,"height":36,"caption":"Excel Advisor"},"image":{"@id":"https:\/\/exceladvisor.org\/tr\/#\/schema\/logo\/image\/"}}]}},"yoast_meta":{"yoast_wpseo_title":"","yoast_wpseo_metadesc":"","yoast_wpseo_canonical":""},"_links":{"self":[{"href":"https:\/\/exceladvisor.org\/tr\/wp-json\/wp\/v2\/pages\/1699","targetHints":{"allow":["GET"]}}],"collection":[{"href":"https:\/\/exceladvisor.org\/tr\/wp-json\/wp\/v2\/pages"}],"about":[{"href":"https:\/\/exceladvisor.org\/tr\/wp-json\/wp\/v2\/types\/page"}],"author":[{"embeddable":true,"href":"https:\/\/exceladvisor.org\/tr\/wp-json\/wp\/v2\/users\/1"}],"replies":[{"embeddable":true,"href":"https:\/\/exceladvisor.org\/tr\/wp-json\/wp\/v2\/comments?post=1699"}],"version-history":[{"count":1,"href":"https:\/\/exceladvisor.org\/tr\/wp-json\/wp\/v2\/pages\/1699\/revisions"}],"predecessor-version":[{"id":2401,"href":"https:\/\/exceladvisor.org\/tr\/wp-json\/wp\/v2\/pages\/1699\/revisions\/2401"}],"wp:attachment":[{"href":"https:\/\/exceladvisor.org\/tr\/wp-json\/wp\/v2\/media?parent=1699"}],"curies":[{"name":"wp","href":"https:\/\/api.w.org\/{rel}","templated":true}]}}