{"id":1701,"date":"2023-11-10T17:43:55","date_gmt":"2023-11-10T17:43:55","guid":{"rendered":"https:\/\/exceladvisor.org\/tr\/ortalama-goz-ardi-edilen-hatalar-2\/"},"modified":"2023-12-10T06:03:39","modified_gmt":"2023-12-10T06:03:39","slug":"ortalama-goz-ardi-edilen-hatalar-2","status":"publish","type":"page","link":"https:\/\/exceladvisor.org\/tr\/ortalama-goz-ardi-edilen-hatalar-2\/","title":{"rendered":"Excel&#39;deki ortalama hatalar nas\u0131l d\u00fczeltilir?"},"content":{"rendered":"<div class=\"excel-icerikten-once\" id=\"excel-1046849826\"><script type=\"text\/javascript\">\r\n\tatOptions = {\r\n\t\t'key' : 'c1158f160081d6540a8409e6925dab94',\r\n\t\t'format' : 'iframe',\r\n\t\t'height' : 250,\r\n\t\t'width' : 300,\r\n\t\t'params' : {}\r\n\t};\r\n<\/script>\r\n<script type=\"text\/javascript\" src=\"\/\/www.highperformanceformat.com\/c1158f160081d6540a8409e6925dab94\/invoke.js\"><\/script><\/div> <p>Excel&#8217;de bir aral\u0131ktaki de\u011ferlerin ortalamas\u0131n\u0131 almaya \u00e7al\u0131\u015ft\u0131\u011f\u0131n\u0131zda ancak bir veya daha fazla h\u00fccrede hatayla kar\u015f\u0131la\u015ft\u0131\u011f\u0131n\u0131zda form\u00fcl\u00fcn\u00fcz sonu\u00e7ta hata d\u00f6nd\u00fcrecektir. Bu dersimizde hata de\u011ferlerini g\u00f6z ard\u0131 ederek bir aral\u0131ktaki de\u011ferlerin ortalamas\u0131n\u0131 nas\u0131l hesaplayaca\u011f\u0131m\u0131z\u0131 \u00f6\u011frenece\u011fiz.<\/p><h2 class=\"wp-block-heading\"> #Yok hatas\u0131n\u0131 yoksay<\/h2><p> A\u015fa\u011f\u0131daki \u00f6rnekte, h\u00fccre aral\u0131\u011f\u0131nda #YOK hatas\u0131 var ve ORTALAMA i\u015flevini kulland\u0131\u011f\u0131n\u0131zda sonu\u00e7ta #YOK hatas\u0131 da d\u00f6nd\u00fcr\u00fcl\u00fcyor. <\/p><div class=\"wp-block-image\"><figure class=\"aligncenter size-full is-resized\"><img loading=\"lazy\" decoding=\"async\" class=\"wp-image-79256\" src=\"https:\/\/exceladvisor.org\/wp-content\/uploads\/2023\/08\/1-na-erreur-dans-la-cellule.png\" sizes=\"auto, \" srcset=\"\" alt=\"#na-h\u00fccre i\u00e7i hata\" width=\"616\" height=\"417\"><\/figure><\/div><p> Bu durumla ba\u015fa \u00e7\u0131kmak i\u00e7in E\u011eER ORTALAMA fonksiyonunu a\u015fa\u011f\u0131daki \u015fekilde kullanabilirsiniz. <\/p><div class=\"wp-block-image\"><figure class=\"aligncenter size-full is-resized\"><img loading=\"lazy\" decoding=\"async\" class=\"wp-image-79257\" src=\"https:\/\/exceladvisor.org\/wp-content\/uploads\/2023\/08\/2-fonction-moyenne-si.png\" sizes=\"auto, \" srcset=\"\" alt=\"ortalama fonksiyon\" width=\"514\" height=\"417\"><\/figure><\/div><pre class=\"wp-block-code\"> <code class=\"language-excel-formula line-numbers\" lang=\"excel-formula\">=AVERAGEIF(A1:A10,\"&lt;&gt;#N\/A\")<\/code><\/pre><p> AVERAGEIF, bir aral\u0131ktaki de\u011ferlerin ortalamas\u0131n\u0131 almak i\u00e7in bir ko\u015ful olu\u015fturman\u0131za olanak sa\u011flar. Ve bu form\u00fclde A1:A10 aral\u0131\u011f\u0131n\u0131 referans ald\u0131k ve sonras\u0131nda #N\/A&#8217;ya e\u015fit olmayan de\u011ferlerin ortalamas\u0131n\u0131 alan bir ko\u015ful kulland\u0131k.<\/p><h2 class=\"wp-block-heading\"> T\u00fcm hatalar\u0131 yoksaymak i\u00e7in ORTALAMAIF&#8217;yi kullan\u0131n<\/h2><p> T\u00fcm hatalar\u0131 yok saymak istiyorsan\u0131z her zaman AVERAGEIF se\u00e7ene\u011fini kullanabilirsiniz. Fonksiyondaki kriterleri de\u011fi\u015ftirmeniz yeterlidir. <\/p><div class=\"wp-block-image\"><figure class=\"aligncenter size-full is-resized\"><img loading=\"lazy\" decoding=\"async\" class=\"wp-image-79258\" src=\"https:\/\/exceladvisor.org\/wp-content\/uploads\/2023\/08\/3-moyensi-pour-ignorer-les-erreurs.png\" sizes=\"auto, \" srcset=\"\" alt=\"g\u00f6rmezden gelinecek ortalama hatalar\" width=\"576\" height=\"413\"><\/figure><\/div><p> Bu form\u00fclde kriterlerde 0&#8217;dan b\u00fcy\u00fck kulland\u0131k. Bunu yapt\u0131\u011f\u0131n\u0131zda, Excel yaln\u0131zca aral\u0131ktaki say\u0131lara ba\u015fvurur ve yaln\u0131zca say\u0131lar\u0131n bulundu\u011fu h\u00fccrelerin ortalamas\u0131n\u0131 al\u0131r.<\/p><h2 class=\"wp-block-heading\"> De\u011ferlerin ortalamas\u0131n\u0131 al\u0131rken hatalar\u0131 yok saymak i\u00e7in AGGREGATE kullan\u0131n<\/h2><p> AGGREGATE, de\u011ferlerin ortalamas\u0131n\u0131 alman\u0131za yard\u0131mc\u0131 olabilecek yeni bir i\u015flevdir, ancak bu i\u015flevle aral\u0131k hatalar\u0131n\u0131 g\u00f6z ard\u0131 etme olana\u011f\u0131na sahipsiniz. <\/p><div class=\"wp-block-image\"><figure class=\"aligncenter size-full is-resized\"><img loading=\"lazy\" decoding=\"async\" class=\"wp-image-79259\" src=\"https:\/\/exceladvisor.org\/wp-content\/uploads\/2023\/08\/4-agregat-pour-ignorer-les-erreurs.png\" sizes=\"auto, \" srcset=\"\" alt=\"hatalar\u0131 yok saymak i\u00e7in topla\" width=\"459\" height=\"433\"><\/figure><\/div><p> Fonksiyonun ilk arg\u00fcman\u0131nda fonksiyon numaras\u0131n\u0131 kullanmal\u0131s\u0131n\u0131z. Bu, de\u011ferlerin ortalamas\u0131n\u0131 almak istiyorsan\u0131z listeden i\u015flevi se\u00e7ebilece\u011finiz anlam\u0131na gelir. <\/p><div class=\"wp-block-image\"><figure class=\"aligncenter size-full is-resized\"><img loading=\"lazy\" decoding=\"async\" class=\"wp-image-79260\" src=\"https:\/\/exceladvisor.org\/wp-content\/uploads\/2023\/08\/5-premier-argument-de-la-fonction-dagregation.png\" sizes=\"auto, \" srcset=\"\" alt=\"toplama fonksiyonunun ilk arg\u00fcman\u0131\" width=\"597\" height=\"370\"><\/figure><\/div><p> Bundan sonra ikinci arg\u00fcmanda hatalar\u0131 yok sayma se\u00e7ene\u011fini se\u00e7in veya sadece 6 girin. <\/p><div class=\"wp-block-image\"><figure class=\"aligncenter size-full is-resized\"><img loading=\"lazy\" decoding=\"async\" class=\"wp-image-79261\" src=\"https:\/\/exceladvisor.org\/wp-content\/uploads\/2023\/08\/6-options-de-selection-pour-ignorer-les-erreurs.png\" sizes=\"auto, \" srcset=\"\" alt=\"hatalar\u0131-yok saymak i\u00e7in-se\u00e7enekleri se\u00e7in\" width=\"739\" height=\"295\"><\/figure><\/div><p> \u015eimdi \u00fc\u00e7\u00fcnc\u00fc arg\u00fcmanda, ortalamas\u0131n\u0131 alaca\u011f\u0131n\u0131z de\u011ferlerin bulundu\u011fu aral\u0131\u011fa bak\u0131n. <\/p><div class=\"wp-block-image\"><figure class=\"aligncenter size-full is-resized\"><img loading=\"lazy\" decoding=\"async\" class=\"wp-image-79262\" src=\"https:\/\/exceladvisor.org\/wp-content\/uploads\/2023\/08\/7-se-referer-a-la-gamme.png\" sizes=\"auto, \" srcset=\"\" alt=\"aral\u0131\u011fa bak\u0131n\" width=\"579\" height=\"387\"><\/figure><\/div><p> Sonunda h\u00fccredeki sonucu almak i\u00e7in Enter tu\u015funa bas\u0131n. <\/p><div class=\"gb-container gb-container-52dfcee1 gb-container-sample-file\"><h2 class=\"gb-headline gb-headline-e289c143 gb-headline-text gb-headline-4f7959c2\"> Excel dosyas\u0131n\u0131 al\u0131n<\/h2><p> <a class=\"gb-button gb-button-e88d6bee gb-button-text gb-button-button1\" href=\"https:\/\/exceladvisor.org\/wp-content\/uploads\/2023\/08\/moyenne-des-erreurs-ignorees.xlsx\" rel=\"nofollow\">\u0130ndirmek<\/a><\/p><\/div><div class=\"gb-container gb-container-0df56012 gb-container-mt\"> <a class=\"gb-button gb-button-f9f432f4 gb-button-text gb-button-mt-button\" href=\"https:\/\/exceladvisor.org\/tr\/formuller\/\">Excel form\u00fcllerinin listesi<\/a><h2 class=\"gb-headline gb-headline-233444e8 gb-headline-text gb-headline-mt-heading\"> \u0130lgili form\u00fcller <\/h2><div class=\"gb-grid-wrapper gb-grid-wrapper-a16fa65c gb-grid-wrapper-mt-grid\"><div class=\"gb-grid-column gb-grid-column-50d07e0d\"><div class=\"gb-container gb-container-50d07e0d\"><ul><li> <a href=\"https:\/\/exceladvisor.org\/tr\/ortalama-maksimum-degerler\/\">Excel&#8217;deki en y\u00fcksek 5 de\u011ferin ortalamas\u0131<\/a><\/li><li> <a href=\"https:\/\/exceladvisor.org\/tr\/agirlikli-ortalama\/\">Excel&#8217;de a\u011f\u0131rl\u0131kl\u0131 ortalamay\u0131 hesaplay\u0131n<\/a><\/li><li> <a href=\"https:\/\/exceladvisor.org\/tr\/ortalama-sifirlari-haric-tutar-2\/\">Ortalama say\u0131 ancak s\u0131f\u0131rlar\u0131 hari\u00e7 tutun<\/a><\/li><li> <a href=\"https:\/\/exceladvisor.org\/tr\/bos-olmayan-hucrelerin-ortalamasi-2\/\">Yaln\u0131zca bo\u015f olmayan h\u00fccrelerin ortalamas\u0131<\/a><\/li><li> <a href=\"https:\/\/exceladvisor.org\/tr\/ortalama-yuzde-2\/\">Y\u00fczde de\u011ferlerinin ortalamas\u0131n\u0131 hesaplay\u0131n<\/a> <\/li><\/ul><\/div><\/div><div class=\"gb-grid-column gb-grid-column-5b4a0cf9\"><div class=\"gb-container gb-container-5b4a0cf9\"><\/div><\/div><\/div><\/div>","protected":false},"excerpt":{"rendered":"","protected":false},"author":1,"featured_media":0,"parent":0,"menu_order":0,"comment_status":"open","ping_status":"closed","template":"","meta":{"ub_ctt_via":"","footnotes":""},"class_list":["post-1701","page","type-page","status-publish","hentry"],"featured_image_src":null,"yoast_head":"<!-- This site is optimized with the Yoast SEO plugin v25.4 - https:\/\/yoast.com\/wordpress\/plugins\/seo\/ -->\n<title>\u25b7 Excel&#039;deki Ortalama hatalar nas\u0131l d\u00fczeltilir?<\/title>\n<meta name=\"description\" content=\"Bu derste, ortalamay\u0131 hesaplamak i\u00e7in bir form\u00fcl\u00fcn nas\u0131l yaz\u0131laca\u011f\u0131n\u0131, ayn\u0131 zamanda hesaplan\u0131rken hatalar\u0131n nas\u0131l g\u00f6z ard\u0131 edilece\u011fini \u00f6\u011frenece\u011fiz.\" \/>\n<meta name=\"robots\" content=\"index, follow, max-snippet:-1, max-image-preview:large, max-video-preview:-1\" \/>\n<link rel=\"canonical\" href=\"https:\/\/exceladvisor.org\/tr\/ortalama-goz-ardi-edilen-hatalar-2\/\" \/>\n<meta property=\"og:locale\" content=\"tr_TR\" \/>\n<meta property=\"og:type\" content=\"article\" \/>\n<meta property=\"og:title\" content=\"\u25b7 Excel&#039;deki Ortalama hatalar nas\u0131l d\u00fczeltilir?\" \/>\n<meta property=\"og:description\" content=\"Bu derste, ortalamay\u0131 hesaplamak i\u00e7in bir form\u00fcl\u00fcn nas\u0131l yaz\u0131laca\u011f\u0131n\u0131, ayn\u0131 zamanda hesaplan\u0131rken hatalar\u0131n nas\u0131l g\u00f6z ard\u0131 edilece\u011fini \u00f6\u011frenece\u011fiz.\" \/>\n<meta property=\"og:url\" content=\"https:\/\/exceladvisor.org\/tr\/ortalama-goz-ardi-edilen-hatalar-2\/\" \/>\n<meta property=\"og:site_name\" content=\"Excel Advisor\" \/>\n<meta property=\"article:modified_time\" content=\"2023-12-10T06:03:39+00:00\" \/>\n<meta property=\"og:image\" content=\"https:\/\/exceladvisor.org\/wp-content\/uploads\/2023\/08\/1-na-erreur-dans-la-cellule.png\" \/>\n<meta name=\"twitter:card\" content=\"summary_large_image\" \/>\n<meta name=\"twitter:label1\" content=\"Tahmini okuma s\u00fcresi\" \/>\n\t<meta name=\"twitter:data1\" content=\"2 dakika\" \/>\n<script type=\"application\/ld+json\" class=\"yoast-schema-graph\">{\"@context\":\"https:\/\/schema.org\",\"@graph\":[{\"@type\":\"WebPage\",\"@id\":\"https:\/\/exceladvisor.org\/tr\/ortalama-goz-ardi-edilen-hatalar-2\/\",\"url\":\"https:\/\/exceladvisor.org\/tr\/ortalama-goz-ardi-edilen-hatalar-2\/\",\"name\":\"\u25b7 Excel&#39;deki Ortalama hatalar nas\u0131l d\u00fczeltilir?\",\"isPartOf\":{\"@id\":\"https:\/\/exceladvisor.org\/tr\/#website\"},\"primaryImageOfPage\":{\"@id\":\"https:\/\/exceladvisor.org\/tr\/ortalama-goz-ardi-edilen-hatalar-2\/#primaryimage\"},\"image\":{\"@id\":\"https:\/\/exceladvisor.org\/tr\/ortalama-goz-ardi-edilen-hatalar-2\/#primaryimage\"},\"thumbnailUrl\":\"https:\/\/exceladvisor.org\/wp-content\/uploads\/2023\/08\/1-na-erreur-dans-la-cellule.png\",\"datePublished\":\"2023-11-10T17:43:55+00:00\",\"dateModified\":\"2023-12-10T06:03:39+00:00\",\"description\":\"Bu derste, ortalamay\u0131 hesaplamak i\u00e7in bir form\u00fcl\u00fcn nas\u0131l yaz\u0131laca\u011f\u0131n\u0131, ayn\u0131 zamanda hesaplan\u0131rken hatalar\u0131n nas\u0131l g\u00f6z ard\u0131 edilece\u011fini \u00f6\u011frenece\u011fiz.\",\"breadcrumb\":{\"@id\":\"https:\/\/exceladvisor.org\/tr\/ortalama-goz-ardi-edilen-hatalar-2\/#breadcrumb\"},\"inLanguage\":\"tr\",\"potentialAction\":[{\"@type\":\"ReadAction\",\"target\":[\"https:\/\/exceladvisor.org\/tr\/ortalama-goz-ardi-edilen-hatalar-2\/\"]}]},{\"@type\":\"ImageObject\",\"inLanguage\":\"tr\",\"@id\":\"https:\/\/exceladvisor.org\/tr\/ortalama-goz-ardi-edilen-hatalar-2\/#primaryimage\",\"url\":\"https:\/\/exceladvisor.org\/wp-content\/uploads\/2023\/08\/1-na-erreur-dans-la-cellule.png\",\"contentUrl\":\"https:\/\/exceladvisor.org\/wp-content\/uploads\/2023\/08\/1-na-erreur-dans-la-cellule.png\"},{\"@type\":\"BreadcrumbList\",\"@id\":\"https:\/\/exceladvisor.org\/tr\/ortalama-goz-ardi-edilen-hatalar-2\/#breadcrumb\",\"itemListElement\":[{\"@type\":\"ListItem\",\"position\":1,\"name\":\"Ev\",\"item\":\"https:\/\/exceladvisor.org\/tr\/\"},{\"@type\":\"ListItem\",\"position\":2,\"name\":\"Excel&#39;deki ortalama hatalar nas\u0131l d\u00fczeltilir?\"}]},{\"@type\":\"WebSite\",\"@id\":\"https:\/\/exceladvisor.org\/tr\/#website\",\"url\":\"https:\/\/exceladvisor.org\/tr\/\",\"name\":\"Excel Advisor\",\"description\":\"Veri hakimiyetine y\u00f6nelik nihai rehberiniz!\",\"publisher\":{\"@id\":\"https:\/\/exceladvisor.org\/tr\/#organization\"},\"potentialAction\":[{\"@type\":\"SearchAction\",\"target\":{\"@type\":\"EntryPoint\",\"urlTemplate\":\"https:\/\/exceladvisor.org\/tr\/?s={search_term_string}\"},\"query-input\":{\"@type\":\"PropertyValueSpecification\",\"valueRequired\":true,\"valueName\":\"search_term_string\"}}],\"inLanguage\":\"tr\"},{\"@type\":\"Organization\",\"@id\":\"https:\/\/exceladvisor.org\/tr\/#organization\",\"name\":\"Excel Advisor\",\"url\":\"https:\/\/exceladvisor.org\/tr\/\",\"logo\":{\"@type\":\"ImageObject\",\"inLanguage\":\"tr\",\"@id\":\"https:\/\/exceladvisor.org\/tr\/#\/schema\/logo\/image\/\",\"url\":\"https:\/\/exceladvisor.org\/tr\/wp-content\/uploads\/2023\/12\/exceladvisor.org_.png\",\"contentUrl\":\"https:\/\/exceladvisor.org\/tr\/wp-content\/uploads\/2023\/12\/exceladvisor.org_.png\",\"width\":105,\"height\":36,\"caption\":\"Excel Advisor\"},\"image\":{\"@id\":\"https:\/\/exceladvisor.org\/tr\/#\/schema\/logo\/image\/\"}}]}<\/script>\n<!-- \/ Yoast SEO plugin. -->","yoast_head_json":{"title":"\u25b7 Excel&#39;deki Ortalama hatalar nas\u0131l d\u00fczeltilir?","description":"Bu derste, ortalamay\u0131 hesaplamak i\u00e7in bir form\u00fcl\u00fcn nas\u0131l yaz\u0131laca\u011f\u0131n\u0131, ayn\u0131 zamanda hesaplan\u0131rken hatalar\u0131n nas\u0131l g\u00f6z ard\u0131 edilece\u011fini \u00f6\u011frenece\u011fiz.","robots":{"index":"index","follow":"follow","max-snippet":"max-snippet:-1","max-image-preview":"max-image-preview:large","max-video-preview":"max-video-preview:-1"},"canonical":"https:\/\/exceladvisor.org\/tr\/ortalama-goz-ardi-edilen-hatalar-2\/","og_locale":"tr_TR","og_type":"article","og_title":"\u25b7 Excel&#39;deki Ortalama hatalar nas\u0131l d\u00fczeltilir?","og_description":"Bu derste, ortalamay\u0131 hesaplamak i\u00e7in bir form\u00fcl\u00fcn nas\u0131l yaz\u0131laca\u011f\u0131n\u0131, ayn\u0131 zamanda hesaplan\u0131rken hatalar\u0131n nas\u0131l g\u00f6z ard\u0131 edilece\u011fini \u00f6\u011frenece\u011fiz.","og_url":"https:\/\/exceladvisor.org\/tr\/ortalama-goz-ardi-edilen-hatalar-2\/","og_site_name":"Excel Advisor","article_modified_time":"2023-12-10T06:03:39+00:00","og_image":[{"url":"https:\/\/exceladvisor.org\/wp-content\/uploads\/2023\/08\/1-na-erreur-dans-la-cellule.png","type":"","width":"","height":""}],"twitter_card":"summary_large_image","twitter_misc":{"Tahmini okuma s\u00fcresi":"2 dakika"},"schema":{"@context":"https:\/\/schema.org","@graph":[{"@type":"WebPage","@id":"https:\/\/exceladvisor.org\/tr\/ortalama-goz-ardi-edilen-hatalar-2\/","url":"https:\/\/exceladvisor.org\/tr\/ortalama-goz-ardi-edilen-hatalar-2\/","name":"\u25b7 Excel&#39;deki Ortalama hatalar nas\u0131l d\u00fczeltilir?","isPartOf":{"@id":"https:\/\/exceladvisor.org\/tr\/#website"},"primaryImageOfPage":{"@id":"https:\/\/exceladvisor.org\/tr\/ortalama-goz-ardi-edilen-hatalar-2\/#primaryimage"},"image":{"@id":"https:\/\/exceladvisor.org\/tr\/ortalama-goz-ardi-edilen-hatalar-2\/#primaryimage"},"thumbnailUrl":"https:\/\/exceladvisor.org\/wp-content\/uploads\/2023\/08\/1-na-erreur-dans-la-cellule.png","datePublished":"2023-11-10T17:43:55+00:00","dateModified":"2023-12-10T06:03:39+00:00","description":"Bu derste, ortalamay\u0131 hesaplamak i\u00e7in bir form\u00fcl\u00fcn nas\u0131l yaz\u0131laca\u011f\u0131n\u0131, ayn\u0131 zamanda hesaplan\u0131rken hatalar\u0131n nas\u0131l g\u00f6z ard\u0131 edilece\u011fini \u00f6\u011frenece\u011fiz.","breadcrumb":{"@id":"https:\/\/exceladvisor.org\/tr\/ortalama-goz-ardi-edilen-hatalar-2\/#breadcrumb"},"inLanguage":"tr","potentialAction":[{"@type":"ReadAction","target":["https:\/\/exceladvisor.org\/tr\/ortalama-goz-ardi-edilen-hatalar-2\/"]}]},{"@type":"ImageObject","inLanguage":"tr","@id":"https:\/\/exceladvisor.org\/tr\/ortalama-goz-ardi-edilen-hatalar-2\/#primaryimage","url":"https:\/\/exceladvisor.org\/wp-content\/uploads\/2023\/08\/1-na-erreur-dans-la-cellule.png","contentUrl":"https:\/\/exceladvisor.org\/wp-content\/uploads\/2023\/08\/1-na-erreur-dans-la-cellule.png"},{"@type":"BreadcrumbList","@id":"https:\/\/exceladvisor.org\/tr\/ortalama-goz-ardi-edilen-hatalar-2\/#breadcrumb","itemListElement":[{"@type":"ListItem","position":1,"name":"Ev","item":"https:\/\/exceladvisor.org\/tr\/"},{"@type":"ListItem","position":2,"name":"Excel&#39;deki ortalama hatalar nas\u0131l d\u00fczeltilir?"}]},{"@type":"WebSite","@id":"https:\/\/exceladvisor.org\/tr\/#website","url":"https:\/\/exceladvisor.org\/tr\/","name":"Excel Advisor","description":"Veri hakimiyetine y\u00f6nelik nihai rehberiniz!","publisher":{"@id":"https:\/\/exceladvisor.org\/tr\/#organization"},"potentialAction":[{"@type":"SearchAction","target":{"@type":"EntryPoint","urlTemplate":"https:\/\/exceladvisor.org\/tr\/?s={search_term_string}"},"query-input":{"@type":"PropertyValueSpecification","valueRequired":true,"valueName":"search_term_string"}}],"inLanguage":"tr"},{"@type":"Organization","@id":"https:\/\/exceladvisor.org\/tr\/#organization","name":"Excel Advisor","url":"https:\/\/exceladvisor.org\/tr\/","logo":{"@type":"ImageObject","inLanguage":"tr","@id":"https:\/\/exceladvisor.org\/tr\/#\/schema\/logo\/image\/","url":"https:\/\/exceladvisor.org\/tr\/wp-content\/uploads\/2023\/12\/exceladvisor.org_.png","contentUrl":"https:\/\/exceladvisor.org\/tr\/wp-content\/uploads\/2023\/12\/exceladvisor.org_.png","width":105,"height":36,"caption":"Excel Advisor"},"image":{"@id":"https:\/\/exceladvisor.org\/tr\/#\/schema\/logo\/image\/"}}]}},"yoast_meta":{"yoast_wpseo_title":"","yoast_wpseo_metadesc":"","yoast_wpseo_canonical":""},"_links":{"self":[{"href":"https:\/\/exceladvisor.org\/tr\/wp-json\/wp\/v2\/pages\/1701","targetHints":{"allow":["GET"]}}],"collection":[{"href":"https:\/\/exceladvisor.org\/tr\/wp-json\/wp\/v2\/pages"}],"about":[{"href":"https:\/\/exceladvisor.org\/tr\/wp-json\/wp\/v2\/types\/page"}],"author":[{"embeddable":true,"href":"https:\/\/exceladvisor.org\/tr\/wp-json\/wp\/v2\/users\/1"}],"replies":[{"embeddable":true,"href":"https:\/\/exceladvisor.org\/tr\/wp-json\/wp\/v2\/comments?post=1701"}],"version-history":[{"count":1,"href":"https:\/\/exceladvisor.org\/tr\/wp-json\/wp\/v2\/pages\/1701\/revisions"}],"predecessor-version":[{"id":2666,"href":"https:\/\/exceladvisor.org\/tr\/wp-json\/wp\/v2\/pages\/1701\/revisions\/2666"}],"wp:attachment":[{"href":"https:\/\/exceladvisor.org\/tr\/wp-json\/wp\/v2\/media?parent=1701"}],"curies":[{"name":"wp","href":"https:\/\/api.w.org\/{rel}","templated":true}]}}