{"id":1704,"date":"2023-11-10T16:37:58","date_gmt":"2023-11-10T16:37:58","guid":{"rendered":"https:\/\/exceladvisor.org\/tr\/saniye-cinsinden-sure-2\/"},"modified":"2023-12-10T06:08:15","modified_gmt":"2023-12-10T06:08:15","slug":"saniye-cinsinden-sure-2","status":"publish","type":"page","link":"https:\/\/exceladvisor.org\/tr\/saniye-cinsinden-sure-2\/","title":{"rendered":"Zaman\u0131n de\u011feri saniyeye nas\u0131l d\u00f6n\u00fc\u015ft\u00fcr\u00fcl\u00fcr?"},"content":{"rendered":"<div class=\"excel-icerikten-once\" id=\"excel-3162733938\"><script type=\"text\/javascript\">\r\n\tatOptions = {\r\n\t\t'key' : 'c1158f160081d6540a8409e6925dab94',\r\n\t\t'format' : 'iframe',\r\n\t\t'height' : 250,\r\n\t\t'width' : 300,\r\n\t\t'params' : {}\r\n\t};\r\n<\/script>\r\n<script type=\"text\/javascript\" src=\"\/\/www.highperformanceformat.com\/c1158f160081d6540a8409e6925dab94\/invoke.js\"><\/script><\/div> <p>Excel&#8217;de bir saati saniyeye d\u00f6n\u00fc\u015ft\u00fcrmek i\u00e7in bu de\u011feri 86400 ile \u00e7arpman\u0131z gerekir. Bu, tek bir g\u00fcnde sahip oldu\u011fumuz toplam saniye say\u0131s\u0131d\u0131r ve Excel, zaman\u0131 ondal\u0131k say\u0131 olarak saklar (1, 24 saate e\u015fittir). Art\u0131k s\u00fcreyi toplam saniye say\u0131s\u0131yla \u00e7arpt\u0131\u011f\u0131n\u0131zda, o zamana dayal\u0131 saniye say\u0131s\u0131n\u0131 d\u00f6nd\u00fcr\u00fcr. <\/p><div class=\"wp-block-image\"><figure class=\"aligncenter size-full is-resized\"><img loading=\"lazy\" decoding=\"async\" class=\"wp-image-79546\" src=\"https:\/\/exceladvisor.org\/wp-content\/uploads\/2023\/08\/1-convertir-les-valeurs-de-temps-en-secondes.png\" sizes=\"auto, \" srcset=\"\" alt=\"zaman de\u011ferlerini saniyeye d\u00f6n\u00fc\u015ft\u00fcr\" width=\"518\" height=\"292\"><\/figure><\/div><h2 class=\"wp-block-heading\"> Zaman\u0131 saniyeye \u00e7eviren form\u00fcl<\/h2><p> A\u015fa\u011f\u0131daki ad\u0131mlar\u0131 kullanabilirsiniz:<\/p><ol type=\"1\"><li> \u0130lk \u00f6nce e\u015fittir operat\u00f6r\u00fcn\u00fc (=) girin.<\/li><li> Daha sonra, zaman de\u011ferinin bulundu\u011fu h\u00fccreye bak\u0131n.<\/li><li> \u015eimdi \u00e7arpmak i\u00e7in y\u0131ld\u0131z i\u015faretini girin.<\/li><li> Bundan sonra 86400&#8217;\u00fc girin.<\/li><li> Sonunda sonucu almak i\u00e7in Enter tu\u015funa bas\u0131n. <\/li><\/ol><div class=\"wp-block-image\"><figure class=\"aligncenter size-full is-resized\"><img loading=\"lazy\" decoding=\"async\" class=\"wp-image-79547\" src=\"https:\/\/exceladvisor.org\/wp-content\/uploads\/2023\/08\/2-formules-pour-convertir-le-temps-en-secondes.png\" sizes=\"auto, \" srcset=\"\" alt=\"zaman\u0131 saniyeye d\u00f6n\u00fc\u015ft\u00fcrme form\u00fcl\u00fc\" width=\"551\" height=\"264\"><\/figure><\/div><pre class=\"wp-block-code\"> <code class=\"language-excel-formula\" lang=\"excel-formula\">=A1*86400<\/code><\/pre><p> Yukar\u0131daki form\u00fcl\u00fc bir h\u00fccreye girdi\u011finizde, h\u00fccrenin say\u0131sal de\u011ferini alabilmeniz i\u00e7in &#8221; <strong>Genel<\/strong> &#8221; h\u00fccre format\u0131na sahip olman\u0131z gerekir. <\/p><div class=\"wp-block-image\"><figure class=\"aligncenter size-full is-resized\"><img loading=\"lazy\" decoding=\"async\" class=\"wp-image-79548\" src=\"https:\/\/exceladvisor.org\/wp-content\/uploads\/2023\/08\/3-appliquer-la-mise-en-forme-generale-a-la-cellule-2.png\" sizes=\"auto, \" srcset=\"\" alt=\"genel-bi\u00e7imlendirmeyi-h\u00fccreye-uygula\" width=\"624\" height=\"311\"><\/figure><\/div><h2 class=\"wp-block-heading\"> Toplam s\u00fcreyi saniyeye d\u00f6n\u00fc\u015ft\u00fcr<\/h2><p> Birden fazla zaman de\u011ferinin toplam\u0131 olan bir zaman de\u011feriniz varsa yine ayn\u0131 form\u00fcl\u00fc kullanabilirsiniz. <\/p><div class=\"wp-block-image\"><figure class=\"aligncenter size-full is-resized\"><img loading=\"lazy\" decoding=\"async\" class=\"wp-image-79549\" src=\"https:\/\/exceladvisor.org\/wp-content\/uploads\/2023\/08\/4-convertir-le-temps-total-en-secondes.png\" sizes=\"auto, \" srcset=\"\" alt=\"toplam zaman\u0131 saniyeye d\u00f6n\u00fc\u015ft\u00fcr\" width=\"395\" height=\"355\"><\/figure><\/div><p> A3 h\u00fccresinde toplam\u0131m\u0131z var ve A5 h\u00fccresinde zaman de\u011ferinden toplam saniye say\u0131s\u0131n\u0131 elde etmek i\u00e7in ayn\u0131 form\u00fcl\u00fc kulland\u0131k. <\/p><div class=\"wp-block-image\"><figure class=\"aligncenter size-full is-resized\"><img loading=\"lazy\" decoding=\"async\" class=\"wp-image-79550\" src=\"https:\/\/exceladvisor.org\/wp-content\/uploads\/2023\/08\/5-secondes-au-total-a-partir-de-la-valeur-de-temps.png\" sizes=\"auto, \" srcset=\"\" alt=\"zaman-de\u011ferinden beri-toplam-saniye\" width=\"350\" height=\"382\"><\/figure><\/div><div class=\"gb-container gb-container-52dfcee1 gb-container-sample-file\"><h2 class=\"gb-headline gb-headline-e289c143 gb-headline-text gb-headline-4f7959c2\"> Excel dosyas\u0131n\u0131 al\u0131n<\/h2> <a class=\"gb-button gb-button-e88d6bee gb-button-text gb-button-button1\" href=\"https:\/\/exceladvisor.org\/wp-content\/uploads\/2023\/08\/temps-en-secondes.xlsx\" rel=\"nofollow\">\u0130ndirmek<\/a> <\/div><div class=\"wp-block-group more-tutorials is-layout-flow\"><div class=\"wp-block-group__inner-container\"><h2 class=\"wp-block-heading\"> Daha fazla form\u00fcl<\/h2><ul><li> <a href=\"https:\/\/exceladvisor.org\/tr\/zamana-saat-ekleyin\/\">Excel&#8217;de zamana saat ekleme<\/a><\/li><li> <a href=\"https:\/\/exceladvisor.org\/tr\/zamana-dakika-ekleyin\/\">Excel&#8217;de zamana dakika ekleme<\/a><\/li><li> <a href=\"https:\/\/exceladvisor.org\/tr\/saat-farkini-hesapla\/\">Excel&#8217;de iki saat aras\u0131ndaki zaman fark\u0131n\u0131 hesaplay\u0131n<\/a><\/li><li> <a href=\"https:\/\/exceladvisor.org\/tr\/saat-formatini-degistir\/\">Excel&#8217;de saat bi\u00e7imini de\u011fi\u015ftirme<\/a><\/li><li> <a href=\"https:\/\/exceladvisor.org\/tr\/askeri-zaman\/\">Excel&#8217;de askeri s\u00fcre (alma ve \u00e7\u0131karma)<\/a><\/li><\/ul><p> \u21e0 <a href=\"https:\/\/exceladvisor.org\/tr\/formuller\/\">100&#8217;den fazla Excel form\u00fcl\u00fc listesine geri d\u00f6n (temel + geli\u015fmi\u015f)<\/a><\/p><\/div><\/div>","protected":false},"excerpt":{"rendered":"","protected":false},"author":1,"featured_media":0,"parent":0,"menu_order":0,"comment_status":"open","ping_status":"closed","template":"","meta":{"ub_ctt_via":"","footnotes":""},"class_list":["post-1704","page","type-page","status-publish","hentry"],"featured_image_src":null,"yoast_head":"<!-- This site is optimized with the Yoast SEO plugin v25.4 - https:\/\/yoast.com\/wordpress\/plugins\/seo\/ -->\n<title>\u25b7 Zaman\u0131n de\u011feri saniyeye nas\u0131l \u00e7evrilir?<\/title>\n<meta name=\"description\" content=\"Bu e\u011fitim bize bir zaman de\u011ferini saniyeye d\u00f6n\u00fc\u015ft\u00fcrmek i\u00e7in bir Excel form\u00fcl\u00fcn\u00fcn nas\u0131l yaz\u0131laca\u011f\u0131n\u0131 \u00f6\u011fretecektir. Bunu kontrol edelim\u2026\" \/>\n<meta name=\"robots\" content=\"index, follow, max-snippet:-1, max-image-preview:large, max-video-preview:-1\" \/>\n<link rel=\"canonical\" href=\"https:\/\/exceladvisor.org\/tr\/saniye-cinsinden-sure-2\/\" \/>\n<meta property=\"og:locale\" content=\"tr_TR\" \/>\n<meta property=\"og:type\" content=\"article\" \/>\n<meta property=\"og:title\" content=\"\u25b7 Zaman\u0131n de\u011feri saniyeye nas\u0131l \u00e7evrilir?\" \/>\n<meta property=\"og:description\" content=\"Bu e\u011fitim bize bir zaman de\u011ferini saniyeye d\u00f6n\u00fc\u015ft\u00fcrmek i\u00e7in bir Excel form\u00fcl\u00fcn\u00fcn nas\u0131l yaz\u0131laca\u011f\u0131n\u0131 \u00f6\u011fretecektir. Bunu kontrol edelim\u2026\" \/>\n<meta property=\"og:url\" content=\"https:\/\/exceladvisor.org\/tr\/saniye-cinsinden-sure-2\/\" \/>\n<meta property=\"og:site_name\" content=\"Excel Advisor\" \/>\n<meta property=\"article:modified_time\" content=\"2023-12-10T06:08:15+00:00\" \/>\n<meta property=\"og:image\" content=\"https:\/\/exceladvisor.org\/wp-content\/uploads\/2023\/08\/1-convertir-les-valeurs-de-temps-en-secondes.png\" \/>\n<meta name=\"twitter:card\" content=\"summary_large_image\" \/>\n<meta name=\"twitter:label1\" content=\"Tahmini okuma s\u00fcresi\" \/>\n\t<meta name=\"twitter:data1\" content=\"1 dakika\" \/>\n<script type=\"application\/ld+json\" class=\"yoast-schema-graph\">{\"@context\":\"https:\/\/schema.org\",\"@graph\":[{\"@type\":\"WebPage\",\"@id\":\"https:\/\/exceladvisor.org\/tr\/saniye-cinsinden-sure-2\/\",\"url\":\"https:\/\/exceladvisor.org\/tr\/saniye-cinsinden-sure-2\/\",\"name\":\"\u25b7 Zaman\u0131n de\u011feri saniyeye nas\u0131l \u00e7evrilir?\",\"isPartOf\":{\"@id\":\"https:\/\/exceladvisor.org\/tr\/#website\"},\"primaryImageOfPage\":{\"@id\":\"https:\/\/exceladvisor.org\/tr\/saniye-cinsinden-sure-2\/#primaryimage\"},\"image\":{\"@id\":\"https:\/\/exceladvisor.org\/tr\/saniye-cinsinden-sure-2\/#primaryimage\"},\"thumbnailUrl\":\"https:\/\/exceladvisor.org\/wp-content\/uploads\/2023\/08\/1-convertir-les-valeurs-de-temps-en-secondes.png\",\"datePublished\":\"2023-11-10T16:37:58+00:00\",\"dateModified\":\"2023-12-10T06:08:15+00:00\",\"description\":\"Bu e\u011fitim bize bir zaman de\u011ferini saniyeye d\u00f6n\u00fc\u015ft\u00fcrmek i\u00e7in bir Excel form\u00fcl\u00fcn\u00fcn nas\u0131l yaz\u0131laca\u011f\u0131n\u0131 \u00f6\u011fretecektir. Bunu kontrol edelim\u2026\",\"breadcrumb\":{\"@id\":\"https:\/\/exceladvisor.org\/tr\/saniye-cinsinden-sure-2\/#breadcrumb\"},\"inLanguage\":\"tr\",\"potentialAction\":[{\"@type\":\"ReadAction\",\"target\":[\"https:\/\/exceladvisor.org\/tr\/saniye-cinsinden-sure-2\/\"]}]},{\"@type\":\"ImageObject\",\"inLanguage\":\"tr\",\"@id\":\"https:\/\/exceladvisor.org\/tr\/saniye-cinsinden-sure-2\/#primaryimage\",\"url\":\"https:\/\/exceladvisor.org\/wp-content\/uploads\/2023\/08\/1-convertir-les-valeurs-de-temps-en-secondes.png\",\"contentUrl\":\"https:\/\/exceladvisor.org\/wp-content\/uploads\/2023\/08\/1-convertir-les-valeurs-de-temps-en-secondes.png\"},{\"@type\":\"BreadcrumbList\",\"@id\":\"https:\/\/exceladvisor.org\/tr\/saniye-cinsinden-sure-2\/#breadcrumb\",\"itemListElement\":[{\"@type\":\"ListItem\",\"position\":1,\"name\":\"Ev\",\"item\":\"https:\/\/exceladvisor.org\/tr\/\"},{\"@type\":\"ListItem\",\"position\":2,\"name\":\"Zaman\u0131n de\u011feri saniyeye nas\u0131l d\u00f6n\u00fc\u015ft\u00fcr\u00fcl\u00fcr?\"}]},{\"@type\":\"WebSite\",\"@id\":\"https:\/\/exceladvisor.org\/tr\/#website\",\"url\":\"https:\/\/exceladvisor.org\/tr\/\",\"name\":\"Excel Advisor\",\"description\":\"Veri hakimiyetine y\u00f6nelik nihai rehberiniz!\",\"publisher\":{\"@id\":\"https:\/\/exceladvisor.org\/tr\/#organization\"},\"potentialAction\":[{\"@type\":\"SearchAction\",\"target\":{\"@type\":\"EntryPoint\",\"urlTemplate\":\"https:\/\/exceladvisor.org\/tr\/?s={search_term_string}\"},\"query-input\":{\"@type\":\"PropertyValueSpecification\",\"valueRequired\":true,\"valueName\":\"search_term_string\"}}],\"inLanguage\":\"tr\"},{\"@type\":\"Organization\",\"@id\":\"https:\/\/exceladvisor.org\/tr\/#organization\",\"name\":\"Excel Advisor\",\"url\":\"https:\/\/exceladvisor.org\/tr\/\",\"logo\":{\"@type\":\"ImageObject\",\"inLanguage\":\"tr\",\"@id\":\"https:\/\/exceladvisor.org\/tr\/#\/schema\/logo\/image\/\",\"url\":\"https:\/\/exceladvisor.org\/tr\/wp-content\/uploads\/2023\/12\/exceladvisor.org_.png\",\"contentUrl\":\"https:\/\/exceladvisor.org\/tr\/wp-content\/uploads\/2023\/12\/exceladvisor.org_.png\",\"width\":105,\"height\":36,\"caption\":\"Excel Advisor\"},\"image\":{\"@id\":\"https:\/\/exceladvisor.org\/tr\/#\/schema\/logo\/image\/\"}}]}<\/script>\n<!-- \/ Yoast SEO plugin. -->","yoast_head_json":{"title":"\u25b7 Zaman\u0131n de\u011feri saniyeye nas\u0131l \u00e7evrilir?","description":"Bu e\u011fitim bize bir zaman de\u011ferini saniyeye d\u00f6n\u00fc\u015ft\u00fcrmek i\u00e7in bir Excel form\u00fcl\u00fcn\u00fcn nas\u0131l yaz\u0131laca\u011f\u0131n\u0131 \u00f6\u011fretecektir. Bunu kontrol edelim\u2026","robots":{"index":"index","follow":"follow","max-snippet":"max-snippet:-1","max-image-preview":"max-image-preview:large","max-video-preview":"max-video-preview:-1"},"canonical":"https:\/\/exceladvisor.org\/tr\/saniye-cinsinden-sure-2\/","og_locale":"tr_TR","og_type":"article","og_title":"\u25b7 Zaman\u0131n de\u011feri saniyeye nas\u0131l \u00e7evrilir?","og_description":"Bu e\u011fitim bize bir zaman de\u011ferini saniyeye d\u00f6n\u00fc\u015ft\u00fcrmek i\u00e7in bir Excel form\u00fcl\u00fcn\u00fcn nas\u0131l yaz\u0131laca\u011f\u0131n\u0131 \u00f6\u011fretecektir. Bunu kontrol edelim\u2026","og_url":"https:\/\/exceladvisor.org\/tr\/saniye-cinsinden-sure-2\/","og_site_name":"Excel Advisor","article_modified_time":"2023-12-10T06:08:15+00:00","og_image":[{"url":"https:\/\/exceladvisor.org\/wp-content\/uploads\/2023\/08\/1-convertir-les-valeurs-de-temps-en-secondes.png","type":"","width":"","height":""}],"twitter_card":"summary_large_image","twitter_misc":{"Tahmini okuma s\u00fcresi":"1 dakika"},"schema":{"@context":"https:\/\/schema.org","@graph":[{"@type":"WebPage","@id":"https:\/\/exceladvisor.org\/tr\/saniye-cinsinden-sure-2\/","url":"https:\/\/exceladvisor.org\/tr\/saniye-cinsinden-sure-2\/","name":"\u25b7 Zaman\u0131n de\u011feri saniyeye nas\u0131l \u00e7evrilir?","isPartOf":{"@id":"https:\/\/exceladvisor.org\/tr\/#website"},"primaryImageOfPage":{"@id":"https:\/\/exceladvisor.org\/tr\/saniye-cinsinden-sure-2\/#primaryimage"},"image":{"@id":"https:\/\/exceladvisor.org\/tr\/saniye-cinsinden-sure-2\/#primaryimage"},"thumbnailUrl":"https:\/\/exceladvisor.org\/wp-content\/uploads\/2023\/08\/1-convertir-les-valeurs-de-temps-en-secondes.png","datePublished":"2023-11-10T16:37:58+00:00","dateModified":"2023-12-10T06:08:15+00:00","description":"Bu e\u011fitim bize bir zaman de\u011ferini saniyeye d\u00f6n\u00fc\u015ft\u00fcrmek i\u00e7in bir Excel form\u00fcl\u00fcn\u00fcn nas\u0131l yaz\u0131laca\u011f\u0131n\u0131 \u00f6\u011fretecektir. Bunu kontrol edelim\u2026","breadcrumb":{"@id":"https:\/\/exceladvisor.org\/tr\/saniye-cinsinden-sure-2\/#breadcrumb"},"inLanguage":"tr","potentialAction":[{"@type":"ReadAction","target":["https:\/\/exceladvisor.org\/tr\/saniye-cinsinden-sure-2\/"]}]},{"@type":"ImageObject","inLanguage":"tr","@id":"https:\/\/exceladvisor.org\/tr\/saniye-cinsinden-sure-2\/#primaryimage","url":"https:\/\/exceladvisor.org\/wp-content\/uploads\/2023\/08\/1-convertir-les-valeurs-de-temps-en-secondes.png","contentUrl":"https:\/\/exceladvisor.org\/wp-content\/uploads\/2023\/08\/1-convertir-les-valeurs-de-temps-en-secondes.png"},{"@type":"BreadcrumbList","@id":"https:\/\/exceladvisor.org\/tr\/saniye-cinsinden-sure-2\/#breadcrumb","itemListElement":[{"@type":"ListItem","position":1,"name":"Ev","item":"https:\/\/exceladvisor.org\/tr\/"},{"@type":"ListItem","position":2,"name":"Zaman\u0131n de\u011feri saniyeye nas\u0131l d\u00f6n\u00fc\u015ft\u00fcr\u00fcl\u00fcr?"}]},{"@type":"WebSite","@id":"https:\/\/exceladvisor.org\/tr\/#website","url":"https:\/\/exceladvisor.org\/tr\/","name":"Excel Advisor","description":"Veri hakimiyetine y\u00f6nelik nihai rehberiniz!","publisher":{"@id":"https:\/\/exceladvisor.org\/tr\/#organization"},"potentialAction":[{"@type":"SearchAction","target":{"@type":"EntryPoint","urlTemplate":"https:\/\/exceladvisor.org\/tr\/?s={search_term_string}"},"query-input":{"@type":"PropertyValueSpecification","valueRequired":true,"valueName":"search_term_string"}}],"inLanguage":"tr"},{"@type":"Organization","@id":"https:\/\/exceladvisor.org\/tr\/#organization","name":"Excel Advisor","url":"https:\/\/exceladvisor.org\/tr\/","logo":{"@type":"ImageObject","inLanguage":"tr","@id":"https:\/\/exceladvisor.org\/tr\/#\/schema\/logo\/image\/","url":"https:\/\/exceladvisor.org\/tr\/wp-content\/uploads\/2023\/12\/exceladvisor.org_.png","contentUrl":"https:\/\/exceladvisor.org\/tr\/wp-content\/uploads\/2023\/12\/exceladvisor.org_.png","width":105,"height":36,"caption":"Excel Advisor"},"image":{"@id":"https:\/\/exceladvisor.org\/tr\/#\/schema\/logo\/image\/"}}]}},"yoast_meta":{"yoast_wpseo_title":"","yoast_wpseo_metadesc":"","yoast_wpseo_canonical":""},"_links":{"self":[{"href":"https:\/\/exceladvisor.org\/tr\/wp-json\/wp\/v2\/pages\/1704","targetHints":{"allow":["GET"]}}],"collection":[{"href":"https:\/\/exceladvisor.org\/tr\/wp-json\/wp\/v2\/pages"}],"about":[{"href":"https:\/\/exceladvisor.org\/tr\/wp-json\/wp\/v2\/types\/page"}],"author":[{"embeddable":true,"href":"https:\/\/exceladvisor.org\/tr\/wp-json\/wp\/v2\/users\/1"}],"replies":[{"embeddable":true,"href":"https:\/\/exceladvisor.org\/tr\/wp-json\/wp\/v2\/comments?post=1704"}],"version-history":[{"count":1,"href":"https:\/\/exceladvisor.org\/tr\/wp-json\/wp\/v2\/pages\/1704\/revisions"}],"predecessor-version":[{"id":2977,"href":"https:\/\/exceladvisor.org\/tr\/wp-json\/wp\/v2\/pages\/1704\/revisions\/2977"}],"wp:attachment":[{"href":"https:\/\/exceladvisor.org\/tr\/wp-json\/wp\/v2\/media?parent=1704"}],"curies":[{"name":"wp","href":"https:\/\/api.w.org\/{rel}","templated":true}]}}