{"id":1706,"date":"2023-11-10T10:28:08","date_gmt":"2023-11-10T10:28:08","guid":{"rendered":"https:\/\/exceladvisor.org\/tr\/karakterleri-say-2\/"},"modified":"2023-12-10T06:01:18","modified_gmt":"2023-12-10T06:01:18","slug":"karakterleri-say-2","status":"publish","type":"page","link":"https:\/\/exceladvisor.org\/tr\/karakterleri-say-2\/","title":{"rendered":"Excel&#39;de karakterler nas\u0131l say\u0131l\u0131r?"},"content":{"rendered":"<div class=\"excel-icerikten-once\" id=\"excel-4246468488\"><script type=\"text\/javascript\">\r\n\tatOptions = {\r\n\t\t'key' : 'c1158f160081d6540a8409e6925dab94',\r\n\t\t'format' : 'iframe',\r\n\t\t'height' : 250,\r\n\t\t'width' : 300,\r\n\t\t'params' : {}\r\n\t};\r\n<\/script>\r\n<script type=\"text\/javascript\" src=\"\/\/www.highperformanceformat.com\/c1158f160081d6540a8409e6925dab94\/invoke.js\"><\/script><\/div> <p>Bu derste, bir h\u00fccredeki veya h\u00fccre aral\u0131\u011f\u0131ndaki karakter say\u0131s\u0131n\u0131 saymak i\u00e7in Excel&#8217;de farkl\u0131 form\u00fcllerin nas\u0131l yaz\u0131laca\u011f\u0131n\u0131 \u00f6\u011frenece\u011fiz.<\/p><h2 class=\"wp-block-heading\"> Tek bir h\u00fccredeki karakterleri say\u0131n<\/h2><p> Bir h\u00fccredeki karakterleri saymak i\u00e7in say\u0131y\u0131 almak istedi\u011finiz h\u00fccreye UZUNLUK fonksiyonunu girmeniz gerekir. Bundan sonra (A1) h\u00fccresine bak\u0131n. Sonunda, say\u0131m\u0131 almak i\u00e7in Enter tu\u015funa bas\u0131n. Birden fazla h\u00fccreniz varsa ayn\u0131 form\u00fcl\u00fc bu h\u00fccrelere de uygulayabilirsiniz.<\/p><pre class=\"wp-block-code\"> <code class=\"language-excel-formula\" lang=\"excel-formula\">=LEN(B1)<\/code><\/pre><h2 class=\"wp-block-heading\"> Bo\u015fluksuz karakterleri say<\/h2><p> Bir h\u00fccrede bir veya birden fazla bo\u015fluk varsa, bu durumda UZUNLUK ve SUBSTITUTE kombinasyonunu kulland\u0131\u011f\u0131m\u0131z a\u015fa\u011f\u0131daki form\u00fcl\u00fc kullanabilirsiniz. <\/p><div class=\"wp-block-image\"><figure class=\"aligncenter size-full is-resized\"><img loading=\"lazy\" decoding=\"async\" class=\"wp-image-79309\" src=\"https:\/\/exceladvisor.org\/wp-content\/uploads\/2023\/08\/2-chiffres-sans-espaces.png\" sizes=\"auto, \" srcset=\"\" alt=\"bo\u015fluksuz-karakterleri say\" width=\"525\" height=\"269\"><\/figure><\/div><pre class=\"wp-block-code\"> <code class=\"language-excel-formula\" lang=\"excel-formula\">=LEN(SUBSTITUTE(A1,\" \",\"\"))<\/code><\/pre><p> Bu form\u00fclde &#8220;Merhaba&#8221; ile &#8220;D\u00fcnya!&#8221; aras\u0131nda bulunan bo\u015flu\u011fu de\u011fi\u015ftirmek i\u00e7in SUBSTITUTE&#8217;u kulland\u0131k. \u00bb bo\u015f bir de\u011ferle.<\/p><h2 class=\"wp-block-heading\"> Bir aral\u0131ktaki karakterleri sayma<\/h2><p> Belirli bir h\u00fccre aral\u0131\u011f\u0131n\u0131z varsa ve bu aral\u0131\u011f\u0131n tamam\u0131ndaki karakterleri saymak istiyorsan\u0131z, SUMproduct ve LEN kombinasyonunu kullanabilirsiniz.<\/p><pre class=\"wp-block-code\"> <code class=\"language-excel-formula\" lang=\"excel-formula\">=SUMPRODUCT(LEN(A1:A3))<\/code><\/pre><p> SUMproduct kulland\u0131\u011f\u0131n\u0131zda tek h\u00fccrede tablo alabilir. Bu \u015fekilde aral\u0131ktaki t\u00fcm h\u00fccrelerin (3) de\u011ferini al\u0131r. SUMproduct aras\u0131nda ise LEN karakter say\u0131s\u0131n\u0131 al\u0131r.<\/p><p> De\u011ferde bo\u015fluk bulunan bir h\u00fccreniz veya birden fazla h\u00fccreniz varsa ve karakterleri sayarken bu bo\u015flu\u011fu saymak istemiyorsan\u0131z. SUMproduct, LEN ve SUBSTITUTE kombinasyonunu olu\u015fturmal\u0131s\u0131n\u0131z.<\/p><p> Yukar\u0131daki \u00f6rnekte karakter say\u0131s\u0131n\u0131 al\u0131rken bo\u015fluk ekledi\u011finizde 36 say\u0131s\u0131n\u0131 elde ediyoruz. Ancak form\u00fcl\u00fc kulland\u0131\u011f\u0131m\u0131zda (TOPLAM, SUBSTITUTE ve UZUNLUK).<\/p><pre class=\"wp-block-code\"> <code class=\"language-excel-formula\" lang=\"excel-formula\">=SUMPRODUCT(LEN(SUBSTITUTE(A1:A3,\" \",\"\")))<\/code><\/pre><h2 class=\"wp-block-heading\"> Bir h\u00fccreden veya aral\u0131ktan belirli bir karakteri say\u0131n<\/h2><p> Diyelim ki bir h\u00fccreden belirli bir karakterin say\u0131s\u0131n\u0131 almak istiyorsunuz, bunu LEN ve SUBSTITUTE&#8217;u birle\u015ftirerek yapabilirsiniz. <\/p><div class=\"wp-block-image\"><figure class=\"aligncenter size-full is-resized\"><img loading=\"lazy\" decoding=\"async\" class=\"wp-image-79312\" src=\"https:\/\/exceladvisor.org\/wp-content\/uploads\/2023\/08\/5-compter-un-caractere-specifique.png\" sizes=\"auto, \" srcset=\"\" alt=\"belirli bir karakter saymak\" width=\"593\" height=\"302\"><\/figure><\/div><p> Yukar\u0131daki \u00f6rnekte h\u00fccredeki y\u0131ld\u0131z i\u015faretini (*) saymak i\u00e7in form\u00fcl\u00fc kulland\u0131k. <\/p><pre class=\"wp-block-code\"> <code class=\"language-excel-formula\" lang=\"excel-formula\">=LEN(A1)-LEN(SUBSTITUTE(A1,\"*\",\"\"))<\/code><\/pre><div class=\"wp-block-image\"><figure class=\"aligncenter size-full is-resized\"><img loading=\"lazy\" decoding=\"async\" class=\"wp-image-79313\" src=\"https:\/\/exceladvisor.org\/wp-content\/uploads\/2023\/08\/6-comprendre-len-et-remplacer-la-fonction.png\" sizes=\"auto, \" srcset=\"\" alt=\"anla-len-ve-yerine-i\u015flevi\" width=\"549\" height=\"118\"><\/figure><\/div><p> Bu i\u015flev iki b\u00f6l\u00fcmde \u00e7al\u0131\u015f\u0131r:<\/p><ul><li> \u0130lk b\u00f6l\u00fcmde h\u00fccredeki toplam karakter say\u0131s\u0131n\u0131 alan LEN i\u015flevine sahipsiniz.<\/li><li> \u0130kinci b\u00f6l\u00fcmde, (*) de\u011ferini de\u011fersiz olarak de\u011fi\u015ftiren SUBSTITUTE&#8217;a sahipsiniz. Bundan sonra LEN, y\u0131ld\u0131z i\u015fareti olmayan karakter say\u0131s\u0131n\u0131 d\u00f6nd\u00fcr\u00fcr.<\/li><\/ul><p> Sonu\u00e7ta biri (*) olan, di\u011feri (*) olmayan iki hesab\u0131n\u0131z var. Ve ikisini \u00e7\u0131kard\u0131\u011f\u0131n\u0131zda sonu\u00e7taki (*) say\u0131s\u0131n\u0131 elde edersiniz.<\/p><p> Benzer \u015fekilde, bir h\u00fccre aral\u0131\u011f\u0131ndan belirli bir karakteri saymak istiyorsan\u0131z ve yukar\u0131daki form\u00fcl\u00fc SUMproduct i\u015flevine sarman\u0131z ve tek bir h\u00fccre yerine aral\u0131\u011f\u0131n tamam\u0131na ba\u015fvurman\u0131z gerekiyorsa. <\/p><pre class=\"wp-block-code\"> <code class=\"language-excel-formula\" lang=\"excel-formula\">=SUMPRODUCT(LEN(A1:A7)-LEN(SUBSTITUTE(A1:A7,\"*\",\"\")))<\/code><\/pre><div class=\"wp-block-image\"><figure class=\"aligncenter size-full is-resized\"><img loading=\"lazy\" decoding=\"async\" class=\"wp-image-79314\" src=\"https:\/\/exceladvisor.org\/wp-content\/uploads\/2023\/08\/7-sumproduct-et-fonction-len.png\" sizes=\"auto, \" srcset=\"\" alt=\"toplam-ve-len-fonksiyonu\" width=\"574\" height=\"402\"><\/figure><\/div><p> SUMproduct kulland\u0131\u011f\u0131n\u0131zda aral\u0131\u011f\u0131n tamam\u0131n\u0131 tablo olarak al\u0131r ve tek h\u00fccre yerine t\u00fcm aral\u0131\u011f\u0131n form\u00fcl\u00fcn\u00fc kullan\u0131r. Bunun anlam\u0131:<\/p><p> \u0130lk b\u00f6l\u00fcmde t\u00fcm aral\u0131\u011f\u0131n toplam karakter say\u0131s\u0131n\u0131 al\u0131rs\u0131n\u0131z, ikinci b\u00f6l\u00fcmde ise SUBSTITUTE, (*) i\u015faretini kald\u0131r\u0131n ve LEN say\u0131y\u0131 al\u0131r. Daha sonra her iki say\u0131y\u0131 da \u00e7\u0131kararak sonu\u00e7taki belirli karakterin say\u0131s\u0131n\u0131 elde edersiniz. <\/p><div class=\"gb-container gb-container-52dfcee1 gb-container-sample-file\"><h2 class=\"gb-headline gb-headline-e289c143 gb-headline-text gb-headline-4f7959c2\"> Excel dosyas\u0131n\u0131 al\u0131n<\/h2><p> <a class=\"gb-button gb-button-e88d6bee gb-button-text gb-button-button1\" href=\"https:\/\/exceladvisor.org\/wp-content\/uploads\/2023\/11\/compter-les-caracteres.xlsx\" rel=\"nofollow\">\u0130ndirmek<\/a><\/p><\/div><div class=\"gb-container gb-container-0df56012 gb-container-mt\"> <a class=\"gb-button gb-button-f9f432f4 gb-button-text gb-button-mt-button\" href=\"https:\/\/exceladvisor.org\/tr\/formuller\/\">Excel form\u00fcllerinin listesi<\/a><h2 class=\"gb-headline gb-headline-233444e8 gb-headline-text gb-headline-mt-heading\"> \u0130lgili form\u00fcller <\/h2><div class=\"gb-grid-wrapper gb-grid-wrapper-a16fa65c gb-grid-wrapper-mt-grid\"><div class=\"gb-grid-column gb-grid-column-5b4a0cf9\"><div class=\"gb-container gb-container-5b4a0cf9\"><ul><li> <a href=\"https:\/\/exceladvisor.org\/tr\/rastgele-gruplar-olustur\/\">Rastgele gruplar olu\u015ftur<\/a><\/li><li> <a href=\"https:\/\/exceladvisor.org\/tr\/kanallari-karsilastir-2\/\">\u0130ki dizeyi kar\u015f\u0131la\u015ft\u0131r\u0131n (metin)<\/a><\/li><li> <a href=\"https:\/\/exceladvisor.org\/tr\/etki-alani-al\/\">E-posta kimli\u011finden alan ad\u0131n\u0131 al\u0131n<\/a><\/li><li> <a href=\"https:\/\/exceladvisor.org\/tr\/yalnizca-sayilari-cikar\/\">Bir metinden (dize) yaln\u0131zca say\u0131lar\u0131 \u00e7\u0131karma<\/a><\/li><li> <a href=\"https:\/\/exceladvisor.org\/tr\/once-sonra-metin\/\">Excel&#8217;de bir karakterin ard\u0131ndan ve \u00f6ncesindeki metni ay\u0131klama<\/a><\/li><\/ul><\/div><\/div><\/div><\/div>","protected":false},"excerpt":{"rendered":"","protected":false},"author":1,"featured_media":0,"parent":0,"menu_order":0,"comment_status":"open","ping_status":"closed","template":"","meta":{"ub_ctt_via":"","footnotes":""},"class_list":["post-1706","page","type-page","status-publish","hentry"],"featured_image_src":null,"yoast_head":"<!-- This site is optimized with the Yoast SEO plugin v25.4 - https:\/\/yoast.com\/wordpress\/plugins\/seo\/ -->\n<title>Excel&#039;de karakterler nas\u0131l say\u0131l\u0131r? (E\u011fitim 2023)<\/title>\n<meta name=\"description\" content=\"Bu e\u011fitim size bir h\u00fccredeki veya bir h\u00fccre aral\u0131\u011f\u0131ndaki karakterleri saymak i\u00e7in bir Excel form\u00fcl\u00fcn\u00fcn nas\u0131l yaz\u0131laca\u011f\u0131n\u0131 \u00f6\u011fretecektir.\" \/>\n<meta name=\"robots\" content=\"index, follow, max-snippet:-1, max-image-preview:large, max-video-preview:-1\" \/>\n<link rel=\"canonical\" href=\"https:\/\/exceladvisor.org\/tr\/karakterleri-say-2\/\" \/>\n<meta property=\"og:locale\" content=\"tr_TR\" \/>\n<meta property=\"og:type\" content=\"article\" \/>\n<meta property=\"og:title\" content=\"Excel&#039;de karakterler nas\u0131l say\u0131l\u0131r? (E\u011fitim 2023)\" \/>\n<meta property=\"og:description\" content=\"Bu e\u011fitim size bir h\u00fccredeki veya bir h\u00fccre aral\u0131\u011f\u0131ndaki karakterleri saymak i\u00e7in bir Excel form\u00fcl\u00fcn\u00fcn nas\u0131l yaz\u0131laca\u011f\u0131n\u0131 \u00f6\u011fretecektir.\" \/>\n<meta property=\"og:url\" content=\"https:\/\/exceladvisor.org\/tr\/karakterleri-say-2\/\" \/>\n<meta property=\"og:site_name\" content=\"Excel Advisor\" \/>\n<meta property=\"article:modified_time\" content=\"2023-12-10T06:01:18+00:00\" \/>\n<meta property=\"og:image\" content=\"https:\/\/exceladvisor.org\/wp-content\/uploads\/2023\/08\/2-chiffres-sans-espaces.png\" \/>\n<meta name=\"twitter:card\" content=\"summary_large_image\" \/>\n<meta name=\"twitter:label1\" content=\"Tahmini okuma s\u00fcresi\" \/>\n\t<meta name=\"twitter:data1\" content=\"3 dakika\" \/>\n<script type=\"application\/ld+json\" class=\"yoast-schema-graph\">{\"@context\":\"https:\/\/schema.org\",\"@graph\":[{\"@type\":\"WebPage\",\"@id\":\"https:\/\/exceladvisor.org\/tr\/karakterleri-say-2\/\",\"url\":\"https:\/\/exceladvisor.org\/tr\/karakterleri-say-2\/\",\"name\":\"Excel&#39;de karakterler nas\u0131l say\u0131l\u0131r? (E\u011fitim 2023)\",\"isPartOf\":{\"@id\":\"https:\/\/exceladvisor.org\/tr\/#website\"},\"primaryImageOfPage\":{\"@id\":\"https:\/\/exceladvisor.org\/tr\/karakterleri-say-2\/#primaryimage\"},\"image\":{\"@id\":\"https:\/\/exceladvisor.org\/tr\/karakterleri-say-2\/#primaryimage\"},\"thumbnailUrl\":\"https:\/\/exceladvisor.org\/wp-content\/uploads\/2023\/08\/2-chiffres-sans-espaces.png\",\"datePublished\":\"2023-11-10T10:28:08+00:00\",\"dateModified\":\"2023-12-10T06:01:18+00:00\",\"description\":\"Bu e\u011fitim size bir h\u00fccredeki veya bir h\u00fccre aral\u0131\u011f\u0131ndaki karakterleri saymak i\u00e7in bir Excel form\u00fcl\u00fcn\u00fcn nas\u0131l yaz\u0131laca\u011f\u0131n\u0131 \u00f6\u011fretecektir.\",\"breadcrumb\":{\"@id\":\"https:\/\/exceladvisor.org\/tr\/karakterleri-say-2\/#breadcrumb\"},\"inLanguage\":\"tr\",\"potentialAction\":[{\"@type\":\"ReadAction\",\"target\":[\"https:\/\/exceladvisor.org\/tr\/karakterleri-say-2\/\"]}]},{\"@type\":\"ImageObject\",\"inLanguage\":\"tr\",\"@id\":\"https:\/\/exceladvisor.org\/tr\/karakterleri-say-2\/#primaryimage\",\"url\":\"https:\/\/exceladvisor.org\/wp-content\/uploads\/2023\/08\/2-chiffres-sans-espaces.png\",\"contentUrl\":\"https:\/\/exceladvisor.org\/wp-content\/uploads\/2023\/08\/2-chiffres-sans-espaces.png\"},{\"@type\":\"BreadcrumbList\",\"@id\":\"https:\/\/exceladvisor.org\/tr\/karakterleri-say-2\/#breadcrumb\",\"itemListElement\":[{\"@type\":\"ListItem\",\"position\":1,\"name\":\"Ev\",\"item\":\"https:\/\/exceladvisor.org\/tr\/\"},{\"@type\":\"ListItem\",\"position\":2,\"name\":\"Excel&#39;de karakterler nas\u0131l say\u0131l\u0131r?\"}]},{\"@type\":\"WebSite\",\"@id\":\"https:\/\/exceladvisor.org\/tr\/#website\",\"url\":\"https:\/\/exceladvisor.org\/tr\/\",\"name\":\"Excel Advisor\",\"description\":\"Veri hakimiyetine y\u00f6nelik nihai rehberiniz!\",\"publisher\":{\"@id\":\"https:\/\/exceladvisor.org\/tr\/#organization\"},\"potentialAction\":[{\"@type\":\"SearchAction\",\"target\":{\"@type\":\"EntryPoint\",\"urlTemplate\":\"https:\/\/exceladvisor.org\/tr\/?s={search_term_string}\"},\"query-input\":{\"@type\":\"PropertyValueSpecification\",\"valueRequired\":true,\"valueName\":\"search_term_string\"}}],\"inLanguage\":\"tr\"},{\"@type\":\"Organization\",\"@id\":\"https:\/\/exceladvisor.org\/tr\/#organization\",\"name\":\"Excel Advisor\",\"url\":\"https:\/\/exceladvisor.org\/tr\/\",\"logo\":{\"@type\":\"ImageObject\",\"inLanguage\":\"tr\",\"@id\":\"https:\/\/exceladvisor.org\/tr\/#\/schema\/logo\/image\/\",\"url\":\"https:\/\/exceladvisor.org\/tr\/wp-content\/uploads\/2023\/12\/exceladvisor.org_.png\",\"contentUrl\":\"https:\/\/exceladvisor.org\/tr\/wp-content\/uploads\/2023\/12\/exceladvisor.org_.png\",\"width\":105,\"height\":36,\"caption\":\"Excel Advisor\"},\"image\":{\"@id\":\"https:\/\/exceladvisor.org\/tr\/#\/schema\/logo\/image\/\"}}]}<\/script>\n<!-- \/ Yoast SEO plugin. -->","yoast_head_json":{"title":"Excel&#39;de karakterler nas\u0131l say\u0131l\u0131r? (E\u011fitim 2023)","description":"Bu e\u011fitim size bir h\u00fccredeki veya bir h\u00fccre aral\u0131\u011f\u0131ndaki karakterleri saymak i\u00e7in bir Excel form\u00fcl\u00fcn\u00fcn nas\u0131l yaz\u0131laca\u011f\u0131n\u0131 \u00f6\u011fretecektir.","robots":{"index":"index","follow":"follow","max-snippet":"max-snippet:-1","max-image-preview":"max-image-preview:large","max-video-preview":"max-video-preview:-1"},"canonical":"https:\/\/exceladvisor.org\/tr\/karakterleri-say-2\/","og_locale":"tr_TR","og_type":"article","og_title":"Excel&#39;de karakterler nas\u0131l say\u0131l\u0131r? (E\u011fitim 2023)","og_description":"Bu e\u011fitim size bir h\u00fccredeki veya bir h\u00fccre aral\u0131\u011f\u0131ndaki karakterleri saymak i\u00e7in bir Excel form\u00fcl\u00fcn\u00fcn nas\u0131l yaz\u0131laca\u011f\u0131n\u0131 \u00f6\u011fretecektir.","og_url":"https:\/\/exceladvisor.org\/tr\/karakterleri-say-2\/","og_site_name":"Excel Advisor","article_modified_time":"2023-12-10T06:01:18+00:00","og_image":[{"url":"https:\/\/exceladvisor.org\/wp-content\/uploads\/2023\/08\/2-chiffres-sans-espaces.png","type":"","width":"","height":""}],"twitter_card":"summary_large_image","twitter_misc":{"Tahmini okuma s\u00fcresi":"3 dakika"},"schema":{"@context":"https:\/\/schema.org","@graph":[{"@type":"WebPage","@id":"https:\/\/exceladvisor.org\/tr\/karakterleri-say-2\/","url":"https:\/\/exceladvisor.org\/tr\/karakterleri-say-2\/","name":"Excel&#39;de karakterler nas\u0131l say\u0131l\u0131r? (E\u011fitim 2023)","isPartOf":{"@id":"https:\/\/exceladvisor.org\/tr\/#website"},"primaryImageOfPage":{"@id":"https:\/\/exceladvisor.org\/tr\/karakterleri-say-2\/#primaryimage"},"image":{"@id":"https:\/\/exceladvisor.org\/tr\/karakterleri-say-2\/#primaryimage"},"thumbnailUrl":"https:\/\/exceladvisor.org\/wp-content\/uploads\/2023\/08\/2-chiffres-sans-espaces.png","datePublished":"2023-11-10T10:28:08+00:00","dateModified":"2023-12-10T06:01:18+00:00","description":"Bu e\u011fitim size bir h\u00fccredeki veya bir h\u00fccre aral\u0131\u011f\u0131ndaki karakterleri saymak i\u00e7in bir Excel form\u00fcl\u00fcn\u00fcn nas\u0131l yaz\u0131laca\u011f\u0131n\u0131 \u00f6\u011fretecektir.","breadcrumb":{"@id":"https:\/\/exceladvisor.org\/tr\/karakterleri-say-2\/#breadcrumb"},"inLanguage":"tr","potentialAction":[{"@type":"ReadAction","target":["https:\/\/exceladvisor.org\/tr\/karakterleri-say-2\/"]}]},{"@type":"ImageObject","inLanguage":"tr","@id":"https:\/\/exceladvisor.org\/tr\/karakterleri-say-2\/#primaryimage","url":"https:\/\/exceladvisor.org\/wp-content\/uploads\/2023\/08\/2-chiffres-sans-espaces.png","contentUrl":"https:\/\/exceladvisor.org\/wp-content\/uploads\/2023\/08\/2-chiffres-sans-espaces.png"},{"@type":"BreadcrumbList","@id":"https:\/\/exceladvisor.org\/tr\/karakterleri-say-2\/#breadcrumb","itemListElement":[{"@type":"ListItem","position":1,"name":"Ev","item":"https:\/\/exceladvisor.org\/tr\/"},{"@type":"ListItem","position":2,"name":"Excel&#39;de karakterler nas\u0131l say\u0131l\u0131r?"}]},{"@type":"WebSite","@id":"https:\/\/exceladvisor.org\/tr\/#website","url":"https:\/\/exceladvisor.org\/tr\/","name":"Excel Advisor","description":"Veri hakimiyetine y\u00f6nelik nihai rehberiniz!","publisher":{"@id":"https:\/\/exceladvisor.org\/tr\/#organization"},"potentialAction":[{"@type":"SearchAction","target":{"@type":"EntryPoint","urlTemplate":"https:\/\/exceladvisor.org\/tr\/?s={search_term_string}"},"query-input":{"@type":"PropertyValueSpecification","valueRequired":true,"valueName":"search_term_string"}}],"inLanguage":"tr"},{"@type":"Organization","@id":"https:\/\/exceladvisor.org\/tr\/#organization","name":"Excel Advisor","url":"https:\/\/exceladvisor.org\/tr\/","logo":{"@type":"ImageObject","inLanguage":"tr","@id":"https:\/\/exceladvisor.org\/tr\/#\/schema\/logo\/image\/","url":"https:\/\/exceladvisor.org\/tr\/wp-content\/uploads\/2023\/12\/exceladvisor.org_.png","contentUrl":"https:\/\/exceladvisor.org\/tr\/wp-content\/uploads\/2023\/12\/exceladvisor.org_.png","width":105,"height":36,"caption":"Excel Advisor"},"image":{"@id":"https:\/\/exceladvisor.org\/tr\/#\/schema\/logo\/image\/"}}]}},"yoast_meta":{"yoast_wpseo_title":"","yoast_wpseo_metadesc":"","yoast_wpseo_canonical":""},"_links":{"self":[{"href":"https:\/\/exceladvisor.org\/tr\/wp-json\/wp\/v2\/pages\/1706","targetHints":{"allow":["GET"]}}],"collection":[{"href":"https:\/\/exceladvisor.org\/tr\/wp-json\/wp\/v2\/pages"}],"about":[{"href":"https:\/\/exceladvisor.org\/tr\/wp-json\/wp\/v2\/types\/page"}],"author":[{"embeddable":true,"href":"https:\/\/exceladvisor.org\/tr\/wp-json\/wp\/v2\/users\/1"}],"replies":[{"embeddable":true,"href":"https:\/\/exceladvisor.org\/tr\/wp-json\/wp\/v2\/comments?post=1706"}],"version-history":[{"count":1,"href":"https:\/\/exceladvisor.org\/tr\/wp-json\/wp\/v2\/pages\/1706\/revisions"}],"predecessor-version":[{"id":2501,"href":"https:\/\/exceladvisor.org\/tr\/wp-json\/wp\/v2\/pages\/1706\/revisions\/2501"}],"wp:attachment":[{"href":"https:\/\/exceladvisor.org\/tr\/wp-json\/wp\/v2\/media?parent=1706"}],"curies":[{"name":"wp","href":"https:\/\/api.w.org\/{rel}","templated":true}]}}