{"id":1707,"date":"2023-11-10T10:05:13","date_gmt":"2023-11-10T10:05:13","guid":{"rendered":"https:\/\/exceladvisor.org\/tr\/metin-tarihi-2\/"},"modified":"2023-12-10T06:02:42","modified_gmt":"2023-12-10T06:02:42","slug":"metin-tarihi-2","status":"publish","type":"page","link":"https:\/\/exceladvisor.org\/tr\/metin-tarihi-2\/","title":{"rendered":"Excel&#39;de tarihi metne nas\u0131l d\u00f6n\u00fc\u015ft\u00fcrebilirim?"},"content":{"rendered":"<div class=\"excel-icerikten-once\" id=\"excel-2363647759\"><script type=\"text\/javascript\">\r\n\tatOptions = {\r\n\t\t'key' : 'c1158f160081d6540a8409e6925dab94',\r\n\t\t'format' : 'iframe',\r\n\t\t'height' : 250,\r\n\t\t'width' : 300,\r\n\t\t'params' : {}\r\n\t};\r\n<\/script>\r\n<script type=\"text\/javascript\" src=\"\/\/www.highperformanceformat.com\/c1158f160081d6540a8409e6925dab94\/invoke.js\"><\/script><\/div> <p>Bildi\u011finiz gibi Excel, tarihi say\u0131 olarak saklar ve h\u00fccrede bunu tarih olarak g\u00f6r\u00fcnt\u00fclemek i\u00e7in tarih format\u0131na sahipsiniz. Tarihi metne d\u00f6n\u00fc\u015ft\u00fcrerek g\u00fcn ad\u0131, g\u00fcn numaras\u0131, ay ad\u0131 ve y\u0131l numaras\u0131n\u0131 alabilirsiniz. <\/p><div class=\"wp-block-image\"><figure class=\"aligncenter size-full is-resized\"><img loading=\"lazy\" decoding=\"async\" class=\"wp-image-79828\" src=\"https:\/\/exceladvisor.org\/wp-content\/uploads\/2023\/08\/1-convertir-la-date-en-texte.png\" sizes=\"auto, \" srcset=\"\" alt=\"tarihi metne d\u00f6n\u00fc\u015ft\u00fcr\" width=\"799\" height=\"218\"><\/figure><\/div><p> Bunu yapmak i\u00e7in MET\u0130N i\u015flevini kullanmak en iyisidir. Bu i\u015flev, bir tarihin bir b\u00f6l\u00fcm\u00fcn\u00fc (g\u00fcn, ay ve y\u0131l) metin bi\u00e7iminde \u00e7\u0131karman\u0131za olanak tan\u0131r. Bu derste, bu y\u00f6ntemin nas\u0131l kullan\u0131laca\u011f\u0131n\u0131 anlamak i\u00e7in baz\u0131 \u00f6rneklere bakaca\u011f\u0131z.<\/p><h2 class=\"wp-block-heading\"> MET\u0130N i\u015flevini kullanarak tarihi metne d\u00f6n\u00fc\u015ft\u00fcrme<\/h2><p> A\u015fa\u011f\u0131daki ad\u0131mlar\u0131 kullanabilirsiniz:<\/p><ol type=\"1\"><li> \u0130lk \u00f6nce bir h\u00fccreye MET\u0130N i\u015flevini girin.<\/li><li> Bundan sonra, ilk arg\u00fcmanda orijinal tarihe bak\u0131n.<\/li><li> Ard\u0131ndan \u00fc\u00e7\u00fcnc\u00fc arg\u00fcmana sonu\u00e7ta almak istedi\u011finiz tarihin format\u0131n\u0131 girin.<\/li><li> Sonunda kapatma parantezlerini girin ve sonucu almak i\u00e7in Enter tu\u015funa bas\u0131n. <\/li><\/ol><div class=\"wp-block-image\"><figure class=\"aligncenter size-full is-resized\"><img loading=\"lazy\" decoding=\"async\" class=\"wp-image-79829\" src=\"https:\/\/exceladvisor.org\/wp-content\/uploads\/2023\/08\/2-convertir-la-date-en-utilisant-la-fonction-de-texte.png\" sizes=\"auto, \" srcset=\"\" alt=\"metin-i\u015flevini kullanarak tarihi d\u00f6n\u00fc\u015ft\u00fcrme\" width=\"482\" height=\"269\"><\/figure><\/div><pre class=\"wp-block-code\"> <code class=\"language-excel-formula\" lang=\"excel-formula\">=TEXT(A1,\"dd-mmm-yy\")<\/code><\/pre><h2 class=\"wp-block-heading\"> Ay ad\u0131n\u0131 bir tarihten metin olarak al\u0131n<\/h2><p> TEXT i\u015flevinde, ilk arg\u00fcmanda ger\u00e7ek tarihe ba\u015fvurman\u0131z gerekir, ard\u0131ndan ikinci arg\u00fcmanda sonu\u00e7ta elde etmek istedi\u011finiz tarihin format\u0131n\u0131 belirtmeniz gerekir. <\/p><div class=\"wp-block-image\"><figure class=\"aligncenter size-full is-resized\"><img loading=\"lazy\" decoding=\"async\" class=\"wp-image-79830\" src=\"https:\/\/exceladvisor.org\/wp-content\/uploads\/2023\/08\/3-obtenir-le-nom-du-mois-sous-forme-de-texte.png\" sizes=\"auto, \" srcset=\"\" alt=\"ay\u0131n-ismini-metin olarak al\" width=\"487\" height=\"228\"><\/figure><\/div><p> Bu form\u00fclde \u201cMMMM\u201d format\u0131n\u0131 kulland\u0131k. Bu bi\u00e7im, TEXT i\u015flevine yaln\u0131zca tarihten itibaren tam ay ad\u0131n\u0131 metin olarak almas\u0131n\u0131 s\u00f6yler.<\/p><pre class=\"wp-block-code\"> <code class=\"language-excel-formula\" lang=\"excel-formula\">=TEXT(A1,\"MMMM\")<\/code><\/pre><p> Ay\u0131n k\u0131sa ad\u0131n\u0131 almak istiyorsan\u0131z format\u0131 &#8220;MMMM&#8221; yerine &#8220;MMM&#8221; olarak de\u011fi\u015ftirmeniz yeterlidir. <\/p><div class=\"wp-block-image\"><figure class=\"aligncenter size-full is-resized\"><img loading=\"lazy\" decoding=\"async\" class=\"wp-image-79831\" src=\"https:\/\/exceladvisor.org\/wp-content\/uploads\/2023\/08\/4-obtenir-le-nom-court-du-mois-sous-forme-de-texte.png\" sizes=\"auto, \" srcset=\"\" alt=\"ay-k\u0131sa-ad\u0131n\u0131-metin olarak al\" width=\"494\" height=\"259\"><\/figure><\/div><pre class=\"wp-block-code\"> <code class=\"language-excel-formula\" lang=\"excel-formula\">=TEXT(A1,\"MMM\")<\/code><\/pre><h2 class=\"wp-block-heading\"> Bir tarihten metin olarak g\u00fcn ad\u0131n\u0131 al\u0131n<\/h2><p> Ve e\u011fer g\u00fcn ad\u0131n\u0131 tarihten metin olarak almak istiyorsan\u0131z ayn\u0131 i\u015flevi, yani MET\u0130N&#8217;i kullanman\u0131z gerekir. <\/p><div class=\"wp-block-image\"><figure class=\"aligncenter size-full is-resized\"><img loading=\"lazy\" decoding=\"async\" class=\"wp-image-79832\" src=\"https:\/\/exceladvisor.org\/wp-content\/uploads\/2023\/08\/5-obtenir-le-nom-du-jour-sous-forme-de-texte.png\" sizes=\"auto, \" srcset=\"\" alt=\"g\u00fcn\u00fcn ad\u0131n\u0131 metin olarak al\" width=\"509\" height=\"276\"><\/figure><\/div><p> Burada tam g\u00fcn ad\u0131n\u0131 almak i\u00e7in formatla ayn\u0131 i\u015flevi kulland\u0131n\u0131z.<\/p><pre class=\"wp-block-code\"> <code class=\"language-excel-formula\" lang=\"excel-formula\">=TEXT(A1,\"DDDD\")<\/code><\/pre><p> K\u0131sa g\u00fcn ad\u0131n\u0131 almak i\u00e7in a\u015fa\u011f\u0131daki form\u00fcl\u00fc kullanabilirsiniz. <\/p><pre class=\"wp-block-code\"> <code class=\"language-excel-formula\" lang=\"excel-formula\">=TEXT(A1,\"DDD\")<\/code><\/pre><div class=\"wp-block-image\"><figure class=\"aligncenter size-full is-resized\"><img loading=\"lazy\" decoding=\"async\" class=\"wp-image-79833\" src=\"https:\/\/exceladvisor.org\/wp-content\/uploads\/2023\/08\/6-obtenir-le-nom-du-jour-court-sous-forme-de-texte.png\" sizes=\"auto, \" srcset=\"\" alt=\"k\u0131sa-g\u00fcn-ismini-metin olarak al\" width=\"513\" height=\"279\"><\/figure><\/div><h2 class=\"wp-block-heading\"> Tam metin c\u00fcmlesiyle tarih al\u0131n<\/h2><p> A\u015fa\u011f\u0131daki form\u00fclde tarih ve g\u00fcn\u00fcn ad\u0131n\u0131 uzun c\u00fcmle olarak tan\u0131mlayacak bir metin c\u00fcmlesi olu\u015fturmak i\u00e7in TEXT fonksiyonunu kulland\u0131k. <\/p><pre class=\"wp-block-code\"> <code class=\"language-excel-formula\" lang=\"excel-formula\">=\"The date is \"&amp;TEXT(A1,\"DD, MMMM'YY\")&amp;\" and day is \"&amp;TEXT(A1,\"DDDD\")&amp;\".\"<\/code><\/pre><div class=\"wp-block-image\"><figure class=\"aligncenter size-full is-resized\"><img loading=\"lazy\" decoding=\"async\" class=\"wp-image-79834\" src=\"https:\/\/exceladvisor.org\/wp-content\/uploads\/2023\/08\/7-obtenir-la-date-en-texte-complet.png\" sizes=\"auto, \" srcset=\"\" alt=\"tarihi tam metin olarak al\" width=\"793\" height=\"216\"><\/figure><\/div><div class=\"gb-container gb-container-52dfcee1 gb-container-sample-file\"><h2 class=\"gb-headline gb-headline-e289c143 gb-headline-text gb-headline-4f7959c2\"> Excel dosyas\u0131n\u0131 al\u0131n<\/h2><p> <a class=\"gb-button gb-button-e88d6bee gb-button-text gb-button-button1\" href=\"https:\/\/exceladvisor.org\/wp-content\/uploads\/2023\/08\/date-au-texte.xlsx\" rel=\"nofollow\">\u0130ndirmek<\/a><\/p><\/div><div class=\"gb-container gb-container-0df56012 gb-container-mt\"> <a class=\"gb-button gb-button-f9f432f4 gb-button-text gb-button-mt-button\" href=\"https:\/\/exceladvisor.org\/tr\/formuller\/\">Excel form\u00fcllerinin listesi<\/a><h2 class=\"gb-headline gb-headline-233444e8 gb-headline-text gb-headline-mt-heading\"> \u0130lgili form\u00fcller <\/h2><div class=\"gb-grid-wrapper gb-grid-wrapper-a16fa65c gb-grid-wrapper-mt-grid\"><div class=\"gb-grid-column gb-grid-column-50d07e0d\"><div class=\"gb-container gb-container-50d07e0d\"><ul><li> <a href=\"https:\/\/exceladvisor.org\/tr\/ay-is-gunu\/\">Bir ayda i\u015f g\u00fcn\u00fc<\/a><\/li><li> <a href=\"https:\/\/exceladvisor.org\/tr\/geri-sayim-gunleri\/\">Geri say\u0131m g\u00fcnleri<\/a><\/li><li> <a href=\"https:\/\/exceladvisor.org\/tr\/iki-tarih-arasindaki-gun-sayisi\/\">\u0130ki tarih aras\u0131ndaki g\u00fcnleri say\u0131n<\/a><\/li><li> <a href=\"https:\/\/exceladvisor.org\/tr\/julyen-randevusu-2\/\">J\u00fclyen tarihine d\u00f6n\u00fc\u015ft\u00fcr<\/a><\/li><li> <a href=\"https:\/\/exceladvisor.org\/tr\/onceki-pazar-2\/\">\u00d6nceki Pazar g\u00fcn\u00fcn\u00fc al<\/a> <\/li><\/ul><\/div><\/div><div class=\"gb-grid-column gb-grid-column-5b4a0cf9\"><div class=\"gb-container gb-container-5b4a0cf9\"><\/div><\/div><\/div><\/div>","protected":false},"excerpt":{"rendered":"","protected":false},"author":1,"featured_media":0,"parent":0,"menu_order":0,"comment_status":"open","ping_status":"closed","template":"","meta":{"ub_ctt_via":"","footnotes":""},"class_list":["post-1707","page","type-page","status-publish","hentry"],"featured_image_src":null,"yoast_head":"<!-- This site is optimized with the Yoast SEO plugin v25.4 - https:\/\/yoast.com\/wordpress\/plugins\/seo\/ -->\n<title>Excel&#039;de tarihi metne nas\u0131l d\u00f6n\u00fc\u015ft\u00fcrebilirim? (E\u011fitim 2023)<\/title>\n<meta name=\"description\" content=\"Bu e\u011fitimde size bir tarihi metne d\u00f6n\u00fc\u015ft\u00fcrmek i\u00e7in bir Excel form\u00fcl\u00fcn\u00fcn nas\u0131l yaz\u0131laca\u011f\u0131 \u00f6\u011fretilecektir. Bunu kontrol edelim\u2026\" \/>\n<meta name=\"robots\" content=\"index, follow, max-snippet:-1, max-image-preview:large, max-video-preview:-1\" \/>\n<link rel=\"canonical\" href=\"https:\/\/exceladvisor.org\/tr\/metin-tarihi-2\/\" \/>\n<meta property=\"og:locale\" content=\"tr_TR\" \/>\n<meta property=\"og:type\" content=\"article\" \/>\n<meta property=\"og:title\" content=\"Excel&#039;de tarihi metne nas\u0131l d\u00f6n\u00fc\u015ft\u00fcrebilirim? (E\u011fitim 2023)\" \/>\n<meta property=\"og:description\" content=\"Bu e\u011fitimde size bir tarihi metne d\u00f6n\u00fc\u015ft\u00fcrmek i\u00e7in bir Excel form\u00fcl\u00fcn\u00fcn nas\u0131l yaz\u0131laca\u011f\u0131 \u00f6\u011fretilecektir. Bunu kontrol edelim\u2026\" \/>\n<meta property=\"og:url\" content=\"https:\/\/exceladvisor.org\/tr\/metin-tarihi-2\/\" \/>\n<meta property=\"og:site_name\" content=\"Excel Advisor\" \/>\n<meta property=\"article:modified_time\" content=\"2023-12-10T06:02:42+00:00\" \/>\n<meta property=\"og:image\" content=\"https:\/\/exceladvisor.org\/wp-content\/uploads\/2023\/08\/1-convertir-la-date-en-texte.png\" \/>\n<meta name=\"twitter:card\" content=\"summary_large_image\" \/>\n<meta name=\"twitter:label1\" content=\"Tahmini okuma s\u00fcresi\" \/>\n\t<meta name=\"twitter:data1\" content=\"2 dakika\" \/>\n<script type=\"application\/ld+json\" class=\"yoast-schema-graph\">{\"@context\":\"https:\/\/schema.org\",\"@graph\":[{\"@type\":\"WebPage\",\"@id\":\"https:\/\/exceladvisor.org\/tr\/metin-tarihi-2\/\",\"url\":\"https:\/\/exceladvisor.org\/tr\/metin-tarihi-2\/\",\"name\":\"Excel&#39;de tarihi metne nas\u0131l d\u00f6n\u00fc\u015ft\u00fcrebilirim? (E\u011fitim 2023)\",\"isPartOf\":{\"@id\":\"https:\/\/exceladvisor.org\/tr\/#website\"},\"primaryImageOfPage\":{\"@id\":\"https:\/\/exceladvisor.org\/tr\/metin-tarihi-2\/#primaryimage\"},\"image\":{\"@id\":\"https:\/\/exceladvisor.org\/tr\/metin-tarihi-2\/#primaryimage\"},\"thumbnailUrl\":\"https:\/\/exceladvisor.org\/wp-content\/uploads\/2023\/08\/1-convertir-la-date-en-texte.png\",\"datePublished\":\"2023-11-10T10:05:13+00:00\",\"dateModified\":\"2023-12-10T06:02:42+00:00\",\"description\":\"Bu e\u011fitimde size bir tarihi metne d\u00f6n\u00fc\u015ft\u00fcrmek i\u00e7in bir Excel form\u00fcl\u00fcn\u00fcn nas\u0131l yaz\u0131laca\u011f\u0131 \u00f6\u011fretilecektir. Bunu kontrol edelim\u2026\",\"breadcrumb\":{\"@id\":\"https:\/\/exceladvisor.org\/tr\/metin-tarihi-2\/#breadcrumb\"},\"inLanguage\":\"tr\",\"potentialAction\":[{\"@type\":\"ReadAction\",\"target\":[\"https:\/\/exceladvisor.org\/tr\/metin-tarihi-2\/\"]}]},{\"@type\":\"ImageObject\",\"inLanguage\":\"tr\",\"@id\":\"https:\/\/exceladvisor.org\/tr\/metin-tarihi-2\/#primaryimage\",\"url\":\"https:\/\/exceladvisor.org\/wp-content\/uploads\/2023\/08\/1-convertir-la-date-en-texte.png\",\"contentUrl\":\"https:\/\/exceladvisor.org\/wp-content\/uploads\/2023\/08\/1-convertir-la-date-en-texte.png\"},{\"@type\":\"BreadcrumbList\",\"@id\":\"https:\/\/exceladvisor.org\/tr\/metin-tarihi-2\/#breadcrumb\",\"itemListElement\":[{\"@type\":\"ListItem\",\"position\":1,\"name\":\"Ev\",\"item\":\"https:\/\/exceladvisor.org\/tr\/\"},{\"@type\":\"ListItem\",\"position\":2,\"name\":\"Excel&#39;de tarihi metne nas\u0131l d\u00f6n\u00fc\u015ft\u00fcrebilirim?\"}]},{\"@type\":\"WebSite\",\"@id\":\"https:\/\/exceladvisor.org\/tr\/#website\",\"url\":\"https:\/\/exceladvisor.org\/tr\/\",\"name\":\"Excel Advisor\",\"description\":\"Veri hakimiyetine y\u00f6nelik nihai rehberiniz!\",\"publisher\":{\"@id\":\"https:\/\/exceladvisor.org\/tr\/#organization\"},\"potentialAction\":[{\"@type\":\"SearchAction\",\"target\":{\"@type\":\"EntryPoint\",\"urlTemplate\":\"https:\/\/exceladvisor.org\/tr\/?s={search_term_string}\"},\"query-input\":{\"@type\":\"PropertyValueSpecification\",\"valueRequired\":true,\"valueName\":\"search_term_string\"}}],\"inLanguage\":\"tr\"},{\"@type\":\"Organization\",\"@id\":\"https:\/\/exceladvisor.org\/tr\/#organization\",\"name\":\"Excel Advisor\",\"url\":\"https:\/\/exceladvisor.org\/tr\/\",\"logo\":{\"@type\":\"ImageObject\",\"inLanguage\":\"tr\",\"@id\":\"https:\/\/exceladvisor.org\/tr\/#\/schema\/logo\/image\/\",\"url\":\"https:\/\/exceladvisor.org\/tr\/wp-content\/uploads\/2023\/12\/exceladvisor.org_.png\",\"contentUrl\":\"https:\/\/exceladvisor.org\/tr\/wp-content\/uploads\/2023\/12\/exceladvisor.org_.png\",\"width\":105,\"height\":36,\"caption\":\"Excel Advisor\"},\"image\":{\"@id\":\"https:\/\/exceladvisor.org\/tr\/#\/schema\/logo\/image\/\"}}]}<\/script>\n<!-- \/ Yoast SEO plugin. -->","yoast_head_json":{"title":"Excel&#39;de tarihi metne nas\u0131l d\u00f6n\u00fc\u015ft\u00fcrebilirim? (E\u011fitim 2023)","description":"Bu e\u011fitimde size bir tarihi metne d\u00f6n\u00fc\u015ft\u00fcrmek i\u00e7in bir Excel form\u00fcl\u00fcn\u00fcn nas\u0131l yaz\u0131laca\u011f\u0131 \u00f6\u011fretilecektir. Bunu kontrol edelim\u2026","robots":{"index":"index","follow":"follow","max-snippet":"max-snippet:-1","max-image-preview":"max-image-preview:large","max-video-preview":"max-video-preview:-1"},"canonical":"https:\/\/exceladvisor.org\/tr\/metin-tarihi-2\/","og_locale":"tr_TR","og_type":"article","og_title":"Excel&#39;de tarihi metne nas\u0131l d\u00f6n\u00fc\u015ft\u00fcrebilirim? (E\u011fitim 2023)","og_description":"Bu e\u011fitimde size bir tarihi metne d\u00f6n\u00fc\u015ft\u00fcrmek i\u00e7in bir Excel form\u00fcl\u00fcn\u00fcn nas\u0131l yaz\u0131laca\u011f\u0131 \u00f6\u011fretilecektir. Bunu kontrol edelim\u2026","og_url":"https:\/\/exceladvisor.org\/tr\/metin-tarihi-2\/","og_site_name":"Excel Advisor","article_modified_time":"2023-12-10T06:02:42+00:00","og_image":[{"url":"https:\/\/exceladvisor.org\/wp-content\/uploads\/2023\/08\/1-convertir-la-date-en-texte.png","type":"","width":"","height":""}],"twitter_card":"summary_large_image","twitter_misc":{"Tahmini okuma s\u00fcresi":"2 dakika"},"schema":{"@context":"https:\/\/schema.org","@graph":[{"@type":"WebPage","@id":"https:\/\/exceladvisor.org\/tr\/metin-tarihi-2\/","url":"https:\/\/exceladvisor.org\/tr\/metin-tarihi-2\/","name":"Excel&#39;de tarihi metne nas\u0131l d\u00f6n\u00fc\u015ft\u00fcrebilirim? (E\u011fitim 2023)","isPartOf":{"@id":"https:\/\/exceladvisor.org\/tr\/#website"},"primaryImageOfPage":{"@id":"https:\/\/exceladvisor.org\/tr\/metin-tarihi-2\/#primaryimage"},"image":{"@id":"https:\/\/exceladvisor.org\/tr\/metin-tarihi-2\/#primaryimage"},"thumbnailUrl":"https:\/\/exceladvisor.org\/wp-content\/uploads\/2023\/08\/1-convertir-la-date-en-texte.png","datePublished":"2023-11-10T10:05:13+00:00","dateModified":"2023-12-10T06:02:42+00:00","description":"Bu e\u011fitimde size bir tarihi metne d\u00f6n\u00fc\u015ft\u00fcrmek i\u00e7in bir Excel form\u00fcl\u00fcn\u00fcn nas\u0131l yaz\u0131laca\u011f\u0131 \u00f6\u011fretilecektir. Bunu kontrol edelim\u2026","breadcrumb":{"@id":"https:\/\/exceladvisor.org\/tr\/metin-tarihi-2\/#breadcrumb"},"inLanguage":"tr","potentialAction":[{"@type":"ReadAction","target":["https:\/\/exceladvisor.org\/tr\/metin-tarihi-2\/"]}]},{"@type":"ImageObject","inLanguage":"tr","@id":"https:\/\/exceladvisor.org\/tr\/metin-tarihi-2\/#primaryimage","url":"https:\/\/exceladvisor.org\/wp-content\/uploads\/2023\/08\/1-convertir-la-date-en-texte.png","contentUrl":"https:\/\/exceladvisor.org\/wp-content\/uploads\/2023\/08\/1-convertir-la-date-en-texte.png"},{"@type":"BreadcrumbList","@id":"https:\/\/exceladvisor.org\/tr\/metin-tarihi-2\/#breadcrumb","itemListElement":[{"@type":"ListItem","position":1,"name":"Ev","item":"https:\/\/exceladvisor.org\/tr\/"},{"@type":"ListItem","position":2,"name":"Excel&#39;de tarihi metne nas\u0131l d\u00f6n\u00fc\u015ft\u00fcrebilirim?"}]},{"@type":"WebSite","@id":"https:\/\/exceladvisor.org\/tr\/#website","url":"https:\/\/exceladvisor.org\/tr\/","name":"Excel Advisor","description":"Veri hakimiyetine y\u00f6nelik nihai rehberiniz!","publisher":{"@id":"https:\/\/exceladvisor.org\/tr\/#organization"},"potentialAction":[{"@type":"SearchAction","target":{"@type":"EntryPoint","urlTemplate":"https:\/\/exceladvisor.org\/tr\/?s={search_term_string}"},"query-input":{"@type":"PropertyValueSpecification","valueRequired":true,"valueName":"search_term_string"}}],"inLanguage":"tr"},{"@type":"Organization","@id":"https:\/\/exceladvisor.org\/tr\/#organization","name":"Excel Advisor","url":"https:\/\/exceladvisor.org\/tr\/","logo":{"@type":"ImageObject","inLanguage":"tr","@id":"https:\/\/exceladvisor.org\/tr\/#\/schema\/logo\/image\/","url":"https:\/\/exceladvisor.org\/tr\/wp-content\/uploads\/2023\/12\/exceladvisor.org_.png","contentUrl":"https:\/\/exceladvisor.org\/tr\/wp-content\/uploads\/2023\/12\/exceladvisor.org_.png","width":105,"height":36,"caption":"Excel Advisor"},"image":{"@id":"https:\/\/exceladvisor.org\/tr\/#\/schema\/logo\/image\/"}}]}},"yoast_meta":{"yoast_wpseo_title":"","yoast_wpseo_metadesc":"","yoast_wpseo_canonical":""},"_links":{"self":[{"href":"https:\/\/exceladvisor.org\/tr\/wp-json\/wp\/v2\/pages\/1707","targetHints":{"allow":["GET"]}}],"collection":[{"href":"https:\/\/exceladvisor.org\/tr\/wp-json\/wp\/v2\/pages"}],"about":[{"href":"https:\/\/exceladvisor.org\/tr\/wp-json\/wp\/v2\/types\/page"}],"author":[{"embeddable":true,"href":"https:\/\/exceladvisor.org\/tr\/wp-json\/wp\/v2\/users\/1"}],"replies":[{"embeddable":true,"href":"https:\/\/exceladvisor.org\/tr\/wp-json\/wp\/v2\/comments?post=1707"}],"version-history":[{"count":1,"href":"https:\/\/exceladvisor.org\/tr\/wp-json\/wp\/v2\/pages\/1707\/revisions"}],"predecessor-version":[{"id":2612,"href":"https:\/\/exceladvisor.org\/tr\/wp-json\/wp\/v2\/pages\/1707\/revisions\/2612"}],"wp:attachment":[{"href":"https:\/\/exceladvisor.org\/tr\/wp-json\/wp\/v2\/media?parent=1707"}],"curies":[{"name":"wp","href":"https:\/\/api.w.org\/{rel}","templated":true}]}}