{"id":1709,"date":"2023-11-10T09:45:03","date_gmt":"2023-11-10T09:45:03","guid":{"rendered":"https:\/\/exceladvisor.org\/tr\/saniyeden-saate-dakika\/"},"modified":"2023-12-10T06:04:20","modified_gmt":"2023-12-10T06:04:20","slug":"saniyeden-saate-dakika","status":"publish","type":"page","link":"https:\/\/exceladvisor.org\/tr\/saniyeden-saate-dakika\/","title":{"rendered":"Saniyeleri saatlere ve dakikalara nas\u0131l d\u00f6n\u00fc\u015ft\u00fcrebilirim?"},"content":{"rendered":"<div class=\"excel-icerikten-once\" id=\"excel-3320241402\"><script type=\"text\/javascript\">\r\n\tatOptions = {\r\n\t\t'key' : 'c1158f160081d6540a8409e6925dab94',\r\n\t\t'format' : 'iframe',\r\n\t\t'height' : 250,\r\n\t\t'width' : 300,\r\n\t\t'params' : {}\r\n\t};\r\n<\/script>\r\n<script type=\"text\/javascript\" src=\"\/\/www.highperformanceformat.com\/c1158f160081d6540a8409e6925dab94\/invoke.js\"><\/script><\/div> <p>Excel&#8217;de saniyeleri saatlere veya dakikalara d\u00f6n\u00fc\u015ft\u00fcrmek i\u00e7in, sahip oldu\u011funuz saniyelerin de\u011ferini, tek bir g\u00fcn i\u00e7inde sahip oldu\u011funuz toplam saniye say\u0131s\u0131na b\u00f6lmeniz gerekir. Bundan sonra format\u0131 saat ve dakika olarak de\u011fi\u015ftirmeniz gerekir. <\/p><div class=\"wp-block-image\"><figure class=\"aligncenter size-full is-resized\"><img loading=\"lazy\" decoding=\"async\" class=\"wp-image-80514\" src=\"https:\/\/exceladvisor.org\/wp-content\/uploads\/2023\/08\/1-convertir-les-secondes-en-heures-et-minutes.png\" sizes=\"auto, \" srcset=\"\" alt=\"saniyeleri saat ve dakikalara d\u00f6n\u00fc\u015ft\u00fcr\" width=\"583\" height=\"268\"><\/figure><\/div><p> Bu derste bu form\u00fclleri nas\u0131l yazaca\u011f\u0131n\u0131z\u0131 ve anlayaca\u011f\u0131n\u0131z\u0131 detayl\u0131 bir \u015fekilde \u00f6\u011freneceksiniz. Referans olmas\u0131 a\u00e7\u0131s\u0131ndan, a\u015fa\u011f\u0131daki \u00f6rnekte A1 h\u00fccresinde 10000 saniyeniz var. <\/p><div class=\"wp-block-image\"><figure class=\"aligncenter size-full is-resized\"><img loading=\"lazy\" decoding=\"async\" class=\"wp-image-80515\" src=\"https:\/\/exceladvisor.org\/wp-content\/uploads\/2023\/08\/2-secondes-comme-valeurs.png\" sizes=\"auto, \" srcset=\"\" alt=\"ikinci de\u011fer\" width=\"433\" height=\"194\"><\/figure><\/div><h2 class=\"wp-block-heading\"> Saniyeleri saatlere d\u00f6n\u00fc\u015ft\u00fcr\u00fcn (ss:dd:ss)<\/h2><p> Bu form\u00fcl\u00fc yazma ad\u0131mlar\u0131 \u015funlard\u0131r:<\/p><ol><li> \u0130lk olarak, bir h\u00fccreye saniyeleri 86400&#8217;e (bir g\u00fcndeki toplam saniye say\u0131s\u0131) b\u00f6lmek i\u00e7in form\u00fcl\u00fc girin. <br><img loading=\"lazy\" decoding=\"async\" title=\"saniyeleri 3'e b\u00f6ler\" src=\"https:\/\/exceladvisor.org\/wp-content\/uploads\/2023\/08\/3-diviser-les-secondes.png\" sizes=\"auto, \" srcset=\"\" alt=\"divide-the-seconds\" width=\"515\" height=\"262\"><\/li><li> Bundan sonra <a href=\"https:\/\/exceladvisor.org\/tr\/acik-formatli-hucre-secenekleri\/\">Bi\u00e7im Se\u00e7enekleri&#8217;ni (Ctrl+1)<\/a> a\u00e7\u0131n. <br><img loading=\"lazy\" decoding=\"async\" title=\"4 h\u00fccreli a\u00e7\u0131k format\" src=\"https:\/\/exceladvisor.org\/wp-content\/uploads\/2023\/08\/4-cellules-au-format-ouvert.png\" sizes=\"auto, \" srcset=\"\" alt=\"open-format-cells\" width=\"513\" height=\"358\"><\/li><li> \u015eimdi kategori listesinde \u201c\u00d6zel\u201d se\u00e7ene\u011fine t\u0131klay\u0131n. <br><img loading=\"lazy\" decoding=\"async\" title=\"5-\u00f6zel-kategoriyi se\u00e7in\" src=\"https:\/\/exceladvisor.org\/wp-content\/uploads\/2023\/08\/5-selectionnez-la-categorie-personnalisee.png\" sizes=\"auto, \" srcset=\"\" alt=\"select-custom-category\" width=\"596\" height=\"323\"><\/li><li> Ard\u0131ndan, t\u00fcr giri\u015f \u00e7ubu\u011funa [hh]:mm veya [hh]:mm:ss de\u011ferini girin. <br><img loading=\"lazy\" decoding=\"async\" title=\"6-\u00d6zel De\u011fer Giri\u015fi\" src=\"https:\/\/exceladvisor.org\/wp-content\/uploads\/2023\/08\/6-entrez-la-valeur-personnalisee.png\" sizes=\"auto, \" srcset=\"\" alt=\"enter-custom-value\" width=\"593\" height=\"290\"><\/li><li> Sonunda bi\u00e7imlendirmeyi uygulamak i\u00e7in Tamam&#8217;\u0131 t\u0131klay\u0131n.<\/li><\/ol><p> Tamam&#8217;a bast\u0131\u011f\u0131n\u0131zda size toplam saat ve dakika say\u0131s\u0131n\u0131 verir. <\/p><div class=\"wp-block-image\"><figure class=\"aligncenter size-full is-resized\"><img loading=\"lazy\" decoding=\"async\" class=\"wp-image-80520\" src=\"https:\/\/exceladvisor.org\/wp-content\/uploads\/2023\/08\/8-nombre-total-dheures-et-de-minutes.png\" sizes=\"auto, \" srcset=\"\" alt=\"toplam saat ve dakika say\u0131s\u0131\" width=\"475\" height=\"238\"><\/figure><\/div><p class=\"grey-note\"> <strong>ss:dd:ss kullanmak yerine, burada [hh]:mm veya [hh]:dd:ss kullan\u0131yoruz.<\/strong><\/p><p class=\"grey-note\"> \u00c7\u00fcnk\u00fc ss:dd kulland\u0131\u011f\u0131n\u0131zda ve bir g\u00fcn i\u00e7indeki saniyelerin toplam\u0131ndan daha fazla saniyeye sahip oldu\u011funuzda k\u00f6t\u00fc sonu\u00e7 al\u0131rs\u0131n\u0131z.<\/p><p class=\"grey-note\"> E\u011fer 27 saatiniz varsa, size g\u00fcn\u00fcn 24 saatini ge\u00e7en 3 saati s\u00f6yleyecektir. Bu nedenle [hh]:mm:ss ve [hh]:mm kullanmal\u0131s\u0131n\u0131z.<\/p><h2 class=\"wp-block-heading\"> Saniyeleri dakikalara d\u00f6n\u00fc\u015ft\u00fcr\u00fcn<\/h2><p> Ayn\u0131 \u015fekilde saniyeleri dakikalara d\u00f6n\u00fc\u015ft\u00fcrebilirsiniz, ayn\u0131 ad\u0131mlar\u0131 izlemeniz gerekir ancak farkl\u0131 bir \u00f6zel format kullanman\u0131z gerekir. Form\u00fcl\u00fc h\u00fccreye girdikten sonra format\u0131 [mm]:ss olarak de\u011fi\u015ftirin ve Tamam&#8217;\u0131 t\u0131klay\u0131n. <\/p><div class=\"wp-block-image\"><figure class=\"aligncenter size-full is-resized\"><img loading=\"lazy\" decoding=\"async\" class=\"wp-image-80521\" src=\"https:\/\/exceladvisor.org\/wp-content\/uploads\/2023\/08\/9-convertir-des-secondes-en-minutes.png\" sizes=\"auto, \" srcset=\"\" alt=\"saniyeleri dakikalara d\u00f6n\u00fc\u015ft\u00fcr\" width=\"782\" height=\"338\"><\/figure><\/div><h2 class=\"wp-block-heading\"> Saniyeleri Saat ve Dakikaya D\u00f6n\u00fc\u015ft\u00fcrmek i\u00e7in Metin \u0130\u015flevini Kullanma<\/h2><p> Evet, MET\u0130N i\u015flevini de kullanabilirsiniz. Bu, h\u00fccre format\u0131n\u0131 de\u011fi\u015ftirmeden saniyelerin istenen sonuca d\u00f6n\u00fc\u015ft\u00fcr\u00fclmesine olanak tan\u0131r. TEXT i\u015flevinde, i\u015flevin i\u00e7indeki bi\u00e7imi belirtebilirsiniz. <\/p><div class=\"wp-block-image\"><figure class=\"aligncenter size-full is-resized\"><img loading=\"lazy\" decoding=\"async\" class=\"wp-image-80522\" src=\"https:\/\/exceladvisor.org\/wp-content\/uploads\/2023\/08\/10-fonctions-de-texte-pour-convertir-les-secondes.png\" sizes=\"auto, \" srcset=\"\" alt=\"saniye-d\u00f6n\u00fc\u015ft\u00fcr\u00fclecek metin i\u015flevi\" width=\"606\" height=\"228\"><\/figure><\/div><p> MET\u0130N&#8217;in ilk ba\u011f\u0131ms\u0131z de\u011fi\u015fkeninde, ayn\u0131 form\u00fcl\u00fc saniye\/g\u00fcndeki toplam saniye olarak girmelisiniz. Bundan sonra ikinci arg\u00fcmana (text_format) vermek istedi\u011finiz format\u0131 girin.<\/p><pre class=\"wp-block-code\"> <code class=\"language-excel-formula\" lang=\"excel-formula\">=TEXT(A1\/86400,\"[hh]:mm\") =TEXT(A1\/86400,\"[mm]:ss\")<\/code><\/pre><div class=\"gb-container gb-container-52dfcee1 gb-container-sample-file\"><h2 class=\"gb-headline gb-headline-e289c143 gb-headline-text gb-headline-4f7959c2\"> Excel dosyas\u0131n\u0131 al\u0131n<\/h2><p> <a class=\"gb-button gb-button-e88d6bee gb-button-text gb-button-button1\" href=\"https:\/\/exceladvisor.org\/wp-content\/uploads\/2023\/08\/convertir-les-secondes.xlsx\" rel=\"nofollow\">\u0130ndirmek<\/a> <\/p><\/div><div class=\"wp-block-group more-tutorials is-layout-flow\"><div class=\"wp-block-group__inner-container\"><h2 class=\"wp-block-heading\"> Daha fazla form\u00fcl<\/h2><ul><li> <a href=\"https:\/\/exceladvisor.org\/tr\/dakika-cinsinden-sure-2\/\">Zaman de\u011ferini dakikaya d\u00f6n\u00fc\u015ft\u00fcr\u00fcn (Excel form\u00fcl\u00fc)<\/a><\/li><li> <a href=\"https:\/\/exceladvisor.org\/tr\/saniye-cinsinden-sure-2\/\">Zaman de\u011ferini saniyeye d\u00f6n\u00fc\u015ft\u00fcr<\/a><\/li><li> <a href=\"https:\/\/exceladvisor.org\/tr\/simdiki-zaman-2\/\">Ge\u00e7erli saati al\u0131n (Excel form\u00fcl\u00fc)<\/a><\/li><li> <a href=\"https:\/\/exceladvisor.org\/tr\/sekerleme-zamani-2\/\">Excel&#8217;de Toplam Zaman (Excel Form\u00fcl\u00fc)<\/a><\/li><li> <a href=\"https:\/\/exceladvisor.org\/tr\/zamana-saniye-ekleyin\/\">S\u00fcreye saniye ekleyin<\/a><\/li><\/ul><\/div><\/div>","protected":false},"excerpt":{"rendered":"","protected":false},"author":1,"featured_media":0,"parent":0,"menu_order":0,"comment_status":"open","ping_status":"closed","template":"","meta":{"ub_ctt_via":"","footnotes":""},"class_list":["post-1709","page","type-page","status-publish","hentry"],"featured_image_src":null,"yoast_head":"<!-- This site is optimized with the Yoast SEO plugin v25.4 - https:\/\/yoast.com\/wordpress\/plugins\/seo\/ -->\n<title>Excel&#039;de saniyeler saatlere ve dakikalara nas\u0131l d\u00f6n\u00fc\u015ft\u00fcr\u00fcl\u00fcr?<\/title>\n<meta name=\"description\" content=\"Bu e\u011fitimde size saniyeleri saat ve dakikaya d\u00f6n\u00fc\u015ft\u00fcrmek i\u00e7in bir Excel form\u00fcl\u00fcn\u00fcn nas\u0131l yaz\u0131laca\u011f\u0131 \u00f6\u011fretilecektir. Bunu kontrol edelim\u2026\" \/>\n<meta name=\"robots\" content=\"index, follow, max-snippet:-1, max-image-preview:large, max-video-preview:-1\" \/>\n<link rel=\"canonical\" href=\"https:\/\/exceladvisor.org\/tr\/saniyeden-saate-dakika\/\" \/>\n<meta property=\"og:locale\" content=\"tr_TR\" \/>\n<meta property=\"og:type\" content=\"article\" \/>\n<meta property=\"og:title\" content=\"Excel&#039;de saniyeler saatlere ve dakikalara nas\u0131l d\u00f6n\u00fc\u015ft\u00fcr\u00fcl\u00fcr?\" \/>\n<meta property=\"og:description\" content=\"Bu e\u011fitimde size saniyeleri saat ve dakikaya d\u00f6n\u00fc\u015ft\u00fcrmek i\u00e7in bir Excel form\u00fcl\u00fcn\u00fcn nas\u0131l yaz\u0131laca\u011f\u0131 \u00f6\u011fretilecektir. Bunu kontrol edelim\u2026\" \/>\n<meta property=\"og:url\" content=\"https:\/\/exceladvisor.org\/tr\/saniyeden-saate-dakika\/\" \/>\n<meta property=\"og:site_name\" content=\"Excel Advisor\" \/>\n<meta property=\"article:modified_time\" content=\"2023-12-10T06:04:20+00:00\" \/>\n<meta property=\"og:image\" content=\"https:\/\/exceladvisor.org\/wp-content\/uploads\/2023\/08\/1-convertir-les-secondes-en-heures-et-minutes.png\" \/>\n<meta name=\"twitter:card\" content=\"summary_large_image\" \/>\n<meta name=\"twitter:label1\" content=\"Tahmini okuma s\u00fcresi\" \/>\n\t<meta name=\"twitter:data1\" content=\"2 dakika\" \/>\n<script type=\"application\/ld+json\" class=\"yoast-schema-graph\">{\"@context\":\"https:\/\/schema.org\",\"@graph\":[{\"@type\":\"WebPage\",\"@id\":\"https:\/\/exceladvisor.org\/tr\/saniyeden-saate-dakika\/\",\"url\":\"https:\/\/exceladvisor.org\/tr\/saniyeden-saate-dakika\/\",\"name\":\"Excel&#39;de saniyeler saatlere ve dakikalara nas\u0131l d\u00f6n\u00fc\u015ft\u00fcr\u00fcl\u00fcr?\",\"isPartOf\":{\"@id\":\"https:\/\/exceladvisor.org\/tr\/#website\"},\"primaryImageOfPage\":{\"@id\":\"https:\/\/exceladvisor.org\/tr\/saniyeden-saate-dakika\/#primaryimage\"},\"image\":{\"@id\":\"https:\/\/exceladvisor.org\/tr\/saniyeden-saate-dakika\/#primaryimage\"},\"thumbnailUrl\":\"https:\/\/exceladvisor.org\/wp-content\/uploads\/2023\/08\/1-convertir-les-secondes-en-heures-et-minutes.png\",\"datePublished\":\"2023-11-10T09:45:03+00:00\",\"dateModified\":\"2023-12-10T06:04:20+00:00\",\"description\":\"Bu e\u011fitimde size saniyeleri saat ve dakikaya d\u00f6n\u00fc\u015ft\u00fcrmek i\u00e7in bir Excel form\u00fcl\u00fcn\u00fcn nas\u0131l yaz\u0131laca\u011f\u0131 \u00f6\u011fretilecektir. Bunu kontrol edelim\u2026\",\"breadcrumb\":{\"@id\":\"https:\/\/exceladvisor.org\/tr\/saniyeden-saate-dakika\/#breadcrumb\"},\"inLanguage\":\"tr\",\"potentialAction\":[{\"@type\":\"ReadAction\",\"target\":[\"https:\/\/exceladvisor.org\/tr\/saniyeden-saate-dakika\/\"]}]},{\"@type\":\"ImageObject\",\"inLanguage\":\"tr\",\"@id\":\"https:\/\/exceladvisor.org\/tr\/saniyeden-saate-dakika\/#primaryimage\",\"url\":\"https:\/\/exceladvisor.org\/wp-content\/uploads\/2023\/08\/1-convertir-les-secondes-en-heures-et-minutes.png\",\"contentUrl\":\"https:\/\/exceladvisor.org\/wp-content\/uploads\/2023\/08\/1-convertir-les-secondes-en-heures-et-minutes.png\"},{\"@type\":\"BreadcrumbList\",\"@id\":\"https:\/\/exceladvisor.org\/tr\/saniyeden-saate-dakika\/#breadcrumb\",\"itemListElement\":[{\"@type\":\"ListItem\",\"position\":1,\"name\":\"Ev\",\"item\":\"https:\/\/exceladvisor.org\/tr\/\"},{\"@type\":\"ListItem\",\"position\":2,\"name\":\"Saniyeleri saatlere ve dakikalara nas\u0131l d\u00f6n\u00fc\u015ft\u00fcrebilirim?\"}]},{\"@type\":\"WebSite\",\"@id\":\"https:\/\/exceladvisor.org\/tr\/#website\",\"url\":\"https:\/\/exceladvisor.org\/tr\/\",\"name\":\"Excel Advisor\",\"description\":\"Veri hakimiyetine y\u00f6nelik nihai rehberiniz!\",\"publisher\":{\"@id\":\"https:\/\/exceladvisor.org\/tr\/#organization\"},\"potentialAction\":[{\"@type\":\"SearchAction\",\"target\":{\"@type\":\"EntryPoint\",\"urlTemplate\":\"https:\/\/exceladvisor.org\/tr\/?s={search_term_string}\"},\"query-input\":{\"@type\":\"PropertyValueSpecification\",\"valueRequired\":true,\"valueName\":\"search_term_string\"}}],\"inLanguage\":\"tr\"},{\"@type\":\"Organization\",\"@id\":\"https:\/\/exceladvisor.org\/tr\/#organization\",\"name\":\"Excel Advisor\",\"url\":\"https:\/\/exceladvisor.org\/tr\/\",\"logo\":{\"@type\":\"ImageObject\",\"inLanguage\":\"tr\",\"@id\":\"https:\/\/exceladvisor.org\/tr\/#\/schema\/logo\/image\/\",\"url\":\"https:\/\/exceladvisor.org\/tr\/wp-content\/uploads\/2023\/12\/exceladvisor.org_.png\",\"contentUrl\":\"https:\/\/exceladvisor.org\/tr\/wp-content\/uploads\/2023\/12\/exceladvisor.org_.png\",\"width\":105,\"height\":36,\"caption\":\"Excel Advisor\"},\"image\":{\"@id\":\"https:\/\/exceladvisor.org\/tr\/#\/schema\/logo\/image\/\"}}]}<\/script>\n<!-- \/ Yoast SEO plugin. -->","yoast_head_json":{"title":"Excel&#39;de saniyeler saatlere ve dakikalara nas\u0131l d\u00f6n\u00fc\u015ft\u00fcr\u00fcl\u00fcr?","description":"Bu e\u011fitimde size saniyeleri saat ve dakikaya d\u00f6n\u00fc\u015ft\u00fcrmek i\u00e7in bir Excel form\u00fcl\u00fcn\u00fcn nas\u0131l yaz\u0131laca\u011f\u0131 \u00f6\u011fretilecektir. Bunu kontrol edelim\u2026","robots":{"index":"index","follow":"follow","max-snippet":"max-snippet:-1","max-image-preview":"max-image-preview:large","max-video-preview":"max-video-preview:-1"},"canonical":"https:\/\/exceladvisor.org\/tr\/saniyeden-saate-dakika\/","og_locale":"tr_TR","og_type":"article","og_title":"Excel&#39;de saniyeler saatlere ve dakikalara nas\u0131l d\u00f6n\u00fc\u015ft\u00fcr\u00fcl\u00fcr?","og_description":"Bu e\u011fitimde size saniyeleri saat ve dakikaya d\u00f6n\u00fc\u015ft\u00fcrmek i\u00e7in bir Excel form\u00fcl\u00fcn\u00fcn nas\u0131l yaz\u0131laca\u011f\u0131 \u00f6\u011fretilecektir. Bunu kontrol edelim\u2026","og_url":"https:\/\/exceladvisor.org\/tr\/saniyeden-saate-dakika\/","og_site_name":"Excel Advisor","article_modified_time":"2023-12-10T06:04:20+00:00","og_image":[{"url":"https:\/\/exceladvisor.org\/wp-content\/uploads\/2023\/08\/1-convertir-les-secondes-en-heures-et-minutes.png","type":"","width":"","height":""}],"twitter_card":"summary_large_image","twitter_misc":{"Tahmini okuma s\u00fcresi":"2 dakika"},"schema":{"@context":"https:\/\/schema.org","@graph":[{"@type":"WebPage","@id":"https:\/\/exceladvisor.org\/tr\/saniyeden-saate-dakika\/","url":"https:\/\/exceladvisor.org\/tr\/saniyeden-saate-dakika\/","name":"Excel&#39;de saniyeler saatlere ve dakikalara nas\u0131l d\u00f6n\u00fc\u015ft\u00fcr\u00fcl\u00fcr?","isPartOf":{"@id":"https:\/\/exceladvisor.org\/tr\/#website"},"primaryImageOfPage":{"@id":"https:\/\/exceladvisor.org\/tr\/saniyeden-saate-dakika\/#primaryimage"},"image":{"@id":"https:\/\/exceladvisor.org\/tr\/saniyeden-saate-dakika\/#primaryimage"},"thumbnailUrl":"https:\/\/exceladvisor.org\/wp-content\/uploads\/2023\/08\/1-convertir-les-secondes-en-heures-et-minutes.png","datePublished":"2023-11-10T09:45:03+00:00","dateModified":"2023-12-10T06:04:20+00:00","description":"Bu e\u011fitimde size saniyeleri saat ve dakikaya d\u00f6n\u00fc\u015ft\u00fcrmek i\u00e7in bir Excel form\u00fcl\u00fcn\u00fcn nas\u0131l yaz\u0131laca\u011f\u0131 \u00f6\u011fretilecektir. Bunu kontrol edelim\u2026","breadcrumb":{"@id":"https:\/\/exceladvisor.org\/tr\/saniyeden-saate-dakika\/#breadcrumb"},"inLanguage":"tr","potentialAction":[{"@type":"ReadAction","target":["https:\/\/exceladvisor.org\/tr\/saniyeden-saate-dakika\/"]}]},{"@type":"ImageObject","inLanguage":"tr","@id":"https:\/\/exceladvisor.org\/tr\/saniyeden-saate-dakika\/#primaryimage","url":"https:\/\/exceladvisor.org\/wp-content\/uploads\/2023\/08\/1-convertir-les-secondes-en-heures-et-minutes.png","contentUrl":"https:\/\/exceladvisor.org\/wp-content\/uploads\/2023\/08\/1-convertir-les-secondes-en-heures-et-minutes.png"},{"@type":"BreadcrumbList","@id":"https:\/\/exceladvisor.org\/tr\/saniyeden-saate-dakika\/#breadcrumb","itemListElement":[{"@type":"ListItem","position":1,"name":"Ev","item":"https:\/\/exceladvisor.org\/tr\/"},{"@type":"ListItem","position":2,"name":"Saniyeleri saatlere ve dakikalara nas\u0131l d\u00f6n\u00fc\u015ft\u00fcrebilirim?"}]},{"@type":"WebSite","@id":"https:\/\/exceladvisor.org\/tr\/#website","url":"https:\/\/exceladvisor.org\/tr\/","name":"Excel Advisor","description":"Veri hakimiyetine y\u00f6nelik nihai rehberiniz!","publisher":{"@id":"https:\/\/exceladvisor.org\/tr\/#organization"},"potentialAction":[{"@type":"SearchAction","target":{"@type":"EntryPoint","urlTemplate":"https:\/\/exceladvisor.org\/tr\/?s={search_term_string}"},"query-input":{"@type":"PropertyValueSpecification","valueRequired":true,"valueName":"search_term_string"}}],"inLanguage":"tr"},{"@type":"Organization","@id":"https:\/\/exceladvisor.org\/tr\/#organization","name":"Excel Advisor","url":"https:\/\/exceladvisor.org\/tr\/","logo":{"@type":"ImageObject","inLanguage":"tr","@id":"https:\/\/exceladvisor.org\/tr\/#\/schema\/logo\/image\/","url":"https:\/\/exceladvisor.org\/tr\/wp-content\/uploads\/2023\/12\/exceladvisor.org_.png","contentUrl":"https:\/\/exceladvisor.org\/tr\/wp-content\/uploads\/2023\/12\/exceladvisor.org_.png","width":105,"height":36,"caption":"Excel Advisor"},"image":{"@id":"https:\/\/exceladvisor.org\/tr\/#\/schema\/logo\/image\/"}}]}},"yoast_meta":{"yoast_wpseo_title":"","yoast_wpseo_metadesc":"","yoast_wpseo_canonical":""},"_links":{"self":[{"href":"https:\/\/exceladvisor.org\/tr\/wp-json\/wp\/v2\/pages\/1709","targetHints":{"allow":["GET"]}}],"collection":[{"href":"https:\/\/exceladvisor.org\/tr\/wp-json\/wp\/v2\/pages"}],"about":[{"href":"https:\/\/exceladvisor.org\/tr\/wp-json\/wp\/v2\/types\/page"}],"author":[{"embeddable":true,"href":"https:\/\/exceladvisor.org\/tr\/wp-json\/wp\/v2\/users\/1"}],"replies":[{"embeddable":true,"href":"https:\/\/exceladvisor.org\/tr\/wp-json\/wp\/v2\/comments?post=1709"}],"version-history":[{"count":1,"href":"https:\/\/exceladvisor.org\/tr\/wp-json\/wp\/v2\/pages\/1709\/revisions"}],"predecessor-version":[{"id":2714,"href":"https:\/\/exceladvisor.org\/tr\/wp-json\/wp\/v2\/pages\/1709\/revisions\/2714"}],"wp:attachment":[{"href":"https:\/\/exceladvisor.org\/tr\/wp-json\/wp\/v2\/media?parent=1709"}],"curies":[{"name":"wp","href":"https:\/\/api.w.org\/{rel}","templated":true}]}}