{"id":1710,"date":"2023-11-10T09:22:44","date_gmt":"2023-11-10T09:22:44","guid":{"rendered":"https:\/\/exceladvisor.org\/tr\/parantezleri-kaldir-2\/"},"modified":"2023-12-10T06:02:00","modified_gmt":"2023-12-10T06:02:00","slug":"parantezleri-kaldir-2","status":"publish","type":"page","link":"https:\/\/exceladvisor.org\/tr\/parantezleri-kaldir-2\/","title":{"rendered":"Excel&#39;de parantez nas\u0131l kald\u0131r\u0131l\u0131r?"},"content":{"rendered":"<div class=\"excel-icerikten-once\" id=\"excel-26471195\"><script type=\"text\/javascript\">\r\n\tatOptions = {\r\n\t\t'key' : 'c1158f160081d6540a8409e6925dab94',\r\n\t\t'format' : 'iframe',\r\n\t\t'height' : 250,\r\n\t\t'width' : 300,\r\n\t\t'params' : {}\r\n\t};\r\n<\/script>\r\n<script type=\"text\/javascript\" src=\"\/\/www.highperformanceformat.com\/c1158f160081d6540a8409e6925dab94\/invoke.js\"><\/script><\/div> <p>Parantezleri bir dizi h\u00fccreden, hatta Excel&#8217;deki tek bir h\u00fccreden kald\u0131rmak i\u00e7in <a href=\"https:\/\/exceladvisor.org\/tr\/bul-degistir\/\">Bul ve De\u011fi\u015ftir<\/a> ileti\u015fim kutusunu kullanabilirsiniz. De\u011fi\u015ftirmek istedi\u011finiz braketi ve de\u011fi\u015ftirilecek bo\u015f de\u011ferleri belirtebilirsiniz. <\/p><div class=\"wp-block-image\"><figure class=\"aligncenter size-full is-resized\"><img loading=\"lazy\" decoding=\"async\" class=\"wp-image-79447\" src=\"https:\/\/exceladvisor.org\/wp-content\/uploads\/2023\/08\/1-supprimer-les-parentheses.png\" sizes=\"auto, \" srcset=\"\" alt=\"parantezleri kald\u0131r\" width=\"496\" height=\"430\"><\/figure><\/div><p> Bu derste Excel&#8217;deki de\u011ferlerden parantezleri kald\u0131rman\u0131n birka\u00e7 yoluna bakaca\u011f\u0131z.<\/p><h2 class=\"wp-block-heading\"> Excel&#8217;de Parantezleri Kald\u0131rma Ad\u0131mlar\u0131 (Bul ve De\u011fi\u015ftir)<\/h2><p> A\u015fa\u011f\u0131daki ad\u0131mlar\u0131 kullanabilirsiniz:<\/p><ol><li> \u00d6ncelikle parantezleri kald\u0131rmak istedi\u011finiz h\u00fccre aral\u0131\u011f\u0131n\u0131 se\u00e7in. <br><img loading=\"lazy\" decoding=\"async\" title=\"2-kancalar\u0131 \u00e7\u0131kar\u0131n\" src=\"https:\/\/exceladvisor.org\/wp-content\/uploads\/2023\/08\/2-supprimer-les-crochets.png\" sizes=\"auto, \" srcset=\"\" alt=\"remove-brackets\" width=\"333\" height=\"358\"><\/li><li> Bundan sonra <a href=\"https:\/\/exceladvisor.org\/tr\/bul-degistir\/\">Bul ve De\u011fi\u015ftir se\u00e7ene\u011fini<\/a> a\u00e7mak i\u00e7in Ctrl + H klavye k\u0131sayolunu kullan\u0131n. <br><img loading=\"lazy\" decoding=\"async\" title=\"3 bul ve de\u011fi\u015ftir se\u00e7ene\u011fi\" src=\"https:\/\/exceladvisor.org\/wp-content\/uploads\/2023\/08\/3-option-de-recherche-et-de-remplacement.png\" sizes=\"auto, \" srcset=\"\" alt=\"find-and-replace-option\" width=\"648\" height=\"275\"><\/li><li> \u015eimdi Bul giri\u015f \u00e7ubu\u011funa ilk parantez \u201c(\u201d girin, De\u011fi\u015ftir \u00e7ubu\u011funu bo\u015f bir giri\u015fle b\u0131rak\u0131n ve ard\u0131ndan T\u00fcm\u00fcn\u00fc De\u011fi\u015ftir&#8217;i t\u0131klay\u0131n. <br><img loading=\"lazy\" decoding=\"async\" title=\"4-parantezlere-yeni ba\u015flayanlar\" src=\"https:\/\/exceladvisor.org\/wp-content\/uploads\/2023\/08\/4-entrez-les-parentheses-de-depart.png\" sizes=\"auto, \" srcset=\"\" alt=\"enter-the-starting-parentheses\" width=\"647\" height=\"276\"><\/li><li> Bu, ba\u015flang\u0131\u00e7 parantezlerini bo\u015f bir de\u011ferle de\u011fi\u015ftirecektir. <br><img loading=\"lazy\" decoding=\"async\" title=\"5-ba\u015flang\u0131\u00e7-parantezlerini-bo\u015flukla-de\u011fi\u015ftirin\" src=\"https:\/\/exceladvisor.org\/wp-content\/uploads\/2023\/08\/5-remplacer-les-parentheses-de-depart-par-un-blanc.png\" sizes=\"auto, \" srcset=\"\" alt=\"replace-starting-parentheses-with-blank\" width=\"606\" height=\"287\"><\/li><li> Buradan ayr\u0131ca biti\u015f parantezlerini de kald\u0131rman\u0131z gerekir. Bu nedenle Bul giri\u015f \u00e7ubu\u011funa biti\u015f parantezlerini girin, De\u011fi\u015ftir&#8217;i bo\u015f giri\u015f \u00e7ubu\u011fuyla b\u0131rak\u0131n. <br><img loading=\"lazy\" decoding=\"async\" title=\"6-son-parantezleri girin\" src=\"https:\/\/exceladvisor.org\/wp-content\/uploads\/2023\/08\/6-entrez-les-parentheses-de-fin.png\" sizes=\"auto, \" srcset=\"\" alt=\"enter-ending-parentheses\" width=\"646\" height=\"313\"><\/li><li> Sonunda de\u011fi\u015ftirmek i\u00e7in T\u00fcm\u00fcn\u00fc De\u011fi\u015ftir&#8217;i t\u0131klay\u0131n. <br><img loading=\"lazy\" decoding=\"async\" title=\"7-biti\u015f-parantezlerini de\u011fi\u015ftirin\" src=\"https:\/\/exceladvisor.org\/wp-content\/uploads\/2023\/08\/7-remplacer-les-parentheses-de-fin.png\" sizes=\"auto, \" srcset=\"\" alt=\"replace-ending-parentheses\" width=\"650\" height=\"304\"><\/li><\/ol><p> Bu, ba\u015ftaki parantezi ve biti\u015f parantezini kald\u0131rd\u0131\u011f\u0131n\u0131z iki ad\u0131ml\u0131 bir y\u00f6ntemdir.<\/p><h2 class=\"wp-block-heading\"> Excel&#8217;de parantezleri kald\u0131rma form\u00fcl\u00fc<\/h2><p> Form\u00fcl\u00fc, bir h\u00fccreden veya h\u00fccre aral\u0131\u011f\u0131ndan k\u00f6\u015feli ayra\u00e7lar\u0131 kald\u0131rmak i\u00e7in de kullanabilirsiniz. Bunun i\u00e7in de Excel&#8217;in YEDEK i\u015flevini kullanman\u0131z gerekir. <\/p><div class=\"wp-block-image\"><figure class=\"aligncenter size-full is-resized\"><img loading=\"lazy\" decoding=\"async\" class=\"wp-image-79454\" src=\"https:\/\/exceladvisor.org\/wp-content\/uploads\/2023\/08\/8-formules-pour-supprimer-les-parentheses.png\" sizes=\"auto, \" srcset=\"\" alt=\"parantezleri-kald\u0131racak form\u00fcl\" width=\"546\" height=\"416\"><\/figure><\/div><p class=\"formula\"> =YEDEK(YEDEK(A1,\u201d(\u201c,\u201d\u201d),\u201d\u201d,\u201d\u201d)<\/p><p> REPLACE ile bir h\u00fccreye ba\u015fvurabilir, de\u011fi\u015ftirmek istedi\u011finiz de\u011feri ve de\u011fi\u015ftirilecek yeni de\u011feri belirtebilirsiniz. Burada iki SUBSTITUTE fonksiyonunuz var; biri di\u011ferini sar\u0131yor. \u0130lki ba\u015flang\u0131\u00e7 parantezini kald\u0131r\u0131r: <\/p><div class=\"wp-block-image\"><figure class=\"aligncenter size-full is-resized\"><img loading=\"lazy\" decoding=\"async\" class=\"wp-image-79455\" src=\"https:\/\/exceladvisor.org\/wp-content\/uploads\/2023\/08\/9-font-reference-a-une-cellule.png\" sizes=\"auto, \" srcset=\"\" alt=\"bir h\u00fccreye ba\u015fvurmak\" width=\"548\" height=\"187\"><\/figure><\/div><p> Daha sonra ikinci SUBSTITUTE, ilk SUBSTITUTE taraf\u0131ndan d\u00f6nd\u00fcr\u00fclen de\u011feri kullanarak sondaki parantezi kald\u0131r\u0131r. <\/p><div class=\"wp-block-image\"><figure class=\"aligncenter size-full is-resized\"><img loading=\"lazy\" decoding=\"async\" class=\"wp-image-79456\" src=\"https:\/\/exceladvisor.org\/wp-content\/uploads\/2023\/08\/Le-substitut-de-10-secondes-supprime-les-parentheses-de-fin.png\" sizes=\"auto, \" srcset=\"\" alt=\"ikinci-yedek-biti\u015f-parantezlerini kald\u0131r\u0131r\" width=\"528\" height=\"241\"><\/figure><\/div><h2 class=\"wp-block-heading\"> VBA kodu<\/h2><p> Se\u00e7ilen h\u00fccrelerdeki parantezleri kald\u0131rmak i\u00e7in VBA kodunu da kullanabilirsiniz.<\/p><pre class=\"wp-block-code\"> <code class=\"language-visual-basic\" lang=\"visual-basic\"><strong>Sub<\/strong> remove_parenthese() 'this will replace the starting parentheses. Selection.Replace What:=\"(\", Replacement:=\"\", LookAt:=xlPart, _ SearchOrder:=xlByRows, MatchCase:=False, SearchFormat:=False, _ ReplaceFormat:=False 'this will replace the ending parentheses. Selection.Replace What:=\")\", Replacement:=\"\", LookAt:=xlPart, _ SearchOrder:=xlByRows, MatchCase:=False, SearchFormat:=False, _ ReplaceFormat:=False <strong>End<\/strong> <strong>Sub<\/strong><\/code><\/pre><p> H\u00fccreleri se\u00e7meniz ve ard\u0131ndan bu kodu \u00e7al\u0131\u015ft\u0131rman\u0131z gerekir. <\/p><div class=\"gb-container gb-container-52dfcee1 gb-container-sample-file\"><h2 class=\"gb-headline gb-headline-e289c143 gb-headline-text gb-headline-4f7959c2\"> Excel dosyas\u0131n\u0131 al\u0131n<\/h2><p> <a class=\"gb-button gb-button-e88d6bee gb-button-text gb-button-button1\" href=\"https:\/\/exceladvisor.org\/wp-content\/uploads\/2023\/08\/supprimer-les-parentheses.xlsx\" rel=\"nofollow\">\u0130ndirmek<\/a><\/p><\/div><div class=\"gb-container gb-container-4db6181c gb-container-mt\"> <a class=\"gb-button gb-button-c5897111 gb-button-text gb-button-mt-button\" href=\"https:\/\/exceladvisor.org\/tr\/vba\/\">VBA nedir<\/a><h2 class=\"gb-headline gb-headline-665e5f6b gb-headline-text gb-headline-mt-heading\"> \u0130lgili e\u011fitimler <\/h2><div class=\"gb-grid-wrapper gb-grid-wrapper-a20baf7c gb-grid-wrapper-mt-grid\"><div class=\"gb-grid-column gb-grid-column-65ddf67e\"><div class=\"gb-container gb-container-65ddf67e\"><ul><li> Excel&#8217;deki bir h\u00fccreden ilk karakteri kald\u0131rma<\/li><li> <a href=\"https:\/\/exceladvisor.org\/tr\/fazladan-bosluklari-kaldir\/\">Excel&#8217;deki fazladan bo\u015fluklar\u0131 kald\u0131r\u0131n<\/a><\/li><li> <a href=\"https:\/\/exceladvisor.org\/tr\/ilk-son-kelimeyi-al\/\">Excel&#8217;de Ayr\u0131 Adlar \u2013 (Ad ve Soyad\u0131)<\/a><\/li><li> <a href=\"https:\/\/exceladvisor.org\/tr\/son-kelimeyi-cikar-2\/\">H\u00fccredeki son kelimeyi \u00e7\u0131karma<\/a><\/li><li> <a href=\"https:\/\/exceladvisor.org\/tr\/satir-sonunu-kaldir-2\/\">H\u00fccredeki sat\u0131r sonunu kald\u0131rma<\/a> <\/li><\/ul><\/div><\/div><div class=\"gb-grid-column gb-grid-column-50067b57\"><div class=\"gb-container gb-container-50067b57\"><\/div><\/div><\/div><\/div>","protected":false},"excerpt":{"rendered":"","protected":false},"author":1,"featured_media":0,"parent":0,"menu_order":0,"comment_status":"open","ping_status":"closed","template":"","meta":{"ub_ctt_via":"","footnotes":""},"class_list":["post-1710","page","type-page","status-publish","hentry"],"featured_image_src":null,"yoast_head":"<!-- This site is optimized with the Yoast SEO plugin v25.4 - https:\/\/yoast.com\/wordpress\/plugins\/seo\/ -->\n<title>\u25b7 Excel&#039;de parantezleri (k\u00f6\u015feli parantezleri) nas\u0131l kald\u0131rabilirim?<\/title>\n<meta name=\"description\" content=\"Bu e\u011fitimde size bir metin de\u011ferinden parantezleri kald\u0131rmak i\u00e7in bir Excel form\u00fcl\u00fcn\u00fcn nas\u0131l yaz\u0131laca\u011f\u0131 \u00f6\u011fretilecektir. Bunu kontrol edelim\u2026\" \/>\n<meta name=\"robots\" content=\"index, follow, max-snippet:-1, max-image-preview:large, max-video-preview:-1\" \/>\n<link rel=\"canonical\" href=\"https:\/\/exceladvisor.org\/tr\/parantezleri-kaldir-2\/\" \/>\n<meta property=\"og:locale\" content=\"tr_TR\" \/>\n<meta property=\"og:type\" content=\"article\" \/>\n<meta property=\"og:title\" content=\"\u25b7 Excel&#039;de parantezleri (k\u00f6\u015feli parantezleri) nas\u0131l kald\u0131rabilirim?\" \/>\n<meta property=\"og:description\" content=\"Bu e\u011fitimde size bir metin de\u011ferinden parantezleri kald\u0131rmak i\u00e7in bir Excel form\u00fcl\u00fcn\u00fcn nas\u0131l yaz\u0131laca\u011f\u0131 \u00f6\u011fretilecektir. Bunu kontrol edelim\u2026\" \/>\n<meta property=\"og:url\" content=\"https:\/\/exceladvisor.org\/tr\/parantezleri-kaldir-2\/\" \/>\n<meta property=\"og:site_name\" content=\"Excel Advisor\" \/>\n<meta property=\"article:modified_time\" content=\"2023-12-10T06:02:00+00:00\" \/>\n<meta property=\"og:image\" content=\"https:\/\/exceladvisor.org\/wp-content\/uploads\/2023\/08\/1-supprimer-les-parentheses.png\" \/>\n<meta name=\"twitter:card\" content=\"summary_large_image\" \/>\n<meta name=\"twitter:label1\" content=\"Tahmini okuma s\u00fcresi\" \/>\n\t<meta name=\"twitter:data1\" content=\"2 dakika\" \/>\n<script type=\"application\/ld+json\" class=\"yoast-schema-graph\">{\"@context\":\"https:\/\/schema.org\",\"@graph\":[{\"@type\":\"WebPage\",\"@id\":\"https:\/\/exceladvisor.org\/tr\/parantezleri-kaldir-2\/\",\"url\":\"https:\/\/exceladvisor.org\/tr\/parantezleri-kaldir-2\/\",\"name\":\"\u25b7 Excel&#39;de parantezleri (k\u00f6\u015feli parantezleri) nas\u0131l kald\u0131rabilirim?\",\"isPartOf\":{\"@id\":\"https:\/\/exceladvisor.org\/tr\/#website\"},\"primaryImageOfPage\":{\"@id\":\"https:\/\/exceladvisor.org\/tr\/parantezleri-kaldir-2\/#primaryimage\"},\"image\":{\"@id\":\"https:\/\/exceladvisor.org\/tr\/parantezleri-kaldir-2\/#primaryimage\"},\"thumbnailUrl\":\"https:\/\/exceladvisor.org\/wp-content\/uploads\/2023\/08\/1-supprimer-les-parentheses.png\",\"datePublished\":\"2023-11-10T09:22:44+00:00\",\"dateModified\":\"2023-12-10T06:02:00+00:00\",\"description\":\"Bu e\u011fitimde size bir metin de\u011ferinden parantezleri kald\u0131rmak i\u00e7in bir Excel form\u00fcl\u00fcn\u00fcn nas\u0131l yaz\u0131laca\u011f\u0131 \u00f6\u011fretilecektir. Bunu kontrol edelim\u2026\",\"breadcrumb\":{\"@id\":\"https:\/\/exceladvisor.org\/tr\/parantezleri-kaldir-2\/#breadcrumb\"},\"inLanguage\":\"tr\",\"potentialAction\":[{\"@type\":\"ReadAction\",\"target\":[\"https:\/\/exceladvisor.org\/tr\/parantezleri-kaldir-2\/\"]}]},{\"@type\":\"ImageObject\",\"inLanguage\":\"tr\",\"@id\":\"https:\/\/exceladvisor.org\/tr\/parantezleri-kaldir-2\/#primaryimage\",\"url\":\"https:\/\/exceladvisor.org\/wp-content\/uploads\/2023\/08\/1-supprimer-les-parentheses.png\",\"contentUrl\":\"https:\/\/exceladvisor.org\/wp-content\/uploads\/2023\/08\/1-supprimer-les-parentheses.png\"},{\"@type\":\"BreadcrumbList\",\"@id\":\"https:\/\/exceladvisor.org\/tr\/parantezleri-kaldir-2\/#breadcrumb\",\"itemListElement\":[{\"@type\":\"ListItem\",\"position\":1,\"name\":\"Ev\",\"item\":\"https:\/\/exceladvisor.org\/tr\/\"},{\"@type\":\"ListItem\",\"position\":2,\"name\":\"Excel&#39;de parantez nas\u0131l kald\u0131r\u0131l\u0131r?\"}]},{\"@type\":\"WebSite\",\"@id\":\"https:\/\/exceladvisor.org\/tr\/#website\",\"url\":\"https:\/\/exceladvisor.org\/tr\/\",\"name\":\"Excel Advisor\",\"description\":\"Veri hakimiyetine y\u00f6nelik nihai rehberiniz!\",\"publisher\":{\"@id\":\"https:\/\/exceladvisor.org\/tr\/#organization\"},\"potentialAction\":[{\"@type\":\"SearchAction\",\"target\":{\"@type\":\"EntryPoint\",\"urlTemplate\":\"https:\/\/exceladvisor.org\/tr\/?s={search_term_string}\"},\"query-input\":{\"@type\":\"PropertyValueSpecification\",\"valueRequired\":true,\"valueName\":\"search_term_string\"}}],\"inLanguage\":\"tr\"},{\"@type\":\"Organization\",\"@id\":\"https:\/\/exceladvisor.org\/tr\/#organization\",\"name\":\"Excel Advisor\",\"url\":\"https:\/\/exceladvisor.org\/tr\/\",\"logo\":{\"@type\":\"ImageObject\",\"inLanguage\":\"tr\",\"@id\":\"https:\/\/exceladvisor.org\/tr\/#\/schema\/logo\/image\/\",\"url\":\"https:\/\/exceladvisor.org\/tr\/wp-content\/uploads\/2023\/12\/exceladvisor.org_.png\",\"contentUrl\":\"https:\/\/exceladvisor.org\/tr\/wp-content\/uploads\/2023\/12\/exceladvisor.org_.png\",\"width\":105,\"height\":36,\"caption\":\"Excel Advisor\"},\"image\":{\"@id\":\"https:\/\/exceladvisor.org\/tr\/#\/schema\/logo\/image\/\"}}]}<\/script>\n<!-- \/ Yoast SEO plugin. -->","yoast_head_json":{"title":"\u25b7 Excel&#39;de parantezleri (k\u00f6\u015feli parantezleri) nas\u0131l kald\u0131rabilirim?","description":"Bu e\u011fitimde size bir metin de\u011ferinden parantezleri kald\u0131rmak i\u00e7in bir Excel form\u00fcl\u00fcn\u00fcn nas\u0131l yaz\u0131laca\u011f\u0131 \u00f6\u011fretilecektir. Bunu kontrol edelim\u2026","robots":{"index":"index","follow":"follow","max-snippet":"max-snippet:-1","max-image-preview":"max-image-preview:large","max-video-preview":"max-video-preview:-1"},"canonical":"https:\/\/exceladvisor.org\/tr\/parantezleri-kaldir-2\/","og_locale":"tr_TR","og_type":"article","og_title":"\u25b7 Excel&#39;de parantezleri (k\u00f6\u015feli parantezleri) nas\u0131l kald\u0131rabilirim?","og_description":"Bu e\u011fitimde size bir metin de\u011ferinden parantezleri kald\u0131rmak i\u00e7in bir Excel form\u00fcl\u00fcn\u00fcn nas\u0131l yaz\u0131laca\u011f\u0131 \u00f6\u011fretilecektir. Bunu kontrol edelim\u2026","og_url":"https:\/\/exceladvisor.org\/tr\/parantezleri-kaldir-2\/","og_site_name":"Excel Advisor","article_modified_time":"2023-12-10T06:02:00+00:00","og_image":[{"url":"https:\/\/exceladvisor.org\/wp-content\/uploads\/2023\/08\/1-supprimer-les-parentheses.png","type":"","width":"","height":""}],"twitter_card":"summary_large_image","twitter_misc":{"Tahmini okuma s\u00fcresi":"2 dakika"},"schema":{"@context":"https:\/\/schema.org","@graph":[{"@type":"WebPage","@id":"https:\/\/exceladvisor.org\/tr\/parantezleri-kaldir-2\/","url":"https:\/\/exceladvisor.org\/tr\/parantezleri-kaldir-2\/","name":"\u25b7 Excel&#39;de parantezleri (k\u00f6\u015feli parantezleri) nas\u0131l kald\u0131rabilirim?","isPartOf":{"@id":"https:\/\/exceladvisor.org\/tr\/#website"},"primaryImageOfPage":{"@id":"https:\/\/exceladvisor.org\/tr\/parantezleri-kaldir-2\/#primaryimage"},"image":{"@id":"https:\/\/exceladvisor.org\/tr\/parantezleri-kaldir-2\/#primaryimage"},"thumbnailUrl":"https:\/\/exceladvisor.org\/wp-content\/uploads\/2023\/08\/1-supprimer-les-parentheses.png","datePublished":"2023-11-10T09:22:44+00:00","dateModified":"2023-12-10T06:02:00+00:00","description":"Bu e\u011fitimde size bir metin de\u011ferinden parantezleri kald\u0131rmak i\u00e7in bir Excel form\u00fcl\u00fcn\u00fcn nas\u0131l yaz\u0131laca\u011f\u0131 \u00f6\u011fretilecektir. Bunu kontrol edelim\u2026","breadcrumb":{"@id":"https:\/\/exceladvisor.org\/tr\/parantezleri-kaldir-2\/#breadcrumb"},"inLanguage":"tr","potentialAction":[{"@type":"ReadAction","target":["https:\/\/exceladvisor.org\/tr\/parantezleri-kaldir-2\/"]}]},{"@type":"ImageObject","inLanguage":"tr","@id":"https:\/\/exceladvisor.org\/tr\/parantezleri-kaldir-2\/#primaryimage","url":"https:\/\/exceladvisor.org\/wp-content\/uploads\/2023\/08\/1-supprimer-les-parentheses.png","contentUrl":"https:\/\/exceladvisor.org\/wp-content\/uploads\/2023\/08\/1-supprimer-les-parentheses.png"},{"@type":"BreadcrumbList","@id":"https:\/\/exceladvisor.org\/tr\/parantezleri-kaldir-2\/#breadcrumb","itemListElement":[{"@type":"ListItem","position":1,"name":"Ev","item":"https:\/\/exceladvisor.org\/tr\/"},{"@type":"ListItem","position":2,"name":"Excel&#39;de parantez nas\u0131l kald\u0131r\u0131l\u0131r?"}]},{"@type":"WebSite","@id":"https:\/\/exceladvisor.org\/tr\/#website","url":"https:\/\/exceladvisor.org\/tr\/","name":"Excel Advisor","description":"Veri hakimiyetine y\u00f6nelik nihai rehberiniz!","publisher":{"@id":"https:\/\/exceladvisor.org\/tr\/#organization"},"potentialAction":[{"@type":"SearchAction","target":{"@type":"EntryPoint","urlTemplate":"https:\/\/exceladvisor.org\/tr\/?s={search_term_string}"},"query-input":{"@type":"PropertyValueSpecification","valueRequired":true,"valueName":"search_term_string"}}],"inLanguage":"tr"},{"@type":"Organization","@id":"https:\/\/exceladvisor.org\/tr\/#organization","name":"Excel Advisor","url":"https:\/\/exceladvisor.org\/tr\/","logo":{"@type":"ImageObject","inLanguage":"tr","@id":"https:\/\/exceladvisor.org\/tr\/#\/schema\/logo\/image\/","url":"https:\/\/exceladvisor.org\/tr\/wp-content\/uploads\/2023\/12\/exceladvisor.org_.png","contentUrl":"https:\/\/exceladvisor.org\/tr\/wp-content\/uploads\/2023\/12\/exceladvisor.org_.png","width":105,"height":36,"caption":"Excel Advisor"},"image":{"@id":"https:\/\/exceladvisor.org\/tr\/#\/schema\/logo\/image\/"}}]}},"yoast_meta":{"yoast_wpseo_title":"","yoast_wpseo_metadesc":"","yoast_wpseo_canonical":""},"_links":{"self":[{"href":"https:\/\/exceladvisor.org\/tr\/wp-json\/wp\/v2\/pages\/1710","targetHints":{"allow":["GET"]}}],"collection":[{"href":"https:\/\/exceladvisor.org\/tr\/wp-json\/wp\/v2\/pages"}],"about":[{"href":"https:\/\/exceladvisor.org\/tr\/wp-json\/wp\/v2\/types\/page"}],"author":[{"embeddable":true,"href":"https:\/\/exceladvisor.org\/tr\/wp-json\/wp\/v2\/users\/1"}],"replies":[{"embeddable":true,"href":"https:\/\/exceladvisor.org\/tr\/wp-json\/wp\/v2\/comments?post=1710"}],"version-history":[{"count":1,"href":"https:\/\/exceladvisor.org\/tr\/wp-json\/wp\/v2\/pages\/1710\/revisions"}],"predecessor-version":[{"id":2571,"href":"https:\/\/exceladvisor.org\/tr\/wp-json\/wp\/v2\/pages\/1710\/revisions\/2571"}],"wp:attachment":[{"href":"https:\/\/exceladvisor.org\/tr\/wp-json\/wp\/v2\/media?parent=1710"}],"curies":[{"name":"wp","href":"https:\/\/api.w.org\/{rel}","templated":true}]}}