{"id":1711,"date":"2023-11-10T09:08:34","date_gmt":"2023-11-10T09:08:34","guid":{"rendered":"https:\/\/exceladvisor.org\/tr\/en-sik-kullanilan-sayilar\/"},"modified":"2023-12-10T05:58:50","modified_gmt":"2023-12-10T05:58:50","slug":"en-sik-kullanilan-sayilar","status":"publish","type":"page","link":"https:\/\/exceladvisor.org\/tr\/en-sik-kullanilan-sayilar\/","title":{"rendered":"Bir dizinin en s\u0131k say\u0131lar\u0131n\u0131 al\u0131n"},"content":{"rendered":"<div class=\"excel-icerikten-once\" id=\"excel-1133332119\"><script type=\"text\/javascript\">\r\n\tatOptions = {\r\n\t\t'key' : 'c1158f160081d6540a8409e6925dab94',\r\n\t\t'format' : 'iframe',\r\n\t\t'height' : 250,\r\n\t\t'width' : 300,\r\n\t\t'params' : {}\r\n\t};\r\n<\/script>\r\n<script type=\"text\/javascript\" src=\"\/\/www.highperformanceformat.com\/c1158f160081d6540a8409e6925dab94\/invoke.js\"><\/script><\/div> <p>Excel&#8217;de bir say\u0131 listesinden en s\u0131k kullan\u0131lan say\u0131lar\u0131 almak i\u00e7in kullanabilece\u011finiz iki i\u015flev vard\u0131r. Birincisi MODE ve ikincisi MODE.MULT. \u0130lk fonksiyon en s\u0131k kullan\u0131lan numaray\u0131 alman\u0131za yard\u0131mc\u0131 olur, ikincisi ise birden fazla numara alman\u0131za yard\u0131mc\u0131 olur. <\/p><div class=\"wp-block-image\"><figure class=\"aligncenter size-full is-resized\"><img loading=\"lazy\" decoding=\"async\" class=\"wp-image-79886\" src=\"https:\/\/exceladvisor.org\/wp-content\/uploads\/2023\/08\/1-obtenir-les-numeros-les-plus-frequents.png\" sizes=\"auto, \" srcset=\"\" alt=\"en s\u0131k say\u0131lar\u0131 al\" width=\"577\" height=\"418\"><\/figure><\/div><p> Her iki form\u00fcl\u00fc de tek tek \u00f6\u011frenelim.<\/p><h2 class=\"wp-block-heading\"> En s\u0131k g\u00f6r\u00fclen say\u0131y\u0131 elde etme form\u00fcl\u00fc (MODE)<\/h2><p> A\u015fa\u011f\u0131daki ad\u0131mlar\u0131 kullanabilirsiniz:<\/p><ol type=\"1\"><li> \u00d6ncelikle MODE fonksiyonunu bir h\u00fccreye girin.<\/li><li> Bundan sonra ba\u015flang\u0131\u00e7 parantezlerini girin.<\/li><li> Daha sonra numara listesinin bulundu\u011fu aral\u0131\u011fa bak\u0131n.<\/li><li> Sonunda kapatma parantezlerini girin ve sonucu almak i\u00e7in Enter tu\u015funa bas\u0131n. <\/li><\/ol><div class=\"wp-block-image\"><figure class=\"aligncenter size-full is-resized\"><img loading=\"lazy\" decoding=\"async\" class=\"wp-image-79887\" src=\"https:\/\/exceladvisor.org\/wp-content\/uploads\/2023\/08\/2-mode-pour-obtenir-le-numero-le-plus-frequent.png\" sizes=\"auto, \" srcset=\"\" alt=\"en-s\u0131k-benzersiz-say\u0131y\u0131-alma modu\" width=\"363\" height=\"474\"><\/figure><\/div><pre class=\"wp-block-code\"> <code class=\"language-excel-formula\" lang=\"excel-formula\">=MODE(A1:A9)<\/code><\/pre><p> MODE eski bir i\u015flevdir ancak geriye d\u00f6n\u00fck uyumluluk i\u00e7in h\u00e2l\u00e2 mevcuttur. Ancak bu fonksiyonda bir kusur var. Bir listede e\u015fit olarak yer alan iki numaran\u0131z varsa, MODE size sonu\u00e7ta her iki numaray\u0131 da veremez. <\/p><div class=\"wp-block-image\"><figure class=\"aligncenter size-full is-resized\"><img loading=\"lazy\" decoding=\"async\" class=\"wp-image-79888\" src=\"https:\/\/exceladvisor.org\/wp-content\/uploads\/2023\/08\/3-modes-de-resultat.png\" sizes=\"auto, \" srcset=\"\" alt=\"sonu\u00e7 modu\" width=\"371\" height=\"505\"><\/figure><\/div><p> Yukar\u0131daki \u00f6rnekte 30 ve 10&#8217;unuz var; her iki say\u0131 da listede d\u00f6rt kez g\u00f6r\u00fcn\u00fcr, ancak MODE sonu\u00e7ta 10 veya hem 10 hem de 30 de\u011fil 30 de\u011ferini d\u00f6nd\u00fcr\u00fcr.<\/p><h2 class=\"wp-block-heading\"> \u00c7oklu s\u0131k say\u0131lar\u0131 elde etme form\u00fcl\u00fc (MODE.MULT)<\/h2><p> A\u015fa\u011f\u0131daki ad\u0131mlar\u0131 kullanabilirsiniz:<\/p><ol type=\"1\"><li> \u00d6ncelikle Excel&#8217;in MODE.MULT fonksiyonunu bir h\u00fccreye girin.<\/li><li> Bundan sonra ba\u015flang\u0131\u00e7 parantezlerini girin.<\/li><li> Daha sonra, say\u0131lar\u0131n listesinin bulundu\u011fu h\u00fccre aral\u0131\u011f\u0131na bak\u0131n.<\/li><li> Sonunda kapatma parantezlerini girin ve sonucu almak i\u00e7in Enter tu\u015funa bas\u0131n. <\/li><\/ol><div class=\"wp-block-image\"><figure class=\"aligncenter size-full is-resized\"><img loading=\"lazy\" decoding=\"async\" class=\"wp-image-79889\" src=\"https:\/\/exceladvisor.org\/wp-content\/uploads\/2023\/08\/4-obtenir-plusieurs-numeros-frequents.png\" sizes=\"auto, \" srcset=\"\" alt=\"birden fazla s\u0131k numara alma\" width=\"377\" height=\"457\"><\/figure><\/div><p> MODE.MULT, sonu\u00e7lar\u0131 birden \u00e7ok h\u00fccrede d\u00f6nd\u00fcrebilen dinamik bir dizi i\u015flevidir. Bu y\u00fczden sonu\u00e7ta 30 ve 10 de\u011ferini d\u00f6nd\u00fcr\u00fcr, \u00e7\u00fcnk\u00fc her iki say\u0131 da listede e\u015fit olarak g\u00f6r\u00fcn\u00fcr.<\/p><pre class=\"wp-block-code\"> <code class=\"language-excel-formula\" lang=\"excel-formula\">=MODE.MULT(A1:A9)<\/code><\/pre><p> Ve e\u011fer sonucu bir aral\u0131k i\u00e7erisinde yatay bi\u00e7imde almak istiyorsan\u0131z TRANSPOSE fonksiyonunu kullanabilirsiniz. <\/p><div class=\"wp-block-image\"><figure class=\"aligncenter size-full is-resized\"><img loading=\"lazy\" decoding=\"async\" class=\"wp-image-79890\" src=\"https:\/\/exceladvisor.org\/wp-content\/uploads\/2023\/08\/5-modes-de-transposition-multi-resultats.png\" sizes=\"auto, \" srcset=\"\" alt=\"devrik-mode.mult-sonu\u00e7\" width=\"606\" height=\"271\"><\/figure><\/div><pre class=\"wp-block-code\"> <code class=\"language-excel-formula\" lang=\"excel-formula\">=TRANSPOSE(MODE.MULT(A1:A9))<\/code><\/pre><div class=\"gb-container gb-container-52dfcee1 gb-container-sample-file\"><h2 class=\"gb-headline gb-headline-e289c143 gb-headline-text gb-headline-4f7959c2\"> Excel dosyas\u0131n\u0131 al\u0131n<\/h2> <a class=\"gb-button gb-button-e88d6bee gb-button-text gb-button-button1\" href=\"https:\/\/exceladvisor.org\/wp-content\/uploads\/2023\/08\/numero-le-plus-frequent.xlsx\" rel=\"nofollow\">\u0130ndirmek<\/a><\/div><div class=\"gb-container gb-container-0df56012 gb-container-mt\"> <a class=\"gb-button gb-button-f9f432f4 gb-button-text gb-button-mt-button\" href=\"https:\/\/exceladvisor.org\/tr\/formuller\/\">Excel form\u00fcllerinin listesi<\/a><h2 class=\"gb-headline gb-headline-233444e8 gb-headline-text gb-headline-mt-heading\"> \u0130lgili form\u00fcller <\/h2><div class=\"gb-grid-wrapper gb-grid-wrapper-a16fa65c gb-grid-wrapper-mt-grid\"><div class=\"gb-grid-column gb-grid-column-50d07e0d\"><div class=\"gb-container gb-container-50d07e0d\"><ul><li> <a href=\"https:\/\/exceladvisor.org\/tr\/varyasyon-katsayisi\/\">Excel&#8217;de varyasyon katsay\u0131s\u0131n\u0131 (CV) hesaplay\u0131n<\/a><\/li><li> <a href=\"https:\/\/exceladvisor.org\/tr\/maksimum-ise\/\">Excel&#8217;de MAX IF<\/a><\/li><li> <a href=\"https:\/\/exceladvisor.org\/tr\/rapor\/\">Excel&#8217;de oran\u0131 h\u0131zla hesaplay\u0131n<\/a><\/li><li> <a href=\"https:\/\/exceladvisor.org\/tr\/en-dusuk-deger\/\">Say\u0131 listesinden en d\u00fc\u015f\u00fck de\u011feri bulun (N)<\/a> <\/li><\/ul><\/div><\/div><div class=\"gb-grid-column gb-grid-column-5b4a0cf9\"><div class=\"gb-container gb-container-5b4a0cf9\"><\/div><\/div><\/div><\/div>","protected":false},"excerpt":{"rendered":"","protected":false},"author":1,"featured_media":0,"parent":0,"menu_order":0,"comment_status":"open","ping_status":"closed","template":"","meta":{"ub_ctt_via":"","footnotes":""},"class_list":["post-1711","page","type-page","status-publish","hentry"],"featured_image_src":null,"yoast_head":"<!-- This site is optimized with the Yoast SEO plugin v25.4 - https:\/\/yoast.com\/wordpress\/plugins\/seo\/ -->\n<title>Bir diziden en s\u0131k kullan\u0131lan say\u0131lar\u0131 al\u0131n<\/title>\n<meta name=\"description\" content=\"Bu e\u011fitim size say\u0131lar listesinden en s\u0131k kullan\u0131lan say\u0131y\u0131 almak i\u00e7in bir Excel form\u00fcl\u00fcn\u00fcn nas\u0131l yaz\u0131laca\u011f\u0131n\u0131 \u00f6\u011fretecektir. Bunu kontrol edelim\u2026\" \/>\n<meta name=\"robots\" content=\"index, follow, max-snippet:-1, max-image-preview:large, max-video-preview:-1\" \/>\n<link rel=\"canonical\" href=\"https:\/\/exceladvisor.org\/tr\/en-sik-kullanilan-sayilar\/\" \/>\n<meta property=\"og:locale\" content=\"tr_TR\" \/>\n<meta property=\"og:type\" content=\"article\" \/>\n<meta property=\"og:title\" content=\"Bir diziden en s\u0131k kullan\u0131lan say\u0131lar\u0131 al\u0131n\" \/>\n<meta property=\"og:description\" content=\"Bu e\u011fitim size say\u0131lar listesinden en s\u0131k kullan\u0131lan say\u0131y\u0131 almak i\u00e7in bir Excel form\u00fcl\u00fcn\u00fcn nas\u0131l yaz\u0131laca\u011f\u0131n\u0131 \u00f6\u011fretecektir. Bunu kontrol edelim\u2026\" \/>\n<meta property=\"og:url\" content=\"https:\/\/exceladvisor.org\/tr\/en-sik-kullanilan-sayilar\/\" \/>\n<meta property=\"og:site_name\" content=\"Excel Advisor\" \/>\n<meta property=\"article:modified_time\" content=\"2023-12-10T05:58:50+00:00\" \/>\n<meta property=\"og:image\" content=\"https:\/\/exceladvisor.org\/wp-content\/uploads\/2023\/08\/1-obtenir-les-numeros-les-plus-frequents.png\" \/>\n<meta name=\"twitter:card\" content=\"summary_large_image\" \/>\n<meta name=\"twitter:label1\" content=\"Tahmini okuma s\u00fcresi\" \/>\n\t<meta name=\"twitter:data1\" content=\"2 dakika\" \/>\n<script type=\"application\/ld+json\" class=\"yoast-schema-graph\">{\"@context\":\"https:\/\/schema.org\",\"@graph\":[{\"@type\":\"WebPage\",\"@id\":\"https:\/\/exceladvisor.org\/tr\/en-sik-kullanilan-sayilar\/\",\"url\":\"https:\/\/exceladvisor.org\/tr\/en-sik-kullanilan-sayilar\/\",\"name\":\"Bir diziden en s\u0131k kullan\u0131lan say\u0131lar\u0131 al\u0131n\",\"isPartOf\":{\"@id\":\"https:\/\/exceladvisor.org\/tr\/#website\"},\"primaryImageOfPage\":{\"@id\":\"https:\/\/exceladvisor.org\/tr\/en-sik-kullanilan-sayilar\/#primaryimage\"},\"image\":{\"@id\":\"https:\/\/exceladvisor.org\/tr\/en-sik-kullanilan-sayilar\/#primaryimage\"},\"thumbnailUrl\":\"https:\/\/exceladvisor.org\/wp-content\/uploads\/2023\/08\/1-obtenir-les-numeros-les-plus-frequents.png\",\"datePublished\":\"2023-11-10T09:08:34+00:00\",\"dateModified\":\"2023-12-10T05:58:50+00:00\",\"description\":\"Bu e\u011fitim size say\u0131lar listesinden en s\u0131k kullan\u0131lan say\u0131y\u0131 almak i\u00e7in bir Excel form\u00fcl\u00fcn\u00fcn nas\u0131l yaz\u0131laca\u011f\u0131n\u0131 \u00f6\u011fretecektir. Bunu kontrol edelim\u2026\",\"breadcrumb\":{\"@id\":\"https:\/\/exceladvisor.org\/tr\/en-sik-kullanilan-sayilar\/#breadcrumb\"},\"inLanguage\":\"tr\",\"potentialAction\":[{\"@type\":\"ReadAction\",\"target\":[\"https:\/\/exceladvisor.org\/tr\/en-sik-kullanilan-sayilar\/\"]}]},{\"@type\":\"ImageObject\",\"inLanguage\":\"tr\",\"@id\":\"https:\/\/exceladvisor.org\/tr\/en-sik-kullanilan-sayilar\/#primaryimage\",\"url\":\"https:\/\/exceladvisor.org\/wp-content\/uploads\/2023\/08\/1-obtenir-les-numeros-les-plus-frequents.png\",\"contentUrl\":\"https:\/\/exceladvisor.org\/wp-content\/uploads\/2023\/08\/1-obtenir-les-numeros-les-plus-frequents.png\"},{\"@type\":\"BreadcrumbList\",\"@id\":\"https:\/\/exceladvisor.org\/tr\/en-sik-kullanilan-sayilar\/#breadcrumb\",\"itemListElement\":[{\"@type\":\"ListItem\",\"position\":1,\"name\":\"Ev\",\"item\":\"https:\/\/exceladvisor.org\/tr\/\"},{\"@type\":\"ListItem\",\"position\":2,\"name\":\"Bir dizinin en s\u0131k say\u0131lar\u0131n\u0131 al\u0131n\"}]},{\"@type\":\"WebSite\",\"@id\":\"https:\/\/exceladvisor.org\/tr\/#website\",\"url\":\"https:\/\/exceladvisor.org\/tr\/\",\"name\":\"Excel Advisor\",\"description\":\"Veri hakimiyetine y\u00f6nelik nihai rehberiniz!\",\"publisher\":{\"@id\":\"https:\/\/exceladvisor.org\/tr\/#organization\"},\"potentialAction\":[{\"@type\":\"SearchAction\",\"target\":{\"@type\":\"EntryPoint\",\"urlTemplate\":\"https:\/\/exceladvisor.org\/tr\/?s={search_term_string}\"},\"query-input\":{\"@type\":\"PropertyValueSpecification\",\"valueRequired\":true,\"valueName\":\"search_term_string\"}}],\"inLanguage\":\"tr\"},{\"@type\":\"Organization\",\"@id\":\"https:\/\/exceladvisor.org\/tr\/#organization\",\"name\":\"Excel Advisor\",\"url\":\"https:\/\/exceladvisor.org\/tr\/\",\"logo\":{\"@type\":\"ImageObject\",\"inLanguage\":\"tr\",\"@id\":\"https:\/\/exceladvisor.org\/tr\/#\/schema\/logo\/image\/\",\"url\":\"https:\/\/exceladvisor.org\/tr\/wp-content\/uploads\/2023\/12\/exceladvisor.org_.png\",\"contentUrl\":\"https:\/\/exceladvisor.org\/tr\/wp-content\/uploads\/2023\/12\/exceladvisor.org_.png\",\"width\":105,\"height\":36,\"caption\":\"Excel Advisor\"},\"image\":{\"@id\":\"https:\/\/exceladvisor.org\/tr\/#\/schema\/logo\/image\/\"}}]}<\/script>\n<!-- \/ Yoast SEO plugin. -->","yoast_head_json":{"title":"Bir diziden en s\u0131k kullan\u0131lan say\u0131lar\u0131 al\u0131n","description":"Bu e\u011fitim size say\u0131lar listesinden en s\u0131k kullan\u0131lan say\u0131y\u0131 almak i\u00e7in bir Excel form\u00fcl\u00fcn\u00fcn nas\u0131l yaz\u0131laca\u011f\u0131n\u0131 \u00f6\u011fretecektir. Bunu kontrol edelim\u2026","robots":{"index":"index","follow":"follow","max-snippet":"max-snippet:-1","max-image-preview":"max-image-preview:large","max-video-preview":"max-video-preview:-1"},"canonical":"https:\/\/exceladvisor.org\/tr\/en-sik-kullanilan-sayilar\/","og_locale":"tr_TR","og_type":"article","og_title":"Bir diziden en s\u0131k kullan\u0131lan say\u0131lar\u0131 al\u0131n","og_description":"Bu e\u011fitim size say\u0131lar listesinden en s\u0131k kullan\u0131lan say\u0131y\u0131 almak i\u00e7in bir Excel form\u00fcl\u00fcn\u00fcn nas\u0131l yaz\u0131laca\u011f\u0131n\u0131 \u00f6\u011fretecektir. Bunu kontrol edelim\u2026","og_url":"https:\/\/exceladvisor.org\/tr\/en-sik-kullanilan-sayilar\/","og_site_name":"Excel Advisor","article_modified_time":"2023-12-10T05:58:50+00:00","og_image":[{"url":"https:\/\/exceladvisor.org\/wp-content\/uploads\/2023\/08\/1-obtenir-les-numeros-les-plus-frequents.png","type":"","width":"","height":""}],"twitter_card":"summary_large_image","twitter_misc":{"Tahmini okuma s\u00fcresi":"2 dakika"},"schema":{"@context":"https:\/\/schema.org","@graph":[{"@type":"WebPage","@id":"https:\/\/exceladvisor.org\/tr\/en-sik-kullanilan-sayilar\/","url":"https:\/\/exceladvisor.org\/tr\/en-sik-kullanilan-sayilar\/","name":"Bir diziden en s\u0131k kullan\u0131lan say\u0131lar\u0131 al\u0131n","isPartOf":{"@id":"https:\/\/exceladvisor.org\/tr\/#website"},"primaryImageOfPage":{"@id":"https:\/\/exceladvisor.org\/tr\/en-sik-kullanilan-sayilar\/#primaryimage"},"image":{"@id":"https:\/\/exceladvisor.org\/tr\/en-sik-kullanilan-sayilar\/#primaryimage"},"thumbnailUrl":"https:\/\/exceladvisor.org\/wp-content\/uploads\/2023\/08\/1-obtenir-les-numeros-les-plus-frequents.png","datePublished":"2023-11-10T09:08:34+00:00","dateModified":"2023-12-10T05:58:50+00:00","description":"Bu e\u011fitim size say\u0131lar listesinden en s\u0131k kullan\u0131lan say\u0131y\u0131 almak i\u00e7in bir Excel form\u00fcl\u00fcn\u00fcn nas\u0131l yaz\u0131laca\u011f\u0131n\u0131 \u00f6\u011fretecektir. Bunu kontrol edelim\u2026","breadcrumb":{"@id":"https:\/\/exceladvisor.org\/tr\/en-sik-kullanilan-sayilar\/#breadcrumb"},"inLanguage":"tr","potentialAction":[{"@type":"ReadAction","target":["https:\/\/exceladvisor.org\/tr\/en-sik-kullanilan-sayilar\/"]}]},{"@type":"ImageObject","inLanguage":"tr","@id":"https:\/\/exceladvisor.org\/tr\/en-sik-kullanilan-sayilar\/#primaryimage","url":"https:\/\/exceladvisor.org\/wp-content\/uploads\/2023\/08\/1-obtenir-les-numeros-les-plus-frequents.png","contentUrl":"https:\/\/exceladvisor.org\/wp-content\/uploads\/2023\/08\/1-obtenir-les-numeros-les-plus-frequents.png"},{"@type":"BreadcrumbList","@id":"https:\/\/exceladvisor.org\/tr\/en-sik-kullanilan-sayilar\/#breadcrumb","itemListElement":[{"@type":"ListItem","position":1,"name":"Ev","item":"https:\/\/exceladvisor.org\/tr\/"},{"@type":"ListItem","position":2,"name":"Bir dizinin en s\u0131k say\u0131lar\u0131n\u0131 al\u0131n"}]},{"@type":"WebSite","@id":"https:\/\/exceladvisor.org\/tr\/#website","url":"https:\/\/exceladvisor.org\/tr\/","name":"Excel Advisor","description":"Veri hakimiyetine y\u00f6nelik nihai rehberiniz!","publisher":{"@id":"https:\/\/exceladvisor.org\/tr\/#organization"},"potentialAction":[{"@type":"SearchAction","target":{"@type":"EntryPoint","urlTemplate":"https:\/\/exceladvisor.org\/tr\/?s={search_term_string}"},"query-input":{"@type":"PropertyValueSpecification","valueRequired":true,"valueName":"search_term_string"}}],"inLanguage":"tr"},{"@type":"Organization","@id":"https:\/\/exceladvisor.org\/tr\/#organization","name":"Excel Advisor","url":"https:\/\/exceladvisor.org\/tr\/","logo":{"@type":"ImageObject","inLanguage":"tr","@id":"https:\/\/exceladvisor.org\/tr\/#\/schema\/logo\/image\/","url":"https:\/\/exceladvisor.org\/tr\/wp-content\/uploads\/2023\/12\/exceladvisor.org_.png","contentUrl":"https:\/\/exceladvisor.org\/tr\/wp-content\/uploads\/2023\/12\/exceladvisor.org_.png","width":105,"height":36,"caption":"Excel Advisor"},"image":{"@id":"https:\/\/exceladvisor.org\/tr\/#\/schema\/logo\/image\/"}}]}},"yoast_meta":{"yoast_wpseo_title":"","yoast_wpseo_metadesc":"","yoast_wpseo_canonical":""},"_links":{"self":[{"href":"https:\/\/exceladvisor.org\/tr\/wp-json\/wp\/v2\/pages\/1711","targetHints":{"allow":["GET"]}}],"collection":[{"href":"https:\/\/exceladvisor.org\/tr\/wp-json\/wp\/v2\/pages"}],"about":[{"href":"https:\/\/exceladvisor.org\/tr\/wp-json\/wp\/v2\/types\/page"}],"author":[{"embeddable":true,"href":"https:\/\/exceladvisor.org\/tr\/wp-json\/wp\/v2\/users\/1"}],"replies":[{"embeddable":true,"href":"https:\/\/exceladvisor.org\/tr\/wp-json\/wp\/v2\/comments?post=1711"}],"version-history":[{"count":1,"href":"https:\/\/exceladvisor.org\/tr\/wp-json\/wp\/v2\/pages\/1711\/revisions"}],"predecessor-version":[{"id":2274,"href":"https:\/\/exceladvisor.org\/tr\/wp-json\/wp\/v2\/pages\/1711\/revisions\/2274"}],"wp:attachment":[{"href":"https:\/\/exceladvisor.org\/tr\/wp-json\/wp\/v2\/media?parent=1711"}],"curies":[{"name":"wp","href":"https:\/\/api.w.org\/{rel}","templated":true}]}}