{"id":1712,"date":"2023-11-10T09:01:18","date_gmt":"2023-11-10T09:01:18","guid":{"rendered":"https:\/\/exceladvisor.org\/tr\/iki-tarih-arasindaki-gun-sayisi\/"},"modified":"2023-12-10T06:04:17","modified_gmt":"2023-12-10T06:04:17","slug":"iki-tarih-arasindaki-gun-sayisi","status":"publish","type":"page","link":"https:\/\/exceladvisor.org\/tr\/iki-tarih-arasindaki-gun-sayisi\/","title":{"rendered":"I\u0307ki tarih aras\u0131ndaki g\u00fcnler nas\u0131l say\u0131l\u0131r?"},"content":{"rendered":"<div class=\"excel-icerikten-once\" id=\"excel-500097860\"><script type=\"text\/javascript\">\r\n\tatOptions = {\r\n\t\t'key' : 'c1158f160081d6540a8409e6925dab94',\r\n\t\t'format' : 'iframe',\r\n\t\t'height' : 250,\r\n\t\t'width' : 300,\r\n\t\t'params' : {}\r\n\t};\r\n<\/script>\r\n<script type=\"text\/javascript\" src=\"\/\/www.highperformanceformat.com\/c1158f160081d6540a8409e6925dab94\/invoke.js\"><\/script><\/div> <p>\u0130ki tarih (bir tarih aral\u0131\u011f\u0131) aras\u0131ndaki g\u00fcnleri saymak i\u00e7in E\u011eERSAY yerine E\u011eERSAY i\u015flevini kullanman\u0131z gerekir. Tarih aral\u0131\u011f\u0131 olu\u015fturmak i\u00e7in bir alt tarih ve bir \u00fcst tarih belirtmeniz gerekir. Bu, Excel&#8217;e yaln\u0131zca g\u00fcn aral\u0131\u011f\u0131 aras\u0131ndaki g\u00fcnleri saymas\u0131n\u0131 s\u00f6yler. <\/p><div class=\"wp-block-image\"><figure class=\"aligncenter size-full is-resized\"><img loading=\"lazy\" decoding=\"async\" class=\"wp-image-79385\" src=\"https:\/\/exceladvisor.org\/wp-content\/uploads\/2023\/08\/1-jours-entre-deux-dates.png\" sizes=\"auto, \" srcset=\"\" alt=\"iki tarih aras\u0131ndaki g\u00fcnler\" width=\"664\" height=\"506\"><\/figure><\/div><h2 id=\"h-formula-to-count-days-between-two-dates\" class=\"wp-block-heading\"> \u0130ki tarih aras\u0131ndaki g\u00fcnleri sayma form\u00fcl\u00fc<\/h2><p> A\u015fa\u011f\u0131daki ad\u0131mlar\u0131 kullanabilirsiniz:<\/p><ol type=\"1\"><li> \u00d6ncelikle bir h\u00fccreye COUNTIFS fonksiyonunu girin.<\/li><li> Bundan sonra, \u00f6l\u00e7\u00fct_aral\u0131\u011f\u01311 ba\u011f\u0131ms\u0131z de\u011fi\u015fkeninde tarihlerinizin bulundu\u011fu aral\u0131\u011fa bak\u0131n.<\/li><li> Daha sonra, \u00f6l\u00e7\u00fct1 ba\u011f\u0131ms\u0131z de\u011fi\u015fkeninde b\u00fcy\u00fckt\u00fcr (&gt;) ve e\u015fittir (=) i\u015faretini girin ve bunu \u00e7ift t\u0131rnak i\u00e7ine al\u0131n. Daha sonra en d\u00fc\u015f\u00fck tarihin oldu\u011fu h\u00fccreye bak\u0131n.<\/li><li> Art\u0131k \u00f6l\u00e7\u00fct aral\u0131\u011f\u0131 2&#8217;deyken tarih aral\u0131\u011f\u0131na tekrar bak\u0131n.<\/li><li> Daha sonra \u00f6l\u00e7\u00fct2&#8217;ye k\u00fc\u00e7\u00fck (&lt;) ve e\u015fittir (=) i\u015faretini girin ve \u00e7ift t\u0131rnak i\u00e7ine al\u0131n. Daha sonra \u00fcst tarihin bulundu\u011fu h\u00fccreye bak\u0131n.<\/li><li> Sonunda i\u015flevi kapat\u0131n ve sonucu almak i\u00e7in Enter tu\u015funa bas\u0131n. <\/li><\/ol><div class=\"wp-block-image\"><figure class=\"aligncenter size-full is-resized\"><img loading=\"lazy\" decoding=\"async\" class=\"wp-image-79386\" src=\"https:\/\/exceladvisor.org\/wp-content\/uploads\/2023\/08\/2-countif-pour-compter-les-jours-entre-les-dates.png\" sizes=\"auto, \" srcset=\"\" alt=\"tarihler aras\u0131ndaki-say\u0131lacak-g\u00fcnleri-say\u0131m\" width=\"751\" height=\"494\"><\/figure><\/div><pre class=\"wp-block-code\"> <code class=\"language-excel-formula\" lang=\"excel-formula\">=COUNTIFS(A2:A17,\"&gt;=\"&amp;E2,A2:A17,\"&lt;=\"&amp;F2)<\/code><\/pre><h2 id=\"h-how-this-formula-works\" class=\"wp-block-heading\"> Bu form\u00fcl nas\u0131l \u00e7al\u0131\u015f\u0131yor?<\/h2><p> Bu form\u00fcl\u00fc anlamak i\u00e7in onu iki par\u00e7aya ay\u0131rabilirsiniz. <\/p><div class=\"wp-block-image\"><figure class=\"aligncenter size-full is-resized\"><img loading=\"lazy\" decoding=\"async\" class=\"wp-image-79387\" src=\"https:\/\/exceladvisor.org\/wp-content\/uploads\/2023\/08\/3-comment-fonctionne-la-formule-countif.png\" sizes=\"auto, \" srcset=\"\" alt=\"countif form\u00fcl\u00fc nas\u0131l \u00e7al\u0131\u015f\u0131r?\" width=\"524\" height=\"158\"><\/figure><\/div><ul><li> \u0130lk b\u00f6l\u00fcmde E2 h\u00fccresinde bulunan tarihten b\u00fcy\u00fck ve ona e\u015fit h\u00fccreleri test etme \u015fart\u0131n\u0131z bulunmaktad\u0131r. yani 4 Kas\u0131m 2022.<\/li><li> \u0130kinci b\u00f6l\u00fcmde F2 h\u00fccresinde sahip oldu\u011funuz tarihten k\u00fc\u00e7\u00fck ve ona e\u015fit olan h\u00fccreleri test etme \u015fart\u0131n\u0131z bulunmaktad\u0131r. yani 4 Aral\u0131k 2022.<\/li><\/ul><p> B\u00f6ylece 15 h\u00fccrenin 4 Kas\u0131m 2022 ile 4 Aral\u0131k 2022 tarihleri aras\u0131nda bir tarihi var.<\/p><p class=\"qt-tip\"> <strong>Not:<\/strong> B\u00fcy\u00fckt\u00fcr (&gt;), k\u00fc\u00e7\u00fckt\u00fcr (&lt;) ve e\u015fittir (=) operat\u00f6rlerini metin olarak ve \u00e7ift t\u0131rnak i\u00e7ine alarak girdi\u011finizden emin olun.<\/p><h2 id=\"h-use-sumproduct-to-count-between-dates\" class=\"wp-block-heading\"> Tarihler aras\u0131nda saymak i\u00e7in SUMproduct kullan\u0131n<\/h2><p> A\u015fa\u011f\u0131daki \u00f6rnekte oldu\u011fu gibi, iki tarih aras\u0131ndaki tarihleri saymak i\u00e7in SUMproduct&#8217;\u0131 da kullanabilirsiniz: <\/p><div class=\"wp-block-image\"><figure class=\"aligncenter size-full is-resized\"><img loading=\"lazy\" decoding=\"async\" class=\"wp-image-79388\" src=\"https:\/\/exceladvisor.org\/wp-content\/uploads\/2023\/08\/4-sumproduct-pour-compter-les-jours.png\" sizes=\"auto, \" srcset=\"\" alt=\"toplam \u00fcr\u00fcn-say\u0131-g\u00fcnler\" width=\"567\" height=\"568\"><\/figure><\/div><pre class=\"wp-block-code\"> <code class=\"language-excel-formula\" lang=\"excel-formula\">=SUMPRODUCT(--(A2:A17&lt;=F2),--(A2:A17&gt;=E2))<\/code><\/pre><p> \u015eimdi bu form\u00fcl\u00fc ad\u0131m ad\u0131m anlayal\u0131m. Ancak bundan \u00f6nce SUMproduct&#8217;un tek bir h\u00fccrede dizi alabildi\u011fini bilmeniz gerekir.<\/p><p> Form\u00fcl\u00fcn ilk b\u00f6l\u00fcm\u00fcnde aral\u0131ktaki t\u00fcm tarihleri kontrol etme ko\u015fulu vard\u0131r. Hangisinin belirtilen tarihten k\u00fc\u00e7\u00fck ve e\u015fit oldu\u011funu kontrol edecektir. DO\u011eRU ve YANLI\u015e de\u011ferini d\u00f6nd\u00fcrd\u00fc\u011f\u00fcn\u00fc g\u00f6rebilirsiniz. <\/p><div class=\"wp-block-image\"><figure class=\"aligncenter size-full is-resized\"><img loading=\"lazy\" decoding=\"async\" class=\"wp-image-79389\" src=\"https:\/\/exceladvisor.org\/wp-content\/uploads\/2023\/08\/5-comprendre-sumproduct-pour-compter-les-jours.png\" sizes=\"auto, \" srcset=\"\" alt=\"say\u0131lan g\u00fcnlerin toplam\u0131n\u0131n anla\u015f\u0131lmas\u0131\" width=\"390\" height=\"169\"><\/figure><\/div><p> Bundan sonra, bu DO\u011eRU ve YANLI\u015e&#8217;\u0131 1 ve 0&#8217;a d\u00f6n\u00fc\u015ft\u00fcren \u00e7ift eksi i\u015faretiniz olur. <\/p><div class=\"wp-block-image\"><figure class=\"aligncenter size-full is-resized\"><img loading=\"lazy\" decoding=\"async\" class=\"wp-image-79390\" src=\"https:\/\/exceladvisor.org\/wp-content\/uploads\/2023\/08\/6-double-signe-moins-convertira-vrai-ou-faux.png\" sizes=\"auto, \" srcset=\"\" alt=\"\u00e7ift eksi i\u015fareti-do\u011fruyu-yanl\u0131\u015f\u0131-d\u00f6n\u00fc\u015ft\u00fcrecek\" width=\"422\" height=\"139\"><\/figure><\/div><p> Form\u00fcl\u00fcn ikinci b\u00f6l\u00fcm\u00fcnde yine test etmeniz gereken ko\u015ful var. Ve bu ko\u015ful kar\u015f\u0131lan\u0131rsa DO\u011eRU, aksi halde YANLI\u015e de\u011ferini d\u00f6nd\u00fcr\u00fcr. <\/p><div class=\"wp-block-image\"><figure class=\"aligncenter size-full is-resized\"><img loading=\"lazy\" decoding=\"async\" class=\"wp-image-79391\" src=\"https:\/\/exceladvisor.org\/wp-content\/uploads\/2023\/08\/7-renvoie-vrai-si-la-condition-est-remplie.png\" sizes=\"auto, \" srcset=\"\" alt=\"ko\u015ful kar\u015f\u0131lan\u0131rsa-do\u011fru-d\u00f6nd\u00fcr\u00fcr\" width=\"423\" height=\"152\"><\/figure><\/div><p> Bundan sonra \u00e7ift eksi i\u015fareti DO\u011eRU ve YANLI\u015e&#8217;\u0131 1 ve 0&#8217;a d\u00f6n\u00fc\u015ft\u00fcr\u00fcr. <\/p><div class=\"wp-block-image\"><figure class=\"aligncenter size-full is-resized\"><img loading=\"lazy\" decoding=\"async\" class=\"wp-image-79392\" src=\"https:\/\/exceladvisor.org\/wp-content\/uploads\/2023\/08\/8-vrai-et-faux-en-zero-et-un.png\" sizes=\"auto, \" srcset=\"\" alt=\"s\u0131f\u0131r ve birde do\u011fru ve yanl\u0131\u015f\" width=\"435\" height=\"125\"><\/figure><\/div><p> Bu noktada iki tablonuz var. 1, aral\u0131ktaki tarihin belirtilen tarih aral\u0131\u011f\u0131 aras\u0131nda oldu\u011fu anlam\u0131na gelir.<\/p><p> SUMPROD, bu dizilerin bir \u00e7arp\u0131m\u0131n\u0131 olu\u015fturur ve tek bir dizi d\u00f6nd\u00fcr\u00fcr, ard\u0131ndan o dizinin de\u011ferlerini, yani aral\u0131k aras\u0131ndaki tarihlerin say\u0131s\u0131n\u0131 toplar. <\/p><div class=\"gb-container gb-container-52dfcee1 gb-container-sample-file\"><h2 class=\"gb-headline gb-headline-e289c143 gb-headline-text gb-headline-4f7959c2\"> Excel dosyas\u0131n\u0131 al\u0131n<\/h2><p> <a class=\"gb-button gb-button-e88d6bee gb-button-text gb-button-button1\" href=\"https:\/\/exceladvisor.org\/wp-content\/uploads\/2023\/08\/jours-entre-les-dates.xlsx\" rel=\"nofollow\">\u0130ndirmek<\/a><\/p><\/div><div class=\"gb-container gb-container-0df56012 gb-container-mt\"> <a class=\"gb-button gb-button-f9f432f4 gb-button-text gb-button-mt-button\" href=\"https:\/\/exceladvisor.org\/tr\/formuller\/\">Excel form\u00fcllerinin listesi<\/a><h2 class=\"gb-headline gb-headline-233444e8 gb-headline-text gb-headline-mt-heading\"> \u0130lgili form\u00fcller <\/h2><div class=\"gb-grid-wrapper gb-grid-wrapper-a16fa65c gb-grid-wrapper-mt-grid\"><div class=\"gb-grid-column gb-grid-column-50d07e0d\"><div class=\"gb-container gb-container-50d07e0d\"><ul><li> <a href=\"https:\/\/exceladvisor.org\/tr\/haftanin-tarihini-ekle\/\">Excel&#8217;deki bir tarihten hafta ekleme-\u00e7\u0131karma<\/a><\/li><li> <a href=\"https:\/\/exceladvisor.org\/tr\/gunun-adini-ogren\/\">Excel&#8217;deki bir tarihten g\u00fcn\u00fcn ad\u0131n\u0131 al\u0131n<\/a><\/li><li> <a href=\"https:\/\/exceladvisor.org\/tr\/ayin-gunleri\/\">Excel&#8217;de aylar\u0131n toplam g\u00fcn say\u0131s\u0131n\u0131 al\u0131n<\/a><\/li><li> <a href=\"https:\/\/exceladvisor.org\/tr\/ay-is-gunu\/\">Bir ayda i\u015f g\u00fcn\u00fc<\/a><\/li><li> <a href=\"https:\/\/exceladvisor.org\/tr\/metin-tarihi-2\/\">Tarihi metne d\u00f6n\u00fc\u015ft\u00fcr<\/a> <\/li><\/ul><\/div><\/div><div class=\"gb-grid-column gb-grid-column-5b4a0cf9\"><div class=\"gb-container gb-container-5b4a0cf9\"><\/div><\/div><\/div><\/div>","protected":false},"excerpt":{"rendered":"","protected":false},"author":1,"featured_media":0,"parent":0,"menu_order":0,"comment_status":"open","ping_status":"closed","template":"","meta":{"ub_ctt_via":"","footnotes":""},"class_list":["post-1712","page","type-page","status-publish","hentry"],"featured_image_src":null,"yoast_head":"<!-- This site is optimized with the Yoast SEO plugin v25.4 - https:\/\/yoast.com\/wordpress\/plugins\/seo\/ -->\n<title>\u0130ki tarih aras\u0131ndaki g\u00fcnler nas\u0131l say\u0131l\u0131r? (E\u011fitim 2023)<\/title>\n<meta name=\"description\" content=\"Bu e\u011fitimde size iki tarih aras\u0131ndaki toplam g\u00fcn say\u0131s\u0131n\u0131 saymak i\u00e7in bir Excel form\u00fcl\u00fcn\u00fcn nas\u0131l yaz\u0131laca\u011f\u0131 \u00f6\u011fretilecektir. Bunu kontrol edelim\u2026\" \/>\n<meta name=\"robots\" content=\"index, follow, max-snippet:-1, max-image-preview:large, max-video-preview:-1\" \/>\n<link rel=\"canonical\" href=\"https:\/\/exceladvisor.org\/tr\/iki-tarih-arasindaki-gun-sayisi\/\" \/>\n<meta property=\"og:locale\" content=\"tr_TR\" \/>\n<meta property=\"og:type\" content=\"article\" \/>\n<meta property=\"og:title\" content=\"\u0130ki tarih aras\u0131ndaki g\u00fcnler nas\u0131l say\u0131l\u0131r? (E\u011fitim 2023)\" \/>\n<meta property=\"og:description\" content=\"Bu e\u011fitimde size iki tarih aras\u0131ndaki toplam g\u00fcn say\u0131s\u0131n\u0131 saymak i\u00e7in bir Excel form\u00fcl\u00fcn\u00fcn nas\u0131l yaz\u0131laca\u011f\u0131 \u00f6\u011fretilecektir. Bunu kontrol edelim\u2026\" \/>\n<meta property=\"og:url\" content=\"https:\/\/exceladvisor.org\/tr\/iki-tarih-arasindaki-gun-sayisi\/\" \/>\n<meta property=\"og:site_name\" content=\"Excel Advisor\" \/>\n<meta property=\"article:modified_time\" content=\"2023-12-10T06:04:17+00:00\" \/>\n<meta property=\"og:image\" content=\"https:\/\/exceladvisor.org\/wp-content\/uploads\/2023\/08\/1-jours-entre-deux-dates.png\" \/>\n<meta name=\"twitter:card\" content=\"summary_large_image\" \/>\n<meta name=\"twitter:label1\" content=\"Tahmini okuma s\u00fcresi\" \/>\n\t<meta name=\"twitter:data1\" content=\"3 dakika\" \/>\n<script type=\"application\/ld+json\" class=\"yoast-schema-graph\">{\"@context\":\"https:\/\/schema.org\",\"@graph\":[{\"@type\":\"WebPage\",\"@id\":\"https:\/\/exceladvisor.org\/tr\/iki-tarih-arasindaki-gun-sayisi\/\",\"url\":\"https:\/\/exceladvisor.org\/tr\/iki-tarih-arasindaki-gun-sayisi\/\",\"name\":\"\u0130ki tarih aras\u0131ndaki g\u00fcnler nas\u0131l say\u0131l\u0131r? (E\u011fitim 2023)\",\"isPartOf\":{\"@id\":\"https:\/\/exceladvisor.org\/tr\/#website\"},\"primaryImageOfPage\":{\"@id\":\"https:\/\/exceladvisor.org\/tr\/iki-tarih-arasindaki-gun-sayisi\/#primaryimage\"},\"image\":{\"@id\":\"https:\/\/exceladvisor.org\/tr\/iki-tarih-arasindaki-gun-sayisi\/#primaryimage\"},\"thumbnailUrl\":\"https:\/\/exceladvisor.org\/wp-content\/uploads\/2023\/08\/1-jours-entre-deux-dates.png\",\"datePublished\":\"2023-11-10T09:01:18+00:00\",\"dateModified\":\"2023-12-10T06:04:17+00:00\",\"description\":\"Bu e\u011fitimde size iki tarih aras\u0131ndaki toplam g\u00fcn say\u0131s\u0131n\u0131 saymak i\u00e7in bir Excel form\u00fcl\u00fcn\u00fcn nas\u0131l yaz\u0131laca\u011f\u0131 \u00f6\u011fretilecektir. Bunu kontrol edelim\u2026\",\"breadcrumb\":{\"@id\":\"https:\/\/exceladvisor.org\/tr\/iki-tarih-arasindaki-gun-sayisi\/#breadcrumb\"},\"inLanguage\":\"tr\",\"potentialAction\":[{\"@type\":\"ReadAction\",\"target\":[\"https:\/\/exceladvisor.org\/tr\/iki-tarih-arasindaki-gun-sayisi\/\"]}]},{\"@type\":\"ImageObject\",\"inLanguage\":\"tr\",\"@id\":\"https:\/\/exceladvisor.org\/tr\/iki-tarih-arasindaki-gun-sayisi\/#primaryimage\",\"url\":\"https:\/\/exceladvisor.org\/wp-content\/uploads\/2023\/08\/1-jours-entre-deux-dates.png\",\"contentUrl\":\"https:\/\/exceladvisor.org\/wp-content\/uploads\/2023\/08\/1-jours-entre-deux-dates.png\"},{\"@type\":\"BreadcrumbList\",\"@id\":\"https:\/\/exceladvisor.org\/tr\/iki-tarih-arasindaki-gun-sayisi\/#breadcrumb\",\"itemListElement\":[{\"@type\":\"ListItem\",\"position\":1,\"name\":\"Ev\",\"item\":\"https:\/\/exceladvisor.org\/tr\/\"},{\"@type\":\"ListItem\",\"position\":2,\"name\":\"I\u0307ki tarih aras\u0131ndaki g\u00fcnler nas\u0131l say\u0131l\u0131r?\"}]},{\"@type\":\"WebSite\",\"@id\":\"https:\/\/exceladvisor.org\/tr\/#website\",\"url\":\"https:\/\/exceladvisor.org\/tr\/\",\"name\":\"Excel Advisor\",\"description\":\"Veri hakimiyetine y\u00f6nelik nihai rehberiniz!\",\"publisher\":{\"@id\":\"https:\/\/exceladvisor.org\/tr\/#organization\"},\"potentialAction\":[{\"@type\":\"SearchAction\",\"target\":{\"@type\":\"EntryPoint\",\"urlTemplate\":\"https:\/\/exceladvisor.org\/tr\/?s={search_term_string}\"},\"query-input\":{\"@type\":\"PropertyValueSpecification\",\"valueRequired\":true,\"valueName\":\"search_term_string\"}}],\"inLanguage\":\"tr\"},{\"@type\":\"Organization\",\"@id\":\"https:\/\/exceladvisor.org\/tr\/#organization\",\"name\":\"Excel Advisor\",\"url\":\"https:\/\/exceladvisor.org\/tr\/\",\"logo\":{\"@type\":\"ImageObject\",\"inLanguage\":\"tr\",\"@id\":\"https:\/\/exceladvisor.org\/tr\/#\/schema\/logo\/image\/\",\"url\":\"https:\/\/exceladvisor.org\/tr\/wp-content\/uploads\/2023\/12\/exceladvisor.org_.png\",\"contentUrl\":\"https:\/\/exceladvisor.org\/tr\/wp-content\/uploads\/2023\/12\/exceladvisor.org_.png\",\"width\":105,\"height\":36,\"caption\":\"Excel Advisor\"},\"image\":{\"@id\":\"https:\/\/exceladvisor.org\/tr\/#\/schema\/logo\/image\/\"}}]}<\/script>\n<!-- \/ Yoast SEO plugin. -->","yoast_head_json":{"title":"\u0130ki tarih aras\u0131ndaki g\u00fcnler nas\u0131l say\u0131l\u0131r? (E\u011fitim 2023)","description":"Bu e\u011fitimde size iki tarih aras\u0131ndaki toplam g\u00fcn say\u0131s\u0131n\u0131 saymak i\u00e7in bir Excel form\u00fcl\u00fcn\u00fcn nas\u0131l yaz\u0131laca\u011f\u0131 \u00f6\u011fretilecektir. Bunu kontrol edelim\u2026","robots":{"index":"index","follow":"follow","max-snippet":"max-snippet:-1","max-image-preview":"max-image-preview:large","max-video-preview":"max-video-preview:-1"},"canonical":"https:\/\/exceladvisor.org\/tr\/iki-tarih-arasindaki-gun-sayisi\/","og_locale":"tr_TR","og_type":"article","og_title":"\u0130ki tarih aras\u0131ndaki g\u00fcnler nas\u0131l say\u0131l\u0131r? (E\u011fitim 2023)","og_description":"Bu e\u011fitimde size iki tarih aras\u0131ndaki toplam g\u00fcn say\u0131s\u0131n\u0131 saymak i\u00e7in bir Excel form\u00fcl\u00fcn\u00fcn nas\u0131l yaz\u0131laca\u011f\u0131 \u00f6\u011fretilecektir. Bunu kontrol edelim\u2026","og_url":"https:\/\/exceladvisor.org\/tr\/iki-tarih-arasindaki-gun-sayisi\/","og_site_name":"Excel Advisor","article_modified_time":"2023-12-10T06:04:17+00:00","og_image":[{"url":"https:\/\/exceladvisor.org\/wp-content\/uploads\/2023\/08\/1-jours-entre-deux-dates.png","type":"","width":"","height":""}],"twitter_card":"summary_large_image","twitter_misc":{"Tahmini okuma s\u00fcresi":"3 dakika"},"schema":{"@context":"https:\/\/schema.org","@graph":[{"@type":"WebPage","@id":"https:\/\/exceladvisor.org\/tr\/iki-tarih-arasindaki-gun-sayisi\/","url":"https:\/\/exceladvisor.org\/tr\/iki-tarih-arasindaki-gun-sayisi\/","name":"\u0130ki tarih aras\u0131ndaki g\u00fcnler nas\u0131l say\u0131l\u0131r? (E\u011fitim 2023)","isPartOf":{"@id":"https:\/\/exceladvisor.org\/tr\/#website"},"primaryImageOfPage":{"@id":"https:\/\/exceladvisor.org\/tr\/iki-tarih-arasindaki-gun-sayisi\/#primaryimage"},"image":{"@id":"https:\/\/exceladvisor.org\/tr\/iki-tarih-arasindaki-gun-sayisi\/#primaryimage"},"thumbnailUrl":"https:\/\/exceladvisor.org\/wp-content\/uploads\/2023\/08\/1-jours-entre-deux-dates.png","datePublished":"2023-11-10T09:01:18+00:00","dateModified":"2023-12-10T06:04:17+00:00","description":"Bu e\u011fitimde size iki tarih aras\u0131ndaki toplam g\u00fcn say\u0131s\u0131n\u0131 saymak i\u00e7in bir Excel form\u00fcl\u00fcn\u00fcn nas\u0131l yaz\u0131laca\u011f\u0131 \u00f6\u011fretilecektir. Bunu kontrol edelim\u2026","breadcrumb":{"@id":"https:\/\/exceladvisor.org\/tr\/iki-tarih-arasindaki-gun-sayisi\/#breadcrumb"},"inLanguage":"tr","potentialAction":[{"@type":"ReadAction","target":["https:\/\/exceladvisor.org\/tr\/iki-tarih-arasindaki-gun-sayisi\/"]}]},{"@type":"ImageObject","inLanguage":"tr","@id":"https:\/\/exceladvisor.org\/tr\/iki-tarih-arasindaki-gun-sayisi\/#primaryimage","url":"https:\/\/exceladvisor.org\/wp-content\/uploads\/2023\/08\/1-jours-entre-deux-dates.png","contentUrl":"https:\/\/exceladvisor.org\/wp-content\/uploads\/2023\/08\/1-jours-entre-deux-dates.png"},{"@type":"BreadcrumbList","@id":"https:\/\/exceladvisor.org\/tr\/iki-tarih-arasindaki-gun-sayisi\/#breadcrumb","itemListElement":[{"@type":"ListItem","position":1,"name":"Ev","item":"https:\/\/exceladvisor.org\/tr\/"},{"@type":"ListItem","position":2,"name":"I\u0307ki tarih aras\u0131ndaki g\u00fcnler nas\u0131l say\u0131l\u0131r?"}]},{"@type":"WebSite","@id":"https:\/\/exceladvisor.org\/tr\/#website","url":"https:\/\/exceladvisor.org\/tr\/","name":"Excel Advisor","description":"Veri hakimiyetine y\u00f6nelik nihai rehberiniz!","publisher":{"@id":"https:\/\/exceladvisor.org\/tr\/#organization"},"potentialAction":[{"@type":"SearchAction","target":{"@type":"EntryPoint","urlTemplate":"https:\/\/exceladvisor.org\/tr\/?s={search_term_string}"},"query-input":{"@type":"PropertyValueSpecification","valueRequired":true,"valueName":"search_term_string"}}],"inLanguage":"tr"},{"@type":"Organization","@id":"https:\/\/exceladvisor.org\/tr\/#organization","name":"Excel Advisor","url":"https:\/\/exceladvisor.org\/tr\/","logo":{"@type":"ImageObject","inLanguage":"tr","@id":"https:\/\/exceladvisor.org\/tr\/#\/schema\/logo\/image\/","url":"https:\/\/exceladvisor.org\/tr\/wp-content\/uploads\/2023\/12\/exceladvisor.org_.png","contentUrl":"https:\/\/exceladvisor.org\/tr\/wp-content\/uploads\/2023\/12\/exceladvisor.org_.png","width":105,"height":36,"caption":"Excel Advisor"},"image":{"@id":"https:\/\/exceladvisor.org\/tr\/#\/schema\/logo\/image\/"}}]}},"yoast_meta":{"yoast_wpseo_title":"","yoast_wpseo_metadesc":"","yoast_wpseo_canonical":""},"_links":{"self":[{"href":"https:\/\/exceladvisor.org\/tr\/wp-json\/wp\/v2\/pages\/1712","targetHints":{"allow":["GET"]}}],"collection":[{"href":"https:\/\/exceladvisor.org\/tr\/wp-json\/wp\/v2\/pages"}],"about":[{"href":"https:\/\/exceladvisor.org\/tr\/wp-json\/wp\/v2\/types\/page"}],"author":[{"embeddable":true,"href":"https:\/\/exceladvisor.org\/tr\/wp-json\/wp\/v2\/users\/1"}],"replies":[{"embeddable":true,"href":"https:\/\/exceladvisor.org\/tr\/wp-json\/wp\/v2\/comments?post=1712"}],"version-history":[{"count":1,"href":"https:\/\/exceladvisor.org\/tr\/wp-json\/wp\/v2\/pages\/1712\/revisions"}],"predecessor-version":[{"id":2708,"href":"https:\/\/exceladvisor.org\/tr\/wp-json\/wp\/v2\/pages\/1712\/revisions\/2708"}],"wp:attachment":[{"href":"https:\/\/exceladvisor.org\/tr\/wp-json\/wp\/v2\/media?parent=1712"}],"curies":[{"name":"wp","href":"https:\/\/api.w.org\/{rel}","templated":true}]}}