{"id":1713,"date":"2023-11-10T08:21:20","date_gmt":"2023-11-10T08:21:20","guid":{"rendered":"https:\/\/exceladvisor.org\/tr\/son-kelimeyi-cikar-2\/"},"modified":"2023-12-10T06:03:29","modified_gmt":"2023-12-10T06:03:29","slug":"son-kelimeyi-cikar-2","status":"publish","type":"page","link":"https:\/\/exceladvisor.org\/tr\/son-kelimeyi-cikar-2\/","title":{"rendered":"Excel&#39;deki bir h\u00fccreden son kelimeyi \u00e7\u0131kar\u0131n"},"content":{"rendered":"<div class=\"excel-icerikten-once\" id=\"excel-4122669709\"><script type=\"text\/javascript\">\r\n\tatOptions = {\r\n\t\t'key' : 'c1158f160081d6540a8409e6925dab94',\r\n\t\t'format' : 'iframe',\r\n\t\t'height' : 250,\r\n\t\t'width' : 300,\r\n\t\t'params' : {}\r\n\t};\r\n<\/script>\r\n<script type=\"text\/javascript\" src=\"\/\/www.highperformanceformat.com\/c1158f160081d6540a8409e6925dab94\/invoke.js\"><\/script><\/div> <p>Bir h\u00fccrenin son kelimesini elde etmek i\u00e7in Excel&#8217;deki TRIM, RIGHT, LEN, REPT ve SUBSTITUTE i\u015flevlerini birle\u015ftirmeniz gerekir.<\/p><p> Bu i\u015flevler, h\u00fccredeki son bo\u015flu\u011fu bulman\u0131za ve ard\u0131ndan o alana g\u00f6re; son kelimenin istisnas\u0131n\u0131 alabilirsiniz. Excel&#8217;in bunu tamamlayacak kesin bir form\u00fcl\u00fc yoktur, bu nedenle \u00f6zel bir form\u00fcl olu\u015fturman\u0131z gerekir. <\/p><div class=\"wp-block-image\"><figure class=\"aligncenter size-full is-resized\"><img loading=\"lazy\" decoding=\"async\" class=\"wp-image-79400\" src=\"https:\/\/exceladvisor.org\/wp-content\/uploads\/2023\/08\/1-extrait-le-dernier-mot-dune-cellule.png\" sizes=\"auto, \" srcset=\"\" alt=\"h\u00fccreden-son-s\u00f6zc\u00fc\u011f\u00fc-\u00e7\u0131kar\" width=\"583\" height=\"511\"><\/figure><\/div><h2 class=\"wp-block-heading\"> Bir tarihin son s\u00f6z\u00fcn\u00fc almak i\u00e7in Excel form\u00fcl\u00fc<\/h2><p> Kullanman\u0131z gereken form\u00fcl \u015f\u00f6yle:<\/p><pre class=\"wp-block-code\"> <code class=\"language-excel-formula\" lang=\"excel-formula\">=TRIM(RIGHT(SUBSTITUTE(A1,\" \",REPT(\" \",LEN(A1))),LEN(A1)))<\/code><\/pre><p> Bu form\u00fcl\u00fcn nas\u0131l \u00e7al\u0131\u015ft\u0131\u011f\u0131n\u0131 anlamak i\u00e7in bu form\u00fcl\u00fc birka\u00e7 par\u00e7aya ay\u0131rmam\u0131z gerekiyor.<\/p><p> <strong>Bu ilk b\u00f6l\u00fcmde<\/strong> REPT ve LEN fonksiyonlar\u0131m\u0131z var. UZUNLUK i\u015flevi orijinal de\u011ferdeki karakter say\u0131s\u0131n\u0131 d\u00f6nd\u00fcr\u00fcr ve REPT i\u015flevi bu say\u0131ya (karakter say\u0131s\u0131na) dayal\u0131 olarak bo\u015fluklar\u0131 d\u00f6nd\u00fcr\u00fcr. <\/p><div class=\"wp-block-image\"><figure class=\"aligncenter size-full is-resized\"><img loading=\"lazy\" decoding=\"async\" class=\"wp-image-79401\" src=\"https:\/\/exceladvisor.org\/wp-content\/uploads\/2023\/08\/2-fonctions-rept-et-len.png\" sizes=\"auto, \" srcset=\"\" alt=\"rept-ve-len i\u015flevleri\" width=\"542\" height=\"112\"><\/figure><\/div><p> Orijinal de\u011ferde 59 karakter varsa REPT 59 bo\u015fluk d\u00f6nd\u00fcrecektir. A\u015fa\u011f\u0131daki ekran g\u00f6r\u00fcnt\u00fcs\u00fcne bak\u0131n. <\/p><div class=\"wp-block-image\"><figure class=\"aligncenter size-full is-resized\"><img loading=\"lazy\" decoding=\"async\" class=\"wp-image-79402\" src=\"https:\/\/exceladvisor.org\/wp-content\/uploads\/2023\/08\/3-rept-renvoie-des-valeurs.png\" sizes=\"auto, \" srcset=\"\" alt=\"rept-d\u00f6n\u00fc\u015f-de\u011ferleri\" width=\"586\" height=\"111\"><\/figure><\/div><p> <strong>Daha sonra ikinci b\u00f6l\u00fcmde<\/strong> h\u00fccredeki her bo\u015flu\u011fu REPT fonksiyonunun d\u00f6nd\u00fcrd\u00fc\u011f\u00fc bo\u015fluklarla de\u011fi\u015ftiren SUBSTITUTE fonksiyonumuz var. <\/p><div class=\"wp-block-image\"><figure class=\"aligncenter size-full is-resized\"><img loading=\"lazy\" decoding=\"async\" class=\"wp-image-79403\" src=\"https:\/\/exceladvisor.org\/wp-content\/uploads\/2023\/08\/4-substituts-remplacent-chaque-espace.png\" sizes=\"auto, \" srcset=\"\" alt=\"her-bo\u015flu\u011fu-de\u011fi\u015ftir\" width=\"618\" height=\"116\"><\/figure><\/div><p> H\u00fccrede 10 bo\u015fluk varsa SUBSTITUTE&#8217;un d\u00f6nd\u00fcrd\u00fc\u011f\u00fc de\u011fer 10&#215;59 bo\u015fluk d\u00f6nd\u00fcr\u00fcr. <strong>Her kelimenin aras\u0131nda 1 yerine 59 bo\u015fluk var<\/strong> . A\u015fa\u011f\u0131daki ekran g\u00f6r\u00fcnt\u00fcs\u00fcne bak\u0131n. <\/p><div class=\"wp-block-image\"><figure class=\"aligncenter size-full is-resized\"><img loading=\"lazy\" decoding=\"async\" class=\"wp-image-79404\" src=\"https:\/\/exceladvisor.org\/wp-content\/uploads\/2023\/08\/5-valeur-retournee-par-substitut.png\" sizes=\"auto, \" srcset=\"\" alt=\"ikame taraf\u0131ndan d\u00f6nd\u00fcr\u00fclen de\u011fer\" width=\"779\" height=\"176\"><\/figure><\/div><p> <strong>Bundan sonra \u00fc\u00e7\u00fcnc\u00fc b\u00f6l\u00fcmde<\/strong> yukar\u0131da elde etti\u011fimiz de\u011ferden karakterleri (orijinal de\u011ferin karakter say\u0131s\u0131na e\u015fit) \u00e7\u0131karan RIGHT fonksiyonumuz var. <\/p><div class=\"wp-block-image\"><figure class=\"aligncenter size-full is-resized\"><img loading=\"lazy\" decoding=\"async\" class=\"wp-image-79405\" src=\"https:\/\/exceladvisor.org\/wp-content\/uploads\/2023\/08\/6-caracteres-extraits-de-la-fonction-droite.png\" sizes=\"auto, \" srcset=\"\" alt=\"sa\u011f-i\u015flev-\u00f6zet-karakterler\" width=\"312\" height=\"353\"><\/figure><\/div><p> Ve d\u00f6nd\u00fcrd\u00fc\u011f\u00fc de\u011fer a\u015fa\u011f\u0131dad\u0131r. <\/p><div class=\"wp-block-image\"><figure class=\"aligncenter size-full is-resized\"><img loading=\"lazy\" decoding=\"async\" class=\"wp-image-79406\" src=\"https:\/\/exceladvisor.org\/wp-content\/uploads\/2023\/08\/7-valeur-de-trim-en-retour.png\" sizes=\"auto, \" srcset=\"\" alt=\"kar\u015f\u0131l\u0131\u011f\u0131ndaki kesim de\u011feri\" width=\"388\" height=\"124\"><\/figure><\/div><p> Orijinal de\u011ferde 59 karakter oldu\u011fu i\u00e7in yeni de\u011ferlerden 59 karakter \u00e7\u0131kar\u0131r. \u00c7\u0131kar\u0131lan bu de\u011ferde son kelimenin <strong>(guide)<\/strong> 6 karakteri var, gerisi bo\u015fluk.<\/p><p> <strong>\u015eimdi d\u00f6rd\u00fcnc\u00fc b\u00f6l\u00fcmde<\/strong> , de\u011ferdeki fazladan bo\u015fluklar\u0131 kald\u0131ran ve yaln\u0131zca son kelimeyi (k\u0131lavuz) d\u00f6nd\u00fcren TRIM fonksiyonumuz var. <\/p><div class=\"wp-block-image\"><figure class=\"aligncenter size-full is-resized\"><img loading=\"lazy\" decoding=\"async\" class=\"wp-image-79407\" src=\"https:\/\/exceladvisor.org\/wp-content\/uploads\/2023\/08\/8-garnitures-remplacent-les-espaces-supplementaires.png\" sizes=\"auto, \" srcset=\"\" alt=\"trim ekstra bo\u015fluklar\u0131n yerini al\u0131r\" width=\"678\" height=\"275\"><\/figure><\/div><div class=\"gb-container gb-container-52dfcee1 gb-container-sample-file\"><h2 class=\"gb-headline gb-headline-e289c143 gb-headline-text gb-headline-4f7959c2\"> Excel dosyas\u0131n\u0131 al\u0131n<\/h2><p> <a class=\"gb-button gb-button-e88d6bee gb-button-text gb-button-button1\" href=\"https:\/\/exceladvisor.org\/wp-content\/uploads\/2023\/08\/extraire-le-dernier-mot.xlsx\" rel=\"nofollow\">\u0130ndirmek<\/a><\/p><\/div><div class=\"gb-container gb-container-4db6181c gb-container-mt\"> <a class=\"gb-button gb-button-c5897111 gb-button-text gb-button-mt-button\" href=\"https:\/\/exceladvisor.org\/tr\/vba\/\">VBA nedir<\/a><h2 class=\"gb-headline gb-headline-665e5f6b gb-headline-text gb-headline-mt-heading\"> \u0130lgili e\u011fitimler <\/h2><div class=\"gb-grid-wrapper gb-grid-wrapper-a20baf7c gb-grid-wrapper-mt-grid\"><div class=\"gb-grid-column gb-grid-column-65ddf67e\"><div class=\"gb-container gb-container-65ddf67e\"><ul><li> Excel&#8217;deki bir h\u00fccreden ilk karakteri kald\u0131rma<\/li><li> <a href=\"https:\/\/exceladvisor.org\/tr\/fazladan-bosluklari-kaldir\/\">Excel&#8217;deki fazladan bo\u015fluklar\u0131 kald\u0131r\u0131n<\/a><\/li><li> <a href=\"https:\/\/exceladvisor.org\/tr\/ilk-son-kelimeyi-al\/\">Excel&#8217;de Ayr\u0131 Adlar \u2013 (Ad ve Soyad\u0131)<\/a><\/li><li> <a href=\"https:\/\/exceladvisor.org\/tr\/satir-sonunu-kaldir-2\/\">H\u00fccredeki sat\u0131r sonunu kald\u0131rma<\/a><\/li><li> <a href=\"https:\/\/exceladvisor.org\/tr\/parantezleri-kaldir-2\/\">Excel&#8217;de Parantezleri Kald\u0131rma (Parantezler)<\/a> <\/li><\/ul><\/div><\/div><div class=\"gb-grid-column gb-grid-column-50067b57\"><div class=\"gb-container gb-container-50067b57\"><\/div><\/div><\/div><\/div>","protected":false},"excerpt":{"rendered":"","protected":false},"author":1,"featured_media":0,"parent":0,"menu_order":0,"comment_status":"open","ping_status":"closed","template":"","meta":{"ub_ctt_via":"","footnotes":""},"class_list":["post-1713","page","type-page","status-publish","hentry"],"featured_image_src":null,"yoast_head":"<!-- This site is optimized with the Yoast SEO plugin v25.4 - https:\/\/yoast.com\/wordpress\/plugins\/seo\/ -->\n<title>Excel&#039;deki bir h\u00fccreden son kelimeyi \u00e7\u0131kar\u0131n<\/title>\n<meta name=\"description\" content=\"Bu e\u011fitimde size bir h\u00fccredeki son kelimeyi \u00e7\u0131karmak i\u00e7in bir Excel form\u00fcl\u00fcn\u00fcn nas\u0131l yaz\u0131laca\u011f\u0131 \u00f6\u011fretilecektir. Bunu kontrol edelim\u2026\" \/>\n<meta name=\"robots\" content=\"index, follow, max-snippet:-1, max-image-preview:large, max-video-preview:-1\" \/>\n<link rel=\"canonical\" href=\"https:\/\/exceladvisor.org\/tr\/son-kelimeyi-cikar-2\/\" \/>\n<meta property=\"og:locale\" content=\"tr_TR\" \/>\n<meta property=\"og:type\" content=\"article\" \/>\n<meta property=\"og:title\" content=\"Excel&#039;deki bir h\u00fccreden son kelimeyi \u00e7\u0131kar\u0131n\" \/>\n<meta property=\"og:description\" content=\"Bu e\u011fitimde size bir h\u00fccredeki son kelimeyi \u00e7\u0131karmak i\u00e7in bir Excel form\u00fcl\u00fcn\u00fcn nas\u0131l yaz\u0131laca\u011f\u0131 \u00f6\u011fretilecektir. Bunu kontrol edelim\u2026\" \/>\n<meta property=\"og:url\" content=\"https:\/\/exceladvisor.org\/tr\/son-kelimeyi-cikar-2\/\" \/>\n<meta property=\"og:site_name\" content=\"Excel Advisor\" \/>\n<meta property=\"article:modified_time\" content=\"2023-12-10T06:03:29+00:00\" \/>\n<meta property=\"og:image\" content=\"https:\/\/exceladvisor.org\/wp-content\/uploads\/2023\/08\/1-extrait-le-dernier-mot-dune-cellule.png\" \/>\n<meta name=\"twitter:card\" content=\"summary_large_image\" \/>\n<meta name=\"twitter:label1\" content=\"Tahmini okuma s\u00fcresi\" \/>\n\t<meta name=\"twitter:data1\" content=\"2 dakika\" \/>\n<script type=\"application\/ld+json\" class=\"yoast-schema-graph\">{\"@context\":\"https:\/\/schema.org\",\"@graph\":[{\"@type\":\"WebPage\",\"@id\":\"https:\/\/exceladvisor.org\/tr\/son-kelimeyi-cikar-2\/\",\"url\":\"https:\/\/exceladvisor.org\/tr\/son-kelimeyi-cikar-2\/\",\"name\":\"Excel&#39;deki bir h\u00fccreden son kelimeyi \u00e7\u0131kar\u0131n\",\"isPartOf\":{\"@id\":\"https:\/\/exceladvisor.org\/tr\/#website\"},\"primaryImageOfPage\":{\"@id\":\"https:\/\/exceladvisor.org\/tr\/son-kelimeyi-cikar-2\/#primaryimage\"},\"image\":{\"@id\":\"https:\/\/exceladvisor.org\/tr\/son-kelimeyi-cikar-2\/#primaryimage\"},\"thumbnailUrl\":\"https:\/\/exceladvisor.org\/wp-content\/uploads\/2023\/08\/1-extrait-le-dernier-mot-dune-cellule.png\",\"datePublished\":\"2023-11-10T08:21:20+00:00\",\"dateModified\":\"2023-12-10T06:03:29+00:00\",\"description\":\"Bu e\u011fitimde size bir h\u00fccredeki son kelimeyi \u00e7\u0131karmak i\u00e7in bir Excel form\u00fcl\u00fcn\u00fcn nas\u0131l yaz\u0131laca\u011f\u0131 \u00f6\u011fretilecektir. Bunu kontrol edelim\u2026\",\"breadcrumb\":{\"@id\":\"https:\/\/exceladvisor.org\/tr\/son-kelimeyi-cikar-2\/#breadcrumb\"},\"inLanguage\":\"tr\",\"potentialAction\":[{\"@type\":\"ReadAction\",\"target\":[\"https:\/\/exceladvisor.org\/tr\/son-kelimeyi-cikar-2\/\"]}]},{\"@type\":\"ImageObject\",\"inLanguage\":\"tr\",\"@id\":\"https:\/\/exceladvisor.org\/tr\/son-kelimeyi-cikar-2\/#primaryimage\",\"url\":\"https:\/\/exceladvisor.org\/wp-content\/uploads\/2023\/08\/1-extrait-le-dernier-mot-dune-cellule.png\",\"contentUrl\":\"https:\/\/exceladvisor.org\/wp-content\/uploads\/2023\/08\/1-extrait-le-dernier-mot-dune-cellule.png\"},{\"@type\":\"BreadcrumbList\",\"@id\":\"https:\/\/exceladvisor.org\/tr\/son-kelimeyi-cikar-2\/#breadcrumb\",\"itemListElement\":[{\"@type\":\"ListItem\",\"position\":1,\"name\":\"Ev\",\"item\":\"https:\/\/exceladvisor.org\/tr\/\"},{\"@type\":\"ListItem\",\"position\":2,\"name\":\"Excel&#39;deki bir h\u00fccreden son kelimeyi \u00e7\u0131kar\u0131n\"}]},{\"@type\":\"WebSite\",\"@id\":\"https:\/\/exceladvisor.org\/tr\/#website\",\"url\":\"https:\/\/exceladvisor.org\/tr\/\",\"name\":\"Excel Advisor\",\"description\":\"Veri hakimiyetine y\u00f6nelik nihai rehberiniz!\",\"publisher\":{\"@id\":\"https:\/\/exceladvisor.org\/tr\/#organization\"},\"potentialAction\":[{\"@type\":\"SearchAction\",\"target\":{\"@type\":\"EntryPoint\",\"urlTemplate\":\"https:\/\/exceladvisor.org\/tr\/?s={search_term_string}\"},\"query-input\":{\"@type\":\"PropertyValueSpecification\",\"valueRequired\":true,\"valueName\":\"search_term_string\"}}],\"inLanguage\":\"tr\"},{\"@type\":\"Organization\",\"@id\":\"https:\/\/exceladvisor.org\/tr\/#organization\",\"name\":\"Excel Advisor\",\"url\":\"https:\/\/exceladvisor.org\/tr\/\",\"logo\":{\"@type\":\"ImageObject\",\"inLanguage\":\"tr\",\"@id\":\"https:\/\/exceladvisor.org\/tr\/#\/schema\/logo\/image\/\",\"url\":\"https:\/\/exceladvisor.org\/tr\/wp-content\/uploads\/2023\/12\/exceladvisor.org_.png\",\"contentUrl\":\"https:\/\/exceladvisor.org\/tr\/wp-content\/uploads\/2023\/12\/exceladvisor.org_.png\",\"width\":105,\"height\":36,\"caption\":\"Excel Advisor\"},\"image\":{\"@id\":\"https:\/\/exceladvisor.org\/tr\/#\/schema\/logo\/image\/\"}}]}<\/script>\n<!-- \/ Yoast SEO plugin. -->","yoast_head_json":{"title":"Excel&#39;deki bir h\u00fccreden son kelimeyi \u00e7\u0131kar\u0131n","description":"Bu e\u011fitimde size bir h\u00fccredeki son kelimeyi \u00e7\u0131karmak i\u00e7in bir Excel form\u00fcl\u00fcn\u00fcn nas\u0131l yaz\u0131laca\u011f\u0131 \u00f6\u011fretilecektir. Bunu kontrol edelim\u2026","robots":{"index":"index","follow":"follow","max-snippet":"max-snippet:-1","max-image-preview":"max-image-preview:large","max-video-preview":"max-video-preview:-1"},"canonical":"https:\/\/exceladvisor.org\/tr\/son-kelimeyi-cikar-2\/","og_locale":"tr_TR","og_type":"article","og_title":"Excel&#39;deki bir h\u00fccreden son kelimeyi \u00e7\u0131kar\u0131n","og_description":"Bu e\u011fitimde size bir h\u00fccredeki son kelimeyi \u00e7\u0131karmak i\u00e7in bir Excel form\u00fcl\u00fcn\u00fcn nas\u0131l yaz\u0131laca\u011f\u0131 \u00f6\u011fretilecektir. Bunu kontrol edelim\u2026","og_url":"https:\/\/exceladvisor.org\/tr\/son-kelimeyi-cikar-2\/","og_site_name":"Excel Advisor","article_modified_time":"2023-12-10T06:03:29+00:00","og_image":[{"url":"https:\/\/exceladvisor.org\/wp-content\/uploads\/2023\/08\/1-extrait-le-dernier-mot-dune-cellule.png","type":"","width":"","height":""}],"twitter_card":"summary_large_image","twitter_misc":{"Tahmini okuma s\u00fcresi":"2 dakika"},"schema":{"@context":"https:\/\/schema.org","@graph":[{"@type":"WebPage","@id":"https:\/\/exceladvisor.org\/tr\/son-kelimeyi-cikar-2\/","url":"https:\/\/exceladvisor.org\/tr\/son-kelimeyi-cikar-2\/","name":"Excel&#39;deki bir h\u00fccreden son kelimeyi \u00e7\u0131kar\u0131n","isPartOf":{"@id":"https:\/\/exceladvisor.org\/tr\/#website"},"primaryImageOfPage":{"@id":"https:\/\/exceladvisor.org\/tr\/son-kelimeyi-cikar-2\/#primaryimage"},"image":{"@id":"https:\/\/exceladvisor.org\/tr\/son-kelimeyi-cikar-2\/#primaryimage"},"thumbnailUrl":"https:\/\/exceladvisor.org\/wp-content\/uploads\/2023\/08\/1-extrait-le-dernier-mot-dune-cellule.png","datePublished":"2023-11-10T08:21:20+00:00","dateModified":"2023-12-10T06:03:29+00:00","description":"Bu e\u011fitimde size bir h\u00fccredeki son kelimeyi \u00e7\u0131karmak i\u00e7in bir Excel form\u00fcl\u00fcn\u00fcn nas\u0131l yaz\u0131laca\u011f\u0131 \u00f6\u011fretilecektir. Bunu kontrol edelim\u2026","breadcrumb":{"@id":"https:\/\/exceladvisor.org\/tr\/son-kelimeyi-cikar-2\/#breadcrumb"},"inLanguage":"tr","potentialAction":[{"@type":"ReadAction","target":["https:\/\/exceladvisor.org\/tr\/son-kelimeyi-cikar-2\/"]}]},{"@type":"ImageObject","inLanguage":"tr","@id":"https:\/\/exceladvisor.org\/tr\/son-kelimeyi-cikar-2\/#primaryimage","url":"https:\/\/exceladvisor.org\/wp-content\/uploads\/2023\/08\/1-extrait-le-dernier-mot-dune-cellule.png","contentUrl":"https:\/\/exceladvisor.org\/wp-content\/uploads\/2023\/08\/1-extrait-le-dernier-mot-dune-cellule.png"},{"@type":"BreadcrumbList","@id":"https:\/\/exceladvisor.org\/tr\/son-kelimeyi-cikar-2\/#breadcrumb","itemListElement":[{"@type":"ListItem","position":1,"name":"Ev","item":"https:\/\/exceladvisor.org\/tr\/"},{"@type":"ListItem","position":2,"name":"Excel&#39;deki bir h\u00fccreden son kelimeyi \u00e7\u0131kar\u0131n"}]},{"@type":"WebSite","@id":"https:\/\/exceladvisor.org\/tr\/#website","url":"https:\/\/exceladvisor.org\/tr\/","name":"Excel Advisor","description":"Veri hakimiyetine y\u00f6nelik nihai rehberiniz!","publisher":{"@id":"https:\/\/exceladvisor.org\/tr\/#organization"},"potentialAction":[{"@type":"SearchAction","target":{"@type":"EntryPoint","urlTemplate":"https:\/\/exceladvisor.org\/tr\/?s={search_term_string}"},"query-input":{"@type":"PropertyValueSpecification","valueRequired":true,"valueName":"search_term_string"}}],"inLanguage":"tr"},{"@type":"Organization","@id":"https:\/\/exceladvisor.org\/tr\/#organization","name":"Excel Advisor","url":"https:\/\/exceladvisor.org\/tr\/","logo":{"@type":"ImageObject","inLanguage":"tr","@id":"https:\/\/exceladvisor.org\/tr\/#\/schema\/logo\/image\/","url":"https:\/\/exceladvisor.org\/tr\/wp-content\/uploads\/2023\/12\/exceladvisor.org_.png","contentUrl":"https:\/\/exceladvisor.org\/tr\/wp-content\/uploads\/2023\/12\/exceladvisor.org_.png","width":105,"height":36,"caption":"Excel Advisor"},"image":{"@id":"https:\/\/exceladvisor.org\/tr\/#\/schema\/logo\/image\/"}}]}},"yoast_meta":{"yoast_wpseo_title":"","yoast_wpseo_metadesc":"","yoast_wpseo_canonical":""},"_links":{"self":[{"href":"https:\/\/exceladvisor.org\/tr\/wp-json\/wp\/v2\/pages\/1713","targetHints":{"allow":["GET"]}}],"collection":[{"href":"https:\/\/exceladvisor.org\/tr\/wp-json\/wp\/v2\/pages"}],"about":[{"href":"https:\/\/exceladvisor.org\/tr\/wp-json\/wp\/v2\/types\/page"}],"author":[{"embeddable":true,"href":"https:\/\/exceladvisor.org\/tr\/wp-json\/wp\/v2\/users\/1"}],"replies":[{"embeddable":true,"href":"https:\/\/exceladvisor.org\/tr\/wp-json\/wp\/v2\/comments?post=1713"}],"version-history":[{"count":1,"href":"https:\/\/exceladvisor.org\/tr\/wp-json\/wp\/v2\/pages\/1713\/revisions"}],"predecessor-version":[{"id":2656,"href":"https:\/\/exceladvisor.org\/tr\/wp-json\/wp\/v2\/pages\/1713\/revisions\/2656"}],"wp:attachment":[{"href":"https:\/\/exceladvisor.org\/tr\/wp-json\/wp\/v2\/media?parent=1713"}],"curies":[{"name":"wp","href":"https:\/\/api.w.org\/{rel}","templated":true}]}}