{"id":1714,"date":"2023-11-10T08:06:59","date_gmt":"2023-11-10T08:06:59","guid":{"rendered":"https:\/\/exceladvisor.org\/tr\/2-numaradaki-ayin-adi\/"},"modified":"2023-12-10T05:58:38","modified_gmt":"2023-12-10T05:58:38","slug":"2-numaradaki-ayin-adi","status":"publish","type":"page","link":"https:\/\/exceladvisor.org\/tr\/2-numaradaki-ayin-adi\/","title":{"rendered":"Ay ad\u0131n\u0131 excel&#39;de say\u0131ya d\u00f6n\u00fc\u015ft\u00fcrme"},"content":{"rendered":"<div class=\"excel-icerikten-once\" id=\"excel-4066362341\"><script type=\"text\/javascript\">\r\n\tatOptions = {\r\n\t\t'key' : 'c1158f160081d6540a8409e6925dab94',\r\n\t\t'format' : 'iframe',\r\n\t\t'height' : 250,\r\n\t\t'width' : 300,\r\n\t\t'params' : {}\r\n\t};\r\n<\/script>\r\n<script type=\"text\/javascript\" src=\"\/\/www.highperformanceformat.com\/c1158f160081d6540a8409e6925dab94\/invoke.js\"><\/script><\/div> <p>Bir ay\u0131n ad\u0131n\u0131 ay numaras\u0131na d\u00f6n\u00fc\u015ft\u00fcrmek i\u00e7in, TARIH DE\u011eER\u0130 i\u015flevini kullanarak o ay\u0131n ad\u0131yla bir tarih olu\u015fturman\u0131z, ard\u0131ndan ay numaras\u0131n\u0131 almak i\u00e7in AY i\u015flevini kullanman\u0131z gerekir. A\u015fa\u011f\u0131daki \u00f6rnekte kulland\u0131\u011f\u0131m\u0131z form\u00fcl\u00fc g\u00f6rebilirsiniz.<\/p><h2 class=\"wp-block-heading\"> Ay ad\u0131ndan ay numaras\u0131n\u0131 alma form\u00fcl\u00fc<\/h2><p> A\u015fa\u011f\u0131daki ad\u0131mlar\u0131 kullanabilirsiniz:<\/p><ol type=\"1\"><li> \u00d6ncelikle bir h\u00fccreye TARIH DE\u011eER\u0130 fonksiyonunu girin.<\/li><li> Bundan sonra \u201c01\u201d girmeniz gerekir.<\/li><li> Daha sonra, bir ve i\u015fareti kullan\u0131n ve ay\u0131n ad\u0131n\u0131n bulundu\u011fu h\u00fccreye bak\u0131n.<\/li><li> \u015eimdi tekrar ve i\u015faretini kullan\u0131n ve \u201c1900\u201d girin.<\/li><li> Sonunda, MONTH i\u015flevini DATEVALUE etraf\u0131na sar\u0131n ve sonucu almak i\u00e7in Enter tu\u015funa bas\u0131n. <\/li><\/ol><div class=\"wp-block-image\"><figure class=\"aligncenter size-full is-resized\"><img loading=\"lazy\" decoding=\"async\" class=\"wp-image-79425\" src=\"https:\/\/exceladvisor.org\/wp-content\/uploads\/2023\/08\/1-convertir-le-nom-du-mois-en-nombre.png\" sizes=\"auto, \" srcset=\"\" alt=\"ay\u0131n ad\u0131n\u0131 say\u0131ya d\u00f6n\u00fc\u015ft\u00fcr\" width=\"615\" height=\"275\"><\/figure><\/div><p> Bu form\u00fcl\u00fc anlamak i\u00e7in onu iki par\u00e7aya ay\u0131rabilirsiniz.<\/p><p> <strong>\u0130lk b\u00f6l\u00fcmde<\/strong> , ay ad\u0131n\u0131 kullanarak ge\u00e7erli bir tarih olu\u015fturman\u0131za yard\u0131mc\u0131 olan DATEVALUE&#8217;ya sahipsiniz. 01, Ocak ve 1900&#8217;\u00fcn\u00fcz var ve DATEVALUE, 01-Ocak-1900 tarihini olu\u015fturur. <\/p><div class=\"wp-block-image\"><figure class=\"aligncenter size-full is-resized\"><img loading=\"lazy\" decoding=\"async\" class=\"wp-image-79426\" src=\"https:\/\/exceladvisor.org\/wp-content\/uploads\/2023\/08\/2-premiere-partie-a-datevalue.png\" sizes=\"auto, \" srcset=\"\" alt=\"2 ilk b\u00f6l\u00fcmde tarih de\u011feri var\" width=\"581\" height=\"325\"><\/figure><\/div><p> \u0130kinci k\u0131s\u0131mda MONTH i\u015flevi, DATEVALUE taraf\u0131ndan d\u00f6nd\u00fcr\u00fclen tarihten itibaren ay say\u0131s\u0131n\u0131 d\u00f6nd\u00fcr\u00fcr. <\/p><div class=\"wp-block-image\"><figure class=\"aligncenter size-full is-resized\"><img loading=\"lazy\" decoding=\"async\" class=\"wp-image-79427\" src=\"https:\/\/exceladvisor.org\/wp-content\/uploads\/2023\/08\/3-deuxieme-partie-a-la-fonction-mois.png\" sizes=\"auto, \" srcset=\"\" alt=\"ayda ikinci b\u00f6l\u00fcm i\u015flevi\" width=\"520\" height=\"311\"><\/figure><\/div><p> Bu form\u00fcl\u00fc kullanman\u0131n avantaj\u0131, ay\u0131n &#8220;Ocak&#8221; yerine &#8220;Ocak&#8221; gibi tam bi\u00e7imine sahip olman\u0131zd\u0131r. Bu form\u00fcl her zaman i\u015fe yarayacakt\u0131r. <\/p><div class=\"wp-block-image\"><figure class=\"aligncenter size-full is-resized\"><img loading=\"lazy\" decoding=\"async\" class=\"wp-image-79428\" src=\"https:\/\/exceladvisor.org\/wp-content\/uploads\/2023\/08\/4-avantages-de-la-valeur-du-mois-et-de-la-date.png\" sizes=\"auto, \" srcset=\"\" alt=\"ay ve tarih de\u011ferinin faydalar\u0131\" width=\"394\" height=\"226\"><\/figure><\/div><div class=\"gb-container gb-container-52dfcee1 gb-container-sample-file\"><h2 class=\"gb-headline gb-headline-e289c143 gb-headline-text gb-headline-4f7959c2\"> Excel dosyas\u0131n\u0131 al\u0131n<\/h2><p> <a class=\"gb-button gb-button-e88d6bee gb-button-text gb-button-button1\" href=\"https:\/\/exceladvisor.org\/wp-content\/uploads\/2023\/08\/nom-du-mois-au-numero.xlsx\" rel=\"nofollow\">\u0130ndirmek<\/a><\/p><\/div><div class=\"gb-container gb-container-0df56012 gb-container-mt\"> <a class=\"gb-button gb-button-f9f432f4 gb-button-text gb-button-mt-button\" href=\"https:\/\/exceladvisor.org\/tr\/formuller\/\">Excel form\u00fcllerinin listesi<\/a><h2 class=\"gb-headline gb-headline-233444e8 gb-headline-text gb-headline-mt-heading\"> \u0130lgili form\u00fcller <\/h2><div class=\"gb-grid-wrapper gb-grid-wrapper-a16fa65c gb-grid-wrapper-mt-grid\"><div class=\"gb-grid-column gb-grid-column-50d07e0d\"><div class=\"gb-container gb-container-50d07e0d\"><ul><li> <a href=\"https:\/\/exceladvisor.org\/tr\/tarihe-bir-ay-eklemek-2\/\">Excel&#8217;de bir tarihe ay ekleme<\/a><\/li><li> <a href=\"https:\/\/exceladvisor.org\/tr\/ayin-sonu\/\">Excel&#8217;de ay\u0131n biti\u015f tarihini al\u0131n<\/a><\/li><li> <a href=\"https:\/\/exceladvisor.org\/tr\/2.-ayin-ilk-gunu\/\">Ay\u0131n ilk g\u00fcn\u00fcn\u00fc Excel&#8217;de al\u0131n (ay\u0131n ba\u015flang\u0131c\u0131)<\/a><\/li><li> <a href=\"https:\/\/exceladvisor.org\/tr\/ayin-adi\/\">Excel&#8217;deki bir tarihten ay al\u0131n (al\u0131nt\u0131)<\/a><\/li><li> <a href=\"https:\/\/exceladvisor.org\/tr\/ceyrek\/\">Excel&#8217;de bir tarihten [Mali + Takvim] d\u00f6rtte birini al\u0131n<\/a> <\/li><\/ul><\/div><\/div><div class=\"gb-grid-column gb-grid-column-5b4a0cf9\"><div class=\"gb-container gb-container-5b4a0cf9\"><\/div><\/div><\/div><\/div>","protected":false},"excerpt":{"rendered":"","protected":false},"author":1,"featured_media":0,"parent":0,"menu_order":0,"comment_status":"open","ping_status":"closed","template":"","meta":{"ub_ctt_via":"","footnotes":""},"class_list":["post-1714","page","type-page","status-publish","hentry"],"featured_image_src":null,"yoast_head":"<!-- This site is optimized with the Yoast SEO plugin v25.4 - https:\/\/yoast.com\/wordpress\/plugins\/seo\/ -->\n<title>Ay ad\u0131n\u0131 Excel&#039;de say\u0131ya nas\u0131l d\u00f6n\u00fc\u015ft\u00fcrebilirim?<\/title>\n<meta name=\"description\" content=\"Bu e\u011fitim size ay ad\u0131n\u0131 ay numaras\u0131na d\u00f6n\u00fc\u015ft\u00fcrmek i\u00e7in bir Excel form\u00fcl\u00fcn\u00fcn nas\u0131l yaz\u0131laca\u011f\u0131n\u0131 \u00f6\u011fretecektir. Bunu kontrol edelim\u2026\" \/>\n<meta name=\"robots\" content=\"index, follow, max-snippet:-1, max-image-preview:large, max-video-preview:-1\" \/>\n<link rel=\"canonical\" href=\"https:\/\/exceladvisor.org\/tr\/2-numaradaki-ayin-adi\/\" \/>\n<meta property=\"og:locale\" content=\"tr_TR\" \/>\n<meta property=\"og:type\" content=\"article\" \/>\n<meta property=\"og:title\" content=\"Ay ad\u0131n\u0131 Excel&#039;de say\u0131ya nas\u0131l d\u00f6n\u00fc\u015ft\u00fcrebilirim?\" \/>\n<meta property=\"og:description\" content=\"Bu e\u011fitim size ay ad\u0131n\u0131 ay numaras\u0131na d\u00f6n\u00fc\u015ft\u00fcrmek i\u00e7in bir Excel form\u00fcl\u00fcn\u00fcn nas\u0131l yaz\u0131laca\u011f\u0131n\u0131 \u00f6\u011fretecektir. Bunu kontrol edelim\u2026\" \/>\n<meta property=\"og:url\" content=\"https:\/\/exceladvisor.org\/tr\/2-numaradaki-ayin-adi\/\" \/>\n<meta property=\"og:site_name\" content=\"Excel Advisor\" \/>\n<meta property=\"article:modified_time\" content=\"2023-12-10T05:58:38+00:00\" \/>\n<meta property=\"og:image\" content=\"https:\/\/exceladvisor.org\/wp-content\/uploads\/2023\/08\/1-convertir-le-nom-du-mois-en-nombre.png\" \/>\n<meta name=\"twitter:card\" content=\"summary_large_image\" \/>\n<meta name=\"twitter:label1\" content=\"Tahmini okuma s\u00fcresi\" \/>\n\t<meta name=\"twitter:data1\" content=\"1 dakika\" \/>\n<script type=\"application\/ld+json\" class=\"yoast-schema-graph\">{\"@context\":\"https:\/\/schema.org\",\"@graph\":[{\"@type\":\"WebPage\",\"@id\":\"https:\/\/exceladvisor.org\/tr\/2-numaradaki-ayin-adi\/\",\"url\":\"https:\/\/exceladvisor.org\/tr\/2-numaradaki-ayin-adi\/\",\"name\":\"Ay ad\u0131n\u0131 Excel&#39;de say\u0131ya nas\u0131l d\u00f6n\u00fc\u015ft\u00fcrebilirim?\",\"isPartOf\":{\"@id\":\"https:\/\/exceladvisor.org\/tr\/#website\"},\"primaryImageOfPage\":{\"@id\":\"https:\/\/exceladvisor.org\/tr\/2-numaradaki-ayin-adi\/#primaryimage\"},\"image\":{\"@id\":\"https:\/\/exceladvisor.org\/tr\/2-numaradaki-ayin-adi\/#primaryimage\"},\"thumbnailUrl\":\"https:\/\/exceladvisor.org\/wp-content\/uploads\/2023\/08\/1-convertir-le-nom-du-mois-en-nombre.png\",\"datePublished\":\"2023-11-10T08:06:59+00:00\",\"dateModified\":\"2023-12-10T05:58:38+00:00\",\"description\":\"Bu e\u011fitim size ay ad\u0131n\u0131 ay numaras\u0131na d\u00f6n\u00fc\u015ft\u00fcrmek i\u00e7in bir Excel form\u00fcl\u00fcn\u00fcn nas\u0131l yaz\u0131laca\u011f\u0131n\u0131 \u00f6\u011fretecektir. Bunu kontrol edelim\u2026\",\"breadcrumb\":{\"@id\":\"https:\/\/exceladvisor.org\/tr\/2-numaradaki-ayin-adi\/#breadcrumb\"},\"inLanguage\":\"tr\",\"potentialAction\":[{\"@type\":\"ReadAction\",\"target\":[\"https:\/\/exceladvisor.org\/tr\/2-numaradaki-ayin-adi\/\"]}]},{\"@type\":\"ImageObject\",\"inLanguage\":\"tr\",\"@id\":\"https:\/\/exceladvisor.org\/tr\/2-numaradaki-ayin-adi\/#primaryimage\",\"url\":\"https:\/\/exceladvisor.org\/wp-content\/uploads\/2023\/08\/1-convertir-le-nom-du-mois-en-nombre.png\",\"contentUrl\":\"https:\/\/exceladvisor.org\/wp-content\/uploads\/2023\/08\/1-convertir-le-nom-du-mois-en-nombre.png\"},{\"@type\":\"BreadcrumbList\",\"@id\":\"https:\/\/exceladvisor.org\/tr\/2-numaradaki-ayin-adi\/#breadcrumb\",\"itemListElement\":[{\"@type\":\"ListItem\",\"position\":1,\"name\":\"Ev\",\"item\":\"https:\/\/exceladvisor.org\/tr\/\"},{\"@type\":\"ListItem\",\"position\":2,\"name\":\"Ay ad\u0131n\u0131 excel&#39;de say\u0131ya d\u00f6n\u00fc\u015ft\u00fcrme\"}]},{\"@type\":\"WebSite\",\"@id\":\"https:\/\/exceladvisor.org\/tr\/#website\",\"url\":\"https:\/\/exceladvisor.org\/tr\/\",\"name\":\"Excel Advisor\",\"description\":\"Veri hakimiyetine y\u00f6nelik nihai rehberiniz!\",\"publisher\":{\"@id\":\"https:\/\/exceladvisor.org\/tr\/#organization\"},\"potentialAction\":[{\"@type\":\"SearchAction\",\"target\":{\"@type\":\"EntryPoint\",\"urlTemplate\":\"https:\/\/exceladvisor.org\/tr\/?s={search_term_string}\"},\"query-input\":{\"@type\":\"PropertyValueSpecification\",\"valueRequired\":true,\"valueName\":\"search_term_string\"}}],\"inLanguage\":\"tr\"},{\"@type\":\"Organization\",\"@id\":\"https:\/\/exceladvisor.org\/tr\/#organization\",\"name\":\"Excel Advisor\",\"url\":\"https:\/\/exceladvisor.org\/tr\/\",\"logo\":{\"@type\":\"ImageObject\",\"inLanguage\":\"tr\",\"@id\":\"https:\/\/exceladvisor.org\/tr\/#\/schema\/logo\/image\/\",\"url\":\"https:\/\/exceladvisor.org\/tr\/wp-content\/uploads\/2023\/12\/exceladvisor.org_.png\",\"contentUrl\":\"https:\/\/exceladvisor.org\/tr\/wp-content\/uploads\/2023\/12\/exceladvisor.org_.png\",\"width\":105,\"height\":36,\"caption\":\"Excel Advisor\"},\"image\":{\"@id\":\"https:\/\/exceladvisor.org\/tr\/#\/schema\/logo\/image\/\"}}]}<\/script>\n<!-- \/ Yoast SEO plugin. -->","yoast_head_json":{"title":"Ay ad\u0131n\u0131 Excel&#39;de say\u0131ya nas\u0131l d\u00f6n\u00fc\u015ft\u00fcrebilirim?","description":"Bu e\u011fitim size ay ad\u0131n\u0131 ay numaras\u0131na d\u00f6n\u00fc\u015ft\u00fcrmek i\u00e7in bir Excel form\u00fcl\u00fcn\u00fcn nas\u0131l yaz\u0131laca\u011f\u0131n\u0131 \u00f6\u011fretecektir. Bunu kontrol edelim\u2026","robots":{"index":"index","follow":"follow","max-snippet":"max-snippet:-1","max-image-preview":"max-image-preview:large","max-video-preview":"max-video-preview:-1"},"canonical":"https:\/\/exceladvisor.org\/tr\/2-numaradaki-ayin-adi\/","og_locale":"tr_TR","og_type":"article","og_title":"Ay ad\u0131n\u0131 Excel&#39;de say\u0131ya nas\u0131l d\u00f6n\u00fc\u015ft\u00fcrebilirim?","og_description":"Bu e\u011fitim size ay ad\u0131n\u0131 ay numaras\u0131na d\u00f6n\u00fc\u015ft\u00fcrmek i\u00e7in bir Excel form\u00fcl\u00fcn\u00fcn nas\u0131l yaz\u0131laca\u011f\u0131n\u0131 \u00f6\u011fretecektir. Bunu kontrol edelim\u2026","og_url":"https:\/\/exceladvisor.org\/tr\/2-numaradaki-ayin-adi\/","og_site_name":"Excel Advisor","article_modified_time":"2023-12-10T05:58:38+00:00","og_image":[{"url":"https:\/\/exceladvisor.org\/wp-content\/uploads\/2023\/08\/1-convertir-le-nom-du-mois-en-nombre.png","type":"","width":"","height":""}],"twitter_card":"summary_large_image","twitter_misc":{"Tahmini okuma s\u00fcresi":"1 dakika"},"schema":{"@context":"https:\/\/schema.org","@graph":[{"@type":"WebPage","@id":"https:\/\/exceladvisor.org\/tr\/2-numaradaki-ayin-adi\/","url":"https:\/\/exceladvisor.org\/tr\/2-numaradaki-ayin-adi\/","name":"Ay ad\u0131n\u0131 Excel&#39;de say\u0131ya nas\u0131l d\u00f6n\u00fc\u015ft\u00fcrebilirim?","isPartOf":{"@id":"https:\/\/exceladvisor.org\/tr\/#website"},"primaryImageOfPage":{"@id":"https:\/\/exceladvisor.org\/tr\/2-numaradaki-ayin-adi\/#primaryimage"},"image":{"@id":"https:\/\/exceladvisor.org\/tr\/2-numaradaki-ayin-adi\/#primaryimage"},"thumbnailUrl":"https:\/\/exceladvisor.org\/wp-content\/uploads\/2023\/08\/1-convertir-le-nom-du-mois-en-nombre.png","datePublished":"2023-11-10T08:06:59+00:00","dateModified":"2023-12-10T05:58:38+00:00","description":"Bu e\u011fitim size ay ad\u0131n\u0131 ay numaras\u0131na d\u00f6n\u00fc\u015ft\u00fcrmek i\u00e7in bir Excel form\u00fcl\u00fcn\u00fcn nas\u0131l yaz\u0131laca\u011f\u0131n\u0131 \u00f6\u011fretecektir. Bunu kontrol edelim\u2026","breadcrumb":{"@id":"https:\/\/exceladvisor.org\/tr\/2-numaradaki-ayin-adi\/#breadcrumb"},"inLanguage":"tr","potentialAction":[{"@type":"ReadAction","target":["https:\/\/exceladvisor.org\/tr\/2-numaradaki-ayin-adi\/"]}]},{"@type":"ImageObject","inLanguage":"tr","@id":"https:\/\/exceladvisor.org\/tr\/2-numaradaki-ayin-adi\/#primaryimage","url":"https:\/\/exceladvisor.org\/wp-content\/uploads\/2023\/08\/1-convertir-le-nom-du-mois-en-nombre.png","contentUrl":"https:\/\/exceladvisor.org\/wp-content\/uploads\/2023\/08\/1-convertir-le-nom-du-mois-en-nombre.png"},{"@type":"BreadcrumbList","@id":"https:\/\/exceladvisor.org\/tr\/2-numaradaki-ayin-adi\/#breadcrumb","itemListElement":[{"@type":"ListItem","position":1,"name":"Ev","item":"https:\/\/exceladvisor.org\/tr\/"},{"@type":"ListItem","position":2,"name":"Ay ad\u0131n\u0131 excel&#39;de say\u0131ya d\u00f6n\u00fc\u015ft\u00fcrme"}]},{"@type":"WebSite","@id":"https:\/\/exceladvisor.org\/tr\/#website","url":"https:\/\/exceladvisor.org\/tr\/","name":"Excel Advisor","description":"Veri hakimiyetine y\u00f6nelik nihai rehberiniz!","publisher":{"@id":"https:\/\/exceladvisor.org\/tr\/#organization"},"potentialAction":[{"@type":"SearchAction","target":{"@type":"EntryPoint","urlTemplate":"https:\/\/exceladvisor.org\/tr\/?s={search_term_string}"},"query-input":{"@type":"PropertyValueSpecification","valueRequired":true,"valueName":"search_term_string"}}],"inLanguage":"tr"},{"@type":"Organization","@id":"https:\/\/exceladvisor.org\/tr\/#organization","name":"Excel Advisor","url":"https:\/\/exceladvisor.org\/tr\/","logo":{"@type":"ImageObject","inLanguage":"tr","@id":"https:\/\/exceladvisor.org\/tr\/#\/schema\/logo\/image\/","url":"https:\/\/exceladvisor.org\/tr\/wp-content\/uploads\/2023\/12\/exceladvisor.org_.png","contentUrl":"https:\/\/exceladvisor.org\/tr\/wp-content\/uploads\/2023\/12\/exceladvisor.org_.png","width":105,"height":36,"caption":"Excel Advisor"},"image":{"@id":"https:\/\/exceladvisor.org\/tr\/#\/schema\/logo\/image\/"}}]}},"yoast_meta":{"yoast_wpseo_title":"","yoast_wpseo_metadesc":"","yoast_wpseo_canonical":""},"_links":{"self":[{"href":"https:\/\/exceladvisor.org\/tr\/wp-json\/wp\/v2\/pages\/1714","targetHints":{"allow":["GET"]}}],"collection":[{"href":"https:\/\/exceladvisor.org\/tr\/wp-json\/wp\/v2\/pages"}],"about":[{"href":"https:\/\/exceladvisor.org\/tr\/wp-json\/wp\/v2\/types\/page"}],"author":[{"embeddable":true,"href":"https:\/\/exceladvisor.org\/tr\/wp-json\/wp\/v2\/users\/1"}],"replies":[{"embeddable":true,"href":"https:\/\/exceladvisor.org\/tr\/wp-json\/wp\/v2\/comments?post=1714"}],"version-history":[{"count":1,"href":"https:\/\/exceladvisor.org\/tr\/wp-json\/wp\/v2\/pages\/1714\/revisions"}],"predecessor-version":[{"id":2258,"href":"https:\/\/exceladvisor.org\/tr\/wp-json\/wp\/v2\/pages\/1714\/revisions\/2258"}],"wp:attachment":[{"href":"https:\/\/exceladvisor.org\/tr\/wp-json\/wp\/v2\/media?parent=1714"}],"curies":[{"name":"wp","href":"https:\/\/api.w.org\/{rel}","templated":true}]}}