{"id":1715,"date":"2023-11-09T23:32:00","date_gmt":"2023-11-09T23:32:00","guid":{"rendered":"https:\/\/exceladvisor.org\/tr\/dosya-yerlestirme\/"},"modified":"2023-12-10T06:03:45","modified_gmt":"2023-12-10T06:03:45","slug":"dosya-yerlestirme","status":"publish","type":"page","link":"https:\/\/exceladvisor.org\/tr\/dosya-yerlestirme\/","title":{"rendered":"Excel&#39;e bir dosya nas\u0131l g\u00f6m\u00fcl\u00fcr?"},"content":{"rendered":"<div class=\"excel-icerikten-once\" id=\"excel-593798886\"><script type=\"text\/javascript\">\r\n\tatOptions = {\r\n\t\t'key' : 'c1158f160081d6540a8409e6925dab94',\r\n\t\t'format' : 'iframe',\r\n\t\t'height' : 250,\r\n\t\t'width' : 300,\r\n\t\t'params' : {}\r\n\t};\r\n<\/script>\r\n<script type=\"text\/javascript\" src=\"\/\/www.highperformanceformat.com\/c1158f160081d6540a8409e6925dab94\/invoke.js\"><\/script><\/div> <p>Genel anlamda g\u00f6mme, mevcut belgeye herhangi bir nesnenin eklenmesi anlam\u0131na gelir. Excel, dosyalar\u0131 e-tabloya ek olarak g\u00f6mmek i\u00e7in yerle\u015fik i\u015flevselli\u011fe sahiptir.<\/p><p> Bu \u00f6zellik sayesinde .xlsx, doc, ppt, pdf vb. gibi yeni ve harici belgeleri g\u00f6mebilirsiniz. veri k\u00fcmesini etkilemeden bunlar\u0131 ge\u00e7erli \u00e7al\u0131\u015fma sayfas\u0131na d\u00f6nd\u00fcrmek i\u00e7in.<\/p><p> Bu e\u011fitimde, dosyalar\u0131 e-tabloya nas\u0131l yerle\u015ftirece\u011finizi g\u00f6sterece\u011fiz.<\/p><h2 id=\"h-steps-to-embed-a-new-file-in-excel\" class=\"wp-block-heading\"> Excel&#8217;e yeni bir dosya yerle\u015ftirme ad\u0131mlar\u0131<\/h2><p> Bazen kullan\u0131c\u0131lar\u0131n e-tabloya mevcut herhangi bir dosya yerine yeni bir bo\u015f dosya yerle\u015ftirmesi gerekir ve bunun i\u00e7in a\u015fa\u011f\u0131daki ad\u0131mlar\u0131 izleyin:<\/p><ol><li> \u00d6ncelikle \u201cEkle\u201d sekmesine gidin ve \u201cMetin\u201d simgesine t\u0131klay\u0131n, ard\u0131ndan \u201cNesne\u201d se\u00e7ene\u011fine t\u0131klay\u0131n. <br><img loading=\"lazy\" decoding=\"async\" title=\"-metin-simge-se\u00e7enekleri\" src=\"https:\/\/exceladvisor.org\/wp-content\/uploads\/2023\/08\/1-options-dicone-de-texte.png\" sizes=\"auto, \" srcset=\"\" alt=\"text-icon-options\" width=\"639\" height=\"178\"><\/li><li> Bundan sonra, &#8220;Nesne&#8221; ileti\u015fim kutusunda &#8220;Yeni Olu\u015ftur&#8221; sekmesine t\u0131klay\u0131n ve ard\u0131ndan &#8220;Nesne T\u00fcr\u00fc&#8221; alan\u0131nda g\u00f6mmek istedi\u011finiz belge t\u00fcr\u00fcn\u00fc se\u00e7in.<\/li><li> Se\u00e7ildikten sonra \u201cSimge olarak g\u00f6ster\u201d se\u00e7ene\u011fini i\u015faretleyin ve ard\u0131ndan Tamam&#8217;a t\u0131klay\u0131n. <br><img loading=\"lazy\" decoding=\"async\" title=\"-diyalog-nesnesi\" src=\"https:\/\/exceladvisor.org\/wp-content\/uploads\/2023\/08\/Boite-de-dialogue-2-objets.png\" sizes=\"auto, \" srcset=\"\" alt=\"object-dialog-box\" width=\"501\" height=\"386\"><\/li><\/ol><p class=\"qt-tip\"> <strong>Not:<\/strong> Yaln\u0131zca verilen nesne t\u00fcrlerinin par\u00e7as\u0131 olan yeni dosya t\u00fcrlerini teslim edebilirsiniz.<\/p><h2 id=\"h-embed-external-files-in-excel\" class=\"wp-block-heading\"> Harici dosyalar\u0131 Excel&#8217;e g\u00f6mme<\/h2><ol><li> \u00d6ncelikle \u201cEkle\u201d sekmesine gidin ve \u201cMetin\u201d simgesine t\u0131klay\u0131n, ard\u0131ndan \u201cNesne\u201d se\u00e7ene\u011fine t\u0131klay\u0131n. <br><img loading=\"lazy\" decoding=\"async\" title=\"-sekme-ve-metin-simgesi ekleyin\" src=\"https:\/\/exceladvisor.org\/wp-content\/uploads\/2023\/08\/3-inserer-un-onglet-et-une-icone-de-texte.png\" sizes=\"auto, \" srcset=\"\" alt=\"insert-tab-and-text-icon\" width=\"610\" height=\"170\"><\/li><li> Bundan sonra, \u201cNesne\u201d ileti\u015fim kutusunda \u201cDosyadan Olu\u015ftur\u201d sekmesine ve ard\u0131ndan yerel sisteminizden dosyay\u0131 se\u00e7mek i\u00e7in \u201cG\u00f6zat\u201d d\u00fc\u011fmesine t\u0131klay\u0131n. <br><img loading=\"lazy\" decoding=\"async\" title=\"-dosya-sekmesinden-olu\u015ftur\" src=\"https:\/\/exceladvisor.org\/wp-content\/uploads\/2023\/08\/4-creer-a-partir-de-longlet-fichier.png\" sizes=\"auto, \" srcset=\"\" alt=\"create-from-file-tab\" width=\"472\" height=\"410\"><\/li><li> Dosyay\u0131 se\u00e7tikten sonra dosyan\u0131n nesne olarak g\u00f6m\u00fclmesi i\u00e7in \u201cSimge olarak g\u00f6ster\u201d se\u00e7ene\u011fini i\u015faretleyin ve Tamam\u2019a t\u0131klay\u0131n. <br><img loading=\"lazy\" decoding=\"async\" title=\"-simge olarak g\u00f6stermeyi se\u00e7\" src=\"https:\/\/exceladvisor.org\/wp-content\/uploads\/2023\/08\/5-selectionner-laffichage-sous-forme-dicone.png\" sizes=\"auto, \" srcset=\"\" alt=\"select-display-as-icon\" width=\"473\" height=\"365\"><\/li><li> Se\u00e7ilen dosya elektronik tabloya g\u00f6m\u00fcld\u00fckten sonra, fare imlecini yuvarlak \u015fekilli kenarl\u0131klardan birinin \u00fczerine getirip ard\u0131ndan bir h\u00fccreye s\u0131\u011facak \u015fekilde s\u00fcr\u00fckleyip k\u00fc\u00e7\u00fclterek dosyay\u0131 yeniden boyutland\u0131rabilirsiniz. <br><img loading=\"lazy\" decoding=\"async\" title=\"-g\u00f6m\u00fcl\u00fc dosyay\u0131 yeniden boyutland\u0131r\" src=\"https:\/\/exceladvisor.org\/wp-content\/uploads\/2023\/08\/6-redimensionner-le-fichier-integre.png\" sizes=\"auto, \" srcset=\"\" alt=\"resize-the-embedded-file\" width=\"281\" height=\"174\"><\/li><li> \u015eimdi h\u00fccredeki g\u00f6m\u00fcl\u00fc dosya simgesini kilitlemek i\u00e7in \u00fczerine sa\u011f t\u0131klay\u0131n ve \u201cNesneyi Bi\u00e7imlendir\u201d se\u00e7ene\u011fine t\u0131klay\u0131n. <br><img loading=\"lazy\" decoding=\"async\" title=\"-kilit-g\u00f6m\u00fcl\u00fc-dosya\" src=\"https:\/\/exceladvisor.org\/wp-content\/uploads\/2023\/08\/7-verrouiller-le-fichier-integre.png\" sizes=\"auto, \" srcset=\"\" alt=\"lock-the-embedded-file\" width=\"306\" height=\"262\"><\/li><li> Sonunda, &#8220;Nesneyi Bi\u00e7imlendir&#8221; ileti\u015fim kutusunda, &#8220;\u00d6zellikler&#8221; sekmesine gidin, ard\u0131ndan simgenin kilitlenmesi ve yaln\u0131zca h\u00fccre i\u00e7inde hareket etmesi i\u00e7in &#8220;H\u00fccrelerle ta\u015f\u0131 ve boyutland\u0131r&#8221; se\u00e7ene\u011fini se\u00e7in ve ard\u0131ndan Tamam&#8217;\u0131 t\u0131klay\u0131n. <img loading=\"lazy\" decoding=\"async\" title=\"-diyalog-nesne-bi\u00e7imi\" src=\"https:\/\/exceladvisor.org\/wp-content\/uploads\/2023\/08\/Boite-de-dialogue-dobjet-au-format-8.png\" sizes=\"auto, \" srcset=\"\" alt=\"format-object-dialog-box\" width=\"448\" height=\"429\"><\/li><\/ol><h2 id=\"h-points-to-remember\" class=\"wp-block-heading\"> Paket servis<\/h2><ul><li> Dosyay\u0131 yaln\u0131zca &#8220;Simge olarak g\u00f6ster&#8221; se\u00e7ene\u011fini i\u015faretleyerek g\u00f6md\u00fc\u011f\u00fcn\u00fczde, bu g\u00f6m\u00fcl\u00fc dosya mevcut \u00e7al\u0131\u015fma kitab\u0131n\u0131n bir par\u00e7as\u0131 olacak ve kaynak dosyadan ayr\u0131lacakt\u0131r. Bu, kaynak dosyadaki herhangi bir \u015feyi g\u00fcncellerseniz bu g\u00fcncellemenin g\u00f6m\u00fcl\u00fc dosyada g\u00fcncellenmeyece\u011fi anlam\u0131na gelir. G\u00f6m\u00fcl\u00fc dosyadaki herhangi bir \u015feyi d\u00fczenlemek veya g\u00fcncellemek i\u00e7in, g\u00f6m\u00fcl\u00fc dosyay\u0131 her zaman g\u00f6m\u00fcl\u00fc oldu\u011fu e-tablodan \u00e7ift t\u0131klatarak a\u00e7\u0131n.<\/li><li> Ayr\u0131ca &#8220;Dosyaya ba\u011fla&#8221; se\u00e7ene\u011fini de i\u015faretlerseniz, g\u00f6m\u00fcl\u00fc dosya yaln\u0131zca ba\u011flanacak ve kaynak dosyadan ayr\u0131 bir dosya haline gelmeyecektir. Bu, bu durumda orijinal dosyadaki herhangi bir \u015feyi g\u00fcncellerseniz, g\u00fcncellemenin g\u00f6m\u00fcl\u00fc dosyada da g\u00fcncellenece\u011fi ve bunun tersi anlam\u0131na gelir.<\/li><li> E\u011fer dosyay\u0131 &#8220;Dosyaya Ba\u011flant\u0131 Ver&#8221; se\u00e7ene\u011fini i\u015faretleyerek g\u00f6md\u00fcyseniz, di\u011fer ki\u015filer bu ba\u011flant\u0131l\u0131 dosyaya eri\u015femez ve bu ba\u011flant\u0131l\u0131 dosyaya eri\u015firken a\u015fa\u011f\u0131daki hatay\u0131 al\u0131rlar. <\/li><\/ul><div class=\"wp-block-image\"><figure class=\"aligncenter size-full is-resized\"><img loading=\"lazy\" decoding=\"async\" class=\"wp-image-82901\" src=\"https:\/\/exceladvisor.org\/wp-content\/uploads\/2023\/08\/9-erreur-dacces-au-fichier-lie.png\" sizes=\"auto, \" srcset=\"\" alt=\"ba\u011flant\u0131l\u0131 dosyaya eri\u015fimde hata\" width=\"523\" height=\"160\"><\/figure><\/div><div class=\"gb-container gb-container-4db6181c gb-container-mt\"> <a class=\"gb-button gb-button-c5897111 gb-button-text gb-button-mt-button\" href=\"https:\/\/exceladvisor.org\/tr\/excel-ilerlemesi\/\">\u0130leri D\u00fczey Excel Dersleri<\/a><h2 class=\"gb-headline gb-headline-665e5f6b gb-headline-text gb-headline-mt-heading\"> \u0130lgili e\u011fitimler <\/h2><div class=\"gb-grid-wrapper gb-grid-wrapper-a20baf7c gb-grid-wrapper-mt-grid\"><div class=\"gb-grid-column gb-grid-column-65ddf67e\"><div class=\"gb-container gb-container-65ddf67e\"><ul><li> <a href=\"https:\/\/exceladvisor.org\/tr\/kamera-araci\/\">Excel Kamera Arac\u0131<\/a><\/li><li> <a href=\"https:\/\/exceladvisor.org\/tr\/hedef-aramak\/\">Excel&#8217;de Hedef Bulucu<\/a><\/li><li> <a href=\"https:\/\/exceladvisor.org\/tr\/pencereyi-izle\/\">Excel&#8217;de pencereyi izle<\/a><\/li><li> <a href=\"https:\/\/exceladvisor.org\/tr\/excel-dilimleyici\/\">Excel Dilimleyici (Tam K\u0131lavuz)<\/a> <\/li><\/ul><\/div><\/div><div class=\"gb-grid-column gb-grid-column-50067b57\"><div class=\"gb-container gb-container-50067b57\"><ul><li> <a href=\"https:\/\/exceladvisor.org\/tr\/kisisellestirilmis-listeler\/\">Excel&#8217;de \u00d6zel Liste<\/a><\/li><li> <a href=\"https:\/\/exceladvisor.org\/tr\/excelde-pdf\/\">Excel&#8217;e PDF ekleme<\/a><\/li><li> <a href=\"https:\/\/exceladvisor.org\/tr\/otomatik-duzeltme\/\">Excel&#8217;de otomatik d\u00fczeltme<\/a><\/li><li> <a href=\"https:\/\/exceladvisor.org\/tr\/resim-ekle\/\">Excel&#8217;de bir h\u00fccreye resim ekleme<\/a><\/li><\/ul><\/div><\/div><\/div><\/div>","protected":false},"excerpt":{"rendered":"","protected":false},"author":1,"featured_media":0,"parent":0,"menu_order":0,"comment_status":"open","ping_status":"closed","template":"","meta":{"ub_ctt_via":"","footnotes":""},"class_list":["post-1715","page","type-page","status-publish","hentry"],"featured_image_src":null,"yoast_head":"<!-- This site is optimized with the Yoast SEO plugin v25.4 - https:\/\/yoast.com\/wordpress\/plugins\/seo\/ -->\n<title>\u25b7 Bir dosyay\u0131 Excel&#039;e nas\u0131l entegre edebilirim? (2023 K\u0131lavuzu)<\/title>\n<meta name=\"description\" content=\"Bu e\u011fitimde, bir dosyay\u0131 Excel elektronik tablosuna nas\u0131l yerle\u015ftirece\u011finizi \u00f6\u011freneceksiniz. Ayr\u0131ca bilmeniz gereken baz\u0131 \u00f6nemli noktalar.\" \/>\n<meta name=\"robots\" content=\"index, follow, max-snippet:-1, max-image-preview:large, max-video-preview:-1\" \/>\n<link rel=\"canonical\" href=\"https:\/\/exceladvisor.org\/tr\/dosya-yerlestirme\/\" \/>\n<meta property=\"og:locale\" content=\"tr_TR\" \/>\n<meta property=\"og:type\" content=\"article\" \/>\n<meta property=\"og:title\" content=\"\u25b7 Bir dosyay\u0131 Excel&#039;e nas\u0131l entegre edebilirim? (2023 K\u0131lavuzu)\" \/>\n<meta property=\"og:description\" content=\"Bu e\u011fitimde, bir dosyay\u0131 Excel elektronik tablosuna nas\u0131l yerle\u015ftirece\u011finizi \u00f6\u011freneceksiniz. Ayr\u0131ca bilmeniz gereken baz\u0131 \u00f6nemli noktalar.\" \/>\n<meta property=\"og:url\" content=\"https:\/\/exceladvisor.org\/tr\/dosya-yerlestirme\/\" \/>\n<meta property=\"og:site_name\" content=\"Excel Advisor\" \/>\n<meta property=\"article:modified_time\" content=\"2023-12-10T06:03:45+00:00\" \/>\n<meta property=\"og:image\" content=\"https:\/\/exceladvisor.org\/wp-content\/uploads\/2023\/08\/1-options-dicone-de-texte.png\" \/>\n<meta name=\"twitter:card\" content=\"summary_large_image\" \/>\n<meta name=\"twitter:label1\" content=\"Tahmini okuma s\u00fcresi\" \/>\n\t<meta name=\"twitter:data1\" content=\"3 dakika\" \/>\n<script type=\"application\/ld+json\" class=\"yoast-schema-graph\">{\"@context\":\"https:\/\/schema.org\",\"@graph\":[{\"@type\":\"WebPage\",\"@id\":\"https:\/\/exceladvisor.org\/tr\/dosya-yerlestirme\/\",\"url\":\"https:\/\/exceladvisor.org\/tr\/dosya-yerlestirme\/\",\"name\":\"\u25b7 Bir dosyay\u0131 Excel&#39;e nas\u0131l entegre edebilirim? (2023 K\u0131lavuzu)\",\"isPartOf\":{\"@id\":\"https:\/\/exceladvisor.org\/tr\/#website\"},\"primaryImageOfPage\":{\"@id\":\"https:\/\/exceladvisor.org\/tr\/dosya-yerlestirme\/#primaryimage\"},\"image\":{\"@id\":\"https:\/\/exceladvisor.org\/tr\/dosya-yerlestirme\/#primaryimage\"},\"thumbnailUrl\":\"https:\/\/exceladvisor.org\/wp-content\/uploads\/2023\/08\/1-options-dicone-de-texte.png\",\"datePublished\":\"2023-11-09T23:32:00+00:00\",\"dateModified\":\"2023-12-10T06:03:45+00:00\",\"description\":\"Bu e\u011fitimde, bir dosyay\u0131 Excel elektronik tablosuna nas\u0131l yerle\u015ftirece\u011finizi \u00f6\u011freneceksiniz. Ayr\u0131ca bilmeniz gereken baz\u0131 \u00f6nemli noktalar.\",\"breadcrumb\":{\"@id\":\"https:\/\/exceladvisor.org\/tr\/dosya-yerlestirme\/#breadcrumb\"},\"inLanguage\":\"tr\",\"potentialAction\":[{\"@type\":\"ReadAction\",\"target\":[\"https:\/\/exceladvisor.org\/tr\/dosya-yerlestirme\/\"]}]},{\"@type\":\"ImageObject\",\"inLanguage\":\"tr\",\"@id\":\"https:\/\/exceladvisor.org\/tr\/dosya-yerlestirme\/#primaryimage\",\"url\":\"https:\/\/exceladvisor.org\/wp-content\/uploads\/2023\/08\/1-options-dicone-de-texte.png\",\"contentUrl\":\"https:\/\/exceladvisor.org\/wp-content\/uploads\/2023\/08\/1-options-dicone-de-texte.png\"},{\"@type\":\"BreadcrumbList\",\"@id\":\"https:\/\/exceladvisor.org\/tr\/dosya-yerlestirme\/#breadcrumb\",\"itemListElement\":[{\"@type\":\"ListItem\",\"position\":1,\"name\":\"Ev\",\"item\":\"https:\/\/exceladvisor.org\/tr\/\"},{\"@type\":\"ListItem\",\"position\":2,\"name\":\"Excel&#39;e bir dosya nas\u0131l g\u00f6m\u00fcl\u00fcr?\"}]},{\"@type\":\"WebSite\",\"@id\":\"https:\/\/exceladvisor.org\/tr\/#website\",\"url\":\"https:\/\/exceladvisor.org\/tr\/\",\"name\":\"Excel Advisor\",\"description\":\"Veri hakimiyetine y\u00f6nelik nihai rehberiniz!\",\"publisher\":{\"@id\":\"https:\/\/exceladvisor.org\/tr\/#organization\"},\"potentialAction\":[{\"@type\":\"SearchAction\",\"target\":{\"@type\":\"EntryPoint\",\"urlTemplate\":\"https:\/\/exceladvisor.org\/tr\/?s={search_term_string}\"},\"query-input\":{\"@type\":\"PropertyValueSpecification\",\"valueRequired\":true,\"valueName\":\"search_term_string\"}}],\"inLanguage\":\"tr\"},{\"@type\":\"Organization\",\"@id\":\"https:\/\/exceladvisor.org\/tr\/#organization\",\"name\":\"Excel Advisor\",\"url\":\"https:\/\/exceladvisor.org\/tr\/\",\"logo\":{\"@type\":\"ImageObject\",\"inLanguage\":\"tr\",\"@id\":\"https:\/\/exceladvisor.org\/tr\/#\/schema\/logo\/image\/\",\"url\":\"https:\/\/exceladvisor.org\/tr\/wp-content\/uploads\/2023\/12\/exceladvisor.org_.png\",\"contentUrl\":\"https:\/\/exceladvisor.org\/tr\/wp-content\/uploads\/2023\/12\/exceladvisor.org_.png\",\"width\":105,\"height\":36,\"caption\":\"Excel Advisor\"},\"image\":{\"@id\":\"https:\/\/exceladvisor.org\/tr\/#\/schema\/logo\/image\/\"}}]}<\/script>\n<!-- \/ Yoast SEO plugin. -->","yoast_head_json":{"title":"\u25b7 Bir dosyay\u0131 Excel&#39;e nas\u0131l entegre edebilirim? (2023 K\u0131lavuzu)","description":"Bu e\u011fitimde, bir dosyay\u0131 Excel elektronik tablosuna nas\u0131l yerle\u015ftirece\u011finizi \u00f6\u011freneceksiniz. Ayr\u0131ca bilmeniz gereken baz\u0131 \u00f6nemli noktalar.","robots":{"index":"index","follow":"follow","max-snippet":"max-snippet:-1","max-image-preview":"max-image-preview:large","max-video-preview":"max-video-preview:-1"},"canonical":"https:\/\/exceladvisor.org\/tr\/dosya-yerlestirme\/","og_locale":"tr_TR","og_type":"article","og_title":"\u25b7 Bir dosyay\u0131 Excel&#39;e nas\u0131l entegre edebilirim? (2023 K\u0131lavuzu)","og_description":"Bu e\u011fitimde, bir dosyay\u0131 Excel elektronik tablosuna nas\u0131l yerle\u015ftirece\u011finizi \u00f6\u011freneceksiniz. Ayr\u0131ca bilmeniz gereken baz\u0131 \u00f6nemli noktalar.","og_url":"https:\/\/exceladvisor.org\/tr\/dosya-yerlestirme\/","og_site_name":"Excel Advisor","article_modified_time":"2023-12-10T06:03:45+00:00","og_image":[{"url":"https:\/\/exceladvisor.org\/wp-content\/uploads\/2023\/08\/1-options-dicone-de-texte.png","type":"","width":"","height":""}],"twitter_card":"summary_large_image","twitter_misc":{"Tahmini okuma s\u00fcresi":"3 dakika"},"schema":{"@context":"https:\/\/schema.org","@graph":[{"@type":"WebPage","@id":"https:\/\/exceladvisor.org\/tr\/dosya-yerlestirme\/","url":"https:\/\/exceladvisor.org\/tr\/dosya-yerlestirme\/","name":"\u25b7 Bir dosyay\u0131 Excel&#39;e nas\u0131l entegre edebilirim? (2023 K\u0131lavuzu)","isPartOf":{"@id":"https:\/\/exceladvisor.org\/tr\/#website"},"primaryImageOfPage":{"@id":"https:\/\/exceladvisor.org\/tr\/dosya-yerlestirme\/#primaryimage"},"image":{"@id":"https:\/\/exceladvisor.org\/tr\/dosya-yerlestirme\/#primaryimage"},"thumbnailUrl":"https:\/\/exceladvisor.org\/wp-content\/uploads\/2023\/08\/1-options-dicone-de-texte.png","datePublished":"2023-11-09T23:32:00+00:00","dateModified":"2023-12-10T06:03:45+00:00","description":"Bu e\u011fitimde, bir dosyay\u0131 Excel elektronik tablosuna nas\u0131l yerle\u015ftirece\u011finizi \u00f6\u011freneceksiniz. Ayr\u0131ca bilmeniz gereken baz\u0131 \u00f6nemli noktalar.","breadcrumb":{"@id":"https:\/\/exceladvisor.org\/tr\/dosya-yerlestirme\/#breadcrumb"},"inLanguage":"tr","potentialAction":[{"@type":"ReadAction","target":["https:\/\/exceladvisor.org\/tr\/dosya-yerlestirme\/"]}]},{"@type":"ImageObject","inLanguage":"tr","@id":"https:\/\/exceladvisor.org\/tr\/dosya-yerlestirme\/#primaryimage","url":"https:\/\/exceladvisor.org\/wp-content\/uploads\/2023\/08\/1-options-dicone-de-texte.png","contentUrl":"https:\/\/exceladvisor.org\/wp-content\/uploads\/2023\/08\/1-options-dicone-de-texte.png"},{"@type":"BreadcrumbList","@id":"https:\/\/exceladvisor.org\/tr\/dosya-yerlestirme\/#breadcrumb","itemListElement":[{"@type":"ListItem","position":1,"name":"Ev","item":"https:\/\/exceladvisor.org\/tr\/"},{"@type":"ListItem","position":2,"name":"Excel&#39;e bir dosya nas\u0131l g\u00f6m\u00fcl\u00fcr?"}]},{"@type":"WebSite","@id":"https:\/\/exceladvisor.org\/tr\/#website","url":"https:\/\/exceladvisor.org\/tr\/","name":"Excel Advisor","description":"Veri hakimiyetine y\u00f6nelik nihai rehberiniz!","publisher":{"@id":"https:\/\/exceladvisor.org\/tr\/#organization"},"potentialAction":[{"@type":"SearchAction","target":{"@type":"EntryPoint","urlTemplate":"https:\/\/exceladvisor.org\/tr\/?s={search_term_string}"},"query-input":{"@type":"PropertyValueSpecification","valueRequired":true,"valueName":"search_term_string"}}],"inLanguage":"tr"},{"@type":"Organization","@id":"https:\/\/exceladvisor.org\/tr\/#organization","name":"Excel Advisor","url":"https:\/\/exceladvisor.org\/tr\/","logo":{"@type":"ImageObject","inLanguage":"tr","@id":"https:\/\/exceladvisor.org\/tr\/#\/schema\/logo\/image\/","url":"https:\/\/exceladvisor.org\/tr\/wp-content\/uploads\/2023\/12\/exceladvisor.org_.png","contentUrl":"https:\/\/exceladvisor.org\/tr\/wp-content\/uploads\/2023\/12\/exceladvisor.org_.png","width":105,"height":36,"caption":"Excel Advisor"},"image":{"@id":"https:\/\/exceladvisor.org\/tr\/#\/schema\/logo\/image\/"}}]}},"yoast_meta":{"yoast_wpseo_title":"","yoast_wpseo_metadesc":"","yoast_wpseo_canonical":""},"_links":{"self":[{"href":"https:\/\/exceladvisor.org\/tr\/wp-json\/wp\/v2\/pages\/1715","targetHints":{"allow":["GET"]}}],"collection":[{"href":"https:\/\/exceladvisor.org\/tr\/wp-json\/wp\/v2\/pages"}],"about":[{"href":"https:\/\/exceladvisor.org\/tr\/wp-json\/wp\/v2\/types\/page"}],"author":[{"embeddable":true,"href":"https:\/\/exceladvisor.org\/tr\/wp-json\/wp\/v2\/users\/1"}],"replies":[{"embeddable":true,"href":"https:\/\/exceladvisor.org\/tr\/wp-json\/wp\/v2\/comments?post=1715"}],"version-history":[{"count":1,"href":"https:\/\/exceladvisor.org\/tr\/wp-json\/wp\/v2\/pages\/1715\/revisions"}],"predecessor-version":[{"id":2672,"href":"https:\/\/exceladvisor.org\/tr\/wp-json\/wp\/v2\/pages\/1715\/revisions\/2672"}],"wp:attachment":[{"href":"https:\/\/exceladvisor.org\/tr\/wp-json\/wp\/v2\/media?parent=1715"}],"curies":[{"name":"wp","href":"https:\/\/api.w.org\/{rel}","templated":true}]}}