{"id":1723,"date":"2023-11-09T19:08:31","date_gmt":"2023-11-09T19:08:31","guid":{"rendered":"https:\/\/exceladvisor.org\/tr\/vssearch-eslesmesi\/"},"modified":"2023-12-10T05:59:22","modified_gmt":"2023-12-10T05:59:22","slug":"vssearch-eslesmesi","status":"publish","type":"page","link":"https:\/\/exceladvisor.org\/tr\/vssearch-eslesmesi\/","title":{"rendered":"D\u00fc\u015feyara e\u015fle\u015fti\u0307rme kombinasyonu nas\u0131l kullan\u0131l\u0131r?"},"content":{"rendered":"<div class=\"excel-icerikten-once\" id=\"excel-1761794379\"><script type=\"text\/javascript\">\r\n\tatOptions = {\r\n\t\t'key' : 'c1158f160081d6540a8409e6925dab94',\r\n\t\t'format' : 'iframe',\r\n\t\t'height' : 250,\r\n\t\t'width' : 300,\r\n\t\t'params' : {}\r\n\t};\r\n<\/script>\r\n<script type=\"text\/javascript\" src=\"\/\/www.highperformanceformat.com\/c1158f160081d6540a8409e6925dab94\/invoke.js\"><\/script><\/div> <p>D\u00dc\u015eEYARA ve E\u015eLE\u015eT\u0130RME&#8217;nin birle\u015fimi bir s\u00fcper g\u00fc\u00e7 gibidir. Hepimizin bildi\u011fi gibi D\u00dc\u015eEYARA <a href=\"https:\/\/exceladvisor.org\/tr\/excel-fonksiyonlari\/\">en pop\u00fcler i\u015flevlerden<\/a> biridir.<\/p><p> SA\u011e?<\/p><p> Bu, bir s\u00fctundaki de\u011feri h\u0131zl\u0131 bir \u015fekilde bulman\u0131za yard\u0131mc\u0131 olabilir. Ancak daha fazla kulland\u0131\u011f\u0131n\u0131zda baz\u0131 sorunlar\u0131n fark\u0131na varacaks\u0131n\u0131z. Ve <span style=\"color: #000000;\">en b\u00fcy\u00fck sorun<\/span> dinamik olmamas\u0131d\u0131r.<\/p><p> D\u00dc\u015eEYARA&#8217;da col_index_no statik bir de\u011ferdir ve D\u00dc\u015eEYARA&#8217;n\u0131n <strong><span style=\"color: #ff0000;\">dinamik bir i\u015flev olarak \u00e7al\u0131\u015fmamas\u0131n\u0131n<\/span><\/strong> nedeni budur. \u0130\u015fte D\u00dc\u015eEYARA&#8217;y\u0131 E\u015eLE\u015eT\u0130RME ile birle\u015ftirmeniz gereken yer buras\u0131d\u0131r.<\/p><p> <a href=\"https:\/\/exceladvisor.org\/tr\/cift-yonlu-arama\/\">\u00c7ok s\u00fctunlu<\/a> veriler \u00fczerinde \u00e7al\u0131\u015f\u0131yorsan\u0131z, referans\u0131n\u0131 de\u011fi\u015ftirmek zahmetlidir, bunu manuel olarak yapman\u0131z gerekir (s\u00fctun numaras\u0131n\u0131 de\u011fi\u015ftirin).<\/p><p> Bu sorunu \u00e7\u00f6zmenin en iyi yolu s\u00fctun_index_numaras\u0131 i\u00e7in D\u00dc\u015eEYARA&#8217;daki KA\u00c7INCI i\u015flevini kullanmakt\u0131r. Bug\u00fcn bu yaz\u0131mda size bu karma form\u00fcl\u00fc kullanmak i\u00e7in bilmeniz gereken her \u015feyi anlataca\u011f\u0131m.<\/p><h2 id=\"h-problems-with-vlookup\" class=\"wp-block-heading\"> D\u00dc\u015eEYARA ile ilgili sorunlar<\/h2><p> Bu iki i\u015flevin birle\u015fimini olu\u015fturman\u0131n iki ana nedenini buldum.<\/p><h3 id=\"h-1-static-reference\" class=\"wp-block-heading\"> 1. Statik referans<\/h3><p> D\u00f6rt farkl\u0131 \u00e7al\u0131\u015fan i\u00e7in 12 ayl\u0131k sat\u0131\u015flar\u0131n\u0131z\u0131n oldu\u011fu a\u015fa\u011f\u0131daki veri tablosuna bakman\u0131z yeterli. <\/p><div class=\"wp-block-image\"><figure class=\"aligncenter\"><img decoding=\"async\" src=\"https:\/\/exceladvisor.org\/wp-content\/uploads\/2023\/08\/table-de-donnees-pour-utiliser-vlookup-et-faire-correspondre-min-1.png\" sizes=\"\" srcset=\"\" alt=\"vlookup'\u0131 kullanmak ve e\u015fle\u015ftirmek i\u00e7in veri tablosu\"><\/figure><\/div><p> \u015eimdi, \u015eubat ay\u0131 i\u00e7in &#8220;John&#8217;s&#8221; indirimini aramak istedi\u011finizi varsayal\u0131m. Form\u00fcl bu \u015fekilde olmal\u0131.<\/p><pre class=\"wp-block-code\"> <code class=\"language-excel-formula\" lang=\"excel-formula\">=VLOOKUP(\"May\",A1:E13,2,0)<\/code><\/pre><p> Ve bu form\u00fclde 2&#8217;den col_index_num olarak bahsettiniz \u00e7\u00fcnk\u00fc John&#8217;un sat\u0131\u015f\u0131 ikinci s\u00fctunda yer al\u0131yor. <strong><span style=\"color: #000000;\">Peki patronunuz size &#8220;Peter&#8221;\u0131n sat\u0131\u015f de\u011ferini alman\u0131z\u0131 s\u00f6ylerse ne yapacaks\u0131n\u0131z<\/span><\/strong> ?<\/p><p> Dinamik olmad\u0131\u011f\u0131 i\u00e7in col_index_num&#8217;daki de\u011feri de\u011fi\u015ftirmeniz gerekir.<\/p><h3 id=\"h-2-add-or-delete-columns\" class=\"wp-block-heading\"> 2. S\u00fctunlar\u0131 ekleyin veya kald\u0131r\u0131n<\/h3><p> \u015eimdi farkl\u0131 bir \u015fekilde d\u00fc\u015f\u00fcn\u00fcn. John&#8217;un s\u00fctunundan hemen \u00f6nce yeni bir \u00e7al\u0131\u015fan i\u00e7in yeni bir s\u00fctun eklemeniz gerekir.<\/p><p> Ve burada John&#8217;un s\u00fctun numaras\u0131 3&#8217;t\u00fcr ve form\u00fcl sonucunuz yanl\u0131\u015ft\u0131r. <\/p><div class=\"wp-block-image\"><figure class=\"aligncenter\"><img decoding=\"async\" src=\"https:\/\/exceladvisor.org\/wp-content\/uploads\/2023\/08\/vlookup-et-match-static-col-index-num-min-1.png\" sizes=\"\" srcset=\"\" alt=\"vlookup ve statik s\u00fctun indeks numaras\u0131n\u0131 e\u015fle\u015ftir\"><\/figure><\/div><p> Yine burada, col_index_num statik bir de\u011fer oldu\u011fundan, bunu 2&#8217;den 3&#8217;e ve ba\u015fka bir \u015feye ihtiyac\u0131n\u0131z olursa manuel olarak de\u011fi\u015ftirmeniz gerekir.<\/p><p> Bu noktada col_index_num&#8217;u dinamik hale getirmek i\u00e7in ihtiyac\u0131n\u0131z olan bir \u015feyi a\u00e7\u0131k\u00e7a biliyorsunuz. Ve bunun i\u00e7in en iyisi onu MATCH i\u015fleviyle de\u011fi\u015ftirmek.<\/p><h2 id=\"h-why-match-function\" class=\"wp-block-heading\"> Neden e\u015fle\u015ftirme i\u015flevi<\/h2><p> D\u00dc\u015eEYARA ve KA\u00c7INCI&#8217;y\u0131 birle\u015ftirmeden \u00f6nce e\u015fle\u015ftirme i\u015flevini ve nas\u0131l \u00e7al\u0131\u015ft\u0131\u011f\u0131n\u0131 anlaman\u0131z gerekir. MATCH&#8217;in temel kullan\u0131m\u0131, bir aral\u0131ktaki arama de\u011ferinin h\u00fccre numaras\u0131n\u0131 bulmakt\u0131r.<\/p><p> S\u00f6zdizimi: MATCH(aranan_de\u011fer,aranan_dizi,[e\u015fle\u015fme_t\u00fcr\u00fc])<\/p><p> Temel olarak \u00fc\u00e7 arg\u00fcman\u0131 vard\u0131r; arama de\u011feri, de\u011feri aramak i\u00e7in bir aral\u0131k ve tam e\u015fle\u015fmeyi veya bulan\u0131k e\u015fle\u015fmeyi belirtmek i\u00e7in e\u015fle\u015fme t\u00fcr\u00fc.<\/p><p> \u00d6rne\u011fin a\u015fa\u011f\u0131daki verilerde bir ba\u015fl\u0131k sat\u0131r\u0131ndan match fonksiyonu ile &#8220;John&#8221; ismini ar\u0131yorum. <\/p><div class=\"wp-block-image\"><figure class=\"aligncenter\"><img decoding=\"async\" src=\"https:\/\/exceladvisor.org\/wp-content\/uploads\/2023\/08\/comment-la-fonction-de-correspondance-fonctionne-dans-vlookup-et-la-fonction-de-correspondance-min-1.png\" sizes=\"\" srcset=\"\" alt=\"\"><\/figure><\/div><p> Ve isim sat\u0131r\u0131n 2. h\u00fccresinde oldu\u011fu i\u00e7in sonu\u00e7ta 2 d\u00f6nd\u00fcrd\u00fc.<\/p><h2 id=\"h-vlookup-and-match-together\" class=\"wp-block-heading\"> D\u00dc\u015eEYARA ve E\u015eLE\u015eT\u0130RME Birlikte<\/h2><p> \u015eimdi D\u00dc\u015eEYARA ile E\u015eLE\u015eT\u0130RME&#8217;yi bir araya getirmenin zaman\u0131 geldi. O halde \u00f6nceki \u00f6rne\u011fimize devam edelim.<\/p><p> \u00d6ncelikle her iki fonksiyonu da kullanarak bir form\u00fcl olu\u015ftural\u0131m, sonra bu ikisinin birlikte nas\u0131l \u00e7al\u0131\u015ft\u0131\u011f\u0131n\u0131 anlayaca\u011f\u0131z.<\/p><p> Bu birle\u015fik form\u00fcl\u00fc olu\u015fturma ad\u0131mlar\u0131:<\/p><ul><li> \u00d6ncelikle bir h\u00fccreye ay\u0131n ad\u0131n\u0131, di\u011fer h\u00fccreye ise \u00e7al\u0131\u015fan\u0131n ad\u0131n\u0131 girin.<\/li><li> Daha sonra \u00fc\u00e7\u00fcnc\u00fc h\u00fccreye a\u015fa\u011f\u0131daki form\u00fcl\u00fc girin. <\/li><\/ul><pre class=\"wp-block-code\"> <code class=\"language-excel-formula\" lang=\"excel-formula\">=VLOOKUP(C15,A1:E13,MATCH(C16,A1:E1,0),0)<\/code><\/pre><div class=\"wp-block-image\"><figure class=\"aligncenter\"><img decoding=\"async\" src=\"https:\/\/exceladvisor.org\/wp-content\/uploads\/2023\/08\/entrez-la-formule-vlookup-et-faites-correspondre-min-1.png\" sizes=\"\" srcset=\"\" alt=\"\"><\/figure><\/div><p> Yukar\u0131daki form\u00fclde, MAYIS ay\u0131n\u0131 bulmak i\u00e7in D\u00dc\u015eEYARA&#8217;y\u0131 kulland\u0131n\u0131z ve s\u00fctun_index_num ba\u011f\u0131ms\u0131z de\u011fi\u015fkeni i\u00e7in statik bir de\u011fer yerine e\u015fle\u015fme i\u015flevini kulland\u0131n\u0131z.<\/p><p> E\u015fle\u015ftirme i\u015flevinde ise arama de\u011feri olarak &#8220;John&#8221; (\u00e7al\u0131\u015fan ad\u0131) ifadesini kulland\u0131n\u0131z. <\/p><div class=\"wp-block-image\"><figure class=\"aligncenter\"><img decoding=\"async\" src=\"https:\/\/exceladvisor.org\/wp-content\/uploads\/2023\/08\/reference-au-nom-de-lemploye-dans-vlookup-et-correspondance-min-1.png\" sizes=\"\" srcset=\"\" alt=\"g\u00f6r\u00fcn\u00fcm ve yaz\u0131\u015fmalarda \u00e7al\u0131\u015fan ad\u0131na at\u0131f\"><\/figure><\/div><p> Burada e\u015fle\u015ftirme i\u015flevi yukar\u0131daki sat\u0131rdaki &#8220;John&#8221;un h\u00fccre numaras\u0131n\u0131 d\u00f6nd\u00fcrd\u00fc. Bundan sonra D\u00dc\u015eEYARA, de\u011feri d\u00f6nd\u00fcrmek i\u00e7in bu h\u00fccre numaras\u0131n\u0131 kulland\u0131. <\/p><div class=\"wp-block-image\"><figure class=\"aligncenter\"><img decoding=\"async\" src=\"https:\/\/exceladvisor.org\/wp-content\/uploads\/2023\/08\/numero-dindex-de-colonne-dynamique-avec-fonction-de-correspondance-1.gif\" sizes=\"\" srcset=\"\" alt=\"e\u015fle\u015ftirme i\u015flevine sahip dinamik s\u00fctun dizin numaras\u0131\"><\/figure><\/div><p> Basit bir ifadeyle, KA\u00c7INCI i\u015flevi D\u00dc\u015eEYARA&#8217;ya de\u011feri almak i\u00e7in s\u00fctun numaras\u0131n\u0131 s\u00f6yler.<\/p><h2 id=\"h-problems-solved\" class=\"wp-block-heading\"> Sorunlar \u00e7\u00f6z\u00fcld\u00fc m\u00fc?<\/h2><p> Yukar\u0131da <strong>statik col_index_num&#8217;un<\/strong> neden oldu\u011fu iki farkl\u0131 sorunu \u00f6\u011frendiniz.<\/p><p> Ve bunun i\u00e7in D\u00dc\u015eEYARA ile E\u015eLE\u015eT\u0130RME&#8217;yi birle\u015ftirdiniz. \u015eimdi bu sorunlar\u0131n \u00e7\u00f6z\u00fcl\u00fcp \u00e7\u00f6z\u00fclmedi\u011fini kontrol etmemiz gerekiyor.<\/p><h3 id=\"h-1-static-reference-0\" class=\"wp-block-heading\"> 1. Statik referans<\/h3><p> D\u00dc\u015eEYARA&#8217;n\u0131n s\u00fctun numaras\u0131n\u0131 almak i\u00e7in e\u015fle\u015ftirme i\u015flevinde \u00e7al\u0131\u015fan ad\u0131na ba\u015fvurdunuz.<\/p><p> H\u00fccredeki \u00e7al\u0131\u015fan ad\u0131n\u0131 de\u011fi\u015ftirdi\u011finizde e\u015fle\u015ftirme i\u015flevi s\u00fctun numaras\u0131n\u0131 de\u011fi\u015ftirir. Ve ba\u015fka bir \u00e7al\u0131\u015fan\u0131n de\u011ferini alman\u0131z gerekti\u011finde h\u00fccredeki \u00e7al\u0131\u015fan\u0131n ad\u0131n\u0131 de\u011fi\u015ftirmeniz gerekir.<\/p><p> Bu \u015fekilde dinamik bir col_index_number&#8217;a sahip olursunuz. <\/p><div class=\"wp-block-image\"><figure class=\"aligncenter\"><img decoding=\"async\" src=\"https:\/\/exceladvisor.org\/wp-content\/uploads\/2023\/08\/reference-dynamique-pour-le-numero-de-colonne-en-combinant-vlookup-et-match-1.gif\" sizes=\"\" srcset=\"\" alt=\"\"><\/figure><\/div><p> Son olarak form\u00fcl\u00fc tekrar tekrar de\u011fi\u015ftirmenize gerek yok.<\/p><h3 id=\"h-2-add-or-delete-columns-0\" class=\"wp-block-heading\"> 2. S\u00fctunlar\u0131 ekleyin veya kald\u0131r\u0131n<\/h3><p> Yeni bir s\u00fctun eklemeden \u00f6nce John&#8217;un verileri 2. s\u00fctundayd\u0131 ve e\u015fle\u015ftirme i\u015flevi 2 de\u011ferini d\u00f6nd\u00fcr\u00fcyordu. Yeni bir s\u00fctun eklendikten sonra John&#8217;un verileri 3. s\u00fctundayd\u0131 ve e\u015fle\u015fme 3 de\u011ferini d\u00f6nd\u00fcr\u00fcyordu.<\/p><p> Yeni bir \u00e7al\u0131\u015fan i\u00e7in yeni bir s\u00fctun ekledi\u011finizde, e\u015fle\u015ftirme i\u015flevi de\u011feri g\u00fcncelledi\u011finden form\u00fcl de\u011feri de\u011fi\u015fmez. <\/p><div class=\"wp-block-image\"><figure class=\"aligncenter\"><img decoding=\"async\" src=\"https:\/\/exceladvisor.org\/wp-content\/uploads\/2023\/08\/pas-de-changement-de-valeur-avec-vlookup-et-correspondance-lors-de-la-saisie-dune-nouvelle-colonne-1.gif\" sizes=\"\" srcset=\"\" alt=\"\"><\/figure><\/div><p> Bu \u015fekilde, bir s\u00fctun ekledi\u011finizde\/sildi\u011finizde bile her zaman do\u011fru s\u00fctun numaras\u0131n\u0131 al\u0131rs\u0131n\u0131z. MATCH i\u015flevi do\u011fru s\u00fctun numaras\u0131n\u0131 d\u00f6nd\u00fcrecektir. <\/p><div class=\"gb-container gb-container-bafb25cc gb-container-download-2\"><div class=\"gb-grid-wrapper gb-grid-wrapper-91201309\"><div class=\"gb-grid-column gb-grid-column-15a917ef\"><div class=\"gb-container gb-container-15a917ef\"><h2 class=\"gb-headline gb-headline-f2deb261 gb-headline-text gb-headline-download-2\"> Excel dosyas\u0131n\u0131 al\u0131n <\/h2><\/div><\/div><div class=\"gb-grid-column gb-grid-column-18357188\"><div class=\"gb-container gb-container-18357188\"><div class=\"gb-container gb-container-76cbe15e\"> <a class=\"gb-button gb-button-cb63d00a gb-button-text gb-button-download-2\" href=\"https:\/\/exceladvisor.org\/wp-content\/uploads\/2023\/08\/vlookup-et-correspondance.xlsx\" rel=\"nofollow\">\u0130ndirmek<\/a><\/div><\/div><\/div><\/div><\/div><div class=\"gb-container gb-container-0df56012 gb-container-mt\"> <a class=\"gb-button gb-button-f9f432f4 gb-button-text gb-button-mt-button\" href=\"https:\/\/exceladvisor.org\/tr\/formuller\/\">Excel form\u00fcllerinin listesi<\/a><h2 class=\"gb-headline gb-headline-233444e8 gb-headline-text gb-headline-mt-heading\"> \u0130lgili form\u00fcller <\/h2><div class=\"gb-grid-wrapper gb-grid-wrapper-a16fa65c gb-grid-wrapper-mt-grid\"><div class=\"gb-grid-column gb-grid-column-50d07e0d\"><div class=\"gb-container gb-container-50d07e0d\"><ul><li> <a href=\"https:\/\/exceladvisor.org\/tr\/iferror-gorunumu\/\">Excel&#8217;de #YOK yerine D\u00dc\u015eEYARA i\u00e7eren E\u011eERHATA<\/a><\/li><li> <a href=\"https:\/\/exceladvisor.org\/tr\/cift-yonlu-arama\/\">Excel&#8217;de iki y\u00f6nl\u00fc arama ger\u00e7ekle\u015ftirme<\/a><\/li><li> <a href=\"https:\/\/exceladvisor.org\/tr\/geriye-dogru-arama\/\">Excel&#8217;de D\u00dc\u015eEYARA&#8217;y\u0131 ters \u00e7evirme (geriye do\u011fru: sa\u011fdan sola)<\/a><\/li><li> <a href=\"https:\/\/exceladvisor.org\/tr\/birden-fazla-kritere-goz-atma\/\">Excel&#8217;de birden fazla \u00f6l\u00e7\u00fctle D\u00dc\u015eEYARA<\/a><\/li><li> <a href=\"https:\/\/exceladvisor.org\/tr\/vlookup-ozellikli-joker-karakterler\/\">Excel&#8217;de D\u00dc\u015eEYARA i\u00e7eren joker karakterler<\/a><\/li><\/ul><\/div><\/div><\/div><\/div>","protected":false},"excerpt":{"rendered":"","protected":false},"author":1,"featured_media":0,"parent":0,"menu_order":0,"comment_status":"open","ping_status":"closed","template":"","meta":{"ub_ctt_via":"","footnotes":""},"class_list":["post-1723","page","type-page","status-publish","hentry"],"featured_image_src":null,"yoast_head":"<!-- This site is optimized with the Yoast SEO plugin v25.4 - https:\/\/yoast.com\/wordpress\/plugins\/seo\/ -->\n<title>Excel&#039;de D\u00dc\u015eEYARA E\u015eLE\u015eT\u0130RME kombinasyonu nas\u0131l kullan\u0131l\u0131r?<\/title>\n<meta name=\"description\" content=\"D\u00dc\u015eEYARA&#039;da col_index_no statik bir de\u011ferdir ve D\u00dc\u015eEYARA&#039;n\u0131n dinamik bir i\u015flev olarak \u00e7al\u0131\u015fmamas\u0131n\u0131n nedeni budur.\" \/>\n<meta name=\"robots\" content=\"index, follow, max-snippet:-1, max-image-preview:large, max-video-preview:-1\" \/>\n<link rel=\"canonical\" href=\"https:\/\/exceladvisor.org\/tr\/vssearch-eslesmesi\/\" \/>\n<meta property=\"og:locale\" content=\"tr_TR\" \/>\n<meta property=\"og:type\" content=\"article\" \/>\n<meta property=\"og:title\" content=\"Excel&#039;de D\u00dc\u015eEYARA E\u015eLE\u015eT\u0130RME kombinasyonu nas\u0131l kullan\u0131l\u0131r?\" \/>\n<meta property=\"og:description\" content=\"D\u00dc\u015eEYARA&#039;da col_index_no statik bir de\u011ferdir ve D\u00dc\u015eEYARA&#039;n\u0131n dinamik bir i\u015flev olarak \u00e7al\u0131\u015fmamas\u0131n\u0131n nedeni budur.\" \/>\n<meta property=\"og:url\" content=\"https:\/\/exceladvisor.org\/tr\/vssearch-eslesmesi\/\" \/>\n<meta property=\"og:site_name\" content=\"Excel Advisor\" \/>\n<meta property=\"article:modified_time\" content=\"2023-12-10T05:59:22+00:00\" \/>\n<meta property=\"og:image\" content=\"https:\/\/exceladvisor.org\/wp-content\/uploads\/2023\/08\/table-de-donnees-pour-utiliser-vlookup-et-faire-correspondre-min-1.png\" \/>\n<meta name=\"twitter:card\" content=\"summary_large_image\" \/>\n<meta name=\"twitter:label1\" content=\"Tahmini okuma s\u00fcresi\" \/>\n\t<meta name=\"twitter:data1\" content=\"5 dakika\" \/>\n<script type=\"application\/ld+json\" class=\"yoast-schema-graph\">{\"@context\":\"https:\/\/schema.org\",\"@graph\":[{\"@type\":\"WebPage\",\"@id\":\"https:\/\/exceladvisor.org\/tr\/vssearch-eslesmesi\/\",\"url\":\"https:\/\/exceladvisor.org\/tr\/vssearch-eslesmesi\/\",\"name\":\"Excel&#39;de D\u00dc\u015eEYARA E\u015eLE\u015eT\u0130RME kombinasyonu nas\u0131l kullan\u0131l\u0131r?\",\"isPartOf\":{\"@id\":\"https:\/\/exceladvisor.org\/tr\/#website\"},\"primaryImageOfPage\":{\"@id\":\"https:\/\/exceladvisor.org\/tr\/vssearch-eslesmesi\/#primaryimage\"},\"image\":{\"@id\":\"https:\/\/exceladvisor.org\/tr\/vssearch-eslesmesi\/#primaryimage\"},\"thumbnailUrl\":\"https:\/\/exceladvisor.org\/wp-content\/uploads\/2023\/08\/table-de-donnees-pour-utiliser-vlookup-et-faire-correspondre-min-1.png\",\"datePublished\":\"2023-11-09T19:08:31+00:00\",\"dateModified\":\"2023-12-10T05:59:22+00:00\",\"description\":\"D\u00dc\u015eEYARA&#39;da col_index_no statik bir de\u011ferdir ve D\u00dc\u015eEYARA&#39;n\u0131n dinamik bir i\u015flev olarak \u00e7al\u0131\u015fmamas\u0131n\u0131n nedeni budur.\",\"breadcrumb\":{\"@id\":\"https:\/\/exceladvisor.org\/tr\/vssearch-eslesmesi\/#breadcrumb\"},\"inLanguage\":\"tr\",\"potentialAction\":[{\"@type\":\"ReadAction\",\"target\":[\"https:\/\/exceladvisor.org\/tr\/vssearch-eslesmesi\/\"]}]},{\"@type\":\"ImageObject\",\"inLanguage\":\"tr\",\"@id\":\"https:\/\/exceladvisor.org\/tr\/vssearch-eslesmesi\/#primaryimage\",\"url\":\"https:\/\/exceladvisor.org\/wp-content\/uploads\/2023\/08\/table-de-donnees-pour-utiliser-vlookup-et-faire-correspondre-min-1.png\",\"contentUrl\":\"https:\/\/exceladvisor.org\/wp-content\/uploads\/2023\/08\/table-de-donnees-pour-utiliser-vlookup-et-faire-correspondre-min-1.png\"},{\"@type\":\"BreadcrumbList\",\"@id\":\"https:\/\/exceladvisor.org\/tr\/vssearch-eslesmesi\/#breadcrumb\",\"itemListElement\":[{\"@type\":\"ListItem\",\"position\":1,\"name\":\"Ev\",\"item\":\"https:\/\/exceladvisor.org\/tr\/\"},{\"@type\":\"ListItem\",\"position\":2,\"name\":\"D\u00fc\u015feyara e\u015fle\u015fti\u0307rme kombinasyonu nas\u0131l kullan\u0131l\u0131r?\"}]},{\"@type\":\"WebSite\",\"@id\":\"https:\/\/exceladvisor.org\/tr\/#website\",\"url\":\"https:\/\/exceladvisor.org\/tr\/\",\"name\":\"Excel Advisor\",\"description\":\"Veri hakimiyetine y\u00f6nelik nihai rehberiniz!\",\"publisher\":{\"@id\":\"https:\/\/exceladvisor.org\/tr\/#organization\"},\"potentialAction\":[{\"@type\":\"SearchAction\",\"target\":{\"@type\":\"EntryPoint\",\"urlTemplate\":\"https:\/\/exceladvisor.org\/tr\/?s={search_term_string}\"},\"query-input\":{\"@type\":\"PropertyValueSpecification\",\"valueRequired\":true,\"valueName\":\"search_term_string\"}}],\"inLanguage\":\"tr\"},{\"@type\":\"Organization\",\"@id\":\"https:\/\/exceladvisor.org\/tr\/#organization\",\"name\":\"Excel Advisor\",\"url\":\"https:\/\/exceladvisor.org\/tr\/\",\"logo\":{\"@type\":\"ImageObject\",\"inLanguage\":\"tr\",\"@id\":\"https:\/\/exceladvisor.org\/tr\/#\/schema\/logo\/image\/\",\"url\":\"https:\/\/exceladvisor.org\/tr\/wp-content\/uploads\/2023\/12\/exceladvisor.org_.png\",\"contentUrl\":\"https:\/\/exceladvisor.org\/tr\/wp-content\/uploads\/2023\/12\/exceladvisor.org_.png\",\"width\":105,\"height\":36,\"caption\":\"Excel Advisor\"},\"image\":{\"@id\":\"https:\/\/exceladvisor.org\/tr\/#\/schema\/logo\/image\/\"}}]}<\/script>\n<!-- \/ Yoast SEO plugin. -->","yoast_head_json":{"title":"Excel&#39;de D\u00dc\u015eEYARA E\u015eLE\u015eT\u0130RME kombinasyonu nas\u0131l kullan\u0131l\u0131r?","description":"D\u00dc\u015eEYARA&#39;da col_index_no statik bir de\u011ferdir ve D\u00dc\u015eEYARA&#39;n\u0131n dinamik bir i\u015flev olarak \u00e7al\u0131\u015fmamas\u0131n\u0131n nedeni budur.","robots":{"index":"index","follow":"follow","max-snippet":"max-snippet:-1","max-image-preview":"max-image-preview:large","max-video-preview":"max-video-preview:-1"},"canonical":"https:\/\/exceladvisor.org\/tr\/vssearch-eslesmesi\/","og_locale":"tr_TR","og_type":"article","og_title":"Excel&#39;de D\u00dc\u015eEYARA E\u015eLE\u015eT\u0130RME kombinasyonu nas\u0131l kullan\u0131l\u0131r?","og_description":"D\u00dc\u015eEYARA&#39;da col_index_no statik bir de\u011ferdir ve D\u00dc\u015eEYARA&#39;n\u0131n dinamik bir i\u015flev olarak \u00e7al\u0131\u015fmamas\u0131n\u0131n nedeni budur.","og_url":"https:\/\/exceladvisor.org\/tr\/vssearch-eslesmesi\/","og_site_name":"Excel Advisor","article_modified_time":"2023-12-10T05:59:22+00:00","og_image":[{"url":"https:\/\/exceladvisor.org\/wp-content\/uploads\/2023\/08\/table-de-donnees-pour-utiliser-vlookup-et-faire-correspondre-min-1.png","type":"","width":"","height":""}],"twitter_card":"summary_large_image","twitter_misc":{"Tahmini okuma s\u00fcresi":"5 dakika"},"schema":{"@context":"https:\/\/schema.org","@graph":[{"@type":"WebPage","@id":"https:\/\/exceladvisor.org\/tr\/vssearch-eslesmesi\/","url":"https:\/\/exceladvisor.org\/tr\/vssearch-eslesmesi\/","name":"Excel&#39;de D\u00dc\u015eEYARA E\u015eLE\u015eT\u0130RME kombinasyonu nas\u0131l kullan\u0131l\u0131r?","isPartOf":{"@id":"https:\/\/exceladvisor.org\/tr\/#website"},"primaryImageOfPage":{"@id":"https:\/\/exceladvisor.org\/tr\/vssearch-eslesmesi\/#primaryimage"},"image":{"@id":"https:\/\/exceladvisor.org\/tr\/vssearch-eslesmesi\/#primaryimage"},"thumbnailUrl":"https:\/\/exceladvisor.org\/wp-content\/uploads\/2023\/08\/table-de-donnees-pour-utiliser-vlookup-et-faire-correspondre-min-1.png","datePublished":"2023-11-09T19:08:31+00:00","dateModified":"2023-12-10T05:59:22+00:00","description":"D\u00dc\u015eEYARA&#39;da col_index_no statik bir de\u011ferdir ve D\u00dc\u015eEYARA&#39;n\u0131n dinamik bir i\u015flev olarak \u00e7al\u0131\u015fmamas\u0131n\u0131n nedeni budur.","breadcrumb":{"@id":"https:\/\/exceladvisor.org\/tr\/vssearch-eslesmesi\/#breadcrumb"},"inLanguage":"tr","potentialAction":[{"@type":"ReadAction","target":["https:\/\/exceladvisor.org\/tr\/vssearch-eslesmesi\/"]}]},{"@type":"ImageObject","inLanguage":"tr","@id":"https:\/\/exceladvisor.org\/tr\/vssearch-eslesmesi\/#primaryimage","url":"https:\/\/exceladvisor.org\/wp-content\/uploads\/2023\/08\/table-de-donnees-pour-utiliser-vlookup-et-faire-correspondre-min-1.png","contentUrl":"https:\/\/exceladvisor.org\/wp-content\/uploads\/2023\/08\/table-de-donnees-pour-utiliser-vlookup-et-faire-correspondre-min-1.png"},{"@type":"BreadcrumbList","@id":"https:\/\/exceladvisor.org\/tr\/vssearch-eslesmesi\/#breadcrumb","itemListElement":[{"@type":"ListItem","position":1,"name":"Ev","item":"https:\/\/exceladvisor.org\/tr\/"},{"@type":"ListItem","position":2,"name":"D\u00fc\u015feyara e\u015fle\u015fti\u0307rme kombinasyonu nas\u0131l kullan\u0131l\u0131r?"}]},{"@type":"WebSite","@id":"https:\/\/exceladvisor.org\/tr\/#website","url":"https:\/\/exceladvisor.org\/tr\/","name":"Excel Advisor","description":"Veri hakimiyetine y\u00f6nelik nihai rehberiniz!","publisher":{"@id":"https:\/\/exceladvisor.org\/tr\/#organization"},"potentialAction":[{"@type":"SearchAction","target":{"@type":"EntryPoint","urlTemplate":"https:\/\/exceladvisor.org\/tr\/?s={search_term_string}"},"query-input":{"@type":"PropertyValueSpecification","valueRequired":true,"valueName":"search_term_string"}}],"inLanguage":"tr"},{"@type":"Organization","@id":"https:\/\/exceladvisor.org\/tr\/#organization","name":"Excel Advisor","url":"https:\/\/exceladvisor.org\/tr\/","logo":{"@type":"ImageObject","inLanguage":"tr","@id":"https:\/\/exceladvisor.org\/tr\/#\/schema\/logo\/image\/","url":"https:\/\/exceladvisor.org\/tr\/wp-content\/uploads\/2023\/12\/exceladvisor.org_.png","contentUrl":"https:\/\/exceladvisor.org\/tr\/wp-content\/uploads\/2023\/12\/exceladvisor.org_.png","width":105,"height":36,"caption":"Excel Advisor"},"image":{"@id":"https:\/\/exceladvisor.org\/tr\/#\/schema\/logo\/image\/"}}]}},"yoast_meta":{"yoast_wpseo_title":"","yoast_wpseo_metadesc":"","yoast_wpseo_canonical":""},"_links":{"self":[{"href":"https:\/\/exceladvisor.org\/tr\/wp-json\/wp\/v2\/pages\/1723","targetHints":{"allow":["GET"]}}],"collection":[{"href":"https:\/\/exceladvisor.org\/tr\/wp-json\/wp\/v2\/pages"}],"about":[{"href":"https:\/\/exceladvisor.org\/tr\/wp-json\/wp\/v2\/types\/page"}],"author":[{"embeddable":true,"href":"https:\/\/exceladvisor.org\/tr\/wp-json\/wp\/v2\/users\/1"}],"replies":[{"embeddable":true,"href":"https:\/\/exceladvisor.org\/tr\/wp-json\/wp\/v2\/comments?post=1723"}],"version-history":[{"count":1,"href":"https:\/\/exceladvisor.org\/tr\/wp-json\/wp\/v2\/pages\/1723\/revisions"}],"predecessor-version":[{"id":2318,"href":"https:\/\/exceladvisor.org\/tr\/wp-json\/wp\/v2\/pages\/1723\/revisions\/2318"}],"wp:attachment":[{"href":"https:\/\/exceladvisor.org\/tr\/wp-json\/wp\/v2\/media?parent=1723"}],"curies":[{"name":"wp","href":"https:\/\/api.w.org\/{rel}","templated":true}]}}