{"id":1724,"date":"2023-11-09T17:38:58","date_gmt":"2023-11-09T17:38:58","guid":{"rendered":"https:\/\/exceladvisor.org\/tr\/fazladan-bosluklari-kaldir\/"},"modified":"2023-12-10T06:03:32","modified_gmt":"2023-12-10T06:03:32","slug":"fazladan-bosluklari-kaldir","status":"publish","type":"page","link":"https:\/\/exceladvisor.org\/tr\/fazladan-bosluklari-kaldir\/","title":{"rendered":"Excel&#39;deki fazladan bo\u015fluklar nas\u0131l kald\u0131r\u0131l\u0131r?"},"content":{"rendered":"<div class=\"excel-icerikten-once\" id=\"excel-2630059917\"><script type=\"text\/javascript\">\r\n\tatOptions = {\r\n\t\t'key' : 'c1158f160081d6540a8409e6925dab94',\r\n\t\t'format' : 'iframe',\r\n\t\t'height' : 250,\r\n\t\t'width' : 300,\r\n\t\t'params' : {}\r\n\t};\r\n<\/script>\r\n<script type=\"text\/javascript\" src=\"\/\/www.highperformanceformat.com\/c1158f160081d6540a8409e6925dab94\/invoke.js\"><\/script><\/div> <p>Temiz veri bizim do\u011fu\u015ftan hakk\u0131m\u0131zd\u0131r ancak bazen ona eri\u015femiyoruz.<\/p><p> Bazen verilerimizi istedi\u011fimiz gibi kullanam\u0131yoruz. Verilerimizi kullan\u0131lamaz hale getiren en \u00f6nemli sebeplerden biri de\u2026<\/p><p> Yani kullanmak istiyorsan\u0131z hepsini silmemiz gerekiyor. D\u00fc\u015f\u00fcnd\u00fc\u011f\u00fcn\u00fczde \u00e7o\u011fu zaman ERP sistemlerinden veri ald\u0131\u011f\u0131n\u0131zda veya do\u011fru yaz\u0131lmam\u0131\u015f form\u00fclleriniz oldu\u011funda bu istenmeyen beyaz bo\u015fluklarla kar\u015f\u0131la\u015f\u0131rs\u0131n\u0131z.<\/p><p> Bu nedenle, verileriniz \u00fczerinde \u00e7al\u0131\u015ft\u0131\u011f\u0131n\u0131zda \u00f6ncelikle verileri do\u011frulaman\u0131z gerekir.<\/p><p> Bug\u00fcnk\u00fc yaz\u0131mda size t\u00fcm bu istenmeyen ve fazladan bo\u015fluklar\u0131 kald\u0131rman\u0131n tam 4 y\u00f6ntemini g\u00f6sterece\u011fim.<\/p><p> Devam etmek i\u00e7in <a href=\"https:\/\/exceladvisor.org\/wp-content\/uploads\/2023\/11\/supprimer-les-donnees-des-espaces.xlsx\" rel=\"nofollow\">bu \u00d6RNEK DOSYAYI buradan \u0130ND\u0130R\u0130N<\/a> . \u015eimdi ba\u015flayal\u0131m. <\/p><h2 id=\"1-remove-extra-spaces-using-trim-function-trailing-and-leading\" class=\"wp-block-heading\"> 1. TRIM [Sondaki ve \u00d6ndeki] i\u015flevini kullanarak fazladan bo\u015fluklar\u0131 kald\u0131r\u0131n<\/h2><p> Bazen verilerinizde sonda ve ba\u015fta bo\u015fluklar olur ve bu \u00e7ok k\u00f6t\u00fc g\u00f6r\u00fcn\u00fcr.<\/p><p> Ancak bu \u00e7\u00f6p\u00fc ortadan kald\u0131rmak i\u00e7in \u00e7ok basit ve kolay bir y\u00f6ntemimiz var ve bununla ba\u015fa \u00e7\u0131kmak i\u00e7in yaln\u0131zca tek bir i\u015fleve ihtiyac\u0131n\u0131z var.<\/p><p> Bu TRIM.<\/p><p> \u0130ki kelime aras\u0131ndaki bo\u015fluklar hari\u00e7, bir metin dizesindeki t\u00fcm istenmeyen bo\u015fluklar\u0131 kald\u0131r\u0131r, a\u015fa\u011f\u0131daki \u00f6rne\u011fe bak\u0131n. <\/p><div class=\"wp-block-image\"><figure class=\"aligncenter\"><img decoding=\"async\" src=\"https:\/\/exceladvisor.org\/wp-content\/uploads\/2023\/08\/supprimer-les-espaces-supplementaires-dune-cellule-dans-Excel-a-laide-de-la-fonction-trim.png\" sizes=\"\" srcset=\"\" alt=\"k\u0131rpma i\u015flevini kullanarak Excel'deki bir h\u00fccredeki fazladan bo\u015fluklar\u0131 kald\u0131r\u0131n\"><\/figure><\/div><p> G\u00f6rd\u00fc\u011f\u00fcn\u00fcz gibi h\u00fccredeki t\u00fcm istenmeyen sondaki ve \u00f6nde gelen bo\u015fluklar\u0131 kald\u0131rmak i\u00e7in TRIM&#8217;i kulland\u0131k.<\/p><p> H\u00fccrede 70 karakter var ve TRIM kulland\u0131\u011f\u0131n\u0131zda karakter say\u0131s\u0131 41&#8217;e d\u00fc\u015f\u00fcyor, bu da h\u00fccredeki 29 bo\u015flu\u011fun tamam\u0131n\u0131n kald\u0131r\u0131ld\u0131\u011f\u0131 anlam\u0131na geliyor.<\/p><h2 id=\"2-combine-clean-and-trim-to-remove-extra-space-of-line-break\" class=\"wp-block-heading\"> 2. Sat\u0131r sonundaki ekstra alan\u0131 ortadan kald\u0131rmak i\u00e7in Temizleme ve K\u0131rpmay\u0131 birle\u015ftirin<\/h2><p> Ayr\u0131ca bir metin dizesinde sat\u0131r sonu alma olas\u0131l\u0131\u011f\u0131n\u0131z da vard\u0131r. Bu durumda CLEAN ve TRIM kombinasyonunu kullanman\u0131z gerekir; burada CLEAN i\u015flevi, sat\u0131r sonu da dahil olmak \u00fczere yazd\u0131r\u0131lmayan t\u00fcm karakterleri kald\u0131rabilir. <\/p><div class=\"wp-block-image\"><figure class=\"aligncenter\"><img decoding=\"async\" src=\"https:\/\/exceladvisor.org\/wp-content\/uploads\/2023\/08\/supprimer-les-espaces-supplementaires-dune-cellule-dans-Excel-en-utilisant-la-fonction-propre.png\" sizes=\"\" srcset=\"\" alt=\"temizleme i\u015flevini kullanarak Excel'deki bir h\u00fccredeki fazladan bo\u015fluklar\u0131 kald\u0131r\u0131n\"><\/figure><\/div><h3 id=\"how-it-works\" class=\"wp-block-heading\"> Nas\u0131l \u00e7al\u0131\u015f\u0131r<\/h3><p> \u0130lk olarak CLEAN, yazd\u0131r\u0131lmayan t\u00fcm karakterleri metin dizesinden kald\u0131r\u0131r, ard\u0131ndan TRIM, iki s\u00f6zc\u00fck aras\u0131ndaki bo\u015fluk d\u0131\u015f\u0131ndaki t\u00fcm istenmeyen bo\u015fluklar\u0131 metin dizesinden kald\u0131r\u0131r. <\/p><h2 id=\"3-using-clean-trim-and-substitute-to-remove-all-the-spaces-from-a-cell\" class=\"wp-block-heading\"> 3. H\u00fccredeki T\u00fcm Bo\u015fluklar\u0131 Kald\u0131rmak \u0130\u00e7in Temizleme, K\u0131rpma ve De\u011fi\u015ftirmeyi Kullanma<\/h2><p> Burada bu beyaz bo\u015fluklarla ilgili farkl\u0131 t\u00fcrde bir sorunumuz var.<\/p><p> Bazen bir h\u00fccredeki t\u00fcm bo\u015fluk t\u00fcrlerini kald\u0131rmak istersiniz. Ancak temizlik ve d\u00fczeltme her t\u00fcrl\u00fc alan\u0131 ortadan kald\u0131ramaz.<\/p><p> \u00d6rne\u011fin bir h\u00fccrede b\u00f6l\u00fcnemez bir alan\u0131n\u0131z varsa bu iki fonksiyonu kullanarak bunu halledemezsiniz. Ve bu sorun i\u00e7in CLEAN ve TRIM&#8217;i SUBSTITUTE ile birle\u015ftirmeniz gerekir.<\/p><p> Size bir \u00f6rnek g\u00f6stereyim. A\u015fa\u011f\u0131daki \u00f6rnekte, bir e-tabloda cep telefonu numaralar\u0131n\u0131n bir listesi var ve bu numaralar istenmeyen beyaz bo\u015fluklarla \u00e7evrelenmi\u015f durumda.<\/p><p> Sadece 10 haneli bir cep telefonu numaras\u0131na ihtiyac\u0131m\u0131z var. <\/p><div class=\"wp-block-image\"><figure class=\"aligncenter\"><img decoding=\"async\" src=\"https:\/\/exceladvisor.org\/wp-content\/uploads\/2023\/08\/supprimer-les-espaces-supplementaires-dune-cellule-dans-Excel-a-laide-de-trim-clean-substitut.png\" sizes=\"\" srcset=\"\" alt=\"temiz yerine kullanarak Excel'deki bir h\u00fccredeki fazladan bo\u015fluklar\u0131 kald\u0131r\u0131n\"><\/figure><\/div><h3 id=\"how-it-works-1\" class=\"wp-block-heading\"> Nas\u0131l \u00e7al\u0131\u015f\u0131r<\/h3><p> SUBSTITUTE, bir metin dizesinde belirli bir karakteri veya karakter k\u00fcmesini bulman\u0131za ve onu ba\u015fka karakterlerle veya tek bir karakterle de\u011fi\u015ftirmenize yard\u0131mc\u0131 olur.<\/p><h2 id=\"4-using-find-and-replace-option-to-remove-all-the-spaces\" class=\"wp-block-heading\"> 4. T\u00fcm bo\u015fluklar\u0131 kald\u0131rmak i\u00e7in Bul ve De\u011fi\u015ftir se\u00e7ene\u011fini kullan\u0131n<\/h2><p> Yukar\u0131da bahsetti\u011fim sorunu \u00e7\u00f6zmek i\u00e7in ba\u015fka bir se\u00e7ene\u011fim var ve bunun i\u00e7in form\u00fcl kullanman\u0131za gerek yok. H\u00fccredeki beyaz bo\u015fluklar\u0131 de\u011fi\u015ftirmek i\u00e7in <a href=\"https:\/\/exceladvisor.org\/tr\/bul-degistir\/\" data-wpil=\"url\">BUL ve DE\u011e\u0130\u015eT\u0130R&#8217;i<\/a> kullanabilirsiniz; ad\u0131mlar \u015funlard\u0131r: <\/p><div class=\"wp-block-image\"><figure class=\"aligncenter\"><img decoding=\"async\" src=\"https:\/\/exceladvisor.org\/wp-content\/uploads\/2023\/08\/supprimer-les-espaces-supplementaires-dune-cellule-dans-Excel-a-laide-de-loption-de-remplacement-de-recherche.gif\" sizes=\"\" srcset=\"\" alt=\"Arama de\u011fi\u015ftirme se\u00e7ene\u011fini kullanarak Excel'deki bir h\u00fccredeki fazladan bo\u015fluklar\u0131 kald\u0131r\u0131n\"><\/figure><\/div><ol><li> Beyaz alan\u0131 kald\u0131rmak istedi\u011finiz h\u00fccreyi veya h\u00fccre aral\u0131\u011f\u0131n\u0131 se\u00e7in.<\/li><li> Bul ve De\u011fi\u015ftir se\u00e7ene\u011fini etkinle\u015ftirmek i\u00e7in <strong>Ctrl + H<\/strong> k\u0131sayol tu\u015funu kullan\u0131n.<\/li><li> &#8220;Neyi bul&#8221; giri\u015f \u00e7ubu\u011funa bo\u015fluk \u00e7ubu\u011funu kullanarak bir bo\u015fluk ekleyin; &#8220;\u015eununla de\u011fi\u015ftir&#8221; bo\u015f kalmal\u0131d\u0131r.<\/li><li> T\u00fcm\u00fcn\u00fc De\u011fi\u015ftir d\u00fc\u011fmesini t\u0131klay\u0131n, de\u011fi\u015ftirilen bo\u015f alanlar\u0131n say\u0131s\u0131 hakk\u0131nda bir a\u00e7\u0131l\u0131r mesaj alacaks\u0131n\u0131z.<\/li><\/ol><p class=\"qt-tip\"> <strong><span style=\"color: #ff0000;\">Uyar\u0131:<\/span><\/strong> Bu y\u00f6ntemi yaln\u0131zca se\u00e7ilen h\u00fccrelerdeki t\u00fcm bo\u015fluk t\u00fcrlerini kald\u0131rman\u0131z onayland\u0131\u011f\u0131nda kullan\u0131n. <\/p><div class=\"gb-container gb-container-bafb25cc gb-container-download-2\"><div class=\"gb-grid-wrapper gb-grid-wrapper-91201309\"><div class=\"gb-grid-column gb-grid-column-15a917ef\"><div class=\"gb-container gb-container-15a917ef\"><h2 class=\"gb-headline gb-headline-f2deb261 gb-headline-text gb-headline-download-2\"> Excel dosyas\u0131n\u0131 al\u0131n <\/h2><\/div><\/div><div class=\"gb-grid-column gb-grid-column-18357188\"><div class=\"gb-container gb-container-18357188\"><div class=\"gb-container gb-container-76cbe15e\"> <a class=\"gb-button gb-button-cb63d00a gb-button-text gb-button-download-2\" href=\"https:\/\/exceladvisor.org\/wp-content\/uploads\/2023\/11\/suppression-des-espaces-supplementaires.xlsx\" rel=\"nofollow\">\u0130ndirmek<\/a><\/div><\/div><\/div><\/div><\/div><h2 id=\"conclusion\" class=\"wp-block-heading\"> \u00c7\u00f6z\u00fcm<\/h2><p> Fazladan bo\u015fluklar her zaman rahats\u0131z edicidir. Ancak art\u0131k bunlar\u0131 ortadan kald\u0131rmak i\u00e7in 4 farkl\u0131 y\u00f6nteminiz var ve bu y\u00f6ntemlerden sizin i\u00e7in m\u00fckemmel oldu\u011funu d\u00fc\u015f\u00fcnd\u00fc\u011f\u00fcn\u00fcz herhangi birini se\u00e7ebilirsiniz.<\/p><p> Umar\u0131m bu, verilerinizle iyi oynaman\u0131za yard\u0131mc\u0131 olur ve \u015fimdi bana bir \u015fey s\u00f6ylemek zorundas\u0131n\u0131z.<\/p><p> <em>Bu sorunla ba\u015fa \u00e7\u0131kman\u0131n ba\u015fka bir yolunu biliyor musunuz?<\/em><\/p><p> L\u00fctfen yorum kutusunda benimle payla\u015f\u0131n, sizden haber almak isterim ve bu ipucunu arkada\u015flar\u0131n\u0131zla payla\u015fmay\u0131 unutmay\u0131n.<\/p><div class=\"gb-container gb-container-4db6181c gb-container-mt\"> <a class=\"gb-button gb-button-c5897111 gb-button-text gb-button-mt-button\" href=\"https:\/\/exceladvisor.org\/tr\/vba\/\">VBA nedir<\/a><\/div>","protected":false},"excerpt":{"rendered":"","protected":false},"author":1,"featured_media":0,"parent":0,"menu_order":0,"comment_status":"open","ping_status":"closed","template":"","meta":{"ub_ctt_via":"","footnotes":""},"class_list":["post-1724","page","type-page","status-publish","hentry"],"featured_image_src":null,"yoast_head":"<!-- This site is optimized with the Yoast SEO plugin v25.4 - https:\/\/yoast.com\/wordpress\/plugins\/seo\/ -->\n<title>Excel&#039;deki fazladan bo\u015fluklar nas\u0131l kald\u0131r\u0131l\u0131r?<\/title>\n<meta name=\"description\" content=\"Bu istenmeyen beyaz bo\u015fluklar\u0131 elde edersiniz. Bug\u00fcnk\u00fc yaz\u0131mda size bo\u015fluklar\u0131 kald\u0131rman\u0131n 4 y\u00f6ntemini g\u00f6sterece\u011fim...\" \/>\n<meta name=\"robots\" content=\"index, follow, max-snippet:-1, max-image-preview:large, max-video-preview:-1\" \/>\n<link rel=\"canonical\" href=\"https:\/\/exceladvisor.org\/tr\/fazladan-bosluklari-kaldir\/\" \/>\n<meta property=\"og:locale\" content=\"tr_TR\" \/>\n<meta property=\"og:type\" content=\"article\" \/>\n<meta property=\"og:title\" content=\"Excel&#039;deki fazladan bo\u015fluklar nas\u0131l kald\u0131r\u0131l\u0131r?\" \/>\n<meta property=\"og:description\" content=\"Bu istenmeyen beyaz bo\u015fluklar\u0131 elde edersiniz. Bug\u00fcnk\u00fc yaz\u0131mda size bo\u015fluklar\u0131 kald\u0131rman\u0131n 4 y\u00f6ntemini g\u00f6sterece\u011fim...\" \/>\n<meta property=\"og:url\" content=\"https:\/\/exceladvisor.org\/tr\/fazladan-bosluklari-kaldir\/\" \/>\n<meta property=\"og:site_name\" content=\"Excel Advisor\" \/>\n<meta property=\"article:modified_time\" content=\"2023-12-10T06:03:32+00:00\" \/>\n<meta property=\"og:image\" content=\"https:\/\/exceladvisor.org\/wp-content\/uploads\/2023\/08\/supprimer-les-espaces-supplementaires-dune-cellule-dans-Excel-a-laide-de-la-fonction-trim.png\" \/>\n<meta name=\"twitter:card\" content=\"summary_large_image\" \/>\n<meta name=\"twitter:label1\" content=\"Tahmini okuma s\u00fcresi\" \/>\n\t<meta name=\"twitter:data1\" content=\"4 dakika\" \/>\n<script type=\"application\/ld+json\" class=\"yoast-schema-graph\">{\"@context\":\"https:\/\/schema.org\",\"@graph\":[{\"@type\":\"WebPage\",\"@id\":\"https:\/\/exceladvisor.org\/tr\/fazladan-bosluklari-kaldir\/\",\"url\":\"https:\/\/exceladvisor.org\/tr\/fazladan-bosluklari-kaldir\/\",\"name\":\"Excel&#39;deki fazladan bo\u015fluklar nas\u0131l kald\u0131r\u0131l\u0131r?\",\"isPartOf\":{\"@id\":\"https:\/\/exceladvisor.org\/tr\/#website\"},\"primaryImageOfPage\":{\"@id\":\"https:\/\/exceladvisor.org\/tr\/fazladan-bosluklari-kaldir\/#primaryimage\"},\"image\":{\"@id\":\"https:\/\/exceladvisor.org\/tr\/fazladan-bosluklari-kaldir\/#primaryimage\"},\"thumbnailUrl\":\"https:\/\/exceladvisor.org\/wp-content\/uploads\/2023\/08\/supprimer-les-espaces-supplementaires-dune-cellule-dans-Excel-a-laide-de-la-fonction-trim.png\",\"datePublished\":\"2023-11-09T17:38:58+00:00\",\"dateModified\":\"2023-12-10T06:03:32+00:00\",\"description\":\"Bu istenmeyen beyaz bo\u015fluklar\u0131 elde edersiniz. Bug\u00fcnk\u00fc yaz\u0131mda size bo\u015fluklar\u0131 kald\u0131rman\u0131n 4 y\u00f6ntemini g\u00f6sterece\u011fim...\",\"breadcrumb\":{\"@id\":\"https:\/\/exceladvisor.org\/tr\/fazladan-bosluklari-kaldir\/#breadcrumb\"},\"inLanguage\":\"tr\",\"potentialAction\":[{\"@type\":\"ReadAction\",\"target\":[\"https:\/\/exceladvisor.org\/tr\/fazladan-bosluklari-kaldir\/\"]}]},{\"@type\":\"ImageObject\",\"inLanguage\":\"tr\",\"@id\":\"https:\/\/exceladvisor.org\/tr\/fazladan-bosluklari-kaldir\/#primaryimage\",\"url\":\"https:\/\/exceladvisor.org\/wp-content\/uploads\/2023\/08\/supprimer-les-espaces-supplementaires-dune-cellule-dans-Excel-a-laide-de-la-fonction-trim.png\",\"contentUrl\":\"https:\/\/exceladvisor.org\/wp-content\/uploads\/2023\/08\/supprimer-les-espaces-supplementaires-dune-cellule-dans-Excel-a-laide-de-la-fonction-trim.png\"},{\"@type\":\"BreadcrumbList\",\"@id\":\"https:\/\/exceladvisor.org\/tr\/fazladan-bosluklari-kaldir\/#breadcrumb\",\"itemListElement\":[{\"@type\":\"ListItem\",\"position\":1,\"name\":\"Ev\",\"item\":\"https:\/\/exceladvisor.org\/tr\/\"},{\"@type\":\"ListItem\",\"position\":2,\"name\":\"Excel&#39;deki fazladan bo\u015fluklar nas\u0131l kald\u0131r\u0131l\u0131r?\"}]},{\"@type\":\"WebSite\",\"@id\":\"https:\/\/exceladvisor.org\/tr\/#website\",\"url\":\"https:\/\/exceladvisor.org\/tr\/\",\"name\":\"Excel Advisor\",\"description\":\"Veri hakimiyetine y\u00f6nelik nihai rehberiniz!\",\"publisher\":{\"@id\":\"https:\/\/exceladvisor.org\/tr\/#organization\"},\"potentialAction\":[{\"@type\":\"SearchAction\",\"target\":{\"@type\":\"EntryPoint\",\"urlTemplate\":\"https:\/\/exceladvisor.org\/tr\/?s={search_term_string}\"},\"query-input\":{\"@type\":\"PropertyValueSpecification\",\"valueRequired\":true,\"valueName\":\"search_term_string\"}}],\"inLanguage\":\"tr\"},{\"@type\":\"Organization\",\"@id\":\"https:\/\/exceladvisor.org\/tr\/#organization\",\"name\":\"Excel Advisor\",\"url\":\"https:\/\/exceladvisor.org\/tr\/\",\"logo\":{\"@type\":\"ImageObject\",\"inLanguage\":\"tr\",\"@id\":\"https:\/\/exceladvisor.org\/tr\/#\/schema\/logo\/image\/\",\"url\":\"https:\/\/exceladvisor.org\/tr\/wp-content\/uploads\/2023\/12\/exceladvisor.org_.png\",\"contentUrl\":\"https:\/\/exceladvisor.org\/tr\/wp-content\/uploads\/2023\/12\/exceladvisor.org_.png\",\"width\":105,\"height\":36,\"caption\":\"Excel Advisor\"},\"image\":{\"@id\":\"https:\/\/exceladvisor.org\/tr\/#\/schema\/logo\/image\/\"}}]}<\/script>\n<!-- \/ Yoast SEO plugin. -->","yoast_head_json":{"title":"Excel&#39;deki fazladan bo\u015fluklar nas\u0131l kald\u0131r\u0131l\u0131r?","description":"Bu istenmeyen beyaz bo\u015fluklar\u0131 elde edersiniz. Bug\u00fcnk\u00fc yaz\u0131mda size bo\u015fluklar\u0131 kald\u0131rman\u0131n 4 y\u00f6ntemini g\u00f6sterece\u011fim...","robots":{"index":"index","follow":"follow","max-snippet":"max-snippet:-1","max-image-preview":"max-image-preview:large","max-video-preview":"max-video-preview:-1"},"canonical":"https:\/\/exceladvisor.org\/tr\/fazladan-bosluklari-kaldir\/","og_locale":"tr_TR","og_type":"article","og_title":"Excel&#39;deki fazladan bo\u015fluklar nas\u0131l kald\u0131r\u0131l\u0131r?","og_description":"Bu istenmeyen beyaz bo\u015fluklar\u0131 elde edersiniz. Bug\u00fcnk\u00fc yaz\u0131mda size bo\u015fluklar\u0131 kald\u0131rman\u0131n 4 y\u00f6ntemini g\u00f6sterece\u011fim...","og_url":"https:\/\/exceladvisor.org\/tr\/fazladan-bosluklari-kaldir\/","og_site_name":"Excel Advisor","article_modified_time":"2023-12-10T06:03:32+00:00","og_image":[{"url":"https:\/\/exceladvisor.org\/wp-content\/uploads\/2023\/08\/supprimer-les-espaces-supplementaires-dune-cellule-dans-Excel-a-laide-de-la-fonction-trim.png","type":"","width":"","height":""}],"twitter_card":"summary_large_image","twitter_misc":{"Tahmini okuma s\u00fcresi":"4 dakika"},"schema":{"@context":"https:\/\/schema.org","@graph":[{"@type":"WebPage","@id":"https:\/\/exceladvisor.org\/tr\/fazladan-bosluklari-kaldir\/","url":"https:\/\/exceladvisor.org\/tr\/fazladan-bosluklari-kaldir\/","name":"Excel&#39;deki fazladan bo\u015fluklar nas\u0131l kald\u0131r\u0131l\u0131r?","isPartOf":{"@id":"https:\/\/exceladvisor.org\/tr\/#website"},"primaryImageOfPage":{"@id":"https:\/\/exceladvisor.org\/tr\/fazladan-bosluklari-kaldir\/#primaryimage"},"image":{"@id":"https:\/\/exceladvisor.org\/tr\/fazladan-bosluklari-kaldir\/#primaryimage"},"thumbnailUrl":"https:\/\/exceladvisor.org\/wp-content\/uploads\/2023\/08\/supprimer-les-espaces-supplementaires-dune-cellule-dans-Excel-a-laide-de-la-fonction-trim.png","datePublished":"2023-11-09T17:38:58+00:00","dateModified":"2023-12-10T06:03:32+00:00","description":"Bu istenmeyen beyaz bo\u015fluklar\u0131 elde edersiniz. Bug\u00fcnk\u00fc yaz\u0131mda size bo\u015fluklar\u0131 kald\u0131rman\u0131n 4 y\u00f6ntemini g\u00f6sterece\u011fim...","breadcrumb":{"@id":"https:\/\/exceladvisor.org\/tr\/fazladan-bosluklari-kaldir\/#breadcrumb"},"inLanguage":"tr","potentialAction":[{"@type":"ReadAction","target":["https:\/\/exceladvisor.org\/tr\/fazladan-bosluklari-kaldir\/"]}]},{"@type":"ImageObject","inLanguage":"tr","@id":"https:\/\/exceladvisor.org\/tr\/fazladan-bosluklari-kaldir\/#primaryimage","url":"https:\/\/exceladvisor.org\/wp-content\/uploads\/2023\/08\/supprimer-les-espaces-supplementaires-dune-cellule-dans-Excel-a-laide-de-la-fonction-trim.png","contentUrl":"https:\/\/exceladvisor.org\/wp-content\/uploads\/2023\/08\/supprimer-les-espaces-supplementaires-dune-cellule-dans-Excel-a-laide-de-la-fonction-trim.png"},{"@type":"BreadcrumbList","@id":"https:\/\/exceladvisor.org\/tr\/fazladan-bosluklari-kaldir\/#breadcrumb","itemListElement":[{"@type":"ListItem","position":1,"name":"Ev","item":"https:\/\/exceladvisor.org\/tr\/"},{"@type":"ListItem","position":2,"name":"Excel&#39;deki fazladan bo\u015fluklar nas\u0131l kald\u0131r\u0131l\u0131r?"}]},{"@type":"WebSite","@id":"https:\/\/exceladvisor.org\/tr\/#website","url":"https:\/\/exceladvisor.org\/tr\/","name":"Excel Advisor","description":"Veri hakimiyetine y\u00f6nelik nihai rehberiniz!","publisher":{"@id":"https:\/\/exceladvisor.org\/tr\/#organization"},"potentialAction":[{"@type":"SearchAction","target":{"@type":"EntryPoint","urlTemplate":"https:\/\/exceladvisor.org\/tr\/?s={search_term_string}"},"query-input":{"@type":"PropertyValueSpecification","valueRequired":true,"valueName":"search_term_string"}}],"inLanguage":"tr"},{"@type":"Organization","@id":"https:\/\/exceladvisor.org\/tr\/#organization","name":"Excel Advisor","url":"https:\/\/exceladvisor.org\/tr\/","logo":{"@type":"ImageObject","inLanguage":"tr","@id":"https:\/\/exceladvisor.org\/tr\/#\/schema\/logo\/image\/","url":"https:\/\/exceladvisor.org\/tr\/wp-content\/uploads\/2023\/12\/exceladvisor.org_.png","contentUrl":"https:\/\/exceladvisor.org\/tr\/wp-content\/uploads\/2023\/12\/exceladvisor.org_.png","width":105,"height":36,"caption":"Excel Advisor"},"image":{"@id":"https:\/\/exceladvisor.org\/tr\/#\/schema\/logo\/image\/"}}]}},"yoast_meta":{"yoast_wpseo_title":"","yoast_wpseo_metadesc":"","yoast_wpseo_canonical":""},"_links":{"self":[{"href":"https:\/\/exceladvisor.org\/tr\/wp-json\/wp\/v2\/pages\/1724","targetHints":{"allow":["GET"]}}],"collection":[{"href":"https:\/\/exceladvisor.org\/tr\/wp-json\/wp\/v2\/pages"}],"about":[{"href":"https:\/\/exceladvisor.org\/tr\/wp-json\/wp\/v2\/types\/page"}],"author":[{"embeddable":true,"href":"https:\/\/exceladvisor.org\/tr\/wp-json\/wp\/v2\/users\/1"}],"replies":[{"embeddable":true,"href":"https:\/\/exceladvisor.org\/tr\/wp-json\/wp\/v2\/comments?post=1724"}],"version-history":[{"count":1,"href":"https:\/\/exceladvisor.org\/tr\/wp-json\/wp\/v2\/pages\/1724\/revisions"}],"predecessor-version":[{"id":2660,"href":"https:\/\/exceladvisor.org\/tr\/wp-json\/wp\/v2\/pages\/1724\/revisions\/2660"}],"wp:attachment":[{"href":"https:\/\/exceladvisor.org\/tr\/wp-json\/wp\/v2\/media?parent=1724"}],"curies":[{"name":"wp","href":"https:\/\/api.w.org\/{rel}","templated":true}]}}