{"id":1726,"date":"2023-11-08T22:51:33","date_gmt":"2023-11-08T22:51:33","guid":{"rendered":"https:\/\/exceladvisor.org\/tr\/cesitli-olcutlerle-xlookup\/"},"modified":"2023-12-10T06:00:53","modified_gmt":"2023-12-10T06:00:53","slug":"cesitli-olcutlerle-xlookup","status":"publish","type":"page","link":"https:\/\/exceladvisor.org\/tr\/cesitli-olcutlerle-xlookup\/","title":{"rendered":"Excel&#39;de birden \u00e7ok \u00f6l\u00e7\u00fctle xlookup"},"content":{"rendered":"<div class=\"excel-icerikten-once\" id=\"excel-362621295\"><script type=\"text\/javascript\">\r\n\tatOptions = {\r\n\t\t'key' : 'c1158f160081d6540a8409e6925dab94',\r\n\t\t'format' : 'iframe',\r\n\t\t'height' : 250,\r\n\t\t'width' : 300,\r\n\t\t'params' : {}\r\n\t};\r\n<\/script>\r\n<script type=\"text\/javascript\" src=\"\/\/www.highperformanceformat.com\/c1158f160081d6540a8409e6925dab94\/invoke.js\"><\/script><\/div> <p>Birden fazla kriter kullanarak arama yapmak istiyorsan\u0131z XLOOKUP&#8217;\u0131 kullanabilirsiniz. Ve XLOOKUP&#8217;ta bunu yapman\u0131n iki yolu vard\u0131r. Bu derste her iki y\u00f6nteme de ayr\u0131nt\u0131l\u0131 olarak bakaca\u011f\u0131z ve anlayaca\u011f\u0131z.<\/p><p> A\u015fa\u011f\u0131daki \u00f6rnekte, rulo numaralar\u0131, adlar\u0131 ve puanlar\u0131 olan \u00f6\u011frencilerin bir listesi bulunmaktad\u0131r. <\/p><div class=\"wp-block-image\"><figure class=\"aligncenter size-full is-resized\"><img loading=\"lazy\" decoding=\"async\" class=\"wp-image-85860\" src=\"https:\/\/exceladvisor.org\/wp-content\/uploads\/2023\/08\/1-xlookup-avec-plusieurs-criteres.png\" sizes=\"auto, \" srcset=\"\" alt=\"\u00e7oklu-kriterli-xlookup\" width=\"383\" height=\"407\"><\/figure><\/div><h2 class=\"wp-block-heading\"> XLOOKUP ile birden \u00e7ok \u00f6l\u00e7\u00fct (yard\u0131mc\u0131 s\u00fctun y\u00f6ntemi)<\/h2><ol><li> \u00d6ncelikle yard\u0131mc\u0131 s\u00fctun olarak kullan\u0131lacak yeni bir s\u00fctun ekleyin. <br><img loading=\"lazy\" decoding=\"async\" title=\"2-yeni-s\u00fctun ekle\" src=\"https:\/\/exceladvisor.org\/wp-content\/uploads\/2023\/08\/2-ajouter-une-nouvelle-colonne.png\" sizes=\"auto, \" srcset=\"\" alt=\"add-new-column\" width=\"524\" height=\"238\"><\/li><li> \u015eimdi sihirbaz s\u00fctununda \u00f6\u011frencinin rulo numaras\u0131n\u0131 ve ad\u0131n\u0131 birle\u015ftirmeniz gerekiyor. <br><img loading=\"lazy\" decoding=\"async\" title=\"3-verileri-yeni-bir-s\u00fctunda-birle\u015ftir\" src=\"https:\/\/exceladvisor.org\/wp-content\/uploads\/2023\/08\/3-combiner-les-donnees-dans-une-nouvelle-colonne.png\" sizes=\"auto, \" srcset=\"\" alt=\"combine-data-in-new-column\" width=\"523\" height=\"221\"><\/li><li> Bundan sonra aranacak birle\u015ftirilmi\u015f de\u011feri olu\u015fturun. Daha sonra iki h\u00fccreye \u00f6\u011frencinin rulo numaras\u0131n\u0131 ve ad\u0131n\u0131 yaz\u0131n. <br><img loading=\"lazy\" decoding=\"async\" title=\"4-birle\u015ftirilmi\u015f-de\u011fer olu\u015ftur\" src=\"https:\/\/exceladvisor.org\/wp-content\/uploads\/2023\/08\/4-creer-une-valeur-concatenee.png\" sizes=\"auto, \" srcset=\"\" alt=\"create-concatenated-value\" width=\"665\" height=\"183\"><\/li><li> Daha sonra, XLOOKUP&#8217;a girin ve fonksiyonda arama de\u011feri olarak kullanmak i\u00e7in F2 ve G2 \u00e7a\u011fr\u0131s\u0131ndan gelen de\u011ferleri birle\u015ftirin. <br><img loading=\"lazy\" decoding=\"async\" title=\"5-xbirle\u015fik-de\u011ferlerle-arama\" src=\"https:\/\/exceladvisor.org\/wp-content\/uploads\/2023\/08\/5-xlookup-avec-des-valeurs-combinees.png\" sizes=\"auto, \" srcset=\"\" alt=\"xlookup-with-combined-values\" width=\"428\" height=\"97\"><\/li><li> Buradan, yard\u0131m s\u00fctununa aranan_dizi ve puan s\u00fctununa d\u00f6n\u00fc\u015f_dizisi olarak bak\u0131n. <br><img loading=\"lazy\" decoding=\"async\" title=\"6-arama tablosu olarak yard\u0131m s\u00fctununa bak\u0131n\" src=\"https:\/\/exceladvisor.org\/wp-content\/uploads\/2023\/08\/6-se-referer-a-la-colonne-dassistance-en-tant-que-tableau-de-recherche.png\" sizes=\"auto, \" srcset=\"\" alt=\"refer-to-helper-column-as-lookup-array\" width=\"693\" height=\"353\"><\/li><li> Sonunda sonucu almak i\u00e7in Enter tu\u015funa bas\u0131n. <br><img loading=\"lazy\" decoding=\"async\" title=\"7-\u00e7oklu-kriterli-xlookup-sonucu\" src=\"https:\/\/exceladvisor.org\/wp-content\/uploads\/2023\/08\/7-resultat-xlookup-avec-plusieurs-criteres.png\" sizes=\"auto, \" srcset=\"\" alt=\"xlookup-result-with-multiple-criteria\" width=\"673\" height=\"266\"><\/li><\/ol><p> \u0130sterseniz XLOOKUP&#8217;ta di\u011fer iste\u011fe ba\u011fl\u0131 ba\u011f\u0131ms\u0131z de\u011fi\u015fkenleri kullanabilirsiniz.<\/p><h2 class=\"wp-block-heading\"> XLOOKUP ile birden \u00e7ok kriter (dizi y\u00f6ntemi)<\/h2><p> Yard\u0131mc\u0131 s\u00fctunu kullanmak istemiyorsan\u0131z bir tablo kullanabilirsiniz. Bu form\u00fcl\u00fc yazarak ba\u015flayal\u0131m, sonra nas\u0131l \u00e7al\u0131\u015ft\u0131\u011f\u0131n\u0131 \u00f6\u011frenelim.<\/p><ol><li> Bir h\u00fccreye XLOOKUP yaz\u0131n ve aranan_de\u011fer alan\u0131na 1 girin. <br><img loading=\"lazy\" decoding=\"async\" title=\"8-xlookup-dizi-y\u00f6ntemi\" src=\"https:\/\/exceladvisor.org\/wp-content\/uploads\/2023\/08\/8-methode-de-tableau-xlookup.png\" sizes=\"auto, \" srcset=\"\" alt=\"xlookup-array-method\" width=\"673\" height=\"258\"><\/li><li> \u015eimdi rulo numaras\u0131 s\u00fctununda rulo numaras\u0131n\u0131 ve ad s\u00fctununda ismi bulmak i\u00e7in bir tablo olu\u015fturmam\u0131z gerekiyor. Bu nedenle arama tablosuna (A2:A20=E2)*(B2:B20=F2) girin. <br><img loading=\"lazy\" decoding=\"async\" title=\"9-bir-tahta olu\u015ftur\" src=\"https:\/\/exceladvisor.org\/wp-content\/uploads\/2023\/08\/9-creer-un-tableau.png\" sizes=\"auto, \" srcset=\"\" alt=\"create-an-array\" width=\"630\" height=\"119\"><\/li><li> Bundan sonra return_array&#8217;de puan s\u00fctununa bak\u0131n. <br><img loading=\"lazy\" decoding=\"async\" title=\"10-d\u00f6n\u00fc\u015f-dizisi-ba\u015fka-s\u00fctun-ba\u015fvur\" src=\"https:\/\/exceladvisor.org\/wp-content\/uploads\/2023\/08\/10-dans-le-tableau-de-retour-renvoient-a-une-autre-colonne.png\" sizes=\"auto, \" srcset=\"\" alt=\"in-return-array-refer-another-column\" width=\"694\" height=\"91\"><\/li><li> Sonunda i\u015flevi kapat\u0131n ve sonucu almak i\u00e7in Enter tu\u015funa bas\u0131n. <br><img loading=\"lazy\" decoding=\"async\" title=\"11-sonucu-al\" src=\"https:\/\/exceladvisor.org\/wp-content\/uploads\/2023\/08\/11-obtenir-le-resultat.png\" sizes=\"auto, \" srcset=\"\" alt=\"get-the-result\" width=\"632\" height=\"383\"><\/li><\/ol><p> Bu form\u00fcl\u00fc g\u00fc\u00e7l\u00fc k\u0131lan tablolard\u0131r. <\/p><div class=\"wp-block-image\"><figure class=\"aligncenter size-full is-resized\"><img loading=\"lazy\" decoding=\"async\" class=\"wp-image-85871\" src=\"https:\/\/exceladvisor.org\/wp-content\/uploads\/2023\/08\/12-tableaux-rendent-la-formule-puissante.png\" sizes=\"auto, \" srcset=\"\" alt=\"tablolar-form\u00fcl-g\u00fc\u00e7l\u00fc yapar\" width=\"643\" height=\"71\"><\/figure><\/div><p> Bunu ayr\u0131nt\u0131l\u0131 olarak anlayal\u0131m.<\/p><p> Tablonun ilk k\u0131sm\u0131nda name s\u00fctunundaki ad\u0131 test ettik ve TRUE ve FALSE i\u00e7eren bir dizi d\u00f6nd\u00fcrd\u00fc. <\/p><div class=\"wp-block-image\"><figure class=\"aligncenter size-full is-resized\"><img loading=\"lazy\" decoding=\"async\" class=\"wp-image-85872\" src=\"https:\/\/exceladvisor.org\/wp-content\/uploads\/2023\/08\/13-tableau-renvoie-vrai-ou-faux.png\" sizes=\"auto, \" srcset=\"\" alt=\"dizi-do\u011fru-yanl\u0131\u015f-d\u00f6nd\u00fcr\u00fcr\" width=\"565\" height=\"227\"><\/figure><\/div><p> Tabloda alt\u0131nc\u0131 s\u0131rada yani isim s\u00fctununda arad\u0131\u011f\u0131m\u0131z ismin konumu olan TRUE&#8217;nun bulundu\u011funu g\u00f6rebilirsiniz. <\/p><div class=\"wp-block-image\"><figure class=\"aligncenter size-full is-resized\"><img loading=\"lazy\" decoding=\"async\" class=\"wp-image-85873\" src=\"https:\/\/exceladvisor.org\/wp-content\/uploads\/2023\/08\/14-vrai-fait-reference-a-la-position-de-la-valeur-referencee.png\" sizes=\"auto, \" srcset=\"\" alt=\"do\u011fru-at\u0131fta bulunulan de\u011ferin-pozisyonunu ifade eder\" width=\"684\" height=\"355\"><\/figure><\/div><p> Ayn\u0131 \u015fey arad\u0131\u011f\u0131m\u0131z rol numaras\u0131 i\u00e7in TRUE&#8217;nun bulundu\u011fu ikinci tabloda da var. <\/p><div class=\"wp-block-image\"><figure class=\"aligncenter size-full is-resized\"><img loading=\"lazy\" decoding=\"async\" class=\"wp-image-85874\" src=\"https:\/\/exceladvisor.org\/wp-content\/uploads\/2023\/08\/15-vrai-pour-une-autre-valeur-de-recherche.png\" sizes=\"auto, \" srcset=\"\" alt=\"di\u011fer-arama de\u011feri i\u00e7in do\u011fru\" width=\"642\" height=\"375\"><\/figure><\/div><p> Ayr\u0131ca iki diziyi \u00e7arpt\u0131\u011f\u0131n\u0131zda 0 ve 1&#8217;den olu\u015fan yeni bir dizi elde edersiniz. Bu dizide 1 alt\u0131nc\u0131 s\u0131radad\u0131r. <\/p><div class=\"wp-block-image\"><figure class=\"aligncenter size-full is-resized\"><img loading=\"lazy\" decoding=\"async\" class=\"wp-image-85875\" src=\"https:\/\/exceladvisor.org\/wp-content\/uploads\/2023\/08\/16-multiplier-les-deux-tableaux.png\" sizes=\"auto, \" srcset=\"\" alt=\"her iki diziyi de \u00e7arpma\" width=\"700\" height=\"63\"><\/figure><\/div><p> Fonksiyonda aranan_de\u011fer 1 var ve aranan_dizi 1&#8217;deki dizi alt\u0131nc\u0131 konumda. XLOOKUP&#8217;\u0131n alt\u0131nc\u0131 s\u0131radan puan\u0131 d\u00f6nd\u00fcrmesinin nedeni budur. <\/p><div class=\"gb-container gb-container-52dfcee1 gb-container-sample-file\"><h2 class=\"gb-headline gb-headline-e289c143 gb-headline-text gb-headline-4f7959c2\"> Excel dosyas\u0131n\u0131 al\u0131n<\/h2> <a class=\"gb-button gb-button-e88d6bee gb-button-text gb-button-button1\" href=\"https:\/\/exceladvisor.org\/wp-content\/uploads\/2023\/08\/xlookup-plusieurs-criteres-2.xlsx\" rel=\"nofollow\">\u0130ndirmek<\/a><\/div>","protected":false},"excerpt":{"rendered":"","protected":false},"author":1,"featured_media":0,"parent":0,"menu_order":0,"comment_status":"open","ping_status":"closed","template":"","meta":{"ub_ctt_via":"","footnotes":""},"class_list":["post-1726","page","type-page","status-publish","hentry"],"featured_image_src":null,"yoast_head":"<!-- This site is optimized with the Yoast SEO plugin v25.4 - https:\/\/yoast.com\/wordpress\/plugins\/seo\/ -->\n<title>Excel&#039;de birden \u00e7ok \u00f6l\u00e7\u00fctle XLOOKUP \u2013 Excel Dan\u0131\u015fman\u0131<\/title>\n<meta name=\"description\" content=\"Bu e\u011fitim size XLOOKUP&#039;u \u00e7e\u015fitli \u00f6l\u00e7\u00fctlerle kullanmak i\u00e7in bir Excel form\u00fcl\u00fcn\u00fcn nas\u0131l yaz\u0131laca\u011f\u0131n\u0131 \u00f6\u011fretecektir. Bunu kontrol edelim...\" \/>\n<meta name=\"robots\" content=\"index, follow, max-snippet:-1, max-image-preview:large, max-video-preview:-1\" \/>\n<link rel=\"canonical\" href=\"https:\/\/exceladvisor.org\/tr\/cesitli-olcutlerle-xlookup\/\" \/>\n<meta property=\"og:locale\" content=\"tr_TR\" \/>\n<meta property=\"og:type\" content=\"article\" \/>\n<meta property=\"og:title\" content=\"Excel&#039;de birden \u00e7ok \u00f6l\u00e7\u00fctle XLOOKUP \u2013 Excel Dan\u0131\u015fman\u0131\" \/>\n<meta property=\"og:description\" content=\"Bu e\u011fitim size XLOOKUP&#039;u \u00e7e\u015fitli \u00f6l\u00e7\u00fctlerle kullanmak i\u00e7in bir Excel form\u00fcl\u00fcn\u00fcn nas\u0131l yaz\u0131laca\u011f\u0131n\u0131 \u00f6\u011fretecektir. Bunu kontrol edelim...\" \/>\n<meta property=\"og:url\" content=\"https:\/\/exceladvisor.org\/tr\/cesitli-olcutlerle-xlookup\/\" \/>\n<meta property=\"og:site_name\" content=\"Excel Advisor\" \/>\n<meta property=\"article:modified_time\" content=\"2023-12-10T06:00:53+00:00\" \/>\n<meta property=\"og:image\" content=\"https:\/\/exceladvisor.org\/wp-content\/uploads\/2023\/08\/1-xlookup-avec-plusieurs-criteres.png\" \/>\n<meta name=\"twitter:card\" content=\"summary_large_image\" \/>\n<meta name=\"twitter:label1\" content=\"Tahmini okuma s\u00fcresi\" \/>\n\t<meta name=\"twitter:data1\" content=\"2 dakika\" \/>\n<script type=\"application\/ld+json\" class=\"yoast-schema-graph\">{\"@context\":\"https:\/\/schema.org\",\"@graph\":[{\"@type\":\"WebPage\",\"@id\":\"https:\/\/exceladvisor.org\/tr\/cesitli-olcutlerle-xlookup\/\",\"url\":\"https:\/\/exceladvisor.org\/tr\/cesitli-olcutlerle-xlookup\/\",\"name\":\"Excel&#39;de birden \u00e7ok \u00f6l\u00e7\u00fctle XLOOKUP \u2013 Excel Dan\u0131\u015fman\u0131\",\"isPartOf\":{\"@id\":\"https:\/\/exceladvisor.org\/tr\/#website\"},\"primaryImageOfPage\":{\"@id\":\"https:\/\/exceladvisor.org\/tr\/cesitli-olcutlerle-xlookup\/#primaryimage\"},\"image\":{\"@id\":\"https:\/\/exceladvisor.org\/tr\/cesitli-olcutlerle-xlookup\/#primaryimage\"},\"thumbnailUrl\":\"https:\/\/exceladvisor.org\/wp-content\/uploads\/2023\/08\/1-xlookup-avec-plusieurs-criteres.png\",\"datePublished\":\"2023-11-08T22:51:33+00:00\",\"dateModified\":\"2023-12-10T06:00:53+00:00\",\"description\":\"Bu e\u011fitim size XLOOKUP&#39;u \u00e7e\u015fitli \u00f6l\u00e7\u00fctlerle kullanmak i\u00e7in bir Excel form\u00fcl\u00fcn\u00fcn nas\u0131l yaz\u0131laca\u011f\u0131n\u0131 \u00f6\u011fretecektir. Bunu kontrol edelim...\",\"breadcrumb\":{\"@id\":\"https:\/\/exceladvisor.org\/tr\/cesitli-olcutlerle-xlookup\/#breadcrumb\"},\"inLanguage\":\"tr\",\"potentialAction\":[{\"@type\":\"ReadAction\",\"target\":[\"https:\/\/exceladvisor.org\/tr\/cesitli-olcutlerle-xlookup\/\"]}]},{\"@type\":\"ImageObject\",\"inLanguage\":\"tr\",\"@id\":\"https:\/\/exceladvisor.org\/tr\/cesitli-olcutlerle-xlookup\/#primaryimage\",\"url\":\"https:\/\/exceladvisor.org\/wp-content\/uploads\/2023\/08\/1-xlookup-avec-plusieurs-criteres.png\",\"contentUrl\":\"https:\/\/exceladvisor.org\/wp-content\/uploads\/2023\/08\/1-xlookup-avec-plusieurs-criteres.png\"},{\"@type\":\"BreadcrumbList\",\"@id\":\"https:\/\/exceladvisor.org\/tr\/cesitli-olcutlerle-xlookup\/#breadcrumb\",\"itemListElement\":[{\"@type\":\"ListItem\",\"position\":1,\"name\":\"Ev\",\"item\":\"https:\/\/exceladvisor.org\/tr\/\"},{\"@type\":\"ListItem\",\"position\":2,\"name\":\"Excel&#39;de birden \u00e7ok \u00f6l\u00e7\u00fctle xlookup\"}]},{\"@type\":\"WebSite\",\"@id\":\"https:\/\/exceladvisor.org\/tr\/#website\",\"url\":\"https:\/\/exceladvisor.org\/tr\/\",\"name\":\"Excel Advisor\",\"description\":\"Veri hakimiyetine y\u00f6nelik nihai rehberiniz!\",\"publisher\":{\"@id\":\"https:\/\/exceladvisor.org\/tr\/#organization\"},\"potentialAction\":[{\"@type\":\"SearchAction\",\"target\":{\"@type\":\"EntryPoint\",\"urlTemplate\":\"https:\/\/exceladvisor.org\/tr\/?s={search_term_string}\"},\"query-input\":{\"@type\":\"PropertyValueSpecification\",\"valueRequired\":true,\"valueName\":\"search_term_string\"}}],\"inLanguage\":\"tr\"},{\"@type\":\"Organization\",\"@id\":\"https:\/\/exceladvisor.org\/tr\/#organization\",\"name\":\"Excel Advisor\",\"url\":\"https:\/\/exceladvisor.org\/tr\/\",\"logo\":{\"@type\":\"ImageObject\",\"inLanguage\":\"tr\",\"@id\":\"https:\/\/exceladvisor.org\/tr\/#\/schema\/logo\/image\/\",\"url\":\"https:\/\/exceladvisor.org\/tr\/wp-content\/uploads\/2023\/12\/exceladvisor.org_.png\",\"contentUrl\":\"https:\/\/exceladvisor.org\/tr\/wp-content\/uploads\/2023\/12\/exceladvisor.org_.png\",\"width\":105,\"height\":36,\"caption\":\"Excel Advisor\"},\"image\":{\"@id\":\"https:\/\/exceladvisor.org\/tr\/#\/schema\/logo\/image\/\"}}]}<\/script>\n<!-- \/ Yoast SEO plugin. -->","yoast_head_json":{"title":"Excel&#39;de birden \u00e7ok \u00f6l\u00e7\u00fctle XLOOKUP \u2013 Excel Dan\u0131\u015fman\u0131","description":"Bu e\u011fitim size XLOOKUP&#39;u \u00e7e\u015fitli \u00f6l\u00e7\u00fctlerle kullanmak i\u00e7in bir Excel form\u00fcl\u00fcn\u00fcn nas\u0131l yaz\u0131laca\u011f\u0131n\u0131 \u00f6\u011fretecektir. Bunu kontrol edelim...","robots":{"index":"index","follow":"follow","max-snippet":"max-snippet:-1","max-image-preview":"max-image-preview:large","max-video-preview":"max-video-preview:-1"},"canonical":"https:\/\/exceladvisor.org\/tr\/cesitli-olcutlerle-xlookup\/","og_locale":"tr_TR","og_type":"article","og_title":"Excel&#39;de birden \u00e7ok \u00f6l\u00e7\u00fctle XLOOKUP \u2013 Excel Dan\u0131\u015fman\u0131","og_description":"Bu e\u011fitim size XLOOKUP&#39;u \u00e7e\u015fitli \u00f6l\u00e7\u00fctlerle kullanmak i\u00e7in bir Excel form\u00fcl\u00fcn\u00fcn nas\u0131l yaz\u0131laca\u011f\u0131n\u0131 \u00f6\u011fretecektir. Bunu kontrol edelim...","og_url":"https:\/\/exceladvisor.org\/tr\/cesitli-olcutlerle-xlookup\/","og_site_name":"Excel Advisor","article_modified_time":"2023-12-10T06:00:53+00:00","og_image":[{"url":"https:\/\/exceladvisor.org\/wp-content\/uploads\/2023\/08\/1-xlookup-avec-plusieurs-criteres.png","type":"","width":"","height":""}],"twitter_card":"summary_large_image","twitter_misc":{"Tahmini okuma s\u00fcresi":"2 dakika"},"schema":{"@context":"https:\/\/schema.org","@graph":[{"@type":"WebPage","@id":"https:\/\/exceladvisor.org\/tr\/cesitli-olcutlerle-xlookup\/","url":"https:\/\/exceladvisor.org\/tr\/cesitli-olcutlerle-xlookup\/","name":"Excel&#39;de birden \u00e7ok \u00f6l\u00e7\u00fctle XLOOKUP \u2013 Excel Dan\u0131\u015fman\u0131","isPartOf":{"@id":"https:\/\/exceladvisor.org\/tr\/#website"},"primaryImageOfPage":{"@id":"https:\/\/exceladvisor.org\/tr\/cesitli-olcutlerle-xlookup\/#primaryimage"},"image":{"@id":"https:\/\/exceladvisor.org\/tr\/cesitli-olcutlerle-xlookup\/#primaryimage"},"thumbnailUrl":"https:\/\/exceladvisor.org\/wp-content\/uploads\/2023\/08\/1-xlookup-avec-plusieurs-criteres.png","datePublished":"2023-11-08T22:51:33+00:00","dateModified":"2023-12-10T06:00:53+00:00","description":"Bu e\u011fitim size XLOOKUP&#39;u \u00e7e\u015fitli \u00f6l\u00e7\u00fctlerle kullanmak i\u00e7in bir Excel form\u00fcl\u00fcn\u00fcn nas\u0131l yaz\u0131laca\u011f\u0131n\u0131 \u00f6\u011fretecektir. Bunu kontrol edelim...","breadcrumb":{"@id":"https:\/\/exceladvisor.org\/tr\/cesitli-olcutlerle-xlookup\/#breadcrumb"},"inLanguage":"tr","potentialAction":[{"@type":"ReadAction","target":["https:\/\/exceladvisor.org\/tr\/cesitli-olcutlerle-xlookup\/"]}]},{"@type":"ImageObject","inLanguage":"tr","@id":"https:\/\/exceladvisor.org\/tr\/cesitli-olcutlerle-xlookup\/#primaryimage","url":"https:\/\/exceladvisor.org\/wp-content\/uploads\/2023\/08\/1-xlookup-avec-plusieurs-criteres.png","contentUrl":"https:\/\/exceladvisor.org\/wp-content\/uploads\/2023\/08\/1-xlookup-avec-plusieurs-criteres.png"},{"@type":"BreadcrumbList","@id":"https:\/\/exceladvisor.org\/tr\/cesitli-olcutlerle-xlookup\/#breadcrumb","itemListElement":[{"@type":"ListItem","position":1,"name":"Ev","item":"https:\/\/exceladvisor.org\/tr\/"},{"@type":"ListItem","position":2,"name":"Excel&#39;de birden \u00e7ok \u00f6l\u00e7\u00fctle xlookup"}]},{"@type":"WebSite","@id":"https:\/\/exceladvisor.org\/tr\/#website","url":"https:\/\/exceladvisor.org\/tr\/","name":"Excel Advisor","description":"Veri hakimiyetine y\u00f6nelik nihai rehberiniz!","publisher":{"@id":"https:\/\/exceladvisor.org\/tr\/#organization"},"potentialAction":[{"@type":"SearchAction","target":{"@type":"EntryPoint","urlTemplate":"https:\/\/exceladvisor.org\/tr\/?s={search_term_string}"},"query-input":{"@type":"PropertyValueSpecification","valueRequired":true,"valueName":"search_term_string"}}],"inLanguage":"tr"},{"@type":"Organization","@id":"https:\/\/exceladvisor.org\/tr\/#organization","name":"Excel Advisor","url":"https:\/\/exceladvisor.org\/tr\/","logo":{"@type":"ImageObject","inLanguage":"tr","@id":"https:\/\/exceladvisor.org\/tr\/#\/schema\/logo\/image\/","url":"https:\/\/exceladvisor.org\/tr\/wp-content\/uploads\/2023\/12\/exceladvisor.org_.png","contentUrl":"https:\/\/exceladvisor.org\/tr\/wp-content\/uploads\/2023\/12\/exceladvisor.org_.png","width":105,"height":36,"caption":"Excel Advisor"},"image":{"@id":"https:\/\/exceladvisor.org\/tr\/#\/schema\/logo\/image\/"}}]}},"yoast_meta":{"yoast_wpseo_title":"","yoast_wpseo_metadesc":"","yoast_wpseo_canonical":""},"_links":{"self":[{"href":"https:\/\/exceladvisor.org\/tr\/wp-json\/wp\/v2\/pages\/1726","targetHints":{"allow":["GET"]}}],"collection":[{"href":"https:\/\/exceladvisor.org\/tr\/wp-json\/wp\/v2\/pages"}],"about":[{"href":"https:\/\/exceladvisor.org\/tr\/wp-json\/wp\/v2\/types\/page"}],"author":[{"embeddable":true,"href":"https:\/\/exceladvisor.org\/tr\/wp-json\/wp\/v2\/users\/1"}],"replies":[{"embeddable":true,"href":"https:\/\/exceladvisor.org\/tr\/wp-json\/wp\/v2\/comments?post=1726"}],"version-history":[{"count":1,"href":"https:\/\/exceladvisor.org\/tr\/wp-json\/wp\/v2\/pages\/1726\/revisions"}],"predecessor-version":[{"id":2443,"href":"https:\/\/exceladvisor.org\/tr\/wp-json\/wp\/v2\/pages\/1726\/revisions\/2443"}],"wp:attachment":[{"href":"https:\/\/exceladvisor.org\/tr\/wp-json\/wp\/v2\/media?parent=1726"}],"curies":[{"name":"wp","href":"https:\/\/api.w.org\/{rel}","templated":true}]}}