{"id":1727,"date":"2023-11-08T22:28:31","date_gmt":"2023-11-08T22:28:31","guid":{"rendered":"https:\/\/exceladvisor.org\/tr\/xlookup-tum-maclar-2\/"},"modified":"2023-12-10T06:08:05","modified_gmt":"2023-12-10T06:08:05","slug":"xlookup-tum-maclar-2","status":"publish","type":"page","link":"https:\/\/exceladvisor.org\/tr\/xlookup-tum-maclar-2\/","title":{"rendered":"Xlookup&#39;taki t\u00fcm e\u015fle\u015fmeleri d\u00f6nd\u00fcrebilir miyiz?"},"content":{"rendered":"<div class=\"excel-icerikten-once\" id=\"excel-708288428\"><script type=\"text\/javascript\">\r\n\tatOptions = {\r\n\t\t'key' : 'c1158f160081d6540a8409e6925dab94',\r\n\t\t'format' : 'iframe',\r\n\t\t'height' : 250,\r\n\t\t'width' : 300,\r\n\t\t'params' : {}\r\n\t};\r\n<\/script>\r\n<script type=\"text\/javascript\" src=\"\/\/www.highperformanceformat.com\/c1158f160081d6540a8409e6925dab94\/invoke.js\"><\/script><\/div> <p><strong>K\u0131sa cevap: m\u00fcmk\u00fcn de\u011fil.<\/strong> Ancak endi\u015felenmeyin \u00e7\u00fcnk\u00fc istedi\u011finizi elde etmenizi sa\u011flayacak daha iyi bir i\u015flev var. Evet, t\u00fcm ma\u00e7lar. Ve i\u015flev F\u0130LTRE&#8217;dir. <\/p><div class=\"wp-block-image\"><figure class=\"aligncenter size-full is-resized\"><img loading=\"lazy\" decoding=\"async\" class=\"wp-image-85877\" src=\"https:\/\/exceladvisor.org\/wp-content\/uploads\/2023\/08\/1-xlookup-renvoie-toutes-les-correspondances.png\" sizes=\"auto, \" srcset=\"\" alt=\"xlookup-t\u00fcm-e\u015fle\u015fmeleri d\u00f6nd\u00fcr\u00fcr\" width=\"718\" height=\"458\"><\/figure><\/div><p> Yukar\u0131daki \u00f6rnekte b\u00f6lge s\u00fctununda EAST&#8217;a kar\u015f\u0131l\u0131k gelen t\u00fcm verilere sahibiz.<\/p><h2 class=\"wp-block-heading\"> Form\u00fcl<\/h2><p> \u0130\u015fte t\u00fcm e\u015fle\u015fmeleri elde etmek i\u00e7in bu i\u015flevi nas\u0131l kullanaca\u011f\u0131n\u0131z:<\/p><ol><li> \u0130lk \u00f6nce bir h\u00fccreye F\u0130LTRE fonksiyonunu girin. <br><img loading=\"lazy\" decoding=\"async\" title=\"Verileri e\u015fle\u015ftirmek i\u00e7in 2 filtre i\u015flevi\" src=\"https:\/\/exceladvisor.org\/wp-content\/uploads\/2023\/08\/2-fonction-de-filtrage-pour-faire-correspondre-les-donnees.png\" sizes=\"auto, \" srcset=\"\" alt=\"filter-function-to-match-data\" width=\"647\" height=\"266\"><\/li><li> Bundan sonra dizi arg\u00fcman\u0131nda t\u00fcm veri aral\u0131\u011f\u0131n\u0131 se\u00e7in. <br><img loading=\"lazy\" decoding=\"async\" title=\"3 se\u00e7im aral\u0131\u011f\u0131\" src=\"https:\/\/exceladvisor.org\/wp-content\/uploads\/2023\/08\/3-selectionner-la-gamme-2.png\" sizes=\"auto, \" srcset=\"\" alt=\"select-the-range\" width=\"606\" height=\"353\"><\/li><li> Ard\u0131ndan, i\u00e7erme ba\u011f\u0131ms\u0131z de\u011fi\u015fkeninde e\u015fle\u015fen t\u00fcm de\u011ferleri kontrol etmek istedi\u011finiz s\u00fctunu se\u00e7in. <br><img loading=\"lazy\" decoding=\"async\" title=\"Yaz\u0131\u015fmalar\u0131-kontrol etmek istedi\u011finiz-4 s\u00fctun\" src=\"https:\/\/exceladvisor.org\/wp-content\/uploads\/2023\/08\/4-colonnes-a-partir-desquelles-vous-voulez-verifier-les-correspondances.png\" sizes=\"auto, \" srcset=\"\" alt=\"column-from-which-want-to-check-matches\" width=\"615\" height=\"124\"><\/li><li> Ayn\u0131 ba\u011f\u0131ms\u0131z de\u011fi\u015fkende, bu s\u00fctun aral\u0131\u011f\u0131ndan sonra e\u015fittir i\u015faretini (=) ve e\u015fle\u015fmeleri kontrol etmek i\u00e7in de\u011feri girin. Metni belirtmek i\u00e7in yine \u00e7ift t\u0131rnak kullan\u0131n. <br><img loading=\"lazy\" decoding=\"async\" title=\"5-e\u015fittir-i\u015fareti-de\u011ferleri girin\" src=\"https:\/\/exceladvisor.org\/wp-content\/uploads\/2023\/08\/5-entrez-le-signe-egal-pour-faire-correspondre-les-valeurs.png\" sizes=\"auto, \" srcset=\"\" alt=\"enter-equal-sign-to-match-values\" width=\"593\" height=\"235\"><\/li><li> Sonucu almak i\u00e7in i\u015flevi kapat\u0131n ve Enter tu\u015funa bas\u0131n.<\/li><\/ol><p> Ve Enter&#8217;a bast\u0131\u011f\u0131n\u0131z anda, kutu de\u011ferinin &#8220;Do\u011fu&#8221; oldu\u011fu t\u00fcm e\u015fle\u015fmeleri i\u00e7eren bir dizi d\u00f6nd\u00fcrecektir. <\/p><div class=\"wp-block-image\"><figure class=\"aligncenter size-full is-resized\"><img loading=\"lazy\" decoding=\"async\" class=\"wp-image-85882\" src=\"https:\/\/exceladvisor.org\/wp-content\/uploads\/2023\/08\/6-tableaux-avec-toutes-les-correspondances.png\" sizes=\"auto, \" srcset=\"\" alt=\"t\u00fcm yaz\u0131\u015fmalar\u0131n oldu\u011fu tablo\" width=\"724\" height=\"311\"><\/figure><\/div><p> Evet, FILTER, sonucu almak i\u00e7in CTRL+SHIFT+ENTER tu\u015flar\u0131n\u0131 kullanman\u0131za gerek olmayan dinamik bir dizi i\u015flevidir.<\/p><p> Boyutuna g\u00f6re bir aral\u0131ktaki yan\u0131t\u0131 otomatik olarak alacakt\u0131r. Bu nedenle, fonksiyona girdi\u011finiz alan\u0131n t\u00fcm e\u015fle\u015fmeleri sizin i\u00e7in alabilmeniz i\u00e7in yeterli alana sahip oldu\u011fundan emin olman\u0131z gerekir.<\/p><p> F\u0130LTRE i\u015flevi taraf\u0131ndan d\u00f6nd\u00fcr\u00fclen dizi taraf\u0131ndan kullan\u0131lmas\u0131 gereken aral\u0131\u011f\u0131n herhangi bir yerinde bir de\u011fere sahipseniz <a href=\"https:\/\/exceladvisor.org\/tr\/dokulme-hatasi\/\">#SPILL! Hata<\/a> . <\/p><div class=\"wp-block-image\"><figure class=\"aligncenter size-full is-resized\"><img loading=\"lazy\" decoding=\"async\" class=\"wp-image-85883\" src=\"https:\/\/exceladvisor.org\/wp-content\/uploads\/2023\/08\/7-filtre-est-une-fonction-dynamique.png\" sizes=\"auto, \" srcset=\"\" alt=\"filtre dinamik bir fonksiyondur\" width=\"722\" height=\"314\"><\/figure><\/div><div class=\"wp-block-group download-box is-layout-constrained\"><div class=\"wp-block-group__inner-container\"><h2 class=\"wp-block-heading\"> \u00d6rnek bir dosya indirin <\/h2><ul id=\"ub_styled_list-783c7262-bbc4-413a-8992-98444db87668\" class=\"ub_styled_list\"><li class=\"ub_styled_list_item\"> <a href=\"https:\/\/exceladvisor.org\/wp-content\/uploads\/2023\/08\/xlookup-toutes-les-correspondances.xlsx\" rel=\"nofollow\">Dosya \u00d6rne\u011fi<\/a><\/li><\/ul><\/div><\/div>","protected":false},"excerpt":{"rendered":"","protected":false},"author":1,"featured_media":0,"parent":0,"menu_order":0,"comment_status":"open","ping_status":"closed","template":"","meta":{"ub_ctt_via":"","footnotes":""},"class_list":["post-1727","page","type-page","status-publish","hentry"],"featured_image_src":null,"yoast_head":"<!-- This site is optimized with the Yoast SEO plugin v25.4 - https:\/\/yoast.com\/wordpress\/plugins\/seo\/ -->\n<title>XLOOKUP&#039;taki t\u00fcm e\u015fle\u015fmeleri d\u00f6nd\u00fcrebilir miyiz?<\/title>\n<meta name=\"description\" content=\"Bu e\u011fitim size XLOOKUP&#039;un t\u00fcm e\u015fle\u015fmeleri d\u00f6nd\u00fcr\u00fcp d\u00f6nd\u00fcremeyece\u011fini g\u00f6rmek i\u00e7in bir Excel form\u00fcl\u00fcn\u00fcn nas\u0131l yaz\u0131laca\u011f\u0131n\u0131 \u00f6\u011fretecektir.\" \/>\n<meta name=\"robots\" content=\"index, follow, max-snippet:-1, max-image-preview:large, max-video-preview:-1\" \/>\n<link rel=\"canonical\" href=\"https:\/\/exceladvisor.org\/tr\/xlookup-tum-maclar-2\/\" \/>\n<meta property=\"og:locale\" content=\"tr_TR\" \/>\n<meta property=\"og:type\" content=\"article\" \/>\n<meta property=\"og:title\" content=\"XLOOKUP&#039;taki t\u00fcm e\u015fle\u015fmeleri d\u00f6nd\u00fcrebilir miyiz?\" \/>\n<meta property=\"og:description\" content=\"Bu e\u011fitim size XLOOKUP&#039;un t\u00fcm e\u015fle\u015fmeleri d\u00f6nd\u00fcr\u00fcp d\u00f6nd\u00fcremeyece\u011fini g\u00f6rmek i\u00e7in bir Excel form\u00fcl\u00fcn\u00fcn nas\u0131l yaz\u0131laca\u011f\u0131n\u0131 \u00f6\u011fretecektir.\" \/>\n<meta property=\"og:url\" content=\"https:\/\/exceladvisor.org\/tr\/xlookup-tum-maclar-2\/\" \/>\n<meta property=\"og:site_name\" content=\"Excel Advisor\" \/>\n<meta property=\"article:modified_time\" content=\"2023-12-10T06:08:05+00:00\" \/>\n<meta property=\"og:image\" content=\"https:\/\/exceladvisor.org\/wp-content\/uploads\/2023\/08\/1-xlookup-renvoie-toutes-les-correspondances.png\" \/>\n<meta name=\"twitter:card\" content=\"summary_large_image\" \/>\n<meta name=\"twitter:label1\" content=\"Tahmini okuma s\u00fcresi\" \/>\n\t<meta name=\"twitter:data1\" content=\"1 dakika\" \/>\n<script type=\"application\/ld+json\" class=\"yoast-schema-graph\">{\"@context\":\"https:\/\/schema.org\",\"@graph\":[{\"@type\":\"WebPage\",\"@id\":\"https:\/\/exceladvisor.org\/tr\/xlookup-tum-maclar-2\/\",\"url\":\"https:\/\/exceladvisor.org\/tr\/xlookup-tum-maclar-2\/\",\"name\":\"XLOOKUP&#39;taki t\u00fcm e\u015fle\u015fmeleri d\u00f6nd\u00fcrebilir miyiz?\",\"isPartOf\":{\"@id\":\"https:\/\/exceladvisor.org\/tr\/#website\"},\"primaryImageOfPage\":{\"@id\":\"https:\/\/exceladvisor.org\/tr\/xlookup-tum-maclar-2\/#primaryimage\"},\"image\":{\"@id\":\"https:\/\/exceladvisor.org\/tr\/xlookup-tum-maclar-2\/#primaryimage\"},\"thumbnailUrl\":\"https:\/\/exceladvisor.org\/wp-content\/uploads\/2023\/08\/1-xlookup-renvoie-toutes-les-correspondances.png\",\"datePublished\":\"2023-11-08T22:28:31+00:00\",\"dateModified\":\"2023-12-10T06:08:05+00:00\",\"description\":\"Bu e\u011fitim size XLOOKUP&#39;un t\u00fcm e\u015fle\u015fmeleri d\u00f6nd\u00fcr\u00fcp d\u00f6nd\u00fcremeyece\u011fini g\u00f6rmek i\u00e7in bir Excel form\u00fcl\u00fcn\u00fcn nas\u0131l yaz\u0131laca\u011f\u0131n\u0131 \u00f6\u011fretecektir.\",\"breadcrumb\":{\"@id\":\"https:\/\/exceladvisor.org\/tr\/xlookup-tum-maclar-2\/#breadcrumb\"},\"inLanguage\":\"tr\",\"potentialAction\":[{\"@type\":\"ReadAction\",\"target\":[\"https:\/\/exceladvisor.org\/tr\/xlookup-tum-maclar-2\/\"]}]},{\"@type\":\"ImageObject\",\"inLanguage\":\"tr\",\"@id\":\"https:\/\/exceladvisor.org\/tr\/xlookup-tum-maclar-2\/#primaryimage\",\"url\":\"https:\/\/exceladvisor.org\/wp-content\/uploads\/2023\/08\/1-xlookup-renvoie-toutes-les-correspondances.png\",\"contentUrl\":\"https:\/\/exceladvisor.org\/wp-content\/uploads\/2023\/08\/1-xlookup-renvoie-toutes-les-correspondances.png\"},{\"@type\":\"BreadcrumbList\",\"@id\":\"https:\/\/exceladvisor.org\/tr\/xlookup-tum-maclar-2\/#breadcrumb\",\"itemListElement\":[{\"@type\":\"ListItem\",\"position\":1,\"name\":\"Ev\",\"item\":\"https:\/\/exceladvisor.org\/tr\/\"},{\"@type\":\"ListItem\",\"position\":2,\"name\":\"Xlookup&#39;taki t\u00fcm e\u015fle\u015fmeleri d\u00f6nd\u00fcrebilir miyiz?\"}]},{\"@type\":\"WebSite\",\"@id\":\"https:\/\/exceladvisor.org\/tr\/#website\",\"url\":\"https:\/\/exceladvisor.org\/tr\/\",\"name\":\"Excel Advisor\",\"description\":\"Veri hakimiyetine y\u00f6nelik nihai rehberiniz!\",\"publisher\":{\"@id\":\"https:\/\/exceladvisor.org\/tr\/#organization\"},\"potentialAction\":[{\"@type\":\"SearchAction\",\"target\":{\"@type\":\"EntryPoint\",\"urlTemplate\":\"https:\/\/exceladvisor.org\/tr\/?s={search_term_string}\"},\"query-input\":{\"@type\":\"PropertyValueSpecification\",\"valueRequired\":true,\"valueName\":\"search_term_string\"}}],\"inLanguage\":\"tr\"},{\"@type\":\"Organization\",\"@id\":\"https:\/\/exceladvisor.org\/tr\/#organization\",\"name\":\"Excel Advisor\",\"url\":\"https:\/\/exceladvisor.org\/tr\/\",\"logo\":{\"@type\":\"ImageObject\",\"inLanguage\":\"tr\",\"@id\":\"https:\/\/exceladvisor.org\/tr\/#\/schema\/logo\/image\/\",\"url\":\"https:\/\/exceladvisor.org\/tr\/wp-content\/uploads\/2023\/12\/exceladvisor.org_.png\",\"contentUrl\":\"https:\/\/exceladvisor.org\/tr\/wp-content\/uploads\/2023\/12\/exceladvisor.org_.png\",\"width\":105,\"height\":36,\"caption\":\"Excel Advisor\"},\"image\":{\"@id\":\"https:\/\/exceladvisor.org\/tr\/#\/schema\/logo\/image\/\"}}]}<\/script>\n<!-- \/ Yoast SEO plugin. -->","yoast_head_json":{"title":"XLOOKUP&#39;taki t\u00fcm e\u015fle\u015fmeleri d\u00f6nd\u00fcrebilir miyiz?","description":"Bu e\u011fitim size XLOOKUP&#39;un t\u00fcm e\u015fle\u015fmeleri d\u00f6nd\u00fcr\u00fcp d\u00f6nd\u00fcremeyece\u011fini g\u00f6rmek i\u00e7in bir Excel form\u00fcl\u00fcn\u00fcn nas\u0131l yaz\u0131laca\u011f\u0131n\u0131 \u00f6\u011fretecektir.","robots":{"index":"index","follow":"follow","max-snippet":"max-snippet:-1","max-image-preview":"max-image-preview:large","max-video-preview":"max-video-preview:-1"},"canonical":"https:\/\/exceladvisor.org\/tr\/xlookup-tum-maclar-2\/","og_locale":"tr_TR","og_type":"article","og_title":"XLOOKUP&#39;taki t\u00fcm e\u015fle\u015fmeleri d\u00f6nd\u00fcrebilir miyiz?","og_description":"Bu e\u011fitim size XLOOKUP&#39;un t\u00fcm e\u015fle\u015fmeleri d\u00f6nd\u00fcr\u00fcp d\u00f6nd\u00fcremeyece\u011fini g\u00f6rmek i\u00e7in bir Excel form\u00fcl\u00fcn\u00fcn nas\u0131l yaz\u0131laca\u011f\u0131n\u0131 \u00f6\u011fretecektir.","og_url":"https:\/\/exceladvisor.org\/tr\/xlookup-tum-maclar-2\/","og_site_name":"Excel Advisor","article_modified_time":"2023-12-10T06:08:05+00:00","og_image":[{"url":"https:\/\/exceladvisor.org\/wp-content\/uploads\/2023\/08\/1-xlookup-renvoie-toutes-les-correspondances.png","type":"","width":"","height":""}],"twitter_card":"summary_large_image","twitter_misc":{"Tahmini okuma s\u00fcresi":"1 dakika"},"schema":{"@context":"https:\/\/schema.org","@graph":[{"@type":"WebPage","@id":"https:\/\/exceladvisor.org\/tr\/xlookup-tum-maclar-2\/","url":"https:\/\/exceladvisor.org\/tr\/xlookup-tum-maclar-2\/","name":"XLOOKUP&#39;taki t\u00fcm e\u015fle\u015fmeleri d\u00f6nd\u00fcrebilir miyiz?","isPartOf":{"@id":"https:\/\/exceladvisor.org\/tr\/#website"},"primaryImageOfPage":{"@id":"https:\/\/exceladvisor.org\/tr\/xlookup-tum-maclar-2\/#primaryimage"},"image":{"@id":"https:\/\/exceladvisor.org\/tr\/xlookup-tum-maclar-2\/#primaryimage"},"thumbnailUrl":"https:\/\/exceladvisor.org\/wp-content\/uploads\/2023\/08\/1-xlookup-renvoie-toutes-les-correspondances.png","datePublished":"2023-11-08T22:28:31+00:00","dateModified":"2023-12-10T06:08:05+00:00","description":"Bu e\u011fitim size XLOOKUP&#39;un t\u00fcm e\u015fle\u015fmeleri d\u00f6nd\u00fcr\u00fcp d\u00f6nd\u00fcremeyece\u011fini g\u00f6rmek i\u00e7in bir Excel form\u00fcl\u00fcn\u00fcn nas\u0131l yaz\u0131laca\u011f\u0131n\u0131 \u00f6\u011fretecektir.","breadcrumb":{"@id":"https:\/\/exceladvisor.org\/tr\/xlookup-tum-maclar-2\/#breadcrumb"},"inLanguage":"tr","potentialAction":[{"@type":"ReadAction","target":["https:\/\/exceladvisor.org\/tr\/xlookup-tum-maclar-2\/"]}]},{"@type":"ImageObject","inLanguage":"tr","@id":"https:\/\/exceladvisor.org\/tr\/xlookup-tum-maclar-2\/#primaryimage","url":"https:\/\/exceladvisor.org\/wp-content\/uploads\/2023\/08\/1-xlookup-renvoie-toutes-les-correspondances.png","contentUrl":"https:\/\/exceladvisor.org\/wp-content\/uploads\/2023\/08\/1-xlookup-renvoie-toutes-les-correspondances.png"},{"@type":"BreadcrumbList","@id":"https:\/\/exceladvisor.org\/tr\/xlookup-tum-maclar-2\/#breadcrumb","itemListElement":[{"@type":"ListItem","position":1,"name":"Ev","item":"https:\/\/exceladvisor.org\/tr\/"},{"@type":"ListItem","position":2,"name":"Xlookup&#39;taki t\u00fcm e\u015fle\u015fmeleri d\u00f6nd\u00fcrebilir miyiz?"}]},{"@type":"WebSite","@id":"https:\/\/exceladvisor.org\/tr\/#website","url":"https:\/\/exceladvisor.org\/tr\/","name":"Excel Advisor","description":"Veri hakimiyetine y\u00f6nelik nihai rehberiniz!","publisher":{"@id":"https:\/\/exceladvisor.org\/tr\/#organization"},"potentialAction":[{"@type":"SearchAction","target":{"@type":"EntryPoint","urlTemplate":"https:\/\/exceladvisor.org\/tr\/?s={search_term_string}"},"query-input":{"@type":"PropertyValueSpecification","valueRequired":true,"valueName":"search_term_string"}}],"inLanguage":"tr"},{"@type":"Organization","@id":"https:\/\/exceladvisor.org\/tr\/#organization","name":"Excel Advisor","url":"https:\/\/exceladvisor.org\/tr\/","logo":{"@type":"ImageObject","inLanguage":"tr","@id":"https:\/\/exceladvisor.org\/tr\/#\/schema\/logo\/image\/","url":"https:\/\/exceladvisor.org\/tr\/wp-content\/uploads\/2023\/12\/exceladvisor.org_.png","contentUrl":"https:\/\/exceladvisor.org\/tr\/wp-content\/uploads\/2023\/12\/exceladvisor.org_.png","width":105,"height":36,"caption":"Excel Advisor"},"image":{"@id":"https:\/\/exceladvisor.org\/tr\/#\/schema\/logo\/image\/"}}]}},"yoast_meta":{"yoast_wpseo_title":"","yoast_wpseo_metadesc":"","yoast_wpseo_canonical":""},"_links":{"self":[{"href":"https:\/\/exceladvisor.org\/tr\/wp-json\/wp\/v2\/pages\/1727","targetHints":{"allow":["GET"]}}],"collection":[{"href":"https:\/\/exceladvisor.org\/tr\/wp-json\/wp\/v2\/pages"}],"about":[{"href":"https:\/\/exceladvisor.org\/tr\/wp-json\/wp\/v2\/types\/page"}],"author":[{"embeddable":true,"href":"https:\/\/exceladvisor.org\/tr\/wp-json\/wp\/v2\/users\/1"}],"replies":[{"embeddable":true,"href":"https:\/\/exceladvisor.org\/tr\/wp-json\/wp\/v2\/comments?post=1727"}],"version-history":[{"count":1,"href":"https:\/\/exceladvisor.org\/tr\/wp-json\/wp\/v2\/pages\/1727\/revisions"}],"predecessor-version":[{"id":2968,"href":"https:\/\/exceladvisor.org\/tr\/wp-json\/wp\/v2\/pages\/1727\/revisions\/2968"}],"wp:attachment":[{"href":"https:\/\/exceladvisor.org\/tr\/wp-json\/wp\/v2\/media?parent=1727"}],"curies":[{"name":"wp","href":"https:\/\/api.w.org\/{rel}","templated":true}]}}