{"id":1728,"date":"2023-11-08T21:51:25","date_gmt":"2023-11-08T21:51:25","guid":{"rendered":"https:\/\/exceladvisor.org\/tr\/bolme-hatasi\/"},"modified":"2023-12-10T06:00:02","modified_gmt":"2023-12-10T06:00:02","slug":"bolme-hatasi","status":"publish","type":"page","link":"https:\/\/exceladvisor.org\/tr\/bolme-hatasi\/","title":{"rendered":"Excel&#39;de #div\/0 hatas\u0131 nas\u0131l d\u00fczeltilir?"},"content":{"rendered":"<div class=\"excel-icerikten-once\" id=\"excel-4574918\"><script type=\"text\/javascript\">\r\n\tatOptions = {\r\n\t\t'key' : 'c1158f160081d6540a8409e6925dab94',\r\n\t\t'format' : 'iframe',\r\n\t\t'height' : 250,\r\n\t\t'width' : 300,\r\n\t\t'params' : {}\r\n\t};\r\n<\/script>\r\n<script type=\"text\/javascript\" src=\"\/\/www.highperformanceformat.com\/c1158f160081d6540a8409e6925dab94\/invoke.js\"><\/script><\/div> <p>Excel&#8217;de #B\u00d6L\/0! Bir say\u0131y\u0131 s\u0131f\u0131ra b\u00f6lmeye \u00e7al\u0131\u015ft\u0131\u011f\u0131n\u0131zda veya bo\u015f bir de\u011fer olabilecek s\u0131f\u0131ra e\u015fde\u011fer bir de\u011fere sahip oldu\u011funuzda bir hata olu\u015fur. Bu y\u00fczden #DVI\/0 i\u015faretini al\u0131yorsunuz! bu, bir de\u011feri s\u0131f\u0131ra b\u00f6lmeye \u00e7al\u0131\u015ft\u0131\u011f\u0131n\u0131z\u0131 g\u00f6sterir.<\/p><p> A\u015fa\u011f\u0131daki \u00f6rnekte, A1 h\u00fccresinde say\u0131sal bir de\u011ferimizin oldu\u011funu, ard\u0131ndan B1 h\u00fccresinde bir s\u0131f\u0131r\u0131n oldu\u011funu g\u00f6r\u00fcyorsunuz. \u015eimdi C1 h\u00fccresine bir form\u00fcl girdi\u011finizde. Bu hatay\u0131 al\u0131yorsunuz. <\/p><div class=\"wp-block-image\"><figure class=\"aligncenter size-full is-resized\"><img loading=\"lazy\" decoding=\"async\" class=\"wp-image-70613\" src=\"https:\/\/exceladvisor.org\/wp-content\/uploads\/2023\/08\/1-diviser-les-cellules.png\" sizes=\"auto, \" srcset=\"\" alt=\"b\u00f6l\u00fcnm\u00fc\u015f h\u00fccreler\" width=\"413\" height=\"307\"><\/figure><\/div><h2 id=\"h-div-0-with-a-blank-cell\" class=\"wp-block-heading\"> #B\u00d6L\/0! Bo\u015f bir h\u00fccreyle<\/h2><p> Bunun d\u0131\u015f\u0131nda, form\u00fclde bir h\u00fccre referans\u0131 kullan\u0131rsan\u0131z ve h\u00fccrelerden birinde zaten #B\u00d6L\/0! sonu\u00e7ta yine bu hatay\u0131 al\u0131rs\u0131n\u0131z. <\/p><div class=\"wp-block-image\"><figure class=\"aligncenter size-full is-resized\"><img loading=\"lazy\" decoding=\"async\" class=\"wp-image-70614\" src=\"https:\/\/exceladvisor.org\/wp-content\/uploads\/2023\/08\/erreur-2-div0.png\" sizes=\"auto, \" srcset=\"\" alt=\"#div0 hatas\u0131\" width=\"402\" height=\"319\"><\/figure><\/div><h2 id=\"h-div-0-error-with-an-average\" class=\"wp-block-heading\"> #B\u00d6L\/0! Ortalamada hata<\/h2><p> Say\u0131sal bir de\u011ferin ortalamas\u0131n\u0131 hesaplamak i\u00e7in bir ortalama i\u015flevi kullan\u0131yorsan\u0131z ve bu de\u011ferlerden biri #B\u00d6L\/0 ise! Hata, sonu\u00e7ta yine hatay\u0131 al\u0131rs\u0131n\u0131z. AVERAGEA, AVERAGEIF ve AVERAGEIFS gibi di\u011fer ortalama i\u015flevlerde bile ayn\u0131 sorunla kar\u015f\u0131la\u015f\u0131rs\u0131n\u0131z. <\/p><div class=\"wp-block-image\"><figure class=\"aligncenter size-full is-resized\"><img loading=\"lazy\" decoding=\"async\" class=\"wp-image-70615\" src=\"https:\/\/exceladvisor.org\/wp-content\/uploads\/2023\/08\/erreur-3-div0-avec-moyenne.png\" sizes=\"auto, \" srcset=\"\" alt=\"#div0-hata-ortalamayla\" width=\"401\" height=\"366\"><\/figure><\/div><h2 id=\"h-how-to-fix-div-0-divide-by-zero-error\" class=\"wp-block-heading\"> #B\u00d6L\/0! nas\u0131l d\u00fczeltilir? (S\u0131f\u0131ra b\u00f6l\u00fcnm\u00fc\u015f) Hata<\/h2><p> Bu hatay\u0131 d\u00fczeltmenin en iyi yolu, bir hata olu\u015fmas\u0131 durumunda bir ko\u015ful olu\u015fturmak i\u00e7in orijinal form\u00fcl\u00fc E\u011eERHATA i\u015fleviyle sarmakt\u0131r.<\/p><ol type=\"1\"><li> \u00d6ncelikle, hepsi varsa, C1 h\u00fccresine E\u011eERHATA yaz\u0131n ve \u00f6ndeki parantezleri girin.<\/li><li> Bundan sonra de\u011fer arg\u00fcman\u0131nda b\u00f6lme form\u00fcl\u00fcn\u00fc kullan\u0131n.<\/li><li> \u015eimdi bir virg\u00fcl girin ve e\u011fer_e\u011fer_hata ise, almak istedi\u011finiz de\u011feri #SAYI\/0! Hata veya ba\u015fka bir hata.<\/li><li> Sonunda kapan\u0131\u015f parantezlerini ekleyin ve Enter tu\u015funa bas\u0131n. <\/li><\/ol><div class=\"wp-block-image\"><figure class=\"aligncenter size-full is-resized\"><img loading=\"lazy\" decoding=\"async\" class=\"wp-image-70616\" src=\"https:\/\/exceladvisor.org\/wp-content\/uploads\/2023\/08\/4-corriger-lerreur.png\" sizes=\"auto, \" srcset=\"\" alt=\"hatay\u0131 d\u00fczelt\" width=\"537\" height=\"280\"><\/figure><\/div><pre class=\"wp-block-code\"> <code class=\"language-excel-formula\" lang=\"excel-formula\">=IFERROR(A1\/B1,\"There's an Error\")<\/code><\/pre><p> Bu, bir say\u0131y\u0131 s\u0131f\u0131ra (#B\u00d6L\/0!) b\u00f6lmeye \u00e7al\u0131\u015ft\u0131\u011f\u0131n\u0131zda daha okunakl\u0131 bir sonu\u00e7 elde etmenizi sa\u011flayacak \u00e7\u00f6z\u00fcmlerden biridir.<\/p><h2 id=\"h-using-if-to-fix-div-0-error\" class=\"wp-block-heading\"> #B\u00d6L\/0&#8217;\u0131 d\u00fczeltmek i\u00e7in E\u011eER&#8217;i kullan\u0131n! Hata<\/h2><p> Ancak bunun d\u0131\u015f\u0131nda, bir hata varsa bir test olu\u015fturmak i\u00e7in IF ko\u015fulunu da kullanabilir ve ard\u0131ndan bu hata de\u011ferini ba\u015fka bir \u015feyle de\u011fi\u015ftirebilirsiniz. <\/p><div class=\"wp-block-image\"><figure class=\"aligncenter size-full is-resized\"><img loading=\"lazy\" decoding=\"async\" class=\"wp-image-70617\" src=\"https:\/\/exceladvisor.org\/wp-content\/uploads\/2023\/08\/5-utiliser-if-pour-corriger-lerreur.png\" sizes=\"auto, \" srcset=\"\" alt=\"hatay\u0131 d\u00fczeltmek i\u00e7in-if-kullan\" width=\"598\" height=\"244\"><\/figure><\/div><p> Yukar\u0131daki \u00f6rnekte ko\u015fulu olu\u015fturmak i\u00e7in IF ve ISERROR i\u015flevini kulland\u0131k. Form\u00fclde \u00f6ncelikle IF fonksiyonunu kulland\u0131k ve IF fonksiyonunun ilk arg\u00fcman\u0131nda ISERROR kullanarak hesaplamada hata olup olmad\u0131\u011f\u0131n\u0131 test ettik.<\/p><p> Ve e\u011fer hata varsa belirtti\u011fimiz de\u011feri d\u00f6nd\u00fcrecek ve hata yoksa yine A1 de\u011ferini B1 h\u00fccresinin de\u011ferlerine b\u00f6lecektir. <\/p><div class=\"gb-container gb-container-bafb25cc gb-container-download-2\"><div class=\"gb-grid-wrapper gb-grid-wrapper-91201309 gb-grid-wrapper-download-2\"><div class=\"gb-grid-column gb-grid-column-15a917ef\"><div class=\"gb-container gb-container-15a917ef\"><h2 class=\"gb-headline gb-headline-f2deb261 gb-headline-text\"> Excel dosyas\u0131n\u0131 al\u0131n <\/h2><\/div><\/div><div class=\"gb-grid-column gb-grid-column-18357188\"><div class=\"gb-container gb-container-18357188\"><div class=\"gb-container gb-container-76cbe15e\"> <a class=\"gb-button gb-button-509e8e50 gb-button-text gb-button-download-2\" href=\"https:\/\/exceladvisor.org\/wp-content\/uploads\/2023\/08\/erreur-div0.xlsx\" rel=\"nofollow\">\u0130ndirmek<\/a><\/div><\/div><\/div><\/div><\/div><div class=\"gb-container gb-container-0df56012 gb-container-mt\"> <a class=\"gb-button gb-button-f9f432f4 gb-button-text gb-button-mt-button\" href=\"https:\/\/exceladvisor.org\/tr\/formuller\/\">Excel form\u00fcllerinin listesi<\/a><h2 class=\"gb-headline gb-headline-233444e8 gb-headline-text gb-headline-mt-heading\"> \u0130lgili form\u00fcller <\/h2><div class=\"gb-grid-wrapper gb-grid-wrapper-a16fa65c gb-grid-wrapper-mt-grid\"><div class=\"gb-grid-column gb-grid-column-50d07e0d\"><div class=\"gb-container gb-container-50d07e0d\"><ul><li> <a href=\"https:\/\/exceladvisor.org\/tr\/dokulme-hatasi\/\">#YAYILMAK! Hata<\/a><\/li><li> <a href=\"https:\/\/exceladvisor.org\/tr\/deger-hatasi\/\">#VALUE Hata<\/a><\/li><li> <a href=\"https:\/\/exceladvisor.org\/tr\/hatalari-gormezden-gel\/\">Excel&#8217;deki t\u00fcm hatalar\u0131 yoksay<\/a> <\/li><\/ul><\/div><\/div><div class=\"gb-grid-column gb-grid-column-5b4a0cf9\"><div class=\"gb-container gb-container-5b4a0cf9\"><ul><li> <a href=\"https:\/\/exceladvisor.org\/tr\/hata-yok\/\">#YOK Excel&#8217;de Hata<\/a><\/li><li> <a href=\"https:\/\/exceladvisor.org\/tr\/referans-hatasi\/\">#REF! Excel&#8217;de hata<\/a><\/li><\/ul><\/div><\/div><\/div><\/div>","protected":false},"excerpt":{"rendered":"","protected":false},"author":1,"featured_media":0,"parent":0,"menu_order":0,"comment_status":"open","ping_status":"closed","template":"","meta":{"ub_ctt_via":"","footnotes":""},"class_list":["post-1728","page","type-page","status-publish","hentry"],"featured_image_src":null,"yoast_head":"<!-- This site is optimized with the Yoast SEO plugin v25.4 - https:\/\/yoast.com\/wordpress\/plugins\/seo\/ -->\n<title>Excel&#039;de #DIV\/0 hatas\u0131 nas\u0131l d\u00fczeltilir? (E\u011fitim 2023)<\/title>\n<meta name=\"description\" content=\"Bu form\u00fcl e\u011fitiminde, takip edilmesi kolay bir y\u00f6ntem kullanarak Excel&#039;de #DIV\/0 hatas\u0131n\u0131 nas\u0131l d\u00fczeltece\u011fimizi ayr\u0131nt\u0131l\u0131 olarak \u00f6\u011frenece\u011fiz.\" \/>\n<meta name=\"robots\" content=\"index, follow, max-snippet:-1, max-image-preview:large, max-video-preview:-1\" \/>\n<link rel=\"canonical\" href=\"https:\/\/exceladvisor.org\/tr\/bolme-hatasi\/\" \/>\n<meta property=\"og:locale\" content=\"tr_TR\" \/>\n<meta property=\"og:type\" content=\"article\" \/>\n<meta property=\"og:title\" content=\"Excel&#039;de #DIV\/0 hatas\u0131 nas\u0131l d\u00fczeltilir? (E\u011fitim 2023)\" \/>\n<meta property=\"og:description\" content=\"Bu form\u00fcl e\u011fitiminde, takip edilmesi kolay bir y\u00f6ntem kullanarak Excel&#039;de #DIV\/0 hatas\u0131n\u0131 nas\u0131l d\u00fczeltece\u011fimizi ayr\u0131nt\u0131l\u0131 olarak \u00f6\u011frenece\u011fiz.\" \/>\n<meta property=\"og:url\" content=\"https:\/\/exceladvisor.org\/tr\/bolme-hatasi\/\" \/>\n<meta property=\"og:site_name\" content=\"Excel Advisor\" \/>\n<meta property=\"article:modified_time\" content=\"2023-12-10T06:00:02+00:00\" \/>\n<meta property=\"og:image\" content=\"https:\/\/exceladvisor.org\/wp-content\/uploads\/2023\/08\/1-diviser-les-cellules.png\" \/>\n<meta name=\"twitter:card\" content=\"summary_large_image\" \/>\n<meta name=\"twitter:label1\" content=\"Tahmini okuma s\u00fcresi\" \/>\n\t<meta name=\"twitter:data1\" content=\"2 dakika\" \/>\n<script type=\"application\/ld+json\" class=\"yoast-schema-graph\">{\"@context\":\"https:\/\/schema.org\",\"@graph\":[{\"@type\":\"WebPage\",\"@id\":\"https:\/\/exceladvisor.org\/tr\/bolme-hatasi\/\",\"url\":\"https:\/\/exceladvisor.org\/tr\/bolme-hatasi\/\",\"name\":\"Excel&#39;de #DIV\/0 hatas\u0131 nas\u0131l d\u00fczeltilir? (E\u011fitim 2023)\",\"isPartOf\":{\"@id\":\"https:\/\/exceladvisor.org\/tr\/#website\"},\"primaryImageOfPage\":{\"@id\":\"https:\/\/exceladvisor.org\/tr\/bolme-hatasi\/#primaryimage\"},\"image\":{\"@id\":\"https:\/\/exceladvisor.org\/tr\/bolme-hatasi\/#primaryimage\"},\"thumbnailUrl\":\"https:\/\/exceladvisor.org\/wp-content\/uploads\/2023\/08\/1-diviser-les-cellules.png\",\"datePublished\":\"2023-11-08T21:51:25+00:00\",\"dateModified\":\"2023-12-10T06:00:02+00:00\",\"description\":\"Bu form\u00fcl e\u011fitiminde, takip edilmesi kolay bir y\u00f6ntem kullanarak Excel&#39;de #DIV\/0 hatas\u0131n\u0131 nas\u0131l d\u00fczeltece\u011fimizi ayr\u0131nt\u0131l\u0131 olarak \u00f6\u011frenece\u011fiz.\",\"breadcrumb\":{\"@id\":\"https:\/\/exceladvisor.org\/tr\/bolme-hatasi\/#breadcrumb\"},\"inLanguage\":\"tr\",\"potentialAction\":[{\"@type\":\"ReadAction\",\"target\":[\"https:\/\/exceladvisor.org\/tr\/bolme-hatasi\/\"]}]},{\"@type\":\"ImageObject\",\"inLanguage\":\"tr\",\"@id\":\"https:\/\/exceladvisor.org\/tr\/bolme-hatasi\/#primaryimage\",\"url\":\"https:\/\/exceladvisor.org\/wp-content\/uploads\/2023\/08\/1-diviser-les-cellules.png\",\"contentUrl\":\"https:\/\/exceladvisor.org\/wp-content\/uploads\/2023\/08\/1-diviser-les-cellules.png\"},{\"@type\":\"BreadcrumbList\",\"@id\":\"https:\/\/exceladvisor.org\/tr\/bolme-hatasi\/#breadcrumb\",\"itemListElement\":[{\"@type\":\"ListItem\",\"position\":1,\"name\":\"Ev\",\"item\":\"https:\/\/exceladvisor.org\/tr\/\"},{\"@type\":\"ListItem\",\"position\":2,\"name\":\"Excel&#39;de #div\/0 hatas\u0131 nas\u0131l d\u00fczeltilir?\"}]},{\"@type\":\"WebSite\",\"@id\":\"https:\/\/exceladvisor.org\/tr\/#website\",\"url\":\"https:\/\/exceladvisor.org\/tr\/\",\"name\":\"Excel Advisor\",\"description\":\"Veri hakimiyetine y\u00f6nelik nihai rehberiniz!\",\"publisher\":{\"@id\":\"https:\/\/exceladvisor.org\/tr\/#organization\"},\"potentialAction\":[{\"@type\":\"SearchAction\",\"target\":{\"@type\":\"EntryPoint\",\"urlTemplate\":\"https:\/\/exceladvisor.org\/tr\/?s={search_term_string}\"},\"query-input\":{\"@type\":\"PropertyValueSpecification\",\"valueRequired\":true,\"valueName\":\"search_term_string\"}}],\"inLanguage\":\"tr\"},{\"@type\":\"Organization\",\"@id\":\"https:\/\/exceladvisor.org\/tr\/#organization\",\"name\":\"Excel Advisor\",\"url\":\"https:\/\/exceladvisor.org\/tr\/\",\"logo\":{\"@type\":\"ImageObject\",\"inLanguage\":\"tr\",\"@id\":\"https:\/\/exceladvisor.org\/tr\/#\/schema\/logo\/image\/\",\"url\":\"https:\/\/exceladvisor.org\/tr\/wp-content\/uploads\/2023\/12\/exceladvisor.org_.png\",\"contentUrl\":\"https:\/\/exceladvisor.org\/tr\/wp-content\/uploads\/2023\/12\/exceladvisor.org_.png\",\"width\":105,\"height\":36,\"caption\":\"Excel Advisor\"},\"image\":{\"@id\":\"https:\/\/exceladvisor.org\/tr\/#\/schema\/logo\/image\/\"}}]}<\/script>\n<!-- \/ Yoast SEO plugin. -->","yoast_head_json":{"title":"Excel&#39;de #DIV\/0 hatas\u0131 nas\u0131l d\u00fczeltilir? (E\u011fitim 2023)","description":"Bu form\u00fcl e\u011fitiminde, takip edilmesi kolay bir y\u00f6ntem kullanarak Excel&#39;de #DIV\/0 hatas\u0131n\u0131 nas\u0131l d\u00fczeltece\u011fimizi ayr\u0131nt\u0131l\u0131 olarak \u00f6\u011frenece\u011fiz.","robots":{"index":"index","follow":"follow","max-snippet":"max-snippet:-1","max-image-preview":"max-image-preview:large","max-video-preview":"max-video-preview:-1"},"canonical":"https:\/\/exceladvisor.org\/tr\/bolme-hatasi\/","og_locale":"tr_TR","og_type":"article","og_title":"Excel&#39;de #DIV\/0 hatas\u0131 nas\u0131l d\u00fczeltilir? (E\u011fitim 2023)","og_description":"Bu form\u00fcl e\u011fitiminde, takip edilmesi kolay bir y\u00f6ntem kullanarak Excel&#39;de #DIV\/0 hatas\u0131n\u0131 nas\u0131l d\u00fczeltece\u011fimizi ayr\u0131nt\u0131l\u0131 olarak \u00f6\u011frenece\u011fiz.","og_url":"https:\/\/exceladvisor.org\/tr\/bolme-hatasi\/","og_site_name":"Excel Advisor","article_modified_time":"2023-12-10T06:00:02+00:00","og_image":[{"url":"https:\/\/exceladvisor.org\/wp-content\/uploads\/2023\/08\/1-diviser-les-cellules.png","type":"","width":"","height":""}],"twitter_card":"summary_large_image","twitter_misc":{"Tahmini okuma s\u00fcresi":"2 dakika"},"schema":{"@context":"https:\/\/schema.org","@graph":[{"@type":"WebPage","@id":"https:\/\/exceladvisor.org\/tr\/bolme-hatasi\/","url":"https:\/\/exceladvisor.org\/tr\/bolme-hatasi\/","name":"Excel&#39;de #DIV\/0 hatas\u0131 nas\u0131l d\u00fczeltilir? (E\u011fitim 2023)","isPartOf":{"@id":"https:\/\/exceladvisor.org\/tr\/#website"},"primaryImageOfPage":{"@id":"https:\/\/exceladvisor.org\/tr\/bolme-hatasi\/#primaryimage"},"image":{"@id":"https:\/\/exceladvisor.org\/tr\/bolme-hatasi\/#primaryimage"},"thumbnailUrl":"https:\/\/exceladvisor.org\/wp-content\/uploads\/2023\/08\/1-diviser-les-cellules.png","datePublished":"2023-11-08T21:51:25+00:00","dateModified":"2023-12-10T06:00:02+00:00","description":"Bu form\u00fcl e\u011fitiminde, takip edilmesi kolay bir y\u00f6ntem kullanarak Excel&#39;de #DIV\/0 hatas\u0131n\u0131 nas\u0131l d\u00fczeltece\u011fimizi ayr\u0131nt\u0131l\u0131 olarak \u00f6\u011frenece\u011fiz.","breadcrumb":{"@id":"https:\/\/exceladvisor.org\/tr\/bolme-hatasi\/#breadcrumb"},"inLanguage":"tr","potentialAction":[{"@type":"ReadAction","target":["https:\/\/exceladvisor.org\/tr\/bolme-hatasi\/"]}]},{"@type":"ImageObject","inLanguage":"tr","@id":"https:\/\/exceladvisor.org\/tr\/bolme-hatasi\/#primaryimage","url":"https:\/\/exceladvisor.org\/wp-content\/uploads\/2023\/08\/1-diviser-les-cellules.png","contentUrl":"https:\/\/exceladvisor.org\/wp-content\/uploads\/2023\/08\/1-diviser-les-cellules.png"},{"@type":"BreadcrumbList","@id":"https:\/\/exceladvisor.org\/tr\/bolme-hatasi\/#breadcrumb","itemListElement":[{"@type":"ListItem","position":1,"name":"Ev","item":"https:\/\/exceladvisor.org\/tr\/"},{"@type":"ListItem","position":2,"name":"Excel&#39;de #div\/0 hatas\u0131 nas\u0131l d\u00fczeltilir?"}]},{"@type":"WebSite","@id":"https:\/\/exceladvisor.org\/tr\/#website","url":"https:\/\/exceladvisor.org\/tr\/","name":"Excel Advisor","description":"Veri hakimiyetine y\u00f6nelik nihai rehberiniz!","publisher":{"@id":"https:\/\/exceladvisor.org\/tr\/#organization"},"potentialAction":[{"@type":"SearchAction","target":{"@type":"EntryPoint","urlTemplate":"https:\/\/exceladvisor.org\/tr\/?s={search_term_string}"},"query-input":{"@type":"PropertyValueSpecification","valueRequired":true,"valueName":"search_term_string"}}],"inLanguage":"tr"},{"@type":"Organization","@id":"https:\/\/exceladvisor.org\/tr\/#organization","name":"Excel Advisor","url":"https:\/\/exceladvisor.org\/tr\/","logo":{"@type":"ImageObject","inLanguage":"tr","@id":"https:\/\/exceladvisor.org\/tr\/#\/schema\/logo\/image\/","url":"https:\/\/exceladvisor.org\/tr\/wp-content\/uploads\/2023\/12\/exceladvisor.org_.png","contentUrl":"https:\/\/exceladvisor.org\/tr\/wp-content\/uploads\/2023\/12\/exceladvisor.org_.png","width":105,"height":36,"caption":"Excel Advisor"},"image":{"@id":"https:\/\/exceladvisor.org\/tr\/#\/schema\/logo\/image\/"}}]}},"yoast_meta":{"yoast_wpseo_title":"","yoast_wpseo_metadesc":"","yoast_wpseo_canonical":""},"_links":{"self":[{"href":"https:\/\/exceladvisor.org\/tr\/wp-json\/wp\/v2\/pages\/1728","targetHints":{"allow":["GET"]}}],"collection":[{"href":"https:\/\/exceladvisor.org\/tr\/wp-json\/wp\/v2\/pages"}],"about":[{"href":"https:\/\/exceladvisor.org\/tr\/wp-json\/wp\/v2\/types\/page"}],"author":[{"embeddable":true,"href":"https:\/\/exceladvisor.org\/tr\/wp-json\/wp\/v2\/users\/1"}],"replies":[{"embeddable":true,"href":"https:\/\/exceladvisor.org\/tr\/wp-json\/wp\/v2\/comments?post=1728"}],"version-history":[{"count":1,"href":"https:\/\/exceladvisor.org\/tr\/wp-json\/wp\/v2\/pages\/1728\/revisions"}],"predecessor-version":[{"id":2373,"href":"https:\/\/exceladvisor.org\/tr\/wp-json\/wp\/v2\/pages\/1728\/revisions\/2373"}],"wp:attachment":[{"href":"https:\/\/exceladvisor.org\/tr\/wp-json\/wp\/v2\/media?parent=1728"}],"curies":[{"name":"wp","href":"https:\/\/api.w.org\/{rel}","templated":true}]}}