{"id":1729,"date":"2023-11-08T21:48:39","date_gmt":"2023-11-08T21:48:39","guid":{"rendered":"https:\/\/exceladvisor.org\/tr\/cumle-durumu\/"},"modified":"2023-12-10T06:00:26","modified_gmt":"2023-12-10T06:00:26","slug":"cumle-durumu","status":"publish","type":"page","link":"https:\/\/exceladvisor.org\/tr\/cumle-durumu\/","title":{"rendered":"Excel&#39;de bir c\u00fcmlenin b\u00fcy\u00fck\/k\u00fc\u00e7\u00fck harf durumu nas\u0131l de\u011fi\u015ftirilir?"},"content":{"rendered":"<div class=\"excel-icerikten-once\" id=\"excel-2305587455\"><script type=\"text\/javascript\">\r\n\tatOptions = {\r\n\t\t'key' : 'c1158f160081d6540a8409e6925dab94',\r\n\t\t'format' : 'iframe',\r\n\t\t'height' : 250,\r\n\t\t'width' : 300,\r\n\t\t'params' : {}\r\n\t};\r\n<\/script>\r\n<script type=\"text\/javascript\" src=\"\/\/www.highperformanceformat.com\/c1158f160081d6540a8409e6925dab94\/invoke.js\"><\/script><\/div> <p>Excel&#8217;de metni bir durumdan di\u011ferine d\u00f6n\u00fc\u015ft\u00fcrmek i\u00e7in \u00fc\u00e7 \u00f6zel i\u015flevimiz vard\u0131r. Herhangi bir fonksiyonumuzun veya ba\u015fka se\u00e7ene\u011fimizin olmad\u0131\u011f\u0131 ba\u015fka bir durum daha var.<\/p><p> Bu \u21e2 <strong>Durum C\u00fcmlesidir<\/strong><\/p><h2 class=\"wp-block-heading\"> <strong>Ceza davas\u0131 nedir?<\/strong><\/h2><p> C\u00fcmle halinde ise c\u00fcmlenin tamam\u0131 i\u00e7in ilk kelimenin ilk harfi b\u00fcy\u00fck, ilk kelimenin geri kalan harfleri ve di\u011fer t\u00fcm kelimeler k\u00fc\u00e7\u00fck harfle yaz\u0131lmal\u0131d\u0131r. <\/p><div class=\"wp-block-image\"><figure class=\"aligncenter\"><img decoding=\"async\" src=\"https:\/\/exceladvisor.org\/wp-content\/uploads\/2023\/08\/le-cas-de-la-phrase-dans-Excel-est-different-des-autres-cas-1.png\" sizes=\"\" srcset=\"\" alt=\"Excel'deki c\u00fcmle durumu di\u011fer durumlardan farkl\u0131d\u0131r\"><\/figure><\/div><p> \u015eimdi olay \u015fu ki. \u00d6zel bir i\u015flevimiz veya se\u00e7ene\u011fimiz yoksa normal metni Excel&#8217;de c\u00fcmle durumuna nas\u0131l d\u00f6n\u00fc\u015ft\u00fcrebiliriz?<\/p><p> Cevap basit. Di\u011fer metin fonksiyonlar\u0131n\u0131 birle\u015ftirerek form\u00fcl olu\u015fturabiliriz. O y\u00fczden bug\u00fcn bu yaz\u0131mda Excel&#8217;de normal durumu c\u00fcmle b\u00fcy\u00fckl\u00fc\u011f\u00fcne d\u00f6n\u00fc\u015ft\u00fcrmek i\u00e7in kullanabilece\u011finiz basit bir form\u00fcl\u00fc sizlerle payla\u015fmak istiyorum.<\/p><p> Devam edelim ve takip etmek i\u00e7in <a href=\"https:\/\/exceladvisor.org\/wp-content\/uploads\/2023\/11\/phrase-cas-2.xlsx\" rel=\"nofollow\">bu dosyay\u0131 buradan indirelim<\/a> .<\/p><h2 id=\"convert-to-sentence-case-in-excel\" class=\"wp-block-heading\"> Excel&#8217;de c\u00fcmle bi\u00e7imine d\u00f6n\u00fc\u015ft\u00fcrme<\/h2><p> C\u00fcmle durumlar\u0131 i\u00e7in form\u00fcl olu\u015fturmak i\u00e7in be\u015f farkl\u0131 metin i\u015flevini kullanmam\u0131z gerekir. Metninizi A1 h\u00fccresine b\u0131rak\u0131n, ard\u0131ndan form\u00fcl \u015f\u00f6yle olacakt\u0131r:<\/p><pre class=\"wp-block-code\"> <code class=\"language-excel-formula\" lang=\"excel-formula\">=UPPER(LEFT(A1,1))&amp;LOWER(RIGHT(A1,LEN(A1)-1))<\/code><\/pre><h3 id=\"how-it-works\" class=\"wp-block-heading\"> Nas\u0131l \u00e7al\u0131\u015f\u0131r<\/h3><p> Bu form\u00fcl\u00fc anlamak i\u00e7in onu iki k\u0131sma ay\u0131rmam\u0131z gerekiyor. <\/p><div class=\"wp-block-image\"><figure class=\"aligncenter\"><img decoding=\"async\" src=\"https:\/\/exceladvisor.org\/wp-content\/uploads\/2023\/08\/formule-pour-convertir-le-cas-de-la-phrase-dans-excel-1.png\" sizes=\"\" srcset=\"\" alt=\"\"><\/figure><\/div><p> \u0130lk b\u00f6l\u00fcmde, left i\u015flevi ilk karakteri d\u00f6nd\u00fcr\u00fcr, ard\u0131ndan Upper i\u015flevi onu b\u00fcy\u00fck harfe d\u00f6n\u00fc\u015ft\u00fcr\u00fcr. <\/p><div class=\"wp-block-image\"><figure class=\"aligncenter\"><img decoding=\"async\" src=\"https:\/\/exceladvisor.org\/wp-content\/uploads\/2023\/08\/formule-pour-convertir-le-cas-de-la-phrase-dans-excel-partie-1-1.png\" sizes=\"\" srcset=\"\" alt=\"\"><\/figure><\/div><p> \u0130kinci b\u00f6l\u00fcmde metnin geri kalan\u0131n\u0131 k\u00fc\u00e7\u00fck harfe \u00e7evirece\u011fiz \u00e7\u00fcnk\u00fc c\u00fcmlenin b\u00fcy\u00fck hali i\u00e7in geri kalan harflerin k\u00fc\u00e7\u00fck harfe \u00e7evrilmesi gerekiyor. <\/p><div class=\"wp-block-image\"><figure class=\"aligncenter\"><img decoding=\"async\" src=\"https:\/\/exceladvisor.org\/wp-content\/uploads\/2023\/08\/formule-pour-convertir-le-cas-de-la-phrase-dans-excel-partie-2-1.png\" sizes=\"\" srcset=\"\" alt=\"\"><\/figure><\/div><p> Ve son olarak, bu kombinasyon metni c\u00fcmle halinde d\u00f6nd\u00fcr\u00fcr. <\/p><div class=\"wp-block-image\"><figure class=\"aligncenter\"><img decoding=\"async\" src=\"https:\/\/exceladvisor.org\/wp-content\/uploads\/2023\/08\/formule-pour-convertir-le-cas-de-la-phrase-dans-excel-partie-3-1.png\" sizes=\"\" srcset=\"\" alt=\"\"><\/figure><\/div><p> Evet, bu o.<\/p><h2 id=\"convert-to-sentence-case-for-more-than-one-sentence\" class=\"wp-block-heading\"> Birden fazla c\u00fcmle i\u00e7in c\u00fcmle durumuna d\u00f6n\u00fc\u015ft\u00fcr\u00fcn<\/h2><p> Yukar\u0131da \u00f6\u011frendi\u011fimiz form\u00fcl\u00fcn uygulanmas\u0131 basit ve kolayd\u0131r. Peki, senin de akl\u0131nda benim \u015fu anda sahip oldu\u011fum d\u00fc\u015f\u00fcncenin ayn\u0131s\u0131 var m\u0131?<\/p><p> Bir h\u00fccrede birden fazla c\u00fcmle varsa ne yapaca\u011f\u0131z? Bu \u00e7ok \u00e7\u0131lg\u0131nca: Ve biliyorsunuz, yukar\u0131daki durumda form\u00fcl i\u015fe yaramaz, onu kullanamay\u0131z.<\/p><p> Birden fazla c\u00fcmlemiz oldu\u011funda metni c\u00fcmle durumuna d\u00f6n\u00fc\u015ft\u00fcrebilecek farkl\u0131 bir form\u00fcle ihtiyac\u0131m\u0131z var. <\/p><pre class=\"wp-block-code\"> <code class=\"language-excel-formula\" lang=\"excel-formula\">=SUBSTITUTE(SUBSTITUTE(PROPER(SUBSTITUTE(SUBSTITUTE(LOWER(C12),\". \",\"9z9\"),\" \",\"zxz\")),\"9Z9\",\". \"),\"zxz\",\" \")<\/code><\/pre><div class=\"wp-block-image\"><figure class=\"aligncenter size-full\"><img decoding=\"async\" class=\"wp-image-14007\" src=\"https:\/\/exceladvisor.org\/wp-content\/uploads\/2023\/08\/cas-de-phrase-dans-excel-plusieurs-textes-1.png\" sizes=\"\" srcset=\"\" alt=\"Excel'de-\u00e7oklu-metinde b\u00fcy\u00fck\/k\u00fc\u00e7\u00fck harf c\u00fcmlesi\"><\/figure><\/div><h3 id=\"how-it-works\" class=\"wp-block-heading\"> Nas\u0131l \u00e7al\u0131\u015f\u0131r<\/h3><p> Peki bu form\u00fcl\u00fcn nas\u0131l \u00e7al\u0131\u015ft\u0131\u011f\u0131n\u0131 bilmek ister misiniz? SA\u011e?<\/p><p> O halde sinirlerine hakim olmal\u0131 ve bir dakika yan\u0131mda kalmal\u0131s\u0131n. Bu form\u00fcl\u00fc a\u015fa\u011f\u0131da yapt\u0131\u011f\u0131m gibi \u00fc\u00e7 farkl\u0131 par\u00e7aya b\u00f6lmemiz gerekiyor.<\/p><p> \u0130lk b\u00f6l\u00fcmde alt fonksiyon ve iki yerine koyma fonksiyonu ile metni k\u00fc\u00e7\u00fck harfe \u00e7evirerek kelimelerin i\u00e7indeki t\u00fcm bo\u015fluklar\u0131 &#8220;zxz&#8221;, iki c\u00fcmle aras\u0131ndaki bo\u015fluk ve noktay\u0131 da &#8220;9z9&#8221; ile de\u011fi\u015ftirdik. <\/p><div class=\"wp-block-image\"><figure class=\"aligncenter\"><img decoding=\"async\" src=\"https:\/\/exceladvisor.org\/wp-content\/uploads\/2023\/08\/cas-de-phrase-dans-excel-plusieurs-textes-partie-1-1.png\" sizes=\"\" srcset=\"\" alt=\"\"><\/figure><\/div><p> Bu noktada metnimizde bo\u015fluk yok.<\/p><p> \u015eimdiye kadar, \u00e7ok iyi.<\/p><p> \u0130kinci b\u00f6l\u00fcmde uygun fonksiyonu kullanarak metnin tamam\u0131n\u0131 uygun duruma d\u00f6n\u00fc\u015ft\u00fcrd\u00fck. <\/p><div class=\"wp-block-image\"><figure class=\"aligncenter\"><img decoding=\"async\" src=\"https:\/\/exceladvisor.org\/wp-content\/uploads\/2023\/08\/cas-de-phrase-dans-excel-partie-de-texte-multiple-2-2-1.png\" sizes=\"\" srcset=\"\" alt=\"\"><\/figure><\/div><p> \u00d6\u011frenmeniz gereken bir s\u0131r: Bir metni b\u00fcy\u00fck\/k\u00fc\u00e7\u00fck harfe d\u00f6n\u00fc\u015ft\u00fcrd\u00fc\u011f\u00fcn\u00fczde ve o metinde bir say\u0131 oldu\u011funda, i\u015flev o metni ayr\u0131 kelimeler olarak ele alacakt\u0131r. A\u015fa\u011f\u0131daki \u00f6rne\u011fe bak\u0131n. <\/p><div class=\"wp-block-image\"><figure class=\"aligncenter\"><img decoding=\"async\" src=\"https:\/\/exceladvisor.org\/wp-content\/uploads\/2023\/08\/cas-de-phrase-dans-excel-plusieurs-textes-1.png\" sizes=\"\" srcset=\"\" alt=\"\"><\/figure><\/div><p> \u00dc\u00e7\u00fcnc\u00fc b\u00f6l\u00fcmde &#8220;zxz&#8221;yi bo\u015flukla ve &#8220;9z9&#8243;u nokta ve bo\u015flukla de\u011fi\u015ftirmek i\u00e7in yine iki yerine koyma fonksiyonunu kulland\u0131k. <\/p><div class=\"wp-block-image\"><figure class=\"aligncenter\"><img decoding=\"async\" src=\"https:\/\/exceladvisor.org\/wp-content\/uploads\/2023\/08\/cas-de-phrase-dans-excel-plusieurs-textes-partie-3-1.png\" sizes=\"\" srcset=\"\" alt=\"\"><\/figure><\/div><p> Bu \u015fekilde \u00e7ok c\u00fcmleli metnimizi ger\u00e7ek c\u00fcmle durum metnine d\u00f6n\u00fc\u015ft\u00fcrd\u00fck. <\/p><div class=\"gb-container gb-container-bafb25cc gb-container-download-2\"><div class=\"gb-grid-wrapper gb-grid-wrapper-91201309\"><div class=\"gb-grid-column gb-grid-column-15a917ef\"><div class=\"gb-container gb-container-15a917ef\"><h2 class=\"gb-headline gb-headline-f2deb261 gb-headline-text gb-headline-download-2\"> Excel dosyas\u0131n\u0131 al\u0131n <\/h2><\/div><\/div><div class=\"gb-grid-column gb-grid-column-18357188\"><div class=\"gb-container gb-container-18357188\"><div class=\"gb-container gb-container-76cbe15e\"> <a class=\"gb-button gb-button-cb63d00a gb-button-text gb-button-download-2\" href=\"https:\/\/exceladvisor.org\/wp-content\/uploads\/2023\/11\/phrase-cas-2.xlsx\" rel=\"nofollow\">\u0130ndirmek<\/a><\/div><\/div><\/div><\/div><\/div><h2 id=\"conclusion\" class=\"wp-block-heading\"> \u00c7\u00f6z\u00fcm<\/h2><p> Bazen bir t\u00fcr metni yazmak i\u00e7in Excel&#8217;i kullan\u0131r\u0131z ve b\u00fcy\u00fck olas\u0131l\u0131kla yanl\u0131\u015f harfe yazar\u0131z. Ayr\u0131ca metni c\u00fcmle durumuna nas\u0131l d\u00f6n\u00fc\u015ft\u00fcrece\u011finizi biliyorsan\u0131z metninizi kolayca d\u00fczeltebilirsiniz.<\/p><p> Nokta yerine soru i\u015fareti bulunan bir c\u00fcmleniz varsa form\u00fclde soru i\u015faretini kullanabilirsiniz, form\u00fcl\u00fcn geri kalan\u0131 ayn\u0131 olacakt\u0131r. Umar\u0131m bu form\u00fcl ipucu i\u015finizde size yard\u0131mc\u0131 olur. \u015eimdi bana bir \u015fey s\u00f6yle.<\/p><p> Bu metin d\u00f6n\u00fc\u015ft\u00fcrmeyi yapmak i\u00e7in ba\u015fka bir y\u00f6nteminiz var m\u0131?<\/p><p> D\u00fc\u015f\u00fcncelerinizi yorum k\u0131sm\u0131nda benimle payla\u015f\u0131n, sizden haber almay\u0131 \u00e7ok isterim. Ve bu ipucunu arkada\u015flar\u0131n\u0131zla payla\u015fmay\u0131 unutmay\u0131n.<\/p><div class=\"gb-container gb-container-0df56012 gb-container-mt\"> <a class=\"gb-button gb-button-f9f432f4 gb-button-text gb-button-mt-button\" href=\"https:\/\/exceladvisor.org\/tr\/formuller\/\">Excel form\u00fcllerinin listesi<\/a><h2 class=\"gb-headline gb-headline-233444e8 gb-headline-text gb-headline-mt-heading\"> \u0130lgili form\u00fcller <\/h2><div class=\"gb-grid-wrapper gb-grid-wrapper-a16fa65c gb-grid-wrapper-mt-grid\"><div class=\"gb-grid-column gb-grid-column-50d07e0d\"><div class=\"gb-container gb-container-50d07e0d\"><ul><li> <a href=\"https:\/\/exceladvisor.org\/tr\/ilk-harfi-buyuk-yap\/\">Excel&#8217;de ilk harfi b\u00fcy\u00fck yap<\/a><\/li><li> <a href=\"https:\/\/exceladvisor.org\/tr\/sutundan-satira\/\">Excel&#8217;de s\u00fctunu sat\u0131ra de\u011fi\u015ftirin (tersi)<\/a><\/li><li> <a href=\"https:\/\/exceladvisor.org\/tr\/aradaki-adlarin-virgulunu-dondur\/\">Ad\u0131 ve soyad\u0131 d\u00f6nd\u00fcr\u00fcn ve bir komut ekleyin<\/a><\/li><li> <a href=\"https:\/\/exceladvisor.org\/tr\/metin-durumunu-degistir\/\">Metnin b\u00fcy\u00fck\/k\u00fc\u00e7\u00fck harflerini de\u011fi\u015ftirin (b\u00fcy\u00fck harf, k\u00fc\u00e7\u00fck harf, uygun)<\/a> <\/li><\/ul><\/div><\/div><div class=\"gb-grid-column gb-grid-column-5b4a0cf9\"><div class=\"gb-container gb-container-5b4a0cf9\"><\/div><\/div><\/div><\/div>","protected":false},"excerpt":{"rendered":"","protected":false},"author":1,"featured_media":0,"parent":0,"menu_order":0,"comment_status":"open","ping_status":"closed","template":"","meta":{"ub_ctt_via":"","footnotes":""},"class_list":["post-1729","page","type-page","status-publish","hentry"],"featured_image_src":null,"yoast_head":"<!-- This site is optimized with the Yoast SEO plugin v25.4 - https:\/\/yoast.com\/wordpress\/plugins\/seo\/ -->\n<title>\u25b7 Excel&#039;de bir c\u00fcmlenin b\u00fcy\u00fck\/k\u00fc\u00e7\u00fck harfi nas\u0131l de\u011fi\u015ftirilir?<\/title>\n<meta name=\"description\" content=\"Merak ediyor olabilirsiniz: asl\u0131nda hangi c\u00fcmle durumu? Metin halinde ilk kelimenin ilk harfi b\u00fcy\u00fck yaz\u0131lmal\u0131d\u0131r\" \/>\n<meta name=\"robots\" content=\"index, follow, max-snippet:-1, max-image-preview:large, max-video-preview:-1\" \/>\n<link rel=\"canonical\" href=\"https:\/\/exceladvisor.org\/tr\/cumle-durumu\/\" \/>\n<meta property=\"og:locale\" content=\"tr_TR\" \/>\n<meta property=\"og:type\" content=\"article\" \/>\n<meta property=\"og:title\" content=\"\u25b7 Excel&#039;de bir c\u00fcmlenin b\u00fcy\u00fck\/k\u00fc\u00e7\u00fck harfi nas\u0131l de\u011fi\u015ftirilir?\" \/>\n<meta property=\"og:description\" content=\"Merak ediyor olabilirsiniz: asl\u0131nda hangi c\u00fcmle durumu? Metin halinde ilk kelimenin ilk harfi b\u00fcy\u00fck yaz\u0131lmal\u0131d\u0131r\" \/>\n<meta property=\"og:url\" content=\"https:\/\/exceladvisor.org\/tr\/cumle-durumu\/\" \/>\n<meta property=\"og:site_name\" content=\"Excel Advisor\" \/>\n<meta property=\"article:modified_time\" content=\"2023-12-10T06:00:26+00:00\" \/>\n<meta property=\"og:image\" content=\"https:\/\/exceladvisor.org\/wp-content\/uploads\/2023\/08\/le-cas-de-la-phrase-dans-Excel-est-different-des-autres-cas-1.png\" \/>\n<meta name=\"twitter:card\" content=\"summary_large_image\" \/>\n<meta name=\"twitter:label1\" content=\"Tahmini okuma s\u00fcresi\" \/>\n\t<meta name=\"twitter:data1\" content=\"4 dakika\" \/>\n<script type=\"application\/ld+json\" class=\"yoast-schema-graph\">{\"@context\":\"https:\/\/schema.org\",\"@graph\":[{\"@type\":\"WebPage\",\"@id\":\"https:\/\/exceladvisor.org\/tr\/cumle-durumu\/\",\"url\":\"https:\/\/exceladvisor.org\/tr\/cumle-durumu\/\",\"name\":\"\u25b7 Excel&#39;de bir c\u00fcmlenin b\u00fcy\u00fck\/k\u00fc\u00e7\u00fck harfi nas\u0131l de\u011fi\u015ftirilir?\",\"isPartOf\":{\"@id\":\"https:\/\/exceladvisor.org\/tr\/#website\"},\"primaryImageOfPage\":{\"@id\":\"https:\/\/exceladvisor.org\/tr\/cumle-durumu\/#primaryimage\"},\"image\":{\"@id\":\"https:\/\/exceladvisor.org\/tr\/cumle-durumu\/#primaryimage\"},\"thumbnailUrl\":\"https:\/\/exceladvisor.org\/wp-content\/uploads\/2023\/08\/le-cas-de-la-phrase-dans-Excel-est-different-des-autres-cas-1.png\",\"datePublished\":\"2023-11-08T21:48:39+00:00\",\"dateModified\":\"2023-12-10T06:00:26+00:00\",\"description\":\"Merak ediyor olabilirsiniz: asl\u0131nda hangi c\u00fcmle durumu? Metin halinde ilk kelimenin ilk harfi b\u00fcy\u00fck yaz\u0131lmal\u0131d\u0131r\",\"breadcrumb\":{\"@id\":\"https:\/\/exceladvisor.org\/tr\/cumle-durumu\/#breadcrumb\"},\"inLanguage\":\"tr\",\"potentialAction\":[{\"@type\":\"ReadAction\",\"target\":[\"https:\/\/exceladvisor.org\/tr\/cumle-durumu\/\"]}]},{\"@type\":\"ImageObject\",\"inLanguage\":\"tr\",\"@id\":\"https:\/\/exceladvisor.org\/tr\/cumle-durumu\/#primaryimage\",\"url\":\"https:\/\/exceladvisor.org\/wp-content\/uploads\/2023\/08\/le-cas-de-la-phrase-dans-Excel-est-different-des-autres-cas-1.png\",\"contentUrl\":\"https:\/\/exceladvisor.org\/wp-content\/uploads\/2023\/08\/le-cas-de-la-phrase-dans-Excel-est-different-des-autres-cas-1.png\"},{\"@type\":\"BreadcrumbList\",\"@id\":\"https:\/\/exceladvisor.org\/tr\/cumle-durumu\/#breadcrumb\",\"itemListElement\":[{\"@type\":\"ListItem\",\"position\":1,\"name\":\"Ev\",\"item\":\"https:\/\/exceladvisor.org\/tr\/\"},{\"@type\":\"ListItem\",\"position\":2,\"name\":\"Excel&#39;de bir c\u00fcmlenin b\u00fcy\u00fck\/k\u00fc\u00e7\u00fck harf durumu nas\u0131l de\u011fi\u015ftirilir?\"}]},{\"@type\":\"WebSite\",\"@id\":\"https:\/\/exceladvisor.org\/tr\/#website\",\"url\":\"https:\/\/exceladvisor.org\/tr\/\",\"name\":\"Excel Advisor\",\"description\":\"Veri hakimiyetine y\u00f6nelik nihai rehberiniz!\",\"publisher\":{\"@id\":\"https:\/\/exceladvisor.org\/tr\/#organization\"},\"potentialAction\":[{\"@type\":\"SearchAction\",\"target\":{\"@type\":\"EntryPoint\",\"urlTemplate\":\"https:\/\/exceladvisor.org\/tr\/?s={search_term_string}\"},\"query-input\":{\"@type\":\"PropertyValueSpecification\",\"valueRequired\":true,\"valueName\":\"search_term_string\"}}],\"inLanguage\":\"tr\"},{\"@type\":\"Organization\",\"@id\":\"https:\/\/exceladvisor.org\/tr\/#organization\",\"name\":\"Excel Advisor\",\"url\":\"https:\/\/exceladvisor.org\/tr\/\",\"logo\":{\"@type\":\"ImageObject\",\"inLanguage\":\"tr\",\"@id\":\"https:\/\/exceladvisor.org\/tr\/#\/schema\/logo\/image\/\",\"url\":\"https:\/\/exceladvisor.org\/tr\/wp-content\/uploads\/2023\/12\/exceladvisor.org_.png\",\"contentUrl\":\"https:\/\/exceladvisor.org\/tr\/wp-content\/uploads\/2023\/12\/exceladvisor.org_.png\",\"width\":105,\"height\":36,\"caption\":\"Excel Advisor\"},\"image\":{\"@id\":\"https:\/\/exceladvisor.org\/tr\/#\/schema\/logo\/image\/\"}}]}<\/script>\n<!-- \/ Yoast SEO plugin. -->","yoast_head_json":{"title":"\u25b7 Excel&#39;de bir c\u00fcmlenin b\u00fcy\u00fck\/k\u00fc\u00e7\u00fck harfi nas\u0131l de\u011fi\u015ftirilir?","description":"Merak ediyor olabilirsiniz: asl\u0131nda hangi c\u00fcmle durumu? Metin halinde ilk kelimenin ilk harfi b\u00fcy\u00fck yaz\u0131lmal\u0131d\u0131r","robots":{"index":"index","follow":"follow","max-snippet":"max-snippet:-1","max-image-preview":"max-image-preview:large","max-video-preview":"max-video-preview:-1"},"canonical":"https:\/\/exceladvisor.org\/tr\/cumle-durumu\/","og_locale":"tr_TR","og_type":"article","og_title":"\u25b7 Excel&#39;de bir c\u00fcmlenin b\u00fcy\u00fck\/k\u00fc\u00e7\u00fck harfi nas\u0131l de\u011fi\u015ftirilir?","og_description":"Merak ediyor olabilirsiniz: asl\u0131nda hangi c\u00fcmle durumu? Metin halinde ilk kelimenin ilk harfi b\u00fcy\u00fck yaz\u0131lmal\u0131d\u0131r","og_url":"https:\/\/exceladvisor.org\/tr\/cumle-durumu\/","og_site_name":"Excel Advisor","article_modified_time":"2023-12-10T06:00:26+00:00","og_image":[{"url":"https:\/\/exceladvisor.org\/wp-content\/uploads\/2023\/08\/le-cas-de-la-phrase-dans-Excel-est-different-des-autres-cas-1.png","type":"","width":"","height":""}],"twitter_card":"summary_large_image","twitter_misc":{"Tahmini okuma s\u00fcresi":"4 dakika"},"schema":{"@context":"https:\/\/schema.org","@graph":[{"@type":"WebPage","@id":"https:\/\/exceladvisor.org\/tr\/cumle-durumu\/","url":"https:\/\/exceladvisor.org\/tr\/cumle-durumu\/","name":"\u25b7 Excel&#39;de bir c\u00fcmlenin b\u00fcy\u00fck\/k\u00fc\u00e7\u00fck harfi nas\u0131l de\u011fi\u015ftirilir?","isPartOf":{"@id":"https:\/\/exceladvisor.org\/tr\/#website"},"primaryImageOfPage":{"@id":"https:\/\/exceladvisor.org\/tr\/cumle-durumu\/#primaryimage"},"image":{"@id":"https:\/\/exceladvisor.org\/tr\/cumle-durumu\/#primaryimage"},"thumbnailUrl":"https:\/\/exceladvisor.org\/wp-content\/uploads\/2023\/08\/le-cas-de-la-phrase-dans-Excel-est-different-des-autres-cas-1.png","datePublished":"2023-11-08T21:48:39+00:00","dateModified":"2023-12-10T06:00:26+00:00","description":"Merak ediyor olabilirsiniz: asl\u0131nda hangi c\u00fcmle durumu? Metin halinde ilk kelimenin ilk harfi b\u00fcy\u00fck yaz\u0131lmal\u0131d\u0131r","breadcrumb":{"@id":"https:\/\/exceladvisor.org\/tr\/cumle-durumu\/#breadcrumb"},"inLanguage":"tr","potentialAction":[{"@type":"ReadAction","target":["https:\/\/exceladvisor.org\/tr\/cumle-durumu\/"]}]},{"@type":"ImageObject","inLanguage":"tr","@id":"https:\/\/exceladvisor.org\/tr\/cumle-durumu\/#primaryimage","url":"https:\/\/exceladvisor.org\/wp-content\/uploads\/2023\/08\/le-cas-de-la-phrase-dans-Excel-est-different-des-autres-cas-1.png","contentUrl":"https:\/\/exceladvisor.org\/wp-content\/uploads\/2023\/08\/le-cas-de-la-phrase-dans-Excel-est-different-des-autres-cas-1.png"},{"@type":"BreadcrumbList","@id":"https:\/\/exceladvisor.org\/tr\/cumle-durumu\/#breadcrumb","itemListElement":[{"@type":"ListItem","position":1,"name":"Ev","item":"https:\/\/exceladvisor.org\/tr\/"},{"@type":"ListItem","position":2,"name":"Excel&#39;de bir c\u00fcmlenin b\u00fcy\u00fck\/k\u00fc\u00e7\u00fck harf durumu nas\u0131l de\u011fi\u015ftirilir?"}]},{"@type":"WebSite","@id":"https:\/\/exceladvisor.org\/tr\/#website","url":"https:\/\/exceladvisor.org\/tr\/","name":"Excel Advisor","description":"Veri hakimiyetine y\u00f6nelik nihai rehberiniz!","publisher":{"@id":"https:\/\/exceladvisor.org\/tr\/#organization"},"potentialAction":[{"@type":"SearchAction","target":{"@type":"EntryPoint","urlTemplate":"https:\/\/exceladvisor.org\/tr\/?s={search_term_string}"},"query-input":{"@type":"PropertyValueSpecification","valueRequired":true,"valueName":"search_term_string"}}],"inLanguage":"tr"},{"@type":"Organization","@id":"https:\/\/exceladvisor.org\/tr\/#organization","name":"Excel Advisor","url":"https:\/\/exceladvisor.org\/tr\/","logo":{"@type":"ImageObject","inLanguage":"tr","@id":"https:\/\/exceladvisor.org\/tr\/#\/schema\/logo\/image\/","url":"https:\/\/exceladvisor.org\/tr\/wp-content\/uploads\/2023\/12\/exceladvisor.org_.png","contentUrl":"https:\/\/exceladvisor.org\/tr\/wp-content\/uploads\/2023\/12\/exceladvisor.org_.png","width":105,"height":36,"caption":"Excel Advisor"},"image":{"@id":"https:\/\/exceladvisor.org\/tr\/#\/schema\/logo\/image\/"}}]}},"yoast_meta":{"yoast_wpseo_title":"","yoast_wpseo_metadesc":"","yoast_wpseo_canonical":""},"_links":{"self":[{"href":"https:\/\/exceladvisor.org\/tr\/wp-json\/wp\/v2\/pages\/1729","targetHints":{"allow":["GET"]}}],"collection":[{"href":"https:\/\/exceladvisor.org\/tr\/wp-json\/wp\/v2\/pages"}],"about":[{"href":"https:\/\/exceladvisor.org\/tr\/wp-json\/wp\/v2\/types\/page"}],"author":[{"embeddable":true,"href":"https:\/\/exceladvisor.org\/tr\/wp-json\/wp\/v2\/users\/1"}],"replies":[{"embeddable":true,"href":"https:\/\/exceladvisor.org\/tr\/wp-json\/wp\/v2\/comments?post=1729"}],"version-history":[{"count":1,"href":"https:\/\/exceladvisor.org\/tr\/wp-json\/wp\/v2\/pages\/1729\/revisions"}],"predecessor-version":[{"id":2406,"href":"https:\/\/exceladvisor.org\/tr\/wp-json\/wp\/v2\/pages\/1729\/revisions\/2406"}],"wp:attachment":[{"href":"https:\/\/exceladvisor.org\/tr\/wp-json\/wp\/v2\/media?parent=1729"}],"curies":[{"name":"wp","href":"https:\/\/api.w.org\/{rel}","templated":true}]}}