{"id":1731,"date":"2023-11-08T21:16:36","date_gmt":"2023-11-08T21:16:36","guid":{"rendered":"https:\/\/exceladvisor.org\/tr\/bos-degilse-toplam-2\/"},"modified":"2023-12-10T05:59:09","modified_gmt":"2023-12-10T05:59:09","slug":"bos-degilse-toplam-2","status":"publish","type":"page","link":"https:\/\/exceladvisor.org\/tr\/bos-degilse-toplam-2\/","title":{"rendered":"Bo\u015f olmayan h\u00fccreler nas\u0131l eklenir?"},"content":{"rendered":"<div class=\"excel-icerikten-once\" id=\"excel-1783151205\"><script type=\"text\/javascript\">\r\n\tatOptions = {\r\n\t\t'key' : 'c1158f160081d6540a8409e6925dab94',\r\n\t\t'format' : 'iframe',\r\n\t\t'height' : 250,\r\n\t\t'width' : 300,\r\n\t\t'params' : {}\r\n\t};\r\n<\/script>\r\n<script type=\"text\/javascript\" src=\"\/\/www.highperformanceformat.com\/c1158f160081d6540a8409e6925dab94\/invoke.js\"><\/script><\/div> <p>Bo\u015f olmayan h\u00fccrelerin de\u011ferini toplamak i\u00e7in, i\u015flevin \u00f6l\u00e7\u00fct ba\u011f\u0131ms\u0131z de\u011fi\u015fkeninde bo\u015f olmayan bir de\u011fer (b\u00fcy\u00fck ve k\u00fc\u00e7\u00fck operat\u00f6r\u00fcn\u00fc kullanarak &#8220;&lt;&gt;&#8221;) belirtmeniz gerekir. Bununla SUMIF yaln\u0131zca bo\u015f olmayan h\u00fccreleri arayacak ve yaln\u0131zca buna dayal\u0131 [sum_range] de\u011ferlerini dikkate alacakt\u0131r. A\u015fa\u011f\u0131da isimlerle yap\u0131lan ba\u011f\u0131\u015flar\u0131n toplam\u0131n\u0131 hesaplad\u0131k. <\/p><div class=\"wp-block-image\"><figure class=\"aligncenter size-full is-resized\"><img loading=\"lazy\" decoding=\"async\" class=\"wp-image-77827\" src=\"https:\/\/exceladvisor.org\/wp-content\/uploads\/2023\/08\/1-somme-si-cellules-non-vides.png\" sizes=\"auto, \" srcset=\"\" alt=\"sumif-bo\u015f olmayan-h\u00fccreler\" width=\"542\" height=\"431\"><\/figure><\/div><h2 class=\"wp-block-heading\"> Bo\u015f olmayan h\u00fccreler i\u00e7in SUMIF kullanma<\/h2><ol type=\"1\"><li> \u0130lk olarak h\u00fccreye =ETOPLA( de\u011ferini girin.<\/li><li> \u015eimdi aral\u0131k kriterlerinde A2:A13 aral\u0131\u011f\u0131na bak\u0131n.<\/li><li> Daha sonra \u201c&lt;&gt;\u201d kullanarak bo\u015f olmayan h\u00fccreler i\u00e7in kriterleri girin.<\/li><li> Bundan sonra, [toplam_aral\u0131\u011f\u0131] ba\u011f\u0131ms\u0131z de\u011fi\u015fkeninde B2:B13 aral\u0131\u011f\u0131na bak\u0131n.<\/li><li> Sonunda kapatma parantezlerini girin ve sonucu almak i\u00e7in Enter tu\u015funa bas\u0131n. <\/li><\/ol><div class=\"wp-block-image\"><figure class=\"aligncenter size-full is-resized\"><img loading=\"lazy\" decoding=\"async\" class=\"wp-image-77828\" src=\"https:\/\/exceladvisor.org\/wp-content\/uploads\/2023\/08\/2-utiliser-sumif-pour-les-cellules-non-vides.png\" sizes=\"auto, \" srcset=\"\" alt=\"bo\u015f-olmayan-h\u00fccreler i\u00e7in-toplam-kullan\" width=\"709\" height=\"201\"><\/figure><\/div><p> Form\u00fcl\u00fc girip Enter tu\u015funa bast\u0131\u011f\u0131n\u0131zda yaln\u0131zca ad s\u00fctununda ad\u0131n\u0131z\u0131n bulundu\u011fu h\u00fccreler i\u00e7in ba\u011f\u0131\u015f tutar\u0131n\u0131 d\u00f6nd\u00fcr\u00fcr. <\/p><div class=\"wp-block-image\"><figure class=\"aligncenter size-full is-resized\"><img loading=\"lazy\" decoding=\"async\" class=\"wp-image-77829\" src=\"https:\/\/exceladvisor.org\/wp-content\/uploads\/2023\/08\/3-resultats-sumif-pour-les-cellules-non-vides.png\" sizes=\"auto, \" srcset=\"\" alt=\"bo\u015f olmayan h\u00fccreler i\u00e7in toplam-sonu\u00e7\" width=\"585\" height=\"446\"><\/figure><\/div><pre class=\"wp-block-code\"> <code class=\"language-excel-formula\" lang=\"excel-formula\">=SUMIF(A2:A13,\"&lt;&gt;\",B2:B13)<\/code><\/pre><h2 class=\"wp-block-heading\"> SUMproduct&#8217;tan SUM&#8217;a Bo\u015f olmayan ger\u00e7ek h\u00fccreler<\/h2><p> Diyelim ki bo\u015f bir h\u00fccreniz var ve o h\u00fccrede bir alan\u0131n\u0131z var. Art\u0131k bu <a href=\"https:\/\/exceladvisor.org\/tr\/fazladan-bosluklari-kaldir\/\">h\u00fccre bo\u015f bir h\u00fccreye benziyor ancak bo\u015f de\u011fil<\/a> . <\/p><div class=\"wp-block-image\"><figure class=\"aligncenter size-full is-resized\"><img loading=\"lazy\" decoding=\"async\" class=\"wp-image-77830\" src=\"https:\/\/exceladvisor.org\/wp-content\/uploads\/2023\/08\/4-sumproduct-pour-additionner-les-cellules-non-vides-reelles.png\" sizes=\"auto, \" srcset=\"\" alt=\"toplam \u00e7arp\u0131m\u0131 ger\u00e7ek toplaml\u0131 bo\u015f olmayan h\u00fccrelere\" width=\"602\" height=\"303\"><\/figure><\/div><p> Bu durumda SUMIF bu h\u00fccrenin toplam\u0131n\u0131 da hesaplayacakt\u0131r. <\/p><div class=\"wp-block-image\"><figure class=\"aligncenter size-full is-resized\"><img loading=\"lazy\" decoding=\"async\" class=\"wp-image-77831\" src=\"https:\/\/exceladvisor.org\/wp-content\/uploads\/2023\/08\/5-comptes-de-sumif.png\" sizes=\"auto, \" srcset=\"\" alt=\"toplam say\u0131mlar\u0131\" width=\"672\" height=\"229\"><\/figure><\/div><p> Bu sorunu \u00e7\u00f6zmek i\u00e7in <a href=\"https:\/\/exceladvisor.org\/tr\/toplam-urun-2\/\">SUMproduct<\/a> , LEN ve TRIM kombinasyonunu kullanabilirsiniz. Bu kombinasyonla bir dizi form\u00fcl\u00fc olu\u015fturabilirsiniz. A\u015fa\u011f\u0131daki \u00f6rne\u011fe bak\u0131n. <\/p><div class=\"wp-block-image\"><figure class=\"aligncenter size-full is-resized\"><img loading=\"lazy\" decoding=\"async\" class=\"wp-image-77832\" src=\"https:\/\/exceladvisor.org\/wp-content\/uploads\/2023\/08\/Combinaison-de-garnitures-a-6-sumproduct-len.png\" sizes=\"auto, \" srcset=\"\" alt=\"toplam\u00fcr\u00fcn-len-trim-kombinasyonu\" width=\"697\" height=\"347\"><\/figure><\/div><pre class=\"wp-block-code\"> <code class=\"language-excel-formula\" lang=\"excel-formula\">=SUMPRODUCT(--(LEN(TRIM(A2:A13))&gt;0),B2:B13)<\/code><\/pre><p> Bu fonksiyona girdi\u011finizde TRIM kullanarak bu bo\u015fluklar\u0131 h\u00fccrelerden siler. Ancak SOMMEPROD hakk\u0131nda bilmeniz gereken bir \u015fey var. CTRL+ALT+ENTER tu\u015flar\u0131n\u0131 kullanmadan tek bir h\u00fccredeki tablonun tamam\u0131n\u0131 alabilir.<\/p><p> \u015eimdi bu form\u00fcl\u00fc be\u015f k\u00fc\u00e7\u00fck par\u00e7aya b\u00f6lerek anlayal\u0131m ve bu muhte\u015fem form\u00fcl\u00fcn nas\u0131l \u00e7al\u0131\u015ft\u0131\u011f\u0131n\u0131 g\u00f6relim.<\/p><p> <strong>\u0130lk b\u00f6l\u00fcmde<\/strong> TRIM&#8217;i kulland\u0131k ve isim s\u00fctununun tamam\u0131na de\u011findik. TRIM, s\u00fctun de\u011ferlerini al\u0131r ve yaln\u0131zca bo\u015fluklar\u0131n bulundu\u011fu h\u00fccrelerdeki bo\u015flu\u011fu kald\u0131r\u0131r. Bunlar hi\u00e7bir de\u011feri olmayan ancak bo\u015f olmayan h\u00fccrelere benzeyen h\u00fccrelerdir. <\/p><div class=\"wp-block-image\"><figure class=\"aligncenter size-full is-resized\"><img loading=\"lazy\" decoding=\"async\" class=\"wp-image-77833\" src=\"https:\/\/exceladvisor.org\/wp-content\/uploads\/2023\/08\/7-premiere-garniture-part1.png\" sizes=\"auto, \" srcset=\"\" alt=\"ilk k\u0131s\u0131m\" width=\"460\" height=\"282\"><\/figure><\/div><p> <strong>\u0130kinci k\u0131s\u0131mda<\/strong> isim s\u00fctunundaki karakterlerin uzunlu\u011funu sayan LEN&#8217;imiz var. Hi\u00e7bir de\u011ferinizin olmad\u0131\u011f\u0131 t\u00fcm h\u00fccreler i\u00e7in karakter say\u0131s\u0131 s\u0131f\u0131r olacakt\u0131r. <\/p><div class=\"wp-block-image\"><figure class=\"aligncenter size-full is-resized\"><img loading=\"lazy\" decoding=\"async\" class=\"wp-image-77834\" src=\"https:\/\/exceladvisor.org\/wp-content\/uploads\/2023\/08\/partie-de-8-secondes.png\" sizes=\"auto, \" srcset=\"\" alt=\"ikinci-b\u00f6l\u00fcm-iki\" width=\"463\" height=\"240\"><\/figure><\/div><p> G\u00f6rd\u00fc\u011f\u00fcn\u00fcz gibi bo\u015f olmayan t\u00fcm h\u00fccreler i\u00e7in s\u0131f\u0131rdan b\u00fcy\u00fck de\u011ferlerimiz var.<\/p><p> <strong>\u00dc\u00e7\u00fcnc\u00fc b\u00f6l\u00fcmde<\/strong> LEN ve TRIM&#8217;in d\u00f6nd\u00fcrd\u00fc\u011f\u00fc sonucu kar\u015f\u0131la\u015ft\u0131rmak i\u00e7in b\u00fcy\u00fckt\u00fcr operat\u00f6r\u00fcn\u00fc kulland\u0131k. Ve say\u0131m\u0131 DO\u011eRU ve YANLI\u015e&#8217;a d\u00f6n\u00fc\u015ft\u00fcr\u00fcr. S\u0131f\u0131rdan b\u00fcy\u00fck bir say\u0131 i\u00e7in DO\u011eRU, de\u011filse YANLI\u015e. <\/p><div class=\"wp-block-image\"><figure class=\"aligncenter size-full is-resized\"><img loading=\"lazy\" decoding=\"async\" class=\"wp-image-77835\" src=\"https:\/\/exceladvisor.org\/wp-content\/uploads\/2023\/08\/9-utilise-plus-grand-que-loperateur.png\" sizes=\"auto, \" srcset=\"\" alt=\"kullan\u0131lan-b\u00fcy\u00fck-operat\u00f6r\" width=\"554\" height=\"130\"><\/figure><\/div><p> <strong>D\u00f6rd\u00fcnc\u00fc b\u00f6l\u00fcmde<\/strong> bu DO\u011eRU ve YANLI\u015e de\u011ferlerini 0 ve 1&#8217;e d\u00f6n\u00fc\u015ft\u00fcren \u00e7ift eksi i\u015faretimiz var. DO\u011eRU i\u00e7in 0 ve YANLI\u015e i\u00e7in 1. <\/p><div class=\"wp-block-image\"><figure class=\"aligncenter size-full is-resized\"><img loading=\"lazy\" decoding=\"async\" class=\"wp-image-77836\" src=\"https:\/\/exceladvisor.org\/wp-content\/uploads\/2023\/08\/10-double-moins-pour-convertir-vrai-et-faux.png\" sizes=\"auto, \" srcset=\"\" alt=\"do\u011fruyu yanl\u0131\u015fa d\u00f6n\u00fc\u015ft\u00fcrmek i\u00e7in \u00e7ift eksi\" width=\"554\" height=\"134\"><\/figure><\/div><p> Bundan sonra be\u015finci b\u00f6l\u00fcmde iki dizili SUMproduct var. Ve bu diziler birbiriyle \u00e7arp\u0131ld\u0131\u011f\u0131nda sadece bo\u015f olmayan ve g\u00f6r\u00fcnmez alan\u0131 olmayan h\u00fccrelerin toplam\u0131n\u0131 elde edersiniz. <\/p><div class=\"gb-container gb-container-52dfcee1 gb-container-sample-file\"><h2 class=\"gb-headline gb-headline-e289c143 gb-headline-text gb-headline-4f7959c2\"> Excel dosyas\u0131n\u0131 al\u0131n<\/h2><p> <a class=\"gb-button gb-button-e88d6bee gb-button-text gb-button-button1\" href=\"https:\/\/exceladvisor.org\/wp-content\/uploads\/2023\/08\/somme-si-non-vide.xlsx\" rel=\"nofollow\">\u0130ndirmek<\/a><\/p><\/div><div class=\"gb-container gb-container-0df56012 gb-container-mt\"> <a class=\"gb-button gb-button-f9f432f4 gb-button-text gb-button-mt-button\" href=\"https:\/\/exceladvisor.org\/tr\/formuller\/\">Excel form\u00fcllerinin listesi<\/a><h2 class=\"gb-headline gb-headline-233444e8 gb-headline-text gb-headline-mt-heading\"> \u0130lgili form\u00fcller <\/h2><div class=\"gb-grid-wrapper gb-grid-wrapper-a16fa65c gb-grid-wrapper-mt-grid\"><div class=\"gb-grid-column gb-grid-column-50d07e0d\"><div class=\"gb-container gb-container-50d07e0d\"><ul><li> <a href=\"https:\/\/exceladvisor.org\/tr\/toplamindan-buyukse\/\">SUMIF kullanarak de\u011ferlerden daha b\u00fcy\u00fck toplam<\/a><\/li><li> <a href=\"https:\/\/exceladvisor.org\/tr\/toplamlar-esit-degil\/\">Excel&#8217;de e\u015fit olmayan de\u011ferlerin toplam\u0131 (SUMIFS)<\/a><\/li><li> <a href=\"https:\/\/exceladvisor.org\/tr\/sumif-sumifler-veya-mantik\/\">Excel&#8217;de VEYA mant\u0131\u011f\u0131yla ETOPLA\/TOPLA<\/a><\/li><li> <a href=\"https:\/\/exceladvisor.org\/tr\/joker-karakterli-sutif\/\">Excel&#8217;de joker karakterlerle ETOPLA<\/a><\/li><li> <a href=\"https:\/\/exceladvisor.org\/tr\/iki-tarih-arasindaki-degerlerin-toplami\/\">SUMIFS tarih aral\u0131\u011f\u0131 (iki tarih dizisi aras\u0131ndaki de\u011ferlerin toplam\u0131)<\/a> <\/li><\/ul><\/div><\/div><div class=\"gb-grid-column gb-grid-column-5b4a0cf9\"><div class=\"gb-container gb-container-5b4a0cf9\"><\/div><\/div><\/div><\/div>","protected":false},"excerpt":{"rendered":"","protected":false},"author":1,"featured_media":0,"parent":0,"menu_order":0,"comment_status":"open","ping_status":"closed","template":"","meta":{"ub_ctt_via":"","footnotes":""},"class_list":["post-1731","page","type-page","status-publish","hentry"],"featured_image_src":null,"yoast_head":"<!-- This site is optimized with the Yoast SEO plugin v25.4 - https:\/\/yoast.com\/wordpress\/plugins\/seo\/ -->\n<title>\u25b7 Excel&#039;de bo\u015f olmayan h\u00fccreler nas\u0131l eklenir?<\/title>\n<meta name=\"description\" content=\"Bu derste, bir h\u00fccre aral\u0131\u011f\u0131n\u0131n bo\u015f olmayan (bo\u015f olmayan) h\u00fccre de\u011ferlerini eklemek i\u00e7in SUMIF&#039;in nas\u0131l kullan\u0131laca\u011f\u0131n\u0131 \u00f6\u011frenece\u011fiz\" \/>\n<meta name=\"robots\" content=\"index, follow, max-snippet:-1, max-image-preview:large, max-video-preview:-1\" \/>\n<link rel=\"canonical\" href=\"https:\/\/exceladvisor.org\/tr\/bos-degilse-toplam-2\/\" \/>\n<meta property=\"og:locale\" content=\"tr_TR\" \/>\n<meta property=\"og:type\" content=\"article\" \/>\n<meta property=\"og:title\" content=\"\u25b7 Excel&#039;de bo\u015f olmayan h\u00fccreler nas\u0131l eklenir?\" \/>\n<meta property=\"og:description\" content=\"Bu derste, bir h\u00fccre aral\u0131\u011f\u0131n\u0131n bo\u015f olmayan (bo\u015f olmayan) h\u00fccre de\u011ferlerini eklemek i\u00e7in SUMIF&#039;in nas\u0131l kullan\u0131laca\u011f\u0131n\u0131 \u00f6\u011frenece\u011fiz\" \/>\n<meta property=\"og:url\" content=\"https:\/\/exceladvisor.org\/tr\/bos-degilse-toplam-2\/\" \/>\n<meta property=\"og:site_name\" content=\"Excel Advisor\" \/>\n<meta property=\"article:modified_time\" content=\"2023-12-10T05:59:09+00:00\" \/>\n<meta property=\"og:image\" content=\"https:\/\/exceladvisor.org\/wp-content\/uploads\/2023\/08\/1-somme-si-cellules-non-vides.png\" \/>\n<meta name=\"twitter:card\" content=\"summary_large_image\" \/>\n<meta name=\"twitter:label1\" content=\"Tahmini okuma s\u00fcresi\" \/>\n\t<meta name=\"twitter:data1\" content=\"3 dakika\" \/>\n<script type=\"application\/ld+json\" class=\"yoast-schema-graph\">{\"@context\":\"https:\/\/schema.org\",\"@graph\":[{\"@type\":\"WebPage\",\"@id\":\"https:\/\/exceladvisor.org\/tr\/bos-degilse-toplam-2\/\",\"url\":\"https:\/\/exceladvisor.org\/tr\/bos-degilse-toplam-2\/\",\"name\":\"\u25b7 Excel&#39;de bo\u015f olmayan h\u00fccreler nas\u0131l eklenir?\",\"isPartOf\":{\"@id\":\"https:\/\/exceladvisor.org\/tr\/#website\"},\"primaryImageOfPage\":{\"@id\":\"https:\/\/exceladvisor.org\/tr\/bos-degilse-toplam-2\/#primaryimage\"},\"image\":{\"@id\":\"https:\/\/exceladvisor.org\/tr\/bos-degilse-toplam-2\/#primaryimage\"},\"thumbnailUrl\":\"https:\/\/exceladvisor.org\/wp-content\/uploads\/2023\/08\/1-somme-si-cellules-non-vides.png\",\"datePublished\":\"2023-11-08T21:16:36+00:00\",\"dateModified\":\"2023-12-10T05:59:09+00:00\",\"description\":\"Bu derste, bir h\u00fccre aral\u0131\u011f\u0131n\u0131n bo\u015f olmayan (bo\u015f olmayan) h\u00fccre de\u011ferlerini eklemek i\u00e7in SUMIF&#39;in nas\u0131l kullan\u0131laca\u011f\u0131n\u0131 \u00f6\u011frenece\u011fiz\",\"breadcrumb\":{\"@id\":\"https:\/\/exceladvisor.org\/tr\/bos-degilse-toplam-2\/#breadcrumb\"},\"inLanguage\":\"tr\",\"potentialAction\":[{\"@type\":\"ReadAction\",\"target\":[\"https:\/\/exceladvisor.org\/tr\/bos-degilse-toplam-2\/\"]}]},{\"@type\":\"ImageObject\",\"inLanguage\":\"tr\",\"@id\":\"https:\/\/exceladvisor.org\/tr\/bos-degilse-toplam-2\/#primaryimage\",\"url\":\"https:\/\/exceladvisor.org\/wp-content\/uploads\/2023\/08\/1-somme-si-cellules-non-vides.png\",\"contentUrl\":\"https:\/\/exceladvisor.org\/wp-content\/uploads\/2023\/08\/1-somme-si-cellules-non-vides.png\"},{\"@type\":\"BreadcrumbList\",\"@id\":\"https:\/\/exceladvisor.org\/tr\/bos-degilse-toplam-2\/#breadcrumb\",\"itemListElement\":[{\"@type\":\"ListItem\",\"position\":1,\"name\":\"Ev\",\"item\":\"https:\/\/exceladvisor.org\/tr\/\"},{\"@type\":\"ListItem\",\"position\":2,\"name\":\"Bo\u015f olmayan h\u00fccreler nas\u0131l eklenir?\"}]},{\"@type\":\"WebSite\",\"@id\":\"https:\/\/exceladvisor.org\/tr\/#website\",\"url\":\"https:\/\/exceladvisor.org\/tr\/\",\"name\":\"Excel Advisor\",\"description\":\"Veri hakimiyetine y\u00f6nelik nihai rehberiniz!\",\"publisher\":{\"@id\":\"https:\/\/exceladvisor.org\/tr\/#organization\"},\"potentialAction\":[{\"@type\":\"SearchAction\",\"target\":{\"@type\":\"EntryPoint\",\"urlTemplate\":\"https:\/\/exceladvisor.org\/tr\/?s={search_term_string}\"},\"query-input\":{\"@type\":\"PropertyValueSpecification\",\"valueRequired\":true,\"valueName\":\"search_term_string\"}}],\"inLanguage\":\"tr\"},{\"@type\":\"Organization\",\"@id\":\"https:\/\/exceladvisor.org\/tr\/#organization\",\"name\":\"Excel Advisor\",\"url\":\"https:\/\/exceladvisor.org\/tr\/\",\"logo\":{\"@type\":\"ImageObject\",\"inLanguage\":\"tr\",\"@id\":\"https:\/\/exceladvisor.org\/tr\/#\/schema\/logo\/image\/\",\"url\":\"https:\/\/exceladvisor.org\/tr\/wp-content\/uploads\/2023\/12\/exceladvisor.org_.png\",\"contentUrl\":\"https:\/\/exceladvisor.org\/tr\/wp-content\/uploads\/2023\/12\/exceladvisor.org_.png\",\"width\":105,\"height\":36,\"caption\":\"Excel Advisor\"},\"image\":{\"@id\":\"https:\/\/exceladvisor.org\/tr\/#\/schema\/logo\/image\/\"}}]}<\/script>\n<!-- \/ Yoast SEO plugin. -->","yoast_head_json":{"title":"\u25b7 Excel&#39;de bo\u015f olmayan h\u00fccreler nas\u0131l eklenir?","description":"Bu derste, bir h\u00fccre aral\u0131\u011f\u0131n\u0131n bo\u015f olmayan (bo\u015f olmayan) h\u00fccre de\u011ferlerini eklemek i\u00e7in SUMIF&#39;in nas\u0131l kullan\u0131laca\u011f\u0131n\u0131 \u00f6\u011frenece\u011fiz","robots":{"index":"index","follow":"follow","max-snippet":"max-snippet:-1","max-image-preview":"max-image-preview:large","max-video-preview":"max-video-preview:-1"},"canonical":"https:\/\/exceladvisor.org\/tr\/bos-degilse-toplam-2\/","og_locale":"tr_TR","og_type":"article","og_title":"\u25b7 Excel&#39;de bo\u015f olmayan h\u00fccreler nas\u0131l eklenir?","og_description":"Bu derste, bir h\u00fccre aral\u0131\u011f\u0131n\u0131n bo\u015f olmayan (bo\u015f olmayan) h\u00fccre de\u011ferlerini eklemek i\u00e7in SUMIF&#39;in nas\u0131l kullan\u0131laca\u011f\u0131n\u0131 \u00f6\u011frenece\u011fiz","og_url":"https:\/\/exceladvisor.org\/tr\/bos-degilse-toplam-2\/","og_site_name":"Excel Advisor","article_modified_time":"2023-12-10T05:59:09+00:00","og_image":[{"url":"https:\/\/exceladvisor.org\/wp-content\/uploads\/2023\/08\/1-somme-si-cellules-non-vides.png","type":"","width":"","height":""}],"twitter_card":"summary_large_image","twitter_misc":{"Tahmini okuma s\u00fcresi":"3 dakika"},"schema":{"@context":"https:\/\/schema.org","@graph":[{"@type":"WebPage","@id":"https:\/\/exceladvisor.org\/tr\/bos-degilse-toplam-2\/","url":"https:\/\/exceladvisor.org\/tr\/bos-degilse-toplam-2\/","name":"\u25b7 Excel&#39;de bo\u015f olmayan h\u00fccreler nas\u0131l eklenir?","isPartOf":{"@id":"https:\/\/exceladvisor.org\/tr\/#website"},"primaryImageOfPage":{"@id":"https:\/\/exceladvisor.org\/tr\/bos-degilse-toplam-2\/#primaryimage"},"image":{"@id":"https:\/\/exceladvisor.org\/tr\/bos-degilse-toplam-2\/#primaryimage"},"thumbnailUrl":"https:\/\/exceladvisor.org\/wp-content\/uploads\/2023\/08\/1-somme-si-cellules-non-vides.png","datePublished":"2023-11-08T21:16:36+00:00","dateModified":"2023-12-10T05:59:09+00:00","description":"Bu derste, bir h\u00fccre aral\u0131\u011f\u0131n\u0131n bo\u015f olmayan (bo\u015f olmayan) h\u00fccre de\u011ferlerini eklemek i\u00e7in SUMIF&#39;in nas\u0131l kullan\u0131laca\u011f\u0131n\u0131 \u00f6\u011frenece\u011fiz","breadcrumb":{"@id":"https:\/\/exceladvisor.org\/tr\/bos-degilse-toplam-2\/#breadcrumb"},"inLanguage":"tr","potentialAction":[{"@type":"ReadAction","target":["https:\/\/exceladvisor.org\/tr\/bos-degilse-toplam-2\/"]}]},{"@type":"ImageObject","inLanguage":"tr","@id":"https:\/\/exceladvisor.org\/tr\/bos-degilse-toplam-2\/#primaryimage","url":"https:\/\/exceladvisor.org\/wp-content\/uploads\/2023\/08\/1-somme-si-cellules-non-vides.png","contentUrl":"https:\/\/exceladvisor.org\/wp-content\/uploads\/2023\/08\/1-somme-si-cellules-non-vides.png"},{"@type":"BreadcrumbList","@id":"https:\/\/exceladvisor.org\/tr\/bos-degilse-toplam-2\/#breadcrumb","itemListElement":[{"@type":"ListItem","position":1,"name":"Ev","item":"https:\/\/exceladvisor.org\/tr\/"},{"@type":"ListItem","position":2,"name":"Bo\u015f olmayan h\u00fccreler nas\u0131l eklenir?"}]},{"@type":"WebSite","@id":"https:\/\/exceladvisor.org\/tr\/#website","url":"https:\/\/exceladvisor.org\/tr\/","name":"Excel Advisor","description":"Veri hakimiyetine y\u00f6nelik nihai rehberiniz!","publisher":{"@id":"https:\/\/exceladvisor.org\/tr\/#organization"},"potentialAction":[{"@type":"SearchAction","target":{"@type":"EntryPoint","urlTemplate":"https:\/\/exceladvisor.org\/tr\/?s={search_term_string}"},"query-input":{"@type":"PropertyValueSpecification","valueRequired":true,"valueName":"search_term_string"}}],"inLanguage":"tr"},{"@type":"Organization","@id":"https:\/\/exceladvisor.org\/tr\/#organization","name":"Excel Advisor","url":"https:\/\/exceladvisor.org\/tr\/","logo":{"@type":"ImageObject","inLanguage":"tr","@id":"https:\/\/exceladvisor.org\/tr\/#\/schema\/logo\/image\/","url":"https:\/\/exceladvisor.org\/tr\/wp-content\/uploads\/2023\/12\/exceladvisor.org_.png","contentUrl":"https:\/\/exceladvisor.org\/tr\/wp-content\/uploads\/2023\/12\/exceladvisor.org_.png","width":105,"height":36,"caption":"Excel Advisor"},"image":{"@id":"https:\/\/exceladvisor.org\/tr\/#\/schema\/logo\/image\/"}}]}},"yoast_meta":{"yoast_wpseo_title":"","yoast_wpseo_metadesc":"","yoast_wpseo_canonical":""},"_links":{"self":[{"href":"https:\/\/exceladvisor.org\/tr\/wp-json\/wp\/v2\/pages\/1731","targetHints":{"allow":["GET"]}}],"collection":[{"href":"https:\/\/exceladvisor.org\/tr\/wp-json\/wp\/v2\/pages"}],"about":[{"href":"https:\/\/exceladvisor.org\/tr\/wp-json\/wp\/v2\/types\/page"}],"author":[{"embeddable":true,"href":"https:\/\/exceladvisor.org\/tr\/wp-json\/wp\/v2\/users\/1"}],"replies":[{"embeddable":true,"href":"https:\/\/exceladvisor.org\/tr\/wp-json\/wp\/v2\/comments?post=1731"}],"version-history":[{"count":1,"href":"https:\/\/exceladvisor.org\/tr\/wp-json\/wp\/v2\/pages\/1731\/revisions"}],"predecessor-version":[{"id":2299,"href":"https:\/\/exceladvisor.org\/tr\/wp-json\/wp\/v2\/pages\/1731\/revisions\/2299"}],"wp:attachment":[{"href":"https:\/\/exceladvisor.org\/tr\/wp-json\/wp\/v2\/media?parent=1731"}],"curies":[{"name":"wp","href":"https:\/\/api.w.org\/{rel}","templated":true}]}}