{"id":1732,"date":"2023-11-08T20:55:33","date_gmt":"2023-11-08T20:55:33","guid":{"rendered":"https:\/\/exceladvisor.org\/tr\/toplam-satir\/"},"modified":"2023-12-10T06:02:48","modified_gmt":"2023-12-10T06:02:48","slug":"toplam-satir","status":"publish","type":"page","link":"https:\/\/exceladvisor.org\/tr\/toplam-satir\/","title":{"rendered":"Excel&#39;de toplam sat\u0131r nas\u0131l eklenir?"},"content":{"rendered":"<div class=\"excel-icerikten-once\" id=\"excel-526751768\"><script type=\"text\/javascript\">\r\n\tatOptions = {\r\n\t\t'key' : 'c1158f160081d6540a8409e6925dab94',\r\n\t\t'format' : 'iframe',\r\n\t\t'height' : 250,\r\n\t\t'width' : 300,\r\n\t\t'params' : {}\r\n\t};\r\n<\/script>\r\n<script type=\"text\/javascript\" src=\"\/\/www.highperformanceformat.com\/c1158f160081d6540a8409e6925dab94\/invoke.js\"><\/script><\/div> <p>Excel&#8217;de verilerle \u00e7al\u0131\u015f\u0131rken, her s\u00fctunda sahip oldu\u011funuz t\u00fcm de\u011ferlerin toplam\u0131na sahip olmak i\u00e7in altta bir toplam\u0131n olmas\u0131 gerekebilir. <\/p><div class=\"wp-block-image\"><figure class=\"aligncenter size-full is-resized\"><img loading=\"lazy\" decoding=\"async\" class=\"wp-image-77879\" src=\"https:\/\/exceladvisor.org\/wp-content\/uploads\/2023\/08\/1-ajouter-une-ligne-totale-dans-les-donnees.png\" sizes=\"auto, \" srcset=\"\" alt=\"verideki-toplam-sat\u0131r-ekleme\" width=\"659\" height=\"269\"><\/figure><\/div><p> Bu derste, iki h\u0131zl\u0131 y\u00f6ntemi kullanarak toplam\u0131 i\u00e7eren bir sat\u0131r\u0131n nas\u0131l eklenece\u011fini \u00f6\u011frenece\u011fiz.<\/p><ul><li> Bir tablodaki toplam sat\u0131r.<\/li><li> Otomatik toplamla toplam.<\/li><\/ul><h2 class=\"wp-block-heading\"> Excel&#8217;de bir tabloya toplam sat\u0131r ekleme<\/h2><ol><li> \u00d6ncelikle verilerdeki h\u00fccrelerden birini se\u00e7in ve Ctrl + T klavye k\u0131sayoluna bas\u0131n, ard\u0131ndan tabloyu uygulamak i\u00e7in Tamam&#8217;\u0131 t\u0131klay\u0131n. <br><img loading=\"lazy\" decoding=\"async\" title=\"Excel tablosunda 2-toplam-sat\u0131r ekleme\" src=\"https:\/\/exceladvisor.org\/wp-content\/uploads\/2023\/08\/2-ajouter-une-ligne-totale-dans-le-tableau-Excel.png\" sizes=\"auto, \" srcset=\"\" alt=\"add-total-row-in-excel-table\" width=\"531\" height=\"275\"><\/li><li> Daha sonra Tablo sekmesine gidin ve Toplam Sat\u0131r kutusunu i\u015faretleyin. <br><img loading=\"lazy\" decoding=\"async\" title=\"Onay Kutusu 3-kontroller-toplam-sat\u0131r\" src=\"https:\/\/exceladvisor.org\/wp-content\/uploads\/2023\/08\/Case-a-cocher-3-coches-pour-le-nombre-total-de-lignes.png\" sizes=\"auto, \" srcset=\"\" alt=\"tickmark-total-row-checkbox\" width=\"402\" height=\"148\"><\/li><li> Burada, tablonun alt k\u0131sm\u0131nda, yaln\u0131zca son s\u00fctun i\u00e7in toplam\u0131n bulundu\u011fu bir toplam sat\u0131r\u0131n\u0131z var. <br><img loading=\"lazy\" decoding=\"async\" title=\"Son s\u00fctuna toplam 4 sat\u0131r eklendi\" src=\"https:\/\/exceladvisor.org\/wp-content\/uploads\/2023\/08\/4-lignes-au-total-ajoutees-dans-la-derniere-colonne.png\" sizes=\"auto, \" srcset=\"\" alt=\"total-row-added-in-last-column\" width=\"601\" height=\"251\"><\/li><li> \u015eimdi her s\u00fctunun toplam\u0131n\u0131 elde etmek i\u00e7in toplam sat\u0131r\u0131ndaki her h\u00fccrenin toplam\u0131n\u0131 se\u00e7meniz gerekir. <br><img loading=\"lazy\" decoding=\"async\" title=\"Sat\u0131rlar\u0131n her h\u00fccresi i\u00e7in 5 toplam se\u00e7\" src=\"https:\/\/exceladvisor.org\/wp-content\/uploads\/2023\/08\/5-selectionner-la-somme-pour-chaque-cellule-de-lignes.png\" sizes=\"auto, \" srcset=\"\" alt=\"select-sum-for-each-cell-of-rows\" width=\"636\" height=\"274\"><\/li><li> Tablodaki s\u00fctunlar\u0131n her biri i\u00e7in a\u00e7\u0131l\u0131r men\u00fcden TOPLA&#8217;y\u0131 se\u00e7ti\u011finizde, bir toplam sat\u0131r\u0131n\u0131z olacakt\u0131r. <br><img loading=\"lazy\" decoding=\"async\" title=\"6 toplaml\u0131 toplam sat\u0131r\" src=\"https:\/\/exceladvisor.org\/wp-content\/uploads\/2023\/08\/Ligne-de-total-de-6-sommes.png\" sizes=\"auto, \" srcset=\"\" alt=\"sum-total-row\" width=\"631\" height=\"276\"><\/li><li> Tabloyu verilere uygulad\u0131ktan sonra sa\u011f t\u0131klay\u0131p ard\u0131ndan tabloya gidip oradan toplam sat\u0131r\u0131na t\u0131klayabilirsiniz. <br><img loading=\"lazy\" decoding=\"async\" title=\"7 sa\u011f t\u0131klama ve toplam sat\u0131r\u0131 se\u00e7ene\u011fi\" src=\"https:\/\/exceladvisor.org\/wp-content\/uploads\/2023\/08\/7-clic-droit-et-option-de-ligne-totale.png\" sizes=\"auto, \" srcset=\"\" alt=\"right-click-and-total-row-option\" width=\"421\" height=\"399\"><\/li><\/ol><h2 class=\"wp-block-heading\"> Otomatik toplamla toplam sat\u0131r\u0131 ekleme<\/h2><ol><li> \u00d6ncelikle son veri sat\u0131r\u0131ndan sonraki sat\u0131r\u0131 se\u00e7in. <br><img loading=\"lazy\" decoding=\"async\" title=\"Otomatik toplamla toplam 8 sat\u0131r\" src=\"https:\/\/exceladvisor.org\/wp-content\/uploads\/2023\/08\/8-lignes-au-total-avec-somme-automatique.png\" sizes=\"auto, \" srcset=\"\" alt=\"total-row-with-autosum\" width=\"596\" height=\"300\"><\/li><li> Bundan sonra, veriler i\u00e7in bir toplam sat\u0131r\u0131 yapmak \u00fczere sat\u0131rdaki t\u00fcm h\u00fccrelere toplam i\u015flevini eklemek i\u00e7in Alt + = ( <a href=\"https:\/\/exceladvisor.org\/tr\/otomatik-toplam-2\/\">AutoSum<\/a> ) klavye k\u0131sayoluna bas\u0131n. <br><img loading=\"lazy\" decoding=\"async\" title=\"9-bas\u0131n-klavye-k\u0131sayol-alt-art\u0131-e\u015fittir\" src=\"https:\/\/exceladvisor.org\/wp-content\/uploads\/2023\/08\/9-appuyez-sur-le-raccourci-clavier-alt-plus-egal.png\" sizes=\"auto, \" srcset=\"\" alt=\"press-keyboard-shortcut-alt-plus-equal\" width=\"595\" height=\"297\"><\/li><\/ol><p> Bunun d\u0131\u015f\u0131nda alt sat\u0131r\u0131 se\u00e7tikten sonra Ana Sayfa sekmesine gidebilir, grubu d\u00fczenleyebilir ve otomatik toplama d\u00fc\u011fmesine t\u0131klayarak toplam i\u015flevini t\u00fcm h\u00fccrelere ekleyebilirsiniz. <\/p><div class=\"wp-block-image\"><figure class=\"aligncenter size-full is-resized\"><img loading=\"lazy\" decoding=\"async\" class=\"wp-image-77889\" src=\"https:\/\/exceladvisor.org\/wp-content\/uploads\/2023\/08\/10-icone-de-somme-automatique-de-longlet-daccueil.png\" sizes=\"auto, \" srcset=\"\" alt=\"ana sayfa sekmesi otomatik toplam simgesi\" width=\"449\" height=\"198\"><\/figure><\/div><p> Otomatik toplama butonuna t\u0131klad\u0131\u011f\u0131n\u0131z anda se\u00e7ilen sat\u0131rdaki toplam de\u011ferleri al\u0131rs\u0131n\u0131z. <\/p><div class=\"gb-container gb-container-52dfcee1 gb-container-sample-file\"><h2 class=\"gb-headline gb-headline-e289c143 gb-headline-text gb-headline-4f7959c2\"> Excel dosyas\u0131n\u0131 al\u0131n<\/h2><p> <a class=\"gb-button gb-button-e88d6bee gb-button-text gb-button-button1\" href=\"https:\/\/exceladvisor.org\/wp-content\/uploads\/2023\/11\/sumif-vlookup-2.xlsx\" rel=\"nofollow\">\u0130ndirmek<\/a><\/p><\/div><div class=\"gb-container gb-container-0df56012 gb-container-mt\"> <a class=\"gb-button gb-button-f9f432f4 gb-button-text gb-button-mt-button\" href=\"https:\/\/exceladvisor.org\/tr\/formuller\/\">Excel form\u00fcllerinin listesi<\/a><h2 class=\"gb-headline gb-headline-233444e8 gb-headline-text gb-headline-mt-heading\"> \u0130lgili form\u00fcller <\/h2><div class=\"gb-grid-wrapper gb-grid-wrapper-a16fa65c gb-grid-wrapper-mt-grid\"><div class=\"gb-grid-column gb-grid-column-50d07e0d\"><div class=\"gb-container gb-container-50d07e0d\"><ul><li> <a href=\"https:\/\/exceladvisor.org\/tr\/sutunun-tamamini-ekle\/\">Excel&#8217;de bir s\u00fctunun veya sat\u0131r\u0131n tamam\u0131n\u0131 ekleme<\/a><\/li><li> <a href=\"https:\/\/exceladvisor.org\/tr\/yalnizca-gorunur-hucreleri-ekle\/\">Excel&#8217;de yaln\u0131zca g\u00f6r\u00fcn\u00fcr h\u00fccreleri topla<\/a><\/li><li> <a href=\"https:\/\/exceladvisor.org\/tr\/rastgele-hucreler-ekle\/\">Excel&#8217;deki rastgele h\u00fccrelerin toplam\u0131<\/a><\/li><li> <a href=\"https:\/\/exceladvisor.org\/tr\/otomatik-toplam-1\/\">Excel&#8217;de Otomatik Toplam\u0131 H\u0131zla Kullanma<\/a> <\/li><\/ul><\/div><\/div><div class=\"gb-grid-column gb-grid-column-5b4a0cf9\"><div class=\"gb-container gb-container-5b4a0cf9\"><\/div><\/div><\/div><\/div>","protected":false},"excerpt":{"rendered":"","protected":false},"author":1,"featured_media":0,"parent":0,"menu_order":0,"comment_status":"open","ping_status":"closed","template":"","meta":{"ub_ctt_via":"","footnotes":""},"class_list":["post-1732","page","type-page","status-publish","hentry"],"featured_image_src":null,"yoast_head":"<!-- This site is optimized with the Yoast SEO plugin v25.4 - https:\/\/yoast.com\/wordpress\/plugins\/seo\/ -->\n<title>Excel&#039;de toplam sat\u0131r nas\u0131l eklenir? - Excel Dan\u0131\u015fman\u0131<\/title>\n<meta name=\"description\" content=\"Bu derste, takip edilmesi kolay iki farkl\u0131 y\u00f6ntemi kullanarak a\u015fa\u011f\u0131ya toplam sat\u0131r\u0131n nas\u0131l eklenece\u011fini \u00f6\u011frenece\u011fiz...\" \/>\n<meta name=\"robots\" content=\"index, follow, max-snippet:-1, max-image-preview:large, max-video-preview:-1\" \/>\n<link rel=\"canonical\" href=\"https:\/\/exceladvisor.org\/tr\/toplam-satir\/\" \/>\n<meta property=\"og:locale\" content=\"tr_TR\" \/>\n<meta property=\"og:type\" content=\"article\" \/>\n<meta property=\"og:title\" content=\"Excel&#039;de toplam sat\u0131r nas\u0131l eklenir? - Excel Dan\u0131\u015fman\u0131\" \/>\n<meta property=\"og:description\" content=\"Bu derste, takip edilmesi kolay iki farkl\u0131 y\u00f6ntemi kullanarak a\u015fa\u011f\u0131ya toplam sat\u0131r\u0131n nas\u0131l eklenece\u011fini \u00f6\u011frenece\u011fiz...\" \/>\n<meta property=\"og:url\" content=\"https:\/\/exceladvisor.org\/tr\/toplam-satir\/\" \/>\n<meta property=\"og:site_name\" content=\"Excel Advisor\" \/>\n<meta property=\"article:modified_time\" content=\"2023-12-10T06:02:48+00:00\" \/>\n<meta property=\"og:image\" content=\"https:\/\/exceladvisor.org\/wp-content\/uploads\/2023\/08\/1-ajouter-une-ligne-totale-dans-les-donnees.png\" \/>\n<meta name=\"twitter:card\" content=\"summary_large_image\" \/>\n<meta name=\"twitter:label1\" content=\"Tahmini okuma s\u00fcresi\" \/>\n\t<meta name=\"twitter:data1\" content=\"2 dakika\" \/>\n<script type=\"application\/ld+json\" class=\"yoast-schema-graph\">{\"@context\":\"https:\/\/schema.org\",\"@graph\":[{\"@type\":\"WebPage\",\"@id\":\"https:\/\/exceladvisor.org\/tr\/toplam-satir\/\",\"url\":\"https:\/\/exceladvisor.org\/tr\/toplam-satir\/\",\"name\":\"Excel&#39;de toplam sat\u0131r nas\u0131l eklenir? - Excel Dan\u0131\u015fman\u0131\",\"isPartOf\":{\"@id\":\"https:\/\/exceladvisor.org\/tr\/#website\"},\"primaryImageOfPage\":{\"@id\":\"https:\/\/exceladvisor.org\/tr\/toplam-satir\/#primaryimage\"},\"image\":{\"@id\":\"https:\/\/exceladvisor.org\/tr\/toplam-satir\/#primaryimage\"},\"thumbnailUrl\":\"https:\/\/exceladvisor.org\/wp-content\/uploads\/2023\/08\/1-ajouter-une-ligne-totale-dans-les-donnees.png\",\"datePublished\":\"2023-11-08T20:55:33+00:00\",\"dateModified\":\"2023-12-10T06:02:48+00:00\",\"description\":\"Bu derste, takip edilmesi kolay iki farkl\u0131 y\u00f6ntemi kullanarak a\u015fa\u011f\u0131ya toplam sat\u0131r\u0131n nas\u0131l eklenece\u011fini \u00f6\u011frenece\u011fiz...\",\"breadcrumb\":{\"@id\":\"https:\/\/exceladvisor.org\/tr\/toplam-satir\/#breadcrumb\"},\"inLanguage\":\"tr\",\"potentialAction\":[{\"@type\":\"ReadAction\",\"target\":[\"https:\/\/exceladvisor.org\/tr\/toplam-satir\/\"]}]},{\"@type\":\"ImageObject\",\"inLanguage\":\"tr\",\"@id\":\"https:\/\/exceladvisor.org\/tr\/toplam-satir\/#primaryimage\",\"url\":\"https:\/\/exceladvisor.org\/wp-content\/uploads\/2023\/08\/1-ajouter-une-ligne-totale-dans-les-donnees.png\",\"contentUrl\":\"https:\/\/exceladvisor.org\/wp-content\/uploads\/2023\/08\/1-ajouter-une-ligne-totale-dans-les-donnees.png\"},{\"@type\":\"BreadcrumbList\",\"@id\":\"https:\/\/exceladvisor.org\/tr\/toplam-satir\/#breadcrumb\",\"itemListElement\":[{\"@type\":\"ListItem\",\"position\":1,\"name\":\"Ev\",\"item\":\"https:\/\/exceladvisor.org\/tr\/\"},{\"@type\":\"ListItem\",\"position\":2,\"name\":\"Excel&#39;de toplam sat\u0131r nas\u0131l eklenir?\"}]},{\"@type\":\"WebSite\",\"@id\":\"https:\/\/exceladvisor.org\/tr\/#website\",\"url\":\"https:\/\/exceladvisor.org\/tr\/\",\"name\":\"Excel Advisor\",\"description\":\"Veri hakimiyetine y\u00f6nelik nihai rehberiniz!\",\"publisher\":{\"@id\":\"https:\/\/exceladvisor.org\/tr\/#organization\"},\"potentialAction\":[{\"@type\":\"SearchAction\",\"target\":{\"@type\":\"EntryPoint\",\"urlTemplate\":\"https:\/\/exceladvisor.org\/tr\/?s={search_term_string}\"},\"query-input\":{\"@type\":\"PropertyValueSpecification\",\"valueRequired\":true,\"valueName\":\"search_term_string\"}}],\"inLanguage\":\"tr\"},{\"@type\":\"Organization\",\"@id\":\"https:\/\/exceladvisor.org\/tr\/#organization\",\"name\":\"Excel Advisor\",\"url\":\"https:\/\/exceladvisor.org\/tr\/\",\"logo\":{\"@type\":\"ImageObject\",\"inLanguage\":\"tr\",\"@id\":\"https:\/\/exceladvisor.org\/tr\/#\/schema\/logo\/image\/\",\"url\":\"https:\/\/exceladvisor.org\/tr\/wp-content\/uploads\/2023\/12\/exceladvisor.org_.png\",\"contentUrl\":\"https:\/\/exceladvisor.org\/tr\/wp-content\/uploads\/2023\/12\/exceladvisor.org_.png\",\"width\":105,\"height\":36,\"caption\":\"Excel Advisor\"},\"image\":{\"@id\":\"https:\/\/exceladvisor.org\/tr\/#\/schema\/logo\/image\/\"}}]}<\/script>\n<!-- \/ Yoast SEO plugin. -->","yoast_head_json":{"title":"Excel&#39;de toplam sat\u0131r nas\u0131l eklenir? - Excel Dan\u0131\u015fman\u0131","description":"Bu derste, takip edilmesi kolay iki farkl\u0131 y\u00f6ntemi kullanarak a\u015fa\u011f\u0131ya toplam sat\u0131r\u0131n nas\u0131l eklenece\u011fini \u00f6\u011frenece\u011fiz...","robots":{"index":"index","follow":"follow","max-snippet":"max-snippet:-1","max-image-preview":"max-image-preview:large","max-video-preview":"max-video-preview:-1"},"canonical":"https:\/\/exceladvisor.org\/tr\/toplam-satir\/","og_locale":"tr_TR","og_type":"article","og_title":"Excel&#39;de toplam sat\u0131r nas\u0131l eklenir? - Excel Dan\u0131\u015fman\u0131","og_description":"Bu derste, takip edilmesi kolay iki farkl\u0131 y\u00f6ntemi kullanarak a\u015fa\u011f\u0131ya toplam sat\u0131r\u0131n nas\u0131l eklenece\u011fini \u00f6\u011frenece\u011fiz...","og_url":"https:\/\/exceladvisor.org\/tr\/toplam-satir\/","og_site_name":"Excel Advisor","article_modified_time":"2023-12-10T06:02:48+00:00","og_image":[{"url":"https:\/\/exceladvisor.org\/wp-content\/uploads\/2023\/08\/1-ajouter-une-ligne-totale-dans-les-donnees.png","type":"","width":"","height":""}],"twitter_card":"summary_large_image","twitter_misc":{"Tahmini okuma s\u00fcresi":"2 dakika"},"schema":{"@context":"https:\/\/schema.org","@graph":[{"@type":"WebPage","@id":"https:\/\/exceladvisor.org\/tr\/toplam-satir\/","url":"https:\/\/exceladvisor.org\/tr\/toplam-satir\/","name":"Excel&#39;de toplam sat\u0131r nas\u0131l eklenir? - Excel Dan\u0131\u015fman\u0131","isPartOf":{"@id":"https:\/\/exceladvisor.org\/tr\/#website"},"primaryImageOfPage":{"@id":"https:\/\/exceladvisor.org\/tr\/toplam-satir\/#primaryimage"},"image":{"@id":"https:\/\/exceladvisor.org\/tr\/toplam-satir\/#primaryimage"},"thumbnailUrl":"https:\/\/exceladvisor.org\/wp-content\/uploads\/2023\/08\/1-ajouter-une-ligne-totale-dans-les-donnees.png","datePublished":"2023-11-08T20:55:33+00:00","dateModified":"2023-12-10T06:02:48+00:00","description":"Bu derste, takip edilmesi kolay iki farkl\u0131 y\u00f6ntemi kullanarak a\u015fa\u011f\u0131ya toplam sat\u0131r\u0131n nas\u0131l eklenece\u011fini \u00f6\u011frenece\u011fiz...","breadcrumb":{"@id":"https:\/\/exceladvisor.org\/tr\/toplam-satir\/#breadcrumb"},"inLanguage":"tr","potentialAction":[{"@type":"ReadAction","target":["https:\/\/exceladvisor.org\/tr\/toplam-satir\/"]}]},{"@type":"ImageObject","inLanguage":"tr","@id":"https:\/\/exceladvisor.org\/tr\/toplam-satir\/#primaryimage","url":"https:\/\/exceladvisor.org\/wp-content\/uploads\/2023\/08\/1-ajouter-une-ligne-totale-dans-les-donnees.png","contentUrl":"https:\/\/exceladvisor.org\/wp-content\/uploads\/2023\/08\/1-ajouter-une-ligne-totale-dans-les-donnees.png"},{"@type":"BreadcrumbList","@id":"https:\/\/exceladvisor.org\/tr\/toplam-satir\/#breadcrumb","itemListElement":[{"@type":"ListItem","position":1,"name":"Ev","item":"https:\/\/exceladvisor.org\/tr\/"},{"@type":"ListItem","position":2,"name":"Excel&#39;de toplam sat\u0131r nas\u0131l eklenir?"}]},{"@type":"WebSite","@id":"https:\/\/exceladvisor.org\/tr\/#website","url":"https:\/\/exceladvisor.org\/tr\/","name":"Excel Advisor","description":"Veri hakimiyetine y\u00f6nelik nihai rehberiniz!","publisher":{"@id":"https:\/\/exceladvisor.org\/tr\/#organization"},"potentialAction":[{"@type":"SearchAction","target":{"@type":"EntryPoint","urlTemplate":"https:\/\/exceladvisor.org\/tr\/?s={search_term_string}"},"query-input":{"@type":"PropertyValueSpecification","valueRequired":true,"valueName":"search_term_string"}}],"inLanguage":"tr"},{"@type":"Organization","@id":"https:\/\/exceladvisor.org\/tr\/#organization","name":"Excel Advisor","url":"https:\/\/exceladvisor.org\/tr\/","logo":{"@type":"ImageObject","inLanguage":"tr","@id":"https:\/\/exceladvisor.org\/tr\/#\/schema\/logo\/image\/","url":"https:\/\/exceladvisor.org\/tr\/wp-content\/uploads\/2023\/12\/exceladvisor.org_.png","contentUrl":"https:\/\/exceladvisor.org\/tr\/wp-content\/uploads\/2023\/12\/exceladvisor.org_.png","width":105,"height":36,"caption":"Excel Advisor"},"image":{"@id":"https:\/\/exceladvisor.org\/tr\/#\/schema\/logo\/image\/"}}]}},"yoast_meta":{"yoast_wpseo_title":"","yoast_wpseo_metadesc":"","yoast_wpseo_canonical":""},"_links":{"self":[{"href":"https:\/\/exceladvisor.org\/tr\/wp-json\/wp\/v2\/pages\/1732","targetHints":{"allow":["GET"]}}],"collection":[{"href":"https:\/\/exceladvisor.org\/tr\/wp-json\/wp\/v2\/pages"}],"about":[{"href":"https:\/\/exceladvisor.org\/tr\/wp-json\/wp\/v2\/types\/page"}],"author":[{"embeddable":true,"href":"https:\/\/exceladvisor.org\/tr\/wp-json\/wp\/v2\/users\/1"}],"replies":[{"embeddable":true,"href":"https:\/\/exceladvisor.org\/tr\/wp-json\/wp\/v2\/comments?post=1732"}],"version-history":[{"count":1,"href":"https:\/\/exceladvisor.org\/tr\/wp-json\/wp\/v2\/pages\/1732\/revisions"}],"predecessor-version":[{"id":2618,"href":"https:\/\/exceladvisor.org\/tr\/wp-json\/wp\/v2\/pages\/1732\/revisions\/2618"}],"wp:attachment":[{"href":"https:\/\/exceladvisor.org\/tr\/wp-json\/wp\/v2\/media?parent=1732"}],"curies":[{"name":"wp","href":"https:\/\/api.w.org\/{rel}","templated":true}]}}