{"id":1733,"date":"2023-11-08T20:50:38","date_gmt":"2023-11-08T20:50:38","guid":{"rendered":"https:\/\/exceladvisor.org\/tr\/tarihe-gore-toplam\/"},"modified":"2023-12-10T06:04:36","modified_gmt":"2023-12-10T06:04:36","slug":"tarihe-gore-toplam","status":"publish","type":"page","link":"https:\/\/exceladvisor.org\/tr\/tarihe-gore-toplam\/","title":{"rendered":"Tarihe g\u00f6re de\u011ferler nas\u0131l eklenir?"},"content":{"rendered":"<div class=\"excel-icerikten-once\" id=\"excel-3868295753\"><script type=\"text\/javascript\">\r\n\tatOptions = {\r\n\t\t'key' : 'c1158f160081d6540a8409e6925dab94',\r\n\t\t'format' : 'iframe',\r\n\t\t'height' : 250,\r\n\t\t'width' : 300,\r\n\t\t'params' : {}\r\n\t};\r\n<\/script>\r\n<script type=\"text\/javascript\" src=\"\/\/www.highperformanceformat.com\/c1158f160081d6540a8409e6925dab94\/invoke.js\"><\/script><\/div> <p>Kriter olarak tarihe dayal\u0131 de\u011ferler eklemek amac\u0131yla ETOPLA&#8217;y\u0131 kullanmak i\u00e7in, tarihin bulundu\u011fu h\u00fccreye ba\u015fvurabilir veya tarihi do\u011frudan fonksiyona girebilirsiniz. SUMIFS&#8217;de kriter arg\u00fcman\u0131n\u0131z var ve bu arg\u00fcmanda; de\u011ferleri eklemek istedi\u011finiz tarihi belirtmeniz gerekir. <\/p><div class=\"wp-block-image\"><figure class=\"aligncenter size-full is-resized\"><img loading=\"lazy\" decoding=\"async\" class=\"wp-image-77816\" src=\"https:\/\/exceladvisor.org\/wp-content\/uploads\/2023\/08\/1-somme-des-valeurs-basees-sur-les-dates.png\" sizes=\"auto, \" srcset=\"\" alt=\"tarihlere dayal\u0131 toplam de\u011ferler\" width=\"451\" height=\"474\"><\/figure><\/div><p> Bu dersimizde Excel&#8217;in ETOPLA fonksiyonunun bir tarihte nas\u0131l kullan\u0131laca\u011f\u0131n\u0131 \u00f6\u011frenece\u011fiz.<\/p><h2 class=\"wp-block-heading\"> Excel&#8217;de tarihe g\u00f6re ETOPLA kullanma<\/h2><ol type=\"1\"><li> \u0130lk olarak, toplam\u0131 istedi\u011finiz h\u00fccreye <code>=SUMIF(<\/code> girin.<\/li><li> Bundan sonra tarih s\u00fctununa bak\u0131n, A2:A15 aral\u0131\u011f\u0131.<\/li><li> Daha sonra \u00f6l\u00e7\u00fct ba\u011f\u0131ms\u0131z de\u011fi\u015fkeninde tarihin bulundu\u011fu h\u00fccreye ba\u015fvurun.<\/li><li> \u015eimdi son ba\u011f\u0131ms\u0131z de\u011fi\u015fkende, B2:B15 aral\u0131\u011f\u0131ndaki toplam s\u00fctununa bak\u0131n.<\/li><li> Sonunda kapatma parantezlerini girin ve sonucu almak i\u00e7in Enter tu\u015funa bas\u0131n. <\/li><\/ol><div class=\"wp-block-image\"><figure class=\"aligncenter size-full is-resized\"><img loading=\"lazy\" decoding=\"async\" class=\"wp-image-77817\" src=\"https:\/\/exceladvisor.org\/wp-content\/uploads\/2023\/08\/2-sumif-par-date-dans-excel.png\" sizes=\"auto, \" srcset=\"\" alt=\"Excel'de-tarihe g\u00f6re toplam\" width=\"549\" height=\"465\"><\/figure><\/div><pre class=\"wp-block-code\"> <code class=\"language-Visual Basic\" lang=\"Visual Basic\">=SUMIF(A2:A15,D4,B2:B15)<\/code><\/pre><p> Yukar\u0131daki form\u00fclle sonu\u00e7ta \u201c15-Ekim-2022\u201d tarihinin toplam\u0131n\u0131 elde edersiniz. <\/p><div class=\"wp-block-image\"><figure class=\"aligncenter size-full is-resized\"><img loading=\"lazy\" decoding=\"async\" class=\"wp-image-77818\" src=\"https:\/\/exceladvisor.org\/wp-content\/uploads\/2023\/08\/3-somme-si-par-date-result1.png\" sizes=\"auto, \" srcset=\"\" alt=\"sonu\u00e7 tarihine g\u00f6re toplam\" width=\"457\" height=\"447\"><\/figure><\/div><p> Tarihi, i\u015flev ba\u011f\u0131ms\u0131z de\u011fi\u015fkenine de\u011fer olarak da girebilirsiniz.<\/p><pre class=\"wp-block-code\"> <code class=\"language-excel-formula\" lang=\"excel-formula\">=SUMIF(A2:A15,\"15-Oct-2022\",B2:B15) =SUMIF(A2:A15,DATE(2022,10,15),B2:B15) =SUMIF(A2:A15,\"15-10-2022\",B2:B15)<\/code><\/pre><h2 class=\"wp-block-heading\"> SUMIF kullanarak bir tarihten \u00f6nce veya sonra SUM<\/h2><p> Belirli bir tarihin \u00f6ncesine veya sonras\u0131na eklemek i\u00e7in tarihle birlikte mant\u0131ksal bir operat\u00f6r de kullanabilirsiniz. A\u015fa\u011f\u0131daki \u00f6rnekte, tarihle birlikte b\u00fcy\u00fckt\u00fcr i\u015faretimiz var. <\/p><div class=\"wp-block-image\"><figure class=\"aligncenter size-full is-resized\"><img loading=\"lazy\" decoding=\"async\" class=\"wp-image-77819\" src=\"https:\/\/exceladvisor.org\/wp-content\/uploads\/2023\/08\/4-somme-avant-ou-apres-la-date.png\" sizes=\"auto, \" srcset=\"\" alt=\"tarihten \u00f6nceki veya sonraki toplam\" width=\"683\" height=\"443\"><\/figure><\/div><p> Enter tu\u015funa bast\u0131\u011f\u0131n\u0131zda 15 Kas\u0131m 2022 tarihinin toplam\u0131 olan 2028 de\u011ferini d\u00f6nd\u00fcr\u00fcr. <\/p><div class=\"wp-block-image\"><figure class=\"aligncenter size-full is-resized\"><img loading=\"lazy\" decoding=\"async\" class=\"wp-image-77820\" src=\"https:\/\/exceladvisor.org\/wp-content\/uploads\/2023\/08\/5-sumif-date-resultat.png\" sizes=\"auto, \" srcset=\"\" alt=\"sumif-tarih-sonucu\" width=\"453\" height=\"446\"><\/figure><\/div><p> Benzer \u015fekilde, D4 h\u00fccresindeki tarihten daha k\u00fc\u00e7\u00fck tarihlere g\u00f6re toplama yapmak i\u00e7in k\u00fc\u00e7\u00fckt\u00fcr operat\u00f6r\u00fcn\u00fc (&lt;) kullanabilirsiniz. <\/p><div class=\"wp-block-image\"><figure class=\"aligncenter size-full\"><img loading=\"lazy\" decoding=\"async\" class=\"wp-image-77821\" src=\"https:\/\/exceladvisor.org\/wp-content\/uploads\/2023\/08\/6-sumif-avec-signe-inferieur.png\" sizes=\"auto, \" srcset=\"\" alt=\"alt i\u015faretli sutif\" width=\"369\" height=\"152\"><\/figure><\/div><p> Kullanabilece\u011finiz di\u011fer baz\u0131 operat\u00f6rler \u015funlard\u0131r:<\/p><ul><li> &lt;&gt;&#8217;dan farkl\u0131<\/li><li> B\u00fcy\u00fck veya e\u015fit &gt;=<\/li><li> K\u00fc\u00e7\u00fck ve e\u015fit &lt;= <\/li><\/ul><div class=\"gb-container gb-container-52dfcee1 gb-container-sample-file\"><h2 class=\"gb-headline gb-headline-e289c143 gb-headline-text gb-headline-4f7959c2\"> Excel dosyas\u0131n\u0131 al\u0131n<\/h2> <a class=\"gb-button gb-button-e88d6bee gb-button-text gb-button-button1\" href=\"https:\/\/exceladvisor.org\/wp-content\/uploads\/2023\/08\/dates-de-somme.xlsx\" rel=\"nofollow\">\u0130ndirmek<\/a><\/div><div class=\"gb-container gb-container-0df56012 gb-container-mt\"> <a class=\"gb-button gb-button-f9f432f4 gb-button-text gb-button-mt-button\" href=\"https:\/\/exceladvisor.org\/tr\/formuller\/\">Excel form\u00fcllerinin listesi<\/a><h2 class=\"gb-headline gb-headline-233444e8 gb-headline-text gb-headline-mt-heading\"> \u0130lgili form\u00fcller <\/h2><div class=\"gb-grid-wrapper gb-grid-wrapper-a16fa65c gb-grid-wrapper-mt-grid\"><div class=\"gb-grid-column gb-grid-column-50d07e0d\"><div class=\"gb-container gb-container-50d07e0d\"><ul><li> <a href=\"https:\/\/exceladvisor.org\/tr\/toplamindan-buyukse\/\">SUMIF kullanarak de\u011ferlerden daha b\u00fcy\u00fck toplam<\/a><\/li><li> <a href=\"https:\/\/exceladvisor.org\/tr\/toplamlar-esit-degil\/\">Excel&#8217;de e\u015fit olmayan de\u011ferlerin toplam\u0131 (SUMIFS)<\/a><\/li><li> <a href=\"https:\/\/exceladvisor.org\/tr\/sumif-sumifler-veya-mantik\/\">Excel&#8217;de VEYA mant\u0131\u011f\u0131yla ETOPLA\/TOPLA<\/a><\/li><li> <a href=\"https:\/\/exceladvisor.org\/tr\/joker-karakterli-sutif\/\">Excel&#8217;de joker karakterlerle ETOPLA<\/a><\/li><li> <a href=\"https:\/\/exceladvisor.org\/tr\/iki-tarih-arasindaki-degerlerin-toplami\/\">SUMIFS tarih aral\u0131\u011f\u0131 (iki tarih dizisi aras\u0131ndaki de\u011ferlerin toplam\u0131)<\/a> <\/li><\/ul><\/div><\/div><div class=\"gb-grid-column gb-grid-column-5b4a0cf9\"><div class=\"gb-container gb-container-5b4a0cf9\"><\/div><\/div><\/div><\/div>","protected":false},"excerpt":{"rendered":"","protected":false},"author":1,"featured_media":0,"parent":0,"menu_order":0,"comment_status":"open","ping_status":"closed","template":"","meta":{"ub_ctt_via":"","footnotes":""},"class_list":["post-1733","page","type-page","status-publish","hentry"],"featured_image_src":null,"yoast_head":"<!-- This site is optimized with the Yoast SEO plugin v25.4 - https:\/\/yoast.com\/wordpress\/plugins\/seo\/ -->\n<title>\u25b7 Tarihe g\u00f6re de\u011ferler nas\u0131l eklenir?<\/title>\n<meta name=\"description\" content=\"Bu e\u011fitimde, ETOPLA kullanarak bir tarihe dayal\u0131 de\u011ferlerin nas\u0131l eklenece\u011fini \u00f6\u011frenece\u011fiz ve siz de bunu nas\u0131l yapaca\u011f\u0131n\u0131z\u0131 \u00f6\u011freneceksiniz.\" \/>\n<meta name=\"robots\" content=\"index, follow, max-snippet:-1, max-image-preview:large, max-video-preview:-1\" \/>\n<link rel=\"canonical\" href=\"https:\/\/exceladvisor.org\/tr\/tarihe-gore-toplam\/\" \/>\n<meta property=\"og:locale\" content=\"tr_TR\" \/>\n<meta property=\"og:type\" content=\"article\" \/>\n<meta property=\"og:title\" content=\"\u25b7 Tarihe g\u00f6re de\u011ferler nas\u0131l eklenir?\" \/>\n<meta property=\"og:description\" content=\"Bu e\u011fitimde, ETOPLA kullanarak bir tarihe dayal\u0131 de\u011ferlerin nas\u0131l eklenece\u011fini \u00f6\u011frenece\u011fiz ve siz de bunu nas\u0131l yapaca\u011f\u0131n\u0131z\u0131 \u00f6\u011freneceksiniz.\" \/>\n<meta property=\"og:url\" content=\"https:\/\/exceladvisor.org\/tr\/tarihe-gore-toplam\/\" \/>\n<meta property=\"og:site_name\" content=\"Excel Advisor\" \/>\n<meta property=\"article:modified_time\" content=\"2023-12-10T06:04:36+00:00\" \/>\n<meta property=\"og:image\" content=\"https:\/\/exceladvisor.org\/wp-content\/uploads\/2023\/08\/1-somme-des-valeurs-basees-sur-les-dates.png\" \/>\n<meta name=\"twitter:card\" content=\"summary_large_image\" \/>\n<meta name=\"twitter:label1\" content=\"Tahmini okuma s\u00fcresi\" \/>\n\t<meta name=\"twitter:data1\" content=\"2 dakika\" \/>\n<script type=\"application\/ld+json\" class=\"yoast-schema-graph\">{\"@context\":\"https:\/\/schema.org\",\"@graph\":[{\"@type\":\"WebPage\",\"@id\":\"https:\/\/exceladvisor.org\/tr\/tarihe-gore-toplam\/\",\"url\":\"https:\/\/exceladvisor.org\/tr\/tarihe-gore-toplam\/\",\"name\":\"\u25b7 Tarihe g\u00f6re de\u011ferler nas\u0131l eklenir?\",\"isPartOf\":{\"@id\":\"https:\/\/exceladvisor.org\/tr\/#website\"},\"primaryImageOfPage\":{\"@id\":\"https:\/\/exceladvisor.org\/tr\/tarihe-gore-toplam\/#primaryimage\"},\"image\":{\"@id\":\"https:\/\/exceladvisor.org\/tr\/tarihe-gore-toplam\/#primaryimage\"},\"thumbnailUrl\":\"https:\/\/exceladvisor.org\/wp-content\/uploads\/2023\/08\/1-somme-des-valeurs-basees-sur-les-dates.png\",\"datePublished\":\"2023-11-08T20:50:38+00:00\",\"dateModified\":\"2023-12-10T06:04:36+00:00\",\"description\":\"Bu e\u011fitimde, ETOPLA kullanarak bir tarihe dayal\u0131 de\u011ferlerin nas\u0131l eklenece\u011fini \u00f6\u011frenece\u011fiz ve siz de bunu nas\u0131l yapaca\u011f\u0131n\u0131z\u0131 \u00f6\u011freneceksiniz.\",\"breadcrumb\":{\"@id\":\"https:\/\/exceladvisor.org\/tr\/tarihe-gore-toplam\/#breadcrumb\"},\"inLanguage\":\"tr\",\"potentialAction\":[{\"@type\":\"ReadAction\",\"target\":[\"https:\/\/exceladvisor.org\/tr\/tarihe-gore-toplam\/\"]}]},{\"@type\":\"ImageObject\",\"inLanguage\":\"tr\",\"@id\":\"https:\/\/exceladvisor.org\/tr\/tarihe-gore-toplam\/#primaryimage\",\"url\":\"https:\/\/exceladvisor.org\/wp-content\/uploads\/2023\/08\/1-somme-des-valeurs-basees-sur-les-dates.png\",\"contentUrl\":\"https:\/\/exceladvisor.org\/wp-content\/uploads\/2023\/08\/1-somme-des-valeurs-basees-sur-les-dates.png\"},{\"@type\":\"BreadcrumbList\",\"@id\":\"https:\/\/exceladvisor.org\/tr\/tarihe-gore-toplam\/#breadcrumb\",\"itemListElement\":[{\"@type\":\"ListItem\",\"position\":1,\"name\":\"Ev\",\"item\":\"https:\/\/exceladvisor.org\/tr\/\"},{\"@type\":\"ListItem\",\"position\":2,\"name\":\"Tarihe g\u00f6re de\u011ferler nas\u0131l eklenir?\"}]},{\"@type\":\"WebSite\",\"@id\":\"https:\/\/exceladvisor.org\/tr\/#website\",\"url\":\"https:\/\/exceladvisor.org\/tr\/\",\"name\":\"Excel Advisor\",\"description\":\"Veri hakimiyetine y\u00f6nelik nihai rehberiniz!\",\"publisher\":{\"@id\":\"https:\/\/exceladvisor.org\/tr\/#organization\"},\"potentialAction\":[{\"@type\":\"SearchAction\",\"target\":{\"@type\":\"EntryPoint\",\"urlTemplate\":\"https:\/\/exceladvisor.org\/tr\/?s={search_term_string}\"},\"query-input\":{\"@type\":\"PropertyValueSpecification\",\"valueRequired\":true,\"valueName\":\"search_term_string\"}}],\"inLanguage\":\"tr\"},{\"@type\":\"Organization\",\"@id\":\"https:\/\/exceladvisor.org\/tr\/#organization\",\"name\":\"Excel Advisor\",\"url\":\"https:\/\/exceladvisor.org\/tr\/\",\"logo\":{\"@type\":\"ImageObject\",\"inLanguage\":\"tr\",\"@id\":\"https:\/\/exceladvisor.org\/tr\/#\/schema\/logo\/image\/\",\"url\":\"https:\/\/exceladvisor.org\/tr\/wp-content\/uploads\/2023\/12\/exceladvisor.org_.png\",\"contentUrl\":\"https:\/\/exceladvisor.org\/tr\/wp-content\/uploads\/2023\/12\/exceladvisor.org_.png\",\"width\":105,\"height\":36,\"caption\":\"Excel Advisor\"},\"image\":{\"@id\":\"https:\/\/exceladvisor.org\/tr\/#\/schema\/logo\/image\/\"}}]}<\/script>\n<!-- \/ Yoast SEO plugin. -->","yoast_head_json":{"title":"\u25b7 Tarihe g\u00f6re de\u011ferler nas\u0131l eklenir?","description":"Bu e\u011fitimde, ETOPLA kullanarak bir tarihe dayal\u0131 de\u011ferlerin nas\u0131l eklenece\u011fini \u00f6\u011frenece\u011fiz ve siz de bunu nas\u0131l yapaca\u011f\u0131n\u0131z\u0131 \u00f6\u011freneceksiniz.","robots":{"index":"index","follow":"follow","max-snippet":"max-snippet:-1","max-image-preview":"max-image-preview:large","max-video-preview":"max-video-preview:-1"},"canonical":"https:\/\/exceladvisor.org\/tr\/tarihe-gore-toplam\/","og_locale":"tr_TR","og_type":"article","og_title":"\u25b7 Tarihe g\u00f6re de\u011ferler nas\u0131l eklenir?","og_description":"Bu e\u011fitimde, ETOPLA kullanarak bir tarihe dayal\u0131 de\u011ferlerin nas\u0131l eklenece\u011fini \u00f6\u011frenece\u011fiz ve siz de bunu nas\u0131l yapaca\u011f\u0131n\u0131z\u0131 \u00f6\u011freneceksiniz.","og_url":"https:\/\/exceladvisor.org\/tr\/tarihe-gore-toplam\/","og_site_name":"Excel Advisor","article_modified_time":"2023-12-10T06:04:36+00:00","og_image":[{"url":"https:\/\/exceladvisor.org\/wp-content\/uploads\/2023\/08\/1-somme-des-valeurs-basees-sur-les-dates.png","type":"","width":"","height":""}],"twitter_card":"summary_large_image","twitter_misc":{"Tahmini okuma s\u00fcresi":"2 dakika"},"schema":{"@context":"https:\/\/schema.org","@graph":[{"@type":"WebPage","@id":"https:\/\/exceladvisor.org\/tr\/tarihe-gore-toplam\/","url":"https:\/\/exceladvisor.org\/tr\/tarihe-gore-toplam\/","name":"\u25b7 Tarihe g\u00f6re de\u011ferler nas\u0131l eklenir?","isPartOf":{"@id":"https:\/\/exceladvisor.org\/tr\/#website"},"primaryImageOfPage":{"@id":"https:\/\/exceladvisor.org\/tr\/tarihe-gore-toplam\/#primaryimage"},"image":{"@id":"https:\/\/exceladvisor.org\/tr\/tarihe-gore-toplam\/#primaryimage"},"thumbnailUrl":"https:\/\/exceladvisor.org\/wp-content\/uploads\/2023\/08\/1-somme-des-valeurs-basees-sur-les-dates.png","datePublished":"2023-11-08T20:50:38+00:00","dateModified":"2023-12-10T06:04:36+00:00","description":"Bu e\u011fitimde, ETOPLA kullanarak bir tarihe dayal\u0131 de\u011ferlerin nas\u0131l eklenece\u011fini \u00f6\u011frenece\u011fiz ve siz de bunu nas\u0131l yapaca\u011f\u0131n\u0131z\u0131 \u00f6\u011freneceksiniz.","breadcrumb":{"@id":"https:\/\/exceladvisor.org\/tr\/tarihe-gore-toplam\/#breadcrumb"},"inLanguage":"tr","potentialAction":[{"@type":"ReadAction","target":["https:\/\/exceladvisor.org\/tr\/tarihe-gore-toplam\/"]}]},{"@type":"ImageObject","inLanguage":"tr","@id":"https:\/\/exceladvisor.org\/tr\/tarihe-gore-toplam\/#primaryimage","url":"https:\/\/exceladvisor.org\/wp-content\/uploads\/2023\/08\/1-somme-des-valeurs-basees-sur-les-dates.png","contentUrl":"https:\/\/exceladvisor.org\/wp-content\/uploads\/2023\/08\/1-somme-des-valeurs-basees-sur-les-dates.png"},{"@type":"BreadcrumbList","@id":"https:\/\/exceladvisor.org\/tr\/tarihe-gore-toplam\/#breadcrumb","itemListElement":[{"@type":"ListItem","position":1,"name":"Ev","item":"https:\/\/exceladvisor.org\/tr\/"},{"@type":"ListItem","position":2,"name":"Tarihe g\u00f6re de\u011ferler nas\u0131l eklenir?"}]},{"@type":"WebSite","@id":"https:\/\/exceladvisor.org\/tr\/#website","url":"https:\/\/exceladvisor.org\/tr\/","name":"Excel Advisor","description":"Veri hakimiyetine y\u00f6nelik nihai rehberiniz!","publisher":{"@id":"https:\/\/exceladvisor.org\/tr\/#organization"},"potentialAction":[{"@type":"SearchAction","target":{"@type":"EntryPoint","urlTemplate":"https:\/\/exceladvisor.org\/tr\/?s={search_term_string}"},"query-input":{"@type":"PropertyValueSpecification","valueRequired":true,"valueName":"search_term_string"}}],"inLanguage":"tr"},{"@type":"Organization","@id":"https:\/\/exceladvisor.org\/tr\/#organization","name":"Excel Advisor","url":"https:\/\/exceladvisor.org\/tr\/","logo":{"@type":"ImageObject","inLanguage":"tr","@id":"https:\/\/exceladvisor.org\/tr\/#\/schema\/logo\/image\/","url":"https:\/\/exceladvisor.org\/tr\/wp-content\/uploads\/2023\/12\/exceladvisor.org_.png","contentUrl":"https:\/\/exceladvisor.org\/tr\/wp-content\/uploads\/2023\/12\/exceladvisor.org_.png","width":105,"height":36,"caption":"Excel Advisor"},"image":{"@id":"https:\/\/exceladvisor.org\/tr\/#\/schema\/logo\/image\/"}}]}},"yoast_meta":{"yoast_wpseo_title":"","yoast_wpseo_metadesc":"","yoast_wpseo_canonical":""},"_links":{"self":[{"href":"https:\/\/exceladvisor.org\/tr\/wp-json\/wp\/v2\/pages\/1733","targetHints":{"allow":["GET"]}}],"collection":[{"href":"https:\/\/exceladvisor.org\/tr\/wp-json\/wp\/v2\/pages"}],"about":[{"href":"https:\/\/exceladvisor.org\/tr\/wp-json\/wp\/v2\/types\/page"}],"author":[{"embeddable":true,"href":"https:\/\/exceladvisor.org\/tr\/wp-json\/wp\/v2\/users\/1"}],"replies":[{"embeddable":true,"href":"https:\/\/exceladvisor.org\/tr\/wp-json\/wp\/v2\/comments?post=1733"}],"version-history":[{"count":1,"href":"https:\/\/exceladvisor.org\/tr\/wp-json\/wp\/v2\/pages\/1733\/revisions"}],"predecessor-version":[{"id":2744,"href":"https:\/\/exceladvisor.org\/tr\/wp-json\/wp\/v2\/pages\/1733\/revisions\/2744"}],"wp:attachment":[{"href":"https:\/\/exceladvisor.org\/tr\/wp-json\/wp\/v2\/media?parent=1733"}],"curies":[{"name":"wp","href":"https:\/\/api.w.org\/{rel}","templated":true}]}}