{"id":1735,"date":"2023-11-08T19:55:38","date_gmt":"2023-11-08T19:55:38","guid":{"rendered":"https:\/\/exceladvisor.org\/tr\/toplam-gorunumu\/"},"modified":"2023-12-10T05:59:23","modified_gmt":"2023-12-10T05:59:23","slug":"toplam-gorunumu","status":"publish","type":"page","link":"https:\/\/exceladvisor.org\/tr\/toplam-gorunumu\/","title":{"rendered":"D\u00fc\u015feyara ile etopla nas\u0131l birle\u015ftirilir?"},"content":{"rendered":"<div class=\"excel-icerikten-once\" id=\"excel-473212829\"><script type=\"text\/javascript\">\r\n\tatOptions = {\r\n\t\t'key' : 'c1158f160081d6540a8409e6925dab94',\r\n\t\t'format' : 'iframe',\r\n\t\t'height' : 250,\r\n\t\t'width' : 300,\r\n\t\t'params' : {}\r\n\t};\r\n<\/script>\r\n<script type=\"text\/javascript\" src=\"\/\/www.highperformanceformat.com\/c1158f160081d6540a8409e6925dab94\/invoke.js\"><\/script><\/div> <p>Evet, D\u00dc\u015eEYARA ile ETOPLA&#8217;y\u0131 birle\u015ftirebilirsiniz. ETOPLA&#8217;da, dinamik bir de\u011fer olu\u015fturmak i\u00e7in D\u00dc\u015eEYARA&#8217;y\u0131 kullanabilece\u011finiz bir \u00f6l\u00e7\u00fct ba\u011f\u0131ms\u0131z de\u011fi\u015fkeni vard\u0131r. Bu, D\u00dc\u015eEYARA&#8217;daki arama de\u011ferini de\u011fi\u015ftirerek kriterleri de\u011fi\u015ftirmenize olanak tan\u0131r. Bu kombine form\u00fcl\u00fcn kullan\u0131m\u0131 benzersizdir. <\/p><div class=\"wp-block-image\"><figure class=\"aligncenter size-full is-resized\"><img loading=\"lazy\" decoding=\"async\" class=\"wp-image-77842\" src=\"https:\/\/exceladvisor.org\/wp-content\/uploads\/2023\/08\/1-combiner-vlookup-avec-sumif.png\" sizes=\"auto, \" srcset=\"\" alt=\"-dlookup-toplamla birle\u015ftir\" width=\"578\" height=\"526\"><\/figure><\/div><p> Bu derste, bir form\u00fcl olu\u015fturmak i\u00e7in ETOPLA ve D\u00dc\u015eEYARA&#8217;y\u0131 nas\u0131l birle\u015ftirece\u011fimizi \u00f6\u011frenece\u011fiz.<\/p><h2 class=\"wp-block-heading\"> ETOPLA ve D\u00dc\u015eEYARA&#8217;y\u0131 birle\u015ftirir<\/h2><ol type=\"1\"><li> \u00d6ncelikle bir h\u00fccreye \u201c=ETOPLA(\u201c girin, aral\u0131k ba\u011f\u0131ms\u0131z de\u011fi\u015fkeni i\u00e7in Tablo 1&#8217;deki \u00fcr\u00fcn kimlik aral\u0131\u011f\u0131na bak\u0131n.<\/li><li> Bundan sonra, ikinci b\u00fcy\u00fctmede, yukar\u0131daki h\u00fccrede bulunan \u00fcr\u00fcn ad\u0131n\u0131 kullanarak \u00fcr\u00fcn kimli\u011fini bulmak i\u00e7in D\u00dc\u015eEYARA fonksiyonunu kullanman\u0131z gerekir.<\/li><li> Ard\u0131ndan, ETOPLA i\u015flevinin \u00fc\u00e7\u00fcnc\u00fc ba\u011f\u0131ms\u0131z de\u011fi\u015fkeninde, toplam_aral\u0131\u011f\u0131 olarak kullan\u0131lacak miktar s\u00fctununa bak\u0131n.<\/li><li> Sonunda kapatma parantezlerini girin ve sonucu almak i\u00e7in Enter tu\u015funa bas\u0131n. <\/li><\/ol><div class=\"wp-block-image\"><figure class=\"aligncenter size-full is-resized\"><img loading=\"lazy\" decoding=\"async\" class=\"wp-image-77843\" src=\"https:\/\/exceladvisor.org\/wp-content\/uploads\/2023\/08\/2-sumif-et-vlookup-combines.png\" sizes=\"auto, \" srcset=\"\" alt=\"toplam ve vlookup birle\u015fimi\" width=\"567\" height=\"349\"><\/figure><\/div><p class=\"formula\"> =TOPLA(A2:A13,D\u00dc\u015eEYARA(B15,D1:E7,2,0),B2:B13) <\/p><div class=\"wp-block-image\"><figure class=\"aligncenter size-full is-resized\"><img loading=\"lazy\" decoding=\"async\" class=\"wp-image-77845\" src=\"https:\/\/exceladvisor.org\/wp-content\/uploads\/2023\/08\/3-sumif-avec-formule-vlookup.png\" sizes=\"auto, \" srcset=\"\" alt=\"vlookup-form\u00fcll\u00fc toplam\" width=\"619\" height=\"83\"><\/figure><\/div><h2 class=\"wp-block-heading\"> Bu form\u00fcl nas\u0131l \u00e7al\u0131\u015f\u0131yor?<\/h2><p> Bu form\u00fcl\u00fc \u00fc\u00e7 par\u00e7aya ay\u0131ral\u0131m: \u0130lk b\u00f6l\u00fcmde \u00fcr\u00fcn ID&#8217;sinin bulundu\u011fu aral\u0131\u011f\u0131 belirttiniz. <\/p><div class=\"wp-block-image\"><figure class=\"aligncenter size-full is-resized\"><img loading=\"lazy\" decoding=\"async\" class=\"wp-image-77846\" src=\"https:\/\/exceladvisor.org\/wp-content\/uploads\/2023\/08\/formule-4-sumif-premiere-partie.png\" sizes=\"auto, \" srcset=\"\" alt=\"sumif-form\u00fcl-birinci-b\u00f6l\u00fcm\" width=\"536\" height=\"389\"><\/figure><\/div><p> \u0130kinci b\u00f6l\u00fcmde \u00fcr\u00fcn ad\u0131n\u0131 B15 h\u00fccresinden alan ve tablo2&#8217;de arayan D\u00dc\u015eEYARA&#8217;ya sahipsiniz. Kulakl\u0131klar i\u00e7in OT-356 \u00fcr\u00fcn kimli\u011fine sahibiz. <\/p><div class=\"wp-block-image\"><figure class=\"aligncenter size-full is-resized\"><img loading=\"lazy\" decoding=\"async\" class=\"wp-image-77847\" src=\"https:\/\/exceladvisor.org\/wp-content\/uploads\/2023\/08\/5-vlookup-en-deuxieme-partie.png\" sizes=\"auto, \" srcset=\"\" alt=\"ikinci b\u00f6l\u00fcmdeki-vlookup\" width=\"557\" height=\"417\"><\/figure><\/div><p> \u00dc\u00e7\u00fcnc\u00fc b\u00f6l\u00fcmde miktar s\u00fctunumuz sum_range olarak yer al\u0131yor. <\/p><div class=\"wp-block-image\"><figure class=\"aligncenter size-full is-resized\"><img loading=\"lazy\" decoding=\"async\" class=\"wp-image-77848\" src=\"https:\/\/exceladvisor.org\/wp-content\/uploads\/2023\/08\/6-troisieme-partie-contient-la-plage-de-somme.png\" sizes=\"auto, \" srcset=\"\" alt=\"\u00fc\u00e7\u00fcnc\u00fc b\u00f6l\u00fcm toplam aral\u0131\u011f\u0131n\u0131 i\u00e7erir\" width=\"566\" height=\"419\"><\/figure><\/div><p> K\u0131saca D\u00dc\u015eEYARA, \u00fcr\u00fcn ad\u0131 ile birlikte \u00fcr\u00fcn kimli\u011fini bulman\u0131za yard\u0131mc\u0131 olur, ard\u0131ndan SUMIF o \u00fcr\u00fcn kimli\u011fini al\u0131r ve \u00dcr\u00fcn Kimli\u011fi s\u00fctununda arar, ard\u0131ndan Miktar s\u00fctunundaki de\u011ferleri toplar.<\/p><p> Dedi\u011fim gibi, ETOPLA ve D\u00dc\u015eEYARA&#8217;y\u0131 kulland\u0131\u011f\u0131n\u0131zda form\u00fcl\u00fcn\u00fcz dinamik bir form\u00fcl haline gelir. H\u00fccrelerdeki \u00fcr\u00fcn ad\u0131n\u0131 de\u011fi\u015ftirdi\u011finizde sonu\u00e7 de\u011fi\u015fir. <\/p><div class=\"wp-block-image\"><figure class=\"aligncenter size-full is-resized\"><img loading=\"lazy\" decoding=\"async\" class=\"wp-image-77849\" src=\"https:\/\/exceladvisor.org\/wp-content\/uploads\/2023\/08\/7-sumif-vlookup-rend-la-formule-dynamique.png\" sizes=\"auto, \" srcset=\"\" alt=\"sumif-vlookup-make-dinamik-form\u00fcl\" width=\"570\" height=\"350\"><\/figure><\/div><h2 class=\"wp-block-heading\"> Birden fazla sayfada ETOPLA ve D\u00dc\u015eEYARA<\/h2><p> Bu kombinasyonu, iki tabloyu birden fazla sayfada farkl\u0131 \u015fekilde bulundurdu\u011funuzda bile kullanabilirsiniz. <\/p><div class=\"wp-block-image\"><figure class=\"aligncenter size-full is-resized\"><img loading=\"lazy\" decoding=\"async\" class=\"wp-image-77850\" src=\"https:\/\/exceladvisor.org\/wp-content\/uploads\/2023\/08\/8-sumif-vlookup-dans-plusieurs-feuilles.png\" sizes=\"auto, \" srcset=\"\" alt=\"birden fazla sayfada toplam-vlookup\" width=\"572\" height=\"421\"><\/figure><\/div><p> Yukar\u0131daki \u00f6rnekte \u00fcr\u00fcn ad\u0131 tablosunu farkl\u0131 bir sayfada g\u00f6r\u00fcyorsunuz. <\/p><div class=\"gb-container gb-container-52dfcee1 gb-container-sample-file\"><h2 class=\"gb-headline gb-headline-e289c143 gb-headline-text gb-headline-4f7959c2\"> Excel dosyas\u0131n\u0131 al\u0131n<\/h2> <a class=\"gb-button gb-button-e88d6bee gb-button-text gb-button-button1\" href=\"https:\/\/exceladvisor.org\/wp-content\/uploads\/2023\/11\/sumif-vlookup-3.xlsx\" rel=\"nofollow\">\u0130ndirmek<\/a><\/div><div class=\"gb-container gb-container-0df56012 gb-container-mt\"> <a class=\"gb-button gb-button-f9f432f4 gb-button-text gb-button-mt-button\" href=\"https:\/\/exceladvisor.org\/tr\/formuller\/\">Excel form\u00fcllerinin listesi<\/a><h2 class=\"gb-headline gb-headline-233444e8 gb-headline-text gb-headline-mt-heading\"> \u0130lgili form\u00fcller <\/h2><div class=\"gb-grid-wrapper gb-grid-wrapper-a16fa65c gb-grid-wrapper-mt-grid\"><div class=\"gb-grid-column gb-grid-column-50d07e0d\"><div class=\"gb-container gb-container-50d07e0d\"><ul><li> <a href=\"https:\/\/exceladvisor.org\/tr\/toplamindan-buyukse\/\">SUMIF kullanarak de\u011ferlerden daha b\u00fcy\u00fck toplam<\/a><\/li><li> <a href=\"https:\/\/exceladvisor.org\/tr\/toplamlar-esit-degil\/\">Excel&#8217;de e\u015fit olmayan de\u011ferlerin toplam\u0131 (SUMIFS)<\/a><\/li><li> <a href=\"https:\/\/exceladvisor.org\/tr\/sumif-sumifler-veya-mantik\/\">Excel&#8217;de VEYA mant\u0131\u011f\u0131yla ETOPLA\/TOPLA<\/a><\/li><li> <a href=\"https:\/\/exceladvisor.org\/tr\/joker-karakterli-sutif\/\">Excel&#8217;de joker karakterlerle ETOPLA<\/a><\/li><li> <a href=\"https:\/\/exceladvisor.org\/tr\/iki-tarih-arasindaki-degerlerin-toplami\/\">SUMIFS tarih aral\u0131\u011f\u0131 (iki tarih dizisi aras\u0131ndaki de\u011ferlerin toplam\u0131)<\/a><\/li><\/ul><\/div><\/div><\/div><\/div>","protected":false},"excerpt":{"rendered":"","protected":false},"author":1,"featured_media":0,"parent":0,"menu_order":0,"comment_status":"open","ping_status":"closed","template":"","meta":{"ub_ctt_via":"","footnotes":""},"class_list":["post-1735","page","type-page","status-publish","hentry"],"featured_image_src":null,"yoast_head":"<!-- This site is optimized with the Yoast SEO plugin v25.4 - https:\/\/yoast.com\/wordpress\/plugins\/seo\/ -->\n<title>D\u00dc\u015eEYARA ile ETOPLA nas\u0131l birle\u015ftirilir?<\/title>\n<meta name=\"description\" content=\"Bu derste, ETOPLA ve D\u00dc\u015eEYARA&#039;y\u0131 nas\u0131l birle\u015ftirece\u011fimizi \u00f6\u011frenece\u011fiz. Bu i\u015flev kombinasyonu, \u015funlar\u0131 de\u011fi\u015ftirmenize olanak tan\u0131r:\" \/>\n<meta name=\"robots\" content=\"index, follow, max-snippet:-1, max-image-preview:large, max-video-preview:-1\" \/>\n<link rel=\"canonical\" href=\"https:\/\/exceladvisor.org\/tr\/toplam-gorunumu\/\" \/>\n<meta property=\"og:locale\" content=\"tr_TR\" \/>\n<meta property=\"og:type\" content=\"article\" \/>\n<meta property=\"og:title\" content=\"D\u00dc\u015eEYARA ile ETOPLA nas\u0131l birle\u015ftirilir?\" \/>\n<meta property=\"og:description\" content=\"Bu derste, ETOPLA ve D\u00dc\u015eEYARA&#039;y\u0131 nas\u0131l birle\u015ftirece\u011fimizi \u00f6\u011frenece\u011fiz. Bu i\u015flev kombinasyonu, \u015funlar\u0131 de\u011fi\u015ftirmenize olanak tan\u0131r:\" \/>\n<meta property=\"og:url\" content=\"https:\/\/exceladvisor.org\/tr\/toplam-gorunumu\/\" \/>\n<meta property=\"og:site_name\" content=\"Excel Advisor\" \/>\n<meta property=\"article:modified_time\" content=\"2023-12-10T05:59:23+00:00\" \/>\n<meta property=\"og:image\" content=\"https:\/\/exceladvisor.org\/wp-content\/uploads\/2023\/08\/1-combiner-vlookup-avec-sumif.png\" \/>\n<meta name=\"twitter:card\" content=\"summary_large_image\" \/>\n<meta name=\"twitter:label1\" content=\"Tahmini okuma s\u00fcresi\" \/>\n\t<meta name=\"twitter:data1\" content=\"2 dakika\" \/>\n<script type=\"application\/ld+json\" class=\"yoast-schema-graph\">{\"@context\":\"https:\/\/schema.org\",\"@graph\":[{\"@type\":\"WebPage\",\"@id\":\"https:\/\/exceladvisor.org\/tr\/toplam-gorunumu\/\",\"url\":\"https:\/\/exceladvisor.org\/tr\/toplam-gorunumu\/\",\"name\":\"D\u00dc\u015eEYARA ile ETOPLA nas\u0131l birle\u015ftirilir?\",\"isPartOf\":{\"@id\":\"https:\/\/exceladvisor.org\/tr\/#website\"},\"primaryImageOfPage\":{\"@id\":\"https:\/\/exceladvisor.org\/tr\/toplam-gorunumu\/#primaryimage\"},\"image\":{\"@id\":\"https:\/\/exceladvisor.org\/tr\/toplam-gorunumu\/#primaryimage\"},\"thumbnailUrl\":\"https:\/\/exceladvisor.org\/wp-content\/uploads\/2023\/08\/1-combiner-vlookup-avec-sumif.png\",\"datePublished\":\"2023-11-08T19:55:38+00:00\",\"dateModified\":\"2023-12-10T05:59:23+00:00\",\"description\":\"Bu derste, ETOPLA ve D\u00dc\u015eEYARA&#39;y\u0131 nas\u0131l birle\u015ftirece\u011fimizi \u00f6\u011frenece\u011fiz. Bu i\u015flev kombinasyonu, \u015funlar\u0131 de\u011fi\u015ftirmenize olanak tan\u0131r:\",\"breadcrumb\":{\"@id\":\"https:\/\/exceladvisor.org\/tr\/toplam-gorunumu\/#breadcrumb\"},\"inLanguage\":\"tr\",\"potentialAction\":[{\"@type\":\"ReadAction\",\"target\":[\"https:\/\/exceladvisor.org\/tr\/toplam-gorunumu\/\"]}]},{\"@type\":\"ImageObject\",\"inLanguage\":\"tr\",\"@id\":\"https:\/\/exceladvisor.org\/tr\/toplam-gorunumu\/#primaryimage\",\"url\":\"https:\/\/exceladvisor.org\/wp-content\/uploads\/2023\/08\/1-combiner-vlookup-avec-sumif.png\",\"contentUrl\":\"https:\/\/exceladvisor.org\/wp-content\/uploads\/2023\/08\/1-combiner-vlookup-avec-sumif.png\"},{\"@type\":\"BreadcrumbList\",\"@id\":\"https:\/\/exceladvisor.org\/tr\/toplam-gorunumu\/#breadcrumb\",\"itemListElement\":[{\"@type\":\"ListItem\",\"position\":1,\"name\":\"Ev\",\"item\":\"https:\/\/exceladvisor.org\/tr\/\"},{\"@type\":\"ListItem\",\"position\":2,\"name\":\"D\u00fc\u015feyara ile etopla nas\u0131l birle\u015ftirilir?\"}]},{\"@type\":\"WebSite\",\"@id\":\"https:\/\/exceladvisor.org\/tr\/#website\",\"url\":\"https:\/\/exceladvisor.org\/tr\/\",\"name\":\"Excel Advisor\",\"description\":\"Veri hakimiyetine y\u00f6nelik nihai rehberiniz!\",\"publisher\":{\"@id\":\"https:\/\/exceladvisor.org\/tr\/#organization\"},\"potentialAction\":[{\"@type\":\"SearchAction\",\"target\":{\"@type\":\"EntryPoint\",\"urlTemplate\":\"https:\/\/exceladvisor.org\/tr\/?s={search_term_string}\"},\"query-input\":{\"@type\":\"PropertyValueSpecification\",\"valueRequired\":true,\"valueName\":\"search_term_string\"}}],\"inLanguage\":\"tr\"},{\"@type\":\"Organization\",\"@id\":\"https:\/\/exceladvisor.org\/tr\/#organization\",\"name\":\"Excel Advisor\",\"url\":\"https:\/\/exceladvisor.org\/tr\/\",\"logo\":{\"@type\":\"ImageObject\",\"inLanguage\":\"tr\",\"@id\":\"https:\/\/exceladvisor.org\/tr\/#\/schema\/logo\/image\/\",\"url\":\"https:\/\/exceladvisor.org\/tr\/wp-content\/uploads\/2023\/12\/exceladvisor.org_.png\",\"contentUrl\":\"https:\/\/exceladvisor.org\/tr\/wp-content\/uploads\/2023\/12\/exceladvisor.org_.png\",\"width\":105,\"height\":36,\"caption\":\"Excel Advisor\"},\"image\":{\"@id\":\"https:\/\/exceladvisor.org\/tr\/#\/schema\/logo\/image\/\"}}]}<\/script>\n<!-- \/ Yoast SEO plugin. -->","yoast_head_json":{"title":"D\u00dc\u015eEYARA ile ETOPLA nas\u0131l birle\u015ftirilir?","description":"Bu derste, ETOPLA ve D\u00dc\u015eEYARA&#39;y\u0131 nas\u0131l birle\u015ftirece\u011fimizi \u00f6\u011frenece\u011fiz. Bu i\u015flev kombinasyonu, \u015funlar\u0131 de\u011fi\u015ftirmenize olanak tan\u0131r:","robots":{"index":"index","follow":"follow","max-snippet":"max-snippet:-1","max-image-preview":"max-image-preview:large","max-video-preview":"max-video-preview:-1"},"canonical":"https:\/\/exceladvisor.org\/tr\/toplam-gorunumu\/","og_locale":"tr_TR","og_type":"article","og_title":"D\u00dc\u015eEYARA ile ETOPLA nas\u0131l birle\u015ftirilir?","og_description":"Bu derste, ETOPLA ve D\u00dc\u015eEYARA&#39;y\u0131 nas\u0131l birle\u015ftirece\u011fimizi \u00f6\u011frenece\u011fiz. Bu i\u015flev kombinasyonu, \u015funlar\u0131 de\u011fi\u015ftirmenize olanak tan\u0131r:","og_url":"https:\/\/exceladvisor.org\/tr\/toplam-gorunumu\/","og_site_name":"Excel Advisor","article_modified_time":"2023-12-10T05:59:23+00:00","og_image":[{"url":"https:\/\/exceladvisor.org\/wp-content\/uploads\/2023\/08\/1-combiner-vlookup-avec-sumif.png","type":"","width":"","height":""}],"twitter_card":"summary_large_image","twitter_misc":{"Tahmini okuma s\u00fcresi":"2 dakika"},"schema":{"@context":"https:\/\/schema.org","@graph":[{"@type":"WebPage","@id":"https:\/\/exceladvisor.org\/tr\/toplam-gorunumu\/","url":"https:\/\/exceladvisor.org\/tr\/toplam-gorunumu\/","name":"D\u00dc\u015eEYARA ile ETOPLA nas\u0131l birle\u015ftirilir?","isPartOf":{"@id":"https:\/\/exceladvisor.org\/tr\/#website"},"primaryImageOfPage":{"@id":"https:\/\/exceladvisor.org\/tr\/toplam-gorunumu\/#primaryimage"},"image":{"@id":"https:\/\/exceladvisor.org\/tr\/toplam-gorunumu\/#primaryimage"},"thumbnailUrl":"https:\/\/exceladvisor.org\/wp-content\/uploads\/2023\/08\/1-combiner-vlookup-avec-sumif.png","datePublished":"2023-11-08T19:55:38+00:00","dateModified":"2023-12-10T05:59:23+00:00","description":"Bu derste, ETOPLA ve D\u00dc\u015eEYARA&#39;y\u0131 nas\u0131l birle\u015ftirece\u011fimizi \u00f6\u011frenece\u011fiz. Bu i\u015flev kombinasyonu, \u015funlar\u0131 de\u011fi\u015ftirmenize olanak tan\u0131r:","breadcrumb":{"@id":"https:\/\/exceladvisor.org\/tr\/toplam-gorunumu\/#breadcrumb"},"inLanguage":"tr","potentialAction":[{"@type":"ReadAction","target":["https:\/\/exceladvisor.org\/tr\/toplam-gorunumu\/"]}]},{"@type":"ImageObject","inLanguage":"tr","@id":"https:\/\/exceladvisor.org\/tr\/toplam-gorunumu\/#primaryimage","url":"https:\/\/exceladvisor.org\/wp-content\/uploads\/2023\/08\/1-combiner-vlookup-avec-sumif.png","contentUrl":"https:\/\/exceladvisor.org\/wp-content\/uploads\/2023\/08\/1-combiner-vlookup-avec-sumif.png"},{"@type":"BreadcrumbList","@id":"https:\/\/exceladvisor.org\/tr\/toplam-gorunumu\/#breadcrumb","itemListElement":[{"@type":"ListItem","position":1,"name":"Ev","item":"https:\/\/exceladvisor.org\/tr\/"},{"@type":"ListItem","position":2,"name":"D\u00fc\u015feyara ile etopla nas\u0131l birle\u015ftirilir?"}]},{"@type":"WebSite","@id":"https:\/\/exceladvisor.org\/tr\/#website","url":"https:\/\/exceladvisor.org\/tr\/","name":"Excel Advisor","description":"Veri hakimiyetine y\u00f6nelik nihai rehberiniz!","publisher":{"@id":"https:\/\/exceladvisor.org\/tr\/#organization"},"potentialAction":[{"@type":"SearchAction","target":{"@type":"EntryPoint","urlTemplate":"https:\/\/exceladvisor.org\/tr\/?s={search_term_string}"},"query-input":{"@type":"PropertyValueSpecification","valueRequired":true,"valueName":"search_term_string"}}],"inLanguage":"tr"},{"@type":"Organization","@id":"https:\/\/exceladvisor.org\/tr\/#organization","name":"Excel Advisor","url":"https:\/\/exceladvisor.org\/tr\/","logo":{"@type":"ImageObject","inLanguage":"tr","@id":"https:\/\/exceladvisor.org\/tr\/#\/schema\/logo\/image\/","url":"https:\/\/exceladvisor.org\/tr\/wp-content\/uploads\/2023\/12\/exceladvisor.org_.png","contentUrl":"https:\/\/exceladvisor.org\/tr\/wp-content\/uploads\/2023\/12\/exceladvisor.org_.png","width":105,"height":36,"caption":"Excel Advisor"},"image":{"@id":"https:\/\/exceladvisor.org\/tr\/#\/schema\/logo\/image\/"}}]}},"yoast_meta":{"yoast_wpseo_title":"","yoast_wpseo_metadesc":"","yoast_wpseo_canonical":""},"_links":{"self":[{"href":"https:\/\/exceladvisor.org\/tr\/wp-json\/wp\/v2\/pages\/1735","targetHints":{"allow":["GET"]}}],"collection":[{"href":"https:\/\/exceladvisor.org\/tr\/wp-json\/wp\/v2\/pages"}],"about":[{"href":"https:\/\/exceladvisor.org\/tr\/wp-json\/wp\/v2\/types\/page"}],"author":[{"embeddable":true,"href":"https:\/\/exceladvisor.org\/tr\/wp-json\/wp\/v2\/users\/1"}],"replies":[{"embeddable":true,"href":"https:\/\/exceladvisor.org\/tr\/wp-json\/wp\/v2\/comments?post=1735"}],"version-history":[{"count":1,"href":"https:\/\/exceladvisor.org\/tr\/wp-json\/wp\/v2\/pages\/1735\/revisions"}],"predecessor-version":[{"id":2319,"href":"https:\/\/exceladvisor.org\/tr\/wp-json\/wp\/v2\/pages\/1735\/revisions\/2319"}],"wp:attachment":[{"href":"https:\/\/exceladvisor.org\/tr\/wp-json\/wp\/v2\/media?parent=1735"}],"curies":[{"name":"wp","href":"https:\/\/api.w.org\/{rel}","templated":true}]}}