{"id":1736,"date":"2023-11-08T19:50:50","date_gmt":"2023-11-08T19:50:50","guid":{"rendered":"https:\/\/exceladvisor.org\/tr\/hucre-bir-parca-iceriyorsa\/"},"modified":"2023-12-10T05:58:55","modified_gmt":"2023-12-10T05:58:55","slug":"hucre-bir-parca-iceriyorsa","status":"publish","type":"page","link":"https:\/\/exceladvisor.org\/tr\/hucre-bir-parca-iceriyorsa\/","title":{"rendered":"Bir h\u00fccrenin k\u0131smi metin i\u00e7erip i\u00e7ermedi\u011fi nas\u0131l kontrol edilir?"},"content":{"rendered":"<div class=\"excel-icerikten-once\" id=\"excel-1183920432\"><script type=\"text\/javascript\">\r\n\tatOptions = {\r\n\t\t'key' : 'c1158f160081d6540a8409e6925dab94',\r\n\t\t'format' : 'iframe',\r\n\t\t'height' : 250,\r\n\t\t'width' : 300,\r\n\t\t'params' : {}\r\n\t};\r\n<\/script>\r\n<script type=\"text\/javascript\" src=\"\/\/www.highperformanceformat.com\/c1158f160081d6540a8409e6925dab94\/invoke.js\"><\/script><\/div> <p>Excel&#8217;de bir h\u00fccrenin k\u0131smi metin i\u00e7erip i\u00e7ermedi\u011fini kontrol etmek i\u00e7in IF, COUNTIF ve joker karakterleri kullanarak bir form\u00fcl olu\u015fturman\u0131z gerekir. Joker karakterler k\u0131smi metni ayarlaman\u0131za yard\u0131mc\u0131 olur, ard\u0131ndan COUNTIF k\u0131smi de\u011feri kontrol eder ve IF buna g\u00f6re sonucu d\u00f6nd\u00fcr\u00fcr. Bu fonksiyon kombinasyonu m\u00fckemmel \u00e7al\u0131\u015f\u0131yor. <\/p><div class=\"wp-block-image\"><figure class=\"aligncenter size-full is-resized\"><img loading=\"lazy\" decoding=\"async\" class=\"wp-image-77750\" src=\"https:\/\/exceladvisor.org\/wp-content\/uploads\/2023\/08\/1-verifier-si-la-cellule-contient-du-texte-partiel.png\" sizes=\"auto, \" srcset=\"\" alt=\"h\u00fccrenin k\u0131smi metin i\u00e7erip i\u00e7ermedi\u011fini kontrol edin\" width=\"558\" height=\"275\"><\/figure><\/div><p> Bu dersimizde bu form\u00fcl\u00fcn nas\u0131l yaz\u0131laca\u011f\u0131n\u0131 \u00f6\u011frenece\u011fiz.<\/p><h2 class=\"wp-block-heading\"> Excel form\u00fcl\u00fc: Bir h\u00fccre k\u0131smi metin i\u00e7eriyorsa<\/h2><ol type=\"1\"><li> \u0130lk olarak B1 h\u00fccresine \u201c=E\u011eER(\u201c) yaz\u0131n.<\/li><li> Bundan sonra \u201cE\u011eERSAY(\u201c) girin.<\/li><li> Daha sonra, E\u011eERSAY&#8217;\u0131n ilk ba\u011f\u0131ms\u0131z de\u011fi\u015fkeninde A1 h\u00fccresine bak\u0131n.<\/li><li> \u015eimdi kontrol etmek istedi\u011finiz de\u011feri bu de\u011ferin \u00f6n\u00fcne ve arkas\u0131na y\u0131ld\u0131z i\u015fareti koyarak girin ve i\u015flevi kapat\u0131n.<\/li><li> Sonunda, e\u011fer_do\u011fruysa de\u011fer i\u00e7in &#8220;Y&#8221;, de\u011fer_yanl\u0131\u015fsa&#8221; i\u00e7in &#8220;N&#8221; girin, kapatma parantezlerini girin ve Enter tu\u015funa bas\u0131n. <\/li><\/ol><div class=\"wp-block-image\"><figure class=\"aligncenter size-full is-resized\"><img loading=\"lazy\" decoding=\"async\" class=\"wp-image-77751\" src=\"https:\/\/exceladvisor.org\/wp-content\/uploads\/2023\/08\/2-si-formule-pour-trouver-du-texte-partiel.png\" sizes=\"auto, \" srcset=\"\" alt=\"k\u0131smi-metni-bulmak i\u00e7in-form\u00fcl\" width=\"741\" height=\"167\"><\/figure><\/div><p class=\"formula\"> =E\u011eER(E\u011eERSAY(A1,\u201d*Excel*\u201d),\u201dE\u201d,\u201dN\u201d)<\/p><p> A\u015fa\u011f\u0131daki \u00f6rnekte, sahip oldu\u011funuz ilk de\u011ferde &#8220;Excel&#8221; oldu\u011funu ve &#8220;Y&#8221; d\u00f6nd\u00fcrd\u00fc\u011f\u00fcn\u00fc g\u00f6rebilirsiniz. Ancak ikinci de\u011ferde bu de\u011fere sahip de\u011filsiniz ve sonu\u00e7ta &#8220;N&#8221; d\u00f6nd\u00fcrd\u00fc. <\/p><div class=\"wp-block-image\"><figure class=\"aligncenter size-full is-resized\"><img loading=\"lazy\" decoding=\"async\" class=\"wp-image-77752\" src=\"https:\/\/exceladvisor.org\/wp-content\/uploads\/2023\/08\/3-resultats-de-valeur-partielle.png\" sizes=\"auto, \" srcset=\"\" alt=\"k\u0131smi de\u011fer sonu\u00e7lar\u0131\" width=\"527\" height=\"272\"><\/figure><\/div><p> Bu form\u00fcl\u00fc anlamak i\u00e7in onu iki k\u0131sma ay\u0131rman\u0131z gerekir: <\/p><div class=\"wp-block-image\"><figure class=\"aligncenter size-full is-resized\"><img loading=\"lazy\" decoding=\"async\" class=\"wp-image-77753\" src=\"https:\/\/exceladvisor.org\/wp-content\/uploads\/2023\/08\/4-formule-de-rupture-en-deux-parties.png\" sizes=\"auto, \" srcset=\"\" alt=\"form\u00fcl\u00fc-iki-par\u00e7aya-b\u00f6l\" width=\"624\" height=\"352\"><\/figure><\/div><ul><li> \u0130lk b\u00f6l\u00fcmde, COUNTIF&#8217;in h\u00fccrenin k\u0131smi de\u011ferini kontrol eden joker karakterler kullanmas\u0131na sahibiz. Ve e\u011fer de\u011fer oradaysa sonu\u00e7ta 1 de\u011ferini, de\u011filse 2 de\u011ferini d\u00f6nd\u00fcr\u00fcr.<\/li><li> \u0130kinci b\u00f6l\u00fcmde IF, COUNTIF sonucunu al\u0131r ve 1&#8217;i DO\u011eRU, 0&#8217;\u0131 YANLI\u015e olarak kullan\u0131r. Yani e\u011fer DO\u011eRU ise Y de\u011ferini, YANLI\u015e ise N de\u011ferini d\u00f6nd\u00fcr\u00fcr.<\/li><\/ul><h2 class=\"wp-block-heading\"> Bir h\u00fccre k\u0131smi metin i\u00e7eriyorsa (SEARCH + ESTNUM)<\/h2><p> H\u00fccrede k\u0131smi bir de\u011ferin mevcut olup olmad\u0131\u011f\u0131n\u0131 kontrol etmek i\u00e7in LOOKUP, ISNUM ve IF&#8217;yi birle\u015ftiren bir form\u00fcl de kullanabilirsiniz. <\/p><div class=\"wp-block-image\"><figure class=\"aligncenter size-full is-resized\"><img loading=\"lazy\" decoding=\"async\" class=\"wp-image-77755\" src=\"https:\/\/exceladvisor.org\/wp-content\/uploads\/2023\/08\/5-si-la-recherche-est-un-nombre-pour-trouver-une-partie-du-texte.png\" sizes=\"auto, \" srcset=\"\" alt=\"e\u011fer-arama-k\u0131smi-metin-bulunacak-bir-say\u0131ysa\" width=\"553\" height=\"387\"><\/figure><\/div><p id=\"formula\"> =E\u011eER(E\u011eERSAYI(ARAMA(\u201cExcel*\u201d, A1)),\u201dE\u201d,\u201dN\u201d)<\/p><p> Bu form\u00fcl, de\u011feri kontrol etmek i\u00e7in SEARCH ve <a href=\"https:\/\/exceladvisor.org\/tr\/joker-karakterler-2\/\" data-wpil=\"url\">Joker Karakterleri<\/a> kullan\u0131r. De\u011fer oradaysa bir say\u0131 d\u00f6nd\u00fcr\u00fcr, de\u011fer orada de\u011filse #DE\u011eER! hata.<\/p><p> Bu hatay\u0131 gidermek i\u00e7in ISNUMBER ve IF kullanman\u0131z gerekir. ISNUMBER, SEARCH sonucunun say\u0131 olup olmad\u0131\u011f\u0131n\u0131 kontrol eder ve DO\u011eRU veya YANLI\u015e de\u011ferini d\u00f6nd\u00fcr\u00fcr.<\/p><p> \u015eimdi, ISNUMBER&#8217;\u0131n sonucu DO\u011eRU ise, IF &#8216;Y&#8217; de\u011ferini d\u00f6nd\u00fcr\u00fcr ve YANLI\u015e ise IF &#8216;N&#8217; de\u011ferini d\u00f6nd\u00fcr\u00fcr. <\/p><div class=\"gb-container gb-container-52dfcee1 gb-container-sample-file\"><h2 class=\"gb-headline gb-headline-e289c143 gb-headline-text gb-headline-4f7959c2\"> Excel dosyas\u0131n\u0131 al\u0131n<\/h2><p> <a class=\"gb-button gb-button-e88d6bee gb-button-text gb-button-button1\" href=\"https:\/\/exceladvisor.org\/wp-content\/uploads\/2023\/11\/si-les-cellules-contiennent-du-texte-partiel.xlsx\" rel=\"nofollow\">\u0130ndirmek<\/a><\/p><\/div><div class=\"gb-container gb-container-0df56012 gb-container-mt\"> <a class=\"gb-button gb-button-f9f432f4 gb-button-text gb-button-mt-button\" href=\"https:\/\/exceladvisor.org\/tr\/formuller\/\">Excel form\u00fcllerinin listesi<\/a><h2 class=\"gb-headline gb-headline-233444e8 gb-headline-text gb-headline-mt-heading\"> \u0130lgili form\u00fcller <\/h2><div class=\"gb-grid-wrapper gb-grid-wrapper-a16fa65c gb-grid-wrapper-mt-grid\"><div class=\"gb-grid-column gb-grid-column-50d07e0d\"><div class=\"gb-container gb-container-50d07e0d\"><ul><li> <a href=\"https:\/\/exceladvisor.org\/tr\/sifirsa-o-zaman-bos\/\">IF 0&#8217;\u0131 (s\u0131f\u0131r) kontrol edin ve ard\u0131ndan Excel&#8217;de bo\u015f b\u0131rak\u0131n<\/a><\/li><li> <a href=\"https:\/\/exceladvisor.org\/tr\/bir-aralikta-bir-degerin-olup-olmadigini-kontrol-edin\/\">Excel&#8217;de bir aral\u0131kta bir de\u011ferin olup olmad\u0131\u011f\u0131n\u0131 kontrol edin<\/a><\/li><li> <a href=\"https:\/\/exceladvisor.org\/tr\/eger-ve-1\/\">Excel&#8217;de E\u011eER ve VE i\u015flevlerini birle\u015ftirme<\/a><\/li><li> <a href=\"https:\/\/exceladvisor.org\/tr\/eger-veya-1\/\">Excel&#8217;de IF ve OR i\u015flevlerini birle\u015ftirme<\/a><\/li><li> <a href=\"https:\/\/exceladvisor.org\/tr\/hucre-bossa\/\">IF H\u00fccresi Excel&#8217;de IF + ISBLANK kullan\u0131larak bo\u015f (bo\u015f)<\/a><\/li><li> <a href=\"https:\/\/exceladvisor.org\/tr\/negatifse-sifir\/\">Negatifse Excel&#8217;de s\u0131f\u0131r (0)<\/a> <\/li><\/ul><\/div><\/div><div class=\"gb-grid-column gb-grid-column-5b4a0cf9\"><div class=\"gb-container gb-container-5b4a0cf9\"><\/div><\/div><\/div><\/div>","protected":false},"excerpt":{"rendered":"","protected":false},"author":1,"featured_media":0,"parent":0,"menu_order":0,"comment_status":"open","ping_status":"closed","template":"","meta":{"ub_ctt_via":"","footnotes":""},"class_list":["post-1736","page","type-page","status-publish","hentry"],"featured_image_src":null,"yoast_head":"<!-- This site is optimized with the Yoast SEO plugin v25.4 - https:\/\/yoast.com\/wordpress\/plugins\/seo\/ -->\n<title>\u25b7 Bir h\u00fccrenin k\u0131smi metin i\u00e7erip i\u00e7ermedi\u011fi nas\u0131l kontrol edilir?<\/title>\n<meta name=\"description\" content=\"Bu derste, bir h\u00fccrenin metin i\u00e7erip i\u00e7ermedi\u011fini kontrol etmek i\u00e7in IF i\u015flevini kullanarak bir ko\u015fulun nas\u0131l yaz\u0131laca\u011f\u0131n\u0131 \u00f6\u011frenece\u011fiz\" \/>\n<meta name=\"robots\" content=\"index, follow, max-snippet:-1, max-image-preview:large, max-video-preview:-1\" \/>\n<link rel=\"canonical\" href=\"https:\/\/exceladvisor.org\/tr\/hucre-bir-parca-iceriyorsa\/\" \/>\n<meta property=\"og:locale\" content=\"tr_TR\" \/>\n<meta property=\"og:type\" content=\"article\" \/>\n<meta property=\"og:title\" content=\"\u25b7 Bir h\u00fccrenin k\u0131smi metin i\u00e7erip i\u00e7ermedi\u011fi nas\u0131l kontrol edilir?\" \/>\n<meta property=\"og:description\" content=\"Bu derste, bir h\u00fccrenin metin i\u00e7erip i\u00e7ermedi\u011fini kontrol etmek i\u00e7in IF i\u015flevini kullanarak bir ko\u015fulun nas\u0131l yaz\u0131laca\u011f\u0131n\u0131 \u00f6\u011frenece\u011fiz\" \/>\n<meta property=\"og:url\" content=\"https:\/\/exceladvisor.org\/tr\/hucre-bir-parca-iceriyorsa\/\" \/>\n<meta property=\"og:site_name\" content=\"Excel Advisor\" \/>\n<meta property=\"article:modified_time\" content=\"2023-12-10T05:58:55+00:00\" \/>\n<meta property=\"og:image\" content=\"https:\/\/exceladvisor.org\/wp-content\/uploads\/2023\/08\/1-verifier-si-la-cellule-contient-du-texte-partiel.png\" \/>\n<meta name=\"twitter:card\" content=\"summary_large_image\" \/>\n<meta name=\"twitter:label1\" content=\"Tahmini okuma s\u00fcresi\" \/>\n\t<meta name=\"twitter:data1\" content=\"3 dakika\" \/>\n<script type=\"application\/ld+json\" class=\"yoast-schema-graph\">{\"@context\":\"https:\/\/schema.org\",\"@graph\":[{\"@type\":\"WebPage\",\"@id\":\"https:\/\/exceladvisor.org\/tr\/hucre-bir-parca-iceriyorsa\/\",\"url\":\"https:\/\/exceladvisor.org\/tr\/hucre-bir-parca-iceriyorsa\/\",\"name\":\"\u25b7 Bir h\u00fccrenin k\u0131smi metin i\u00e7erip i\u00e7ermedi\u011fi nas\u0131l kontrol edilir?\",\"isPartOf\":{\"@id\":\"https:\/\/exceladvisor.org\/tr\/#website\"},\"primaryImageOfPage\":{\"@id\":\"https:\/\/exceladvisor.org\/tr\/hucre-bir-parca-iceriyorsa\/#primaryimage\"},\"image\":{\"@id\":\"https:\/\/exceladvisor.org\/tr\/hucre-bir-parca-iceriyorsa\/#primaryimage\"},\"thumbnailUrl\":\"https:\/\/exceladvisor.org\/wp-content\/uploads\/2023\/08\/1-verifier-si-la-cellule-contient-du-texte-partiel.png\",\"datePublished\":\"2023-11-08T19:50:50+00:00\",\"dateModified\":\"2023-12-10T05:58:55+00:00\",\"description\":\"Bu derste, bir h\u00fccrenin metin i\u00e7erip i\u00e7ermedi\u011fini kontrol etmek i\u00e7in IF i\u015flevini kullanarak bir ko\u015fulun nas\u0131l yaz\u0131laca\u011f\u0131n\u0131 \u00f6\u011frenece\u011fiz\",\"breadcrumb\":{\"@id\":\"https:\/\/exceladvisor.org\/tr\/hucre-bir-parca-iceriyorsa\/#breadcrumb\"},\"inLanguage\":\"tr\",\"potentialAction\":[{\"@type\":\"ReadAction\",\"target\":[\"https:\/\/exceladvisor.org\/tr\/hucre-bir-parca-iceriyorsa\/\"]}]},{\"@type\":\"ImageObject\",\"inLanguage\":\"tr\",\"@id\":\"https:\/\/exceladvisor.org\/tr\/hucre-bir-parca-iceriyorsa\/#primaryimage\",\"url\":\"https:\/\/exceladvisor.org\/wp-content\/uploads\/2023\/08\/1-verifier-si-la-cellule-contient-du-texte-partiel.png\",\"contentUrl\":\"https:\/\/exceladvisor.org\/wp-content\/uploads\/2023\/08\/1-verifier-si-la-cellule-contient-du-texte-partiel.png\"},{\"@type\":\"BreadcrumbList\",\"@id\":\"https:\/\/exceladvisor.org\/tr\/hucre-bir-parca-iceriyorsa\/#breadcrumb\",\"itemListElement\":[{\"@type\":\"ListItem\",\"position\":1,\"name\":\"Ev\",\"item\":\"https:\/\/exceladvisor.org\/tr\/\"},{\"@type\":\"ListItem\",\"position\":2,\"name\":\"Bir h\u00fccrenin k\u0131smi metin i\u00e7erip i\u00e7ermedi\u011fi nas\u0131l kontrol edilir?\"}]},{\"@type\":\"WebSite\",\"@id\":\"https:\/\/exceladvisor.org\/tr\/#website\",\"url\":\"https:\/\/exceladvisor.org\/tr\/\",\"name\":\"Excel Advisor\",\"description\":\"Veri hakimiyetine y\u00f6nelik nihai rehberiniz!\",\"publisher\":{\"@id\":\"https:\/\/exceladvisor.org\/tr\/#organization\"},\"potentialAction\":[{\"@type\":\"SearchAction\",\"target\":{\"@type\":\"EntryPoint\",\"urlTemplate\":\"https:\/\/exceladvisor.org\/tr\/?s={search_term_string}\"},\"query-input\":{\"@type\":\"PropertyValueSpecification\",\"valueRequired\":true,\"valueName\":\"search_term_string\"}}],\"inLanguage\":\"tr\"},{\"@type\":\"Organization\",\"@id\":\"https:\/\/exceladvisor.org\/tr\/#organization\",\"name\":\"Excel Advisor\",\"url\":\"https:\/\/exceladvisor.org\/tr\/\",\"logo\":{\"@type\":\"ImageObject\",\"inLanguage\":\"tr\",\"@id\":\"https:\/\/exceladvisor.org\/tr\/#\/schema\/logo\/image\/\",\"url\":\"https:\/\/exceladvisor.org\/tr\/wp-content\/uploads\/2023\/12\/exceladvisor.org_.png\",\"contentUrl\":\"https:\/\/exceladvisor.org\/tr\/wp-content\/uploads\/2023\/12\/exceladvisor.org_.png\",\"width\":105,\"height\":36,\"caption\":\"Excel Advisor\"},\"image\":{\"@id\":\"https:\/\/exceladvisor.org\/tr\/#\/schema\/logo\/image\/\"}}]}<\/script>\n<!-- \/ Yoast SEO plugin. -->","yoast_head_json":{"title":"\u25b7 Bir h\u00fccrenin k\u0131smi metin i\u00e7erip i\u00e7ermedi\u011fi nas\u0131l kontrol edilir?","description":"Bu derste, bir h\u00fccrenin metin i\u00e7erip i\u00e7ermedi\u011fini kontrol etmek i\u00e7in IF i\u015flevini kullanarak bir ko\u015fulun nas\u0131l yaz\u0131laca\u011f\u0131n\u0131 \u00f6\u011frenece\u011fiz","robots":{"index":"index","follow":"follow","max-snippet":"max-snippet:-1","max-image-preview":"max-image-preview:large","max-video-preview":"max-video-preview:-1"},"canonical":"https:\/\/exceladvisor.org\/tr\/hucre-bir-parca-iceriyorsa\/","og_locale":"tr_TR","og_type":"article","og_title":"\u25b7 Bir h\u00fccrenin k\u0131smi metin i\u00e7erip i\u00e7ermedi\u011fi nas\u0131l kontrol edilir?","og_description":"Bu derste, bir h\u00fccrenin metin i\u00e7erip i\u00e7ermedi\u011fini kontrol etmek i\u00e7in IF i\u015flevini kullanarak bir ko\u015fulun nas\u0131l yaz\u0131laca\u011f\u0131n\u0131 \u00f6\u011frenece\u011fiz","og_url":"https:\/\/exceladvisor.org\/tr\/hucre-bir-parca-iceriyorsa\/","og_site_name":"Excel Advisor","article_modified_time":"2023-12-10T05:58:55+00:00","og_image":[{"url":"https:\/\/exceladvisor.org\/wp-content\/uploads\/2023\/08\/1-verifier-si-la-cellule-contient-du-texte-partiel.png","type":"","width":"","height":""}],"twitter_card":"summary_large_image","twitter_misc":{"Tahmini okuma s\u00fcresi":"3 dakika"},"schema":{"@context":"https:\/\/schema.org","@graph":[{"@type":"WebPage","@id":"https:\/\/exceladvisor.org\/tr\/hucre-bir-parca-iceriyorsa\/","url":"https:\/\/exceladvisor.org\/tr\/hucre-bir-parca-iceriyorsa\/","name":"\u25b7 Bir h\u00fccrenin k\u0131smi metin i\u00e7erip i\u00e7ermedi\u011fi nas\u0131l kontrol edilir?","isPartOf":{"@id":"https:\/\/exceladvisor.org\/tr\/#website"},"primaryImageOfPage":{"@id":"https:\/\/exceladvisor.org\/tr\/hucre-bir-parca-iceriyorsa\/#primaryimage"},"image":{"@id":"https:\/\/exceladvisor.org\/tr\/hucre-bir-parca-iceriyorsa\/#primaryimage"},"thumbnailUrl":"https:\/\/exceladvisor.org\/wp-content\/uploads\/2023\/08\/1-verifier-si-la-cellule-contient-du-texte-partiel.png","datePublished":"2023-11-08T19:50:50+00:00","dateModified":"2023-12-10T05:58:55+00:00","description":"Bu derste, bir h\u00fccrenin metin i\u00e7erip i\u00e7ermedi\u011fini kontrol etmek i\u00e7in IF i\u015flevini kullanarak bir ko\u015fulun nas\u0131l yaz\u0131laca\u011f\u0131n\u0131 \u00f6\u011frenece\u011fiz","breadcrumb":{"@id":"https:\/\/exceladvisor.org\/tr\/hucre-bir-parca-iceriyorsa\/#breadcrumb"},"inLanguage":"tr","potentialAction":[{"@type":"ReadAction","target":["https:\/\/exceladvisor.org\/tr\/hucre-bir-parca-iceriyorsa\/"]}]},{"@type":"ImageObject","inLanguage":"tr","@id":"https:\/\/exceladvisor.org\/tr\/hucre-bir-parca-iceriyorsa\/#primaryimage","url":"https:\/\/exceladvisor.org\/wp-content\/uploads\/2023\/08\/1-verifier-si-la-cellule-contient-du-texte-partiel.png","contentUrl":"https:\/\/exceladvisor.org\/wp-content\/uploads\/2023\/08\/1-verifier-si-la-cellule-contient-du-texte-partiel.png"},{"@type":"BreadcrumbList","@id":"https:\/\/exceladvisor.org\/tr\/hucre-bir-parca-iceriyorsa\/#breadcrumb","itemListElement":[{"@type":"ListItem","position":1,"name":"Ev","item":"https:\/\/exceladvisor.org\/tr\/"},{"@type":"ListItem","position":2,"name":"Bir h\u00fccrenin k\u0131smi metin i\u00e7erip i\u00e7ermedi\u011fi nas\u0131l kontrol edilir?"}]},{"@type":"WebSite","@id":"https:\/\/exceladvisor.org\/tr\/#website","url":"https:\/\/exceladvisor.org\/tr\/","name":"Excel Advisor","description":"Veri hakimiyetine y\u00f6nelik nihai rehberiniz!","publisher":{"@id":"https:\/\/exceladvisor.org\/tr\/#organization"},"potentialAction":[{"@type":"SearchAction","target":{"@type":"EntryPoint","urlTemplate":"https:\/\/exceladvisor.org\/tr\/?s={search_term_string}"},"query-input":{"@type":"PropertyValueSpecification","valueRequired":true,"valueName":"search_term_string"}}],"inLanguage":"tr"},{"@type":"Organization","@id":"https:\/\/exceladvisor.org\/tr\/#organization","name":"Excel Advisor","url":"https:\/\/exceladvisor.org\/tr\/","logo":{"@type":"ImageObject","inLanguage":"tr","@id":"https:\/\/exceladvisor.org\/tr\/#\/schema\/logo\/image\/","url":"https:\/\/exceladvisor.org\/tr\/wp-content\/uploads\/2023\/12\/exceladvisor.org_.png","contentUrl":"https:\/\/exceladvisor.org\/tr\/wp-content\/uploads\/2023\/12\/exceladvisor.org_.png","width":105,"height":36,"caption":"Excel Advisor"},"image":{"@id":"https:\/\/exceladvisor.org\/tr\/#\/schema\/logo\/image\/"}}]}},"yoast_meta":{"yoast_wpseo_title":"","yoast_wpseo_metadesc":"","yoast_wpseo_canonical":""},"_links":{"self":[{"href":"https:\/\/exceladvisor.org\/tr\/wp-json\/wp\/v2\/pages\/1736","targetHints":{"allow":["GET"]}}],"collection":[{"href":"https:\/\/exceladvisor.org\/tr\/wp-json\/wp\/v2\/pages"}],"about":[{"href":"https:\/\/exceladvisor.org\/tr\/wp-json\/wp\/v2\/types\/page"}],"author":[{"embeddable":true,"href":"https:\/\/exceladvisor.org\/tr\/wp-json\/wp\/v2\/users\/1"}],"replies":[{"embeddable":true,"href":"https:\/\/exceladvisor.org\/tr\/wp-json\/wp\/v2\/comments?post=1736"}],"version-history":[{"count":1,"href":"https:\/\/exceladvisor.org\/tr\/wp-json\/wp\/v2\/pages\/1736\/revisions"}],"predecessor-version":[{"id":2280,"href":"https:\/\/exceladvisor.org\/tr\/wp-json\/wp\/v2\/pages\/1736\/revisions\/2280"}],"wp:attachment":[{"href":"https:\/\/exceladvisor.org\/tr\/wp-json\/wp\/v2\/media?parent=1736"}],"curies":[{"name":"wp","href":"https:\/\/api.w.org\/{rel}","templated":true}]}}