{"id":1737,"date":"2023-11-08T13:20:18","date_gmt":"2023-11-08T13:20:18","guid":{"rendered":"https:\/\/exceladvisor.org\/tr\/satis-raporu\/"},"modified":"2023-12-10T06:03:40","modified_gmt":"2023-12-10T06:03:40","slug":"satis-raporu","status":"publish","type":"page","link":"https:\/\/exceladvisor.org\/tr\/satis-raporu\/","title":{"rendered":"Excel&#39;deki sat\u0131\u015f raporu \u015fablonu"},"content":{"rendered":"<div class=\"excel-icerikten-once\" id=\"excel-3564734222\"><script type=\"text\/javascript\">\r\n\tatOptions = {\r\n\t\t'key' : 'c1158f160081d6540a8409e6925dab94',\r\n\t\t'format' : 'iframe',\r\n\t\t'height' : 250,\r\n\t\t'width' : 300,\r\n\t\t'params' : {}\r\n\t};\r\n<\/script>\r\n<script type=\"text\/javascript\" src=\"\/\/www.highperformanceformat.com\/c1158f160081d6540a8409e6925dab94\/invoke.js\"><\/script><\/div> <div class=\"wp-block-image\"><figure class=\"aligncenter\">Excel&#8217;de olu\u015fturdu\u011fum ilk \u015fablonlardan biri g\u00fcnl\u00fck sat\u0131\u015f raporu i\u00e7indi. Bunu yaparken \u00f6\u011frendi\u011fim bir \u015fey var: H\u0131zl\u0131 ve kullan\u0131m\u0131 kolay bir formata ihtiyac\u0131n\u0131z var.<\/figure><\/div><p> <em>Bug\u00fcn patronumla payla\u015ft\u0131\u011f\u0131m en sevdi\u011fim tasar\u0131mlardan birini sizlerle payla\u015fmak istiyorum. Sat\u0131\u015flar d\u00fc\u015fse bile bu g\u00fcnl\u00fck sat\u0131\u015f modelinin patronunuzu g\u00fcl\u00fcmsetece\u011finden eminim. Peki en iyisini biliyor musun?<\/em><\/p><p> Bu, anla\u015f\u0131lmas\u0131 kolay bir formata sahip, tek sayfal\u0131k bir \u015fablondur. Ancak indirmeden \u00f6nce nas\u0131l kullan\u0131laca\u011f\u0131n\u0131 ve bu \u015fablonun \u00f6zelliklerinin neler oldu\u011funu anlatay\u0131m.<\/p><h2 id=\"tab-con-1\" class=\"wp-block-heading\"> \u00d6zellikler<\/h2><p> Baz\u0131 temel \u00f6zellikler bu \u015fablonun kullan\u0131m\u0131n\u0131 kolayla\u015ft\u0131r\u0131r. Bu \u00f6zelliklerin ayr\u0131nt\u0131l\u0131 bir g\u00f6r\u00fcn\u00fcm\u00fcn\u00fc elde etmek i\u00e7in okumaya devam edin.<\/p><h3 class=\"wp-block-heading\"> 1. G\u00fcnl\u00fck sat\u0131\u015flar ve ayl\u0131k hedef<\/h3><p> G\u00fcnl\u00fck performans\u0131 takip etmek i\u00e7in bir grafi\u011finiz vard\u0131r ve bu grafikte hedefe y\u00f6nelik g\u00fcnl\u00fck performans\u0131 g\u00f6rebilirsiniz. G\u00fcnl\u00fck sat\u0131\u015flar\u0131 hedefle kar\u015f\u0131la\u015ft\u0131rmak i\u00e7in bu grafikte bir hedef \u00e7izgimiz var. <\/p><div class=\"wp-block-image\"><figure class=\"aligncenter\"><img decoding=\"async\" src=\"https:\/\/exceladvisor.org\/wp-content\/uploads\/2023\/08\/tableau-des-ventes-par-jour-dans-le-modele-de-rapport-des-ventes-quotidiennes-1.png\" sizes=\"\" srcset=\"\" alt=\"G\u00fcnl\u00fck sat\u0131\u015f raporu \u015fablonunda g\u00fcnl\u00fck sat\u0131\u015f grafi\u011fi\"><\/figure><\/div><p> Ayl\u0131k hedefinizi girdi\u011finizde bu \u015fablon bunu g\u00fcnl\u00fck ortalamaya d\u00f6n\u00fc\u015ft\u00fcr\u00fcr. Ve bu hedef g\u00fcnl\u00fck performans\u0131n\u0131z i\u00e7in bir referans olacakt\u0131r. \u00dcst k\u0131s\u0131mdaki k\u00fc\u00e7\u00fck bir mesaj kutusu size ay boyunca ihtiyac\u0131n\u0131z olan g\u00fcnl\u00fck ortalamay\u0131 hat\u0131rlatacakt\u0131r.<\/p><h3 class=\"wp-block-heading\"> 2. Toplam hedef ve ger\u00e7ek ba\u015far\u0131 [Y\u00fczde]<\/h3><p> G\u00fcnl\u00fck sat\u0131\u015f grafi\u011fimizin yan\u0131nda, elde edilen toplam y\u00fczdeyi g\u00f6steren <a style=\"outline: none;\" href=\"https:\/\/exceladvisor.org\/tr\/termometre-masasi\/\">termometre grafi\u011fi<\/a> bulunmaktad\u0131r. <\/p><div class=\"wp-block-image\"><figure class=\"aligncenter\"><img decoding=\"async\" src=\"https:\/\/exceladvisor.org\/wp-content\/uploads\/2023\/08\/tableau-des-realisations-totales-dans-le-modele-de-rapport-des-ventes-quotidiennes-1.png\" sizes=\"\" srcset=\"\" alt=\"G\u00fcnl\u00fck sat\u0131\u015f raporu \u015fablonundaki toplam ba\u015far\u0131lar tablosu\"><\/figure><\/div><p> Bu basit grafik, ay\u0131n ba\u015f\u0131ndan bu yana neler ba\u015fard\u0131\u011f\u0131n\u0131z\u0131 takip etmenize yard\u0131mc\u0131 olacakt\u0131r.<\/p><h3 class=\"wp-block-heading\"> 3. Yap\u0131lan sat\u0131\u015flar<\/h3><p> Bu b\u00f6l\u00fcmdeki ilk kutu, toplam hedefe k\u0131yasla yapt\u0131\u011f\u0131n\u0131z sat\u0131\u015flara h\u0131zl\u0131 bir genel bak\u0131\u015f sunacakt\u0131r. <\/p><div class=\"wp-block-image\"><figure class=\"aligncenter\"><img decoding=\"async\" src=\"https:\/\/exceladvisor.org\/wp-content\/uploads\/2023\/08\/note-liminaire-sur-la-realisation-du-montant-dans-le-modele-de-rapport-de-vente-quotidien.png\" sizes=\"\" srcset=\"\" alt=\"G\u00fcnl\u00fck Sat\u0131\u015f Raporu \u015eablonunda Tutar Ba\u015far\u0131s\u0131 A\u00e7\u0131l\u0131\u015f Konu\u015fmas\u0131\"><\/figure><\/div><h3 class=\"wp-block-heading\"> 4. Hedefe ula\u015fmak i\u00e7in g\u00fcnl\u00fck ortalama<\/h3><p> Sonraki kutu, ay\u0131n geri kalan g\u00fcnleri i\u00e7in y\u00f6netmeniz gereken g\u00fcnl\u00fck ortalama konusunda sizi uyar\u0131r.<\/p><p> Bu say\u0131, ay i\u00e7inde \u015fu ana kadarki performans\u0131n\u0131za ba\u011fl\u0131 olarak her g\u00fcn de\u011fi\u015fecektir. <\/p><div class=\"wp-block-image\"><figure class=\"aligncenter\"><img decoding=\"async\" src=\"https:\/\/exceladvisor.org\/wp-content\/uploads\/2023\/08\/moyenne-requise-dans-le-modele-de-rapport-de-ventes-quotidien-1.png\" sizes=\"\" srcset=\"\" alt=\"G\u00fcnl\u00fck sat\u0131\u015f raporu \u015fablonunda gereken ortalama\"><\/figure><\/div><p> G\u00fcnl\u00fck sat\u0131\u015f\u0131n\u0131z beklenen g\u00fcnl\u00fck hedefin alt\u0131ndaysa bu rakam artacak veya tam tersi olacakt\u0131r.<\/p><h3 class=\"wp-block-heading\"> 5. Ay\u0131n kalan g\u00fcnleri<\/h3><p> Bu kutu size, performans\u0131n\u0131z i\u00e7in belirleyici olan ayda kalan g\u00fcnleri g\u00f6sterecektir. <\/p><div class=\"wp-block-image\"><figure class=\"aligncenter\"><img decoding=\"async\" src=\"https:\/\/exceladvisor.org\/wp-content\/uploads\/2023\/08\/jours-restants-dans-le-mois-dans-le-modele-de-rapport-des-ventes-quotidiennes-1.png\" sizes=\"\" srcset=\"\" alt=\"G\u00fcnl\u00fck sat\u0131\u015f raporu \u015fablonunda ay olarak kalan g\u00fcn say\u0131s\u0131\"><\/figure><\/div><p> Bug\u00fcnlerde hesaplama dinamiktir.<\/p><h3 class=\"wp-block-heading\"> 6. \u00d6zel A\u00e7\u0131klamalar B\u00f6l\u00fcm\u00fc<\/h3><p> Ayr\u0131ca \u00f6zel notlar ve a\u00e7\u0131klamalar kutumuz da var. \u00d6zel notlar eklemek i\u00e7in bu b\u00f6l\u00fcm\u00fc kullanabilirsiniz. <\/p><div class=\"wp-block-image\"><figure class=\"aligncenter\"><img decoding=\"async\" src=\"https:\/\/exceladvisor.org\/wp-content\/uploads\/2023\/08\/autres-remarques-dans-le-modele-de-rapport-de-ventes-quotidien-1.png\" sizes=\"\" srcset=\"\" alt=\"g\u00fcnl\u00fck sat\u0131\u015f raporu \u015fablonundaki di\u011fer notlar\"><\/figure><\/div><p> Bu raporu patronuma g\u00f6ndermeden \u00f6nce sat\u0131\u015f ekibimden geri bildirim al\u0131rd\u0131m. Bu b\u00f6l\u00fcm\u00fc istedi\u011finiz gibi yapabilirsiniz.<\/p><h2 id=\"tab-con-3\" class=\"wp-block-heading\"> Giri\u015f verileri<\/h2><p> Dedi\u011fim gibi bu \u015fablonu haz\u0131rlamak \u00e7ok kolay, tek yapman\u0131z gereken a\u015fa\u011f\u0131daki verilerinizi girmek.<\/p><h3 class=\"wp-block-heading\"> 1. \u0130\u00e7inde bulundu\u011fumuz ay<\/h3><p> G\u00fcnl\u00fck sat\u0131\u015flar\u0131n\u0131z\u0131 takip etmeye ba\u015flamadan \u00f6nce i\u00e7inde bulundu\u011funuz ay\u0131 se\u00e7ti\u011finizden emin olun. Ge\u00e7erli ay\u0131n se\u00e7ilmesi, toplam g\u00fcn say\u0131s\u0131n\u0131 tan\u0131mlayaca\u011f\u0131ndan \u00f6nemlidir. Diyelim ki &#8220;Eyl\u00fcl&#8221;\u00fc se\u00e7tiniz, o zaman aydaki toplam g\u00fcn say\u0131s\u0131 30 olacak, &#8220;Ekim&#8221;i se\u00e7erseniz &#8220;31&#8221; olacak.<\/p><p> Bunu yapmak i\u00e7in, ge\u00e7erli ay\u0131 se\u00e7mek \u00fczere bu a\u00e7\u0131l\u0131r men\u00fcy\u00fc kullanman\u0131z yeterlidir. <\/p><div class=\"wp-block-image\"><figure class=\"aligncenter\"><img decoding=\"async\" src=\"https:\/\/exceladvisor.org\/wp-content\/uploads\/2023\/08\/deroulant-pour-selectionner-le-mois-dans-le-modele-de-rapport-des-ventes-quotidiennes-1.png\" sizes=\"\" srcset=\"\" alt=\"G\u00fcnl\u00fck sat\u0131\u015f raporu \u015fablonunda ay\u0131 se\u00e7mek i\u00e7in a\u00e7\u0131l\u0131r liste\"><\/figure><\/div><h3 class=\"wp-block-heading\"> 2. Ayl\u0131k hedefler<\/h3><p> \u0130\u00e7inde bulundu\u011funuz ay\u0131 se\u00e7tikten sonra girece\u011finiz bir sonraki \u015fey ayl\u0131k hedefinizdir. Ayl\u0131k hedefiniz ile aydaki toplam g\u00fcn say\u0131s\u0131 aras\u0131nda do\u011frudan bir ba\u011flant\u0131 vard\u0131r.<\/p><p> Ayl\u0131k hedefinizi girdi\u011finiz anda toplam hedefe ula\u015fmak i\u00e7in ihtiyac\u0131m\u0131z olan g\u00fcnl\u00fck ortalamay\u0131 hesaplar.<\/p><p> Ayl\u0131k hedefiniz 50.000$ ise ve ay\u0131n g\u00fcnleri 31 ise g\u00fcnl\u00fck ortalama 1.613$ olacakt\u0131r.<\/p><p> Bu nedenle, ayl\u0131k hedefinizi A34 h\u00fccresine girmeniz yeterlidir. <\/p><div class=\"wp-block-image\"><figure class=\"aligncenter\"><img decoding=\"async\" src=\"https:\/\/exceladvisor.org\/wp-content\/uploads\/2023\/08\/objectif-mensuel-dans-le-modele-de-rapport-de-ventes-quotidien-1.png\" sizes=\"\" srcset=\"\" alt=\"G\u00fcnl\u00fck sat\u0131\u015f raporu \u015fablonundaki ayl\u0131k hedef\"><\/figure><\/div><p> Bu sat\u0131\u015f format\u0131n\u0131n en iyi k\u0131sm\u0131n\u0131n en iyisini biliyor musunuz? Veri girmek i\u00e7in \u00e7ok az \u00e7aba harcaman\u0131z gerekir.<\/p><h3 class=\"wp-block-heading\"> 3. G\u00fcnl\u00fck Sat\u0131\u015flar<\/h3><p> \u015eimdi \u201cDay Wise Sale\u201de girmek i\u00e7in ihtiyac\u0131n\u0131z olan en \u00f6nemli \u015fey burada. A\u015fa\u011f\u0131daki tabloya g\u00fcnl\u00fck olarak sat\u0131\u015flar\u0131n\u0131z\u0131 girebilirsiniz. Ve bunu yapt\u0131\u011f\u0131n\u0131zda hesaplama modelin tamam\u0131nda g\u00fcncellenecektir. <\/p><div class=\"wp-block-image\"><figure class=\"aligncenter\"><img decoding=\"async\" src=\"https:\/\/exceladvisor.org\/wp-content\/uploads\/2023\/08\/entree-des-ventes-par-jour-dans-le-modele-de-rapport-des-ventes-quotidiennes-1.png\" sizes=\"\" srcset=\"\" alt=\"G\u00fcnl\u00fck sat\u0131\u015f raporu \u015fablonuna g\u00fcnl\u00fck sat\u0131\u015flar\u0131n girilmesi\"><\/figure><\/div><p> Her g\u00fcn yapman\u0131z gereken tek \u015fey bu \u00e7\u00fcnk\u00fc di\u011ferleri tek seferlik giri\u015fler.<\/p><p> 30 g\u00fcnl\u00fck bir ay se\u00e7tiyseniz yaln\u0131zca 30 g\u00fcnl\u00fck indirim girmeniz gerekir. Ve 31 g\u00fcn boyunca 31 g\u00fcn boyunca giri\u015f sat\u0131\u015flar\u0131. Bu g\u00fcnl\u00fck sat\u0131\u015f raporu \u015fablonu tamamen dinamiktir. Herhangi bir de\u011fi\u015fiklik yapman\u0131za gerek yoktur. Ancak yine de \u00f6zelle\u015ftirmek istiyorsan\u0131z beni takip edin.<\/p><h2 id=\"tab-con-6\" class=\"wp-block-heading\"> Ki\u015fiselle\u015ftirme<\/h2><p> Bu \u015fablonu \u00f6zelle\u015ftirmeden \u00f6nce e-tablonun kilidini a\u00e7t\u0131\u011f\u0131n\u0131zdan emin olun. Bu g\u00fcnl\u00fck sat\u0131\u015f raporu \u015fablonunu \u00f6zelle\u015ftirmek istiyorsan\u0131z burada sizin i\u00e7in baz\u0131 \u00f6nemli noktalar var.<\/p><h3 class=\"wp-block-heading\"> 1. Para birimi bi\u00e7imini de\u011fi\u015ftirin<\/h3><p> Bu \u015fablonda para birimi format\u0131 olarak dolar kulland\u0131m. Ancak bu format\u0131 de\u011fi\u015ftirmek istiyorsan\u0131z bu k\u00fc\u00e7\u00fck ayarlamay\u0131 yapman\u0131z yeterli.<\/p><ul><li> $ bi\u00e7imini yap\u0131\u015ft\u0131rd\u0131\u011f\u0131m A40 h\u00fccresine gidin. <\/li><\/ul><figure class=\"wp-block-image\"><img decoding=\"async\" src=\"https:\/\/exceladvisor.org\/wp-content\/uploads\/2023\/08\/changer-le-format-de-la-devise-dans-le-modele-de-rapport-des-ventes-quotidiennes-1.png\" sizes=\"\" srcset=\"\" alt=\"g\u00fcnl\u00fck sat\u0131\u015f raporu \u015fablonunda para birimi bi\u00e7imini de\u011fi\u015ftirme\"><\/figure><ul><li> Dolar format\u0131n\u0131 istedi\u011finiz \u015fekilde de\u011fi\u015ftirmeniz yeterli.<\/li><\/ul><p> A40 h\u00fccresinin h\u00fccre bi\u00e7imini metin olarak saklad\u0131\u011f\u0131n\u0131zdan emin olun.<\/p><h3 class=\"wp-block-heading\"> 2. A\u00e7\u0131l\u0131\u015f mesajlar\u0131n\u0131 d\u00fczenleyin<\/h3><p> Baz\u0131 \u00f6nemli mesajlar\u0131 de\u011fi\u015ftirmek i\u00e7in AG26:AG37&#8217;yi de\u011fi\u015ftirmeniz yeterlidir. Bu h\u00fccre aral\u0131\u011f\u0131, bu \u015fablonda kullan\u0131lan t\u00fcm mesajlar\u0131 i\u00e7erir. Yaz\u0131 tipi rengini beyaza \u00e7evirerek ve g\u00f6r\u00fcn\u00fcr olmas\u0131na dikkat ederek mesajlar\u0131 gizlerim.<\/p><h2 id=\"tab-con-4\" class=\"wp-block-heading\"> [\u0130ndirmek]<\/h2><p> Kendiniz denemek i\u00e7in <a style=\"outline: none;\" href=\"https:\/\/exceladvisor.org\/wp-content\/uploads\/2023\/11\/modele-de-rapport-de-vente-quotidien-v2023.xlsx\" rel=\"nofollow\">bu \u015fablonu buradan indirin<\/a> .<\/p><h3 id=\"tab-con-2\" class=\"wp-block-heading\"> \u00c7\u00f6z\u00fcm<\/h3><p> Bu g\u00fcnl\u00fck sat\u0131\u015f raporu \u015fablonu, patronunuza g\u00fcnl\u00fck sat\u0131\u015flarla ilgili h\u0131zl\u0131 bir izlenim verecektir. Bu format\u0131 herkesin saniyeler i\u00e7inde anlayabilece\u011fi bir ger\u00e7ektir ancak haz\u0131rlanmas\u0131n\u0131n son derece kolay oldu\u011fu da bir ger\u00e7ektir.<\/p><p> Bu \u015fablonu arkada\u015flar\u0131n\u0131zla payla\u015fmay\u0131 unutmay\u0131n.<\/p><h2 class=\"wp-block-heading\"> Daha fazla model<\/h2><ul><li> <a style=\"outline: none;\" href=\"https:\/\/exceladvisor.org\/tr\/envanter-yonetimi-sablonu-excel-vba-kullanici-formlari\/\">Excel&#8217;de Envanter Takibi<\/a><\/li><li> <a style=\"outline: none;\" href=\"https:\/\/exceladvisor.org\/tr\/gantt-semasi\/\">Excel&#8217;deki Gantt \u015femas\u0131 \u015fablonu<\/a><\/li><li> <a style=\"outline: none;\" href=\"https:\/\/exceladvisor.org\/tr\/gider-takibi\/\" data-wpil=\"url\">Excel&#8217;de Ayl\u0131k Gider Takip \u015eablonu<\/a><\/li><\/ul>","protected":false},"excerpt":{"rendered":"","protected":false},"author":1,"featured_media":0,"parent":0,"menu_order":0,"comment_status":"open","ping_status":"closed","template":"","meta":{"ub_ctt_via":"","footnotes":""},"class_list":["post-1737","page","type-page","status-publish","hentry"],"featured_image_src":null,"yoast_head":"<!-- This site is optimized with the Yoast SEO plugin v25.4 - https:\/\/yoast.com\/wordpress\/plugins\/seo\/ -->\n<title>\u25b7 Excel&#039;de Sat\u0131\u015f Raporu \u015eablonu (\u00dccretsiz 2023)<\/title>\n<meta name=\"description\" content=\"Size bu g\u00fcnl\u00fck sat\u0131\u015f raporu \u015fablonunu vermekten \u00e7ok mutluyum. En iyi k\u0131sm\u0131 biliyor musun, bu bir model\" \/>\n<meta name=\"robots\" content=\"index, follow, max-snippet:-1, max-image-preview:large, max-video-preview:-1\" \/>\n<link rel=\"canonical\" href=\"https:\/\/exceladvisor.org\/tr\/satis-raporu\/\" \/>\n<meta property=\"og:locale\" content=\"tr_TR\" \/>\n<meta property=\"og:type\" content=\"article\" \/>\n<meta property=\"og:title\" content=\"\u25b7 Excel&#039;de Sat\u0131\u015f Raporu \u015eablonu (\u00dccretsiz 2023)\" \/>\n<meta property=\"og:description\" content=\"Size bu g\u00fcnl\u00fck sat\u0131\u015f raporu \u015fablonunu vermekten \u00e7ok mutluyum. En iyi k\u0131sm\u0131 biliyor musun, bu bir model\" \/>\n<meta property=\"og:url\" content=\"https:\/\/exceladvisor.org\/tr\/satis-raporu\/\" \/>\n<meta property=\"og:site_name\" content=\"Excel Advisor\" \/>\n<meta property=\"article:modified_time\" content=\"2023-12-10T06:03:40+00:00\" \/>\n<meta property=\"og:image\" content=\"https:\/\/exceladvisor.org\/wp-content\/uploads\/2023\/08\/tableau-des-ventes-par-jour-dans-le-modele-de-rapport-des-ventes-quotidiennes-1.png\" \/>\n<meta name=\"twitter:card\" content=\"summary_large_image\" \/>\n<meta name=\"twitter:label1\" content=\"Tahmini okuma s\u00fcresi\" \/>\n\t<meta name=\"twitter:data1\" content=\"5 dakika\" \/>\n<script type=\"application\/ld+json\" class=\"yoast-schema-graph\">{\"@context\":\"https:\/\/schema.org\",\"@graph\":[{\"@type\":\"WebPage\",\"@id\":\"https:\/\/exceladvisor.org\/tr\/satis-raporu\/\",\"url\":\"https:\/\/exceladvisor.org\/tr\/satis-raporu\/\",\"name\":\"\u25b7 Excel&#39;de Sat\u0131\u015f Raporu \u015eablonu (\u00dccretsiz 2023)\",\"isPartOf\":{\"@id\":\"https:\/\/exceladvisor.org\/tr\/#website\"},\"primaryImageOfPage\":{\"@id\":\"https:\/\/exceladvisor.org\/tr\/satis-raporu\/#primaryimage\"},\"image\":{\"@id\":\"https:\/\/exceladvisor.org\/tr\/satis-raporu\/#primaryimage\"},\"thumbnailUrl\":\"https:\/\/exceladvisor.org\/wp-content\/uploads\/2023\/08\/tableau-des-ventes-par-jour-dans-le-modele-de-rapport-des-ventes-quotidiennes-1.png\",\"datePublished\":\"2023-11-08T13:20:18+00:00\",\"dateModified\":\"2023-12-10T06:03:40+00:00\",\"description\":\"Size bu g\u00fcnl\u00fck sat\u0131\u015f raporu \u015fablonunu vermekten \u00e7ok mutluyum. En iyi k\u0131sm\u0131 biliyor musun, bu bir model\",\"breadcrumb\":{\"@id\":\"https:\/\/exceladvisor.org\/tr\/satis-raporu\/#breadcrumb\"},\"inLanguage\":\"tr\",\"potentialAction\":[{\"@type\":\"ReadAction\",\"target\":[\"https:\/\/exceladvisor.org\/tr\/satis-raporu\/\"]}]},{\"@type\":\"ImageObject\",\"inLanguage\":\"tr\",\"@id\":\"https:\/\/exceladvisor.org\/tr\/satis-raporu\/#primaryimage\",\"url\":\"https:\/\/exceladvisor.org\/wp-content\/uploads\/2023\/08\/tableau-des-ventes-par-jour-dans-le-modele-de-rapport-des-ventes-quotidiennes-1.png\",\"contentUrl\":\"https:\/\/exceladvisor.org\/wp-content\/uploads\/2023\/08\/tableau-des-ventes-par-jour-dans-le-modele-de-rapport-des-ventes-quotidiennes-1.png\"},{\"@type\":\"BreadcrumbList\",\"@id\":\"https:\/\/exceladvisor.org\/tr\/satis-raporu\/#breadcrumb\",\"itemListElement\":[{\"@type\":\"ListItem\",\"position\":1,\"name\":\"Ev\",\"item\":\"https:\/\/exceladvisor.org\/tr\/\"},{\"@type\":\"ListItem\",\"position\":2,\"name\":\"Excel&#39;deki sat\u0131\u015f raporu \u015fablonu\"}]},{\"@type\":\"WebSite\",\"@id\":\"https:\/\/exceladvisor.org\/tr\/#website\",\"url\":\"https:\/\/exceladvisor.org\/tr\/\",\"name\":\"Excel Advisor\",\"description\":\"Veri hakimiyetine y\u00f6nelik nihai rehberiniz!\",\"publisher\":{\"@id\":\"https:\/\/exceladvisor.org\/tr\/#organization\"},\"potentialAction\":[{\"@type\":\"SearchAction\",\"target\":{\"@type\":\"EntryPoint\",\"urlTemplate\":\"https:\/\/exceladvisor.org\/tr\/?s={search_term_string}\"},\"query-input\":{\"@type\":\"PropertyValueSpecification\",\"valueRequired\":true,\"valueName\":\"search_term_string\"}}],\"inLanguage\":\"tr\"},{\"@type\":\"Organization\",\"@id\":\"https:\/\/exceladvisor.org\/tr\/#organization\",\"name\":\"Excel Advisor\",\"url\":\"https:\/\/exceladvisor.org\/tr\/\",\"logo\":{\"@type\":\"ImageObject\",\"inLanguage\":\"tr\",\"@id\":\"https:\/\/exceladvisor.org\/tr\/#\/schema\/logo\/image\/\",\"url\":\"https:\/\/exceladvisor.org\/tr\/wp-content\/uploads\/2023\/12\/exceladvisor.org_.png\",\"contentUrl\":\"https:\/\/exceladvisor.org\/tr\/wp-content\/uploads\/2023\/12\/exceladvisor.org_.png\",\"width\":105,\"height\":36,\"caption\":\"Excel Advisor\"},\"image\":{\"@id\":\"https:\/\/exceladvisor.org\/tr\/#\/schema\/logo\/image\/\"}}]}<\/script>\n<!-- \/ Yoast SEO plugin. -->","yoast_head_json":{"title":"\u25b7 Excel&#39;de Sat\u0131\u015f Raporu \u015eablonu (\u00dccretsiz 2023)","description":"Size bu g\u00fcnl\u00fck sat\u0131\u015f raporu \u015fablonunu vermekten \u00e7ok mutluyum. En iyi k\u0131sm\u0131 biliyor musun, bu bir model","robots":{"index":"index","follow":"follow","max-snippet":"max-snippet:-1","max-image-preview":"max-image-preview:large","max-video-preview":"max-video-preview:-1"},"canonical":"https:\/\/exceladvisor.org\/tr\/satis-raporu\/","og_locale":"tr_TR","og_type":"article","og_title":"\u25b7 Excel&#39;de Sat\u0131\u015f Raporu \u015eablonu (\u00dccretsiz 2023)","og_description":"Size bu g\u00fcnl\u00fck sat\u0131\u015f raporu \u015fablonunu vermekten \u00e7ok mutluyum. En iyi k\u0131sm\u0131 biliyor musun, bu bir model","og_url":"https:\/\/exceladvisor.org\/tr\/satis-raporu\/","og_site_name":"Excel Advisor","article_modified_time":"2023-12-10T06:03:40+00:00","og_image":[{"url":"https:\/\/exceladvisor.org\/wp-content\/uploads\/2023\/08\/tableau-des-ventes-par-jour-dans-le-modele-de-rapport-des-ventes-quotidiennes-1.png","type":"","width":"","height":""}],"twitter_card":"summary_large_image","twitter_misc":{"Tahmini okuma s\u00fcresi":"5 dakika"},"schema":{"@context":"https:\/\/schema.org","@graph":[{"@type":"WebPage","@id":"https:\/\/exceladvisor.org\/tr\/satis-raporu\/","url":"https:\/\/exceladvisor.org\/tr\/satis-raporu\/","name":"\u25b7 Excel&#39;de Sat\u0131\u015f Raporu \u015eablonu (\u00dccretsiz 2023)","isPartOf":{"@id":"https:\/\/exceladvisor.org\/tr\/#website"},"primaryImageOfPage":{"@id":"https:\/\/exceladvisor.org\/tr\/satis-raporu\/#primaryimage"},"image":{"@id":"https:\/\/exceladvisor.org\/tr\/satis-raporu\/#primaryimage"},"thumbnailUrl":"https:\/\/exceladvisor.org\/wp-content\/uploads\/2023\/08\/tableau-des-ventes-par-jour-dans-le-modele-de-rapport-des-ventes-quotidiennes-1.png","datePublished":"2023-11-08T13:20:18+00:00","dateModified":"2023-12-10T06:03:40+00:00","description":"Size bu g\u00fcnl\u00fck sat\u0131\u015f raporu \u015fablonunu vermekten \u00e7ok mutluyum. En iyi k\u0131sm\u0131 biliyor musun, bu bir model","breadcrumb":{"@id":"https:\/\/exceladvisor.org\/tr\/satis-raporu\/#breadcrumb"},"inLanguage":"tr","potentialAction":[{"@type":"ReadAction","target":["https:\/\/exceladvisor.org\/tr\/satis-raporu\/"]}]},{"@type":"ImageObject","inLanguage":"tr","@id":"https:\/\/exceladvisor.org\/tr\/satis-raporu\/#primaryimage","url":"https:\/\/exceladvisor.org\/wp-content\/uploads\/2023\/08\/tableau-des-ventes-par-jour-dans-le-modele-de-rapport-des-ventes-quotidiennes-1.png","contentUrl":"https:\/\/exceladvisor.org\/wp-content\/uploads\/2023\/08\/tableau-des-ventes-par-jour-dans-le-modele-de-rapport-des-ventes-quotidiennes-1.png"},{"@type":"BreadcrumbList","@id":"https:\/\/exceladvisor.org\/tr\/satis-raporu\/#breadcrumb","itemListElement":[{"@type":"ListItem","position":1,"name":"Ev","item":"https:\/\/exceladvisor.org\/tr\/"},{"@type":"ListItem","position":2,"name":"Excel&#39;deki sat\u0131\u015f raporu \u015fablonu"}]},{"@type":"WebSite","@id":"https:\/\/exceladvisor.org\/tr\/#website","url":"https:\/\/exceladvisor.org\/tr\/","name":"Excel Advisor","description":"Veri hakimiyetine y\u00f6nelik nihai rehberiniz!","publisher":{"@id":"https:\/\/exceladvisor.org\/tr\/#organization"},"potentialAction":[{"@type":"SearchAction","target":{"@type":"EntryPoint","urlTemplate":"https:\/\/exceladvisor.org\/tr\/?s={search_term_string}"},"query-input":{"@type":"PropertyValueSpecification","valueRequired":true,"valueName":"search_term_string"}}],"inLanguage":"tr"},{"@type":"Organization","@id":"https:\/\/exceladvisor.org\/tr\/#organization","name":"Excel Advisor","url":"https:\/\/exceladvisor.org\/tr\/","logo":{"@type":"ImageObject","inLanguage":"tr","@id":"https:\/\/exceladvisor.org\/tr\/#\/schema\/logo\/image\/","url":"https:\/\/exceladvisor.org\/tr\/wp-content\/uploads\/2023\/12\/exceladvisor.org_.png","contentUrl":"https:\/\/exceladvisor.org\/tr\/wp-content\/uploads\/2023\/12\/exceladvisor.org_.png","width":105,"height":36,"caption":"Excel Advisor"},"image":{"@id":"https:\/\/exceladvisor.org\/tr\/#\/schema\/logo\/image\/"}}]}},"yoast_meta":{"yoast_wpseo_title":"","yoast_wpseo_metadesc":"","yoast_wpseo_canonical":""},"_links":{"self":[{"href":"https:\/\/exceladvisor.org\/tr\/wp-json\/wp\/v2\/pages\/1737","targetHints":{"allow":["GET"]}}],"collection":[{"href":"https:\/\/exceladvisor.org\/tr\/wp-json\/wp\/v2\/pages"}],"about":[{"href":"https:\/\/exceladvisor.org\/tr\/wp-json\/wp\/v2\/types\/page"}],"author":[{"embeddable":true,"href":"https:\/\/exceladvisor.org\/tr\/wp-json\/wp\/v2\/users\/1"}],"replies":[{"embeddable":true,"href":"https:\/\/exceladvisor.org\/tr\/wp-json\/wp\/v2\/comments?post=1737"}],"version-history":[{"count":1,"href":"https:\/\/exceladvisor.org\/tr\/wp-json\/wp\/v2\/pages\/1737\/revisions"}],"predecessor-version":[{"id":2667,"href":"https:\/\/exceladvisor.org\/tr\/wp-json\/wp\/v2\/pages\/1737\/revisions\/2667"}],"wp:attachment":[{"href":"https:\/\/exceladvisor.org\/tr\/wp-json\/wp\/v2\/media?parent=1737"}],"curies":[{"name":"wp","href":"https:\/\/api.w.org\/{rel}","templated":true}]}}