{"id":1738,"date":"2023-11-08T13:03:25","date_gmt":"2023-11-08T13:03:25","guid":{"rendered":"https:\/\/exceladvisor.org\/tr\/gider-takibi\/"},"modified":"2023-12-10T05:58:40","modified_gmt":"2023-12-10T05:58:40","slug":"gider-takibi","status":"publish","type":"page","link":"https:\/\/exceladvisor.org\/tr\/gider-takibi\/","title":{"rendered":"Ayl\u0131k gider takibi excel \u015fablonu"},"content":{"rendered":"<div class=\"excel-icerikten-once\" id=\"excel-276903581\"><script type=\"text\/javascript\">\r\n\tatOptions = {\r\n\t\t'key' : 'c1158f160081d6540a8409e6925dab94',\r\n\t\t'format' : 'iframe',\r\n\t\t'height' : 250,\r\n\t\t'width' : 300,\r\n\t\t'params' : {}\r\n\t};\r\n<\/script>\r\n<script type=\"text\/javascript\" src=\"\/\/www.highperformanceformat.com\/c1158f160081d6540a8409e6925dab94\/invoke.js\"><\/script><\/div> <p>Harcamalar\u0131n\u0131z\u0131 takip etmek ba\u015far\u0131l\u0131 olman\u0131n en \u00f6nemli \u015feylerinden biridir. Ancak bazen hepsini takip etmek ger\u00e7ekten zordur.<\/p><p> Ne zaman param\u0131z\u0131 bir yere harcasak, birka\u00e7 g\u00fcn sonra unutuyoruz. Ve ay\u0131n sonunda harcamalar\u0131m\u0131z tamamen bo\u015fal\u0131r. <\/p><figure class=\"wp-block-image\"><img decoding=\"async\" src=\"https:\/\/exceladvisor.org\/wp-content\/uploads\/2023\/08\/tableau-de-bord-principal-pour-le-modele-de-suivi-des-depenses-excel-1.png\" sizes=\"\" srcset=\"\" alt=\"excel gider takip \u015fablonu \u00fccretsiz indir\"><\/figure><p> Sorun \u015fu: Bir Excel kullan\u0131c\u0131s\u0131 olarak zaman\u0131n\u0131z\u0131n \u00e7o\u011funu Excel \u00fczerinde \u00e7al\u0131\u015farak ge\u00e7iriyorsunuz. SA\u011e?<\/p><p> Sadece birka\u00e7 t\u0131klamayla eri\u015febilmemiz i\u00e7in Excel&#8217;de bir gider izleme \u015fablonuna sahip olmak en iyisidir. Ve burada sizin i\u00e7in tek sayfal\u0131k bir gider takibim var.<\/p><p> En iyi yan\u0131, bu \u015fablonun \u00f6zellikle harcamalar\u0131n\u0131 takip etmek isteyen ancak buna ayak uydurmakta zorlanan ki\u015filer i\u00e7in olmas\u0131d\u0131r.<\/p><p> <em><strong><span style=\"color: #ff0000;\">Hey, durun bir dakika,<\/span> t\u0131pk\u0131 bu \u015fablon gibi, i\u015fte sizi \u015fa\u015f\u0131rtabilecek di\u011fer \u015fablonlar:<\/strong><\/em><\/p><ul><li> <a href=\"https:\/\/exceladvisor.org\/tr\/gantt-semasi\/\">Proje y\u00f6neticileri i\u00e7in Gantt \u015femas\u0131 \u015fablonu<\/a><\/li><li> <a href=\"https:\/\/exceladvisor.org\/tr\/bilesik-faiz\/\">Bile\u015fik Faiz Hesaplay\u0131c\u0131<\/a><\/li><li> <a href=\"https:\/\/exceladvisor.org\/tr\/satis-raporu\/\">G\u00fcnl\u00fck Sat\u0131\u015f Raporu Format\u0131<\/a><\/li><li> <a href=\"https:\/\/exceladvisor.org\/tr\/envanter-yonetimi-sablonu-excel-vba-kullanici-formlari\/\">Kullan\u0131ma haz\u0131r Excel envanter y\u00f6netimi \u015fablonu<\/a><\/li><\/ul><h2 id=\"tab-con-1\" class=\"wp-block-heading\"> \u00d6zellikler<\/h2><p> Size s\u00f6yledi\u011fim gibi, bu tek sayfal\u0131k bir \u015fablon ama harcamalar\u0131n\u0131z\u0131 takip edebilecek kadar g\u00fc\u00e7l\u00fc. \u00d6zelliklerini ke\u015ffetmek i\u00e7in beni takip edin.<\/p><h3 id=\"tab-con-2\" class=\"wp-block-heading\"> 1. Ayl\u0131k b\u00fct\u00e7e<\/h3><p> Bu \u015fablonda, ayl\u0131k harcamalar\u0131n\u0131z i\u00e7in referans olarak kullanmak \u00fczere ayl\u0131k bir b\u00fct\u00e7e girebilirsiniz. <\/p><div class=\"wp-block-image\"><figure class=\"aligncenter\"><img decoding=\"async\" src=\"https:\/\/exceladvisor.org\/wp-content\/uploads\/2023\/08\/section-budget-dans-le-modele-de-suivi-des-depenses-excel-1.png\" sizes=\"\" srcset=\"\" alt=\"excel gider izleme \u015fablonundaki b\u00fct\u00e7e b\u00f6l\u00fcm\u00fc\"><\/figure><\/div><p> Bu b\u00f6l\u00fcm size mevcut ay\u0131n mevcut b\u00fct\u00e7esini g\u00f6sterecek ve bununla birlikte mevcut ay\u0131n b\u00fct\u00e7esinin ge\u00e7en aya g\u00f6re art\u0131\u015f\u0131n\u0131 da g\u00f6sterecektir.<\/p><h3 id=\"tab-con-3\" class=\"wp-block-heading\"> 2. Cari giderler<\/h3><p> Bu b\u00f6l\u00fcm size cari aydaki harcamalara harcanan toplam tutara ili\u015fkin bir genel bak\u0131\u015f sunacakt\u0131r. <\/p><div class=\"wp-block-image\"><figure class=\"aligncenter\"><img decoding=\"async\" src=\"https:\/\/exceladvisor.org\/wp-content\/uploads\/2023\/08\/section-des-depenses-reelles-dans-le-modele-de-suivi-des-depenses-excel-1.png\" sizes=\"\" srcset=\"\" alt=\"excel gider izleme \u015fablonundaki fiili giderler b\u00f6l\u00fcm\u00fc\"><\/figure><\/div><p> Yeni bir gider giri\u015fi girildikten sonra tutar an\u0131nda g\u00fcncellenecektir. A\u015fa\u011f\u0131da ise harcad\u0131\u011f\u0131n\u0131z b\u00fct\u00e7enin y\u00fczdesiyle ilgili k\u00fc\u00e7\u00fck bir mesaj da var.<\/p><h3 id=\"tab-con-4\" class=\"wp-block-heading\"> 3. Beklenmeyen masraflar<\/h3><p> Bazen beklenmedik harcamalarla kar\u015f\u0131la\u015f\u0131rsan\u0131z bu harcamalar\u0131 bu \u015fablondan takip edebilirsiniz. <\/p><div class=\"wp-block-image\"><figure class=\"aligncenter\"><img decoding=\"async\" src=\"https:\/\/exceladvisor.org\/wp-content\/uploads\/2023\/08\/section-des-depenses-non-planifiees-dans-le-modele-de-suivi-des-depenses-excel-1.png\" sizes=\"\" srcset=\"\" alt=\"excel gider takip \u015fablonundaki planlanmam\u0131\u015f giderler b\u00f6l\u00fcm\u00fc\"><\/figure><\/div><p> Bu b\u00f6l\u00fcmde, toplam harcamalar\u0131n\u0131za k\u0131yasla beklenmeyen harcamalar\u0131n y\u00fczdesine h\u0131zl\u0131 bir genel bak\u0131\u015f bulacaks\u0131n\u0131z. Ayr\u0131ca beklenmedik harcamalar\u0131n say\u0131s\u0131yla ilgili k\u00fc\u00e7\u00fck bir mesaj.<\/p><h3 id=\"tab-con-5\" class=\"wp-block-heading\"> 4. Kategoriye g\u00f6re harcama<\/h3><p> Evet, harcamalar\u0131n\u0131z\u0131 kategoriler halinde de takip edebilirsiniz. <\/p><div class=\"wp-block-image\"><figure class=\"aligncenter\"><img decoding=\"async\" src=\"https:\/\/exceladvisor.org\/wp-content\/uploads\/2023\/08\/repartition-des-depenses-par-categorie-dans-le-modele-de-suivi-des-depenses-Excel-1.png\" sizes=\"\" srcset=\"\" alt=\"Excel gider izleme \u015fablonunda giderlerin kategoriye g\u00f6re d\u00f6k\u00fcm\u00fc\"><\/figure><\/div><p> Bu b\u00f6l\u00fcm size y\u00fczde pay\u0131 kategorisine g\u00f6re bir \u00f6zet g\u00f6sterecektir.<\/p><h3 id=\"tab-con-6\" class=\"wp-block-heading\"> 5. G\u00fcnl\u00fck masraflar<\/h3><p> G\u00fcnl\u00fck harcamalar\u0131n\u0131z\u0131n tutar\u0131n\u0131 buradan kontrol edebilirsiniz. <\/p><div class=\"wp-block-image\"><figure class=\"aligncenter\"><img decoding=\"async\" src=\"https:\/\/exceladvisor.org\/wp-content\/uploads\/2023\/08\/depenses-mensuelles-quotidiennes-dans-le-modele-de-suivi-des-depenses-excel-1.png\" sizes=\"\" srcset=\"\" alt=\"excel gider takip \u015fablonundaki g\u00fcnl\u00fck ayl\u0131k giderler\"><\/figure><\/div><p> G\u00fcnl\u00fck harcamalar\u0131n\u0131z\u0131 harcamalar\u0131n\u0131za g\u00f6re g\u00f6sterecektir. Bu, bir ayda ne s\u0131kl\u0131kta harcama yapt\u0131\u011f\u0131n\u0131z\u0131 takip etmenize yard\u0131mc\u0131 olacakt\u0131r.<\/p><h2 id=\"tab-con-7\" class=\"wp-block-heading\"> Bu nas\u0131l kullan\u0131l\u0131r<\/h2><p> Harcamalar\u0131n\u0131z\u0131 takip etmek amac\u0131yla bu \u015fablonu nas\u0131l kullanaca\u011f\u0131n\u0131z\u0131 \u00f6\u011frenmek i\u00e7in l\u00fctfen beni takip edin:<\/p><h3 id=\"tab-con-8\" class=\"wp-block-heading\"> 1. Giderleri girin<\/h3><p> Bir gider girmek \u00e7ok kolayd\u0131r. \u0130\u015fte ad\u0131mlar.<\/p><ul><li> Ana model sayfan\u0131zdan \u201cVeri\u201d d\u00fc\u011fmesine t\u0131klay\u0131n. <\/li><\/ul><div class=\"wp-block-image\"><figure class=\"aligncenter\"><img decoding=\"async\" src=\"https:\/\/exceladvisor.org\/wp-content\/uploads\/2023\/08\/bouton-de-saisie-de-donnees-dans-le-modele-de-suivi-des-depenses-Excel-1.png\" sizes=\"\" srcset=\"\" alt=\"Excel gider izleme \u015fablonundaki veri giri\u015fi d\u00fc\u011fmesi\"><\/figure><\/div><ul><li> Sizi veri giri\u015f sayfas\u0131na y\u00f6nlendirecektir. <\/li><\/ul><div class=\"wp-block-image\"><figure class=\"aligncenter\"><img decoding=\"async\" src=\"https:\/\/exceladvisor.org\/wp-content\/uploads\/2023\/08\/feuille-de-saisie-de-donnees-dans-excel-feuille-de-suivi-des-depenses-1.png\" sizes=\"\" srcset=\"\" alt=\"excel gider takip sayfas\u0131ndaki veri giri\u015f sayfas\u0131\"><\/figure><\/div><ul><li> \u015eimdi veri sayfas\u0131na a\u015fa\u011f\u0131dakini girin.<ol><li> Deney Kimli\u011fi [Manuel giri\u015f]<\/li><li> Gider verileri [Manuel giri\u015f]<\/li><li> Gider kategorisi [A\u00e7\u0131l\u0131r liste]<\/li><li> Giderin a\u00e7\u0131klamas\u0131 [Manuel giri\u015f]<\/li><li> \u00d6deme y\u00f6ntemi [A\u00e7\u0131l\u0131r liste]<\/li><li> Gider t\u00fcr\u00fc [A\u00e7\u0131l\u0131r liste]<\/li><li> Tutar [Manuel giri\u015f]<\/li><\/ol><\/li><li> Gider bilgilerinizi girdikten sonra \u201c\u015eablon\u201d butonuna t\u0131klayarak ana \u015fablonunuza geri d\u00f6nebilirsiniz. <\/li><\/ul><div class=\"wp-block-image\"><figure class=\"aligncenter\"><img decoding=\"async\" src=\"https:\/\/exceladvisor.org\/wp-content\/uploads\/2023\/08\/bouton-de-retour-au-modele-principal-dans-le-modele-de-suivi-des-depenses-Excel-1.png\" sizes=\"\" srcset=\"\" alt=\"Excel gider izleme \u015fablonundaki ana \u015fablona d\u00f6n d\u00fc\u011fmesi\"><\/figure><\/div><p> Bu modelin y\u00f6netimi son derece kolayd\u0131r. Bir gider girdi\u011finizde \u015fablonunuz otomatik olarak g\u00fcncellenir.<\/p><h3 id=\"tab-con-9\" class=\"wp-block-heading\"> 2. Aylar\u0131 ve y\u0131llar\u0131 de\u011fi\u015ftirin<\/h3><p> \u00d6nceki herhangi bir aya ait bilgileri kontrol etmek istedi\u011finizi varsayal\u0131m, \u00f6nceki aylar\u0131 ve y\u0131llar\u0131 se\u00e7mek i\u00e7in \u015fablonun ana b\u00f6l\u00fcm\u00fcndeki a\u00e7\u0131l\u0131r listeyi kullanabilirsiniz.<\/p><p> <strong>Ay a\u00e7\u0131l\u0131r listesi<\/strong> <\/p><div class=\"wp-block-image\"><figure class=\"aligncenter\"><img decoding=\"async\" src=\"https:\/\/exceladvisor.org\/wp-content\/uploads\/2023\/08\/selectionner-le-mois-dans-le-modele-de-suivi-des-depenses-Excel-1.png\" sizes=\"\" srcset=\"\" alt=\"Excel gider izleme \u015fablonunda ay\u0131 se\u00e7in\"><\/figure><\/div><p> <strong>Y\u0131l a\u00e7\u0131l\u0131r listesi<\/strong> <\/p><div class=\"wp-block-image\"><figure class=\"aligncenter\"><img decoding=\"async\" src=\"https:\/\/exceladvisor.org\/wp-content\/uploads\/2023\/08\/selectionnez-lannee-dans-le-modele-de-suivi-des-depenses-Excel-1.png\" sizes=\"\" srcset=\"\" alt=\"Excel gider izleme \u015fablonunda y\u0131l\u0131 se\u00e7in\"><\/figure><\/div><h3 id=\"tab-con-10\" class=\"wp-block-heading\"> 3. Ayl\u0131k bir hedef ekleyin<\/h3><p> Harcamalar\u0131n\u0131z i\u00e7in ayl\u0131k bir hedefiniz varsa bu hedefi sayfan\u0131za girebilirsiniz. Ayl\u0131k hedefinizi eklemek i\u00e7in a\u015fa\u011f\u0131daki grafi\u011fi kullan\u0131n. <\/p><div class=\"wp-block-image\"><figure class=\"aligncenter\"><img decoding=\"async\" src=\"https:\/\/exceladvisor.org\/wp-content\/uploads\/2023\/08\/tableau-pour-entrer-le-budget-mensuel-dans-le-modele-de-suivi-des-depenses-Excel-1.png\" sizes=\"\" srcset=\"\" alt=\"excel gider izleme \u015fablonuna ayl\u0131k b\u00fct\u00e7e girme tablosu\"><\/figure><\/div><h3 id=\"tab-con-11\" class=\"wp-block-heading\"> 4. Yeni bir gider kategorisi ekleyin<\/h3><p> Bu harcama \u015fablonunda baz\u0131 yayg\u0131n gider kategorilerini kulland\u0131m. Yeni bir kategori eklemek istiyorsan\u0131z kategori tablosunda g\u00fcncelleyin. <\/p><div class=\"wp-block-image\"><figure class=\"aligncenter\"><img decoding=\"async\" src=\"https:\/\/exceladvisor.org\/wp-content\/uploads\/2023\/08\/ajouter-une-nouvelle-categorie-de-depenses-dans-le-modele-de-suivi-des-depenses-Excel-1.png\" sizes=\"\" srcset=\"\" alt=\"Excel gider izleme \u015fablonuna yeni bir gider kategorisi ekleme\"><\/figure><\/div><p> Yeni kategorinizi tabloya ekledi\u011finizde, veri giri\u015f sayfas\u0131 ve kategori tablosundaki a\u00e7\u0131l\u0131r listede otomatik olarak g\u00fcncellenecektir.<\/p><h3 id=\"tab-con-12\" class=\"wp-block-heading\"> 5. Yeni bir \u00f6deme y\u00f6ntemi ekleyin<\/h3><p> T\u0131pk\u0131 gider kategorilerinde oldu\u011fu gibi, a\u015fa\u011f\u0131daki tabloda yeni bir \u00f6deme y\u00f6ntemini g\u00fcncelleyebilirsiniz. <\/p><div class=\"wp-block-image\"><figure class=\"aligncenter\"><img decoding=\"async\" src=\"https:\/\/exceladvisor.org\/wp-content\/uploads\/2023\/08\/paiement-en-mode-dans-le-modele-de-suivi-des-depenses-excel-1.png\" sizes=\"\" srcset=\"\" alt=\"excel gider takibi \u015fablonunda \u00f6deme modu\"><\/figure><\/div><p> Yeni \u00f6demenizi tabloya ekledi\u011finizde veri giri\u015f sayfas\u0131ndaki a\u00e7\u0131l\u0131r listede otomatik olarak g\u00fcncellenecektir. Yukar\u0131da belirtilen tablolara eri\u015fmek i\u00e7in ana \u015fablonunuzdaki \u201cAyarlar\u201d butonunu kullan\u0131n. <\/p><div class=\"gb-container gb-container-52dfcee1 gb-container-sample-file\"><h2 class=\"gb-headline gb-headline-e289c143 gb-headline-text gb-headline-4f7959c2\"> Excel dosyas\u0131n\u0131 al\u0131n<\/h2> <a class=\"gb-button gb-button-e88d6bee gb-button-text gb-button-button1\" href=\"https:\/\/exceladvisor.org\/wp-content\/uploads\/2023\/11\/modele-de-suivi-des-depenses-excel-version-2023-24.xlsx\" rel=\"nofollow\">\u0130ndirmek<\/a><\/div><h2 class=\"wp-block-heading\"> Son s\u00f6zler<\/h2><p> Harcamalar\u0131n\u0131z\u0131 takip etmek istiyorsan\u0131z bu <span style=\"color: #000000;\">tek sayfal\u0131k gider takip arac\u0131<\/span> kullan\u0131\u015fl\u0131 bir ara\u00e7t\u0131r. Bu sadece izlemenize yard\u0131mc\u0131 olmakla kalmayacak, ayn\u0131 zamanda size yararl\u0131 bilgiler de verecektir. Ve en iyi yan\u0131, son birka\u00e7 ayda harcad\u0131\u011f\u0131n\u0131z her \u015feyi ve g\u00fcnl\u00fck harcamalar\u0131n\u0131z\u0131 kontrol edebilmenizdir.<\/p><p> Umar\u0131m bu \u015fablon mali durumunuzu iyile\u015ftirmenize yard\u0131mc\u0131 olur, ancak \u015fimdi bana bir \u015fey s\u00f6yleyin. <strong>Bu modeli geli\u015ftirmek i\u00e7in ekleyebilece\u011fimiz ba\u015fka bir \u015fey var m\u0131?<\/strong><\/p><p> D\u00fc\u015f\u00fcncelerinizi yorum k\u0131sm\u0131nda benimle payla\u015fmay\u0131 unutmay\u0131n, sizden haber almay\u0131 \u00e7ok isterim. Ve l\u00fctfen bu modeli arkada\u015flar\u0131n\u0131zla payla\u015fmay\u0131 unutmay\u0131n, eminim be\u011feneceklerdir.<\/p>","protected":false},"excerpt":{"rendered":"","protected":false},"author":1,"featured_media":0,"parent":0,"menu_order":0,"comment_status":"open","ping_status":"closed","template":"","meta":{"ub_ctt_via":"","footnotes":""},"class_list":["post-1738","page","type-page","status-publish","hentry"],"featured_image_src":null,"yoast_head":"<!-- This site is optimized with the Yoast SEO plugin v25.4 - https:\/\/yoast.com\/wordpress\/plugins\/seo\/ -->\n<title>\u25b7 Ayl\u0131k Giderleri Takip Etmek i\u00e7in Excel \u015eablonu (\u00dccretsiz 2023)<\/title>\n<meta name=\"description\" content=\"Harcamalar\u0131n\u0131z\u0131 takip etmek ba\u015far\u0131l\u0131 olman\u0131n en \u00f6nemli \u015feylerinden biridir. Ve e\u011fer harcamalar\u0131n\u0131 takip etmekte zorluk ya\u015f\u0131yorsan evlat,\" \/>\n<meta name=\"robots\" content=\"index, follow, max-snippet:-1, max-image-preview:large, max-video-preview:-1\" \/>\n<link rel=\"canonical\" href=\"https:\/\/exceladvisor.org\/tr\/gider-takibi\/\" \/>\n<meta property=\"og:locale\" content=\"tr_TR\" \/>\n<meta property=\"og:type\" content=\"article\" \/>\n<meta property=\"og:title\" content=\"\u25b7 Ayl\u0131k Giderleri Takip Etmek i\u00e7in Excel \u015eablonu (\u00dccretsiz 2023)\" \/>\n<meta property=\"og:description\" content=\"Harcamalar\u0131n\u0131z\u0131 takip etmek ba\u015far\u0131l\u0131 olman\u0131n en \u00f6nemli \u015feylerinden biridir. Ve e\u011fer harcamalar\u0131n\u0131 takip etmekte zorluk ya\u015f\u0131yorsan evlat,\" \/>\n<meta property=\"og:url\" content=\"https:\/\/exceladvisor.org\/tr\/gider-takibi\/\" \/>\n<meta property=\"og:site_name\" content=\"Excel Advisor\" \/>\n<meta property=\"article:modified_time\" content=\"2023-12-10T05:58:40+00:00\" \/>\n<meta property=\"og:image\" content=\"https:\/\/exceladvisor.org\/wp-content\/uploads\/2023\/08\/tableau-de-bord-principal-pour-le-modele-de-suivi-des-depenses-excel-1.png\" \/>\n<meta name=\"twitter:card\" content=\"summary_large_image\" \/>\n<meta name=\"twitter:label1\" content=\"Tahmini okuma s\u00fcresi\" \/>\n\t<meta name=\"twitter:data1\" content=\"4 dakika\" \/>\n<script type=\"application\/ld+json\" class=\"yoast-schema-graph\">{\"@context\":\"https:\/\/schema.org\",\"@graph\":[{\"@type\":\"WebPage\",\"@id\":\"https:\/\/exceladvisor.org\/tr\/gider-takibi\/\",\"url\":\"https:\/\/exceladvisor.org\/tr\/gider-takibi\/\",\"name\":\"\u25b7 Ayl\u0131k Giderleri Takip Etmek i\u00e7in Excel \u015eablonu (\u00dccretsiz 2023)\",\"isPartOf\":{\"@id\":\"https:\/\/exceladvisor.org\/tr\/#website\"},\"primaryImageOfPage\":{\"@id\":\"https:\/\/exceladvisor.org\/tr\/gider-takibi\/#primaryimage\"},\"image\":{\"@id\":\"https:\/\/exceladvisor.org\/tr\/gider-takibi\/#primaryimage\"},\"thumbnailUrl\":\"https:\/\/exceladvisor.org\/wp-content\/uploads\/2023\/08\/tableau-de-bord-principal-pour-le-modele-de-suivi-des-depenses-excel-1.png\",\"datePublished\":\"2023-11-08T13:03:25+00:00\",\"dateModified\":\"2023-12-10T05:58:40+00:00\",\"description\":\"Harcamalar\u0131n\u0131z\u0131 takip etmek ba\u015far\u0131l\u0131 olman\u0131n en \u00f6nemli \u015feylerinden biridir. Ve e\u011fer harcamalar\u0131n\u0131 takip etmekte zorluk ya\u015f\u0131yorsan evlat,\",\"breadcrumb\":{\"@id\":\"https:\/\/exceladvisor.org\/tr\/gider-takibi\/#breadcrumb\"},\"inLanguage\":\"tr\",\"potentialAction\":[{\"@type\":\"ReadAction\",\"target\":[\"https:\/\/exceladvisor.org\/tr\/gider-takibi\/\"]}]},{\"@type\":\"ImageObject\",\"inLanguage\":\"tr\",\"@id\":\"https:\/\/exceladvisor.org\/tr\/gider-takibi\/#primaryimage\",\"url\":\"https:\/\/exceladvisor.org\/wp-content\/uploads\/2023\/08\/tableau-de-bord-principal-pour-le-modele-de-suivi-des-depenses-excel-1.png\",\"contentUrl\":\"https:\/\/exceladvisor.org\/wp-content\/uploads\/2023\/08\/tableau-de-bord-principal-pour-le-modele-de-suivi-des-depenses-excel-1.png\"},{\"@type\":\"BreadcrumbList\",\"@id\":\"https:\/\/exceladvisor.org\/tr\/gider-takibi\/#breadcrumb\",\"itemListElement\":[{\"@type\":\"ListItem\",\"position\":1,\"name\":\"Ev\",\"item\":\"https:\/\/exceladvisor.org\/tr\/\"},{\"@type\":\"ListItem\",\"position\":2,\"name\":\"Ayl\u0131k gider takibi excel \u015fablonu\"}]},{\"@type\":\"WebSite\",\"@id\":\"https:\/\/exceladvisor.org\/tr\/#website\",\"url\":\"https:\/\/exceladvisor.org\/tr\/\",\"name\":\"Excel Advisor\",\"description\":\"Veri hakimiyetine y\u00f6nelik nihai rehberiniz!\",\"publisher\":{\"@id\":\"https:\/\/exceladvisor.org\/tr\/#organization\"},\"potentialAction\":[{\"@type\":\"SearchAction\",\"target\":{\"@type\":\"EntryPoint\",\"urlTemplate\":\"https:\/\/exceladvisor.org\/tr\/?s={search_term_string}\"},\"query-input\":{\"@type\":\"PropertyValueSpecification\",\"valueRequired\":true,\"valueName\":\"search_term_string\"}}],\"inLanguage\":\"tr\"},{\"@type\":\"Organization\",\"@id\":\"https:\/\/exceladvisor.org\/tr\/#organization\",\"name\":\"Excel Advisor\",\"url\":\"https:\/\/exceladvisor.org\/tr\/\",\"logo\":{\"@type\":\"ImageObject\",\"inLanguage\":\"tr\",\"@id\":\"https:\/\/exceladvisor.org\/tr\/#\/schema\/logo\/image\/\",\"url\":\"https:\/\/exceladvisor.org\/tr\/wp-content\/uploads\/2023\/12\/exceladvisor.org_.png\",\"contentUrl\":\"https:\/\/exceladvisor.org\/tr\/wp-content\/uploads\/2023\/12\/exceladvisor.org_.png\",\"width\":105,\"height\":36,\"caption\":\"Excel Advisor\"},\"image\":{\"@id\":\"https:\/\/exceladvisor.org\/tr\/#\/schema\/logo\/image\/\"}}]}<\/script>\n<!-- \/ Yoast SEO plugin. -->","yoast_head_json":{"title":"\u25b7 Ayl\u0131k Giderleri Takip Etmek i\u00e7in Excel \u015eablonu (\u00dccretsiz 2023)","description":"Harcamalar\u0131n\u0131z\u0131 takip etmek ba\u015far\u0131l\u0131 olman\u0131n en \u00f6nemli \u015feylerinden biridir. Ve e\u011fer harcamalar\u0131n\u0131 takip etmekte zorluk ya\u015f\u0131yorsan evlat,","robots":{"index":"index","follow":"follow","max-snippet":"max-snippet:-1","max-image-preview":"max-image-preview:large","max-video-preview":"max-video-preview:-1"},"canonical":"https:\/\/exceladvisor.org\/tr\/gider-takibi\/","og_locale":"tr_TR","og_type":"article","og_title":"\u25b7 Ayl\u0131k Giderleri Takip Etmek i\u00e7in Excel \u015eablonu (\u00dccretsiz 2023)","og_description":"Harcamalar\u0131n\u0131z\u0131 takip etmek ba\u015far\u0131l\u0131 olman\u0131n en \u00f6nemli \u015feylerinden biridir. Ve e\u011fer harcamalar\u0131n\u0131 takip etmekte zorluk ya\u015f\u0131yorsan evlat,","og_url":"https:\/\/exceladvisor.org\/tr\/gider-takibi\/","og_site_name":"Excel Advisor","article_modified_time":"2023-12-10T05:58:40+00:00","og_image":[{"url":"https:\/\/exceladvisor.org\/wp-content\/uploads\/2023\/08\/tableau-de-bord-principal-pour-le-modele-de-suivi-des-depenses-excel-1.png","type":"","width":"","height":""}],"twitter_card":"summary_large_image","twitter_misc":{"Tahmini okuma s\u00fcresi":"4 dakika"},"schema":{"@context":"https:\/\/schema.org","@graph":[{"@type":"WebPage","@id":"https:\/\/exceladvisor.org\/tr\/gider-takibi\/","url":"https:\/\/exceladvisor.org\/tr\/gider-takibi\/","name":"\u25b7 Ayl\u0131k Giderleri Takip Etmek i\u00e7in Excel \u015eablonu (\u00dccretsiz 2023)","isPartOf":{"@id":"https:\/\/exceladvisor.org\/tr\/#website"},"primaryImageOfPage":{"@id":"https:\/\/exceladvisor.org\/tr\/gider-takibi\/#primaryimage"},"image":{"@id":"https:\/\/exceladvisor.org\/tr\/gider-takibi\/#primaryimage"},"thumbnailUrl":"https:\/\/exceladvisor.org\/wp-content\/uploads\/2023\/08\/tableau-de-bord-principal-pour-le-modele-de-suivi-des-depenses-excel-1.png","datePublished":"2023-11-08T13:03:25+00:00","dateModified":"2023-12-10T05:58:40+00:00","description":"Harcamalar\u0131n\u0131z\u0131 takip etmek ba\u015far\u0131l\u0131 olman\u0131n en \u00f6nemli \u015feylerinden biridir. Ve e\u011fer harcamalar\u0131n\u0131 takip etmekte zorluk ya\u015f\u0131yorsan evlat,","breadcrumb":{"@id":"https:\/\/exceladvisor.org\/tr\/gider-takibi\/#breadcrumb"},"inLanguage":"tr","potentialAction":[{"@type":"ReadAction","target":["https:\/\/exceladvisor.org\/tr\/gider-takibi\/"]}]},{"@type":"ImageObject","inLanguage":"tr","@id":"https:\/\/exceladvisor.org\/tr\/gider-takibi\/#primaryimage","url":"https:\/\/exceladvisor.org\/wp-content\/uploads\/2023\/08\/tableau-de-bord-principal-pour-le-modele-de-suivi-des-depenses-excel-1.png","contentUrl":"https:\/\/exceladvisor.org\/wp-content\/uploads\/2023\/08\/tableau-de-bord-principal-pour-le-modele-de-suivi-des-depenses-excel-1.png"},{"@type":"BreadcrumbList","@id":"https:\/\/exceladvisor.org\/tr\/gider-takibi\/#breadcrumb","itemListElement":[{"@type":"ListItem","position":1,"name":"Ev","item":"https:\/\/exceladvisor.org\/tr\/"},{"@type":"ListItem","position":2,"name":"Ayl\u0131k gider takibi excel \u015fablonu"}]},{"@type":"WebSite","@id":"https:\/\/exceladvisor.org\/tr\/#website","url":"https:\/\/exceladvisor.org\/tr\/","name":"Excel Advisor","description":"Veri hakimiyetine y\u00f6nelik nihai rehberiniz!","publisher":{"@id":"https:\/\/exceladvisor.org\/tr\/#organization"},"potentialAction":[{"@type":"SearchAction","target":{"@type":"EntryPoint","urlTemplate":"https:\/\/exceladvisor.org\/tr\/?s={search_term_string}"},"query-input":{"@type":"PropertyValueSpecification","valueRequired":true,"valueName":"search_term_string"}}],"inLanguage":"tr"},{"@type":"Organization","@id":"https:\/\/exceladvisor.org\/tr\/#organization","name":"Excel Advisor","url":"https:\/\/exceladvisor.org\/tr\/","logo":{"@type":"ImageObject","inLanguage":"tr","@id":"https:\/\/exceladvisor.org\/tr\/#\/schema\/logo\/image\/","url":"https:\/\/exceladvisor.org\/tr\/wp-content\/uploads\/2023\/12\/exceladvisor.org_.png","contentUrl":"https:\/\/exceladvisor.org\/tr\/wp-content\/uploads\/2023\/12\/exceladvisor.org_.png","width":105,"height":36,"caption":"Excel Advisor"},"image":{"@id":"https:\/\/exceladvisor.org\/tr\/#\/schema\/logo\/image\/"}}]}},"yoast_meta":{"yoast_wpseo_title":"","yoast_wpseo_metadesc":"","yoast_wpseo_canonical":""},"_links":{"self":[{"href":"https:\/\/exceladvisor.org\/tr\/wp-json\/wp\/v2\/pages\/1738","targetHints":{"allow":["GET"]}}],"collection":[{"href":"https:\/\/exceladvisor.org\/tr\/wp-json\/wp\/v2\/pages"}],"about":[{"href":"https:\/\/exceladvisor.org\/tr\/wp-json\/wp\/v2\/types\/page"}],"author":[{"embeddable":true,"href":"https:\/\/exceladvisor.org\/tr\/wp-json\/wp\/v2\/users\/1"}],"replies":[{"embeddable":true,"href":"https:\/\/exceladvisor.org\/tr\/wp-json\/wp\/v2\/comments?post=1738"}],"version-history":[{"count":1,"href":"https:\/\/exceladvisor.org\/tr\/wp-json\/wp\/v2\/pages\/1738\/revisions"}],"predecessor-version":[{"id":2261,"href":"https:\/\/exceladvisor.org\/tr\/wp-json\/wp\/v2\/pages\/1738\/revisions\/2261"}],"wp:attachment":[{"href":"https:\/\/exceladvisor.org\/tr\/wp-json\/wp\/v2\/media?parent=1738"}],"curies":[{"name":"wp","href":"https:\/\/api.w.org\/{rel}","templated":true}]}}