{"id":1744,"date":"2023-11-07T22:12:22","date_gmt":"2023-11-07T22:12:22","guid":{"rendered":"https:\/\/exceladvisor.org\/tr\/yil-ayi-cikar\/"},"modified":"2023-12-10T05:59:05","modified_gmt":"2023-12-10T05:59:05","slug":"yil-ayi-cikar","status":"publish","type":"page","link":"https:\/\/exceladvisor.org\/tr\/yil-ayi-cikar\/","title":{"rendered":"Bir tarihten y\u0131l veya ay nas\u0131l \u00e7\u0131kar\u0131l\u0131r?"},"content":{"rendered":"<div class=\"excel-icerikten-once\" id=\"excel-1311875596\"><script type=\"text\/javascript\">\r\n\tatOptions = {\r\n\t\t'key' : 'c1158f160081d6540a8409e6925dab94',\r\n\t\t'format' : 'iframe',\r\n\t\t'height' : 250,\r\n\t\t'width' : 300,\r\n\t\t'params' : {}\r\n\t};\r\n<\/script>\r\n<script type=\"text\/javascript\" src=\"\/\/www.highperformanceformat.com\/c1158f160081d6540a8409e6925dab94\/invoke.js\"><\/script><\/div> <p>Excel&#8217;de \u00e7al\u0131\u015f\u0131rken y\u0131l\u0131 yaln\u0131zca bir tarihten alman\u0131z gerekebilir. Bunu yapmak i\u00e7in kullanabilece\u011finiz basit bir form\u00fcl var. Bu derste Excel&#8217;deki bir tarihten bir y\u0131l veya bir ay\u0131 \u00e7\u0131karmaya \u00e7al\u0131\u015faca\u011f\u0131z. <\/p><div class=\"wp-block-image\"><figure class=\"aligncenter size-full is-resized\"><img loading=\"lazy\" decoding=\"async\" class=\"wp-image-74940\" src=\"https:\/\/exceladvisor.org\/wp-content\/uploads\/2023\/08\/1-an-a-compter-de-la-date.png\" sizes=\"auto, \" srcset=\"\" alt=\"tarihten itibaren y\u0131l\" width=\"473\" height=\"270\"><\/figure><\/div><h2 class=\"wp-block-heading\"> Bir tarihten y\u0131l\u0131 \u00e7\u0131karma<\/h2><p> A1 h\u00fccresindeki tarihten y\u0131l\u0131 almak i\u00e7in \u015fu ad\u0131mlar\u0131 izleyin:<\/p><ol type=\"1\"><li> \u00d6ncelikle <a href=\"https:\/\/exceladvisor.org\/tr\/hucreyi-duzenle\/\">B1 h\u00fccresini d\u00fczenleyin<\/a> ve \u201c=\u201d girin.<\/li><li> Bundan sonra YIL fonksiyonunu ve ba\u015ftaki parantezleri girin.<\/li><li> \u015eimdi tarihin bulundu\u011fu A1 h\u00fccresine bak\u0131n.<\/li><li> Sonunda kapatma parantezlerini girin ve sonucu almak i\u00e7in Enter tu\u015funa bas\u0131n. <\/li><\/ol><div class=\"wp-block-image\"><figure class=\"aligncenter size-full is-resized\"><img loading=\"lazy\" decoding=\"async\" class=\"wp-image-74941\" src=\"https:\/\/exceladvisor.org\/wp-content\/uploads\/2023\/08\/2-extraire-lannee-a-partir-de-la-date.png\" sizes=\"auto, \" srcset=\"\" alt=\"bu yana-y\u0131l-tarihini \u00e7\u0131kar\" width=\"266\" height=\"101\"><\/figure><\/div><pre class=\"wp-block-code\"> <code class=\"language-excel-formula\" lang=\"excel-formula\">=YEAR(A1)<\/code><\/pre><h2 class=\"wp-block-heading\"> Ay\u0131 bir tarihten \u00e7\u0131karma<\/h2><p> A1 h\u00fccresinde bir tarih varsa ve ondan ay\u0131 \u00e7\u0131karmak istiyorsan\u0131z \u015fu ad\u0131mlar\u0131 izleyin:<\/p><ol><li> \u0130lk \u00f6nce B1 h\u00fccresine \u201c=\u201d girin.<\/li><li> Bundan sonra MONTH fonksiyonuna girin ve parantezleri ba\u015flat\u0131n.<\/li><li> \u015eimdi tarihin bulundu\u011fu A1 h\u00fccresine bak\u0131n.<\/li><li> Sonunda kapatma parantezlerini girin ve sonucu almak i\u00e7in Enter tu\u015funa bas\u0131n. <\/li><\/ol><div class=\"wp-block-image\"><figure class=\"aligncenter size-full is-resized\"><img loading=\"lazy\" decoding=\"async\" class=\"wp-image-74942\" src=\"https:\/\/exceladvisor.org\/wp-content\/uploads\/2023\/08\/3-extrait-mois-a-partir-de-la-date.png\" sizes=\"auto, \" srcset=\"\" alt=\"aydan-tarihe-\u00e7\u0131kar\" width=\"501\" height=\"251\"><\/figure><\/div><pre class=\"wp-block-code\"> <code class=\"language-excel-formula\" lang=\"excel-formula\">=MONTH(A1)<\/code><\/pre><h2 class=\"wp-block-heading\"> Tarihten y\u0131l\u0131 veya ay\u0131 almak i\u00e7in MET\u0130N i\u015flevini kullan\u0131n<\/h2><p> Yukar\u0131da tart\u0131\u015ft\u0131\u011f\u0131m\u0131z i\u015flevlerin yan\u0131 s\u0131ra, tarihten y\u0131l ve ay\u0131 almak i\u00e7in TEXT&#8217;i kullanabilirsiniz. Metin i\u015flevinde ayarlanacak iki arg\u00fcman\u0131n\u0131z vard\u0131r; ilki tarih, ikincisi ise tarihten \u00e7\u0131karmak istedi\u011finiz format_text&#8217;tir.<\/p><p> A\u015fa\u011f\u0131daki \u00f6rnekte, y\u0131l\u0131 d\u00f6rt basamakl\u0131 olarak d\u00f6nd\u00fcren text_format &#8220;YYYY&#8221; i\u00e7eren metin i\u015flevine sahipsiniz. <\/p><div class=\"wp-block-image\"><figure class=\"aligncenter size-full is-resized\"><img loading=\"lazy\" decoding=\"async\" class=\"wp-image-74943\" src=\"https:\/\/exceladvisor.org\/wp-content\/uploads\/2023\/08\/4-fonction-de-texte-pour-obtenir-lannee.png\" sizes=\"auto, \" srcset=\"\" alt=\"y\u0131l-al\u0131nacak metin i\u015flevi\" width=\"478\" height=\"227\"><\/figure><\/div><p> Ve iki basamakl\u0131 bir y\u0131l elde etmek istiyorsan\u0131z a\u015fa\u011f\u0131daki format_text&#8217;i kullanabilirsiniz. <\/p><div class=\"wp-block-image\"><figure class=\"aligncenter size-full is-resized\"><img loading=\"lazy\" decoding=\"async\" class=\"wp-image-74944\" src=\"https:\/\/exceladvisor.org\/wp-content\/uploads\/2023\/08\/5-fonction-de-texte-annee-a-deux-chiffres.png\" sizes=\"auto, \" srcset=\"\" alt=\"metin i\u015flevi-iki basamakl\u0131-y\u0131l\" width=\"472\" height=\"273\"><\/figure><\/div><p> Benzer \u015fekilde, tarihten itibaren ay de\u011ferini almak i\u00e7in format_text \u201cMMM\u201dyi kullanabilirsiniz. <\/p><div class=\"wp-block-image\"><figure class=\"aligncenter size-full is-resized\"><img loading=\"lazy\" decoding=\"async\" class=\"wp-image-74945\" src=\"https:\/\/exceladvisor.org\/wp-content\/uploads\/2023\/08\/6-fonction-de-texte-pour-obtenir-le-mois.png\" sizes=\"auto, \" srcset=\"\" alt=\"ay-al\u0131lacak metin i\u015flevi\" width=\"472\" height=\"275\"><\/figure><\/div><p> Tam ad\u0131 bir ay almak i\u00e7in. <\/p><div class=\"wp-block-image\"><figure class=\"aligncenter size-full is-resized\"><img loading=\"lazy\" decoding=\"async\" class=\"wp-image-74946\" src=\"https:\/\/exceladvisor.org\/wp-content\/uploads\/2023\/08\/7-mois-complet.png\" sizes=\"auto, \" srcset=\"\" alt=\"tam ay ad\u0131\" width=\"482\" height=\"252\"><\/figure><\/div><p> Ve sonu\u00e7ta sadece say\u0131y\u0131 almak i\u00e7in. <\/p><div class=\"wp-block-image\"><figure class=\"aligncenter size-full is-resized\"><img loading=\"lazy\" decoding=\"async\" class=\"wp-image-74947\" src=\"https:\/\/exceladvisor.org\/wp-content\/uploads\/2023\/08\/8-obtenir-le-mois-en-nombre.png\" sizes=\"auto, \" srcset=\"\" alt=\"ay-say\u0131 olarak al\" width=\"474\" height=\"246\"><\/figure><\/div><h2 class=\"wp-block-heading\"> \u00d6zel bi\u00e7imlendirmeyi kullan\u0131n Tarihte y\u0131l\u0131 veya ay\u0131 al\u0131n<\/h2><p> Bir tarihi bir y\u0131la veya aya d\u00f6n\u00fc\u015ft\u00fcrmek i\u00e7in \u00f6zel bi\u00e7imlendirmeyi de kullanabilirsiniz. Bu y\u00f6ntem yaln\u0131zca h\u00fccrede bulunan bir tarihin y\u0131l\u0131n\u0131 veya ay\u0131n\u0131 g\u00f6r\u00fcnt\u00fcler. <\/p><div class=\"wp-block-image\"><figure class=\"aligncenter size-full is-resized\"><img loading=\"lazy\" decoding=\"async\" class=\"wp-image-74948\" src=\"https:\/\/exceladvisor.org\/wp-content\/uploads\/2023\/08\/9-formatage-personnalise-pour-obtenir-lannee.png\" sizes=\"auto, \" srcset=\"\" alt=\"y\u0131l\u0131 almak i\u00e7in \u00f6zel bi\u00e7imlendirme\" width=\"641\" height=\"391\"><\/figure><\/div><ol type=\"1\"><li> Tarihlerin bulundu\u011fu h\u00fccreyi veya h\u00fccre aral\u0131\u011f\u0131n\u0131 se\u00e7in.<\/li><li> <a href=\"https:\/\/exceladvisor.org\/tr\/acik-formatli-hucre-secenekleri\/\">Ctrl + 1 tu\u015flar\u0131n\u0131 kullanarak<\/a> format se\u00e7eneklerini a\u00e7\u0131n.<\/li><li> \u00d6zel se\u00e7ene\u011fine t\u0131klay\u0131n ve ard\u0131ndan \u201cAAAA\u201d giri\u015f \u00e7ubu\u011fu t\u00fcr\u00fcne t\u0131klay\u0131n.<\/li><li> Ve ard\u0131ndan Tamam&#8217;\u0131 t\u0131klay\u0131n.<\/li><\/ol><p> Tamam&#8217;\u0131 t\u0131klad\u0131\u011f\u0131n\u0131z anda size tarihin tamam\u0131 yerine y\u0131l\u0131 g\u00f6sterir. <\/p><div class=\"wp-block-image\"><figure class=\"aligncenter size-full is-resized\"><img loading=\"lazy\" decoding=\"async\" class=\"wp-image-74949\" src=\"https:\/\/exceladvisor.org\/wp-content\/uploads\/2023\/08\/10-annee-de-spectacle-seulement.png\" sizes=\"auto, \" srcset=\"\" alt=\"yaln\u0131zca g\u00f6steri y\u0131l\u0131\" width=\"380\" height=\"264\"><\/figure><\/div><p> Benzer \u015fekilde, tarih yerine ay\u0131 g\u00f6r\u00fcnt\u00fclemek i\u00e7in \u201cTip\u201d giri\u015f \u00e7ubu\u011funa ay bi\u00e7imini girebilirsiniz. <\/p><div class=\"wp-block-image\"><figure class=\"aligncenter size-full is-resized\"><img loading=\"lazy\" decoding=\"async\" class=\"wp-image-74950\" src=\"https:\/\/exceladvisor.org\/wp-content\/uploads\/2023\/08\/11-saisir-le-mois-dans-la-barre-de-saisie.png\" sizes=\"auto, \" srcset=\"\" alt=\"giri\u015f \u00e7ubu\u011funa ay\u0131 girin\" width=\"619\" height=\"367\"><\/figure><\/div><div class=\"gb-container gb-container-52dfcee1 gb-container-sample-file\"><h2 class=\"gb-headline gb-headline-e289c143 gb-headline-text gb-headline-4f7959c2\"> Excel dosyas\u0131n\u0131 al\u0131n<\/h2><p> <a class=\"gb-button gb-button-e88d6bee gb-button-text gb-button-button1\" href=\"https:\/\/exceladvisor.org\/wp-content\/uploads\/2023\/08\/extraire-lannee.xlsx\" rel=\"nofollow\">\u0130ndirmek<\/a><\/p><\/div><div class=\"gb-container gb-container-0df56012 gb-container-mt\"> <a class=\"gb-button gb-button-f9f432f4 gb-button-text gb-button-mt-button\" href=\"https:\/\/exceladvisor.org\/tr\/formuller\/\">Excel form\u00fcllerinin listesi<\/a><h2 class=\"gb-headline gb-headline-233444e8 gb-headline-text gb-headline-mt-heading\"> \u0130lgili form\u00fcller <\/h2><div class=\"gb-grid-wrapper gb-grid-wrapper-a16fa65c gb-grid-wrapper-mt-grid\"><div class=\"gb-grid-column gb-grid-column-50d07e0d\"><div class=\"gb-container gb-container-50d07e0d\"><ul><li> <a href=\"https:\/\/exceladvisor.org\/tr\/bugune-yil-ekle\/\">Excel&#8217;de bug\u00fcne kadar y\u0131l ekleme<\/a><\/li><li> <a href=\"https:\/\/exceladvisor.org\/tr\/iki-tarih-arasindaki-yillari-say\/\">Excel&#8217;de iki tarih aras\u0131ndaki y\u0131llar\u0131 say\u0131n<\/a><\/li><li> <a href=\"https:\/\/exceladvisor.org\/tr\/yilin-gununun-numarasini-al\/\">Excel&#8217;de y\u0131l\u0131n g\u00fcn say\u0131s\u0131n\u0131 al\u0131n<\/a><\/li><li> <a href=\"https:\/\/exceladvisor.org\/tr\/2-yil-hizmet-al\/\">Excel&#8217;de y\u0131llarca hizmet al\u0131n<\/a><\/li><li> <a href=\"https:\/\/exceladvisor.org\/tr\/tarihler-arasindaki-yillar\/\">Excel&#8217;de tarihler aras\u0131ndaki y\u0131llar<\/a> <\/li><\/ul><\/div><\/div><div class=\"gb-grid-column gb-grid-column-5b4a0cf9\"><div class=\"gb-container gb-container-5b4a0cf9\"><\/div><\/div><\/div><\/div>","protected":false},"excerpt":{"rendered":"","protected":false},"author":1,"featured_media":0,"parent":0,"menu_order":0,"comment_status":"open","ping_status":"closed","template":"","meta":{"ub_ctt_via":"","footnotes":""},"class_list":["post-1744","page","type-page","status-publish","hentry"],"featured_image_src":null,"yoast_head":"<!-- This site is optimized with the Yoast SEO plugin v25.4 - https:\/\/yoast.com\/wordpress\/plugins\/seo\/ -->\n<title>Bir tarihten y\u0131l veya ay nas\u0131l \u00e7\u0131kar\u0131l\u0131r? (2023 K\u0131lavuzu)<\/title>\n<meta name=\"description\" content=\"Bu form\u00fcl e\u011fitiminde, bir tarih de\u011ferinden bir y\u0131l\u0131 veya ay\u0131 nas\u0131l \u00e7\u0131karaca\u011f\u0131m\u0131z\u0131 \u00f6\u011frenece\u011fiz. \u00dc\u00e7\u00fcn\u00fc \u00f6\u011frenece\u011fiz\" \/>\n<meta name=\"robots\" content=\"index, follow, max-snippet:-1, max-image-preview:large, max-video-preview:-1\" \/>\n<link rel=\"canonical\" href=\"https:\/\/exceladvisor.org\/tr\/yil-ayi-cikar\/\" \/>\n<meta property=\"og:locale\" content=\"tr_TR\" \/>\n<meta property=\"og:type\" content=\"article\" \/>\n<meta property=\"og:title\" content=\"Bir tarihten y\u0131l veya ay nas\u0131l \u00e7\u0131kar\u0131l\u0131r? (2023 K\u0131lavuzu)\" \/>\n<meta property=\"og:description\" content=\"Bu form\u00fcl e\u011fitiminde, bir tarih de\u011ferinden bir y\u0131l\u0131 veya ay\u0131 nas\u0131l \u00e7\u0131karaca\u011f\u0131m\u0131z\u0131 \u00f6\u011frenece\u011fiz. \u00dc\u00e7\u00fcn\u00fc \u00f6\u011frenece\u011fiz\" \/>\n<meta property=\"og:url\" content=\"https:\/\/exceladvisor.org\/tr\/yil-ayi-cikar\/\" \/>\n<meta property=\"og:site_name\" content=\"Excel Advisor\" \/>\n<meta property=\"article:modified_time\" content=\"2023-12-10T05:59:05+00:00\" \/>\n<meta property=\"og:image\" content=\"https:\/\/exceladvisor.org\/wp-content\/uploads\/2023\/08\/1-an-a-compter-de-la-date.png\" \/>\n<meta name=\"twitter:card\" content=\"summary_large_image\" \/>\n<meta name=\"twitter:label1\" content=\"Tahmini okuma s\u00fcresi\" \/>\n\t<meta name=\"twitter:data1\" content=\"2 dakika\" \/>\n<script type=\"application\/ld+json\" class=\"yoast-schema-graph\">{\"@context\":\"https:\/\/schema.org\",\"@graph\":[{\"@type\":\"WebPage\",\"@id\":\"https:\/\/exceladvisor.org\/tr\/yil-ayi-cikar\/\",\"url\":\"https:\/\/exceladvisor.org\/tr\/yil-ayi-cikar\/\",\"name\":\"Bir tarihten y\u0131l veya ay nas\u0131l \u00e7\u0131kar\u0131l\u0131r? (2023 K\u0131lavuzu)\",\"isPartOf\":{\"@id\":\"https:\/\/exceladvisor.org\/tr\/#website\"},\"primaryImageOfPage\":{\"@id\":\"https:\/\/exceladvisor.org\/tr\/yil-ayi-cikar\/#primaryimage\"},\"image\":{\"@id\":\"https:\/\/exceladvisor.org\/tr\/yil-ayi-cikar\/#primaryimage\"},\"thumbnailUrl\":\"https:\/\/exceladvisor.org\/wp-content\/uploads\/2023\/08\/1-an-a-compter-de-la-date.png\",\"datePublished\":\"2023-11-07T22:12:22+00:00\",\"dateModified\":\"2023-12-10T05:59:05+00:00\",\"description\":\"Bu form\u00fcl e\u011fitiminde, bir tarih de\u011ferinden bir y\u0131l\u0131 veya ay\u0131 nas\u0131l \u00e7\u0131karaca\u011f\u0131m\u0131z\u0131 \u00f6\u011frenece\u011fiz. \u00dc\u00e7\u00fcn\u00fc \u00f6\u011frenece\u011fiz\",\"breadcrumb\":{\"@id\":\"https:\/\/exceladvisor.org\/tr\/yil-ayi-cikar\/#breadcrumb\"},\"inLanguage\":\"tr\",\"potentialAction\":[{\"@type\":\"ReadAction\",\"target\":[\"https:\/\/exceladvisor.org\/tr\/yil-ayi-cikar\/\"]}]},{\"@type\":\"ImageObject\",\"inLanguage\":\"tr\",\"@id\":\"https:\/\/exceladvisor.org\/tr\/yil-ayi-cikar\/#primaryimage\",\"url\":\"https:\/\/exceladvisor.org\/wp-content\/uploads\/2023\/08\/1-an-a-compter-de-la-date.png\",\"contentUrl\":\"https:\/\/exceladvisor.org\/wp-content\/uploads\/2023\/08\/1-an-a-compter-de-la-date.png\"},{\"@type\":\"BreadcrumbList\",\"@id\":\"https:\/\/exceladvisor.org\/tr\/yil-ayi-cikar\/#breadcrumb\",\"itemListElement\":[{\"@type\":\"ListItem\",\"position\":1,\"name\":\"Ev\",\"item\":\"https:\/\/exceladvisor.org\/tr\/\"},{\"@type\":\"ListItem\",\"position\":2,\"name\":\"Bir tarihten y\u0131l veya ay nas\u0131l \u00e7\u0131kar\u0131l\u0131r?\"}]},{\"@type\":\"WebSite\",\"@id\":\"https:\/\/exceladvisor.org\/tr\/#website\",\"url\":\"https:\/\/exceladvisor.org\/tr\/\",\"name\":\"Excel Advisor\",\"description\":\"Veri hakimiyetine y\u00f6nelik nihai rehberiniz!\",\"publisher\":{\"@id\":\"https:\/\/exceladvisor.org\/tr\/#organization\"},\"potentialAction\":[{\"@type\":\"SearchAction\",\"target\":{\"@type\":\"EntryPoint\",\"urlTemplate\":\"https:\/\/exceladvisor.org\/tr\/?s={search_term_string}\"},\"query-input\":{\"@type\":\"PropertyValueSpecification\",\"valueRequired\":true,\"valueName\":\"search_term_string\"}}],\"inLanguage\":\"tr\"},{\"@type\":\"Organization\",\"@id\":\"https:\/\/exceladvisor.org\/tr\/#organization\",\"name\":\"Excel Advisor\",\"url\":\"https:\/\/exceladvisor.org\/tr\/\",\"logo\":{\"@type\":\"ImageObject\",\"inLanguage\":\"tr\",\"@id\":\"https:\/\/exceladvisor.org\/tr\/#\/schema\/logo\/image\/\",\"url\":\"https:\/\/exceladvisor.org\/tr\/wp-content\/uploads\/2023\/12\/exceladvisor.org_.png\",\"contentUrl\":\"https:\/\/exceladvisor.org\/tr\/wp-content\/uploads\/2023\/12\/exceladvisor.org_.png\",\"width\":105,\"height\":36,\"caption\":\"Excel Advisor\"},\"image\":{\"@id\":\"https:\/\/exceladvisor.org\/tr\/#\/schema\/logo\/image\/\"}}]}<\/script>\n<!-- \/ Yoast SEO plugin. -->","yoast_head_json":{"title":"Bir tarihten y\u0131l veya ay nas\u0131l \u00e7\u0131kar\u0131l\u0131r? (2023 K\u0131lavuzu)","description":"Bu form\u00fcl e\u011fitiminde, bir tarih de\u011ferinden bir y\u0131l\u0131 veya ay\u0131 nas\u0131l \u00e7\u0131karaca\u011f\u0131m\u0131z\u0131 \u00f6\u011frenece\u011fiz. \u00dc\u00e7\u00fcn\u00fc \u00f6\u011frenece\u011fiz","robots":{"index":"index","follow":"follow","max-snippet":"max-snippet:-1","max-image-preview":"max-image-preview:large","max-video-preview":"max-video-preview:-1"},"canonical":"https:\/\/exceladvisor.org\/tr\/yil-ayi-cikar\/","og_locale":"tr_TR","og_type":"article","og_title":"Bir tarihten y\u0131l veya ay nas\u0131l \u00e7\u0131kar\u0131l\u0131r? (2023 K\u0131lavuzu)","og_description":"Bu form\u00fcl e\u011fitiminde, bir tarih de\u011ferinden bir y\u0131l\u0131 veya ay\u0131 nas\u0131l \u00e7\u0131karaca\u011f\u0131m\u0131z\u0131 \u00f6\u011frenece\u011fiz. \u00dc\u00e7\u00fcn\u00fc \u00f6\u011frenece\u011fiz","og_url":"https:\/\/exceladvisor.org\/tr\/yil-ayi-cikar\/","og_site_name":"Excel Advisor","article_modified_time":"2023-12-10T05:59:05+00:00","og_image":[{"url":"https:\/\/exceladvisor.org\/wp-content\/uploads\/2023\/08\/1-an-a-compter-de-la-date.png","type":"","width":"","height":""}],"twitter_card":"summary_large_image","twitter_misc":{"Tahmini okuma s\u00fcresi":"2 dakika"},"schema":{"@context":"https:\/\/schema.org","@graph":[{"@type":"WebPage","@id":"https:\/\/exceladvisor.org\/tr\/yil-ayi-cikar\/","url":"https:\/\/exceladvisor.org\/tr\/yil-ayi-cikar\/","name":"Bir tarihten y\u0131l veya ay nas\u0131l \u00e7\u0131kar\u0131l\u0131r? (2023 K\u0131lavuzu)","isPartOf":{"@id":"https:\/\/exceladvisor.org\/tr\/#website"},"primaryImageOfPage":{"@id":"https:\/\/exceladvisor.org\/tr\/yil-ayi-cikar\/#primaryimage"},"image":{"@id":"https:\/\/exceladvisor.org\/tr\/yil-ayi-cikar\/#primaryimage"},"thumbnailUrl":"https:\/\/exceladvisor.org\/wp-content\/uploads\/2023\/08\/1-an-a-compter-de-la-date.png","datePublished":"2023-11-07T22:12:22+00:00","dateModified":"2023-12-10T05:59:05+00:00","description":"Bu form\u00fcl e\u011fitiminde, bir tarih de\u011ferinden bir y\u0131l\u0131 veya ay\u0131 nas\u0131l \u00e7\u0131karaca\u011f\u0131m\u0131z\u0131 \u00f6\u011frenece\u011fiz. \u00dc\u00e7\u00fcn\u00fc \u00f6\u011frenece\u011fiz","breadcrumb":{"@id":"https:\/\/exceladvisor.org\/tr\/yil-ayi-cikar\/#breadcrumb"},"inLanguage":"tr","potentialAction":[{"@type":"ReadAction","target":["https:\/\/exceladvisor.org\/tr\/yil-ayi-cikar\/"]}]},{"@type":"ImageObject","inLanguage":"tr","@id":"https:\/\/exceladvisor.org\/tr\/yil-ayi-cikar\/#primaryimage","url":"https:\/\/exceladvisor.org\/wp-content\/uploads\/2023\/08\/1-an-a-compter-de-la-date.png","contentUrl":"https:\/\/exceladvisor.org\/wp-content\/uploads\/2023\/08\/1-an-a-compter-de-la-date.png"},{"@type":"BreadcrumbList","@id":"https:\/\/exceladvisor.org\/tr\/yil-ayi-cikar\/#breadcrumb","itemListElement":[{"@type":"ListItem","position":1,"name":"Ev","item":"https:\/\/exceladvisor.org\/tr\/"},{"@type":"ListItem","position":2,"name":"Bir tarihten y\u0131l veya ay nas\u0131l \u00e7\u0131kar\u0131l\u0131r?"}]},{"@type":"WebSite","@id":"https:\/\/exceladvisor.org\/tr\/#website","url":"https:\/\/exceladvisor.org\/tr\/","name":"Excel Advisor","description":"Veri hakimiyetine y\u00f6nelik nihai rehberiniz!","publisher":{"@id":"https:\/\/exceladvisor.org\/tr\/#organization"},"potentialAction":[{"@type":"SearchAction","target":{"@type":"EntryPoint","urlTemplate":"https:\/\/exceladvisor.org\/tr\/?s={search_term_string}"},"query-input":{"@type":"PropertyValueSpecification","valueRequired":true,"valueName":"search_term_string"}}],"inLanguage":"tr"},{"@type":"Organization","@id":"https:\/\/exceladvisor.org\/tr\/#organization","name":"Excel Advisor","url":"https:\/\/exceladvisor.org\/tr\/","logo":{"@type":"ImageObject","inLanguage":"tr","@id":"https:\/\/exceladvisor.org\/tr\/#\/schema\/logo\/image\/","url":"https:\/\/exceladvisor.org\/tr\/wp-content\/uploads\/2023\/12\/exceladvisor.org_.png","contentUrl":"https:\/\/exceladvisor.org\/tr\/wp-content\/uploads\/2023\/12\/exceladvisor.org_.png","width":105,"height":36,"caption":"Excel Advisor"},"image":{"@id":"https:\/\/exceladvisor.org\/tr\/#\/schema\/logo\/image\/"}}]}},"yoast_meta":{"yoast_wpseo_title":"","yoast_wpseo_metadesc":"","yoast_wpseo_canonical":""},"_links":{"self":[{"href":"https:\/\/exceladvisor.org\/tr\/wp-json\/wp\/v2\/pages\/1744","targetHints":{"allow":["GET"]}}],"collection":[{"href":"https:\/\/exceladvisor.org\/tr\/wp-json\/wp\/v2\/pages"}],"about":[{"href":"https:\/\/exceladvisor.org\/tr\/wp-json\/wp\/v2\/types\/page"}],"author":[{"embeddable":true,"href":"https:\/\/exceladvisor.org\/tr\/wp-json\/wp\/v2\/users\/1"}],"replies":[{"embeddable":true,"href":"https:\/\/exceladvisor.org\/tr\/wp-json\/wp\/v2\/comments?post=1744"}],"version-history":[{"count":1,"href":"https:\/\/exceladvisor.org\/tr\/wp-json\/wp\/v2\/pages\/1744\/revisions"}],"predecessor-version":[{"id":2295,"href":"https:\/\/exceladvisor.org\/tr\/wp-json\/wp\/v2\/pages\/1744\/revisions\/2295"}],"wp:attachment":[{"href":"https:\/\/exceladvisor.org\/tr\/wp-json\/wp\/v2\/media?parent=1744"}],"curies":[{"name":"wp","href":"https:\/\/api.w.org\/{rel}","templated":true}]}}