{"id":1745,"date":"2023-11-07T21:54:41","date_gmt":"2023-11-07T21:54:41","guid":{"rendered":"https:\/\/exceladvisor.org\/tr\/dogru-yanlis\/"},"modified":"2023-12-10T06:01:08","modified_gmt":"2023-12-10T06:01:08","slug":"dogru-yanlis","status":"publish","type":"page","link":"https:\/\/exceladvisor.org\/tr\/dogru-yanlis\/","title":{"rendered":"Excel&#39;de do\u011fru ve yanli\u015f (boole de\u011ferleri)"},"content":{"rendered":"<div class=\"excel-icerikten-once\" id=\"excel-1053958413\"><script type=\"text\/javascript\">\r\n\tatOptions = {\r\n\t\t'key' : 'c1158f160081d6540a8409e6925dab94',\r\n\t\t'format' : 'iframe',\r\n\t\t'height' : 250,\r\n\t\t'width' : 300,\r\n\t\t'params' : {}\r\n\t};\r\n<\/script>\r\n<script type=\"text\/javascript\" src=\"\/\/www.highperformanceformat.com\/c1158f160081d6540a8409e6925dab94\/invoke.js\"><\/script><\/div> <p>DO\u011eRU ve YANLI\u015e Boole de\u011ferleridir. Her iki de\u011fer de bir ko\u015fulun sonucunu temsil eder. \u00d6rne\u011fin 1 = 1 DO\u011eRU ve 1 = 2 YANLI\u015e&#8217;t\u0131r. Her iki durumda da sonucu anlaman\u0131za yard\u0131mc\u0131 olacak bir Boolean de\u011ferimiz var. Bunlara do\u011fruluk de\u011ferleri de denir.<\/p><p> Excel&#8217;de bu Boole de\u011ferlerini kullanman\u0131n iki yolu vard\u0131r.<\/p><ul><li> Onlar\u0131 bir h\u00fccreye koyuyorsunuz.<\/li><li> Bunlar\u0131 buna g\u00f6re geri al\u0131rs\u0131n\u0131z.<\/li><\/ul><p> \u00c7o\u011fu durumda (Excel&#8217;de \u00e7al\u0131\u015f\u0131rken), bunlar\u0131 h\u00fccreye manuel olarak girmenize gerek yoktur. Ve buna g\u00f6re bir h\u00fccrede DO\u011eRU ve YANLI\u015e de\u011ferini elde etmek i\u00e7in kullanabilece\u011finiz ba\u015fka yollar da vard\u0131r.<\/p><p class=\"qt-tip\"> <strong>Not:<\/strong> DO\u011eRU ve YANLI\u015e s\u0131ras\u0131yla 1 ve 0&#8217;a e\u015fde\u011ferdir.<\/p><h2 class=\"wp-block-heading\"> DO\u011eRU ve YANLI\u015e i\u015flevlerini kullanma<\/h2><p> \u0130ki Boole de\u011ferini elde etmek i\u00e7in Excel&#8217;de DO\u011eRU ve YANLI\u015e olmak \u00fczere iki \u00f6zel i\u015fleviniz vard\u0131r. <\/p><div class=\"wp-block-image\"><figure class=\"aligncenter size-full is-resized\"><img loading=\"lazy\" decoding=\"async\" class=\"wp-image-89018\" src=\"https:\/\/exceladvisor.org\/wp-content\/uploads\/2023\/08\/1-vrai-ou-faux-dans-excel.png\" sizes=\"auto, \" srcset=\"\" alt=\"excel'de do\u011fru veya yanl\u0131\u015f\" width=\"378\" height=\"256\"><\/figure><\/div><p> Bu i\u015flevlerde, i\u015flevde herhangi bir arg\u00fcman belirtmenize gerek yoktur.<\/p><pre class=\"wp-block-preformatted\"> =TRUE()\n=FALSE()<\/pre><h2 class=\"wp-block-heading\"> Ko\u015fullu test ederek sonucu al\u0131n<\/h2><p> Bir ko\u015fulu test etti\u011finizde sonu\u00e7 her zaman TURE veya YANLI\u015e olur. Ve bunlar, Excel&#8217;de DO\u011eRU ve YANLI\u015e ile \u00e7ok fazla u\u011fra\u015ft\u0131\u011f\u0131n\u0131z durumlard\u0131r.<\/p><p> 1 = 1&#8217;i test ederseniz form\u00fcl\u00fcn\u00fcz DO\u011eRU de\u011ferini d\u00f6nd\u00fcr\u00fcr. <\/p><div class=\"wp-block-image\"><figure class=\"aligncenter size-full is-resized\"><img loading=\"lazy\" decoding=\"async\" class=\"wp-image-89019\" src=\"https:\/\/exceladvisor.org\/wp-content\/uploads\/2023\/08\/2-formule-renvoie-vrai.png\" sizes=\"auto, \" srcset=\"\" alt=\"form\u00fcl-do\u011fru-d\u00f6nd\u00fcr\u00fcr\" width=\"427\" height=\"239\"><\/figure><\/div><p> Ancak 1=2&#8217;yi test ederseniz form\u00fcl\u00fcn\u00fcz YANLI\u015e de\u011ferini d\u00f6nd\u00fcr\u00fcr. <\/p><div class=\"wp-block-image\"><figure class=\"aligncenter size-full is-resized\"><img loading=\"lazy\" decoding=\"async\" class=\"wp-image-89020\" src=\"https:\/\/exceladvisor.org\/wp-content\/uploads\/2023\/08\/3-formule-renvoie-faux.png\" sizes=\"auto, \" srcset=\"\" alt=\"form\u00fcl-d\u00f6nd\u00fcr\u00fcr-yanl\u0131\u015f\" width=\"423\" height=\"201\"><\/figure><\/div><p> DO\u011eRU ve YANLI\u015e, Excel&#8217;de bir ko\u015fulun sonucunu ifade etmenin temellerini olu\u015fturur. Excel&#8217;deki IF i\u015flevi DO\u011eRU ve YANLI\u015e ile de \u00e7al\u0131\u015fsa da. <\/p><div class=\"wp-block-image\"><figure class=\"aligncenter size-full is-resized\"><img loading=\"lazy\" decoding=\"async\" class=\"wp-image-89021\" src=\"https:\/\/exceladvisor.org\/wp-content\/uploads\/2023\/08\/4-vrai-et-faux-expriment-le-resultat-de-la-condition.png\" sizes=\"auto, \" srcset=\"\" alt=\"do\u011fru ve yanl\u0131\u015f, ko\u015fulun sonucunu ifade eder\" width=\"266\" height=\"128\"><\/figure><\/div><p> IF fonksiyonunun t\u00fcm \u00e7al\u0131\u015fmas\u0131 DO\u011eRU ve YANLI\u015e de\u011ferlerine dayanmaktad\u0131r.<\/p><h2 class=\"wp-block-heading\"> Mant\u0131ksal operat\u00f6rleri kullanma<\/h2><p> Excel&#8217;de test ko\u015fullar\u0131n\u0131 elde etmenize yard\u0131mc\u0131 olacak mant\u0131ksal i\u015fle\u00e7ler bulunur. Bu mant\u0131ksal operat\u00f6rler ayn\u0131 zamanda sonu\u00e7lar\u0131 DO\u011eRU ve YANLI\u015e de\u011ferleriyle d\u00f6nd\u00fcr\u00fcr.<\/p><ul><li> &lt;&#8216;den b\u00fcy\u00fck<\/li><li> \u015eundan az: &gt;<\/li><li> &lt;&gt;&#8217; <a href=\"https:\/\/exceladvisor.org\/tr\/esit-degil\/\">ya e\u015fit de\u011fil<\/a> <\/li><\/ul><div class=\"wp-block-image\"><figure class=\"aligncenter size-full is-resized\"><img loading=\"lazy\" decoding=\"async\" class=\"wp-image-89022\" src=\"https:\/\/exceladvisor.org\/wp-content\/uploads\/2023\/08\/5-utiliser-des-operations-logiques.png\" sizes=\"auto, \" srcset=\"\" alt=\"mant\u0131ksal i\u015flemleri kullan\" width=\"530\" height=\"306\"><\/figure><\/div><p> Test de\u011ferlerini birbirimizle test etsek bile DO\u011eRU veya YANLI\u015e sonucunu al\u0131yoruz.<\/p><h2 class=\"wp-block-heading\"> DO\u011eRU-YANLI\u015e&#8217;tan 1-0&#8217;a d\u00f6n\u00fc\u015f\u00fcm<\/h2><p> Boolean de\u011ferlerini 0 ve 1&#8217;e d\u00f6n\u00fc\u015ft\u00fcrmenin iki yolu vard\u0131r.<\/p><ul><li> \u0130\u015flev N<\/li><li> \u00c7ift eksi i\u015fareti <\/li><\/ul><div class=\"wp-block-image\"><figure class=\"aligncenter size-full is-resized\"><img loading=\"lazy\" decoding=\"async\" class=\"wp-image-89023\" src=\"https:\/\/exceladvisor.org\/wp-content\/uploads\/2023\/08\/6-convertir-vrai-faux.png\" sizes=\"auto, \" srcset=\"\" alt=\"do\u011fru-yanl\u0131\u015f d\u00f6n\u00fc\u015f\u00fcm\u00fc\" width=\"732\" height=\"160\"><\/figure><\/div><p> Yukar\u0131daki \u00f6rnekte \u00f6nce N fonksiyonunu, ard\u0131ndan \u00e7ift eksi i\u015faretini (-) kulland\u0131k ve hem DO\u011eRU&#8217;yu hem de YANLI\u015e&#8217;\u0131 1&#8217;e ve 0&#8217;a d\u00f6n\u00fc\u015ft\u00fcrd\u00fck.<\/p><p> \u0130ki y\u00f6ntemden \u00e7ift eksi i\u015fareti kullanman\u0131n \u00e7ok az faydas\u0131 vard\u0131r. \u00d6rne\u011fin h\u00fccreleri TRUE ile saymak istiyorsan\u0131z SUM ile kullanabilirsiniz. <\/p><div class=\"wp-block-image\"><figure class=\"aligncenter size-full is-resized\"><img loading=\"lazy\" decoding=\"async\" class=\"wp-image-89024\" src=\"https:\/\/exceladvisor.org\/wp-content\/uploads\/2023\/08\/7-converti-vrai-et-faux-en-1-et-0.png\" sizes=\"auto, \" srcset=\"\" alt=\"do\u011fru ve yanl\u0131\u015f\u0131 1 ve 0'a d\u00f6n\u00fc\u015ft\u00fcrd\u00fc\" width=\"448\" height=\"321\"><\/figure><\/div><figure class=\"wp-block-embed\"><div class=\"wp-block-embed__wrapper\"> &gt; <a href=\"https:\/\/exceladvisor.org\/wp-content\/uploads\/2023\/11\/FAUX.xlsx\"><strong>\u00d6rnek dosyay\u0131 indirin<\/strong><\/a><\/div><\/figure>","protected":false},"excerpt":{"rendered":"","protected":false},"author":1,"featured_media":0,"parent":0,"menu_order":0,"comment_status":"open","ping_status":"closed","template":"","meta":{"ub_ctt_via":"","footnotes":""},"class_list":["post-1745","page","type-page","status-publish","hentry"],"featured_image_src":null,"yoast_head":"<!-- This site is optimized with the Yoast SEO plugin v25.4 - https:\/\/yoast.com\/wordpress\/plugins\/seo\/ -->\n<title>\u25b7 Excel&#039;de DO\u011eRU ve YANLI\u015e (Boole De\u011ferleri)<\/title>\n<meta name=\"description\" content=\"Excel&#039;de DO\u011eRU ve YANLI\u015e Boole de\u011ferleridir. Her iki de\u011fer de bir ko\u015fulun sonucunu temsil eder. \u00d6rne\u011fin...\" \/>\n<meta name=\"robots\" content=\"index, follow, max-snippet:-1, max-image-preview:large, max-video-preview:-1\" \/>\n<link rel=\"canonical\" href=\"https:\/\/exceladvisor.org\/tr\/dogru-yanlis\/\" \/>\n<meta property=\"og:locale\" content=\"tr_TR\" \/>\n<meta property=\"og:type\" content=\"article\" \/>\n<meta property=\"og:title\" content=\"\u25b7 Excel&#039;de DO\u011eRU ve YANLI\u015e (Boole De\u011ferleri)\" \/>\n<meta property=\"og:description\" content=\"Excel&#039;de DO\u011eRU ve YANLI\u015e Boole de\u011ferleridir. Her iki de\u011fer de bir ko\u015fulun sonucunu temsil eder. \u00d6rne\u011fin...\" \/>\n<meta property=\"og:url\" content=\"https:\/\/exceladvisor.org\/tr\/dogru-yanlis\/\" \/>\n<meta property=\"og:site_name\" content=\"Excel Advisor\" \/>\n<meta property=\"article:modified_time\" content=\"2023-12-10T06:01:08+00:00\" \/>\n<meta property=\"og:image\" content=\"https:\/\/exceladvisor.org\/wp-content\/uploads\/2023\/08\/1-vrai-ou-faux-dans-excel.png\" \/>\n<meta name=\"twitter:card\" content=\"summary_large_image\" \/>\n<meta name=\"twitter:label1\" content=\"Tahmini okuma s\u00fcresi\" \/>\n\t<meta name=\"twitter:data1\" content=\"2 dakika\" \/>\n<script type=\"application\/ld+json\" class=\"yoast-schema-graph\">{\"@context\":\"https:\/\/schema.org\",\"@graph\":[{\"@type\":\"WebPage\",\"@id\":\"https:\/\/exceladvisor.org\/tr\/dogru-yanlis\/\",\"url\":\"https:\/\/exceladvisor.org\/tr\/dogru-yanlis\/\",\"name\":\"\u25b7 Excel&#39;de DO\u011eRU ve YANLI\u015e (Boole De\u011ferleri)\",\"isPartOf\":{\"@id\":\"https:\/\/exceladvisor.org\/tr\/#website\"},\"primaryImageOfPage\":{\"@id\":\"https:\/\/exceladvisor.org\/tr\/dogru-yanlis\/#primaryimage\"},\"image\":{\"@id\":\"https:\/\/exceladvisor.org\/tr\/dogru-yanlis\/#primaryimage\"},\"thumbnailUrl\":\"https:\/\/exceladvisor.org\/wp-content\/uploads\/2023\/08\/1-vrai-ou-faux-dans-excel.png\",\"datePublished\":\"2023-11-07T21:54:41+00:00\",\"dateModified\":\"2023-12-10T06:01:08+00:00\",\"description\":\"Excel&#39;de DO\u011eRU ve YANLI\u015e Boole de\u011ferleridir. Her iki de\u011fer de bir ko\u015fulun sonucunu temsil eder. \u00d6rne\u011fin...\",\"breadcrumb\":{\"@id\":\"https:\/\/exceladvisor.org\/tr\/dogru-yanlis\/#breadcrumb\"},\"inLanguage\":\"tr\",\"potentialAction\":[{\"@type\":\"ReadAction\",\"target\":[\"https:\/\/exceladvisor.org\/tr\/dogru-yanlis\/\"]}]},{\"@type\":\"ImageObject\",\"inLanguage\":\"tr\",\"@id\":\"https:\/\/exceladvisor.org\/tr\/dogru-yanlis\/#primaryimage\",\"url\":\"https:\/\/exceladvisor.org\/wp-content\/uploads\/2023\/08\/1-vrai-ou-faux-dans-excel.png\",\"contentUrl\":\"https:\/\/exceladvisor.org\/wp-content\/uploads\/2023\/08\/1-vrai-ou-faux-dans-excel.png\"},{\"@type\":\"BreadcrumbList\",\"@id\":\"https:\/\/exceladvisor.org\/tr\/dogru-yanlis\/#breadcrumb\",\"itemListElement\":[{\"@type\":\"ListItem\",\"position\":1,\"name\":\"Ev\",\"item\":\"https:\/\/exceladvisor.org\/tr\/\"},{\"@type\":\"ListItem\",\"position\":2,\"name\":\"Excel&#39;de do\u011fru ve yanli\u015f (boole de\u011ferleri)\"}]},{\"@type\":\"WebSite\",\"@id\":\"https:\/\/exceladvisor.org\/tr\/#website\",\"url\":\"https:\/\/exceladvisor.org\/tr\/\",\"name\":\"Excel Advisor\",\"description\":\"Veri hakimiyetine y\u00f6nelik nihai rehberiniz!\",\"publisher\":{\"@id\":\"https:\/\/exceladvisor.org\/tr\/#organization\"},\"potentialAction\":[{\"@type\":\"SearchAction\",\"target\":{\"@type\":\"EntryPoint\",\"urlTemplate\":\"https:\/\/exceladvisor.org\/tr\/?s={search_term_string}\"},\"query-input\":{\"@type\":\"PropertyValueSpecification\",\"valueRequired\":true,\"valueName\":\"search_term_string\"}}],\"inLanguage\":\"tr\"},{\"@type\":\"Organization\",\"@id\":\"https:\/\/exceladvisor.org\/tr\/#organization\",\"name\":\"Excel Advisor\",\"url\":\"https:\/\/exceladvisor.org\/tr\/\",\"logo\":{\"@type\":\"ImageObject\",\"inLanguage\":\"tr\",\"@id\":\"https:\/\/exceladvisor.org\/tr\/#\/schema\/logo\/image\/\",\"url\":\"https:\/\/exceladvisor.org\/tr\/wp-content\/uploads\/2023\/12\/exceladvisor.org_.png\",\"contentUrl\":\"https:\/\/exceladvisor.org\/tr\/wp-content\/uploads\/2023\/12\/exceladvisor.org_.png\",\"width\":105,\"height\":36,\"caption\":\"Excel Advisor\"},\"image\":{\"@id\":\"https:\/\/exceladvisor.org\/tr\/#\/schema\/logo\/image\/\"}}]}<\/script>\n<!-- \/ Yoast SEO plugin. -->","yoast_head_json":{"title":"\u25b7 Excel&#39;de DO\u011eRU ve YANLI\u015e (Boole De\u011ferleri)","description":"Excel&#39;de DO\u011eRU ve YANLI\u015e Boole de\u011ferleridir. Her iki de\u011fer de bir ko\u015fulun sonucunu temsil eder. \u00d6rne\u011fin...","robots":{"index":"index","follow":"follow","max-snippet":"max-snippet:-1","max-image-preview":"max-image-preview:large","max-video-preview":"max-video-preview:-1"},"canonical":"https:\/\/exceladvisor.org\/tr\/dogru-yanlis\/","og_locale":"tr_TR","og_type":"article","og_title":"\u25b7 Excel&#39;de DO\u011eRU ve YANLI\u015e (Boole De\u011ferleri)","og_description":"Excel&#39;de DO\u011eRU ve YANLI\u015e Boole de\u011ferleridir. Her iki de\u011fer de bir ko\u015fulun sonucunu temsil eder. \u00d6rne\u011fin...","og_url":"https:\/\/exceladvisor.org\/tr\/dogru-yanlis\/","og_site_name":"Excel Advisor","article_modified_time":"2023-12-10T06:01:08+00:00","og_image":[{"url":"https:\/\/exceladvisor.org\/wp-content\/uploads\/2023\/08\/1-vrai-ou-faux-dans-excel.png","type":"","width":"","height":""}],"twitter_card":"summary_large_image","twitter_misc":{"Tahmini okuma s\u00fcresi":"2 dakika"},"schema":{"@context":"https:\/\/schema.org","@graph":[{"@type":"WebPage","@id":"https:\/\/exceladvisor.org\/tr\/dogru-yanlis\/","url":"https:\/\/exceladvisor.org\/tr\/dogru-yanlis\/","name":"\u25b7 Excel&#39;de DO\u011eRU ve YANLI\u015e (Boole De\u011ferleri)","isPartOf":{"@id":"https:\/\/exceladvisor.org\/tr\/#website"},"primaryImageOfPage":{"@id":"https:\/\/exceladvisor.org\/tr\/dogru-yanlis\/#primaryimage"},"image":{"@id":"https:\/\/exceladvisor.org\/tr\/dogru-yanlis\/#primaryimage"},"thumbnailUrl":"https:\/\/exceladvisor.org\/wp-content\/uploads\/2023\/08\/1-vrai-ou-faux-dans-excel.png","datePublished":"2023-11-07T21:54:41+00:00","dateModified":"2023-12-10T06:01:08+00:00","description":"Excel&#39;de DO\u011eRU ve YANLI\u015e Boole de\u011ferleridir. Her iki de\u011fer de bir ko\u015fulun sonucunu temsil eder. \u00d6rne\u011fin...","breadcrumb":{"@id":"https:\/\/exceladvisor.org\/tr\/dogru-yanlis\/#breadcrumb"},"inLanguage":"tr","potentialAction":[{"@type":"ReadAction","target":["https:\/\/exceladvisor.org\/tr\/dogru-yanlis\/"]}]},{"@type":"ImageObject","inLanguage":"tr","@id":"https:\/\/exceladvisor.org\/tr\/dogru-yanlis\/#primaryimage","url":"https:\/\/exceladvisor.org\/wp-content\/uploads\/2023\/08\/1-vrai-ou-faux-dans-excel.png","contentUrl":"https:\/\/exceladvisor.org\/wp-content\/uploads\/2023\/08\/1-vrai-ou-faux-dans-excel.png"},{"@type":"BreadcrumbList","@id":"https:\/\/exceladvisor.org\/tr\/dogru-yanlis\/#breadcrumb","itemListElement":[{"@type":"ListItem","position":1,"name":"Ev","item":"https:\/\/exceladvisor.org\/tr\/"},{"@type":"ListItem","position":2,"name":"Excel&#39;de do\u011fru ve yanli\u015f (boole de\u011ferleri)"}]},{"@type":"WebSite","@id":"https:\/\/exceladvisor.org\/tr\/#website","url":"https:\/\/exceladvisor.org\/tr\/","name":"Excel Advisor","description":"Veri hakimiyetine y\u00f6nelik nihai rehberiniz!","publisher":{"@id":"https:\/\/exceladvisor.org\/tr\/#organization"},"potentialAction":[{"@type":"SearchAction","target":{"@type":"EntryPoint","urlTemplate":"https:\/\/exceladvisor.org\/tr\/?s={search_term_string}"},"query-input":{"@type":"PropertyValueSpecification","valueRequired":true,"valueName":"search_term_string"}}],"inLanguage":"tr"},{"@type":"Organization","@id":"https:\/\/exceladvisor.org\/tr\/#organization","name":"Excel Advisor","url":"https:\/\/exceladvisor.org\/tr\/","logo":{"@type":"ImageObject","inLanguage":"tr","@id":"https:\/\/exceladvisor.org\/tr\/#\/schema\/logo\/image\/","url":"https:\/\/exceladvisor.org\/tr\/wp-content\/uploads\/2023\/12\/exceladvisor.org_.png","contentUrl":"https:\/\/exceladvisor.org\/tr\/wp-content\/uploads\/2023\/12\/exceladvisor.org_.png","width":105,"height":36,"caption":"Excel Advisor"},"image":{"@id":"https:\/\/exceladvisor.org\/tr\/#\/schema\/logo\/image\/"}}]}},"yoast_meta":{"yoast_wpseo_title":"","yoast_wpseo_metadesc":"","yoast_wpseo_canonical":""},"_links":{"self":[{"href":"https:\/\/exceladvisor.org\/tr\/wp-json\/wp\/v2\/pages\/1745","targetHints":{"allow":["GET"]}}],"collection":[{"href":"https:\/\/exceladvisor.org\/tr\/wp-json\/wp\/v2\/pages"}],"about":[{"href":"https:\/\/exceladvisor.org\/tr\/wp-json\/wp\/v2\/types\/page"}],"author":[{"embeddable":true,"href":"https:\/\/exceladvisor.org\/tr\/wp-json\/wp\/v2\/users\/1"}],"replies":[{"embeddable":true,"href":"https:\/\/exceladvisor.org\/tr\/wp-json\/wp\/v2\/comments?post=1745"}],"version-history":[{"count":1,"href":"https:\/\/exceladvisor.org\/tr\/wp-json\/wp\/v2\/pages\/1745\/revisions"}],"predecessor-version":[{"id":2476,"href":"https:\/\/exceladvisor.org\/tr\/wp-json\/wp\/v2\/pages\/1745\/revisions\/2476"}],"wp:attachment":[{"href":"https:\/\/exceladvisor.org\/tr\/wp-json\/wp\/v2\/media?parent=1745"}],"curies":[{"name":"wp","href":"https:\/\/api.w.org\/{rel}","templated":true}]}}