{"id":1746,"date":"2023-11-07T16:11:29","date_gmt":"2023-11-07T16:11:29","guid":{"rendered":"https:\/\/exceladvisor.org\/tr\/sutunlari-karsilastir\/"},"modified":"2023-12-10T06:01:10","modified_gmt":"2023-12-10T06:01:10","slug":"sutunlari-karsilastir","status":"publish","type":"page","link":"https:\/\/exceladvisor.org\/tr\/sutunlari-karsilastir\/","title":{"rendered":"Excel&#39;de iki s\u00fctun nas\u0131l kar\u015f\u0131la\u015ft\u0131r\u0131l\u0131r?"},"content":{"rendered":"<div class=\"excel-icerikten-once\" id=\"excel-3842519034\"><script type=\"text\/javascript\">\r\n\tatOptions = {\r\n\t\t'key' : 'c1158f160081d6540a8409e6925dab94',\r\n\t\t'format' : 'iframe',\r\n\t\t'height' : 250,\r\n\t\t'width' : 300,\r\n\t\t'params' : {}\r\n\t};\r\n<\/script>\r\n<script type=\"text\/javascript\" src=\"\/\/www.highperformanceformat.com\/c1158f160081d6540a8409e6925dab94\/invoke.js\"><\/script><\/div> <p>Excel&#8217;de ko\u015fullu bi\u00e7imlendirme, iki s\u00fctunu kar\u015f\u0131la\u015ft\u0131rman\u0131n en kolay yoludur. Bununla iki s\u00fctunu \u00e7e\u015fitli \u015fekillerde kar\u015f\u0131la\u015ft\u0131rabilirsiniz. Bu derste, s\u00fctun kar\u015f\u0131la\u015ft\u0131rmas\u0131 i\u00e7in ko\u015fullu bi\u00e7imlendirmeyi kullanman\u0131n \u00e7e\u015fitli y\u00f6ntemlerini \u00f6\u011frenece\u011fiz.<\/p><h2 class=\"wp-block-heading\"> Sat\u0131r ba\u015f\u0131na iki s\u00fctunu kar\u015f\u0131la\u015ft\u0131r\u0131n<\/h2><p> Bu y\u00f6ntemle s\u00fctunlar\u0131n her sat\u0131r\u0131ndaki iki h\u00fccreyi kar\u015f\u0131la\u015ft\u0131rabilir ve ayn\u0131 de\u011fere sahip h\u00fccreleri vurgulayabilirsiniz.<\/p><ol><li> \u00d6ncelikle verilerdeki her iki s\u00fctunu da se\u00e7in. <br><img loading=\"lazy\" decoding=\"async\" title=\"1-her iki s\u00fctunu da se\u00e7\" src=\"https:\/\/exceladvisor.org\/wp-content\/uploads\/2023\/08\/1-selectionner-les-deux-colonnes.png\" sizes=\"auto, \" srcset=\"\" alt=\"1-select-both-columns\" width=\"290\" height=\"335\"><\/li><li> Daha sonra Giri\u015f sekmesi &gt; Ko\u015fullu Bi\u00e7imlendirme &gt; Yeni Kural&#8217;a gidin. <br><img loading=\"lazy\" decoding=\"async\" title=\"2-ko\u015fullu-bi\u00e7imlendirme-yeni-kural\" src=\"https:\/\/exceladvisor.org\/wp-content\/uploads\/2023\/08\/2-nouvelle-regle-de-mise-en-forme-conditionnelle.png\" sizes=\"auto, \" srcset=\"\" alt=\"2-conditional-formatting-new-rule\" width=\"296\" height=\"397\"><\/li><li> Oradan, \u201cHangi h\u00fccrelerin bi\u00e7imlendirilece\u011fini belirlemek i\u00e7in form\u00fcl kullan\u201d se\u00e7ene\u011fini t\u0131klay\u0131n. <br><img loading=\"lazy\" decoding=\"async\" title=\"3-belirlemek i\u00e7in-bir-form\u00fcl-kullanmay\u0131-se\u00e7in\" src=\"https:\/\/exceladvisor.org\/wp-content\/uploads\/2023\/08\/3-selectionnez-utiliser-une-formule-pour-determiner.png\" sizes=\"auto, \" srcset=\"\" alt=\"3-select-use-a-formula-to-determine\" width=\"563\" height=\"202\"><\/li><li> Daha sonra form\u00fcl \u00e7ubu\u011funa =$A2&lt;&gt;$B2 form\u00fcl\u00fcn\u00fc girin ve ard\u0131ndan format\u0131 belirtmek i\u00e7in \u201cFormat\u2026\u201da t\u0131klay\u0131n. <br><img loading=\"lazy\" decoding=\"async\" title=\"4-form\u00fcl\u00fc-girin ve format\u0131-belirleyin\" src=\"https:\/\/exceladvisor.org\/wp-content\/uploads\/2023\/08\/4-entrez-la-formule-et-specifiez-le-format.png\" sizes=\"auto, \" srcset=\"\" alt=\"4-enter-formula-and-specify-format\" width=\"565\" height=\"209\"><\/li><li> Bi\u00e7imi belirledikten sonra, ko\u015fullu bi\u00e7imlendirmeyi uygulamak i\u00e7in Tamam&#8217;\u0131 t\u0131klay\u0131n ve Kural Y\u00f6neticisini kapatmak i\u00e7in tekrar Tamam&#8217;\u0131 t\u0131klay\u0131n. <br><img loading=\"lazy\" decoding=\"async\" title=\"5-kurallar\u0131 kapat-y\u00f6netici\" src=\"https:\/\/exceladvisor.org\/wp-content\/uploads\/2023\/08\/5-fermer-le-gestionnaire-de-regles.png\" sizes=\"auto, \" srcset=\"\" alt=\"5-close-the-rules-manager\" width=\"580\" height=\"217\"><\/li><\/ol><p> Ve Tamam&#8217;a t\u0131klad\u0131\u011f\u0131n\u0131z anda her iki s\u00fctunda da de\u011ferlerin ayn\u0131 oldu\u011fu h\u00fccreler vurgulan\u0131yor. <\/p><div class=\"wp-block-image\"><figure class=\"aligncenter size-full is-resized\"><img loading=\"lazy\" decoding=\"async\" class=\"wp-image-90468\" src=\"https:\/\/exceladvisor.org\/wp-content\/uploads\/2023\/08\/6-cellules-en-surbrillance-avec-les-memes-valeurs.png\" sizes=\"auto, \" srcset=\"\" alt=\"ayn\u0131 de\u011ferlere sahip vurgulanan h\u00fccreler\" width=\"280\" height=\"331\"><\/figure><\/div><h2 class=\"wp-block-heading\"> T\u00fcm s\u00fctunlardaki t\u00fcm de\u011ferleri kar\u015f\u0131la\u015ft\u0131r\u0131n<\/h2><p> \u0130lk y\u00f6ntemden farkl\u0131 olarak, yinelenen her iki de\u011feri de s\u00fctunlarda vurgulayabilirsiniz. Bunun i\u00e7in her iki s\u00fctunu da se\u00e7in ve Giri\u015f sekmesi &gt; Ko\u015fullu Bi\u00e7imlendirme &gt; H\u00fccre Vurgulama Kurallar\u0131 &gt; Yinelenen De\u011ferler&#8217;e gidin. <\/p><div class=\"wp-block-image\"><figure class=\"aligncenter size-full is-resized\"><img loading=\"lazy\" decoding=\"async\" class=\"wp-image-90469\" src=\"https:\/\/exceladvisor.org\/wp-content\/uploads\/2023\/08\/7-selectionner-les-valeurs-en-double.png\" sizes=\"auto, \" srcset=\"\" alt=\"yinelenen de\u011ferleri se\u00e7\" width=\"530\" height=\"440\"><\/figure><\/div><p> \u00c7o\u011falt\u0131lm\u0131\u015f De\u011ferler ileti\u015fim kutusunda vurgulamak istedi\u011finiz de\u011ferleri ve uygulamak istedi\u011finiz rengi se\u00e7in. <\/p><div class=\"wp-block-image\"><figure class=\"aligncenter size-full is-resized\"><img loading=\"lazy\" decoding=\"async\" class=\"wp-image-90470\" src=\"https:\/\/exceladvisor.org\/wp-content\/uploads\/2023\/08\/8-selectionnez-doublon-pour-mettre-en-surbrillance-les-doublons.png\" sizes=\"auto, \" srcset=\"\" alt=\"kopyalar\u0131-vurgulamak i\u00e7in-kopyalamay\u0131-se\u00e7in\" width=\"388\" height=\"160\"><\/figure><\/div><p> Sonunda ko\u015fullu bi\u00e7imlendirmeyi uygulamak i\u00e7in Tamam&#8217;\u0131 t\u0131klay\u0131n. <\/p><div class=\"wp-block-image\"><figure class=\"aligncenter size-full is-resized\"><img loading=\"lazy\" decoding=\"async\" class=\"wp-image-90471\" src=\"https:\/\/exceladvisor.org\/wp-content\/uploads\/2023\/08\/9-valeurs-en-double-mises-en-evidence.png\" sizes=\"auto, \" srcset=\"\" alt=\"vurgulanan yinelenen de\u011ferler\" width=\"285\" height=\"324\"><\/figure><\/div><p> Tamam&#8217;a t\u0131klad\u0131\u011f\u0131n\u0131z anda, her iki s\u00fctunda da de\u011ferlerin kopyaland\u0131\u011f\u0131 t\u00fcm h\u00fccreler, se\u00e7ti\u011finiz formatta vurgulanacakt\u0131r. Ancak her iki s\u00fctunda da benzersiz h\u00fccreleri vurgulamak istiyorsan\u0131z a\u00e7\u0131l\u0131r listeden \u201cTek\u201d se\u00e7ene\u011fini se\u00e7meniz gerekir. <\/p><div class=\"wp-block-image\"><figure class=\"aligncenter size-full is-resized\"><img loading=\"lazy\" decoding=\"async\" class=\"wp-image-90472\" src=\"https:\/\/exceladvisor.org\/wp-content\/uploads\/2023\/08\/10-selectionnez-unique-pour-mettre-en-evidence-les-valeurs-uniques.png\" sizes=\"auto, \" srcset=\"\" alt=\"benzersiz-de\u011ferleri vurgulamak i\u00e7in benzersiz-se\u00e7in\" width=\"381\" height=\"156\"><\/figure><\/div><p> Tamam&#8217;\u0131 t\u0131klad\u0131\u011f\u0131n\u0131zda, her iki s\u00fctunda da kar\u015f\u0131la\u015ft\u0131rma kullan\u0131larak de\u011ferlerin benzersiz oldu\u011fu yerler vurgulanacakt\u0131r. <\/p><div class=\"wp-block-image\"><figure class=\"aligncenter size-full is-resized\"><img loading=\"lazy\" decoding=\"async\" class=\"wp-image-90473\" src=\"https:\/\/exceladvisor.org\/wp-content\/uploads\/2023\/08\/11-valeurs-uniques-mises-en-avant.png\" sizes=\"auto, \" srcset=\"\" alt=\"vurgulanan tek de\u011ferler\" width=\"260\" height=\"311\"><\/figure><\/div><div class=\"gb-container gb-container-52dfcee1 gb-container-sample-file\"><h2 class=\"gb-headline gb-headline-e289c143 gb-headline-text gb-headline-4f7959c2\"> Excel dosyas\u0131n\u0131 al\u0131n<\/h2> <a class=\"gb-button gb-button-e88d6bee gb-button-text gb-button-button1\" href=\"https:\/\/exceladvisor.org\/wp-content\/uploads\/2023\/08\/comparer-la-mise-en-forme-conditionnelle-des-colonnes.xlsx\" rel=\"nofollow\">\u0130ndirmek<\/a><\/div><div class=\"gb-container gb-container-6076ba72 gb-container-mt\"> <a class=\"gb-button gb-button-76e6a499 gb-button-text gb-button-mt-button\" href=\"https:\/\/exceladvisor.org\/tr\/excelin-temelleri\/\">Excel&#8217;in temellerini \u00f6\u011frenin<\/a><h2 class=\"gb-headline gb-headline-a9e9e206 gb-headline-text gb-headline-mt-heading\"> <a href=\"https:\/\/exceladvisor.org\/tr\/kosullu-bicimlendirme\/\">Ko\u015fullu bi\u00e7imlendirme<\/a> hakk\u0131nda daha fazla bilgi edinin <\/h2><div class=\"gb-grid-wrapper gb-grid-wrapper-790317cb gb-grid-wrapper-mt-grid\"><div class=\"gb-grid-column gb-grid-column-a9845ede\"><div class=\"gb-container gb-container-a9845ede\"><ul><li> <a href=\"https:\/\/exceladvisor.org\/tr\/kosullu-bicimlendirmeyi-uygula\/\">Pivot tabloya ko\u015fullu bi\u00e7imlendirme uygulama<\/a><\/li><li> <a href=\"https:\/\/exceladvisor.org\/tr\/geri-cekilmek\/\">Ko\u015fullu Bi\u00e7imlendirmeyi Kald\u0131r<\/a><\/li><li> <a href=\"https:\/\/exceladvisor.org\/tr\/bos-hucreler\/\">Excel&#8217;de Bo\u015f H\u00fccrelere Ko\u015fullu Bi\u00e7imlendirme Uygulay\u0131n<\/a><\/li><li> <a href=\"https:\/\/exceladvisor.org\/tr\/baska-bir-hucre\/\">Ba\u015fka bir h\u00fccreye dayal\u0131 ko\u015fullu bi\u00e7imlendirme uygulama<\/a><\/li><li> <a href=\"https:\/\/exceladvisor.org\/tr\/baska-bir-sutun\/\">Ba\u015fka bir s\u00fctuna dayal\u0131 olarak ko\u015fullu bi\u00e7imlendirme uygulama<\/a> <\/li><\/ul><\/div><\/div><div class=\"gb-grid-column gb-grid-column-ec8ff319\"><div class=\"gb-container gb-container-ec8ff319\"><\/div><\/div><\/div><\/div>","protected":false},"excerpt":{"rendered":"","protected":false},"author":1,"featured_media":0,"parent":0,"menu_order":0,"comment_status":"open","ping_status":"closed","template":"","meta":{"ub_ctt_via":"","footnotes":""},"class_list":["post-1746","page","type-page","status-publish","hentry"],"featured_image_src":null,"yoast_head":"<!-- This site is optimized with the Yoast SEO plugin v25.4 - https:\/\/yoast.com\/wordpress\/plugins\/seo\/ -->\n<title>Excel&#039;de iki s\u00fctun nas\u0131l kar\u015f\u0131la\u015ft\u0131r\u0131l\u0131r? [K\u0131lavuz 2023]<\/title>\n<meta name=\"description\" content=\"Bu e\u011fitim, Excel&#039;de ko\u015fullu bi\u00e7imlendirmeyi kullanarak iki s\u00fctunu kar\u015f\u0131la\u015ft\u0131rman\u0131za yard\u0131mc\u0131 olur. Bunu kontrol edelim\u2026\" \/>\n<meta name=\"robots\" content=\"index, follow, max-snippet:-1, max-image-preview:large, max-video-preview:-1\" \/>\n<link rel=\"canonical\" href=\"https:\/\/exceladvisor.org\/tr\/sutunlari-karsilastir\/\" \/>\n<meta property=\"og:locale\" content=\"tr_TR\" \/>\n<meta property=\"og:type\" content=\"article\" \/>\n<meta property=\"og:title\" content=\"Excel&#039;de iki s\u00fctun nas\u0131l kar\u015f\u0131la\u015ft\u0131r\u0131l\u0131r? [K\u0131lavuz 2023]\" \/>\n<meta property=\"og:description\" content=\"Bu e\u011fitim, Excel&#039;de ko\u015fullu bi\u00e7imlendirmeyi kullanarak iki s\u00fctunu kar\u015f\u0131la\u015ft\u0131rman\u0131za yard\u0131mc\u0131 olur. Bunu kontrol edelim\u2026\" \/>\n<meta property=\"og:url\" content=\"https:\/\/exceladvisor.org\/tr\/sutunlari-karsilastir\/\" \/>\n<meta property=\"og:site_name\" content=\"Excel Advisor\" \/>\n<meta property=\"article:modified_time\" content=\"2023-12-10T06:01:10+00:00\" \/>\n<meta property=\"og:image\" content=\"https:\/\/exceladvisor.org\/wp-content\/uploads\/2023\/08\/1-selectionner-les-deux-colonnes.png\" \/>\n<meta name=\"twitter:card\" content=\"summary_large_image\" \/>\n<meta name=\"twitter:label1\" content=\"Tahmini okuma s\u00fcresi\" \/>\n\t<meta name=\"twitter:data1\" content=\"2 dakika\" \/>\n<script type=\"application\/ld+json\" class=\"yoast-schema-graph\">{\"@context\":\"https:\/\/schema.org\",\"@graph\":[{\"@type\":\"WebPage\",\"@id\":\"https:\/\/exceladvisor.org\/tr\/sutunlari-karsilastir\/\",\"url\":\"https:\/\/exceladvisor.org\/tr\/sutunlari-karsilastir\/\",\"name\":\"Excel&#39;de iki s\u00fctun nas\u0131l kar\u015f\u0131la\u015ft\u0131r\u0131l\u0131r? [K\u0131lavuz 2023]\",\"isPartOf\":{\"@id\":\"https:\/\/exceladvisor.org\/tr\/#website\"},\"primaryImageOfPage\":{\"@id\":\"https:\/\/exceladvisor.org\/tr\/sutunlari-karsilastir\/#primaryimage\"},\"image\":{\"@id\":\"https:\/\/exceladvisor.org\/tr\/sutunlari-karsilastir\/#primaryimage\"},\"thumbnailUrl\":\"https:\/\/exceladvisor.org\/wp-content\/uploads\/2023\/08\/1-selectionner-les-deux-colonnes.png\",\"datePublished\":\"2023-11-07T16:11:29+00:00\",\"dateModified\":\"2023-12-10T06:01:10+00:00\",\"description\":\"Bu e\u011fitim, Excel&#39;de ko\u015fullu bi\u00e7imlendirmeyi kullanarak iki s\u00fctunu kar\u015f\u0131la\u015ft\u0131rman\u0131za yard\u0131mc\u0131 olur. Bunu kontrol edelim\u2026\",\"breadcrumb\":{\"@id\":\"https:\/\/exceladvisor.org\/tr\/sutunlari-karsilastir\/#breadcrumb\"},\"inLanguage\":\"tr\",\"potentialAction\":[{\"@type\":\"ReadAction\",\"target\":[\"https:\/\/exceladvisor.org\/tr\/sutunlari-karsilastir\/\"]}]},{\"@type\":\"ImageObject\",\"inLanguage\":\"tr\",\"@id\":\"https:\/\/exceladvisor.org\/tr\/sutunlari-karsilastir\/#primaryimage\",\"url\":\"https:\/\/exceladvisor.org\/wp-content\/uploads\/2023\/08\/1-selectionner-les-deux-colonnes.png\",\"contentUrl\":\"https:\/\/exceladvisor.org\/wp-content\/uploads\/2023\/08\/1-selectionner-les-deux-colonnes.png\"},{\"@type\":\"BreadcrumbList\",\"@id\":\"https:\/\/exceladvisor.org\/tr\/sutunlari-karsilastir\/#breadcrumb\",\"itemListElement\":[{\"@type\":\"ListItem\",\"position\":1,\"name\":\"Ev\",\"item\":\"https:\/\/exceladvisor.org\/tr\/\"},{\"@type\":\"ListItem\",\"position\":2,\"name\":\"Excel&#39;de iki s\u00fctun nas\u0131l kar\u015f\u0131la\u015ft\u0131r\u0131l\u0131r?\"}]},{\"@type\":\"WebSite\",\"@id\":\"https:\/\/exceladvisor.org\/tr\/#website\",\"url\":\"https:\/\/exceladvisor.org\/tr\/\",\"name\":\"Excel Advisor\",\"description\":\"Veri hakimiyetine y\u00f6nelik nihai rehberiniz!\",\"publisher\":{\"@id\":\"https:\/\/exceladvisor.org\/tr\/#organization\"},\"potentialAction\":[{\"@type\":\"SearchAction\",\"target\":{\"@type\":\"EntryPoint\",\"urlTemplate\":\"https:\/\/exceladvisor.org\/tr\/?s={search_term_string}\"},\"query-input\":{\"@type\":\"PropertyValueSpecification\",\"valueRequired\":true,\"valueName\":\"search_term_string\"}}],\"inLanguage\":\"tr\"},{\"@type\":\"Organization\",\"@id\":\"https:\/\/exceladvisor.org\/tr\/#organization\",\"name\":\"Excel Advisor\",\"url\":\"https:\/\/exceladvisor.org\/tr\/\",\"logo\":{\"@type\":\"ImageObject\",\"inLanguage\":\"tr\",\"@id\":\"https:\/\/exceladvisor.org\/tr\/#\/schema\/logo\/image\/\",\"url\":\"https:\/\/exceladvisor.org\/tr\/wp-content\/uploads\/2023\/12\/exceladvisor.org_.png\",\"contentUrl\":\"https:\/\/exceladvisor.org\/tr\/wp-content\/uploads\/2023\/12\/exceladvisor.org_.png\",\"width\":105,\"height\":36,\"caption\":\"Excel Advisor\"},\"image\":{\"@id\":\"https:\/\/exceladvisor.org\/tr\/#\/schema\/logo\/image\/\"}}]}<\/script>\n<!-- \/ Yoast SEO plugin. -->","yoast_head_json":{"title":"Excel&#39;de iki s\u00fctun nas\u0131l kar\u015f\u0131la\u015ft\u0131r\u0131l\u0131r? [K\u0131lavuz 2023]","description":"Bu e\u011fitim, Excel&#39;de ko\u015fullu bi\u00e7imlendirmeyi kullanarak iki s\u00fctunu kar\u015f\u0131la\u015ft\u0131rman\u0131za yard\u0131mc\u0131 olur. Bunu kontrol edelim\u2026","robots":{"index":"index","follow":"follow","max-snippet":"max-snippet:-1","max-image-preview":"max-image-preview:large","max-video-preview":"max-video-preview:-1"},"canonical":"https:\/\/exceladvisor.org\/tr\/sutunlari-karsilastir\/","og_locale":"tr_TR","og_type":"article","og_title":"Excel&#39;de iki s\u00fctun nas\u0131l kar\u015f\u0131la\u015ft\u0131r\u0131l\u0131r? [K\u0131lavuz 2023]","og_description":"Bu e\u011fitim, Excel&#39;de ko\u015fullu bi\u00e7imlendirmeyi kullanarak iki s\u00fctunu kar\u015f\u0131la\u015ft\u0131rman\u0131za yard\u0131mc\u0131 olur. Bunu kontrol edelim\u2026","og_url":"https:\/\/exceladvisor.org\/tr\/sutunlari-karsilastir\/","og_site_name":"Excel Advisor","article_modified_time":"2023-12-10T06:01:10+00:00","og_image":[{"url":"https:\/\/exceladvisor.org\/wp-content\/uploads\/2023\/08\/1-selectionner-les-deux-colonnes.png","type":"","width":"","height":""}],"twitter_card":"summary_large_image","twitter_misc":{"Tahmini okuma s\u00fcresi":"2 dakika"},"schema":{"@context":"https:\/\/schema.org","@graph":[{"@type":"WebPage","@id":"https:\/\/exceladvisor.org\/tr\/sutunlari-karsilastir\/","url":"https:\/\/exceladvisor.org\/tr\/sutunlari-karsilastir\/","name":"Excel&#39;de iki s\u00fctun nas\u0131l kar\u015f\u0131la\u015ft\u0131r\u0131l\u0131r? [K\u0131lavuz 2023]","isPartOf":{"@id":"https:\/\/exceladvisor.org\/tr\/#website"},"primaryImageOfPage":{"@id":"https:\/\/exceladvisor.org\/tr\/sutunlari-karsilastir\/#primaryimage"},"image":{"@id":"https:\/\/exceladvisor.org\/tr\/sutunlari-karsilastir\/#primaryimage"},"thumbnailUrl":"https:\/\/exceladvisor.org\/wp-content\/uploads\/2023\/08\/1-selectionner-les-deux-colonnes.png","datePublished":"2023-11-07T16:11:29+00:00","dateModified":"2023-12-10T06:01:10+00:00","description":"Bu e\u011fitim, Excel&#39;de ko\u015fullu bi\u00e7imlendirmeyi kullanarak iki s\u00fctunu kar\u015f\u0131la\u015ft\u0131rman\u0131za yard\u0131mc\u0131 olur. Bunu kontrol edelim\u2026","breadcrumb":{"@id":"https:\/\/exceladvisor.org\/tr\/sutunlari-karsilastir\/#breadcrumb"},"inLanguage":"tr","potentialAction":[{"@type":"ReadAction","target":["https:\/\/exceladvisor.org\/tr\/sutunlari-karsilastir\/"]}]},{"@type":"ImageObject","inLanguage":"tr","@id":"https:\/\/exceladvisor.org\/tr\/sutunlari-karsilastir\/#primaryimage","url":"https:\/\/exceladvisor.org\/wp-content\/uploads\/2023\/08\/1-selectionner-les-deux-colonnes.png","contentUrl":"https:\/\/exceladvisor.org\/wp-content\/uploads\/2023\/08\/1-selectionner-les-deux-colonnes.png"},{"@type":"BreadcrumbList","@id":"https:\/\/exceladvisor.org\/tr\/sutunlari-karsilastir\/#breadcrumb","itemListElement":[{"@type":"ListItem","position":1,"name":"Ev","item":"https:\/\/exceladvisor.org\/tr\/"},{"@type":"ListItem","position":2,"name":"Excel&#39;de iki s\u00fctun nas\u0131l kar\u015f\u0131la\u015ft\u0131r\u0131l\u0131r?"}]},{"@type":"WebSite","@id":"https:\/\/exceladvisor.org\/tr\/#website","url":"https:\/\/exceladvisor.org\/tr\/","name":"Excel Advisor","description":"Veri hakimiyetine y\u00f6nelik nihai rehberiniz!","publisher":{"@id":"https:\/\/exceladvisor.org\/tr\/#organization"},"potentialAction":[{"@type":"SearchAction","target":{"@type":"EntryPoint","urlTemplate":"https:\/\/exceladvisor.org\/tr\/?s={search_term_string}"},"query-input":{"@type":"PropertyValueSpecification","valueRequired":true,"valueName":"search_term_string"}}],"inLanguage":"tr"},{"@type":"Organization","@id":"https:\/\/exceladvisor.org\/tr\/#organization","name":"Excel Advisor","url":"https:\/\/exceladvisor.org\/tr\/","logo":{"@type":"ImageObject","inLanguage":"tr","@id":"https:\/\/exceladvisor.org\/tr\/#\/schema\/logo\/image\/","url":"https:\/\/exceladvisor.org\/tr\/wp-content\/uploads\/2023\/12\/exceladvisor.org_.png","contentUrl":"https:\/\/exceladvisor.org\/tr\/wp-content\/uploads\/2023\/12\/exceladvisor.org_.png","width":105,"height":36,"caption":"Excel Advisor"},"image":{"@id":"https:\/\/exceladvisor.org\/tr\/#\/schema\/logo\/image\/"}}]}},"yoast_meta":{"yoast_wpseo_title":"","yoast_wpseo_metadesc":"","yoast_wpseo_canonical":""},"_links":{"self":[{"href":"https:\/\/exceladvisor.org\/tr\/wp-json\/wp\/v2\/pages\/1746","targetHints":{"allow":["GET"]}}],"collection":[{"href":"https:\/\/exceladvisor.org\/tr\/wp-json\/wp\/v2\/pages"}],"about":[{"href":"https:\/\/exceladvisor.org\/tr\/wp-json\/wp\/v2\/types\/page"}],"author":[{"embeddable":true,"href":"https:\/\/exceladvisor.org\/tr\/wp-json\/wp\/v2\/users\/1"}],"replies":[{"embeddable":true,"href":"https:\/\/exceladvisor.org\/tr\/wp-json\/wp\/v2\/comments?post=1746"}],"version-history":[{"count":1,"href":"https:\/\/exceladvisor.org\/tr\/wp-json\/wp\/v2\/pages\/1746\/revisions"}],"predecessor-version":[{"id":2481,"href":"https:\/\/exceladvisor.org\/tr\/wp-json\/wp\/v2\/pages\/1746\/revisions\/2481"}],"wp:attachment":[{"href":"https:\/\/exceladvisor.org\/tr\/wp-json\/wp\/v2\/media?parent=1746"}],"curies":[{"name":"wp","href":"https:\/\/api.w.org\/{rel}","templated":true}]}}