{"id":1748,"date":"2023-11-07T15:27:39","date_gmt":"2023-11-07T15:27:39","guid":{"rendered":"https:\/\/exceladvisor.org\/tr\/renk-olcekleri\/"},"modified":"2023-12-10T06:02:11","modified_gmt":"2023-12-10T06:02:11","slug":"renk-olcekleri","status":"publish","type":"page","link":"https:\/\/exceladvisor.org\/tr\/renk-olcekleri\/","title":{"rendered":"Excel&#39;de renk skalalar\u0131 nas\u0131l uygulan\u0131r?"},"content":{"rendered":"<div class=\"excel-icerikten-once\" id=\"excel-966989267\"><script type=\"text\/javascript\">\r\n\tatOptions = {\r\n\t\t'key' : 'c1158f160081d6540a8409e6925dab94',\r\n\t\t'format' : 'iframe',\r\n\t\t'height' : 250,\r\n\t\t'width' : 300,\r\n\t\t'params' : {}\r\n\t};\r\n<\/script>\r\n<script type=\"text\/javascript\" src=\"\/\/www.highperformanceformat.com\/c1158f160081d6540a8409e6925dab94\/invoke.js\"><\/script><\/div> <h2 class=\"wp-block-heading\">Renk Skalas\u0131 Nedir?<\/h2><p> Renk \u00d6l\u00e7e\u011fi, belirli bir h\u00fccrenin de\u011ferine g\u00f6re renk tonlar\u0131yla vurgulamak i\u00e7in bir dizi h\u00fccreye uygulayabilece\u011finiz ko\u015fullu bir bi\u00e7imlendirme se\u00e7ene\u011fidir. \u00d6rne\u011fin, de\u011feri y\u00fcksek olan h\u00fccreler ye\u015file, d\u00fc\u015f\u00fck olanlar ise k\u0131rm\u0131z\u0131ya d\u00f6necektir.<\/p><p> Excel&#8217;de renk \u00f6l\u00e7eklerini kullanman\u0131n iki yolu vard\u0131r.<\/p><ul><li> \u00d6nceden tan\u0131mlanm\u0131\u015f renk skalalar\u0131<\/li><li> \u00d6zel renk skalalar\u0131<\/li><\/ul><p> Bu derste her iki yolu da ayr\u0131nt\u0131l\u0131 olarak tart\u0131\u015faca\u011f\u0131z.<\/p><h2 class=\"wp-block-heading\"> Excel&#8217;de Renk \u00d6l\u00e7e\u011fi Uygulama Ad\u0131mlar\u0131<\/h2><ol type=\"1\"><li> Uygulamak istedi\u011finiz aral\u0131\u011f\u0131 se\u00e7in.<\/li><li> Ana Sayfa&#8217;ya gidin ve ard\u0131ndan Ko\u015fullu Bi\u00e7imlendirme&#8217;yi t\u0131klay\u0131n.<\/li><li> Renk \u00d6l\u00e7ekleri&#8217;ne gidin ve imlecinizi uygulamak istedi\u011finiz renk \u00f6l\u00e7e\u011finin \u00fczerine getirin.<\/li><li> Sonunda uygulamak istedi\u011finiz renk skalas\u0131na t\u0131klay\u0131n. <\/li><\/ol><div class=\"wp-block-image\"><figure class=\"aligncenter size-full is-resized\"><img loading=\"lazy\" decoding=\"async\" class=\"wp-image-91264\" src=\"https:\/\/exceladvisor.org\/wp-content\/uploads\/2023\/08\/1-appliquer-une-echelle-de-couleurs-dans-Excel-avec-une-mise-en-forme-conditionnelle.png\" sizes=\"auto, \" srcset=\"\" alt=\"Excel'de ko\u015fullu bi\u00e7imlendirmeyle renk \u00f6l\u00e7e\u011fini uygulama\" width=\"637\" height=\"481\"><\/figure><\/div><p> Burada kullanabilece\u011finiz \u00f6nceden tan\u0131mlanm\u0131\u015f 12 renk skalas\u0131 vard\u0131r. Bu renk skalalar\u0131n\u0131n her biri benzersizdir. Uygulad\u0131\u011f\u0131m\u0131z renk skalalar\u0131n\u0131n da \u00fc\u00e7 rengi var; ye\u015fil, sar\u0131 ve k\u0131rm\u0131z\u0131, yani daha y\u00fcksek de\u011ferler i\u00e7in ye\u015fil, orta de\u011ferler i\u00e7in sar\u0131 ve daha d\u00fc\u015f\u00fck de\u011ferler i\u00e7in k\u0131rm\u0131z\u0131 anlam\u0131na gelir.<\/p><p class=\"qt-tip\"> <strong>Not<\/strong> : Say\u0131lar\u0131 renk skalalar\u0131ndan gizlemek istiyorsan\u0131z H\u00fccreleri Bi\u00e7imlendir se\u00e7eneklerini (Ctrl + 1) a\u00e7\u0131n ve \u00d6zel&#8217;e t\u0131klay\u0131n ve ;;;; yaz\u0131n. giri\u015f \u00e7ubu\u011funda, ard\u0131ndan Tamam&#8217;\u0131 t\u0131klay\u0131n.<\/p><h2 class=\"wp-block-heading\"> \u00d6zel bir renk skalas\u0131 olu\u015fturun<\/h2><p> \u00d6nceden tan\u0131mlanm\u0131\u015f \u00f6l\u00e7eklere ek olarak, renk \u00f6l\u00e7e\u011fini belirli bir h\u00fccre aral\u0131\u011f\u0131na uygulamak i\u00e7in \u00f6zel bir kural olu\u015fturabilirsiniz. Bunu yapmak i\u00e7in renk skalas\u0131 se\u00e7eneklerinde \u201cDi\u011fer kurallar\u201d se\u00e7ene\u011fine t\u0131klaman\u0131z gerekir. <\/p><div class=\"wp-block-image\"><figure class=\"aligncenter size-full is-resized\"><img loading=\"lazy\" decoding=\"async\" class=\"wp-image-91265\" src=\"https:\/\/exceladvisor.org\/wp-content\/uploads\/2023\/08\/2-echelles-de-couleurs-personnalisees-avec-mise-en-forme-conditionnelle.png\" sizes=\"auto, \" srcset=\"\" alt=\"ko\u015fullu bi\u00e7imlendirme ile \u00f6zel renk \u00f6l\u00e7e\u011fi\" width=\"371\" height=\"441\"><\/figure><\/div><p> \u00dczerine t\u0131klad\u0131\u011f\u0131n\u0131zda, \u00f6zel bir renk skalas\u0131 olu\u015fturabilece\u011finiz yeni bir ileti\u015fim kutusu a\u00e7\u0131l\u0131r. <\/p><div class=\"wp-block-image\"><figure class=\"aligncenter size-full is-resized\"><img loading=\"lazy\" decoding=\"async\" class=\"wp-image-91266\" src=\"https:\/\/exceladvisor.org\/wp-content\/uploads\/2023\/08\/3-creer-une-echelle-de-couleurs-personnalisee-nouvelle-mise-en-forme-conditionnelle-de-la-boite-de-dialogue.png\" sizes=\"auto, \" srcset=\"\" alt=\"\u00f6zel-renk \u00f6l\u00e7e\u011fi-yeni-ileti\u015fim-ko\u015fullu-bi\u00e7imlendirme olu\u015ftur\" width=\"538\" height=\"430\"><\/figure><\/div><p> 2 renkli \u00f6l\u00e7ek veya 3 renkli \u00f6l\u00e7ek uygulamak i\u00e7in bu ileti\u015fim kutusunda &#8220;Stil Bi\u00e7imlendir&#8221;i se\u00e7ebilirsiniz. <\/p><div class=\"wp-block-image\"><figure class=\"aligncenter size-full is-resized\"><img loading=\"lazy\" decoding=\"async\" class=\"wp-image-91267\" src=\"https:\/\/exceladvisor.org\/wp-content\/uploads\/2023\/08\/Boite-de-dialogue-de-style-a-4-formats-pour-appliquer-une-mise-en-forme-conditionnelle.png\" sizes=\"auto, \" srcset=\"\" alt=\"ko\u015fullu-bi\u00e7imlendirmeyi-uygulamak i\u00e7in bi\u00e7imlendirme-stil-ileti\u015fim kutusu\" width=\"285\" height=\"137\"><\/figure><\/div><p> Uygulamak istedi\u011finiz \u00f6l\u00e7e\u011fi se\u00e7tikten sonra kural olu\u015fturman\u0131n be\u015f yolu vard\u0131r:<\/p><h3 class=\"wp-block-heading\"> 1. En D\u00fc\u015f\u00fck\/En Y\u00fcksek De\u011fer<\/h3><p> Bu, kural olu\u015fturman\u0131n varsay\u0131lan yoludur ve \u00f6nceden tan\u0131mlanm\u0131\u015f kurallar buna dayanmaktad\u0131r. Se\u00e7ti\u011finiz aral\u0131\u011f\u0131n alt de\u011ferini ve \u00fcst de\u011ferini al\u0131r ve buna g\u00f6re bir kural olu\u015fturur.<\/p><h3 class=\"wp-block-heading\"> 2. Y\u00fczde<\/h3><p> Y\u00fczde ile d\u00fc\u015f\u00fck, orta ve y\u00fcksek de\u011ferler (3 \u00d6l\u00e7ekli) veya d\u00fc\u015f\u00fck ve y\u00fcksek de\u011ferler (2 \u00d6l\u00e7ekli) i\u00e7in y\u00fczdeyi belirtebilirsiniz. \u00d6rne\u011fin en d\u00fc\u015f\u00fck y\u00fczdede %10 belirtirseniz alt rengin en koyu tonunu en d\u00fc\u015f\u00fck %10 de\u011ferlerine uygulayacakt\u0131r. Ve en y\u00fcksek y\u00fczdenin %80&#8217;ini kullan\u0131rsan\u0131z, en \u00fcstteki %20&#8217;ye en y\u00fcksek rengin en koyu tonu uygulanacakt\u0131r. <\/p><div class=\"wp-block-image\"><figure class=\"aligncenter size-full is-resized\"><img loading=\"lazy\" decoding=\"async\" class=\"wp-image-91268\" src=\"https:\/\/exceladvisor.org\/wp-content\/uploads\/2023\/08\/Mise-en-forme-conditionnelle-de-lechelle-de-couleurs-a-5-.png\" sizes=\"auto, \" srcset=\"\" alt=\"Renk skalas\u0131n\u0131n y\u00fczde cinsinden ko\u015fullu bi\u00e7imlendirilmesi\" width=\"670\" height=\"513\"><\/figure><\/div><h3 class=\"wp-block-heading\"> 3. Y\u00fczdelik dilim<\/h3><p> Y\u00fczdelik renk skalalar\u0131n\u0131n uygulanmas\u0131nda farkl\u0131 \u00e7al\u0131\u015f\u0131r. A\u015fa\u011f\u0131daki \u00f6rnekte en y\u00fcksek de\u011fer i\u00e7in 80&#8217;i kulland\u0131k, bu da en \u00fcst y\u00fczde 20&#8217;lik dilim anlam\u0131na geliyor. Bu, bir grup \u00fcst de\u011fer olu\u015fturacak ve t\u00fcm bu h\u00fccrelere ayn\u0131 renk tonu uygulanacakt\u0131r. <\/p><div class=\"wp-block-image\"><figure class=\"aligncenter size-full is-resized\"><img loading=\"lazy\" decoding=\"async\" class=\"wp-image-91269\" src=\"https:\/\/exceladvisor.org\/wp-content\/uploads\/2023\/08\/Mise-en-forme-conditionnelle-de-lechelle-de-couleurs-a-6-centiles.png\" sizes=\"auto, \" srcset=\"\" alt=\"y\u00fczdelik-renk \u00f6l\u00e7e\u011fi-ko\u015fullu-bi\u00e7imlendirme\" width=\"739\" height=\"529\"><\/figure><\/div><p> En d\u00fc\u015f\u00fck y\u00fczdelik dilim ve en d\u00fc\u015f\u00fck 10&#8217;uncu y\u00fczdelik de\u011ferlerle ayn\u0131. Bu de\u011fer grubundaki t\u00fcm de\u011ferler minimum renkte belirtti\u011finiz rengin ayn\u0131s\u0131n\u0131 alacakt\u0131r.<\/p><p> <em><strong>Daha fazla bilgi edinmek i\u00e7in h\u0131zl\u0131 ba\u011flant\u0131lar<\/strong> \u2013 <a href=\"https:\/\/www.reddit.com\/r\/sheets\/comments\/pss0rd\/conditional_formatting_percent_vs_percentile\/\" target=\"_blank\" rel=\"noreferrer noopener nofollow\">Ba\u011flant\u0131<\/a><\/em><\/p><h3 class=\"wp-block-heading\"> 4.Numara<\/h3><p> 0number ile yazarak \u00f6zel bir say\u0131 belirleyebilirsiniz. Bu se\u00e7enek, say\u0131lar\u0131 bir standarda g\u00f6re kullan\u0131rken idealdir. Minimum ve maksimum de\u011ferler olarak 0 ve 100&#8217;\u00fc temel alan bir renk uygulamak istedi\u011finizi varsayal\u0131m. <\/p><div class=\"wp-block-image\"><figure class=\"aligncenter size-full is-resized\"><img loading=\"lazy\" decoding=\"async\" class=\"wp-image-91270\" src=\"https:\/\/exceladvisor.org\/wp-content\/uploads\/2023\/08\/Mise-en-forme-conditionnelle-de-lechelle-de-couleurs-a-7-chiffres.png\" sizes=\"auto, \" srcset=\"\" alt=\"say\u0131-renk \u00f6l\u00e7e\u011fi-ko\u015fullu-bi\u00e7imlendirme\" width=\"682\" height=\"522\"><\/figure><\/div><h3 class=\"wp-block-heading\"> 5. Bi\u00e7im<\/h3><p> Bazen de\u011feri bir form\u00fcl kullanarak elde etmeniz gerekebilir. Diyelim ki renk skalas\u0131n\u0131 bir s\u00fctuna uygulamak istiyorsunuz ancak ba\u015fka bir s\u00fctundan minimum, ortanca ve maksimum de\u011ferleri almak istiyorsunuz. <\/p><div class=\"wp-block-image\"><figure class=\"aligncenter size-full is-resized\"><img loading=\"lazy\" decoding=\"async\" class=\"wp-image-91271\" src=\"https:\/\/exceladvisor.org\/wp-content\/uploads\/2023\/08\/Mise-en-forme-conditionnelle-de-lechelle-de-couleurs-a-8-formules.png\" sizes=\"auto, \" srcset=\"\" alt=\"renk \u00f6l\u00e7e\u011fi-form\u00fcl-ko\u015fullu-bi\u00e7imlendirme\" width=\"709\" height=\"454\"><\/figure><\/div><h2 class=\"wp-block-heading\"> 3&#8217;ten fazla renkle renk skalas\u0131 olu\u015fturma<\/h2><p> 4 veya daha fazla renkten olu\u015fan bir skala olu\u015fturma imkan\u0131m\u0131z yok; bu durumda be\u015f ko\u015fullu kural olu\u015fturabilirsiniz. A\u015fa\u011f\u0131da be\u015f farkl\u0131 cetvel kulland\u0131\u011f\u0131m\u0131z 5 renkli bir skalam\u0131z var. <\/p><div class=\"wp-block-image\"><figure class=\"aligncenter size-full is-resized\"><img loading=\"lazy\" decoding=\"async\" class=\"wp-image-91272\" src=\"https:\/\/exceladvisor.org\/wp-content\/uploads\/2023\/08\/9-autres-echelles-de-couleurs-mise-en-forme-conditionnelle.png\" sizes=\"auto, \" srcset=\"\" alt=\"daha-renk-\u00f6l\u00e7ekleri-ko\u015fullu-bi\u00e7imlendirme\" width=\"634\" height=\"307\"><\/figure><\/div><p> Bu be\u015f kural\u0131n her biri be\u015f farkl\u0131 ko\u015fulu kullan\u0131r. <\/p><div class=\"wp-block-image\"><figure class=\"aligncenter size-full is-resized\"><img loading=\"lazy\" decoding=\"async\" class=\"wp-image-91273\" src=\"https:\/\/exceladvisor.org\/wp-content\/uploads\/2023\/08\/10-echelles-de-couleurs-a-cinq-regles-de-mise-en-forme-conditionnelle.png\" sizes=\"auto, \" srcset=\"\" alt=\"be\u015f kurall\u0131-renk \u00f6l\u00e7e\u011fi-ko\u015fullu-bi\u00e7imlendirme\" width=\"597\" height=\"261\"><\/figure><\/div><p> Bu be\u015f form\u00fcl aral\u0131ktaki be\u015f farkl\u0131 say\u0131 blo\u011funu hesaplar.<\/p><ol type=\"1\"><li> 2000&#8217;in alt\u0131nda<\/li><li> 2000&#8217;den 3999&#8217;a<\/li><li> 4000&#8217;den 5999&#8217;a<\/li><li> 6000&#8217;den 7999&#8217;a<\/li><li> 8000&#8217;in \u00fcst\u00fcnde<\/li><\/ol><p> Ve her form\u00fcl i\u00e7in uygulanacak tan\u0131mlanm\u0131\u015f bir renk vard\u0131r. <\/p><div class=\"gb-container gb-container-52dfcee1 gb-container-sample-file\"><h2 class=\"gb-headline gb-headline-e289c143 gb-headline-text gb-headline-4f7959c2\"> Excel dosyas\u0131n\u0131 al\u0131n<\/h2> <a class=\"gb-button gb-button-e88d6bee gb-button-text gb-button-button1\" href=\"https:\/\/exceladvisor.org\/wp-content\/uploads\/2023\/11\/echelles-de-couleurs-2.xlsx\" rel=\"nofollow\">\u0130ndirmek<\/a><\/div><div class=\"gb-container gb-container-6076ba72 gb-container-mt\"> <a class=\"gb-button gb-button-76e6a499 gb-button-text gb-button-mt-button\" href=\"https:\/\/exceladvisor.org\/tr\/excelin-temelleri\/\">Excel&#8217;in temellerini \u00f6\u011frenin<\/a><h2 class=\"gb-headline gb-headline-a9e9e206 gb-headline-text gb-headline-mt-heading\"> <a href=\"https:\/\/exceladvisor.org\/tr\/kosullu-bicimlendirme\/\">Ko\u015fullu bi\u00e7imlendirme<\/a> hakk\u0131nda daha fazla bilgi edinin <\/h2><div class=\"gb-grid-wrapper gb-grid-wrapper-790317cb gb-grid-wrapper-mt-grid\"><div class=\"gb-grid-column gb-grid-column-a9845ede\"><div class=\"gb-container gb-container-a9845ede\"><ul><li> <a href=\"https:\/\/exceladvisor.org\/tr\/kosullu-bicimlendirmeyi-uygula\/\">Pivot tabloya ko\u015fullu bi\u00e7imlendirme uygulama<\/a><\/li><li> <a href=\"https:\/\/exceladvisor.org\/tr\/geri-cekilmek\/\">Ko\u015fullu Bi\u00e7imlendirmeyi Kald\u0131r<\/a><\/li><li> <a href=\"https:\/\/exceladvisor.org\/tr\/bos-hucreler\/\">Excel&#8217;de Bo\u015f H\u00fccrelere Ko\u015fullu Bi\u00e7imlendirme Uygulay\u0131n<\/a><\/li><li> <a href=\"https:\/\/exceladvisor.org\/tr\/sutunlari-karsilastir\/\">Ko\u015fullu bi\u00e7imlendirmeyi kullanarak iki s\u00fctunu kar\u015f\u0131la\u015ft\u0131rma<\/a><\/li><li> <a href=\"https:\/\/exceladvisor.org\/tr\/baska-bir-hucre\/\">Ba\u015fka bir h\u00fccreye dayal\u0131 ko\u015fullu bi\u00e7imlendirme uygulama<\/a><\/li><\/ul><\/div><\/div><\/div><\/div>","protected":false},"excerpt":{"rendered":"","protected":false},"author":1,"featured_media":0,"parent":0,"menu_order":0,"comment_status":"open","ping_status":"closed","template":"","meta":{"ub_ctt_via":"","footnotes":""},"class_list":["post-1748","page","type-page","status-publish","hentry"],"featured_image_src":null,"yoast_head":"<!-- This site is optimized with the Yoast SEO plugin v25.4 - https:\/\/yoast.com\/wordpress\/plugins\/seo\/ -->\n<title>Excel&#039;de renk skalalar\u0131 nas\u0131l uygulan\u0131r?<\/title>\n<meta name=\"robots\" content=\"index, follow, max-snippet:-1, max-image-preview:large, max-video-preview:-1\" \/>\n<link rel=\"canonical\" href=\"https:\/\/exceladvisor.org\/tr\/renk-olcekleri\/\" \/>\n<meta property=\"og:locale\" content=\"tr_TR\" \/>\n<meta property=\"og:type\" content=\"article\" \/>\n<meta property=\"og:title\" content=\"Excel&#039;de renk skalalar\u0131 nas\u0131l uygulan\u0131r?\" \/>\n<meta property=\"og:url\" content=\"https:\/\/exceladvisor.org\/tr\/renk-olcekleri\/\" \/>\n<meta property=\"og:site_name\" content=\"Excel Advisor\" \/>\n<meta property=\"article:modified_time\" content=\"2023-12-10T06:02:11+00:00\" \/>\n<meta property=\"og:image\" content=\"https:\/\/exceladvisor.org\/wp-content\/uploads\/2023\/08\/1-appliquer-une-echelle-de-couleurs-dans-Excel-avec-une-mise-en-forme-conditionnelle.png\" \/>\n<meta name=\"twitter:card\" content=\"summary_large_image\" \/>\n<meta name=\"twitter:label1\" content=\"Tahmini okuma s\u00fcresi\" \/>\n\t<meta name=\"twitter:data1\" content=\"4 dakika\" \/>\n<script type=\"application\/ld+json\" class=\"yoast-schema-graph\">{\"@context\":\"https:\/\/schema.org\",\"@graph\":[{\"@type\":\"WebPage\",\"@id\":\"https:\/\/exceladvisor.org\/tr\/renk-olcekleri\/\",\"url\":\"https:\/\/exceladvisor.org\/tr\/renk-olcekleri\/\",\"name\":\"Excel&#39;de renk skalalar\u0131 nas\u0131l uygulan\u0131r?\",\"isPartOf\":{\"@id\":\"https:\/\/exceladvisor.org\/tr\/#website\"},\"primaryImageOfPage\":{\"@id\":\"https:\/\/exceladvisor.org\/tr\/renk-olcekleri\/#primaryimage\"},\"image\":{\"@id\":\"https:\/\/exceladvisor.org\/tr\/renk-olcekleri\/#primaryimage\"},\"thumbnailUrl\":\"https:\/\/exceladvisor.org\/wp-content\/uploads\/2023\/08\/1-appliquer-une-echelle-de-couleurs-dans-Excel-avec-une-mise-en-forme-conditionnelle.png\",\"datePublished\":\"2023-11-07T15:27:39+00:00\",\"dateModified\":\"2023-12-10T06:02:11+00:00\",\"breadcrumb\":{\"@id\":\"https:\/\/exceladvisor.org\/tr\/renk-olcekleri\/#breadcrumb\"},\"inLanguage\":\"tr\",\"potentialAction\":[{\"@type\":\"ReadAction\",\"target\":[\"https:\/\/exceladvisor.org\/tr\/renk-olcekleri\/\"]}]},{\"@type\":\"ImageObject\",\"inLanguage\":\"tr\",\"@id\":\"https:\/\/exceladvisor.org\/tr\/renk-olcekleri\/#primaryimage\",\"url\":\"https:\/\/exceladvisor.org\/wp-content\/uploads\/2023\/08\/1-appliquer-une-echelle-de-couleurs-dans-Excel-avec-une-mise-en-forme-conditionnelle.png\",\"contentUrl\":\"https:\/\/exceladvisor.org\/wp-content\/uploads\/2023\/08\/1-appliquer-une-echelle-de-couleurs-dans-Excel-avec-une-mise-en-forme-conditionnelle.png\"},{\"@type\":\"BreadcrumbList\",\"@id\":\"https:\/\/exceladvisor.org\/tr\/renk-olcekleri\/#breadcrumb\",\"itemListElement\":[{\"@type\":\"ListItem\",\"position\":1,\"name\":\"Ev\",\"item\":\"https:\/\/exceladvisor.org\/tr\/\"},{\"@type\":\"ListItem\",\"position\":2,\"name\":\"Excel&#39;de renk skalalar\u0131 nas\u0131l uygulan\u0131r?\"}]},{\"@type\":\"WebSite\",\"@id\":\"https:\/\/exceladvisor.org\/tr\/#website\",\"url\":\"https:\/\/exceladvisor.org\/tr\/\",\"name\":\"Excel Advisor\",\"description\":\"Veri hakimiyetine y\u00f6nelik nihai rehberiniz!\",\"publisher\":{\"@id\":\"https:\/\/exceladvisor.org\/tr\/#organization\"},\"potentialAction\":[{\"@type\":\"SearchAction\",\"target\":{\"@type\":\"EntryPoint\",\"urlTemplate\":\"https:\/\/exceladvisor.org\/tr\/?s={search_term_string}\"},\"query-input\":{\"@type\":\"PropertyValueSpecification\",\"valueRequired\":true,\"valueName\":\"search_term_string\"}}],\"inLanguage\":\"tr\"},{\"@type\":\"Organization\",\"@id\":\"https:\/\/exceladvisor.org\/tr\/#organization\",\"name\":\"Excel Advisor\",\"url\":\"https:\/\/exceladvisor.org\/tr\/\",\"logo\":{\"@type\":\"ImageObject\",\"inLanguage\":\"tr\",\"@id\":\"https:\/\/exceladvisor.org\/tr\/#\/schema\/logo\/image\/\",\"url\":\"https:\/\/exceladvisor.org\/tr\/wp-content\/uploads\/2023\/12\/exceladvisor.org_.png\",\"contentUrl\":\"https:\/\/exceladvisor.org\/tr\/wp-content\/uploads\/2023\/12\/exceladvisor.org_.png\",\"width\":105,\"height\":36,\"caption\":\"Excel Advisor\"},\"image\":{\"@id\":\"https:\/\/exceladvisor.org\/tr\/#\/schema\/logo\/image\/\"}}]}<\/script>\n<!-- \/ Yoast SEO plugin. -->","yoast_head_json":{"title":"Excel&#39;de renk skalalar\u0131 nas\u0131l uygulan\u0131r?","robots":{"index":"index","follow":"follow","max-snippet":"max-snippet:-1","max-image-preview":"max-image-preview:large","max-video-preview":"max-video-preview:-1"},"canonical":"https:\/\/exceladvisor.org\/tr\/renk-olcekleri\/","og_locale":"tr_TR","og_type":"article","og_title":"Excel&#39;de renk skalalar\u0131 nas\u0131l uygulan\u0131r?","og_url":"https:\/\/exceladvisor.org\/tr\/renk-olcekleri\/","og_site_name":"Excel Advisor","article_modified_time":"2023-12-10T06:02:11+00:00","og_image":[{"url":"https:\/\/exceladvisor.org\/wp-content\/uploads\/2023\/08\/1-appliquer-une-echelle-de-couleurs-dans-Excel-avec-une-mise-en-forme-conditionnelle.png","type":"","width":"","height":""}],"twitter_card":"summary_large_image","twitter_misc":{"Tahmini okuma s\u00fcresi":"4 dakika"},"schema":{"@context":"https:\/\/schema.org","@graph":[{"@type":"WebPage","@id":"https:\/\/exceladvisor.org\/tr\/renk-olcekleri\/","url":"https:\/\/exceladvisor.org\/tr\/renk-olcekleri\/","name":"Excel&#39;de renk skalalar\u0131 nas\u0131l uygulan\u0131r?","isPartOf":{"@id":"https:\/\/exceladvisor.org\/tr\/#website"},"primaryImageOfPage":{"@id":"https:\/\/exceladvisor.org\/tr\/renk-olcekleri\/#primaryimage"},"image":{"@id":"https:\/\/exceladvisor.org\/tr\/renk-olcekleri\/#primaryimage"},"thumbnailUrl":"https:\/\/exceladvisor.org\/wp-content\/uploads\/2023\/08\/1-appliquer-une-echelle-de-couleurs-dans-Excel-avec-une-mise-en-forme-conditionnelle.png","datePublished":"2023-11-07T15:27:39+00:00","dateModified":"2023-12-10T06:02:11+00:00","breadcrumb":{"@id":"https:\/\/exceladvisor.org\/tr\/renk-olcekleri\/#breadcrumb"},"inLanguage":"tr","potentialAction":[{"@type":"ReadAction","target":["https:\/\/exceladvisor.org\/tr\/renk-olcekleri\/"]}]},{"@type":"ImageObject","inLanguage":"tr","@id":"https:\/\/exceladvisor.org\/tr\/renk-olcekleri\/#primaryimage","url":"https:\/\/exceladvisor.org\/wp-content\/uploads\/2023\/08\/1-appliquer-une-echelle-de-couleurs-dans-Excel-avec-une-mise-en-forme-conditionnelle.png","contentUrl":"https:\/\/exceladvisor.org\/wp-content\/uploads\/2023\/08\/1-appliquer-une-echelle-de-couleurs-dans-Excel-avec-une-mise-en-forme-conditionnelle.png"},{"@type":"BreadcrumbList","@id":"https:\/\/exceladvisor.org\/tr\/renk-olcekleri\/#breadcrumb","itemListElement":[{"@type":"ListItem","position":1,"name":"Ev","item":"https:\/\/exceladvisor.org\/tr\/"},{"@type":"ListItem","position":2,"name":"Excel&#39;de renk skalalar\u0131 nas\u0131l uygulan\u0131r?"}]},{"@type":"WebSite","@id":"https:\/\/exceladvisor.org\/tr\/#website","url":"https:\/\/exceladvisor.org\/tr\/","name":"Excel Advisor","description":"Veri hakimiyetine y\u00f6nelik nihai rehberiniz!","publisher":{"@id":"https:\/\/exceladvisor.org\/tr\/#organization"},"potentialAction":[{"@type":"SearchAction","target":{"@type":"EntryPoint","urlTemplate":"https:\/\/exceladvisor.org\/tr\/?s={search_term_string}"},"query-input":{"@type":"PropertyValueSpecification","valueRequired":true,"valueName":"search_term_string"}}],"inLanguage":"tr"},{"@type":"Organization","@id":"https:\/\/exceladvisor.org\/tr\/#organization","name":"Excel Advisor","url":"https:\/\/exceladvisor.org\/tr\/","logo":{"@type":"ImageObject","inLanguage":"tr","@id":"https:\/\/exceladvisor.org\/tr\/#\/schema\/logo\/image\/","url":"https:\/\/exceladvisor.org\/tr\/wp-content\/uploads\/2023\/12\/exceladvisor.org_.png","contentUrl":"https:\/\/exceladvisor.org\/tr\/wp-content\/uploads\/2023\/12\/exceladvisor.org_.png","width":105,"height":36,"caption":"Excel Advisor"},"image":{"@id":"https:\/\/exceladvisor.org\/tr\/#\/schema\/logo\/image\/"}}]}},"yoast_meta":{"yoast_wpseo_title":"","yoast_wpseo_metadesc":"","yoast_wpseo_canonical":""},"_links":{"self":[{"href":"https:\/\/exceladvisor.org\/tr\/wp-json\/wp\/v2\/pages\/1748","targetHints":{"allow":["GET"]}}],"collection":[{"href":"https:\/\/exceladvisor.org\/tr\/wp-json\/wp\/v2\/pages"}],"about":[{"href":"https:\/\/exceladvisor.org\/tr\/wp-json\/wp\/v2\/types\/page"}],"author":[{"embeddable":true,"href":"https:\/\/exceladvisor.org\/tr\/wp-json\/wp\/v2\/users\/1"}],"replies":[{"embeddable":true,"href":"https:\/\/exceladvisor.org\/tr\/wp-json\/wp\/v2\/comments?post=1748"}],"version-history":[{"count":1,"href":"https:\/\/exceladvisor.org\/tr\/wp-json\/wp\/v2\/pages\/1748\/revisions"}],"predecessor-version":[{"id":2582,"href":"https:\/\/exceladvisor.org\/tr\/wp-json\/wp\/v2\/pages\/1748\/revisions\/2582"}],"wp:attachment":[{"href":"https:\/\/exceladvisor.org\/tr\/wp-json\/wp\/v2\/media?parent=1748"}],"curies":[{"name":"wp","href":"https:\/\/api.w.org\/{rel}","templated":true}]}}