{"id":1749,"date":"2023-11-07T15:19:24","date_gmt":"2023-11-07T15:19:24","guid":{"rendered":"https:\/\/exceladvisor.org\/tr\/veri-cubuklari\/"},"modified":"2023-12-10T06:03:04","modified_gmt":"2023-12-10T06:03:04","slug":"veri-cubuklari","status":"publish","type":"page","link":"https:\/\/exceladvisor.org\/tr\/veri-cubuklari\/","title":{"rendered":"Excel&#39;de veri \u00e7ubuklar\u0131 nas\u0131l eklenir?"},"content":{"rendered":"<div class=\"excel-icerikten-once\" id=\"excel-498256455\"><script type=\"text\/javascript\">\r\n\tatOptions = {\r\n\t\t'key' : 'c1158f160081d6540a8409e6925dab94',\r\n\t\t'format' : 'iframe',\r\n\t\t'height' : 250,\r\n\t\t'width' : 300,\r\n\t\t'params' : {}\r\n\t};\r\n<\/script>\r\n<script type=\"text\/javascript\" src=\"\/\/www.highperformanceformat.com\/c1158f160081d6540a8409e6925dab94\/invoke.js\"><\/script><\/div> <p>Excel&#8217;de ko\u015fullu bi\u00e7imlendirmeyi kullanarak bir veya daha fazla h\u00fccreye veri \u00e7ubuklar\u0131 ekleyebilirsiniz. Ko\u015fullu bi\u00e7imlendirmeyle bunlar\u0131 eklemek i\u00e7in iki se\u00e7ene\u011finiz vard\u0131r:<\/p><ul><li> \u00d6nceden tan\u0131mlanm\u0131\u015f veri \u00e7ubuklar\u0131<\/li><li> \u00d6zel veri \u00e7ubuklar\u0131<\/li><\/ul><p> Bu \u00f6\u011freticide her iki y\u00f6nteme de bakaca\u011f\u0131z ve verileri h\u0131zl\u0131 bir \u015fekilde analiz etmek i\u00e7in bunlar\u0131 nas\u0131l kullanaca\u011f\u0131m\u0131z\u0131 \u00f6\u011frenece\u011fiz.<\/p><h2 class=\"wp-block-heading\"> Ko\u015fullu Bi\u00e7imlendirmeden Excel&#8217;e Veri \u00c7ubuklar\u0131 Ekleme Ad\u0131mlar\u0131<\/h2><ol type=\"1\"><li> \u00d6ncelikle veri \u00e7ubu\u011funa eklemek istedi\u011finiz verileri se\u00e7in.<\/li><li> Ana sayfaya gidin ve Ko\u015fullu Bi\u00e7imlendirme a\u00e7\u0131l\u0131r men\u00fcs\u00fcne t\u0131klay\u0131n.<\/li><li> Oradan Veri \u00c7ubu\u011fu se\u00e7ene\u011fine gidin.<\/li><li> Son olarak uygulamak istedi\u011finiz veri \u00e7ubu\u011fu stiline t\u0131klay\u0131n. <\/li><\/ol><div class=\"wp-block-image\"><figure class=\"aligncenter size-full is-resized\"><img loading=\"lazy\" decoding=\"async\" class=\"wp-image-91289\" src=\"https:\/\/exceladvisor.org\/wp-content\/uploads\/2023\/08\/1-barres-de-donnees-dans-Excel-a-partir-de-la-mise-en-forme-conditionnelle.png\" sizes=\"auto, \" srcset=\"\" alt=\"ko\u015fullu bi\u00e7imlendirmeden excel'deki veri \u00e7ubuklar\u0131\" width=\"672\" height=\"494\"><\/figure><\/div><p> Ve verilere uygulamak istedi\u011finiz yeni veri \u00e7ubu\u011funa t\u0131klad\u0131\u011f\u0131n\u0131z an; an\u0131nda alacaks\u0131n\u0131z. Bu \u00f6nceden tan\u0131mlanm\u0131\u015f veri \u00e7ubu\u011fu kurallar\u0131n\u0131n uygulanmas\u0131 olduk\u00e7a kolayd\u0131r.<\/p><p> Bunlardan birini se\u00e7ti\u011finizde se\u00e7ilen verinin en y\u00fcksek de\u011ferlerini al\u0131r ve dolu bir veri \u00e7ubu\u011fu ekler. Daha sonra bu de\u011feri h\u00fccrelerin geri kalan\u0131na \u00e7ubuk eklemek i\u00e7in kullan\u0131n. <\/p><div class=\"wp-block-image\"><figure class=\"aligncenter size-full is-resized\"><img loading=\"lazy\" decoding=\"async\" class=\"wp-image-91290\" src=\"https:\/\/exceladvisor.org\/wp-content\/uploads\/2023\/08\/2-valeurs-les-plus-elevees-de-la-mise-en-forme-conditionnelle-des-donnees-selectionnees.png\" sizes=\"auto, \" srcset=\"\" alt=\"ko\u015fullu-bi\u00e7imlendirmeyle-se\u00e7ilen-verilerin en y\u00fcksek de\u011ferleri\" width=\"327\" height=\"290\"><\/figure><\/div><p> Verilere h\u0131zl\u0131ca uygulayabilece\u011finiz 12 adet veri \u00e7ubu\u011fu bulunmaktad\u0131r.<\/p><h2 class=\"wp-block-heading\"> \u00d6zel ayarlara sahip veri \u00e7ubuklar\u0131 ekleyin (daha fazla kural)<\/h2><p> \u0130lk olarak Ana Sayfa &gt; Ko\u015fullu Bi\u00e7imlendirme &gt; Veri \u00c7ubuklar\u0131 &gt; Di\u011fer Kurallar&#8217;a gidin. <\/p><div class=\"wp-block-image\"><figure class=\"aligncenter size-full is-resized\"><img loading=\"lazy\" decoding=\"async\" class=\"wp-image-91291\" src=\"https:\/\/exceladvisor.org\/wp-content\/uploads\/2023\/08\/3-barres-de-donnees-avec-mise-en-forme-conditionnelle-des-parametres-personnalises.png\" sizes=\"auto, \" srcset=\"\" alt=\"\u00f6zel-parametreli-ko\u015fullu-bi\u00e7imlendirmeli veri \u00e7ubuklar\u0131\" width=\"368\" height=\"402\"><\/figure><\/div><p> \u00dczerine t\u0131klad\u0131\u011f\u0131n\u0131zda, veri \u00e7ubuklar\u0131 eklemek i\u00e7in \u00f6zel ayarlar\u0131 kullanaca\u011f\u0131n\u0131z bir ileti\u015fim kutusu g\u00f6receksiniz. <\/p><div class=\"wp-block-image\"><figure class=\"aligncenter size-full is-resized\"><img loading=\"lazy\" decoding=\"async\" class=\"wp-image-91292\" src=\"https:\/\/exceladvisor.org\/wp-content\/uploads\/2023\/08\/4-utiliser-les-parametres-personnalises-pour-ajouter-la-mise-en-forme-conditionnelle-des-barres-de-donnees.png\" sizes=\"auto, \" srcset=\"\" alt=\"ko\u015fullu-veri \u00e7ubu\u011fu-bi\u00e7imlendirmesini-eklemek i\u00e7in-\u00f6zel-parametreleri kullan\u0131n\" width=\"557\" height=\"539\"><\/figure><\/div><p> Bu ileti\u015fim kutusunda, \u00f6zel bir veri \u00e7ubu\u011fu kural\u0131 olu\u015fturmak i\u00e7in bir\u00e7ok se\u00e7ene\u011finiz vard\u0131r. \u00d6rne\u011fin, veri \u00e7ubuklar\u0131n\u0131 uygulama \u015feklinizi &#8220;T\u00fcr&#8221; a\u00e7\u0131l\u0131r men\u00fcs\u00fcnden de\u011fi\u015ftirebilirsiniz. <\/p><div class=\"wp-block-image\"><figure class=\"aligncenter size-full is-resized\"><img loading=\"lazy\" decoding=\"async\" class=\"wp-image-91293\" src=\"https:\/\/exceladvisor.org\/wp-content\/uploads\/2023\/08\/5-changer-la-facon-dont-vous-appliquez-la-mise-en-forme-conditionnelle-des-barres-de-donnees.png\" sizes=\"auto, \" srcset=\"\" alt=\"ko\u015fullu-veri \u00e7ubu\u011fu-bi\u00e7imlendirmesinin-nas\u0131l-uygulanaca\u011f\u0131n\u0131 de\u011fi\u015ftirin\" width=\"585\" height=\"149\"><\/figure><\/div><h3 class=\"wp-block-heading\"> 1. En d\u00fc\u015f\u00fck ve en y\u00fcksek<\/h3><p> Bu se\u00e7enekle Excel, verilerin kendisinden en d\u00fc\u015f\u00fck ve en y\u00fcksek say\u0131y\u0131 alacakt\u0131r. A\u015fa\u011f\u0131daki \u00f6rnekte g\u00f6rebilece\u011finiz gibi, verideki en d\u00fc\u015f\u00fck say\u0131n\u0131n veri \u00e7ubu\u011fu yoktur, verideki en y\u00fcksek say\u0131n\u0131n ise dolu veri \u00e7ubu\u011fu vard\u0131r. <\/p><div class=\"wp-block-image\"><figure class=\"aligncenter size-full is-resized\"><img loading=\"lazy\" decoding=\"async\" class=\"wp-image-91294\" src=\"https:\/\/exceladvisor.org\/wp-content\/uploads\/2023\/08\/6-nombre-le-plus-eleve-dans-la-mise-en-forme-conditionnelle-des-donnees.png\" sizes=\"auto, \" srcset=\"\" alt=\"ko\u015fullu veri bi\u00e7imlendirmesinde en y\u00fcksek say\u0131\" width=\"664\" height=\"320\"><\/figure><\/div><h3 class=\"wp-block-heading\"> 2.Say\u0131lar<\/h3><p> Say\u0131lar se\u00e7ene\u011fiyle en d\u00fc\u015f\u00fck ve en y\u00fcksek say\u0131y\u0131 kendiniz ayarlayabilirsiniz. Ve veri \u00e7ubu\u011funu eklemek i\u00e7in bu say\u0131 aral\u0131\u011f\u0131n\u0131 dikkate alacakt\u0131r.<\/p><p> A\u015fa\u011f\u0131daki \u00f6rnekte en d\u00fc\u015f\u00fck say\u0131 0, en y\u00fcksek say\u0131 4000&#8217;dir, bu nedenle t\u00fcm veri \u00e7ubuklar\u0131 h\u00fccrenin geni\u015fli\u011fine g\u00f6re olduk\u00e7a k\u00fc\u00e7\u00fckt\u00fcr. <\/p><div class=\"wp-block-image\"><figure class=\"aligncenter size-full is-resized\"><img loading=\"lazy\" decoding=\"async\" class=\"wp-image-91295\" src=\"https:\/\/exceladvisor.org\/wp-content\/uploads\/2023\/08\/Mise-en-forme-conditionnelle-des-barres-de-donnees-a-7-chiffres.png\" sizes=\"auto, \" srcset=\"\" alt=\"say\u0131lar-veri \u00e7ubuklar\u0131-ko\u015fullu-bi\u00e7imlendirme\" width=\"705\" height=\"337\"><\/figure><\/div><h3 class=\"wp-block-heading\"> 3. Y\u00fczde<\/h3><p> Y\u00fczde ile bir y\u00fczdenin en d\u00fc\u015f\u00fck ve en y\u00fcksek e\u015fde\u011fer de\u011ferini ayarlayabilirsiniz. A\u015fa\u011f\u0131daki \u00f6rnekte minimum i\u00e7in %20 ve maksimum i\u00e7in %80&#8217;imiz var. <\/p><div class=\"wp-block-image\"><figure class=\"aligncenter size-full is-resized\"><img loading=\"lazy\" decoding=\"async\" class=\"wp-image-91296\" src=\"https:\/\/exceladvisor.org\/wp-content\/uploads\/2023\/08\/Mise-en-forme-conditionnelle-de-8-barres-de-donnees-de-pourcentage.png\" sizes=\"auto, \" srcset=\"\" alt=\"y\u00fczde-veri \u00e7ubuklar\u0131-ko\u015fullu-bi\u00e7imlendirme\" width=\"740\" height=\"349\"><\/figure><\/div><p> De\u011ferlerin toplam\u0131 14733 ve %20\u2019si 2946,6\u2019d\u0131r. \u015eimdi en d\u00fc\u015f\u00fck iki de\u011feri g\u00f6r\u00fcrseniz, 1161 ve 1201, yani 2362, madalyonun en alttaki %20&#8217;sinin \u00e7o\u011funu kaps\u0131yor. Bu y\u00fczden bu iki h\u00fccrede \u00e7ubuk yok.<\/p><p> Maksimum i\u00e7in %80&#8217;i kulland\u0131\u011f\u0131n\u0131zda, bu ayn\u0131 zamanda de\u011ferlerin en y\u00fcksek %20&#8217;sini de hesaba katmak anlam\u0131na gelir. Ve ilk iki de\u011fer 1874 ve 1651 olup her ikisinin toplam\u0131 3525 olup 3525 de\u011ferlerin toplam\u0131n\u0131n %20&#8217;sinden b\u00fcy\u00fckt\u00fcr.<\/p><p> Bu nedenle 1874&#8217;l\u00fc h\u00fccrede sa\u011flam bir \u00e7ubuk bulunur ve 1651 de\u011ferine sahip h\u00fccrenin di\u011fer de\u011ferlerden \u00e7ok daha geni\u015f bir \u00e7ubu\u011fu vard\u0131r.<\/p><h3 class=\"wp-block-heading\"> 4. Y\u00fczdelik dilim<\/h3><p> Y\u00fczdelik dilim ile \u00fcst ve alt de\u011ferlerden olu\u015fan bir grup olu\u015fturabilir ve tam bir veri \u00e7ubu\u011funa sahip olabilirsiniz. Giymek&#8217; <\/p><div class=\"wp-block-image\"><figure class=\"aligncenter size-full is-resized\"><img loading=\"lazy\" decoding=\"async\" class=\"wp-image-91297\" src=\"https:\/\/exceladvisor.org\/wp-content\/uploads\/2023\/08\/Mise-en-forme-conditionnelle-des-barres-de-donnees-a-9-centiles.png\" sizes=\"auto, \" srcset=\"\" alt=\"y\u00fczdelik dilim-veri \u00e7ubuklar\u0131-ko\u015fullu bi\u00e7imlendirme\" width=\"695\" height=\"378\"><\/figure><\/div><p> \u00dcst k\u0131s\u0131m i\u00e7in 70&#8217;inci y\u00fczdelik dilimi belirledi\u011finizi varsayal\u0131m, bu da ilk y\u00fczde 30&#8217;luk de\u011ferler anlam\u0131na gelir. Verilerimizin on de\u011feri var ve ilk 30 y\u00fczdelik dilim ilk 3 olacak. \u0130\u015fte bu y\u00fczden verilerde ilk \u00fc\u00e7 de\u011fere sahip h\u00fccrelerin tam geni\u015flikte veri \u00e7ubuklar\u0131na sahip oldu\u011funu g\u00f6rebilirsiniz.<\/p><p> Minimum olarak, daha d\u00fc\u015f\u00fck de\u011ferlerin ortalama y\u00fczde 30&#8217;u ile 30&#8217;u kulland\u0131k. Ve verilerde on de\u011ferimiz oldu\u011fundan, en alttaki y\u00fczde 30&#8217;luk de\u011ferler 3 olacakt\u0131r. \u0130\u015fte bu y\u00fczden en alttaki \u00fc\u00e7 de\u011ferin veri \u00e7ubu\u011fu yoktur.<\/p><p> Ve di\u011fer h\u00fccrelerde de\u011ferlere dayal\u0131 veri \u00e7ubuklar\u0131 bulunur.<\/p><h3 class=\"wp-block-heading\"> 5. Bi\u00e7im<\/h3><p> Minimum ve maksimum veri \u00e7ubu\u011fu say\u0131s\u0131n\u0131 ayarlamak i\u00e7in bir form\u00fcl de kullanabilirsiniz. Genellikle bunu \u00e7o\u011fu zaman yapman\u0131za gerek yoktur, ancak bunu yapman\u0131z gereken belirli durumlar vard\u0131r. <\/p><div class=\"wp-block-image\"><figure class=\"aligncenter size-full is-resized\"><img loading=\"lazy\" decoding=\"async\" class=\"wp-image-91298\" src=\"https:\/\/exceladvisor.org\/wp-content\/uploads\/2023\/08\/10-barres-de-donnees-de-formule-mise-en-forme-conditionnelle.png\" sizes=\"auto, \" srcset=\"\" alt=\"veri \u00e7ubu\u011fu-form\u00fcl-ko\u015fullu-bi\u00e7imlendirme\" width=\"732\" height=\"398\"><\/figure><\/div><p> Yukar\u0131daki \u00f6rnekte g\u00f6rebilece\u011finiz; A s\u00fctunundaki veri \u00e7ubuklar\u0131n\u0131 uygulamak i\u00e7in B s\u00fctununun minimum ve maksimum de\u011ferlerini elde etmek amac\u0131yla form\u00fcller olu\u015fturmak i\u00e7in MIN ve MAX fonksiyonlar\u0131n\u0131 kulland\u0131k.<\/p><h3 class=\"wp-block-heading\"> 6. Otomatik<\/h3><p> Veri \u00e7ubuklar\u0131n\u0131 \u00f6nceden tan\u0131mlanm\u0131\u015f kurallarla uygulayarak ayn\u0131 y\u00f6ntemi kullan\u0131yoruz.<\/p><h2 class=\"wp-block-heading\"> Veri \u00e7ubu\u011fu i\u00e7in \u00f6zel bi\u00e7imlendirme<\/h2><p> Ayr\u0131ca veri \u00e7ubuklar\u0131n\u0131n format\u0131n\u0131 gerekti\u011fi gibi de\u011fi\u015ftirme se\u00e7enekleriniz de vard\u0131r. <\/p><div class=\"wp-block-image\"><figure class=\"aligncenter size-full is-resized\"><img loading=\"lazy\" decoding=\"async\" class=\"wp-image-91299\" src=\"https:\/\/exceladvisor.org\/wp-content\/uploads\/2023\/08\/11-mises-en-forme-personnalisees-des-barres-de-donnees-mise-en-forme-conditionnelle.png\" sizes=\"auto, \" srcset=\"\" alt=\"\u00f6zel-bi\u00e7imlendirme-veri \u00e7ubuklar\u0131-ko\u015fullu-bi\u00e7imlendirme\" width=\"514\" height=\"174\"><\/figure><\/div><ol type=\"1\"><li> Renk t\u00fcr\u00fcn\u00fc d\u00fczden degradeye ve degradeden d\u00fcze de\u011fi\u015ftirebilirsiniz.<\/li><li> \u00c7ubu\u011fun \u00e7evresine kenarl\u0131k ekleme se\u00e7ene\u011fi vard\u0131r.<\/li><li> Ayr\u0131ca \u00e7ubu\u011fun y\u00f6n\u00fcn\u00fc soldan sa\u011fa veya sa\u011fdan sola de\u011fi\u015ftirebilirsiniz.<\/li><\/ol><p> Ve e\u011fer bir \u015fekilde sadece \u00e7ubuklar\u0131 g\u00f6stermek ve say\u0131lar\u0131 gizlemek istiyorsan\u0131z, \u201cYaln\u0131zca \u00e7ubuklar\u0131 g\u00f6ster\u201d kutusunu i\u015faretleyebilirsiniz. <\/p><div class=\"wp-block-image\"><figure class=\"aligncenter size-full is-resized\"><img loading=\"lazy\" decoding=\"async\" class=\"wp-image-91300\" src=\"https:\/\/exceladvisor.org\/wp-content\/uploads\/2023\/08\/12-masquer-les-nombres-barres-de-donnees-mise-en-forme-conditionnelle.png\" sizes=\"auto, \" srcset=\"\" alt=\"say\u0131lar\u0131 gizle-veri \u00e7ubuklar\u0131-ko\u015fullu-bi\u00e7imlendirme\" width=\"697\" height=\"341\"><\/figure><\/div><div class=\"gb-container gb-container-52dfcee1 gb-container-sample-file\"><h2 class=\"gb-headline gb-headline-e289c143 gb-headline-text gb-headline-4f7959c2\"> Excel dosyas\u0131n\u0131 al\u0131n<\/h2> <a class=\"gb-button gb-button-e88d6bee gb-button-text gb-button-button1\" href=\"https:\/\/exceladvisor.org\/wp-content\/uploads\/2023\/11\/barre-de-donnees.xlsx\" rel=\"nofollow\">\u0130ndirmek<\/a><\/div><div class=\"gb-container gb-container-6076ba72 gb-container-mt\"> <a class=\"gb-button gb-button-76e6a499 gb-button-text gb-button-mt-button\" href=\"https:\/\/exceladvisor.org\/tr\/excelin-temelleri\/\">Excel&#8217;in temellerini \u00f6\u011frenin<\/a><h2 class=\"gb-headline gb-headline-a9e9e206 gb-headline-text gb-headline-mt-heading\"> <a href=\"https:\/\/exceladvisor.org\/tr\/kosullu-bicimlendirme\/\">Ko\u015fullu bi\u00e7imlendirme<\/a> hakk\u0131nda daha fazla bilgi edinin <\/h2><div class=\"gb-grid-wrapper gb-grid-wrapper-790317cb gb-grid-wrapper-mt-grid\"><div class=\"gb-grid-column gb-grid-column-a9845ede\"><div class=\"gb-container gb-container-a9845ede\"><ul><li> <a href=\"https:\/\/exceladvisor.org\/tr\/kosullu-bicimlendirmeyi-uygula\/\">Pivot tabloya ko\u015fullu bi\u00e7imlendirme uygulama<\/a><\/li><li> <a href=\"https:\/\/exceladvisor.org\/tr\/geri-cekilmek\/\">Ko\u015fullu Bi\u00e7imlendirmeyi Kald\u0131r<\/a><\/li><li> <a href=\"https:\/\/exceladvisor.org\/tr\/bos-hucreler\/\">Excel&#8217;de Bo\u015f H\u00fccrelere Ko\u015fullu Bi\u00e7imlendirme Uygulay\u0131n<\/a><\/li><li> <a href=\"https:\/\/exceladvisor.org\/tr\/sutunlari-karsilastir\/\">Ko\u015fullu bi\u00e7imlendirmeyi kullanarak iki s\u00fctunu kar\u015f\u0131la\u015ft\u0131rma<\/a><\/li><li> <a href=\"https:\/\/exceladvisor.org\/tr\/baska-bir-hucre\/\">Ba\u015fka bir h\u00fccreye dayal\u0131 ko\u015fullu bi\u00e7imlendirme uygulama<\/a><\/li><\/ul><\/div><\/div><\/div><\/div>","protected":false},"excerpt":{"rendered":"","protected":false},"author":1,"featured_media":0,"parent":0,"menu_order":0,"comment_status":"open","ping_status":"closed","template":"","meta":{"ub_ctt_via":"","footnotes":""},"class_list":["post-1749","page","type-page","status-publish","hentry"],"featured_image_src":null,"yoast_head":"<!-- This site is optimized with the Yoast SEO plugin v25.4 - https:\/\/yoast.com\/wordpress\/plugins\/seo\/ -->\n<title>\u25b7 Excel&#039;de veri \u00e7ubuklar\u0131 nas\u0131l eklenir? (2023)<\/title>\n<meta name=\"robots\" content=\"index, follow, max-snippet:-1, max-image-preview:large, max-video-preview:-1\" \/>\n<link rel=\"canonical\" href=\"https:\/\/exceladvisor.org\/tr\/veri-cubuklari\/\" \/>\n<meta property=\"og:locale\" content=\"tr_TR\" \/>\n<meta property=\"og:type\" content=\"article\" \/>\n<meta property=\"og:title\" content=\"\u25b7 Excel&#039;de veri \u00e7ubuklar\u0131 nas\u0131l eklenir? (2023)\" \/>\n<meta property=\"og:url\" content=\"https:\/\/exceladvisor.org\/tr\/veri-cubuklari\/\" \/>\n<meta property=\"og:site_name\" content=\"Excel Advisor\" \/>\n<meta property=\"article:modified_time\" content=\"2023-12-10T06:03:04+00:00\" \/>\n<meta property=\"og:image\" content=\"https:\/\/exceladvisor.org\/wp-content\/uploads\/2023\/08\/1-barres-de-donnees-dans-Excel-a-partir-de-la-mise-en-forme-conditionnelle.png\" \/>\n<meta name=\"twitter:card\" content=\"summary_large_image\" \/>\n<meta name=\"twitter:label1\" content=\"Tahmini okuma s\u00fcresi\" \/>\n\t<meta name=\"twitter:data1\" content=\"5 dakika\" \/>\n<script type=\"application\/ld+json\" class=\"yoast-schema-graph\">{\"@context\":\"https:\/\/schema.org\",\"@graph\":[{\"@type\":\"WebPage\",\"@id\":\"https:\/\/exceladvisor.org\/tr\/veri-cubuklari\/\",\"url\":\"https:\/\/exceladvisor.org\/tr\/veri-cubuklari\/\",\"name\":\"\u25b7 Excel&#39;de veri \u00e7ubuklar\u0131 nas\u0131l eklenir? (2023)\",\"isPartOf\":{\"@id\":\"https:\/\/exceladvisor.org\/tr\/#website\"},\"primaryImageOfPage\":{\"@id\":\"https:\/\/exceladvisor.org\/tr\/veri-cubuklari\/#primaryimage\"},\"image\":{\"@id\":\"https:\/\/exceladvisor.org\/tr\/veri-cubuklari\/#primaryimage\"},\"thumbnailUrl\":\"https:\/\/exceladvisor.org\/wp-content\/uploads\/2023\/08\/1-barres-de-donnees-dans-Excel-a-partir-de-la-mise-en-forme-conditionnelle.png\",\"datePublished\":\"2023-11-07T15:19:24+00:00\",\"dateModified\":\"2023-12-10T06:03:04+00:00\",\"breadcrumb\":{\"@id\":\"https:\/\/exceladvisor.org\/tr\/veri-cubuklari\/#breadcrumb\"},\"inLanguage\":\"tr\",\"potentialAction\":[{\"@type\":\"ReadAction\",\"target\":[\"https:\/\/exceladvisor.org\/tr\/veri-cubuklari\/\"]}]},{\"@type\":\"ImageObject\",\"inLanguage\":\"tr\",\"@id\":\"https:\/\/exceladvisor.org\/tr\/veri-cubuklari\/#primaryimage\",\"url\":\"https:\/\/exceladvisor.org\/wp-content\/uploads\/2023\/08\/1-barres-de-donnees-dans-Excel-a-partir-de-la-mise-en-forme-conditionnelle.png\",\"contentUrl\":\"https:\/\/exceladvisor.org\/wp-content\/uploads\/2023\/08\/1-barres-de-donnees-dans-Excel-a-partir-de-la-mise-en-forme-conditionnelle.png\"},{\"@type\":\"BreadcrumbList\",\"@id\":\"https:\/\/exceladvisor.org\/tr\/veri-cubuklari\/#breadcrumb\",\"itemListElement\":[{\"@type\":\"ListItem\",\"position\":1,\"name\":\"Ev\",\"item\":\"https:\/\/exceladvisor.org\/tr\/\"},{\"@type\":\"ListItem\",\"position\":2,\"name\":\"Excel&#39;de veri \u00e7ubuklar\u0131 nas\u0131l eklenir?\"}]},{\"@type\":\"WebSite\",\"@id\":\"https:\/\/exceladvisor.org\/tr\/#website\",\"url\":\"https:\/\/exceladvisor.org\/tr\/\",\"name\":\"Excel Advisor\",\"description\":\"Veri hakimiyetine y\u00f6nelik nihai rehberiniz!\",\"publisher\":{\"@id\":\"https:\/\/exceladvisor.org\/tr\/#organization\"},\"potentialAction\":[{\"@type\":\"SearchAction\",\"target\":{\"@type\":\"EntryPoint\",\"urlTemplate\":\"https:\/\/exceladvisor.org\/tr\/?s={search_term_string}\"},\"query-input\":{\"@type\":\"PropertyValueSpecification\",\"valueRequired\":true,\"valueName\":\"search_term_string\"}}],\"inLanguage\":\"tr\"},{\"@type\":\"Organization\",\"@id\":\"https:\/\/exceladvisor.org\/tr\/#organization\",\"name\":\"Excel Advisor\",\"url\":\"https:\/\/exceladvisor.org\/tr\/\",\"logo\":{\"@type\":\"ImageObject\",\"inLanguage\":\"tr\",\"@id\":\"https:\/\/exceladvisor.org\/tr\/#\/schema\/logo\/image\/\",\"url\":\"https:\/\/exceladvisor.org\/tr\/wp-content\/uploads\/2023\/12\/exceladvisor.org_.png\",\"contentUrl\":\"https:\/\/exceladvisor.org\/tr\/wp-content\/uploads\/2023\/12\/exceladvisor.org_.png\",\"width\":105,\"height\":36,\"caption\":\"Excel Advisor\"},\"image\":{\"@id\":\"https:\/\/exceladvisor.org\/tr\/#\/schema\/logo\/image\/\"}}]}<\/script>\n<!-- \/ Yoast SEO plugin. -->","yoast_head_json":{"title":"\u25b7 Excel&#39;de veri \u00e7ubuklar\u0131 nas\u0131l eklenir? (2023)","robots":{"index":"index","follow":"follow","max-snippet":"max-snippet:-1","max-image-preview":"max-image-preview:large","max-video-preview":"max-video-preview:-1"},"canonical":"https:\/\/exceladvisor.org\/tr\/veri-cubuklari\/","og_locale":"tr_TR","og_type":"article","og_title":"\u25b7 Excel&#39;de veri \u00e7ubuklar\u0131 nas\u0131l eklenir? (2023)","og_url":"https:\/\/exceladvisor.org\/tr\/veri-cubuklari\/","og_site_name":"Excel Advisor","article_modified_time":"2023-12-10T06:03:04+00:00","og_image":[{"url":"https:\/\/exceladvisor.org\/wp-content\/uploads\/2023\/08\/1-barres-de-donnees-dans-Excel-a-partir-de-la-mise-en-forme-conditionnelle.png","type":"","width":"","height":""}],"twitter_card":"summary_large_image","twitter_misc":{"Tahmini okuma s\u00fcresi":"5 dakika"},"schema":{"@context":"https:\/\/schema.org","@graph":[{"@type":"WebPage","@id":"https:\/\/exceladvisor.org\/tr\/veri-cubuklari\/","url":"https:\/\/exceladvisor.org\/tr\/veri-cubuklari\/","name":"\u25b7 Excel&#39;de veri \u00e7ubuklar\u0131 nas\u0131l eklenir? (2023)","isPartOf":{"@id":"https:\/\/exceladvisor.org\/tr\/#website"},"primaryImageOfPage":{"@id":"https:\/\/exceladvisor.org\/tr\/veri-cubuklari\/#primaryimage"},"image":{"@id":"https:\/\/exceladvisor.org\/tr\/veri-cubuklari\/#primaryimage"},"thumbnailUrl":"https:\/\/exceladvisor.org\/wp-content\/uploads\/2023\/08\/1-barres-de-donnees-dans-Excel-a-partir-de-la-mise-en-forme-conditionnelle.png","datePublished":"2023-11-07T15:19:24+00:00","dateModified":"2023-12-10T06:03:04+00:00","breadcrumb":{"@id":"https:\/\/exceladvisor.org\/tr\/veri-cubuklari\/#breadcrumb"},"inLanguage":"tr","potentialAction":[{"@type":"ReadAction","target":["https:\/\/exceladvisor.org\/tr\/veri-cubuklari\/"]}]},{"@type":"ImageObject","inLanguage":"tr","@id":"https:\/\/exceladvisor.org\/tr\/veri-cubuklari\/#primaryimage","url":"https:\/\/exceladvisor.org\/wp-content\/uploads\/2023\/08\/1-barres-de-donnees-dans-Excel-a-partir-de-la-mise-en-forme-conditionnelle.png","contentUrl":"https:\/\/exceladvisor.org\/wp-content\/uploads\/2023\/08\/1-barres-de-donnees-dans-Excel-a-partir-de-la-mise-en-forme-conditionnelle.png"},{"@type":"BreadcrumbList","@id":"https:\/\/exceladvisor.org\/tr\/veri-cubuklari\/#breadcrumb","itemListElement":[{"@type":"ListItem","position":1,"name":"Ev","item":"https:\/\/exceladvisor.org\/tr\/"},{"@type":"ListItem","position":2,"name":"Excel&#39;de veri \u00e7ubuklar\u0131 nas\u0131l eklenir?"}]},{"@type":"WebSite","@id":"https:\/\/exceladvisor.org\/tr\/#website","url":"https:\/\/exceladvisor.org\/tr\/","name":"Excel Advisor","description":"Veri hakimiyetine y\u00f6nelik nihai rehberiniz!","publisher":{"@id":"https:\/\/exceladvisor.org\/tr\/#organization"},"potentialAction":[{"@type":"SearchAction","target":{"@type":"EntryPoint","urlTemplate":"https:\/\/exceladvisor.org\/tr\/?s={search_term_string}"},"query-input":{"@type":"PropertyValueSpecification","valueRequired":true,"valueName":"search_term_string"}}],"inLanguage":"tr"},{"@type":"Organization","@id":"https:\/\/exceladvisor.org\/tr\/#organization","name":"Excel Advisor","url":"https:\/\/exceladvisor.org\/tr\/","logo":{"@type":"ImageObject","inLanguage":"tr","@id":"https:\/\/exceladvisor.org\/tr\/#\/schema\/logo\/image\/","url":"https:\/\/exceladvisor.org\/tr\/wp-content\/uploads\/2023\/12\/exceladvisor.org_.png","contentUrl":"https:\/\/exceladvisor.org\/tr\/wp-content\/uploads\/2023\/12\/exceladvisor.org_.png","width":105,"height":36,"caption":"Excel Advisor"},"image":{"@id":"https:\/\/exceladvisor.org\/tr\/#\/schema\/logo\/image\/"}}]}},"yoast_meta":{"yoast_wpseo_title":"","yoast_wpseo_metadesc":"","yoast_wpseo_canonical":""},"_links":{"self":[{"href":"https:\/\/exceladvisor.org\/tr\/wp-json\/wp\/v2\/pages\/1749","targetHints":{"allow":["GET"]}}],"collection":[{"href":"https:\/\/exceladvisor.org\/tr\/wp-json\/wp\/v2\/pages"}],"about":[{"href":"https:\/\/exceladvisor.org\/tr\/wp-json\/wp\/v2\/types\/page"}],"author":[{"embeddable":true,"href":"https:\/\/exceladvisor.org\/tr\/wp-json\/wp\/v2\/users\/1"}],"replies":[{"embeddable":true,"href":"https:\/\/exceladvisor.org\/tr\/wp-json\/wp\/v2\/comments?post=1749"}],"version-history":[{"count":1,"href":"https:\/\/exceladvisor.org\/tr\/wp-json\/wp\/v2\/pages\/1749\/revisions"}],"predecessor-version":[{"id":2632,"href":"https:\/\/exceladvisor.org\/tr\/wp-json\/wp\/v2\/pages\/1749\/revisions\/2632"}],"wp:attachment":[{"href":"https:\/\/exceladvisor.org\/tr\/wp-json\/wp\/v2\/media?parent=1749"}],"curies":[{"name":"wp","href":"https:\/\/api.w.org\/{rel}","templated":true}]}}