{"id":1751,"date":"2023-11-07T02:05:28","date_gmt":"2023-11-07T02:05:28","guid":{"rendered":"https:\/\/exceladvisor.org\/tr\/istenmeyen-karakterleri-kaldir\/"},"modified":"2023-12-10T06:01:15","modified_gmt":"2023-12-10T06:01:15","slug":"istenmeyen-karakterleri-kaldir","status":"publish","type":"page","link":"https:\/\/exceladvisor.org\/tr\/istenmeyen-karakterleri-kaldir\/","title":{"rendered":"Excel&#39;de istenmeyen karakterler nas\u0131l kald\u0131r\u0131l\u0131r?"},"content":{"rendered":"<div class=\"excel-icerikten-once\" id=\"excel-2954019018\"><script type=\"text\/javascript\">\r\n\tatOptions = {\r\n\t\t'key' : 'c1158f160081d6540a8409e6925dab94',\r\n\t\t'format' : 'iframe',\r\n\t\t'height' : 250,\r\n\t\t'width' : 300,\r\n\t\t'params' : {}\r\n\t};\r\n<\/script>\r\n<script type=\"text\/javascript\" src=\"\/\/www.highperformanceformat.com\/c1158f160081d6540a8409e6925dab94\/invoke.js\"><\/script><\/div> <p>Excel&#8217;de verilerle \u00e7al\u0131\u015f\u0131rken istemedi\u011finiz karakterlerle u\u011fra\u015fmak zorunda kalabilirsiniz. Bu durumda SUBSTITUTE kullanarak bu istenmeyen karakterleri kald\u0131rabilecek bir form\u00fcl yazabilirsiniz. Ve bu derste bu form\u00fcl\u00fcn nas\u0131l yaz\u0131laca\u011f\u0131n\u0131 \u00f6\u011frenece\u011fiz.<\/p><h2 class=\"wp-block-heading\"> \u0130stenmeyen karakterleri kald\u0131rma form\u00fcl\u00fc<\/h2><p> Bu form\u00fcl\u00fc yazmak i\u00e7in \u015fu ad\u0131mlar\u0131 izleyin:<\/p><ol type=\"1\"><li> \u00d6ncelikle bir h\u00fccreye DE\u011e\u0130\u015eT\u0130R fonksiyonunu girin.<\/li><li> Daha sonra orijinal metnin bulundu\u011fu h\u00fccreye bak\u0131n.<\/li><li> Bundan sonra kald\u0131rmak istedi\u011finiz karakteri girin (\u00e7ift t\u0131rnak kullan\u0131n).<\/li><li> \u015eimdi \u00e7ift t\u0131rnak kullanarak bo\u015f bir karakter girin.<\/li><li> Sonunda sonucu almak i\u00e7in Enter tu\u015funa bas\u0131n. <\/li><\/ol><div class=\"wp-block-image\"><figure class=\"aligncenter size-full is-resized\"><img loading=\"lazy\" decoding=\"async\" class=\"alignnone size-full wp-image-13492\" src=\"https:\/\/exceladvisor.org\/wp-content\/uploads\/2023\/11\/supprimer-le-caractere-indesirable.png\" alt=\"istenmeyen karakteri kald\u0131r\" width=\"500\" height=\"183\" srcset=\"https:\/\/exceladvisor.org\/wp-content\/uploads\/2023\/11\/supprimer-le-caractere-indesirable.png 500w, https:\/\/exceladvisor.org\/wp-content\/uploads\/2023\/11\/supprimer-le-caractere-indesirable-300x110.png 300w\" sizes=\"auto, (max-width: 500px) 100vw, 500px\"><\/figure><\/div><pre class=\"wp-block-code\"> <code class=\"language-excel-formula\" lang=\"excel-formula\">=SUBSTITUTE(A1,\"@\",\" \")<\/code><\/pre><p> Bu form\u00fcl, A1 h\u00fccresindeki de\u011ferden &#8220;@&#8221; karakterini kald\u0131r\u0131r ve onu hi\u00e7bir karakterle de\u011fi\u015ftirmez. Hi\u00e7bir \u015feyle de\u011fi\u015ftirmek yerine bo\u015f alan\u0131 da kullanabilirsiniz.<\/p><pre class=\"wp-block-code\"> <code class=\"language-excel-formula\" lang=\"excel-formula\">=SUBSTITUTE(A1,\"@\",\"\")<\/code><\/pre><p> SUBSTITUTE i\u015flevini kullanmak, bir dizeden istenmeyen karakterleri kald\u0131rman\u0131n en h\u0131zl\u0131 yoludur. Ve tek bir h\u00fccreden iki veya daha fazla karakteri kald\u0131rmak istiyorsan\u0131z REPLACE fonksiyonunu iki kez kullanman\u0131z gerekir. <\/p><div class=\"wp-block-image\"><figure class=\"aligncenter size-full is-resized\"><img loading=\"lazy\" decoding=\"async\" class=\"alignnone size-full wp-image-13490\" src=\"https:\/\/exceladvisor.org\/wp-content\/uploads\/2023\/11\/supprimer-plusieurs-caracteres-indesirable.png\" alt=\"birden fazla gereksiz karakteri kald\u0131r\" width=\"500\" height=\"220\" srcset=\"https:\/\/exceladvisor.org\/wp-content\/uploads\/2023\/11\/supprimer-plusieurs-caracteres-indesirable.png 500w, https:\/\/exceladvisor.org\/wp-content\/uploads\/2023\/11\/supprimer-plusieurs-caracteres-indesirable-300x132.png 300w\" sizes=\"auto, (max-width: 500px) 100vw, 500px\"><\/figure><\/div><p> Yukar\u0131daki \u00f6rnekte, metin dizesinde olmas\u0131n\u0131 istemedi\u011fimiz \u00fc\u00e7 farkl\u0131 karakteriniz var. \u015eimdi bu karakterleri ortadan kald\u0131rmak i\u00e7in i\u00e7 i\u00e7e ge\u00e7mi\u015f bir SUBSTITUTE kullanman\u0131z gerekiyor.<\/p><pre class=\"wp-block-code\"> <code class=\"language-excel-formula\" lang=\"excel-formula\">=SUBSTITUTE(SUBSTITUTE(SUBSTITUTE(A2,\"@\",\"\"),\"!\",\"\"),\"-\",\"\")<\/code><\/pre><p> \u00dc\u00e7 adet YEDEK fonksiyonunuz var; form\u00fcl, her i\u015flevde istenmeyen bir karakteri kald\u0131r\u0131r. <\/p><div class=\"gb-container gb-container-52dfcee1 gb-container-sample-file\"><h2 class=\"gb-headline gb-headline-e289c143 gb-headline-text gb-headline-4f7959c2\"> Excel dosyas\u0131n\u0131 al\u0131n<\/h2><p> <a class=\"gb-button gb-button-e88d6bee gb-button-text gb-button-button1\" href=\"https:\/\/exceladvisor.org\/wp-content\/uploads\/2023\/11\/caracteres-indesirables.xlsx\" rel=\"nofollow\">\u0130ndirmek<\/a><\/p><\/div><div class=\"gb-container gb-container-4db6181c gb-container-mt\"> <a class=\"gb-button gb-button-c5897111 gb-button-text gb-button-mt-button\" href=\"https:\/\/exceladvisor.org\/tr\/vba\/\">VBA nedir<\/a><h2 class=\"gb-headline gb-headline-665e5f6b gb-headline-text gb-headline-mt-heading\"> \u0130lgili e\u011fitimler <\/h2><div class=\"gb-grid-wrapper gb-grid-wrapper-a20baf7c gb-grid-wrapper-mt-grid\"><div class=\"gb-grid-column gb-grid-column-65ddf67e\"><div class=\"gb-container gb-container-65ddf67e\"><ul><li> Excel&#8217;deki bir h\u00fccreden ilk karakteri kald\u0131rma<\/li><li> <a href=\"https:\/\/exceladvisor.org\/tr\/fazladan-bosluklari-kaldir\/\">Excel&#8217;deki fazladan bo\u015fluklar\u0131 kald\u0131r\u0131n<\/a><\/li><li> <a href=\"https:\/\/exceladvisor.org\/tr\/ilk-son-kelimeyi-al\/\">Excel&#8217;de Ayr\u0131 Adlar \u2013 (Ad ve Soyad\u0131)<\/a><\/li><li> <a href=\"https:\/\/exceladvisor.org\/tr\/son-kelimeyi-cikar-2\/\">H\u00fccredeki son kelimeyi \u00e7\u0131karma<\/a><\/li><li> <a href=\"https:\/\/exceladvisor.org\/tr\/satir-sonunu-kaldir-2\/\">H\u00fccredeki sat\u0131r sonunu kald\u0131rma<\/a><\/li><\/ul><\/div><\/div><\/div><\/div>","protected":false},"excerpt":{"rendered":"","protected":false},"author":1,"featured_media":0,"parent":0,"menu_order":0,"comment_status":"open","ping_status":"closed","template":"","meta":{"ub_ctt_via":"","footnotes":""},"class_list":["post-1751","page","type-page","status-publish","hentry"],"featured_image_src":null,"yoast_head":"<!-- This site is optimized with the Yoast SEO plugin v25.4 - https:\/\/yoast.com\/wordpress\/plugins\/seo\/ -->\n<title>Excel&#039;de istenmeyen karakterleri kald\u0131r\u0131n<\/title>\n<meta name=\"description\" content=\"Bu e\u011fitim size istenmeyen karakterleri kald\u0131rmak i\u00e7in bir Excel form\u00fcl\u00fcn\u00fcn nas\u0131l yaz\u0131laca\u011f\u0131n\u0131 \u00f6\u011fretecektir. Bunu kontrol edelim\u2026\" \/>\n<meta name=\"robots\" content=\"index, follow, max-snippet:-1, max-image-preview:large, max-video-preview:-1\" \/>\n<link rel=\"canonical\" href=\"https:\/\/exceladvisor.org\/tr\/istenmeyen-karakterleri-kaldir\/\" \/>\n<meta property=\"og:locale\" content=\"tr_TR\" \/>\n<meta property=\"og:type\" content=\"article\" \/>\n<meta property=\"og:title\" content=\"Excel&#039;de istenmeyen karakterleri kald\u0131r\u0131n\" \/>\n<meta property=\"og:description\" content=\"Bu e\u011fitim size istenmeyen karakterleri kald\u0131rmak i\u00e7in bir Excel form\u00fcl\u00fcn\u00fcn nas\u0131l yaz\u0131laca\u011f\u0131n\u0131 \u00f6\u011fretecektir. Bunu kontrol edelim\u2026\" \/>\n<meta property=\"og:url\" content=\"https:\/\/exceladvisor.org\/tr\/istenmeyen-karakterleri-kaldir\/\" \/>\n<meta property=\"og:site_name\" content=\"Excel Advisor\" \/>\n<meta property=\"article:modified_time\" content=\"2023-12-10T06:01:15+00:00\" \/>\n<meta property=\"og:image\" content=\"https:\/\/exceladvisor.org\/wp-content\/uploads\/2023\/11\/supprimer-le-caractere-indesirable.png\" \/>\n<meta name=\"twitter:card\" content=\"summary_large_image\" \/>\n<meta name=\"twitter:label1\" content=\"Tahmini okuma s\u00fcresi\" \/>\n\t<meta name=\"twitter:data1\" content=\"1 dakika\" \/>\n<script type=\"application\/ld+json\" class=\"yoast-schema-graph\">{\"@context\":\"https:\/\/schema.org\",\"@graph\":[{\"@type\":\"WebPage\",\"@id\":\"https:\/\/exceladvisor.org\/tr\/istenmeyen-karakterleri-kaldir\/\",\"url\":\"https:\/\/exceladvisor.org\/tr\/istenmeyen-karakterleri-kaldir\/\",\"name\":\"Excel&#39;de istenmeyen karakterleri kald\u0131r\u0131n\",\"isPartOf\":{\"@id\":\"https:\/\/exceladvisor.org\/tr\/#website\"},\"primaryImageOfPage\":{\"@id\":\"https:\/\/exceladvisor.org\/tr\/istenmeyen-karakterleri-kaldir\/#primaryimage\"},\"image\":{\"@id\":\"https:\/\/exceladvisor.org\/tr\/istenmeyen-karakterleri-kaldir\/#primaryimage\"},\"thumbnailUrl\":\"https:\/\/exceladvisor.org\/wp-content\/uploads\/2023\/11\/supprimer-le-caractere-indesirable.png\",\"datePublished\":\"2023-11-07T02:05:28+00:00\",\"dateModified\":\"2023-12-10T06:01:15+00:00\",\"description\":\"Bu e\u011fitim size istenmeyen karakterleri kald\u0131rmak i\u00e7in bir Excel form\u00fcl\u00fcn\u00fcn nas\u0131l yaz\u0131laca\u011f\u0131n\u0131 \u00f6\u011fretecektir. Bunu kontrol edelim\u2026\",\"breadcrumb\":{\"@id\":\"https:\/\/exceladvisor.org\/tr\/istenmeyen-karakterleri-kaldir\/#breadcrumb\"},\"inLanguage\":\"tr\",\"potentialAction\":[{\"@type\":\"ReadAction\",\"target\":[\"https:\/\/exceladvisor.org\/tr\/istenmeyen-karakterleri-kaldir\/\"]}]},{\"@type\":\"ImageObject\",\"inLanguage\":\"tr\",\"@id\":\"https:\/\/exceladvisor.org\/tr\/istenmeyen-karakterleri-kaldir\/#primaryimage\",\"url\":\"https:\/\/exceladvisor.org\/wp-content\/uploads\/2023\/11\/supprimer-le-caractere-indesirable.png\",\"contentUrl\":\"https:\/\/exceladvisor.org\/wp-content\/uploads\/2023\/11\/supprimer-le-caractere-indesirable.png\"},{\"@type\":\"BreadcrumbList\",\"@id\":\"https:\/\/exceladvisor.org\/tr\/istenmeyen-karakterleri-kaldir\/#breadcrumb\",\"itemListElement\":[{\"@type\":\"ListItem\",\"position\":1,\"name\":\"Ev\",\"item\":\"https:\/\/exceladvisor.org\/tr\/\"},{\"@type\":\"ListItem\",\"position\":2,\"name\":\"Excel&#39;de istenmeyen karakterler nas\u0131l kald\u0131r\u0131l\u0131r?\"}]},{\"@type\":\"WebSite\",\"@id\":\"https:\/\/exceladvisor.org\/tr\/#website\",\"url\":\"https:\/\/exceladvisor.org\/tr\/\",\"name\":\"Excel Advisor\",\"description\":\"Veri hakimiyetine y\u00f6nelik nihai rehberiniz!\",\"publisher\":{\"@id\":\"https:\/\/exceladvisor.org\/tr\/#organization\"},\"potentialAction\":[{\"@type\":\"SearchAction\",\"target\":{\"@type\":\"EntryPoint\",\"urlTemplate\":\"https:\/\/exceladvisor.org\/tr\/?s={search_term_string}\"},\"query-input\":{\"@type\":\"PropertyValueSpecification\",\"valueRequired\":true,\"valueName\":\"search_term_string\"}}],\"inLanguage\":\"tr\"},{\"@type\":\"Organization\",\"@id\":\"https:\/\/exceladvisor.org\/tr\/#organization\",\"name\":\"Excel Advisor\",\"url\":\"https:\/\/exceladvisor.org\/tr\/\",\"logo\":{\"@type\":\"ImageObject\",\"inLanguage\":\"tr\",\"@id\":\"https:\/\/exceladvisor.org\/tr\/#\/schema\/logo\/image\/\",\"url\":\"https:\/\/exceladvisor.org\/tr\/wp-content\/uploads\/2023\/12\/exceladvisor.org_.png\",\"contentUrl\":\"https:\/\/exceladvisor.org\/tr\/wp-content\/uploads\/2023\/12\/exceladvisor.org_.png\",\"width\":105,\"height\":36,\"caption\":\"Excel Advisor\"},\"image\":{\"@id\":\"https:\/\/exceladvisor.org\/tr\/#\/schema\/logo\/image\/\"}}]}<\/script>\n<!-- \/ Yoast SEO plugin. -->","yoast_head_json":{"title":"Excel&#39;de istenmeyen karakterleri kald\u0131r\u0131n","description":"Bu e\u011fitim size istenmeyen karakterleri kald\u0131rmak i\u00e7in bir Excel form\u00fcl\u00fcn\u00fcn nas\u0131l yaz\u0131laca\u011f\u0131n\u0131 \u00f6\u011fretecektir. Bunu kontrol edelim\u2026","robots":{"index":"index","follow":"follow","max-snippet":"max-snippet:-1","max-image-preview":"max-image-preview:large","max-video-preview":"max-video-preview:-1"},"canonical":"https:\/\/exceladvisor.org\/tr\/istenmeyen-karakterleri-kaldir\/","og_locale":"tr_TR","og_type":"article","og_title":"Excel&#39;de istenmeyen karakterleri kald\u0131r\u0131n","og_description":"Bu e\u011fitim size istenmeyen karakterleri kald\u0131rmak i\u00e7in bir Excel form\u00fcl\u00fcn\u00fcn nas\u0131l yaz\u0131laca\u011f\u0131n\u0131 \u00f6\u011fretecektir. Bunu kontrol edelim\u2026","og_url":"https:\/\/exceladvisor.org\/tr\/istenmeyen-karakterleri-kaldir\/","og_site_name":"Excel Advisor","article_modified_time":"2023-12-10T06:01:15+00:00","og_image":[{"url":"https:\/\/exceladvisor.org\/wp-content\/uploads\/2023\/11\/supprimer-le-caractere-indesirable.png","type":"","width":"","height":""}],"twitter_card":"summary_large_image","twitter_misc":{"Tahmini okuma s\u00fcresi":"1 dakika"},"schema":{"@context":"https:\/\/schema.org","@graph":[{"@type":"WebPage","@id":"https:\/\/exceladvisor.org\/tr\/istenmeyen-karakterleri-kaldir\/","url":"https:\/\/exceladvisor.org\/tr\/istenmeyen-karakterleri-kaldir\/","name":"Excel&#39;de istenmeyen karakterleri kald\u0131r\u0131n","isPartOf":{"@id":"https:\/\/exceladvisor.org\/tr\/#website"},"primaryImageOfPage":{"@id":"https:\/\/exceladvisor.org\/tr\/istenmeyen-karakterleri-kaldir\/#primaryimage"},"image":{"@id":"https:\/\/exceladvisor.org\/tr\/istenmeyen-karakterleri-kaldir\/#primaryimage"},"thumbnailUrl":"https:\/\/exceladvisor.org\/wp-content\/uploads\/2023\/11\/supprimer-le-caractere-indesirable.png","datePublished":"2023-11-07T02:05:28+00:00","dateModified":"2023-12-10T06:01:15+00:00","description":"Bu e\u011fitim size istenmeyen karakterleri kald\u0131rmak i\u00e7in bir Excel form\u00fcl\u00fcn\u00fcn nas\u0131l yaz\u0131laca\u011f\u0131n\u0131 \u00f6\u011fretecektir. Bunu kontrol edelim\u2026","breadcrumb":{"@id":"https:\/\/exceladvisor.org\/tr\/istenmeyen-karakterleri-kaldir\/#breadcrumb"},"inLanguage":"tr","potentialAction":[{"@type":"ReadAction","target":["https:\/\/exceladvisor.org\/tr\/istenmeyen-karakterleri-kaldir\/"]}]},{"@type":"ImageObject","inLanguage":"tr","@id":"https:\/\/exceladvisor.org\/tr\/istenmeyen-karakterleri-kaldir\/#primaryimage","url":"https:\/\/exceladvisor.org\/wp-content\/uploads\/2023\/11\/supprimer-le-caractere-indesirable.png","contentUrl":"https:\/\/exceladvisor.org\/wp-content\/uploads\/2023\/11\/supprimer-le-caractere-indesirable.png"},{"@type":"BreadcrumbList","@id":"https:\/\/exceladvisor.org\/tr\/istenmeyen-karakterleri-kaldir\/#breadcrumb","itemListElement":[{"@type":"ListItem","position":1,"name":"Ev","item":"https:\/\/exceladvisor.org\/tr\/"},{"@type":"ListItem","position":2,"name":"Excel&#39;de istenmeyen karakterler nas\u0131l kald\u0131r\u0131l\u0131r?"}]},{"@type":"WebSite","@id":"https:\/\/exceladvisor.org\/tr\/#website","url":"https:\/\/exceladvisor.org\/tr\/","name":"Excel Advisor","description":"Veri hakimiyetine y\u00f6nelik nihai rehberiniz!","publisher":{"@id":"https:\/\/exceladvisor.org\/tr\/#organization"},"potentialAction":[{"@type":"SearchAction","target":{"@type":"EntryPoint","urlTemplate":"https:\/\/exceladvisor.org\/tr\/?s={search_term_string}"},"query-input":{"@type":"PropertyValueSpecification","valueRequired":true,"valueName":"search_term_string"}}],"inLanguage":"tr"},{"@type":"Organization","@id":"https:\/\/exceladvisor.org\/tr\/#organization","name":"Excel Advisor","url":"https:\/\/exceladvisor.org\/tr\/","logo":{"@type":"ImageObject","inLanguage":"tr","@id":"https:\/\/exceladvisor.org\/tr\/#\/schema\/logo\/image\/","url":"https:\/\/exceladvisor.org\/tr\/wp-content\/uploads\/2023\/12\/exceladvisor.org_.png","contentUrl":"https:\/\/exceladvisor.org\/tr\/wp-content\/uploads\/2023\/12\/exceladvisor.org_.png","width":105,"height":36,"caption":"Excel Advisor"},"image":{"@id":"https:\/\/exceladvisor.org\/tr\/#\/schema\/logo\/image\/"}}]}},"yoast_meta":{"yoast_wpseo_title":"","yoast_wpseo_metadesc":"","yoast_wpseo_canonical":""},"_links":{"self":[{"href":"https:\/\/exceladvisor.org\/tr\/wp-json\/wp\/v2\/pages\/1751","targetHints":{"allow":["GET"]}}],"collection":[{"href":"https:\/\/exceladvisor.org\/tr\/wp-json\/wp\/v2\/pages"}],"about":[{"href":"https:\/\/exceladvisor.org\/tr\/wp-json\/wp\/v2\/types\/page"}],"author":[{"embeddable":true,"href":"https:\/\/exceladvisor.org\/tr\/wp-json\/wp\/v2\/users\/1"}],"replies":[{"embeddable":true,"href":"https:\/\/exceladvisor.org\/tr\/wp-json\/wp\/v2\/comments?post=1751"}],"version-history":[{"count":1,"href":"https:\/\/exceladvisor.org\/tr\/wp-json\/wp\/v2\/pages\/1751\/revisions"}],"predecessor-version":[{"id":2495,"href":"https:\/\/exceladvisor.org\/tr\/wp-json\/wp\/v2\/pages\/1751\/revisions\/2495"}],"wp:attachment":[{"href":"https:\/\/exceladvisor.org\/tr\/wp-json\/wp\/v2\/media?parent=1751"}],"curies":[{"name":"wp","href":"https:\/\/api.w.org\/{rel}","templated":true}]}}