{"id":1753,"date":"2023-11-06T23:45:43","date_gmt":"2023-11-06T23:45:43","guid":{"rendered":"https:\/\/exceladvisor.org\/tr\/iki-hucreyi-karsilastir\/"},"modified":"2023-12-10T06:01:08","modified_gmt":"2023-12-10T06:01:08","slug":"iki-hucreyi-karsilastir","status":"publish","type":"page","link":"https:\/\/exceladvisor.org\/tr\/iki-hucreyi-karsilastir\/","title":{"rendered":"Excel&#39;de iki h\u00fccre nas\u0131l kar\u015f\u0131la\u015ft\u0131r\u0131l\u0131r?"},"content":{"rendered":"<div class=\"excel-icerikten-once\" id=\"excel-3575905372\"><script type=\"text\/javascript\">\r\n\tatOptions = {\r\n\t\t'key' : 'c1158f160081d6540a8409e6925dab94',\r\n\t\t'format' : 'iframe',\r\n\t\t'height' : 250,\r\n\t\t'width' : 300,\r\n\t\t'params' : {}\r\n\t};\r\n<\/script>\r\n<script type=\"text\/javascript\" src=\"\/\/www.highperformanceformat.com\/c1158f160081d6540a8409e6925dab94\/invoke.js\"><\/script><\/div> <p>Excel&#8217;de iki h\u00fccreyi kar\u015f\u0131la\u015ft\u0131rmak i\u00e7in, her iki h\u00fccreye de at\u0131fta bulunurken e\u015fittir operat\u00f6r\u00fcn\u00fc kullanabilirsiniz. Ve sonu\u00e7ta her iki de\u011fer ayn\u0131ysa TRUE, de\u011ferler ayn\u0131 de\u011filse YANLI\u015e elde edersiniz.<\/p><p> A\u015fa\u011f\u0131daki \u00f6rnekte s\u0131ras\u0131yla A1 ve B1 h\u00fccrelerinde iki de\u011ferimiz var ve \u015fimdi iki h\u00fccreyi kar\u015f\u0131la\u015ft\u0131rman\u0131z gerekiyor. <\/p><div class=\"wp-block-image\"><figure class=\"aligncenter size-full is-resized\"><img loading=\"lazy\" decoding=\"async\" class=\"wp-image-70595\" src=\"https:\/\/exceladvisor.org\/wp-content\/uploads\/2023\/08\/1-comparer-deux-cellules.png\" sizes=\"auto, \" srcset=\"\" alt=\"iki h\u00fccreyi kar\u015f\u0131la\u015ft\u0131r\" width=\"383\" height=\"276\"><\/figure><\/div><p> Bu derste kullanabilece\u011finiz farkl\u0131 y\u00f6ntemleri ke\u015ffedece\u011fiz.<\/p><h2 class=\"wp-block-heading\"> E\u015fittir operat\u00f6r\u00fcn\u00fc kullanarak iki h\u00fccreyi kar\u015f\u0131la\u015ft\u0131rma<\/h2><ol type=\"1\"><li> \u0130lk olarak, form\u00fcl\u00fc ba\u015flatmak i\u00e7in C1 h\u00fccresine e\u015fittir operat\u00f6r\u00fcn\u00fc girin.<\/li><li> Bundan sonra ilk de\u011ferlerin bulundu\u011fu A1 h\u00fccresine bak\u0131n.<\/li><li> Daha sonra h\u00fccre de\u011ferlerini kar\u015f\u0131la\u015ft\u0131rmak i\u00e7in e\u015fittir operat\u00f6r\u00fcn\u00fc girin.<\/li><li> \u015eimdi ikinci de\u011fere sahip oldu\u011funuz B1 h\u00fccresine bak\u0131n.<\/li><li> Sonunda sonucu almak i\u00e7in Enter tu\u015funa bas\u0131n. <\/li><\/ol><div class=\"wp-block-image\"><figure class=\"aligncenter size-full is-resized\"><img loading=\"lazy\" decoding=\"async\" class=\"wp-image-70596\" src=\"https:\/\/exceladvisor.org\/wp-content\/uploads\/2023\/08\/2-comparer-les-cellules-en-utilisant-loperateur-egal.png\" sizes=\"auto, \" srcset=\"\" alt=\"e\u015fit-i\u015flecini kullanarak-h\u00fccreleri-kar\u015f\u0131la\u015ft\u0131r\" width=\"394\" height=\"283\"><\/figure><\/div><p> G\u00f6rd\u00fc\u011f\u00fcn\u00fcz gibi sonu\u00e7ta FALSE \u00e7\u0131kt\u0131, bu da h\u00fccrelerdeki iki de\u011ferin ayn\u0131 olmad\u0131\u011f\u0131 anlam\u0131na geliyor. Ancak B1 h\u00fccresinin de\u011ferini \u201cEvet\u201d olarak de\u011fi\u015ftirirseniz sonu\u00e7ta TRUE sonucunu elde edersiniz. <\/p><div class=\"wp-block-image\"><figure class=\"aligncenter size-full is-resized\"><img loading=\"lazy\" decoding=\"async\" class=\"wp-image-70597\" src=\"https:\/\/exceladvisor.org\/wp-content\/uploads\/2023\/08\/Resultat-de-3-cellules-comparees.png\" sizes=\"auto, \" srcset=\"\" alt=\"kar\u015f\u0131la\u015ft\u0131r\u0131lan h\u00fccrelerin sonucu\" width=\"417\" height=\"277\"><\/figure><\/div><p> Bu nedenle iki h\u00fccreyi kar\u015f\u0131la\u015ft\u0131rman\u0131n ve DO\u011eRU veya YANLI\u015e sonucunu elde etmenin h\u0131zl\u0131 ve kolay bir yoludur.<\/p><pre class=\"wp-block-code\"> <code class=\"language-excel-formula\" lang=\"excel-formula\">=A1=B1<\/code><\/pre><h2 class=\"wp-block-heading\"> \u0130ki h\u00fccrenin metin de\u011ferlerini e\u015fle\u015ftirmek i\u00e7in EXACT i\u015flevini kullanma<\/h2><p> Excel&#8217;de de kullanabilece\u011finiz bir i\u015flev var ve o da TAM. EXACT fonksiyonu ile iki h\u00fccrenin metin de\u011ferlerini e\u015fle\u015ftirip kar\u015f\u0131la\u015ft\u0131rmak istedi\u011finiz h\u00fccrelere ba\u015fvurabilirsiniz ve sonu\u00e7ta DO\u011eRU veya YANLI\u015e de\u011ferini d\u00f6nd\u00fcrecektir.<\/p><p> Ayn\u0131 \u00f6rne\u011fi kullan\u0131yoruz:<\/p><ol type=\"1\"><li> \u00d6ncelikle C1 h\u00fccresine TAM fonksiyonunu girin.<\/li><li> Bundan sonra A1 h\u00fccresine bak\u0131n.<\/li><li> Daha sonra bir komut girin.<\/li><li> \u015eimdi B1 h\u00fccresine bak\u0131n.<\/li><li> Sonunda kapatma parantezlerini girin ve sonucu almak i\u00e7in Enter tu\u015funa bas\u0131n. <\/li><\/ol><div class=\"wp-block-image\"><figure class=\"aligncenter size-full is-resized\"><img loading=\"lazy\" decoding=\"async\" class=\"wp-image-70598\" src=\"https:\/\/exceladvisor.org\/wp-content\/uploads\/2023\/08\/4-fonctions-exactes-a-comparer.png\" sizes=\"auto, \" srcset=\"\" alt=\"kar\u015f\u0131la\u015ft\u0131r\u0131lacak tam i\u015flev\" width=\"446\" height=\"252\"><\/figure><\/div><p> A1 ve B1 h\u00fccrelerindeki de\u011ferler ayn\u0131 olmad\u0131\u011f\u0131 i\u00e7in sonu\u00e7ta YANLI\u015e oldu\u011fumuzu g\u00f6rebilirsiniz.<\/p><pre class=\"wp-block-code\"> <code class=\"language-excel-formula\" lang=\"excel-formula\">=EXACT(A1,B1)<\/code><\/pre><h2 class=\"wp-block-heading\"> \u0130ki de\u011feri kar\u015f\u0131la\u015ft\u0131rmak i\u00e7in IF Create Condition i\u015flevini kullanma<\/h2><p> Yukar\u0131da tart\u0131\u015ft\u0131\u011f\u0131m\u0131z her iki y\u00f6ntemde de DO\u011eRU veya YANLI\u015e sonucunu al\u0131yoruz, peki ya her iki durum i\u00e7in de \u00f6zel bir sonu\u00e7 elde etmek istiyorsan\u0131z? Bu durumda, bir ko\u015ful olu\u015fturmak ve \u00f6zel bir sonu\u00e7 elde etmek i\u00e7in IF i\u015flevini kullanabilirsiniz.<\/p><ol type=\"1\"><li> \u0130lk olarak C1 h\u00fccresine E\u011eER i\u015flevini girin.<\/li><li> Bundan sonra, ilk y\u00f6ntemde kulland\u0131\u011f\u0131m\u0131z h\u00fccreleri kar\u015f\u0131la\u015ft\u0131rmak i\u00e7in ayn\u0131 y\u00f6ntemi kullan\u0131n.<\/li><li> Daha sonra fonksiyonun ikinci arg\u00fcman\u0131na iki de\u011ferin e\u015fle\u015fmesi durumunda almak istedi\u011finiz de\u011feri girin.<\/li><li> \u015eimdi fonksiyonun \u00fc\u00e7\u00fcnc\u00fc arg\u00fcman\u0131na iki de\u011ferin e\u015fle\u015fmemesi durumunda almak istedi\u011finiz de\u011feri girin.<\/li><li> Sonunda kapatma parantezlerini girin ve i\u015flevi kapat\u0131n. <\/li><\/ol><div class=\"wp-block-image\"><figure class=\"aligncenter size-full is-resized\"><img loading=\"lazy\" decoding=\"async\" class=\"wp-image-70599\" src=\"https:\/\/exceladvisor.org\/wp-content\/uploads\/2023\/08\/5-utilisation-si-comparaison-de-cellules.png\" sizes=\"auto, \" srcset=\"\" alt=\"kar\u015f\u0131la\u015ft\u0131rma h\u00fccrelerini kullan\" width=\"537\" height=\"252\"><\/figure><\/div><p> G\u00f6rd\u00fc\u011f\u00fcn\u00fcz gibi sonu\u00e7ta iki h\u00fccrenin de\u011ferleri ayn\u0131 olmad\u0131\u011f\u0131 i\u00e7in \u201cE\u015fle\u015fme yok\u201d de\u011ferini elde ediyoruz.<\/p><pre class=\"wp-block-code\"> <code class=\"language-excel-formula\" lang=\"excel-formula\">=IF(A1=B1,\"Matched\",\"Not Matched\")<\/code><\/pre><div class=\"gb-container gb-container-52dfcee1 gb-container-sample-file\"><h2 class=\"gb-headline gb-headline-e289c143 gb-headline-text gb-headline-4f7959c2\"> Excel dosyas\u0131n\u0131 al\u0131n<\/h2> <a class=\"gb-button gb-button-e88d6bee gb-button-text gb-button-button1\" href=\"https:\/\/exceladvisor.org\/wp-content\/uploads\/2023\/11\/9-comparer-deux-cellules.xlsx\" rel=\"nofollow\">\u0130ndirmek<\/a><\/div><div class=\"gb-container gb-container-0df56012 gb-container-mt\"> <a class=\"gb-button gb-button-f9f432f4 gb-button-text gb-button-mt-button\" href=\"https:\/\/exceladvisor.org\/tr\/formuller\/\">Excel form\u00fcllerinin listesi<\/a><h2 class=\"gb-headline gb-headline-233444e8 gb-headline-text gb-headline-mt-heading\"> \u0130lgili form\u00fcller <\/h2><div class=\"gb-grid-wrapper gb-grid-wrapper-a16fa65c gb-grid-wrapper-mt-grid\"><div class=\"gb-grid-column gb-grid-column-50d07e0d\"><div class=\"gb-container gb-container-50d07e0d\"><ul><li> <a href=\"https:\/\/exceladvisor.org\/tr\/kosullu-siralama-toplami-carpim-siralamasi-eger\/\">SUMproduct [RANKIF] \u0130\u015flevini Kullanarak Excel&#8217;de Ko\u015fullu S\u0131ralama<\/a><\/li><li> <a href=\"https:\/\/exceladvisor.org\/tr\/toplam-urundeki-durum\/\">SUMproduct IF Excel&#8217;de ko\u015fullu form\u00fcl olu\u015fturmak i\u00e7in<\/a> <\/li><\/ul><\/div><\/div><div class=\"gb-grid-column gb-grid-column-5b4a0cf9\"><div class=\"gb-container gb-container-5b4a0cf9\"><\/div><\/div><\/div><\/div>","protected":false},"excerpt":{"rendered":"","protected":false},"author":1,"featured_media":0,"parent":0,"menu_order":0,"comment_status":"open","ping_status":"closed","template":"","meta":{"ub_ctt_via":"","footnotes":""},"class_list":["post-1753","page","type-page","status-publish","hentry"],"featured_image_src":null,"yoast_head":"<!-- This site is optimized with the Yoast SEO plugin v25.4 - https:\/\/yoast.com\/wordpress\/plugins\/seo\/ -->\n<title>Excel&#039;de iki h\u00fccre nas\u0131l kar\u015f\u0131la\u015ft\u0131r\u0131l\u0131r? - Excel Dan\u0131\u015fman\u0131<\/title>\n<meta name=\"description\" content=\"Bu form\u00fcl e\u011fitiminde iki h\u00fccreyi birbiriyle nas\u0131l kar\u015f\u0131la\u015ft\u0131raca\u011f\u0131n\u0131z\u0131 \u00f6\u011freneceksiniz. Ayr\u0131ca bunun i\u00e7in bir fonksiyon da \u00f6\u011frenirsiniz...\" \/>\n<meta name=\"robots\" content=\"index, follow, max-snippet:-1, max-image-preview:large, max-video-preview:-1\" \/>\n<link rel=\"canonical\" href=\"https:\/\/exceladvisor.org\/tr\/iki-hucreyi-karsilastir\/\" \/>\n<meta property=\"og:locale\" content=\"tr_TR\" \/>\n<meta property=\"og:type\" content=\"article\" \/>\n<meta property=\"og:title\" content=\"Excel&#039;de iki h\u00fccre nas\u0131l kar\u015f\u0131la\u015ft\u0131r\u0131l\u0131r? - Excel Dan\u0131\u015fman\u0131\" \/>\n<meta property=\"og:description\" content=\"Bu form\u00fcl e\u011fitiminde iki h\u00fccreyi birbiriyle nas\u0131l kar\u015f\u0131la\u015ft\u0131raca\u011f\u0131n\u0131z\u0131 \u00f6\u011freneceksiniz. Ayr\u0131ca bunun i\u00e7in bir fonksiyon da \u00f6\u011frenirsiniz...\" \/>\n<meta property=\"og:url\" content=\"https:\/\/exceladvisor.org\/tr\/iki-hucreyi-karsilastir\/\" \/>\n<meta property=\"og:site_name\" content=\"Excel Advisor\" \/>\n<meta property=\"article:modified_time\" content=\"2023-12-10T06:01:08+00:00\" \/>\n<meta property=\"og:image\" content=\"https:\/\/exceladvisor.org\/wp-content\/uploads\/2023\/08\/1-comparer-deux-cellules.png\" \/>\n<meta name=\"twitter:card\" content=\"summary_large_image\" \/>\n<meta name=\"twitter:label1\" content=\"Tahmini okuma s\u00fcresi\" \/>\n\t<meta name=\"twitter:data1\" content=\"3 dakika\" \/>\n<script type=\"application\/ld+json\" class=\"yoast-schema-graph\">{\"@context\":\"https:\/\/schema.org\",\"@graph\":[{\"@type\":\"WebPage\",\"@id\":\"https:\/\/exceladvisor.org\/tr\/iki-hucreyi-karsilastir\/\",\"url\":\"https:\/\/exceladvisor.org\/tr\/iki-hucreyi-karsilastir\/\",\"name\":\"Excel&#39;de iki h\u00fccre nas\u0131l kar\u015f\u0131la\u015ft\u0131r\u0131l\u0131r? - Excel Dan\u0131\u015fman\u0131\",\"isPartOf\":{\"@id\":\"https:\/\/exceladvisor.org\/tr\/#website\"},\"primaryImageOfPage\":{\"@id\":\"https:\/\/exceladvisor.org\/tr\/iki-hucreyi-karsilastir\/#primaryimage\"},\"image\":{\"@id\":\"https:\/\/exceladvisor.org\/tr\/iki-hucreyi-karsilastir\/#primaryimage\"},\"thumbnailUrl\":\"https:\/\/exceladvisor.org\/wp-content\/uploads\/2023\/08\/1-comparer-deux-cellules.png\",\"datePublished\":\"2023-11-06T23:45:43+00:00\",\"dateModified\":\"2023-12-10T06:01:08+00:00\",\"description\":\"Bu form\u00fcl e\u011fitiminde iki h\u00fccreyi birbiriyle nas\u0131l kar\u015f\u0131la\u015ft\u0131raca\u011f\u0131n\u0131z\u0131 \u00f6\u011freneceksiniz. Ayr\u0131ca bunun i\u00e7in bir fonksiyon da \u00f6\u011frenirsiniz...\",\"breadcrumb\":{\"@id\":\"https:\/\/exceladvisor.org\/tr\/iki-hucreyi-karsilastir\/#breadcrumb\"},\"inLanguage\":\"tr\",\"potentialAction\":[{\"@type\":\"ReadAction\",\"target\":[\"https:\/\/exceladvisor.org\/tr\/iki-hucreyi-karsilastir\/\"]}]},{\"@type\":\"ImageObject\",\"inLanguage\":\"tr\",\"@id\":\"https:\/\/exceladvisor.org\/tr\/iki-hucreyi-karsilastir\/#primaryimage\",\"url\":\"https:\/\/exceladvisor.org\/wp-content\/uploads\/2023\/08\/1-comparer-deux-cellules.png\",\"contentUrl\":\"https:\/\/exceladvisor.org\/wp-content\/uploads\/2023\/08\/1-comparer-deux-cellules.png\"},{\"@type\":\"BreadcrumbList\",\"@id\":\"https:\/\/exceladvisor.org\/tr\/iki-hucreyi-karsilastir\/#breadcrumb\",\"itemListElement\":[{\"@type\":\"ListItem\",\"position\":1,\"name\":\"Ev\",\"item\":\"https:\/\/exceladvisor.org\/tr\/\"},{\"@type\":\"ListItem\",\"position\":2,\"name\":\"Excel&#39;de iki h\u00fccre nas\u0131l kar\u015f\u0131la\u015ft\u0131r\u0131l\u0131r?\"}]},{\"@type\":\"WebSite\",\"@id\":\"https:\/\/exceladvisor.org\/tr\/#website\",\"url\":\"https:\/\/exceladvisor.org\/tr\/\",\"name\":\"Excel Advisor\",\"description\":\"Veri hakimiyetine y\u00f6nelik nihai rehberiniz!\",\"publisher\":{\"@id\":\"https:\/\/exceladvisor.org\/tr\/#organization\"},\"potentialAction\":[{\"@type\":\"SearchAction\",\"target\":{\"@type\":\"EntryPoint\",\"urlTemplate\":\"https:\/\/exceladvisor.org\/tr\/?s={search_term_string}\"},\"query-input\":{\"@type\":\"PropertyValueSpecification\",\"valueRequired\":true,\"valueName\":\"search_term_string\"}}],\"inLanguage\":\"tr\"},{\"@type\":\"Organization\",\"@id\":\"https:\/\/exceladvisor.org\/tr\/#organization\",\"name\":\"Excel Advisor\",\"url\":\"https:\/\/exceladvisor.org\/tr\/\",\"logo\":{\"@type\":\"ImageObject\",\"inLanguage\":\"tr\",\"@id\":\"https:\/\/exceladvisor.org\/tr\/#\/schema\/logo\/image\/\",\"url\":\"https:\/\/exceladvisor.org\/tr\/wp-content\/uploads\/2023\/12\/exceladvisor.org_.png\",\"contentUrl\":\"https:\/\/exceladvisor.org\/tr\/wp-content\/uploads\/2023\/12\/exceladvisor.org_.png\",\"width\":105,\"height\":36,\"caption\":\"Excel Advisor\"},\"image\":{\"@id\":\"https:\/\/exceladvisor.org\/tr\/#\/schema\/logo\/image\/\"}}]}<\/script>\n<!-- \/ Yoast SEO plugin. -->","yoast_head_json":{"title":"Excel&#39;de iki h\u00fccre nas\u0131l kar\u015f\u0131la\u015ft\u0131r\u0131l\u0131r? - Excel Dan\u0131\u015fman\u0131","description":"Bu form\u00fcl e\u011fitiminde iki h\u00fccreyi birbiriyle nas\u0131l kar\u015f\u0131la\u015ft\u0131raca\u011f\u0131n\u0131z\u0131 \u00f6\u011freneceksiniz. Ayr\u0131ca bunun i\u00e7in bir fonksiyon da \u00f6\u011frenirsiniz...","robots":{"index":"index","follow":"follow","max-snippet":"max-snippet:-1","max-image-preview":"max-image-preview:large","max-video-preview":"max-video-preview:-1"},"canonical":"https:\/\/exceladvisor.org\/tr\/iki-hucreyi-karsilastir\/","og_locale":"tr_TR","og_type":"article","og_title":"Excel&#39;de iki h\u00fccre nas\u0131l kar\u015f\u0131la\u015ft\u0131r\u0131l\u0131r? - Excel Dan\u0131\u015fman\u0131","og_description":"Bu form\u00fcl e\u011fitiminde iki h\u00fccreyi birbiriyle nas\u0131l kar\u015f\u0131la\u015ft\u0131raca\u011f\u0131n\u0131z\u0131 \u00f6\u011freneceksiniz. Ayr\u0131ca bunun i\u00e7in bir fonksiyon da \u00f6\u011frenirsiniz...","og_url":"https:\/\/exceladvisor.org\/tr\/iki-hucreyi-karsilastir\/","og_site_name":"Excel Advisor","article_modified_time":"2023-12-10T06:01:08+00:00","og_image":[{"url":"https:\/\/exceladvisor.org\/wp-content\/uploads\/2023\/08\/1-comparer-deux-cellules.png","type":"","width":"","height":""}],"twitter_card":"summary_large_image","twitter_misc":{"Tahmini okuma s\u00fcresi":"3 dakika"},"schema":{"@context":"https:\/\/schema.org","@graph":[{"@type":"WebPage","@id":"https:\/\/exceladvisor.org\/tr\/iki-hucreyi-karsilastir\/","url":"https:\/\/exceladvisor.org\/tr\/iki-hucreyi-karsilastir\/","name":"Excel&#39;de iki h\u00fccre nas\u0131l kar\u015f\u0131la\u015ft\u0131r\u0131l\u0131r? - Excel Dan\u0131\u015fman\u0131","isPartOf":{"@id":"https:\/\/exceladvisor.org\/tr\/#website"},"primaryImageOfPage":{"@id":"https:\/\/exceladvisor.org\/tr\/iki-hucreyi-karsilastir\/#primaryimage"},"image":{"@id":"https:\/\/exceladvisor.org\/tr\/iki-hucreyi-karsilastir\/#primaryimage"},"thumbnailUrl":"https:\/\/exceladvisor.org\/wp-content\/uploads\/2023\/08\/1-comparer-deux-cellules.png","datePublished":"2023-11-06T23:45:43+00:00","dateModified":"2023-12-10T06:01:08+00:00","description":"Bu form\u00fcl e\u011fitiminde iki h\u00fccreyi birbiriyle nas\u0131l kar\u015f\u0131la\u015ft\u0131raca\u011f\u0131n\u0131z\u0131 \u00f6\u011freneceksiniz. Ayr\u0131ca bunun i\u00e7in bir fonksiyon da \u00f6\u011frenirsiniz...","breadcrumb":{"@id":"https:\/\/exceladvisor.org\/tr\/iki-hucreyi-karsilastir\/#breadcrumb"},"inLanguage":"tr","potentialAction":[{"@type":"ReadAction","target":["https:\/\/exceladvisor.org\/tr\/iki-hucreyi-karsilastir\/"]}]},{"@type":"ImageObject","inLanguage":"tr","@id":"https:\/\/exceladvisor.org\/tr\/iki-hucreyi-karsilastir\/#primaryimage","url":"https:\/\/exceladvisor.org\/wp-content\/uploads\/2023\/08\/1-comparer-deux-cellules.png","contentUrl":"https:\/\/exceladvisor.org\/wp-content\/uploads\/2023\/08\/1-comparer-deux-cellules.png"},{"@type":"BreadcrumbList","@id":"https:\/\/exceladvisor.org\/tr\/iki-hucreyi-karsilastir\/#breadcrumb","itemListElement":[{"@type":"ListItem","position":1,"name":"Ev","item":"https:\/\/exceladvisor.org\/tr\/"},{"@type":"ListItem","position":2,"name":"Excel&#39;de iki h\u00fccre nas\u0131l kar\u015f\u0131la\u015ft\u0131r\u0131l\u0131r?"}]},{"@type":"WebSite","@id":"https:\/\/exceladvisor.org\/tr\/#website","url":"https:\/\/exceladvisor.org\/tr\/","name":"Excel Advisor","description":"Veri hakimiyetine y\u00f6nelik nihai rehberiniz!","publisher":{"@id":"https:\/\/exceladvisor.org\/tr\/#organization"},"potentialAction":[{"@type":"SearchAction","target":{"@type":"EntryPoint","urlTemplate":"https:\/\/exceladvisor.org\/tr\/?s={search_term_string}"},"query-input":{"@type":"PropertyValueSpecification","valueRequired":true,"valueName":"search_term_string"}}],"inLanguage":"tr"},{"@type":"Organization","@id":"https:\/\/exceladvisor.org\/tr\/#organization","name":"Excel Advisor","url":"https:\/\/exceladvisor.org\/tr\/","logo":{"@type":"ImageObject","inLanguage":"tr","@id":"https:\/\/exceladvisor.org\/tr\/#\/schema\/logo\/image\/","url":"https:\/\/exceladvisor.org\/tr\/wp-content\/uploads\/2023\/12\/exceladvisor.org_.png","contentUrl":"https:\/\/exceladvisor.org\/tr\/wp-content\/uploads\/2023\/12\/exceladvisor.org_.png","width":105,"height":36,"caption":"Excel Advisor"},"image":{"@id":"https:\/\/exceladvisor.org\/tr\/#\/schema\/logo\/image\/"}}]}},"yoast_meta":{"yoast_wpseo_title":"","yoast_wpseo_metadesc":"","yoast_wpseo_canonical":""},"_links":{"self":[{"href":"https:\/\/exceladvisor.org\/tr\/wp-json\/wp\/v2\/pages\/1753","targetHints":{"allow":["GET"]}}],"collection":[{"href":"https:\/\/exceladvisor.org\/tr\/wp-json\/wp\/v2\/pages"}],"about":[{"href":"https:\/\/exceladvisor.org\/tr\/wp-json\/wp\/v2\/types\/page"}],"author":[{"embeddable":true,"href":"https:\/\/exceladvisor.org\/tr\/wp-json\/wp\/v2\/users\/1"}],"replies":[{"embeddable":true,"href":"https:\/\/exceladvisor.org\/tr\/wp-json\/wp\/v2\/comments?post=1753"}],"version-history":[{"count":1,"href":"https:\/\/exceladvisor.org\/tr\/wp-json\/wp\/v2\/pages\/1753\/revisions"}],"predecessor-version":[{"id":2477,"href":"https:\/\/exceladvisor.org\/tr\/wp-json\/wp\/v2\/pages\/1753\/revisions\/2477"}],"wp:attachment":[{"href":"https:\/\/exceladvisor.org\/tr\/wp-json\/wp\/v2\/media?parent=1753"}],"curies":[{"name":"wp","href":"https:\/\/api.w.org\/{rel}","templated":true}]}}