{"id":1754,"date":"2023-11-06T23:37:18","date_gmt":"2023-11-06T23:37:18","guid":{"rendered":"https:\/\/exceladvisor.org\/tr\/en-yakin-binlige-yuvarlama\/"},"modified":"2023-12-10T05:58:59","modified_gmt":"2023-12-10T05:58:59","slug":"en-yakin-binlige-yuvarlama","status":"publish","type":"page","link":"https:\/\/exceladvisor.org\/tr\/en-yakin-binlige-yuvarlama\/","title":{"rendered":"Bir say\u0131 en yak\u0131n 100 ve 10&#39;a nas\u0131l yuvarlan\u0131r?"},"content":{"rendered":"<div class=\"excel-icerikten-once\" id=\"excel-656396153\"><script type=\"text\/javascript\">\r\n\tatOptions = {\r\n\t\t'key' : 'c1158f160081d6540a8409e6925dab94',\r\n\t\t'format' : 'iframe',\r\n\t\t'height' : 250,\r\n\t\t'width' : 300,\r\n\t\t'params' : {}\r\n\t};\r\n<\/script>\r\n<script type=\"text\/javascript\" src=\"\/\/www.highperformanceformat.com\/c1158f160081d6540a8409e6925dab94\/invoke.js\"><\/script><\/div> <p>\u0130statistiksel verilerle \u00e7al\u0131\u015fan veya \u00e7ok say\u0131da veriyi analiz eden ki\u015filerden biriyseniz bu form\u00fcl size bir\u00e7ok a\u00e7\u0131dan faydal\u0131 olabilir. Burada bir say\u0131y\u0131 en yak\u0131n 1000, 100 ve 10&#8217;a yuvarlamay\u0131 \u00f6\u011frenece\u011fiz.<\/p><h2 class=\"wp-block-heading\"> Bir say\u0131y\u0131 en yak\u0131n binli\u011fe yuvarlama<\/h2><p> Excel&#8217;de bir say\u0131y\u0131 en yak\u0131n binli\u011fe yuvarlamak i\u00e7in kullanabilece\u011finiz YUVARLA ad\u0131 verilen bir i\u015flev vard\u0131r. Burada &#8220;123456789&#8221; numaram var ve bu say\u0131y\u0131 yuvarlamak istiyorum. <\/p><div class=\"wp-block-image\"><figure class=\"aligncenter size-full is-resized\"><img loading=\"lazy\" decoding=\"async\" class=\"wp-image-67143\" src=\"https:\/\/exceladvisor.org\/wp-content\/uploads\/2023\/08\/1-cellule-avec-valeur-numerique.png\" sizes=\"auto, \" srcset=\"\" alt=\"say\u0131sal de\u011feri olan h\u00fccre\" width=\"457\" height=\"175\"><\/figure><\/div><p> A\u015fa\u011f\u0131daki ad\u0131mlar\u0131 kullanabilirsiniz.<\/p><ol type=\"1\"><li> \u00d6ncelikle B1 <a href=\"https:\/\/exceladvisor.org\/tr\/hucreyi-duzenle\/\">h\u00fccresini d\u00fczenleyin<\/a> ve YUVARLAK i\u015flevini \u201c=YUVARLAK(\u201c) yazmaya ba\u015flay\u0131n.<\/li><li> \u015eimdi yuvarlamak istedi\u011finiz say\u0131n\u0131n bulundu\u011fu A1 h\u00fccresine bak\u0131n.<\/li><li> Daha sonra ikinci ba\u011f\u0131ms\u0131z de\u011fi\u015fkene -3 girin.<\/li><li> Sonunda kapan\u0131\u015f parantezini girin ve sonucu almak i\u00e7in Enter tu\u015funa bas\u0131n. <\/li><\/ol><div class=\"wp-block-image\"><figure class=\"aligncenter size-full is-resized\"><img loading=\"lazy\" decoding=\"async\" class=\"wp-image-67144\" src=\"https:\/\/exceladvisor.org\/wp-content\/uploads\/2023\/08\/2-fonction-darrondi-au-1000-le-plus-proche.png\" sizes=\"auto, \" srcset=\"\" alt=\"en yak\u0131n 1000'e yuvarlama i\u015flevi\" width=\"522\" height=\"209\"><\/figure><\/div><pre class=\"wp-block-code\"> <code class=\"language-excel-formula\" lang=\"excel-formula\">=ROUND(A1,-3)<\/code><\/pre><p> Enter tu\u015funa bast\u0131\u011f\u0131n\u0131z anda 123457000 de\u011ferini d\u00f6nd\u00fcr\u00fcr ve bu say\u0131 daha sonra 123456789&#8217;un 1000 versiyonuna yuvarlan\u0131r. Son d\u00f6rt rakam\u0131 6789 oldu\u011fundan 7000&#8217;e yuvarlanm\u0131\u015ft\u0131r. <\/p><div class=\"wp-block-image\"><figure class=\"aligncenter size-full is-resized\"><img loading=\"lazy\" decoding=\"async\" class=\"wp-image-67145\" src=\"https:\/\/exceladvisor.org\/wp-content\/uploads\/2023\/08\/Resultat-de-la-fonction-3-tours.png\" sizes=\"auto, \" srcset=\"\" alt=\"yuvarlak fonksiyonun sonucu\" width=\"544\" height=\"178\"><\/figure><\/div><p> Ancak bu say\u0131y\u0131 123456489 olarak de\u011fi\u015ftirirseniz (sonunda 6489 var), ayn\u0131 i\u015flev onu 123456000&#8217;e yuvarlar. <\/p><div class=\"wp-block-image\"><figure class=\"aligncenter size-full is-resized\"><img loading=\"lazy\" decoding=\"async\" class=\"wp-image-67146\" src=\"https:\/\/exceladvisor.org\/wp-content\/uploads\/2023\/08\/4-types-de-resultats-de-fonction-ronde.png\" sizes=\"auto, \" srcset=\"\" alt=\"yuvarlak i\u015flev sonu\u00e7 t\u00fcrleri\" width=\"534\" height=\"192\"><\/figure><\/div><p> YUVARLA i\u015flevi say\u0131n\u0131n hangi tarafa yuvarlanmas\u0131 gerekti\u011fini belirleyecek kadar ak\u0131ll\u0131d\u0131r. Ancak bazen bir say\u0131y\u0131 en yak\u0131n binli\u011fe kadar a\u015fa\u011f\u0131 veya yukar\u0131 yuvarlaman\u0131z gerekebilir.<\/p><pre class=\"wp-block-code\"> <code class=\"language-excel-formula\" lang=\"excel-formula\">=ROUNDDOWN(123456789,-3) = 123456000 =ROUNDUP(123456489,-3) = 123457000<\/code><\/pre><h2 class=\"wp-block-heading\"> Bir say\u0131y\u0131 en yak\u0131n binli\u011fe yuvarlaman\u0131n di\u011fer y\u00f6ntemleri<\/h2><p> Bunu kullanman\u0131n birka\u00e7 yolu vard\u0131r:<\/p><ul><li> <strong>KAT i\u015flevi<\/strong> : KAT(123456789,1000) = 123457000<ul><li> Bu fonksiyonda, pozitif bir say\u0131y\u0131 yuvarlamak i\u00e7in pozitif 1000&#8217;i, negatif bir say\u0131y\u0131 yuvarlamak i\u00e7in ise negatif -1000&#8217;i kullanman\u0131z gerekir.<\/li><\/ul><\/li><li> <strong>TAVAN Fonksiyonu<\/strong> : TAVAN (C1,1000) = 123457000<ul><li> Bu fonksiyonda, pozitif bir say\u0131y\u0131 yuvarlamak i\u00e7in pozitif 1000&#8217;i, negatif bir say\u0131y\u0131 yuvarlamak i\u00e7in ise negatif -1000&#8217;i kullanman\u0131z gerekir.<\/li><\/ul><\/li><\/ul><h2 class=\"wp-block-heading\"> Bir say\u0131y\u0131 en yak\u0131n 100&#8217;e yuvarlama<\/h2><p> Benzer \u015fekilde, bir say\u0131y\u0131 en yak\u0131n y\u00fczl\u00fc\u011fe yuvarlamak i\u00e7in YUVARLA i\u015flevini kullanabilirsiniz. Bunu yapmak i\u00e7in say\u0131_rakam ba\u011f\u0131ms\u0131z de\u011fi\u015fkeninde -2&#8217;yi kullanman\u0131z yeterlidir. <\/p><pre class=\"wp-block-code\"> <code class=\"language-excel-formula\" lang=\"excel-formula\">=ROUND(A1,-2)<\/code><\/pre><div class=\"wp-block-image\"><figure class=\"aligncenter size-full is-resized\"><img loading=\"lazy\" decoding=\"async\" class=\"wp-image-67147\" src=\"https:\/\/exceladvisor.org\/wp-content\/uploads\/2023\/08\/5-arrondir-un-nombre-au-100-le-plus-proche.png\" sizes=\"auto, \" srcset=\"\" alt=\"en yak\u0131n 100'e yuvarlanm\u0131\u015f say\u0131\" width=\"466\" height=\"201\"><\/figure><\/div><h2 class=\"wp-block-heading\"> Bir say\u0131y\u0131 en yak\u0131n 10&#8217;a yuvarlamak<\/h2><p> Ve bir say\u0131y\u0131 en yak\u0131n onlu\u011fa yuvarlamak istiyorsan\u0131z YUVARLA fonksiyonunu a\u015fa\u011f\u0131daki \u015fekilde kullan\u0131rs\u0131n\u0131z. <\/p><div class=\"wp-block-image\"><figure class=\"aligncenter size-full is-resized\"><img loading=\"lazy\" decoding=\"async\" class=\"wp-image-67148\" src=\"https:\/\/exceladvisor.org\/wp-content\/uploads\/2023\/08\/6-arrondir-un-nombre-au-10-le-plus-proche.png\" sizes=\"auto, \" srcset=\"\" alt=\"bir say\u0131y\u0131 en yak\u0131n 10'a yuvarlamak\" width=\"483\" height=\"189\"><\/figure><\/div><pre class=\"wp-block-code\"> <code class=\"language-excel-formula\" lang=\"excel-formula\">=ROUND(A1,-1)<\/code><\/pre><div class=\"gb-container gb-container-52dfcee1 gb-container-sample-file\"><h2 class=\"gb-headline gb-headline-e289c143 gb-headline-text gb-headline-4f7959c2\"> Excel dosyas\u0131n\u0131 al\u0131n<\/h2><p> <a class=\"gb-button gb-button-e88d6bee gb-button-text gb-button-button1\" href=\"https:\/\/exceladvisor.org\/wp-content\/uploads\/2023\/11\/arrondir-au-millier-le-plus-proche-100-10.xlsx\" rel=\"nofollow\">\u0130ndirmek<\/a><\/p><\/div><div class=\"gb-container gb-container-0df56012 gb-container-mt\"> <a class=\"gb-button gb-button-f9f432f4 gb-button-text gb-button-mt-button\" href=\"https:\/\/exceladvisor.org\/tr\/formuller\/\">Excel form\u00fcllerinin listesi<\/a><h2 class=\"gb-headline gb-headline-233444e8 gb-headline-text gb-headline-mt-heading\"> \u0130lgili form\u00fcller <\/h2><div class=\"gb-grid-wrapper gb-grid-wrapper-a16fa65c gb-grid-wrapper-mt-grid\"><div class=\"gb-grid-column gb-grid-column-50d07e0d\"><div class=\"gb-container gb-container-50d07e0d\"><ul><li> <a href=\"https:\/\/exceladvisor.org\/tr\/en-yakin-5e-yuvarlama\/\">Excel&#8217;de en yak\u0131n 0,5, 5,50 (A\u015fa\u011f\u0131-Yukar\u0131) de\u011ferine yuvarlama<\/a><\/li><li> <a href=\"https:\/\/exceladvisor.org\/tr\/yuvarlak-yuzde-2\/\">Yuvarlak de\u011ferlerin y\u00fczdesi<\/a> <\/li><\/ul><\/div><\/div><div class=\"gb-grid-column gb-grid-column-5b4a0cf9\"><div class=\"gb-container gb-container-5b4a0cf9\"><\/div><\/div><\/div><\/div>","protected":false},"excerpt":{"rendered":"","protected":false},"author":1,"featured_media":0,"parent":0,"menu_order":0,"comment_status":"open","ping_status":"closed","template":"","meta":{"ub_ctt_via":"","footnotes":""},"class_list":["post-1754","page","type-page","status-publish","hentry"],"featured_image_src":null,"yoast_head":"<!-- This site is optimized with the Yoast SEO plugin v25.4 - https:\/\/yoast.com\/wordpress\/plugins\/seo\/ -->\n<title>Bir say\u0131 en yak\u0131n 100 ve 10&#039;a nas\u0131l yuvarlan\u0131r?<\/title>\n<meta name=\"description\" content=\"Bu derste, bir say\u0131y\u0131 Excel&#039;de en yak\u0131n 1000, 100 ve 10&#039;a yuvarlaman\u0131n farkl\u0131 yollar\u0131n\u0131 \u00f6\u011freneceksiniz.\" \/>\n<meta name=\"robots\" content=\"index, follow, max-snippet:-1, max-image-preview:large, max-video-preview:-1\" \/>\n<link rel=\"canonical\" href=\"https:\/\/exceladvisor.org\/tr\/en-yakin-binlige-yuvarlama\/\" \/>\n<meta property=\"og:locale\" content=\"tr_TR\" \/>\n<meta property=\"og:type\" content=\"article\" \/>\n<meta property=\"og:title\" content=\"Bir say\u0131 en yak\u0131n 100 ve 10&#039;a nas\u0131l yuvarlan\u0131r?\" \/>\n<meta property=\"og:description\" content=\"Bu derste, bir say\u0131y\u0131 Excel&#039;de en yak\u0131n 1000, 100 ve 10&#039;a yuvarlaman\u0131n farkl\u0131 yollar\u0131n\u0131 \u00f6\u011freneceksiniz.\" \/>\n<meta property=\"og:url\" content=\"https:\/\/exceladvisor.org\/tr\/en-yakin-binlige-yuvarlama\/\" \/>\n<meta property=\"og:site_name\" content=\"Excel Advisor\" \/>\n<meta property=\"article:modified_time\" content=\"2023-12-10T05:58:59+00:00\" \/>\n<meta property=\"og:image\" content=\"https:\/\/exceladvisor.org\/wp-content\/uploads\/2023\/08\/1-cellule-avec-valeur-numerique.png\" \/>\n<meta name=\"twitter:card\" content=\"summary_large_image\" \/>\n<meta name=\"twitter:label1\" content=\"Tahmini okuma s\u00fcresi\" \/>\n\t<meta name=\"twitter:data1\" content=\"2 dakika\" \/>\n<script type=\"application\/ld+json\" class=\"yoast-schema-graph\">{\"@context\":\"https:\/\/schema.org\",\"@graph\":[{\"@type\":\"WebPage\",\"@id\":\"https:\/\/exceladvisor.org\/tr\/en-yakin-binlige-yuvarlama\/\",\"url\":\"https:\/\/exceladvisor.org\/tr\/en-yakin-binlige-yuvarlama\/\",\"name\":\"Bir say\u0131 en yak\u0131n 100 ve 10&#39;a nas\u0131l yuvarlan\u0131r?\",\"isPartOf\":{\"@id\":\"https:\/\/exceladvisor.org\/tr\/#website\"},\"primaryImageOfPage\":{\"@id\":\"https:\/\/exceladvisor.org\/tr\/en-yakin-binlige-yuvarlama\/#primaryimage\"},\"image\":{\"@id\":\"https:\/\/exceladvisor.org\/tr\/en-yakin-binlige-yuvarlama\/#primaryimage\"},\"thumbnailUrl\":\"https:\/\/exceladvisor.org\/wp-content\/uploads\/2023\/08\/1-cellule-avec-valeur-numerique.png\",\"datePublished\":\"2023-11-06T23:37:18+00:00\",\"dateModified\":\"2023-12-10T05:58:59+00:00\",\"description\":\"Bu derste, bir say\u0131y\u0131 Excel&#39;de en yak\u0131n 1000, 100 ve 10&#39;a yuvarlaman\u0131n farkl\u0131 yollar\u0131n\u0131 \u00f6\u011freneceksiniz.\",\"breadcrumb\":{\"@id\":\"https:\/\/exceladvisor.org\/tr\/en-yakin-binlige-yuvarlama\/#breadcrumb\"},\"inLanguage\":\"tr\",\"potentialAction\":[{\"@type\":\"ReadAction\",\"target\":[\"https:\/\/exceladvisor.org\/tr\/en-yakin-binlige-yuvarlama\/\"]}]},{\"@type\":\"ImageObject\",\"inLanguage\":\"tr\",\"@id\":\"https:\/\/exceladvisor.org\/tr\/en-yakin-binlige-yuvarlama\/#primaryimage\",\"url\":\"https:\/\/exceladvisor.org\/wp-content\/uploads\/2023\/08\/1-cellule-avec-valeur-numerique.png\",\"contentUrl\":\"https:\/\/exceladvisor.org\/wp-content\/uploads\/2023\/08\/1-cellule-avec-valeur-numerique.png\"},{\"@type\":\"BreadcrumbList\",\"@id\":\"https:\/\/exceladvisor.org\/tr\/en-yakin-binlige-yuvarlama\/#breadcrumb\",\"itemListElement\":[{\"@type\":\"ListItem\",\"position\":1,\"name\":\"Ev\",\"item\":\"https:\/\/exceladvisor.org\/tr\/\"},{\"@type\":\"ListItem\",\"position\":2,\"name\":\"Bir say\u0131 en yak\u0131n 100 ve 10&#39;a nas\u0131l yuvarlan\u0131r?\"}]},{\"@type\":\"WebSite\",\"@id\":\"https:\/\/exceladvisor.org\/tr\/#website\",\"url\":\"https:\/\/exceladvisor.org\/tr\/\",\"name\":\"Excel Advisor\",\"description\":\"Veri hakimiyetine y\u00f6nelik nihai rehberiniz!\",\"publisher\":{\"@id\":\"https:\/\/exceladvisor.org\/tr\/#organization\"},\"potentialAction\":[{\"@type\":\"SearchAction\",\"target\":{\"@type\":\"EntryPoint\",\"urlTemplate\":\"https:\/\/exceladvisor.org\/tr\/?s={search_term_string}\"},\"query-input\":{\"@type\":\"PropertyValueSpecification\",\"valueRequired\":true,\"valueName\":\"search_term_string\"}}],\"inLanguage\":\"tr\"},{\"@type\":\"Organization\",\"@id\":\"https:\/\/exceladvisor.org\/tr\/#organization\",\"name\":\"Excel Advisor\",\"url\":\"https:\/\/exceladvisor.org\/tr\/\",\"logo\":{\"@type\":\"ImageObject\",\"inLanguage\":\"tr\",\"@id\":\"https:\/\/exceladvisor.org\/tr\/#\/schema\/logo\/image\/\",\"url\":\"https:\/\/exceladvisor.org\/tr\/wp-content\/uploads\/2023\/12\/exceladvisor.org_.png\",\"contentUrl\":\"https:\/\/exceladvisor.org\/tr\/wp-content\/uploads\/2023\/12\/exceladvisor.org_.png\",\"width\":105,\"height\":36,\"caption\":\"Excel Advisor\"},\"image\":{\"@id\":\"https:\/\/exceladvisor.org\/tr\/#\/schema\/logo\/image\/\"}}]}<\/script>\n<!-- \/ Yoast SEO plugin. -->","yoast_head_json":{"title":"Bir say\u0131 en yak\u0131n 100 ve 10&#39;a nas\u0131l yuvarlan\u0131r?","description":"Bu derste, bir say\u0131y\u0131 Excel&#39;de en yak\u0131n 1000, 100 ve 10&#39;a yuvarlaman\u0131n farkl\u0131 yollar\u0131n\u0131 \u00f6\u011freneceksiniz.","robots":{"index":"index","follow":"follow","max-snippet":"max-snippet:-1","max-image-preview":"max-image-preview:large","max-video-preview":"max-video-preview:-1"},"canonical":"https:\/\/exceladvisor.org\/tr\/en-yakin-binlige-yuvarlama\/","og_locale":"tr_TR","og_type":"article","og_title":"Bir say\u0131 en yak\u0131n 100 ve 10&#39;a nas\u0131l yuvarlan\u0131r?","og_description":"Bu derste, bir say\u0131y\u0131 Excel&#39;de en yak\u0131n 1000, 100 ve 10&#39;a yuvarlaman\u0131n farkl\u0131 yollar\u0131n\u0131 \u00f6\u011freneceksiniz.","og_url":"https:\/\/exceladvisor.org\/tr\/en-yakin-binlige-yuvarlama\/","og_site_name":"Excel Advisor","article_modified_time":"2023-12-10T05:58:59+00:00","og_image":[{"url":"https:\/\/exceladvisor.org\/wp-content\/uploads\/2023\/08\/1-cellule-avec-valeur-numerique.png","type":"","width":"","height":""}],"twitter_card":"summary_large_image","twitter_misc":{"Tahmini okuma s\u00fcresi":"2 dakika"},"schema":{"@context":"https:\/\/schema.org","@graph":[{"@type":"WebPage","@id":"https:\/\/exceladvisor.org\/tr\/en-yakin-binlige-yuvarlama\/","url":"https:\/\/exceladvisor.org\/tr\/en-yakin-binlige-yuvarlama\/","name":"Bir say\u0131 en yak\u0131n 100 ve 10&#39;a nas\u0131l yuvarlan\u0131r?","isPartOf":{"@id":"https:\/\/exceladvisor.org\/tr\/#website"},"primaryImageOfPage":{"@id":"https:\/\/exceladvisor.org\/tr\/en-yakin-binlige-yuvarlama\/#primaryimage"},"image":{"@id":"https:\/\/exceladvisor.org\/tr\/en-yakin-binlige-yuvarlama\/#primaryimage"},"thumbnailUrl":"https:\/\/exceladvisor.org\/wp-content\/uploads\/2023\/08\/1-cellule-avec-valeur-numerique.png","datePublished":"2023-11-06T23:37:18+00:00","dateModified":"2023-12-10T05:58:59+00:00","description":"Bu derste, bir say\u0131y\u0131 Excel&#39;de en yak\u0131n 1000, 100 ve 10&#39;a yuvarlaman\u0131n farkl\u0131 yollar\u0131n\u0131 \u00f6\u011freneceksiniz.","breadcrumb":{"@id":"https:\/\/exceladvisor.org\/tr\/en-yakin-binlige-yuvarlama\/#breadcrumb"},"inLanguage":"tr","potentialAction":[{"@type":"ReadAction","target":["https:\/\/exceladvisor.org\/tr\/en-yakin-binlige-yuvarlama\/"]}]},{"@type":"ImageObject","inLanguage":"tr","@id":"https:\/\/exceladvisor.org\/tr\/en-yakin-binlige-yuvarlama\/#primaryimage","url":"https:\/\/exceladvisor.org\/wp-content\/uploads\/2023\/08\/1-cellule-avec-valeur-numerique.png","contentUrl":"https:\/\/exceladvisor.org\/wp-content\/uploads\/2023\/08\/1-cellule-avec-valeur-numerique.png"},{"@type":"BreadcrumbList","@id":"https:\/\/exceladvisor.org\/tr\/en-yakin-binlige-yuvarlama\/#breadcrumb","itemListElement":[{"@type":"ListItem","position":1,"name":"Ev","item":"https:\/\/exceladvisor.org\/tr\/"},{"@type":"ListItem","position":2,"name":"Bir say\u0131 en yak\u0131n 100 ve 10&#39;a nas\u0131l yuvarlan\u0131r?"}]},{"@type":"WebSite","@id":"https:\/\/exceladvisor.org\/tr\/#website","url":"https:\/\/exceladvisor.org\/tr\/","name":"Excel Advisor","description":"Veri hakimiyetine y\u00f6nelik nihai rehberiniz!","publisher":{"@id":"https:\/\/exceladvisor.org\/tr\/#organization"},"potentialAction":[{"@type":"SearchAction","target":{"@type":"EntryPoint","urlTemplate":"https:\/\/exceladvisor.org\/tr\/?s={search_term_string}"},"query-input":{"@type":"PropertyValueSpecification","valueRequired":true,"valueName":"search_term_string"}}],"inLanguage":"tr"},{"@type":"Organization","@id":"https:\/\/exceladvisor.org\/tr\/#organization","name":"Excel Advisor","url":"https:\/\/exceladvisor.org\/tr\/","logo":{"@type":"ImageObject","inLanguage":"tr","@id":"https:\/\/exceladvisor.org\/tr\/#\/schema\/logo\/image\/","url":"https:\/\/exceladvisor.org\/tr\/wp-content\/uploads\/2023\/12\/exceladvisor.org_.png","contentUrl":"https:\/\/exceladvisor.org\/tr\/wp-content\/uploads\/2023\/12\/exceladvisor.org_.png","width":105,"height":36,"caption":"Excel Advisor"},"image":{"@id":"https:\/\/exceladvisor.org\/tr\/#\/schema\/logo\/image\/"}}]}},"yoast_meta":{"yoast_wpseo_title":"","yoast_wpseo_metadesc":"","yoast_wpseo_canonical":""},"_links":{"self":[{"href":"https:\/\/exceladvisor.org\/tr\/wp-json\/wp\/v2\/pages\/1754","targetHints":{"allow":["GET"]}}],"collection":[{"href":"https:\/\/exceladvisor.org\/tr\/wp-json\/wp\/v2\/pages"}],"about":[{"href":"https:\/\/exceladvisor.org\/tr\/wp-json\/wp\/v2\/types\/page"}],"author":[{"embeddable":true,"href":"https:\/\/exceladvisor.org\/tr\/wp-json\/wp\/v2\/users\/1"}],"replies":[{"embeddable":true,"href":"https:\/\/exceladvisor.org\/tr\/wp-json\/wp\/v2\/comments?post=1754"}],"version-history":[{"count":1,"href":"https:\/\/exceladvisor.org\/tr\/wp-json\/wp\/v2\/pages\/1754\/revisions"}],"predecessor-version":[{"id":2287,"href":"https:\/\/exceladvisor.org\/tr\/wp-json\/wp\/v2\/pages\/1754\/revisions\/2287"}],"wp:attachment":[{"href":"https:\/\/exceladvisor.org\/tr\/wp-json\/wp\/v2\/media?parent=1754"}],"curies":[{"name":"wp","href":"https:\/\/api.w.org\/{rel}","templated":true}]}}