{"id":1755,"date":"2023-11-06T23:16:52","date_gmt":"2023-11-06T23:16:52","guid":{"rendered":"https:\/\/exceladvisor.org\/tr\/hatalari-gormezden-gel\/"},"modified":"2023-12-10T06:03:43","modified_gmt":"2023-12-10T06:03:43","slug":"hatalari-gormezden-gel","status":"publish","type":"page","link":"https:\/\/exceladvisor.org\/tr\/hatalari-gormezden-gel\/","title":{"rendered":"Excel&#39;deki t\u00fcm hatalar nas\u0131l g\u00f6z ard\u0131 edilir?"},"content":{"rendered":"<div class=\"excel-icerikten-once\" id=\"excel-1703821396\"><script type=\"text\/javascript\">\r\n\tatOptions = {\r\n\t\t'key' : 'c1158f160081d6540a8409e6925dab94',\r\n\t\t'format' : 'iframe',\r\n\t\t'height' : 250,\r\n\t\t'width' : 300,\r\n\t\t'params' : {}\r\n\t};\r\n<\/script>\r\n<script type=\"text\/javascript\" src=\"\/\/www.highperformanceformat.com\/c1158f160081d6540a8409e6925dab94\/invoke.js\"><\/script><\/div> <p>Excel&#8217;de form\u00fclleri kullan\u0131rken ald\u0131\u011f\u0131n\u0131z hatalar\u0131 yok saymak i\u00e7in hata i\u015fleme i\u015flevini kullanabilirsiniz. Orijinal form\u00fcl\u00fcn\u00fcz\u00fc, bir hata olu\u015ftu\u011funda anlaml\u0131 bir sonu\u00e7 g\u00f6r\u00fcnt\u00fcleyen bir hata i\u015fleme i\u015fleviyle sarabilirsiniz. Bunun d\u0131\u015f\u0131nda Excel&#8217;de kar\u015f\u0131la\u015ft\u0131\u011f\u0131n\u0131z <strong>hatay\u0131 yoksay se\u00e7ene\u011fini de kullanabilirsiniz<\/strong> . <\/p><div class=\"wp-block-image\"><figure class=\"aligncenter size-full is-resized\"><img loading=\"lazy\" decoding=\"async\" class=\"wp-image-72420\" src=\"https:\/\/exceladvisor.org\/wp-content\/uploads\/2023\/08\/1-ignorer-toutes-les-erreurs.png\" sizes=\"auto, \" srcset=\"\" alt=\"t\u00fcm hatalar\u0131 yoksay\" width=\"669\" height=\"300\"><\/figure><\/div><p> Bu derste kullanabilece\u011fimiz t\u00fcm y\u00f6ntemlere bakaca\u011f\u0131z.<\/p><h2 class=\"wp-block-heading\"> Hatalar\u0131 yok saymak ve bunlar\u0131 anlaml\u0131 bir mesajla de\u011fi\u015ftirmek i\u00e7in E\u011eERHATA&#8217;y\u0131 kullan\u0131n<\/h2><p> Hatalar\u0131 ele alman\u0131n en iyi yolu E\u011eERHATA i\u015flevini kullanmakt\u0131r. Bu fonksiyonda tan\u0131mlayacak iki arg\u00fcman\u0131n\u0131z var. Birincisi, hatay\u0131 test etmeniz gereken ger\u00e7ek de\u011fer, ard\u0131ndan bir hata olu\u015fmas\u0131 durumunda almak istedi\u011finiz de\u011ferdir. <\/p><div class=\"wp-block-image\"><figure class=\"aligncenter size-full is-resized\"><img loading=\"lazy\" decoding=\"async\" class=\"wp-image-72421\" src=\"https:\/\/exceladvisor.org\/wp-content\/uploads\/2023\/08\/2-iferror-pour-ignorer-les-erreurs-de-remplacement.png\" sizes=\"auto, \" srcset=\"\" alt=\"iferror-g\u00f6z ard\u0131 edilecek-hatalar\u0131-de\u011fi\u015ftirecek\" width=\"515\" height=\"292\"><\/figure><\/div><p> A\u015fa\u011f\u0131daki \u00f6rnekte ayn\u0131 form\u00fcl\u00fc kulland\u0131\u011f\u0131m\u0131z\u0131 ancak E\u011eERHATA i\u00e7ine sard\u0131\u011f\u0131m\u0131z\u0131 ve ayarlad\u0131\u011f\u0131m\u0131z de\u011feri d\u00f6nd\u00fcrd\u00fc\u011f\u00fcn\u00fc g\u00f6rebilirsiniz. <\/p><div class=\"wp-block-image\"><figure class=\"aligncenter size-full is-resized\"><img loading=\"lazy\" decoding=\"async\" class=\"wp-image-72422\" src=\"https:\/\/exceladvisor.org\/wp-content\/uploads\/2023\/08\/3-iferror-pour-remplacer-toutes-les-erreurs.png\" sizes=\"auto, \" srcset=\"\" alt=\"t\u00fcm hatalar\u0131 de\u011fi\u015ftirecek iferror\" width=\"629\" height=\"282\"><\/figure><\/div><pre class=\"wp-block-code\"> <code class=\"language-excel-formula\" lang=\"excel-formula\">=IFERROR(1\/0,\"There's an error.\")<\/code><\/pre><h2 class=\"wp-block-heading\"> #YOK hatas\u0131n\u0131 yok sayan IFNA i\u015flevi<\/h2><p> \u00d6zellikle #YOK hatas\u0131n\u0131 g\u00f6z ard\u0131 etmek ve onu anlaml\u0131 bir mesajla de\u011fi\u015ftirmek istiyorsan\u0131z, yaln\u0131zca #YOK hatas\u0131n\u0131 i\u015fleyen IFNA i\u015flevini kullanabilirsiniz. Bu fonksiyonun ayr\u0131ca tan\u0131mlaman\u0131z gereken iki arg\u00fcman\u0131 vard\u0131r.<\/p><p> A\u015fa\u011f\u0131daki \u00f6rnekte g\u00f6rd\u00fc\u011f\u00fcn\u00fcz gibi D1 h\u00fccresinde D\u00dc\u015eEYARA fonksiyonundan kaynaklanan hatayla kar\u015f\u0131la\u015f\u0131yoruz. <\/p><div class=\"wp-block-image\"><figure class=\"aligncenter size-full is-resized\"><img loading=\"lazy\" decoding=\"async\" class=\"wp-image-72423\" src=\"https:\/\/exceladvisor.org\/wp-content\/uploads\/2023\/08\/4-ignorer-aucune-erreur.png\" sizes=\"auto, \" srcset=\"\" alt=\"yoksay-#na-hata\" width=\"417\" height=\"330\"><\/figure><\/div><p> \u015eimdi bu hatay\u0131 \u00e7\u00f6zmek i\u00e7in IFNA&#8217;y\u0131 kullanabilirsiniz ( <a href=\"https:\/\/exceladvisor.org\/tr\/iferror-gorunumu\/\">IFERROR&#8217;u D\u00dc\u015eEYARA ile<\/a> de kullanabilirsiniz, ancak biz burada IFNA&#8217;y\u0131 kullanaca\u011f\u0131z). <\/p><div class=\"wp-block-image\"><figure class=\"aligncenter size-full is-resized\"><img loading=\"lazy\" decoding=\"async\" class=\"wp-image-72424\" src=\"https:\/\/exceladvisor.org\/wp-content\/uploads\/2023\/08\/5-ifna-pour-ignorer-aucune-erreur.png\" sizes=\"auto, \" srcset=\"\" alt=\"ifna-yok say\u0131lacak-#na-hata\" width=\"586\" height=\"326\"><\/figure><\/div><pre class=\"wp-block-code\"> <code class=\"language-excel-formula\" lang=\"excel-formula\">=IFNA(VLOOKUP(\"E\",A1:B5,2,0),\"Value is available.\")<\/code><\/pre><h2 class=\"wp-block-heading\"> Se\u00e7enekler hatas\u0131n\u0131 yoksay<\/h2><p> Bir h\u00fccrede hata ald\u0131\u011f\u0131n\u0131zda Excel size o h\u00fccreyle birlikte \u201cHatay\u0131 Yoksay\u201d se\u00e7ene\u011fini kullanabilece\u011finiz bir se\u00e7enek sunar. A\u015fa\u011f\u0131daki \u00f6rnekte g\u00f6rebilece\u011finiz gibi #B\u00d6L\/0! A1 h\u00fccresinde hata. <\/p><div class=\"wp-block-image\"><figure class=\"aligncenter size-full is-resized\"><img loading=\"lazy\" decoding=\"async\" class=\"wp-image-72425\" src=\"https:\/\/exceladvisor.org\/wp-content\/uploads\/2023\/08\/6-ignorer-lerreur-des-options.png\" sizes=\"auto, \" srcset=\"\" alt=\"yoksayma se\u00e7enekleri hatas\u0131\" width=\"350\" height=\"272\"><\/figure><\/div><p> Art\u0131k A1 h\u00fccresinde sa\u011f tarafta k\u00fc\u00e7\u00fck bir simgeniz var ve bu simgeye t\u0131klad\u0131\u011f\u0131n\u0131zda size ayr\u0131ca bir se\u00e7enekler listesi sunulur. Ve bu se\u00e7enekler aras\u0131ndan \u201cHatay\u0131 yoksay\u201d se\u00e7ene\u011fini se\u00e7ebilirsiniz. <\/p><div class=\"wp-block-image\"><figure class=\"aligncenter size-full is-resized\"><img loading=\"lazy\" decoding=\"async\" class=\"wp-image-72426\" src=\"https:\/\/exceladvisor.org\/wp-content\/uploads\/2023\/08\/7-ignorer-les-options-derreur.png\" sizes=\"auto, \" srcset=\"\" alt=\"hata se\u00e7eneklerini yoksay\" width=\"340\" height=\"375\"><\/figure><\/div><p> Bu se\u00e7ene\u011fe t\u0131klad\u0131\u011f\u0131n\u0131zda Excel bu h\u00fccreyi hata h\u00fccresi olarak i\u015faretlemeyi b\u0131rak\u0131r. <\/p><div class=\"wp-block-image\"><figure class=\"aligncenter size-full is-resized\"><img loading=\"lazy\" decoding=\"async\" class=\"wp-image-72427\" src=\"https:\/\/exceladvisor.org\/wp-content\/uploads\/2023\/08\/8-erreurs-de-cellule-darret.png\" sizes=\"auto, \" srcset=\"\" alt=\"h\u00fccre \u00fcretimi durma hatas\u0131\" width=\"381\" height=\"316\"><\/figure><\/div><h2 class=\"wp-block-heading\"> Hata denetimi se\u00e7eneklerini etkinle\u015ftirme\/devre d\u0131\u015f\u0131 b\u0131rakma<\/h2><p> Bunun d\u0131\u015f\u0131nda Excel&#8217;deki hatalarla ilgilenmek ve bunlar\u0131 yok saymak i\u00e7in Excel Se\u00e7enekleri hata kontrol se\u00e7eneklerini kullanabilirsiniz. <\/p><div class=\"wp-block-image\"><figure class=\"aligncenter size-full is-resized\"><img loading=\"lazy\" decoding=\"async\" class=\"wp-image-72428\" src=\"https:\/\/exceladvisor.org\/wp-content\/uploads\/2023\/08\/9-option-de-verification-des-erreurs.png\" sizes=\"auto, \" srcset=\"\" alt=\"hata kontrol se\u00e7ene\u011fi\" width=\"409\" height=\"380\"><\/figure><\/div><p> &#8220;Hata Denetimi Se\u00e7enekleri&#8221;ne t\u0131klad\u0131\u011f\u0131n\u0131zda, hata denetimi se\u00e7eneklerini etkinle\u015ftirip devre d\u0131\u015f\u0131 b\u0131rakabilece\u011finiz Excel Se\u00e7enekleri ileti\u015fim kutusunu g\u00f6r\u00fcrs\u00fcn\u00fcz. <\/p><div class=\"wp-block-image\"><figure class=\"aligncenter size-full is-resized\"><img loading=\"lazy\" decoding=\"async\" class=\"wp-image-72429\" src=\"https:\/\/exceladvisor.org\/wp-content\/uploads\/2023\/08\/10-decochez-activer-la-verification-des-erreurs-en-arriere-plan.png\" sizes=\"auto, \" srcset=\"\" alt=\"arka planda-hata-kontrol\u00fcn\u00fc etkinle\u015ftir-etkinle\u015ftir se\u00e7ene\u011finin i\u015faretini kald\u0131r\u0131n\" width=\"718\" height=\"400\"><\/figure><\/div><p> Hata kontrol se\u00e7eneklerini devre d\u0131\u015f\u0131 b\u0131rakmak i\u00e7in bu se\u00e7eneklerden <strong>\u201cArka plan hata kontrol\u00fcn\u00fc etkinle\u015ftir\u201d se\u00e7ene\u011finin i\u015faretini kald\u0131rman\u0131z gerekir<\/strong> . Bunu yapt\u0131\u011f\u0131n\u0131z anda t\u00fcm Excel uygulamas\u0131 i\u00e7in hata denetimi devre d\u0131\u015f\u0131 b\u0131rak\u0131l\u0131r. <\/p><div class=\"gb-container gb-container-52dfcee1 gb-container-sample-file\"><h2 class=\"gb-headline gb-headline-e289c143 gb-headline-text gb-headline-4f7959c2\"> Excel dosyas\u0131n\u0131 al\u0131n<\/h2> <a class=\"gb-button gb-button-e88d6bee gb-button-text gb-button-button1\" href=\"https:\/\/exceladvisor.org\/wp-content\/uploads\/2023\/08\/ignorer-toutes-les-erreurs.xlsx\" rel=\"nofollow\">\u0130ndirmek<\/a><\/div><div class=\"gb-container gb-container-0df56012 gb-container-mt\"> <a class=\"gb-button gb-button-f9f432f4 gb-button-text gb-button-mt-button\" href=\"https:\/\/exceladvisor.org\/tr\/formuller\/\">Excel form\u00fcllerinin listesi<\/a><h2 class=\"gb-headline gb-headline-233444e8 gb-headline-text gb-headline-mt-heading\"> \u0130lgili form\u00fcller <\/h2><div class=\"gb-grid-wrapper gb-grid-wrapper-a16fa65c gb-grid-wrapper-mt-grid\"><div class=\"gb-grid-column gb-grid-column-50d07e0d\"><div class=\"gb-container gb-container-50d07e0d\"><ul><li> <a href=\"https:\/\/exceladvisor.org\/tr\/bolme-hatasi\/\">Hata #DIV\/0<\/a><\/li><li> <a href=\"https:\/\/exceladvisor.org\/tr\/dokulme-hatasi\/\">#YAYILMAK! Hata<\/a><\/li><li> <a href=\"https:\/\/exceladvisor.org\/tr\/deger-hatasi\/\">#VALUE Hata<\/a><\/li><li> <a href=\"https:\/\/exceladvisor.org\/tr\/hata-yok\/\">#YOK Excel&#8217;de Hata<\/a><\/li><li> <a href=\"https:\/\/exceladvisor.org\/tr\/referans-hatasi\/\">#REF! Excel&#8217;de hata<\/a> <\/li><\/ul><\/div><\/div><div class=\"gb-grid-column gb-grid-column-5b4a0cf9\"><div class=\"gb-container gb-container-5b4a0cf9\"><\/div><\/div><\/div><\/div>","protected":false},"excerpt":{"rendered":"","protected":false},"author":1,"featured_media":0,"parent":0,"menu_order":0,"comment_status":"open","ping_status":"closed","template":"","meta":{"ub_ctt_via":"","footnotes":""},"class_list":["post-1755","page","type-page","status-publish","hentry"],"featured_image_src":null,"yoast_head":"<!-- This site is optimized with the Yoast SEO plugin v25.4 - https:\/\/yoast.com\/wordpress\/plugins\/seo\/ -->\n<title>Excel&#039;deki t\u00fcm hatalar nas\u0131l g\u00f6z ard\u0131 edilir? (E\u011fitim 2023)<\/title>\n<meta name=\"description\" content=\"Bu derste, bir h\u00fccrede veya aral\u0131kta kullan\u0131rken ortaya \u00e7\u0131kan t\u00fcm hatalar\u0131n nas\u0131l yok say\u0131laca\u011f\u0131n\u0131 anlayaca\u011f\u0131z.\" \/>\n<meta name=\"robots\" content=\"index, follow, max-snippet:-1, max-image-preview:large, max-video-preview:-1\" \/>\n<link rel=\"canonical\" href=\"https:\/\/exceladvisor.org\/tr\/hatalari-gormezden-gel\/\" \/>\n<meta property=\"og:locale\" content=\"tr_TR\" \/>\n<meta property=\"og:type\" content=\"article\" \/>\n<meta property=\"og:title\" content=\"Excel&#039;deki t\u00fcm hatalar nas\u0131l g\u00f6z ard\u0131 edilir? (E\u011fitim 2023)\" \/>\n<meta property=\"og:description\" content=\"Bu derste, bir h\u00fccrede veya aral\u0131kta kullan\u0131rken ortaya \u00e7\u0131kan t\u00fcm hatalar\u0131n nas\u0131l yok say\u0131laca\u011f\u0131n\u0131 anlayaca\u011f\u0131z.\" \/>\n<meta property=\"og:url\" content=\"https:\/\/exceladvisor.org\/tr\/hatalari-gormezden-gel\/\" \/>\n<meta property=\"og:site_name\" content=\"Excel Advisor\" \/>\n<meta property=\"article:modified_time\" content=\"2023-12-10T06:03:43+00:00\" \/>\n<meta property=\"og:image\" content=\"https:\/\/exceladvisor.org\/wp-content\/uploads\/2023\/08\/1-ignorer-toutes-les-erreurs.png\" \/>\n<meta name=\"twitter:card\" content=\"summary_large_image\" \/>\n<meta name=\"twitter:label1\" content=\"Tahmini okuma s\u00fcresi\" \/>\n\t<meta name=\"twitter:data1\" content=\"3 dakika\" \/>\n<script type=\"application\/ld+json\" class=\"yoast-schema-graph\">{\"@context\":\"https:\/\/schema.org\",\"@graph\":[{\"@type\":\"WebPage\",\"@id\":\"https:\/\/exceladvisor.org\/tr\/hatalari-gormezden-gel\/\",\"url\":\"https:\/\/exceladvisor.org\/tr\/hatalari-gormezden-gel\/\",\"name\":\"Excel&#39;deki t\u00fcm hatalar nas\u0131l g\u00f6z ard\u0131 edilir? (E\u011fitim 2023)\",\"isPartOf\":{\"@id\":\"https:\/\/exceladvisor.org\/tr\/#website\"},\"primaryImageOfPage\":{\"@id\":\"https:\/\/exceladvisor.org\/tr\/hatalari-gormezden-gel\/#primaryimage\"},\"image\":{\"@id\":\"https:\/\/exceladvisor.org\/tr\/hatalari-gormezden-gel\/#primaryimage\"},\"thumbnailUrl\":\"https:\/\/exceladvisor.org\/wp-content\/uploads\/2023\/08\/1-ignorer-toutes-les-erreurs.png\",\"datePublished\":\"2023-11-06T23:16:52+00:00\",\"dateModified\":\"2023-12-10T06:03:43+00:00\",\"description\":\"Bu derste, bir h\u00fccrede veya aral\u0131kta kullan\u0131rken ortaya \u00e7\u0131kan t\u00fcm hatalar\u0131n nas\u0131l yok say\u0131laca\u011f\u0131n\u0131 anlayaca\u011f\u0131z.\",\"breadcrumb\":{\"@id\":\"https:\/\/exceladvisor.org\/tr\/hatalari-gormezden-gel\/#breadcrumb\"},\"inLanguage\":\"tr\",\"potentialAction\":[{\"@type\":\"ReadAction\",\"target\":[\"https:\/\/exceladvisor.org\/tr\/hatalari-gormezden-gel\/\"]}]},{\"@type\":\"ImageObject\",\"inLanguage\":\"tr\",\"@id\":\"https:\/\/exceladvisor.org\/tr\/hatalari-gormezden-gel\/#primaryimage\",\"url\":\"https:\/\/exceladvisor.org\/wp-content\/uploads\/2023\/08\/1-ignorer-toutes-les-erreurs.png\",\"contentUrl\":\"https:\/\/exceladvisor.org\/wp-content\/uploads\/2023\/08\/1-ignorer-toutes-les-erreurs.png\"},{\"@type\":\"BreadcrumbList\",\"@id\":\"https:\/\/exceladvisor.org\/tr\/hatalari-gormezden-gel\/#breadcrumb\",\"itemListElement\":[{\"@type\":\"ListItem\",\"position\":1,\"name\":\"Ev\",\"item\":\"https:\/\/exceladvisor.org\/tr\/\"},{\"@type\":\"ListItem\",\"position\":2,\"name\":\"Excel&#39;deki t\u00fcm hatalar nas\u0131l g\u00f6z ard\u0131 edilir?\"}]},{\"@type\":\"WebSite\",\"@id\":\"https:\/\/exceladvisor.org\/tr\/#website\",\"url\":\"https:\/\/exceladvisor.org\/tr\/\",\"name\":\"Excel Advisor\",\"description\":\"Veri hakimiyetine y\u00f6nelik nihai rehberiniz!\",\"publisher\":{\"@id\":\"https:\/\/exceladvisor.org\/tr\/#organization\"},\"potentialAction\":[{\"@type\":\"SearchAction\",\"target\":{\"@type\":\"EntryPoint\",\"urlTemplate\":\"https:\/\/exceladvisor.org\/tr\/?s={search_term_string}\"},\"query-input\":{\"@type\":\"PropertyValueSpecification\",\"valueRequired\":true,\"valueName\":\"search_term_string\"}}],\"inLanguage\":\"tr\"},{\"@type\":\"Organization\",\"@id\":\"https:\/\/exceladvisor.org\/tr\/#organization\",\"name\":\"Excel Advisor\",\"url\":\"https:\/\/exceladvisor.org\/tr\/\",\"logo\":{\"@type\":\"ImageObject\",\"inLanguage\":\"tr\",\"@id\":\"https:\/\/exceladvisor.org\/tr\/#\/schema\/logo\/image\/\",\"url\":\"https:\/\/exceladvisor.org\/tr\/wp-content\/uploads\/2023\/12\/exceladvisor.org_.png\",\"contentUrl\":\"https:\/\/exceladvisor.org\/tr\/wp-content\/uploads\/2023\/12\/exceladvisor.org_.png\",\"width\":105,\"height\":36,\"caption\":\"Excel Advisor\"},\"image\":{\"@id\":\"https:\/\/exceladvisor.org\/tr\/#\/schema\/logo\/image\/\"}}]}<\/script>\n<!-- \/ Yoast SEO plugin. -->","yoast_head_json":{"title":"Excel&#39;deki t\u00fcm hatalar nas\u0131l g\u00f6z ard\u0131 edilir? (E\u011fitim 2023)","description":"Bu derste, bir h\u00fccrede veya aral\u0131kta kullan\u0131rken ortaya \u00e7\u0131kan t\u00fcm hatalar\u0131n nas\u0131l yok say\u0131laca\u011f\u0131n\u0131 anlayaca\u011f\u0131z.","robots":{"index":"index","follow":"follow","max-snippet":"max-snippet:-1","max-image-preview":"max-image-preview:large","max-video-preview":"max-video-preview:-1"},"canonical":"https:\/\/exceladvisor.org\/tr\/hatalari-gormezden-gel\/","og_locale":"tr_TR","og_type":"article","og_title":"Excel&#39;deki t\u00fcm hatalar nas\u0131l g\u00f6z ard\u0131 edilir? (E\u011fitim 2023)","og_description":"Bu derste, bir h\u00fccrede veya aral\u0131kta kullan\u0131rken ortaya \u00e7\u0131kan t\u00fcm hatalar\u0131n nas\u0131l yok say\u0131laca\u011f\u0131n\u0131 anlayaca\u011f\u0131z.","og_url":"https:\/\/exceladvisor.org\/tr\/hatalari-gormezden-gel\/","og_site_name":"Excel Advisor","article_modified_time":"2023-12-10T06:03:43+00:00","og_image":[{"url":"https:\/\/exceladvisor.org\/wp-content\/uploads\/2023\/08\/1-ignorer-toutes-les-erreurs.png","type":"","width":"","height":""}],"twitter_card":"summary_large_image","twitter_misc":{"Tahmini okuma s\u00fcresi":"3 dakika"},"schema":{"@context":"https:\/\/schema.org","@graph":[{"@type":"WebPage","@id":"https:\/\/exceladvisor.org\/tr\/hatalari-gormezden-gel\/","url":"https:\/\/exceladvisor.org\/tr\/hatalari-gormezden-gel\/","name":"Excel&#39;deki t\u00fcm hatalar nas\u0131l g\u00f6z ard\u0131 edilir? (E\u011fitim 2023)","isPartOf":{"@id":"https:\/\/exceladvisor.org\/tr\/#website"},"primaryImageOfPage":{"@id":"https:\/\/exceladvisor.org\/tr\/hatalari-gormezden-gel\/#primaryimage"},"image":{"@id":"https:\/\/exceladvisor.org\/tr\/hatalari-gormezden-gel\/#primaryimage"},"thumbnailUrl":"https:\/\/exceladvisor.org\/wp-content\/uploads\/2023\/08\/1-ignorer-toutes-les-erreurs.png","datePublished":"2023-11-06T23:16:52+00:00","dateModified":"2023-12-10T06:03:43+00:00","description":"Bu derste, bir h\u00fccrede veya aral\u0131kta kullan\u0131rken ortaya \u00e7\u0131kan t\u00fcm hatalar\u0131n nas\u0131l yok say\u0131laca\u011f\u0131n\u0131 anlayaca\u011f\u0131z.","breadcrumb":{"@id":"https:\/\/exceladvisor.org\/tr\/hatalari-gormezden-gel\/#breadcrumb"},"inLanguage":"tr","potentialAction":[{"@type":"ReadAction","target":["https:\/\/exceladvisor.org\/tr\/hatalari-gormezden-gel\/"]}]},{"@type":"ImageObject","inLanguage":"tr","@id":"https:\/\/exceladvisor.org\/tr\/hatalari-gormezden-gel\/#primaryimage","url":"https:\/\/exceladvisor.org\/wp-content\/uploads\/2023\/08\/1-ignorer-toutes-les-erreurs.png","contentUrl":"https:\/\/exceladvisor.org\/wp-content\/uploads\/2023\/08\/1-ignorer-toutes-les-erreurs.png"},{"@type":"BreadcrumbList","@id":"https:\/\/exceladvisor.org\/tr\/hatalari-gormezden-gel\/#breadcrumb","itemListElement":[{"@type":"ListItem","position":1,"name":"Ev","item":"https:\/\/exceladvisor.org\/tr\/"},{"@type":"ListItem","position":2,"name":"Excel&#39;deki t\u00fcm hatalar nas\u0131l g\u00f6z ard\u0131 edilir?"}]},{"@type":"WebSite","@id":"https:\/\/exceladvisor.org\/tr\/#website","url":"https:\/\/exceladvisor.org\/tr\/","name":"Excel Advisor","description":"Veri hakimiyetine y\u00f6nelik nihai rehberiniz!","publisher":{"@id":"https:\/\/exceladvisor.org\/tr\/#organization"},"potentialAction":[{"@type":"SearchAction","target":{"@type":"EntryPoint","urlTemplate":"https:\/\/exceladvisor.org\/tr\/?s={search_term_string}"},"query-input":{"@type":"PropertyValueSpecification","valueRequired":true,"valueName":"search_term_string"}}],"inLanguage":"tr"},{"@type":"Organization","@id":"https:\/\/exceladvisor.org\/tr\/#organization","name":"Excel Advisor","url":"https:\/\/exceladvisor.org\/tr\/","logo":{"@type":"ImageObject","inLanguage":"tr","@id":"https:\/\/exceladvisor.org\/tr\/#\/schema\/logo\/image\/","url":"https:\/\/exceladvisor.org\/tr\/wp-content\/uploads\/2023\/12\/exceladvisor.org_.png","contentUrl":"https:\/\/exceladvisor.org\/tr\/wp-content\/uploads\/2023\/12\/exceladvisor.org_.png","width":105,"height":36,"caption":"Excel Advisor"},"image":{"@id":"https:\/\/exceladvisor.org\/tr\/#\/schema\/logo\/image\/"}}]}},"yoast_meta":{"yoast_wpseo_title":"","yoast_wpseo_metadesc":"","yoast_wpseo_canonical":""},"_links":{"self":[{"href":"https:\/\/exceladvisor.org\/tr\/wp-json\/wp\/v2\/pages\/1755","targetHints":{"allow":["GET"]}}],"collection":[{"href":"https:\/\/exceladvisor.org\/tr\/wp-json\/wp\/v2\/pages"}],"about":[{"href":"https:\/\/exceladvisor.org\/tr\/wp-json\/wp\/v2\/types\/page"}],"author":[{"embeddable":true,"href":"https:\/\/exceladvisor.org\/tr\/wp-json\/wp\/v2\/users\/1"}],"replies":[{"embeddable":true,"href":"https:\/\/exceladvisor.org\/tr\/wp-json\/wp\/v2\/comments?post=1755"}],"version-history":[{"count":1,"href":"https:\/\/exceladvisor.org\/tr\/wp-json\/wp\/v2\/pages\/1755\/revisions"}],"predecessor-version":[{"id":2670,"href":"https:\/\/exceladvisor.org\/tr\/wp-json\/wp\/v2\/pages\/1755\/revisions\/2670"}],"wp:attachment":[{"href":"https:\/\/exceladvisor.org\/tr\/wp-json\/wp\/v2\/media?parent=1755"}],"curies":[{"name":"wp","href":"https:\/\/api.w.org\/{rel}","templated":true}]}}