{"id":1758,"date":"2023-11-06T18:01:27","date_gmt":"2023-11-06T18:01:27","guid":{"rendered":"https:\/\/exceladvisor.org\/tr\/hucre-metin-iceriyor\/"},"modified":"2023-12-10T06:00:19","modified_gmt":"2023-12-10T06:00:19","slug":"hucre-metin-iceriyor","status":"publish","type":"page","link":"https:\/\/exceladvisor.org\/tr\/hucre-metin-iceriyor\/","title":{"rendered":"Excel&#39;de belirli bir metin nas\u0131l vurgulan\u0131r?"},"content":{"rendered":"<div class=\"excel-icerikten-once\" id=\"excel-1691896259\"><script type=\"text\/javascript\">\r\n\tatOptions = {\r\n\t\t'key' : 'c1158f160081d6540a8409e6925dab94',\r\n\t\t'format' : 'iframe',\r\n\t\t'height' : 250,\r\n\t\t'width' : 300,\r\n\t\t'params' : {}\r\n\t};\r\n<\/script>\r\n<script type=\"text\/javascript\" src=\"\/\/www.highperformanceformat.com\/c1158f160081d6540a8409e6925dab94\/invoke.js\"><\/script><\/div> <p>Excel&#8217;de, t\u0131pk\u0131 form\u00fcllerde oldu\u011fu gibi, belirli bir metin i\u00e7eriyorsa bir h\u00fccreyi vurgulamak i\u00e7in ko\u015fullu bi\u00e7imlendirmeyi kullanabilirsiniz. Bunu yapman\u0131n iki yolu vard\u0131r:<\/p><ul><li> \u00d6nceden tan\u0131mlanm\u0131\u015f se\u00e7enek<\/li><li> Ki\u015fiselle\u015ftirilmi\u015f form\u00fcl<\/li><\/ul><p> Ve bu derste her iki y\u00f6ntemi de \u00f6\u011frenece\u011fiz.<\/p><h2 class=\"wp-block-heading\"> Metin i\u00e7eren h\u00fccreler<\/h2><ol><li> Ko\u015fullu bi\u00e7imlendirmeyi uygulamak istedi\u011finiz aral\u0131\u011f\u0131 se\u00e7in. <br><img loading=\"lazy\" decoding=\"async\" class=\"alignnone  wp-image-11894\" src=\"https:\/\/exceladvisor.org\/wp-content\/uploads\/2023\/11\/cellules-contenant-un-textes.jpg\" alt=\"metin i\u00e7eren h\u00fccreler\" width=\"245\" height=\"231\"><\/li><li> Daha sonra Giri\u015f sekmesi &gt; Ko\u015fullu Bi\u00e7imlendirme &gt; H\u00fccre Vurgulama Kural\u0131 &gt; \u0130\u00e7eren Metin&#8217;e gidin. <br><img loading=\"lazy\" decoding=\"async\" title=\"2-i\u00e7erdi\u011fi-h\u00fccre-kural\u0131n\u0131-metnini vurgulay\u0131n\" src=\"https:\/\/exceladvisor.org\/wp-content\/uploads\/2023\/08\/2-mettez-en-surbrillance-le-texte-de-la-regle-de-cellule-qui-contient.png\" sizes=\"auto, \" srcset=\"\" alt=\"2-highlight-cell-rule-text-that-contains\" width=\"507\" height=\"431\"><\/li><li> Ard\u0131ndan ileti\u015fim kutusunda, verilerde aramak istedi\u011finiz metni girin ve kar\u015f\u0131l\u0131k gelen h\u00fccrelere uygulamak istedi\u011finiz bi\u00e7imlendirmeyi se\u00e7in.<\/li><li> Sonunda ko\u015fullu bi\u00e7imlendirmeyi uygulamak i\u00e7in Tamam&#8217;\u0131 t\u0131klay\u0131n.<\/li><\/ol><p> Tamam&#8217;\u0131 t\u0131klad\u0131\u011f\u0131n\u0131zda, &#8220;Veri&#8221; metnini i\u00e7eren t\u00fcm h\u00fccreler vurgulanacakt\u0131r.<\/p><h2 class=\"wp-block-heading\"> \u00d6zel bir form\u00fcl kullanarak metin i\u00e7eren h\u00fccreleri vurgulay\u0131n<\/h2><p> Ayn\u0131 bi\u00e7imlendirme \u00f6zel bir form\u00fcl kullan\u0131larak da yap\u0131labilir ve bu y\u00f6ntemin bir avantaj\u0131 vard\u0131r.<\/p><p> Verilerde aramak istedi\u011finiz metin i\u00e7in bir h\u00fccre belirtebilirsiniz. Bu onu dinamik bir y\u00f6ntem haline getirir; d\u00fczenlemek i\u00e7in ko\u015fullu bi\u00e7imlendirme se\u00e7ene\u011fini a\u00e7man\u0131za gerek yoktur.<\/p><ol><li> Verileri se\u00e7in ve Giri\u015f sekmesi &gt; Ko\u015fullu Bi\u00e7imlendirme &gt; Yeni Kural&#8217;a gidin. <br><img loading=\"lazy\" decoding=\"async\" title=\"5-aral\u0131k-yeni-kural se\u00e7in\" src=\"https:\/\/exceladvisor.org\/wp-content\/uploads\/2023\/08\/5-selectionner-une-nouvelle-regle-de-plage.png\" sizes=\"auto, \" srcset=\"\" alt=\"5-select-range-new-rule\" width=\"351\" height=\"436\"><\/li><li> Yeni kural ileti\u015fim kutusunda, &#8220;Hangi h\u00fccrenin bi\u00e7imlendirilece\u011fini belirlemek i\u00e7in form\u00fcl\u00fc kullan&#8221; se\u00e7ene\u011fini t\u0131klay\u0131n ve form\u00fcl giri\u015f \u00e7ubu\u011funa bu form\u00fcl\u00fc girin =AND($C$1&lt;&gt; \u00bb&#8221;,SEARCH($C $1,A1) &gt;0) <br><img loading=\"lazy\" decoding=\"async\" title=\"6-form\u00fcl\u00fc belirlemek ve girmek i\u00e7in bir form\u00fcl se\u00e7in\" src=\"https:\/\/exceladvisor.org\/wp-content\/uploads\/2023\/08\/6-choisir-utiliser-une-formule-pour-determiner-et-entrer-la-formule.png\" sizes=\"auto, \" srcset=\"\" alt=\"6-choose-use-a-formula-to-determine-and-enter-formula\" width=\"540\" height=\"390\"><\/li><li> Daha sonra, ilgili h\u00fccrelere uygulamak istedi\u011finiz format\u0131 belirtmek i\u00e7in \u201cBi\u00e7imlendir\u2026\u201d se\u00e7ene\u011fini t\u0131klay\u0131n. <br><img loading=\"lazy\" decoding=\"async\" title=\"Format\u0131 uygulamak i\u00e7in 7 t\u0131klamayla formatlay\u0131n\" src=\"https:\/\/exceladvisor.org\/wp-content\/uploads\/2023\/08\/Format-en-7-clics-pour-appliquer-le-format.png\" sizes=\"auto, \" srcset=\"\" alt=\"7-click-format-to-apply-format\" width=\"554\" height=\"203\"><\/li><li> Sonunda ileti\u015fim kutusunda Tamam&#8217;\u0131 t\u0131klay\u0131n ve ard\u0131ndan bi\u00e7imlendirmeyi uygulamak i\u00e7in tekrar Tamam&#8217;\u0131 t\u0131klay\u0131n.<\/li><\/ol><p> A1 h\u00fccresindeki metni d\u00fczenledi\u011finizde verilerdeki ko\u015fullu bi\u00e7imlendirme de\u011fi\u015fir.<\/p><p> Kulland\u0131\u011f\u0131m\u0131z form\u00fcl iki ko\u015fulu metinler:<\/p><ul><li> C1 h\u00fccresinin bo\u015f olup olmad\u0131\u011f\u0131.<\/li><li> Belirtilen metin verilerde var m\u0131, yok mu?<\/li><\/ul><p> Her iki ko\u015ful da do\u011fru oldu\u011funda bu metni i\u00e7eren h\u00fccreler vurgulan\u0131r. <\/p><div class=\"gb-container gb-container-52dfcee1 gb-container-sample-file\"><h2 class=\"gb-headline gb-headline-e289c143 gb-headline-text gb-headline-4f7959c2\"> Excel dosyas\u0131n\u0131 al\u0131n<\/h2><p> <a class=\"gb-button gb-button-e88d6bee gb-button-text gb-button-button1\" href=\"https:\/\/exceladvisor.org\/wp-content\/uploads\/2023\/11\/mise-en-forme-conditionnelle-de-texte-specifique.xlsx\" rel=\"nofollow\">\u0130ndirmek<\/a><\/p><\/div><div class=\"gb-container gb-container-6076ba72 gb-container-mt\"> <a class=\"gb-button gb-button-76e6a499 gb-button-text gb-button-mt-button\" href=\"https:\/\/exceladvisor.org\/tr\/excelin-temelleri\/\">Excel&#8217;in temellerini \u00f6\u011frenin<\/a><h2 class=\"gb-headline gb-headline-a9e9e206 gb-headline-text gb-headline-mt-heading\"> <a href=\"https:\/\/exceladvisor.org\/tr\/kosullu-bicimlendirme\/\">Ko\u015fullu bi\u00e7imlendirme<\/a> hakk\u0131nda daha fazla bilgi edinin <\/h2><div class=\"gb-grid-wrapper gb-grid-wrapper-790317cb gb-grid-wrapper-mt-grid\"><div class=\"gb-grid-column gb-grid-column-a9845ede\"><div class=\"gb-container gb-container-a9845ede\"><ul><li> <a href=\"https:\/\/exceladvisor.org\/tr\/kosullu-bicimlendirmeyi-uygula\/\">Pivot tabloya ko\u015fullu bi\u00e7imlendirme uygulama<\/a><\/li><li> <a href=\"https:\/\/exceladvisor.org\/tr\/geri-cekilmek\/\">Ko\u015fullu Bi\u00e7imlendirmeyi Kald\u0131r<\/a><\/li><li> <a href=\"https:\/\/exceladvisor.org\/tr\/bos-hucreler\/\">Excel&#8217;de Bo\u015f H\u00fccrelere Ko\u015fullu Bi\u00e7imlendirme Uygulay\u0131n<\/a> <\/li><\/ul><\/div><\/div><div class=\"gb-grid-column gb-grid-column-ec8ff319\"><div class=\"gb-container gb-container-ec8ff319\"><ul><li> <a href=\"https:\/\/exceladvisor.org\/tr\/ise-yaramiyor\/\">Ko\u015fullu bi\u00e7imlendirme Excel&#8217;de neden \u00e7al\u0131\u015fm\u0131yor?<\/a><\/li><li> <a href=\"https:\/\/exceladvisor.org\/tr\/2.-tarihe-gore\/\">Tarihe g\u00f6re ko\u015fullu bi\u00e7imlendirme uygulama<\/a><\/li><li> <a href=\"https:\/\/exceladvisor.org\/tr\/renk-olcekleri\/\">Ko\u015fullu bi\u00e7imlendirmeyi kullanarak renk \u00f6l\u00e7ekleri uygulama<\/a><\/li><\/ul><\/div><\/div><\/div><\/div>","protected":false},"excerpt":{"rendered":"","protected":false},"author":1,"featured_media":0,"parent":0,"menu_order":0,"comment_status":"open","ping_status":"closed","template":"","meta":{"ub_ctt_via":"","footnotes":""},"class_list":["post-1758","page","type-page","status-publish","hentry"],"featured_image_src":null,"yoast_head":"<!-- This site is optimized with the Yoast SEO plugin v25.4 - https:\/\/yoast.com\/wordpress\/plugins\/seo\/ -->\n<title>Excel&#039;de belirli bir metin nas\u0131l vurgulan\u0131r?<\/title>\n<meta name=\"description\" content=\"Bu e\u011fitim, belirli bir metin i\u00e7eriyorsa bir h\u00fccreyi vurgulamak i\u00e7in ko\u015fullu bi\u00e7imlendirmeyi kullanman\u0131za yard\u0131mc\u0131 olur.\" \/>\n<meta name=\"robots\" content=\"index, follow, max-snippet:-1, max-image-preview:large, max-video-preview:-1\" \/>\n<link rel=\"canonical\" href=\"https:\/\/exceladvisor.org\/tr\/hucre-metin-iceriyor\/\" \/>\n<meta property=\"og:locale\" content=\"tr_TR\" \/>\n<meta property=\"og:type\" content=\"article\" \/>\n<meta property=\"og:title\" content=\"Excel&#039;de belirli bir metin nas\u0131l vurgulan\u0131r?\" \/>\n<meta property=\"og:description\" content=\"Bu e\u011fitim, belirli bir metin i\u00e7eriyorsa bir h\u00fccreyi vurgulamak i\u00e7in ko\u015fullu bi\u00e7imlendirmeyi kullanman\u0131za yard\u0131mc\u0131 olur.\" \/>\n<meta property=\"og:url\" content=\"https:\/\/exceladvisor.org\/tr\/hucre-metin-iceriyor\/\" \/>\n<meta property=\"og:site_name\" content=\"Excel Advisor\" \/>\n<meta property=\"article:modified_time\" content=\"2023-12-10T06:00:19+00:00\" \/>\n<meta property=\"og:image\" content=\"https:\/\/exceladvisor.org\/wp-content\/uploads\/2023\/11\/cellules-contenant-un-textes.jpg\" \/>\n<meta name=\"twitter:card\" content=\"summary_large_image\" \/>\n<meta name=\"twitter:label1\" content=\"Tahmini okuma s\u00fcresi\" \/>\n\t<meta name=\"twitter:data1\" content=\"2 dakika\" \/>\n<script type=\"application\/ld+json\" class=\"yoast-schema-graph\">{\"@context\":\"https:\/\/schema.org\",\"@graph\":[{\"@type\":\"WebPage\",\"@id\":\"https:\/\/exceladvisor.org\/tr\/hucre-metin-iceriyor\/\",\"url\":\"https:\/\/exceladvisor.org\/tr\/hucre-metin-iceriyor\/\",\"name\":\"Excel&#39;de belirli bir metin nas\u0131l vurgulan\u0131r?\",\"isPartOf\":{\"@id\":\"https:\/\/exceladvisor.org\/tr\/#website\"},\"primaryImageOfPage\":{\"@id\":\"https:\/\/exceladvisor.org\/tr\/hucre-metin-iceriyor\/#primaryimage\"},\"image\":{\"@id\":\"https:\/\/exceladvisor.org\/tr\/hucre-metin-iceriyor\/#primaryimage\"},\"thumbnailUrl\":\"https:\/\/exceladvisor.org\/wp-content\/uploads\/2023\/11\/cellules-contenant-un-textes.jpg\",\"datePublished\":\"2023-11-06T18:01:27+00:00\",\"dateModified\":\"2023-12-10T06:00:19+00:00\",\"description\":\"Bu e\u011fitim, belirli bir metin i\u00e7eriyorsa bir h\u00fccreyi vurgulamak i\u00e7in ko\u015fullu bi\u00e7imlendirmeyi kullanman\u0131za yard\u0131mc\u0131 olur.\",\"breadcrumb\":{\"@id\":\"https:\/\/exceladvisor.org\/tr\/hucre-metin-iceriyor\/#breadcrumb\"},\"inLanguage\":\"tr\",\"potentialAction\":[{\"@type\":\"ReadAction\",\"target\":[\"https:\/\/exceladvisor.org\/tr\/hucre-metin-iceriyor\/\"]}]},{\"@type\":\"ImageObject\",\"inLanguage\":\"tr\",\"@id\":\"https:\/\/exceladvisor.org\/tr\/hucre-metin-iceriyor\/#primaryimage\",\"url\":\"https:\/\/exceladvisor.org\/wp-content\/uploads\/2023\/11\/cellules-contenant-un-textes.jpg\",\"contentUrl\":\"https:\/\/exceladvisor.org\/wp-content\/uploads\/2023\/11\/cellules-contenant-un-textes.jpg\"},{\"@type\":\"BreadcrumbList\",\"@id\":\"https:\/\/exceladvisor.org\/tr\/hucre-metin-iceriyor\/#breadcrumb\",\"itemListElement\":[{\"@type\":\"ListItem\",\"position\":1,\"name\":\"Ev\",\"item\":\"https:\/\/exceladvisor.org\/tr\/\"},{\"@type\":\"ListItem\",\"position\":2,\"name\":\"Excel&#39;de belirli bir metin nas\u0131l vurgulan\u0131r?\"}]},{\"@type\":\"WebSite\",\"@id\":\"https:\/\/exceladvisor.org\/tr\/#website\",\"url\":\"https:\/\/exceladvisor.org\/tr\/\",\"name\":\"Excel Advisor\",\"description\":\"Veri hakimiyetine y\u00f6nelik nihai rehberiniz!\",\"publisher\":{\"@id\":\"https:\/\/exceladvisor.org\/tr\/#organization\"},\"potentialAction\":[{\"@type\":\"SearchAction\",\"target\":{\"@type\":\"EntryPoint\",\"urlTemplate\":\"https:\/\/exceladvisor.org\/tr\/?s={search_term_string}\"},\"query-input\":{\"@type\":\"PropertyValueSpecification\",\"valueRequired\":true,\"valueName\":\"search_term_string\"}}],\"inLanguage\":\"tr\"},{\"@type\":\"Organization\",\"@id\":\"https:\/\/exceladvisor.org\/tr\/#organization\",\"name\":\"Excel Advisor\",\"url\":\"https:\/\/exceladvisor.org\/tr\/\",\"logo\":{\"@type\":\"ImageObject\",\"inLanguage\":\"tr\",\"@id\":\"https:\/\/exceladvisor.org\/tr\/#\/schema\/logo\/image\/\",\"url\":\"https:\/\/exceladvisor.org\/tr\/wp-content\/uploads\/2023\/12\/exceladvisor.org_.png\",\"contentUrl\":\"https:\/\/exceladvisor.org\/tr\/wp-content\/uploads\/2023\/12\/exceladvisor.org_.png\",\"width\":105,\"height\":36,\"caption\":\"Excel Advisor\"},\"image\":{\"@id\":\"https:\/\/exceladvisor.org\/tr\/#\/schema\/logo\/image\/\"}}]}<\/script>\n<!-- \/ Yoast SEO plugin. -->","yoast_head_json":{"title":"Excel&#39;de belirli bir metin nas\u0131l vurgulan\u0131r?","description":"Bu e\u011fitim, belirli bir metin i\u00e7eriyorsa bir h\u00fccreyi vurgulamak i\u00e7in ko\u015fullu bi\u00e7imlendirmeyi kullanman\u0131za yard\u0131mc\u0131 olur.","robots":{"index":"index","follow":"follow","max-snippet":"max-snippet:-1","max-image-preview":"max-image-preview:large","max-video-preview":"max-video-preview:-1"},"canonical":"https:\/\/exceladvisor.org\/tr\/hucre-metin-iceriyor\/","og_locale":"tr_TR","og_type":"article","og_title":"Excel&#39;de belirli bir metin nas\u0131l vurgulan\u0131r?","og_description":"Bu e\u011fitim, belirli bir metin i\u00e7eriyorsa bir h\u00fccreyi vurgulamak i\u00e7in ko\u015fullu bi\u00e7imlendirmeyi kullanman\u0131za yard\u0131mc\u0131 olur.","og_url":"https:\/\/exceladvisor.org\/tr\/hucre-metin-iceriyor\/","og_site_name":"Excel Advisor","article_modified_time":"2023-12-10T06:00:19+00:00","og_image":[{"url":"https:\/\/exceladvisor.org\/wp-content\/uploads\/2023\/11\/cellules-contenant-un-textes.jpg","type":"","width":"","height":""}],"twitter_card":"summary_large_image","twitter_misc":{"Tahmini okuma s\u00fcresi":"2 dakika"},"schema":{"@context":"https:\/\/schema.org","@graph":[{"@type":"WebPage","@id":"https:\/\/exceladvisor.org\/tr\/hucre-metin-iceriyor\/","url":"https:\/\/exceladvisor.org\/tr\/hucre-metin-iceriyor\/","name":"Excel&#39;de belirli bir metin nas\u0131l vurgulan\u0131r?","isPartOf":{"@id":"https:\/\/exceladvisor.org\/tr\/#website"},"primaryImageOfPage":{"@id":"https:\/\/exceladvisor.org\/tr\/hucre-metin-iceriyor\/#primaryimage"},"image":{"@id":"https:\/\/exceladvisor.org\/tr\/hucre-metin-iceriyor\/#primaryimage"},"thumbnailUrl":"https:\/\/exceladvisor.org\/wp-content\/uploads\/2023\/11\/cellules-contenant-un-textes.jpg","datePublished":"2023-11-06T18:01:27+00:00","dateModified":"2023-12-10T06:00:19+00:00","description":"Bu e\u011fitim, belirli bir metin i\u00e7eriyorsa bir h\u00fccreyi vurgulamak i\u00e7in ko\u015fullu bi\u00e7imlendirmeyi kullanman\u0131za yard\u0131mc\u0131 olur.","breadcrumb":{"@id":"https:\/\/exceladvisor.org\/tr\/hucre-metin-iceriyor\/#breadcrumb"},"inLanguage":"tr","potentialAction":[{"@type":"ReadAction","target":["https:\/\/exceladvisor.org\/tr\/hucre-metin-iceriyor\/"]}]},{"@type":"ImageObject","inLanguage":"tr","@id":"https:\/\/exceladvisor.org\/tr\/hucre-metin-iceriyor\/#primaryimage","url":"https:\/\/exceladvisor.org\/wp-content\/uploads\/2023\/11\/cellules-contenant-un-textes.jpg","contentUrl":"https:\/\/exceladvisor.org\/wp-content\/uploads\/2023\/11\/cellules-contenant-un-textes.jpg"},{"@type":"BreadcrumbList","@id":"https:\/\/exceladvisor.org\/tr\/hucre-metin-iceriyor\/#breadcrumb","itemListElement":[{"@type":"ListItem","position":1,"name":"Ev","item":"https:\/\/exceladvisor.org\/tr\/"},{"@type":"ListItem","position":2,"name":"Excel&#39;de belirli bir metin nas\u0131l vurgulan\u0131r?"}]},{"@type":"WebSite","@id":"https:\/\/exceladvisor.org\/tr\/#website","url":"https:\/\/exceladvisor.org\/tr\/","name":"Excel Advisor","description":"Veri hakimiyetine y\u00f6nelik nihai rehberiniz!","publisher":{"@id":"https:\/\/exceladvisor.org\/tr\/#organization"},"potentialAction":[{"@type":"SearchAction","target":{"@type":"EntryPoint","urlTemplate":"https:\/\/exceladvisor.org\/tr\/?s={search_term_string}"},"query-input":{"@type":"PropertyValueSpecification","valueRequired":true,"valueName":"search_term_string"}}],"inLanguage":"tr"},{"@type":"Organization","@id":"https:\/\/exceladvisor.org\/tr\/#organization","name":"Excel Advisor","url":"https:\/\/exceladvisor.org\/tr\/","logo":{"@type":"ImageObject","inLanguage":"tr","@id":"https:\/\/exceladvisor.org\/tr\/#\/schema\/logo\/image\/","url":"https:\/\/exceladvisor.org\/tr\/wp-content\/uploads\/2023\/12\/exceladvisor.org_.png","contentUrl":"https:\/\/exceladvisor.org\/tr\/wp-content\/uploads\/2023\/12\/exceladvisor.org_.png","width":105,"height":36,"caption":"Excel Advisor"},"image":{"@id":"https:\/\/exceladvisor.org\/tr\/#\/schema\/logo\/image\/"}}]}},"yoast_meta":{"yoast_wpseo_title":"","yoast_wpseo_metadesc":"","yoast_wpseo_canonical":""},"_links":{"self":[{"href":"https:\/\/exceladvisor.org\/tr\/wp-json\/wp\/v2\/pages\/1758","targetHints":{"allow":["GET"]}}],"collection":[{"href":"https:\/\/exceladvisor.org\/tr\/wp-json\/wp\/v2\/pages"}],"about":[{"href":"https:\/\/exceladvisor.org\/tr\/wp-json\/wp\/v2\/types\/page"}],"author":[{"embeddable":true,"href":"https:\/\/exceladvisor.org\/tr\/wp-json\/wp\/v2\/users\/1"}],"replies":[{"embeddable":true,"href":"https:\/\/exceladvisor.org\/tr\/wp-json\/wp\/v2\/comments?post=1758"}],"version-history":[{"count":1,"href":"https:\/\/exceladvisor.org\/tr\/wp-json\/wp\/v2\/pages\/1758\/revisions"}],"predecessor-version":[{"id":2397,"href":"https:\/\/exceladvisor.org\/tr\/wp-json\/wp\/v2\/pages\/1758\/revisions\/2397"}],"wp:attachment":[{"href":"https:\/\/exceladvisor.org\/tr\/wp-json\/wp\/v2\/media?parent=1758"}],"curies":[{"name":"wp","href":"https:\/\/api.w.org\/{rel}","templated":true}]}}