{"id":1759,"date":"2023-11-06T17:36:48","date_gmt":"2023-11-06T17:36:48","guid":{"rendered":"https:\/\/exceladvisor.org\/tr\/ise-yaramiyor\/"},"modified":"2023-12-10T06:04:28","modified_gmt":"2023-12-10T06:04:28","slug":"ise-yaramiyor","status":"publish","type":"page","link":"https:\/\/exceladvisor.org\/tr\/ise-yaramiyor\/","title":{"rendered":"Ko\u015fullu bi\u00e7imlendirme ne zaman \u00e7al\u0131\u015f\u0131r?"},"content":{"rendered":"<div class=\"excel-icerikten-once\" id=\"excel-3707053776\"><script type=\"text\/javascript\">\r\n\tatOptions = {\r\n\t\t'key' : 'c1158f160081d6540a8409e6925dab94',\r\n\t\t'format' : 'iframe',\r\n\t\t'height' : 250,\r\n\t\t'width' : 300,\r\n\t\t'params' : {}\r\n\t};\r\n<\/script>\r\n<script type=\"text\/javascript\" src=\"\/\/www.highperformanceformat.com\/c1158f160081d6540a8409e6925dab94\/invoke.js\"><\/script><\/div> <p>Excel&#8217;de, ko\u015fullu bi\u00e7imlendirmeyi kulland\u0131\u011f\u0131n\u0131zda, muhtemelen onu uygulars\u0131n\u0131z, ancak i\u015fe yaramaz. Bu durumda kulland\u0131\u011f\u0131n\u0131z bi\u00e7imlendirmeyle ilgili sorunlar\u0131 gidermeniz gerekir.<\/p><p> \u00d6nceden tan\u0131mlanm\u0131\u015f ko\u015fullu bi\u00e7imlendirmeyi uygularken sorunla kar\u015f\u0131la\u015fmayabilirsiniz ancak \u00f6zel form\u00fcller kullan\u0131rken bu ihtimal vard\u0131r.<\/p><h2 class=\"wp-block-heading\"> Yanl\u0131\u015f referans<\/h2><p> Form\u00fcl\u00fc kullanarak ko\u015fullu bi\u00e7imlendirme uygulad\u0131\u011f\u0131n\u0131zda yanl\u0131\u015fl\u0131kla farkl\u0131 bir h\u00fccreye ba\u015fvurabilirsiniz. A\u015fa\u011f\u0131daki \u00f6rne\u011fe bak\u0131n: Ko\u015fullu bi\u00e7imlendirme kural\u0131n\u0131 uygulamak istedi\u011fim aral\u0131k A2:A12&#8217;dir. <\/p><div class=\"wp-block-image\"><figure class=\"aligncenter size-full is-resized\"><img loading=\"lazy\" decoding=\"async\" class=\"wp-image-90934\" src=\"https:\/\/exceladvisor.org\/wp-content\/uploads\/2023\/08\/1-reference-erronee.png\" sizes=\"auto, \" srcset=\"\" alt=\"yanl\u0131\u015f referans\" width=\"674\" height=\"419\"><\/figure><\/div><p> Ve form\u00fcl A1 yerine A2 h\u00fccresine at\u0131fta bulunmal\u0131d\u0131r. Ve form\u00fclde A1&#8217;i referans ald\u0131\u011f\u0131m i\u00e7in kural yanl\u0131\u015f uyguland\u0131.<\/p><p> Ko\u015fulun, de\u011ferin 1200&#8217;den b\u00fcy\u00fck olup olmad\u0131\u011f\u0131n\u0131 test etti\u011fini ve h\u00fccrede de\u011fer 1200&#8217;den b\u00fcy\u00fck olmasa bile h\u00fccreyi vurgulad\u0131\u011f\u0131n\u0131 g\u00f6rebilirsiniz. T\u00fcm bunlar\u0131n nedeni yanl\u0131\u015f referanst\u0131r.<\/p><p> Ko\u015fullu bi\u00e7imlendirmeyle \u00e7al\u0131\u015f\u0131rken \u00e7al\u0131\u015fmamas\u0131n\u0131n ana nedenlerinden biri k\u00f6t\u00fc referanslard\u0131r.<\/p><h2 class=\"wp-block-heading\"> Ko\u015fulun sonucu DO\u011eRU veya YANLI\u015e olmal\u0131d\u0131r<\/h2><p> Ko\u015fullu bi\u00e7imlendirmede bir form\u00fcl kulland\u0131\u011f\u0131n\u0131zda o form\u00fcl\u00fcn sonucunun DO\u011eRU veya YANLI\u015e olmas\u0131 gerekir. O zaman yaln\u0131zca ko\u015fullu bi\u00e7imlendirme \u00e7al\u0131\u015facakt\u0131r. MANTIKLI OPERAT\u00d6RLER\u0130 kullan\u0131rsan\u0131z sonu\u00e7 her zaman DO\u011eRU veya YANLI\u015e olmal\u0131d\u0131r.<\/p><h2 class=\"wp-block-heading\"> Ko\u015fullu bi\u00e7imlendirmeyi kopyalay\u0131p yap\u0131\u015ft\u0131r\u0131rken<\/h2><p> Form\u00fclde mutlak referans\u0131n\u0131z varsa ve ko\u015fullu bi\u00e7imlendirmeyi kopyalay\u0131p yeni bir h\u00fccreye veya h\u00fccre aral\u0131\u011f\u0131na yap\u0131\u015ft\u0131rmaya \u00e7al\u0131\u015f\u0131rsan\u0131z, bi\u00e7im yanl\u0131\u015f Ko\u015fulla uygulanacakt\u0131r. <\/p><div class=\"wp-block-image\"><figure class=\"aligncenter size-full is-resized\"><img loading=\"lazy\" decoding=\"async\" class=\"wp-image-90935\" src=\"https:\/\/exceladvisor.org\/wp-content\/uploads\/2023\/08\/2-copier-et-coller-la-mise-en-forme-conditionnelle.png\" sizes=\"auto, \" srcset=\"\" alt=\"kopyala-yap\u0131\u015ft\u0131r-ko\u015fullu bi\u00e7imlendirme\" width=\"614\" height=\"381\"><\/figure><\/div><p> Yukar\u0131daki \u00f6rnekte referans\u0131m\u0131z mutlakt\u0131r; dolar i\u015faretlerini g\u00f6rebilirsiniz. Ve bu ko\u015fullu bi\u00e7imlendirmeyi kopyalay\u0131p yeni bir yere yap\u0131\u015ft\u0131rmaya \u00e7al\u0131\u015ft\u0131\u011f\u0131n\u0131zda, her zaman A2 h\u00fccresine ba\u015fvuruda bulunacakt\u0131r.<\/p><h2 class=\"wp-block-heading\"> Say\u0131lar metin olarak bi\u00e7imlendirildi\u011finde<\/h2><p> Kural\u0131n bir say\u0131ya ili\u015fkin ko\u015fulu denetlemesi gereken bir ko\u015fullu bi\u00e7imlendirme kural\u0131 kullan\u0131rsan\u0131z bu say\u0131lar metin bi\u00e7imine sahip olur. Bu durumda bu ko\u015fullu bi\u00e7imlendirme kural\u0131 d\u00fczg\u00fcn \u00e7al\u0131\u015fmayacakt\u0131r. <\/p><div class=\"wp-block-image\"><figure class=\"aligncenter size-full is-resized\"><img loading=\"lazy\" decoding=\"async\" class=\"wp-image-90936\" src=\"https:\/\/exceladvisor.org\/wp-content\/uploads\/2023\/08\/3-lorsque-les-nombres-sont-formates-en-tant-que-texte.png\" sizes=\"auto, \" srcset=\"\" alt=\"say\u0131lar-metin olarak-bi\u00e7imlendirildi\u011finde\" width=\"668\" height=\"494\"><\/figure><\/div><p> Yukar\u0131daki \u00f6rnekte A ve B s\u00fctunlar\u0131, 1200&#8217;den b\u00fcy\u00fck say\u0131lar\u0131 test eden ayn\u0131 ko\u015fullu bi\u00e7imlendirme kural\u0131na sahiptir. Ancak B s\u00fctununda say\u0131 metin olarak girilir ve kural bi\u00e7imi t\u00fcm say\u0131lar\u0131 vurgular.<\/p><p> Bununla kar\u015f\u0131la\u015ft\u0131r\u0131ld\u0131\u011f\u0131nda, say\u0131lar\u0131n say\u0131 olarak sakland\u0131\u011f\u0131 A s\u00fctununda ko\u015fullu bi\u00e7imlendirme iyi \u00e7al\u0131\u015f\u0131yor. <\/p><div class=\"gb-container gb-container-52dfcee1 gb-container-sample-file\"><h2 class=\"gb-headline gb-headline-e289c143 gb-headline-text gb-headline-4f7959c2\"> Excel dosyas\u0131n\u0131 al\u0131n<\/h2> <a class=\"gb-button gb-button-e88d6bee gb-button-text gb-button-button1\" href=\"https:\/\/exceladvisor.org\/wp-content\/uploads\/2023\/08\/la-mise-en-forme-conditionnelle-ne-fonctionne-pas.xlsx\" rel=\"nofollow\">\u0130ndirmek<\/a><\/div><div class=\"gb-container gb-container-6076ba72 gb-container-mt\"> <a class=\"gb-button gb-button-76e6a499 gb-button-text gb-button-mt-button\" href=\"https:\/\/exceladvisor.org\/tr\/excelin-temelleri\/\">Excel&#8217;in temellerini \u00f6\u011frenin<\/a><h2 class=\"gb-headline gb-headline-a9e9e206 gb-headline-text gb-headline-mt-heading\"> <a href=\"https:\/\/exceladvisor.org\/tr\/kosullu-bicimlendirme\/\">Ko\u015fullu bi\u00e7imlendirme<\/a> hakk\u0131nda daha fazla bilgi edinin <\/h2><div class=\"gb-grid-wrapper gb-grid-wrapper-790317cb gb-grid-wrapper-mt-grid\"><div class=\"gb-grid-column gb-grid-column-a9845ede\"><div class=\"gb-container gb-container-a9845ede\"><ul><li> <a href=\"https:\/\/exceladvisor.org\/tr\/kosullu-bicimlendirmeyi-uygula\/\">Pivot tabloya ko\u015fullu bi\u00e7imlendirme uygulama<\/a><\/li><li> <a href=\"https:\/\/exceladvisor.org\/tr\/geri-cekilmek\/\">Ko\u015fullu Bi\u00e7imlendirmeyi Kald\u0131r<\/a><\/li><li> <a href=\"https:\/\/exceladvisor.org\/tr\/bos-hucreler\/\">Excel&#8217;de Bo\u015f H\u00fccrelere Ko\u015fullu Bi\u00e7imlendirme Uygulay\u0131n<\/a><\/li><li> <a href=\"https:\/\/exceladvisor.org\/tr\/sutunlari-karsilastir\/\">Ko\u015fullu bi\u00e7imlendirmeyi kullanarak iki s\u00fctunu kar\u015f\u0131la\u015ft\u0131rma<\/a> <\/li><\/ul><\/div><\/div><div class=\"gb-grid-column gb-grid-column-ec8ff319\"><div class=\"gb-container gb-container-ec8ff319\"><\/div><\/div><\/div><\/div>","protected":false},"excerpt":{"rendered":"","protected":false},"author":1,"featured_media":0,"parent":0,"menu_order":0,"comment_status":"open","ping_status":"closed","template":"","meta":{"ub_ctt_via":"","footnotes":""},"class_list":["post-1759","page","type-page","status-publish","hentry"],"featured_image_src":null,"yoast_head":"<!-- This site is optimized with the Yoast SEO plugin v25.4 - https:\/\/yoast.com\/wordpress\/plugins\/seo\/ -->\n<title>Ko\u015fullu bi\u00e7imlendirme Excel&#039;de ne zaman \u00e7al\u0131\u015fm\u0131yor?<\/title>\n<meta name=\"description\" content=\"Bu e\u011fitim, Excel dosyan\u0131zda ko\u015fullu bi\u00e7imlendirmenin \u00e7al\u0131\u015f\u0131p \u00e7al\u0131\u015fmad\u0131\u011f\u0131n\u0131 belirlemenize yard\u0131mc\u0131 olur. Bunu kontrol edelim...\" \/>\n<meta name=\"robots\" content=\"index, follow, max-snippet:-1, max-image-preview:large, max-video-preview:-1\" \/>\n<link rel=\"canonical\" href=\"https:\/\/exceladvisor.org\/tr\/ise-yaramiyor\/\" \/>\n<meta property=\"og:locale\" content=\"tr_TR\" \/>\n<meta property=\"og:type\" content=\"article\" \/>\n<meta property=\"og:title\" content=\"Ko\u015fullu bi\u00e7imlendirme Excel&#039;de ne zaman \u00e7al\u0131\u015fm\u0131yor?\" \/>\n<meta property=\"og:description\" content=\"Bu e\u011fitim, Excel dosyan\u0131zda ko\u015fullu bi\u00e7imlendirmenin \u00e7al\u0131\u015f\u0131p \u00e7al\u0131\u015fmad\u0131\u011f\u0131n\u0131 belirlemenize yard\u0131mc\u0131 olur. Bunu kontrol edelim...\" \/>\n<meta property=\"og:url\" content=\"https:\/\/exceladvisor.org\/tr\/ise-yaramiyor\/\" \/>\n<meta property=\"og:site_name\" content=\"Excel Advisor\" \/>\n<meta property=\"article:modified_time\" content=\"2023-12-10T06:04:28+00:00\" \/>\n<meta property=\"og:image\" content=\"https:\/\/exceladvisor.org\/wp-content\/uploads\/2023\/08\/1-reference-erronee.png\" \/>\n<meta name=\"twitter:card\" content=\"summary_large_image\" \/>\n<meta name=\"twitter:label1\" content=\"Tahmini okuma s\u00fcresi\" \/>\n\t<meta name=\"twitter:data1\" content=\"2 dakika\" \/>\n<script type=\"application\/ld+json\" class=\"yoast-schema-graph\">{\"@context\":\"https:\/\/schema.org\",\"@graph\":[{\"@type\":\"WebPage\",\"@id\":\"https:\/\/exceladvisor.org\/tr\/ise-yaramiyor\/\",\"url\":\"https:\/\/exceladvisor.org\/tr\/ise-yaramiyor\/\",\"name\":\"Ko\u015fullu bi\u00e7imlendirme Excel&#39;de ne zaman \u00e7al\u0131\u015fm\u0131yor?\",\"isPartOf\":{\"@id\":\"https:\/\/exceladvisor.org\/tr\/#website\"},\"primaryImageOfPage\":{\"@id\":\"https:\/\/exceladvisor.org\/tr\/ise-yaramiyor\/#primaryimage\"},\"image\":{\"@id\":\"https:\/\/exceladvisor.org\/tr\/ise-yaramiyor\/#primaryimage\"},\"thumbnailUrl\":\"https:\/\/exceladvisor.org\/wp-content\/uploads\/2023\/08\/1-reference-erronee.png\",\"datePublished\":\"2023-11-06T17:36:48+00:00\",\"dateModified\":\"2023-12-10T06:04:28+00:00\",\"description\":\"Bu e\u011fitim, Excel dosyan\u0131zda ko\u015fullu bi\u00e7imlendirmenin \u00e7al\u0131\u015f\u0131p \u00e7al\u0131\u015fmad\u0131\u011f\u0131n\u0131 belirlemenize yard\u0131mc\u0131 olur. Bunu kontrol edelim...\",\"breadcrumb\":{\"@id\":\"https:\/\/exceladvisor.org\/tr\/ise-yaramiyor\/#breadcrumb\"},\"inLanguage\":\"tr\",\"potentialAction\":[{\"@type\":\"ReadAction\",\"target\":[\"https:\/\/exceladvisor.org\/tr\/ise-yaramiyor\/\"]}]},{\"@type\":\"ImageObject\",\"inLanguage\":\"tr\",\"@id\":\"https:\/\/exceladvisor.org\/tr\/ise-yaramiyor\/#primaryimage\",\"url\":\"https:\/\/exceladvisor.org\/wp-content\/uploads\/2023\/08\/1-reference-erronee.png\",\"contentUrl\":\"https:\/\/exceladvisor.org\/wp-content\/uploads\/2023\/08\/1-reference-erronee.png\"},{\"@type\":\"BreadcrumbList\",\"@id\":\"https:\/\/exceladvisor.org\/tr\/ise-yaramiyor\/#breadcrumb\",\"itemListElement\":[{\"@type\":\"ListItem\",\"position\":1,\"name\":\"Ev\",\"item\":\"https:\/\/exceladvisor.org\/tr\/\"},{\"@type\":\"ListItem\",\"position\":2,\"name\":\"Ko\u015fullu bi\u00e7imlendirme ne zaman \u00e7al\u0131\u015f\u0131r?\"}]},{\"@type\":\"WebSite\",\"@id\":\"https:\/\/exceladvisor.org\/tr\/#website\",\"url\":\"https:\/\/exceladvisor.org\/tr\/\",\"name\":\"Excel Advisor\",\"description\":\"Veri hakimiyetine y\u00f6nelik nihai rehberiniz!\",\"publisher\":{\"@id\":\"https:\/\/exceladvisor.org\/tr\/#organization\"},\"potentialAction\":[{\"@type\":\"SearchAction\",\"target\":{\"@type\":\"EntryPoint\",\"urlTemplate\":\"https:\/\/exceladvisor.org\/tr\/?s={search_term_string}\"},\"query-input\":{\"@type\":\"PropertyValueSpecification\",\"valueRequired\":true,\"valueName\":\"search_term_string\"}}],\"inLanguage\":\"tr\"},{\"@type\":\"Organization\",\"@id\":\"https:\/\/exceladvisor.org\/tr\/#organization\",\"name\":\"Excel Advisor\",\"url\":\"https:\/\/exceladvisor.org\/tr\/\",\"logo\":{\"@type\":\"ImageObject\",\"inLanguage\":\"tr\",\"@id\":\"https:\/\/exceladvisor.org\/tr\/#\/schema\/logo\/image\/\",\"url\":\"https:\/\/exceladvisor.org\/tr\/wp-content\/uploads\/2023\/12\/exceladvisor.org_.png\",\"contentUrl\":\"https:\/\/exceladvisor.org\/tr\/wp-content\/uploads\/2023\/12\/exceladvisor.org_.png\",\"width\":105,\"height\":36,\"caption\":\"Excel Advisor\"},\"image\":{\"@id\":\"https:\/\/exceladvisor.org\/tr\/#\/schema\/logo\/image\/\"}}]}<\/script>\n<!-- \/ Yoast SEO plugin. -->","yoast_head_json":{"title":"Ko\u015fullu bi\u00e7imlendirme Excel&#39;de ne zaman \u00e7al\u0131\u015fm\u0131yor?","description":"Bu e\u011fitim, Excel dosyan\u0131zda ko\u015fullu bi\u00e7imlendirmenin \u00e7al\u0131\u015f\u0131p \u00e7al\u0131\u015fmad\u0131\u011f\u0131n\u0131 belirlemenize yard\u0131mc\u0131 olur. Bunu kontrol edelim...","robots":{"index":"index","follow":"follow","max-snippet":"max-snippet:-1","max-image-preview":"max-image-preview:large","max-video-preview":"max-video-preview:-1"},"canonical":"https:\/\/exceladvisor.org\/tr\/ise-yaramiyor\/","og_locale":"tr_TR","og_type":"article","og_title":"Ko\u015fullu bi\u00e7imlendirme Excel&#39;de ne zaman \u00e7al\u0131\u015fm\u0131yor?","og_description":"Bu e\u011fitim, Excel dosyan\u0131zda ko\u015fullu bi\u00e7imlendirmenin \u00e7al\u0131\u015f\u0131p \u00e7al\u0131\u015fmad\u0131\u011f\u0131n\u0131 belirlemenize yard\u0131mc\u0131 olur. Bunu kontrol edelim...","og_url":"https:\/\/exceladvisor.org\/tr\/ise-yaramiyor\/","og_site_name":"Excel Advisor","article_modified_time":"2023-12-10T06:04:28+00:00","og_image":[{"url":"https:\/\/exceladvisor.org\/wp-content\/uploads\/2023\/08\/1-reference-erronee.png","type":"","width":"","height":""}],"twitter_card":"summary_large_image","twitter_misc":{"Tahmini okuma s\u00fcresi":"2 dakika"},"schema":{"@context":"https:\/\/schema.org","@graph":[{"@type":"WebPage","@id":"https:\/\/exceladvisor.org\/tr\/ise-yaramiyor\/","url":"https:\/\/exceladvisor.org\/tr\/ise-yaramiyor\/","name":"Ko\u015fullu bi\u00e7imlendirme Excel&#39;de ne zaman \u00e7al\u0131\u015fm\u0131yor?","isPartOf":{"@id":"https:\/\/exceladvisor.org\/tr\/#website"},"primaryImageOfPage":{"@id":"https:\/\/exceladvisor.org\/tr\/ise-yaramiyor\/#primaryimage"},"image":{"@id":"https:\/\/exceladvisor.org\/tr\/ise-yaramiyor\/#primaryimage"},"thumbnailUrl":"https:\/\/exceladvisor.org\/wp-content\/uploads\/2023\/08\/1-reference-erronee.png","datePublished":"2023-11-06T17:36:48+00:00","dateModified":"2023-12-10T06:04:28+00:00","description":"Bu e\u011fitim, Excel dosyan\u0131zda ko\u015fullu bi\u00e7imlendirmenin \u00e7al\u0131\u015f\u0131p \u00e7al\u0131\u015fmad\u0131\u011f\u0131n\u0131 belirlemenize yard\u0131mc\u0131 olur. Bunu kontrol edelim...","breadcrumb":{"@id":"https:\/\/exceladvisor.org\/tr\/ise-yaramiyor\/#breadcrumb"},"inLanguage":"tr","potentialAction":[{"@type":"ReadAction","target":["https:\/\/exceladvisor.org\/tr\/ise-yaramiyor\/"]}]},{"@type":"ImageObject","inLanguage":"tr","@id":"https:\/\/exceladvisor.org\/tr\/ise-yaramiyor\/#primaryimage","url":"https:\/\/exceladvisor.org\/wp-content\/uploads\/2023\/08\/1-reference-erronee.png","contentUrl":"https:\/\/exceladvisor.org\/wp-content\/uploads\/2023\/08\/1-reference-erronee.png"},{"@type":"BreadcrumbList","@id":"https:\/\/exceladvisor.org\/tr\/ise-yaramiyor\/#breadcrumb","itemListElement":[{"@type":"ListItem","position":1,"name":"Ev","item":"https:\/\/exceladvisor.org\/tr\/"},{"@type":"ListItem","position":2,"name":"Ko\u015fullu bi\u00e7imlendirme ne zaman \u00e7al\u0131\u015f\u0131r?"}]},{"@type":"WebSite","@id":"https:\/\/exceladvisor.org\/tr\/#website","url":"https:\/\/exceladvisor.org\/tr\/","name":"Excel Advisor","description":"Veri hakimiyetine y\u00f6nelik nihai rehberiniz!","publisher":{"@id":"https:\/\/exceladvisor.org\/tr\/#organization"},"potentialAction":[{"@type":"SearchAction","target":{"@type":"EntryPoint","urlTemplate":"https:\/\/exceladvisor.org\/tr\/?s={search_term_string}"},"query-input":{"@type":"PropertyValueSpecification","valueRequired":true,"valueName":"search_term_string"}}],"inLanguage":"tr"},{"@type":"Organization","@id":"https:\/\/exceladvisor.org\/tr\/#organization","name":"Excel Advisor","url":"https:\/\/exceladvisor.org\/tr\/","logo":{"@type":"ImageObject","inLanguage":"tr","@id":"https:\/\/exceladvisor.org\/tr\/#\/schema\/logo\/image\/","url":"https:\/\/exceladvisor.org\/tr\/wp-content\/uploads\/2023\/12\/exceladvisor.org_.png","contentUrl":"https:\/\/exceladvisor.org\/tr\/wp-content\/uploads\/2023\/12\/exceladvisor.org_.png","width":105,"height":36,"caption":"Excel Advisor"},"image":{"@id":"https:\/\/exceladvisor.org\/tr\/#\/schema\/logo\/image\/"}}]}},"yoast_meta":{"yoast_wpseo_title":"","yoast_wpseo_metadesc":"","yoast_wpseo_canonical":""},"_links":{"self":[{"href":"https:\/\/exceladvisor.org\/tr\/wp-json\/wp\/v2\/pages\/1759","targetHints":{"allow":["GET"]}}],"collection":[{"href":"https:\/\/exceladvisor.org\/tr\/wp-json\/wp\/v2\/pages"}],"about":[{"href":"https:\/\/exceladvisor.org\/tr\/wp-json\/wp\/v2\/types\/page"}],"author":[{"embeddable":true,"href":"https:\/\/exceladvisor.org\/tr\/wp-json\/wp\/v2\/users\/1"}],"replies":[{"embeddable":true,"href":"https:\/\/exceladvisor.org\/tr\/wp-json\/wp\/v2\/comments?post=1759"}],"version-history":[{"count":1,"href":"https:\/\/exceladvisor.org\/tr\/wp-json\/wp\/v2\/pages\/1759\/revisions"}],"predecessor-version":[{"id":2729,"href":"https:\/\/exceladvisor.org\/tr\/wp-json\/wp\/v2\/pages\/1759\/revisions\/2729"}],"wp:attachment":[{"href":"https:\/\/exceladvisor.org\/tr\/wp-json\/wp\/v2\/media?parent=1759"}],"curies":[{"name":"wp","href":"https:\/\/api.w.org\/{rel}","templated":true}]}}